{"id":22246,"date":"2024-01-09T14:55:28","date_gmt":"2024-01-09T19:55:28","guid":{"rendered":"https:\/\/newyorkhipknee.com\/rehabilitacion-pre-y-postoperatoria-incluyendo-artroplastia-de-cadera-y-fracturas-de-cadera\/"},"modified":"2024-01-30T11:15:22","modified_gmt":"2024-01-30T16:15:22","slug":"rehabilitacion-pre-y-postoperatoria-incluyendo-artroplastia-de-cadera-y-fracturas-de-cadera","status":"publish","type":"page","link":"https:\/\/www.newyorkhipknee.com\/es\/indemnizacion-por-accidente-laboral\/directrices-de-tratamiento-medico-mtg\/trastornos-de-cadera-e-ingle\/rehabilitacion-pre-y-postoperatoria-incluyendo-artroplastia-de-cadera-y-fracturas-de-cadera\/","title":{"rendered":"Pautas de tratamiento m\u00e9dico del estado de Nueva York para la rehabilitaci\u00f3n pre y postoperatoria, incluidas la artroplastia de cadera y las fracturas de cadera en pacientes con indemnizaci\u00f3n por accidentes laborales"},"content":{"rendered":"<p>Las directrices esbozadas por la Junta de Indemnizaci\u00f3n por Accidentes de Trabajo del Estado de Nueva York pretenden ayudar a los profesionales sanitarios en la rehabilitaci\u00f3n pre y postoperatoria, abarcando procedimientos como la artroplastia de cadera y el tratamiento de las fracturas de cadera. Estas directrices pretenden ayudar a los m\u00e9dicos y profesionales sanitarios a determinar los enfoques de rehabilitaci\u00f3n adecuados para las personas sometidas a cirug\u00edas relacionadas con la cadera.<\/p>\n<p>Los profesionales sanitarios especializados en la rehabilitaci\u00f3n pre y postoperatoria, especialmente en el contexto de la artroplastia de cadera y las fracturas de cadera, pueden confiar en la orientaci\u00f3n proporcionada por la Junta de Indemnizaci\u00f3n por Accidentes de Trabajo para tomar decisiones bien informadas en relaci\u00f3n con los planes de rehabilitaci\u00f3n m\u00e1s adecuados para sus pacientes.<\/p>\n<p>Es fundamental subrayar que estas directrices no pretenden sustituir al juicio cl\u00ednico ni a la experiencia profesional. La decisi\u00f3n final sobre la rehabilitaci\u00f3n debe ser fruto de la colaboraci\u00f3n entre el paciente y su profesional sanitario.<\/p>\n<h2>Rehabilitaci\u00f3n pre y postoperatoria, incluyendo artroplastia de cadera y fracturas de cadera<\/h2>\n<p>Aunque puede haber cierto solapamiento en las caracter\u00edsticas y los requisitos de los pacientes <a href=\"https:\/\/newyorkhipknee.com\/hip-avascular-necrosis\/tha\/\" target=\"_blank\" rel=\"noopener\">con artroplastia<\/a>, es probable que la movilizaci\u00f3n y los ejercicios posteriores a la fractura de cadera difieran en cierta medida. Estos aspectos se tratar\u00e1n por separado m\u00e1s adelante.<\/p>\n<p>&nbsp;<\/p>\n<h3>Tratamientos<\/h3>\n<h4>Rehabilitaci\u00f3n<\/h4>\n<p>La rehabilitaci\u00f3n de las lesiones relacionadas con el trabajo debe centrarse en restablecer las capacidades funcionales necesarias para que la persona pueda realizar sus actividades cotidianas y laborales, con el objetivo de volver al trabajo y esforz\u00e1ndose por devolver al trabajador lesionado a su estado anterior a la lesi\u00f3n en la medida de lo posible.<\/p>\n<p>La terapia activa implica el esfuerzo interno del paciente para completar ejercicios o tareas espec\u00edficas, mientras que la terapia pasiva se basa en intervenciones administradas por un terapeuta sin que el paciente realice ning\u00fan esfuerzo.<\/p>\n<p>En general, las intervenciones pasivas se consideran un medio para apoyar el progreso en un programa de terapia activa, que conduce a ganancias funcionales objetivas. Es importante dar prioridad a las intervenciones activas frente a las pasivas. Se aconseja a los pacientes que contin\u00faen con las terapias activas y pasivas en casa como prolongaci\u00f3n del proceso de tratamiento para mantener los niveles de mejora.<\/p>\n<p>La incorporaci\u00f3n de dispositivos de asistencia al plan de rehabilitaci\u00f3n puede considerarse una medida complementaria para facilitar las ganancias funcionales.<\/p>\n<p>&nbsp;<\/p>\n<h4>Programa de rehabilitaci\u00f3n y ejercicio postoperatorio<\/h4>\n<p>Sugerencia &#8211; Implemente un programa de ejercicio y rehabilitaci\u00f3n postoperatorio dise\u00f1ado espec\u00edficamente para pacientes con<a href=\"https:\/\/newyorkhipknee.com\/workers-comp\/mtg\/hip-and-groin-disorders\/hip-fractures\/\" target=\"_blank\" rel=\"noopener\"> fractura de cadera<\/a>.<\/p>\n<p>Indicaciones: Esta recomendaci\u00f3n se aplica a todos los pacientes con fractura de cadera. Los programas deben adaptarse a cada individuo, teniendo en cuenta factores como el estado preoperatorio, la calidad \u00f3sea, los resultados quir\u00fargicos inmediatos, las contraindicaciones y otras afecciones m\u00e9dicas.<\/p>\n<p>Frecuencia\/dosis\/duraci\u00f3n: El n\u00famero total de visitas puede oscilar entre un m\u00ednimo de dos o tres para pacientes con d\u00e9ficits funcionales leves y un m\u00e1ximo de 12 a 15 para aquellos con d\u00e9ficits m\u00e1s graves, siempre que se documente una mejora funcional objetiva continuada. Si persisten los d\u00e9ficits funcionales, pueden estar justificadas m\u00e1s de 12 a 15 visitas, sobre todo si se documenta una mejor\u00eda hacia objetivos funcionales espec\u00edficos (por ejemplo, amplitud de movimiento, aumento de la capacidad para realizar actividades laborales). Como parte del plan de rehabilitaci\u00f3n, debe desarrollarse un programa de ejercicios en casa y realizarlo junto con la terapia.<\/p>\n","protected":false},"excerpt":{"rendered":"<p>Las directrices esbozadas por la Junta de Indemnizaci\u00f3n por Accidentes de Trabajo del Estado de Nueva York pretenden ayudar a los profesionales sanitarios en la rehabilitaci\u00f3n pre y postoperatoria, abarcando procedimientos como la artroplastia de cadera y el tratamiento de las fracturas de cadera. Estas directrices pretenden ayudar a los m\u00e9dicos y profesionales sanitarios a [&hellip;]<\/p>\n","protected":false},"author":33,"featured_media":0,"parent":22268,"menu_order":0,"comment_status":"closed","ping_status":"closed","template":"","meta":{"_et_pb_use_builder":"","_et_pb_old_content":"","_et_gb_content_width":"","footnotes":""},"class_list":["post-22246","page","type-page","status-publish","hentry"],"yoast_head":"<!-- This site is optimized with the Yoast SEO plugin v27.2 - https:\/\/yoast.com\/product\/yoast-seo-wordpress\/ -->\n<title>Pautas de tratamiento m\u00e9dico del estado de Nueva York para la rehabilitaci\u00f3n pre y postoperatoria, incluidas la artroplastia de cadera y las fracturas de cadera en pacientes con indemnizaci\u00f3n por accidentes laborales | Best Hip &amp; Knee Surgeon | NY, USA<\/title>\n<meta name=\"description\" content=\"Las directrices esbozadas por la Junta de Indemnizaci\u00f3n por Accidentes de Trabajo del Estado de Nueva York pretenden ayudar a los profesionales sanitarios\" \/>\n<meta name=\"robots\" content=\"index, follow, max-snippet:-1, max-image-preview:large, max-video-preview:-1\" \/>\n<link rel=\"canonical\" href=\"https:\/\/www.newyorkhipknee.com\/es\/indemnizacion-por-accidente-laboral\/directrices-de-tratamiento-medico-mtg\/trastornos-de-cadera-e-ingle\/rehabilitacion-pre-y-postoperatoria-incluyendo-artroplastia-de-cadera-y-fracturas-de-cadera\/\" \/>\n<meta property=\"og:locale\" content=\"es_ES\" \/>\n<meta property=\"og:type\" content=\"article\" \/>\n<meta property=\"og:title\" content=\"Pautas de tratamiento m\u00e9dico del estado de Nueva York para la rehabilitaci\u00f3n pre y postoperatoria, incluidas la artroplastia de cadera y las fracturas de cadera en pacientes con indemnizaci\u00f3n por accidentes laborales | Best Hip &amp; Knee Surgeon | NY, USA\" \/>\n<meta property=\"og:description\" content=\"Las directrices esbozadas por la Junta de Indemnizaci\u00f3n por Accidentes de Trabajo del Estado de Nueva York pretenden ayudar a los profesionales sanitarios\" \/>\n<meta property=\"og:url\" content=\"https:\/\/www.newyorkhipknee.com\/es\/indemnizacion-por-accidente-laboral\/directrices-de-tratamiento-medico-mtg\/trastornos-de-cadera-e-ingle\/rehabilitacion-pre-y-postoperatoria-incluyendo-artroplastia-de-cadera-y-fracturas-de-cadera\/\" \/>\n<meta property=\"og:site_name\" content=\"Best Hip &amp; Knee Surgeon | NY, USA\" \/>\n<meta property=\"article:modified_time\" content=\"2024-01-30T16:15:22+00:00\" \/>\n<meta name=\"twitter:card\" content=\"summary_large_image\" \/>\n<meta name=\"twitter:label1\" content=\"Tiempo de lectura\" \/>\n\t<meta name=\"twitter:data1\" content=\"3 minutos\" \/>\n<script type=\"application\/ld+json\" class=\"yoast-schema-graph\">{\"@context\":\"https:\/\/schema.org\",\"@graph\":[{\"@type\":[\"WebPage\",\"MedicalWebPage\"],\"@id\":\"https:\/\/www.newyorkhipknee.com\/es\/indemnizacion-por-accidente-laboral\/directrices-de-tratamiento-medico-mtg\/trastornos-de-cadera-e-ingle\/rehabilitacion-pre-y-postoperatoria-incluyendo-artroplastia-de-cadera-y-fracturas-de-cadera\/\",\"url\":\"https:\/\/www.newyorkhipknee.com\/es\/indemnizacion-por-accidente-laboral\/directrices-de-tratamiento-medico-mtg\/trastornos-de-cadera-e-ingle\/rehabilitacion-pre-y-postoperatoria-incluyendo-artroplastia-de-cadera-y-fracturas-de-cadera\/\",\"name\":\"Pautas de tratamiento m\u00e9dico del estado de Nueva York para la rehabilitaci\u00f3n pre y postoperatoria, incluidas la artroplastia de cadera y las fracturas de cadera en pacientes con indemnizaci\u00f3n por accidentes laborales | Best Hip &amp; Knee Surgeon | NY, USA\",\"isPartOf\":{\"@id\":\"https:\/\/www.newyorkhipknee.com\/es\/#website\"},\"datePublished\":\"2024-01-09T19:55:28+00:00\",\"dateModified\":\"2024-01-30T16:15:22+00:00\",\"description\":\"Las directrices esbozadas por la Junta de Indemnizaci\u00f3n por Accidentes de Trabajo del Estado de Nueva York pretenden ayudar a los profesionales sanitarios\",\"breadcrumb\":{\"@id\":\"https:\/\/www.newyorkhipknee.com\/es\/indemnizacion-por-accidente-laboral\/directrices-de-tratamiento-medico-mtg\/trastornos-de-cadera-e-ingle\/rehabilitacion-pre-y-postoperatoria-incluyendo-artroplastia-de-cadera-y-fracturas-de-cadera\/#breadcrumb\"},\"inLanguage\":\"es\",\"potentialAction\":[{\"@type\":\"ReadAction\",\"target\":[\"https:\/\/www.newyorkhipknee.com\/es\/indemnizacion-por-accidente-laboral\/directrices-de-tratamiento-medico-mtg\/trastornos-de-cadera-e-ingle\/rehabilitacion-pre-y-postoperatoria-incluyendo-artroplastia-de-cadera-y-fracturas-de-cadera\/\"]}]},{\"@type\":\"BreadcrumbList\",\"@id\":\"https:\/\/www.newyorkhipknee.com\/es\/indemnizacion-por-accidente-laboral\/directrices-de-tratamiento-medico-mtg\/trastornos-de-cadera-e-ingle\/rehabilitacion-pre-y-postoperatoria-incluyendo-artroplastia-de-cadera-y-fracturas-de-cadera\/#breadcrumb\",\"itemListElement\":[{\"@type\":\"ListItem\",\"position\":1,\"name\":\"Home\",\"item\":\"https:\/\/www.newyorkhipknee.com\/es\/\"},{\"@type\":\"ListItem\",\"position\":2,\"name\":\"Indemnizaci\u00f3n por accidente laboral\",\"item\":\"https:\/\/www.newyorkhipknee.com\/es\/indemnizacion-por-accidente-laboral\/\"},{\"@type\":\"ListItem\",\"position\":3,\"name\":\"Directrices de tratamiento m\u00e9dico (MTG)\",\"item\":\"https:\/\/www.newyorkhipknee.com\/es\/indemnizacion-por-accidente-laboral\/directrices-de-tratamiento-medico-mtg\/\"},{\"@type\":\"ListItem\",\"position\":4,\"name\":\"Pautas de tratamiento m\u00e9dico del Estado de Nueva York para los trastornos de cadera e ingle en pacientes con indemnizaci\u00f3n por accidente laboral\",\"item\":\"https:\/\/www.newyorkhipknee.com\/es\/indemnizacion-por-accidente-laboral\/directrices-de-tratamiento-medico-mtg\/trastornos-de-cadera-e-ingle\/\"},{\"@type\":\"ListItem\",\"position\":5,\"name\":\"Pautas de tratamiento m\u00e9dico del estado de Nueva York para la rehabilitaci\u00f3n pre y postoperatoria, incluidas la artroplastia de cadera y las fracturas de cadera en pacientes con indemnizaci\u00f3n por accidentes laborales\"}]},{\"@type\":\"WebSite\",\"@id\":\"https:\/\/www.newyorkhipknee.com\/es\/#website\",\"url\":\"https:\/\/www.newyorkhipknee.com\/es\/\",\"name\":\"Best Hip & Knee Surgeon | NY, USA\",\"description\":\"\",\"potentialAction\":[{\"@type\":\"SearchAction\",\"target\":{\"@type\":\"EntryPoint\",\"urlTemplate\":\"https:\/\/www.newyorkhipknee.com\/es\/?s={search_term_string}\"},\"query-input\":{\"@type\":\"PropertyValueSpecification\",\"valueRequired\":true,\"valueName\":\"search_term_string\"}}],\"inLanguage\":\"es\"}]}<\/script>\n<!-- \/ Yoast SEO plugin. -->","yoast_head_json":{"title":"Pautas de tratamiento m\u00e9dico del estado de Nueva York para la rehabilitaci\u00f3n pre y postoperatoria, incluidas la artroplastia de cadera y las fracturas de cadera en pacientes con indemnizaci\u00f3n por accidentes laborales | Best Hip &amp; Knee Surgeon | NY, USA","description":"Las directrices esbozadas por la Junta de Indemnizaci\u00f3n por Accidentes de Trabajo del Estado de Nueva York pretenden ayudar a los profesionales sanitarios","robots":{"index":"index","follow":"follow","max-snippet":"max-snippet:-1","max-image-preview":"max-image-preview:large","max-video-preview":"max-video-preview:-1"},"canonical":"https:\/\/www.newyorkhipknee.com\/es\/indemnizacion-por-accidente-laboral\/directrices-de-tratamiento-medico-mtg\/trastornos-de-cadera-e-ingle\/rehabilitacion-pre-y-postoperatoria-incluyendo-artroplastia-de-cadera-y-fracturas-de-cadera\/","og_locale":"es_ES","og_type":"article","og_title":"Pautas de tratamiento m\u00e9dico del estado de Nueva York para la rehabilitaci\u00f3n pre y postoperatoria, incluidas la artroplastia de cadera y las fracturas de cadera en pacientes con indemnizaci\u00f3n por accidentes laborales | Best Hip &amp; Knee Surgeon | NY, USA","og_description":"Las directrices esbozadas por la Junta de Indemnizaci\u00f3n por Accidentes de Trabajo del Estado de Nueva York pretenden ayudar a los profesionales sanitarios","og_url":"https:\/\/www.newyorkhipknee.com\/es\/indemnizacion-por-accidente-laboral\/directrices-de-tratamiento-medico-mtg\/trastornos-de-cadera-e-ingle\/rehabilitacion-pre-y-postoperatoria-incluyendo-artroplastia-de-cadera-y-fracturas-de-cadera\/","og_site_name":"Best Hip &amp; Knee Surgeon | NY, USA","article_modified_time":"2024-01-30T16:15:22+00:00","twitter_card":"summary_large_image","twitter_misc":{"Tiempo de lectura":"3 minutos"},"schema":{"@context":"https:\/\/schema.org","@graph":[{"@type":["WebPage","MedicalWebPage"],"@id":"https:\/\/www.newyorkhipknee.com\/es\/indemnizacion-por-accidente-laboral\/directrices-de-tratamiento-medico-mtg\/trastornos-de-cadera-e-ingle\/rehabilitacion-pre-y-postoperatoria-incluyendo-artroplastia-de-cadera-y-fracturas-de-cadera\/","url":"https:\/\/www.newyorkhipknee.com\/es\/indemnizacion-por-accidente-laboral\/directrices-de-tratamiento-medico-mtg\/trastornos-de-cadera-e-ingle\/rehabilitacion-pre-y-postoperatoria-incluyendo-artroplastia-de-cadera-y-fracturas-de-cadera\/","name":"Pautas de tratamiento m\u00e9dico del estado de Nueva York para la rehabilitaci\u00f3n pre y postoperatoria, incluidas la artroplastia de cadera y las fracturas de cadera en pacientes con indemnizaci\u00f3n por accidentes laborales | Best Hip &amp; Knee Surgeon | NY, USA","isPartOf":{"@id":"https:\/\/www.newyorkhipknee.com\/es\/#website"},"datePublished":"2024-01-09T19:55:28+00:00","dateModified":"2024-01-30T16:15:22+00:00","description":"Las directrices esbozadas por la Junta de Indemnizaci\u00f3n por Accidentes de Trabajo del Estado de Nueva York pretenden ayudar a los profesionales sanitarios","breadcrumb":{"@id":"https:\/\/www.newyorkhipknee.com\/es\/indemnizacion-por-accidente-laboral\/directrices-de-tratamiento-medico-mtg\/trastornos-de-cadera-e-ingle\/rehabilitacion-pre-y-postoperatoria-incluyendo-artroplastia-de-cadera-y-fracturas-de-cadera\/#breadcrumb"},"inLanguage":"es","potentialAction":[{"@type":"ReadAction","target":["https:\/\/www.newyorkhipknee.com\/es\/indemnizacion-por-accidente-laboral\/directrices-de-tratamiento-medico-mtg\/trastornos-de-cadera-e-ingle\/rehabilitacion-pre-y-postoperatoria-incluyendo-artroplastia-de-cadera-y-fracturas-de-cadera\/"]}]},{"@type":"BreadcrumbList","@id":"https:\/\/www.newyorkhipknee.com\/es\/indemnizacion-por-accidente-laboral\/directrices-de-tratamiento-medico-mtg\/trastornos-de-cadera-e-ingle\/rehabilitacion-pre-y-postoperatoria-incluyendo-artroplastia-de-cadera-y-fracturas-de-cadera\/#breadcrumb","itemListElement":[{"@type":"ListItem","position":1,"name":"Home","item":"https:\/\/www.newyorkhipknee.com\/es\/"},{"@type":"ListItem","position":2,"name":"Indemnizaci\u00f3n por accidente laboral","item":"https:\/\/www.newyorkhipknee.com\/es\/indemnizacion-por-accidente-laboral\/"},{"@type":"ListItem","position":3,"name":"Directrices de tratamiento m\u00e9dico (MTG)","item":"https:\/\/www.newyorkhipknee.com\/es\/indemnizacion-por-accidente-laboral\/directrices-de-tratamiento-medico-mtg\/"},{"@type":"ListItem","position":4,"name":"Pautas de tratamiento m\u00e9dico del Estado de Nueva York para los trastornos de cadera e ingle en pacientes con indemnizaci\u00f3n por accidente laboral","item":"https:\/\/www.newyorkhipknee.com\/es\/indemnizacion-por-accidente-laboral\/directrices-de-tratamiento-medico-mtg\/trastornos-de-cadera-e-ingle\/"},{"@type":"ListItem","position":5,"name":"Pautas de tratamiento m\u00e9dico del estado de Nueva York para la rehabilitaci\u00f3n pre y postoperatoria, incluidas la artroplastia de cadera y las fracturas de cadera en pacientes con indemnizaci\u00f3n por accidentes laborales"}]},{"@type":"WebSite","@id":"https:\/\/www.newyorkhipknee.com\/es\/#website","url":"https:\/\/www.newyorkhipknee.com\/es\/","name":"Best Hip & Knee Surgeon | NY, USA","description":"","potentialAction":[{"@type":"SearchAction","target":{"@type":"EntryPoint","urlTemplate":"https:\/\/www.newyorkhipknee.com\/es\/?s={search_term_string}"},"query-input":{"@type":"PropertyValueSpecification","valueRequired":true,"valueName":"search_term_string"}}],"inLanguage":"es"}]}},"_links":{"self":[{"href":"https:\/\/www.newyorkhipknee.com\/es\/wp-json\/wp\/v2\/pages\/22246","targetHints":{"allow":["GET"]}}],"collection":[{"href":"https:\/\/www.newyorkhipknee.com\/es\/wp-json\/wp\/v2\/pages"}],"about":[{"href":"https:\/\/www.newyorkhipknee.com\/es\/wp-json\/wp\/v2\/types\/page"}],"author":[{"embeddable":true,"href":"https:\/\/www.newyorkhipknee.com\/es\/wp-json\/wp\/v2\/users\/33"}],"replies":[{"embeddable":true,"href":"https:\/\/www.newyorkhipknee.com\/es\/wp-json\/wp\/v2\/comments?post=22246"}],"version-history":[{"count":0,"href":"https:\/\/www.newyorkhipknee.com\/es\/wp-json\/wp\/v2\/pages\/22246\/revisions"}],"up":[{"embeddable":true,"href":"https:\/\/www.newyorkhipknee.com\/es\/wp-json\/wp\/v2\/pages\/22268"}],"wp:attachment":[{"href":"https:\/\/www.newyorkhipknee.com\/es\/wp-json\/wp\/v2\/media?parent=22246"}],"curies":[{"name":"wp","href":"https:\/\/api.w.org\/{rel}","templated":true}]}}