{"id":22248,"date":"2024-01-09T14:37:42","date_gmt":"2024-01-09T19:37:42","guid":{"rendered":"https:\/\/newyorkhipknee.com\/prevencion-de-la-enfermedad-tromboembolica-venosa\/"},"modified":"2024-01-30T11:19:58","modified_gmt":"2024-01-30T16:19:58","slug":"prevencion-de-la-enfermedad-tromboembolica-venosa","status":"publish","type":"page","link":"https:\/\/www.newyorkhipknee.com\/es\/indemnizacion-por-accidente-laboral\/directrices-de-tratamiento-medico-mtg\/trastornos-de-cadera-e-ingle\/prevencion-de-la-enfermedad-tromboembolica-venosa\/","title":{"rendered":"Pautas de tratamiento m\u00e9dico del Estado de Nueva York para la prevenci\u00f3n de la enfermedad tromboemb\u00f3lica venosa en pacientes que reciben indemnizaci\u00f3n por accidentes laborales"},"content":{"rendered":"<p>Las directrices establecidas por la Junta de Compensaci\u00f3n de los Trabajadores del Estado de Nueva York est\u00e1n dise\u00f1adas para ayudar a los profesionales sanitarios en la prevenci\u00f3n de la enfermedad tromboemb\u00f3lica venosa. El objetivo de estas directrices es ayudar a los m\u00e9dicos y profesionales sanitarios a determinar las medidas adecuadas para prevenir esta enfermedad.<\/p>\n<p>Los profesionales sanitarios centrados en la prevenci\u00f3n de la enfermedad tromboemb\u00f3lica venosa pueden confiar en la orientaci\u00f3n proporcionada por la Junta de Compensaci\u00f3n de los Trabajadores para tomar decisiones bien informadas sobre las estrategias preventivas m\u00e1s adecuadas para sus pacientes.<\/p>\n<p>Es importante subrayar que estas directrices no pretenden sustituir el juicio cl\u00ednico ni la experiencia profesional. La decisi\u00f3n final sobre la prevenci\u00f3n debe ser fruto de la colaboraci\u00f3n entre el paciente y su profesional sanitario.<\/p>\n<p>&nbsp;<\/p>\n<p>Los pacientes postoperados de artroplastia de cadera o rodilla se enfrentan a un riesgo significativo de <a href=\"https:\/\/newyorkhipknee.com\/workers-comp\/mtg\/hip-and-groin-disorders\/prevention-of-venous-thromboembolic-disease\/\" target=\"_blank\" rel=\"noopener\">enfermedad tromboemb\u00f3lica venosa (ETEV<\/a> ), una complicaci\u00f3n que puede provocar tanto morbilidad como mortalidad.<\/p>\n<p>&nbsp;<\/p>\n<h2>Medicamentos<\/h2>\n<h3>Heparina de bajo peso molecular<\/h3>\n<p>Sugerencia &#8211; Considerar el uso de heparina de bajo peso molecular para prevenir la enfermedad tromboemb\u00f3lica venosa.<\/p>\n<p>Indicaciones: Esto es particularmente relevante para pacientes postoperados de artroplastia, aquellos con fracturas de cadera y personas sometidas a cirug\u00edas mayores de cadera, especialmente si experimentan inactividad prolongada o niveles de actividad reducidos.<\/p>\n<p>Los pacientes con reacciones adversas previas a la HBPM pueden querer explorar inicialmente tratamientos alternativos.<\/p>\n<p>Frecuencia\/dosis\/duraci\u00f3n: La duraci\u00f3n ideal del tratamiento carece de consenso, y se recomienda adaptarlo en funci\u00f3n de los niveles de actividad individuales. Saber cu\u00e1ndo parar: si se produce una complicaci\u00f3n importante, como una hemorragia significativa, o si aparecen otros efectos adversos.<\/p>\n<p>Razonamiento: En general, la hemorragia grave destaca como el efecto adverso m\u00e1s importante asociado a la mayor\u00eda de los medicamentos utilizados para prevenir la ETEV. Pruebas que apoyan el uso de heparina de bajo peso molecular.<\/p>\n<p>&nbsp;<\/p>\n<h3>Inhibidores del factor Xa<\/h3>\n<p>Sugerido &#8211; Considerar el uso de Inhibidores del Factor Xa para prevenir la enfermedad tromboemb\u00f3lica venosa.<\/p>\n<p>Indicaciones: Esto es particularmente relevante para pacientes postoperados de artroplastia, aquellos con fracturas de cadera o individuos sometidos a cirug\u00edas mayores de cadera, especialmente si experimentan inactividad prolongada o niveles de actividad reducidos. Los pacientes con reacciones adversas previas pueden querer explorar inicialmente tratamientos alternativos. Es importante se\u00f1alar que las personas con insuficiencia o insuficiencia renal generalmente deben optar por un medicamento diferente debido a la excreci\u00f3n renal de este compuesto. Pruebas que apoyan el uso de inhibidores del factor Xa.<\/p>\n<p>&nbsp;<\/p>\n<h3>Warfarina y heparina<\/h3>\n<p>Sugerido &#8211; Considerar Warfarina y Heparina para prevenir la enfermedad tromboemb\u00f3lica venosa, especialmente en pacientes postoperados de artroplastia, aquellos con fracturas de cadera o individuos sometidos a cirug\u00edas mayores de cadera.<\/p>\n<p>Da\u00f1os: Tenga en cuenta el aumento del riesgo de hemorragia, con especial preocupaci\u00f3n por las hemorragias intracraneales y gastrointestinales. Sin embargo, esto es algo menos preocupante en comparaci\u00f3n con otras opciones, ya que el tratamiento es m\u00e1s f\u00e1cilmente reversible que las heparinas de bajo peso molecular o los inhibidores del Factor Xa.<\/p>\n<p>Frecuencia\/dosis\/duraci\u00f3n: Las inyecciones subcut\u00e1neas de Heparina pueden ser tituladas al tiempo de tromboplastina parcial activado (aPTT), mientras que las dosis de Warfarina se ajustan a la Relaci\u00f3n Normalizada Internacional (INR). Pruebas de apoyo para el uso de warfarina y heparina.<\/p>\n<p>&nbsp;<\/p>\n<h3>Aspirina<\/h3>\n<p>Sugerencia &#8211; Considere el uso de Aspirina para prevenir la trombosis venosa profunda. Indicaciones: Esto es particularmente relevante para pacientes postoperados de artroplastia, aquellos con fracturas de cadera o individuos sometidos a cirug\u00edas mayores de cadera, generalmente despu\u00e9s de discontinuar otros tratamientos como HBPM, heparina u otros anticoagulantes.<\/p>\n<p>&nbsp;<\/p>\n<h2>Tratamientos<\/h2>\n<h2>Dispositivos<\/h2>\n<h3>Medias de compresi\u00f3n<\/h3>\n<p>Sugerido &#8211; Considerar el uso de medias de compresi\u00f3n para prevenir la Enfermedad Tromboemb\u00f3lica Venosa.<\/p>\n<p>Indicaciones: Es especialmente relevante para todos los pacientes postoperados de cirug\u00eda de cadera, incluidos aquellos con fracturas de cadera, artroplastias de cadera o cualquier otro que se considere con mayor riesgo de ETEV en el postoperatorio. Saber cu\u00e1ndo parar: Normalmente, al mes del postoperatorio o al reanudar todas las actividades y niveles de actividad normales. Si no se han reanudado las actividades normales, puede recomendarse su uso durante m\u00e1s de cuatro semanas. Pruebas que apoyan el uso de medias de compresi\u00f3n.<\/p>\n<p>&nbsp;<\/p>\n<h3>Bombas para extremidades inferiores<\/h3>\n<p>Sugerencia &#8211; Pensar en bombas de extremidades inferiores para prevenir la enfermedad tromboemb\u00f3lica venosa en pacientes postoperados de cirug\u00eda mayor de cadera. Indicaciones: Se aplica a individuos con fracturas de cadera, artroplastias de cadera o cualquier otro que se considere con riesgo aumentado de ETV en el postoperatorio.<\/p>\n<p>Frecuencia\/dosis\/duraci\u00f3n: Los dispositivos pueden incluir bombas de pie, bombas de pie m\u00e1s pantorrilla, dispositivos de compresi\u00f3n intermitente de toda la extremidad inferior y otras combinaciones diversas.<\/p>\n<p>Saber cu\u00e1ndo interrumpir el tratamiento: Por lo general, se aconseja interrumpir el tratamiento a los 14 d\u00edas, a menos que los problemas persistentes, como el retraso en la rehabilitaci\u00f3n y la deambulaci\u00f3n, indiquen un aumento del riesgo.<\/p>\n","protected":false},"excerpt":{"rendered":"<p>Las directrices establecidas por la Junta de Compensaci\u00f3n de los Trabajadores del Estado de Nueva York est\u00e1n dise\u00f1adas para ayudar a los profesionales sanitarios en la prevenci\u00f3n de la enfermedad tromboemb\u00f3lica venosa. El objetivo de estas directrices es ayudar a los m\u00e9dicos y profesionales sanitarios a determinar las medidas adecuadas para prevenir esta enfermedad. Los [&hellip;]<\/p>\n","protected":false},"author":33,"featured_media":0,"parent":22268,"menu_order":0,"comment_status":"closed","ping_status":"closed","template":"","meta":{"_et_pb_use_builder":"","_et_pb_old_content":"","_et_gb_content_width":"","footnotes":""},"class_list":["post-22248","page","type-page","status-publish","hentry"],"yoast_head":"<!-- This site is optimized with the Yoast SEO plugin v27.2 - https:\/\/yoast.com\/product\/yoast-seo-wordpress\/ -->\n<title>Pautas de tratamiento m\u00e9dico del Estado de Nueva York para la prevenci\u00f3n de la enfermedad tromboemb\u00f3lica venosa en pacientes que reciben indemnizaci\u00f3n por accidentes laborales | Best Hip &amp; Knee Surgeon | NY, USA<\/title>\n<meta name=\"description\" content=\"Las directrices establecidas por la Junta de Compensaci\u00f3n de los Trabajadores del Estado de Nueva York est\u00e1n dise\u00f1adas para ayudar a los profesionales\" \/>\n<meta name=\"robots\" content=\"index, follow, max-snippet:-1, max-image-preview:large, max-video-preview:-1\" \/>\n<link rel=\"canonical\" href=\"https:\/\/www.newyorkhipknee.com\/es\/indemnizacion-por-accidente-laboral\/directrices-de-tratamiento-medico-mtg\/trastornos-de-cadera-e-ingle\/prevencion-de-la-enfermedad-tromboembolica-venosa\/\" \/>\n<meta property=\"og:locale\" content=\"es_ES\" \/>\n<meta property=\"og:type\" content=\"article\" \/>\n<meta property=\"og:title\" content=\"Pautas de tratamiento m\u00e9dico del Estado de Nueva York para la prevenci\u00f3n de la enfermedad tromboemb\u00f3lica venosa en pacientes que reciben indemnizaci\u00f3n por accidentes laborales | Best Hip &amp; Knee Surgeon | NY, USA\" \/>\n<meta property=\"og:description\" content=\"Las directrices establecidas por la Junta de Compensaci\u00f3n de los Trabajadores del Estado de Nueva York est\u00e1n dise\u00f1adas para ayudar a los profesionales\" \/>\n<meta property=\"og:url\" content=\"https:\/\/www.newyorkhipknee.com\/es\/indemnizacion-por-accidente-laboral\/directrices-de-tratamiento-medico-mtg\/trastornos-de-cadera-e-ingle\/prevencion-de-la-enfermedad-tromboembolica-venosa\/\" \/>\n<meta property=\"og:site_name\" content=\"Best Hip &amp; Knee Surgeon | NY, USA\" \/>\n<meta property=\"article:modified_time\" content=\"2024-01-30T16:19:58+00:00\" \/>\n<meta name=\"twitter:card\" content=\"summary_large_image\" \/>\n<meta name=\"twitter:label1\" content=\"Tiempo de lectura\" \/>\n\t<meta name=\"twitter:data1\" content=\"4 minutos\" \/>\n<script type=\"application\/ld+json\" class=\"yoast-schema-graph\">{\"@context\":\"https:\/\/schema.org\",\"@graph\":[{\"@type\":[\"WebPage\",\"MedicalWebPage\"],\"@id\":\"https:\/\/www.newyorkhipknee.com\/es\/indemnizacion-por-accidente-laboral\/directrices-de-tratamiento-medico-mtg\/trastornos-de-cadera-e-ingle\/prevencion-de-la-enfermedad-tromboembolica-venosa\/\",\"url\":\"https:\/\/www.newyorkhipknee.com\/es\/indemnizacion-por-accidente-laboral\/directrices-de-tratamiento-medico-mtg\/trastornos-de-cadera-e-ingle\/prevencion-de-la-enfermedad-tromboembolica-venosa\/\",\"name\":\"Pautas de tratamiento m\u00e9dico del Estado de Nueva York para la prevenci\u00f3n de la enfermedad tromboemb\u00f3lica venosa en pacientes que reciben indemnizaci\u00f3n por accidentes laborales | Best Hip &amp; Knee Surgeon | NY, USA\",\"isPartOf\":{\"@id\":\"https:\/\/www.newyorkhipknee.com\/es\/#website\"},\"datePublished\":\"2024-01-09T19:37:42+00:00\",\"dateModified\":\"2024-01-30T16:19:58+00:00\",\"description\":\"Las directrices establecidas por la Junta de Compensaci\u00f3n de los Trabajadores del Estado de Nueva York est\u00e1n dise\u00f1adas para ayudar a los profesionales\",\"breadcrumb\":{\"@id\":\"https:\/\/www.newyorkhipknee.com\/es\/indemnizacion-por-accidente-laboral\/directrices-de-tratamiento-medico-mtg\/trastornos-de-cadera-e-ingle\/prevencion-de-la-enfermedad-tromboembolica-venosa\/#breadcrumb\"},\"inLanguage\":\"es\",\"potentialAction\":[{\"@type\":\"ReadAction\",\"target\":[\"https:\/\/www.newyorkhipknee.com\/es\/indemnizacion-por-accidente-laboral\/directrices-de-tratamiento-medico-mtg\/trastornos-de-cadera-e-ingle\/prevencion-de-la-enfermedad-tromboembolica-venosa\/\"]}]},{\"@type\":\"BreadcrumbList\",\"@id\":\"https:\/\/www.newyorkhipknee.com\/es\/indemnizacion-por-accidente-laboral\/directrices-de-tratamiento-medico-mtg\/trastornos-de-cadera-e-ingle\/prevencion-de-la-enfermedad-tromboembolica-venosa\/#breadcrumb\",\"itemListElement\":[{\"@type\":\"ListItem\",\"position\":1,\"name\":\"Home\",\"item\":\"https:\/\/www.newyorkhipknee.com\/es\/\"},{\"@type\":\"ListItem\",\"position\":2,\"name\":\"Indemnizaci\u00f3n por accidente laboral\",\"item\":\"https:\/\/www.newyorkhipknee.com\/es\/indemnizacion-por-accidente-laboral\/\"},{\"@type\":\"ListItem\",\"position\":3,\"name\":\"Directrices de tratamiento m\u00e9dico (MTG)\",\"item\":\"https:\/\/www.newyorkhipknee.com\/es\/indemnizacion-por-accidente-laboral\/directrices-de-tratamiento-medico-mtg\/\"},{\"@type\":\"ListItem\",\"position\":4,\"name\":\"Pautas de tratamiento m\u00e9dico del Estado de Nueva York para los trastornos de cadera e ingle en pacientes con indemnizaci\u00f3n por accidente laboral\",\"item\":\"https:\/\/www.newyorkhipknee.com\/es\/indemnizacion-por-accidente-laboral\/directrices-de-tratamiento-medico-mtg\/trastornos-de-cadera-e-ingle\/\"},{\"@type\":\"ListItem\",\"position\":5,\"name\":\"Pautas de tratamiento m\u00e9dico del Estado de Nueva York para la prevenci\u00f3n de la enfermedad tromboemb\u00f3lica venosa en pacientes que reciben indemnizaci\u00f3n por accidentes laborales\"}]},{\"@type\":\"WebSite\",\"@id\":\"https:\/\/www.newyorkhipknee.com\/es\/#website\",\"url\":\"https:\/\/www.newyorkhipknee.com\/es\/\",\"name\":\"Best Hip & Knee Surgeon | NY, USA\",\"description\":\"\",\"potentialAction\":[{\"@type\":\"SearchAction\",\"target\":{\"@type\":\"EntryPoint\",\"urlTemplate\":\"https:\/\/www.newyorkhipknee.com\/es\/?s={search_term_string}\"},\"query-input\":{\"@type\":\"PropertyValueSpecification\",\"valueRequired\":true,\"valueName\":\"search_term_string\"}}],\"inLanguage\":\"es\"}]}<\/script>\n<!-- \/ Yoast SEO plugin. -->","yoast_head_json":{"title":"Pautas de tratamiento m\u00e9dico del Estado de Nueva York para la prevenci\u00f3n de la enfermedad tromboemb\u00f3lica venosa en pacientes que reciben indemnizaci\u00f3n por accidentes laborales | Best Hip &amp; Knee Surgeon | NY, USA","description":"Las directrices establecidas por la Junta de Compensaci\u00f3n de los Trabajadores del Estado de Nueva York est\u00e1n dise\u00f1adas para ayudar a los profesionales","robots":{"index":"index","follow":"follow","max-snippet":"max-snippet:-1","max-image-preview":"max-image-preview:large","max-video-preview":"max-video-preview:-1"},"canonical":"https:\/\/www.newyorkhipknee.com\/es\/indemnizacion-por-accidente-laboral\/directrices-de-tratamiento-medico-mtg\/trastornos-de-cadera-e-ingle\/prevencion-de-la-enfermedad-tromboembolica-venosa\/","og_locale":"es_ES","og_type":"article","og_title":"Pautas de tratamiento m\u00e9dico del Estado de Nueva York para la prevenci\u00f3n de la enfermedad tromboemb\u00f3lica venosa en pacientes que reciben indemnizaci\u00f3n por accidentes laborales | Best Hip &amp; Knee Surgeon | NY, USA","og_description":"Las directrices establecidas por la Junta de Compensaci\u00f3n de los Trabajadores del Estado de Nueva York est\u00e1n dise\u00f1adas para ayudar a los profesionales","og_url":"https:\/\/www.newyorkhipknee.com\/es\/indemnizacion-por-accidente-laboral\/directrices-de-tratamiento-medico-mtg\/trastornos-de-cadera-e-ingle\/prevencion-de-la-enfermedad-tromboembolica-venosa\/","og_site_name":"Best Hip &amp; Knee Surgeon | NY, USA","article_modified_time":"2024-01-30T16:19:58+00:00","twitter_card":"summary_large_image","twitter_misc":{"Tiempo de lectura":"4 minutos"},"schema":{"@context":"https:\/\/schema.org","@graph":[{"@type":["WebPage","MedicalWebPage"],"@id":"https:\/\/www.newyorkhipknee.com\/es\/indemnizacion-por-accidente-laboral\/directrices-de-tratamiento-medico-mtg\/trastornos-de-cadera-e-ingle\/prevencion-de-la-enfermedad-tromboembolica-venosa\/","url":"https:\/\/www.newyorkhipknee.com\/es\/indemnizacion-por-accidente-laboral\/directrices-de-tratamiento-medico-mtg\/trastornos-de-cadera-e-ingle\/prevencion-de-la-enfermedad-tromboembolica-venosa\/","name":"Pautas de tratamiento m\u00e9dico del Estado de Nueva York para la prevenci\u00f3n de la enfermedad tromboemb\u00f3lica venosa en pacientes que reciben indemnizaci\u00f3n por accidentes laborales | Best Hip &amp; Knee Surgeon | NY, USA","isPartOf":{"@id":"https:\/\/www.newyorkhipknee.com\/es\/#website"},"datePublished":"2024-01-09T19:37:42+00:00","dateModified":"2024-01-30T16:19:58+00:00","description":"Las directrices establecidas por la Junta de Compensaci\u00f3n de los Trabajadores del Estado de Nueva York est\u00e1n dise\u00f1adas para ayudar a los profesionales","breadcrumb":{"@id":"https:\/\/www.newyorkhipknee.com\/es\/indemnizacion-por-accidente-laboral\/directrices-de-tratamiento-medico-mtg\/trastornos-de-cadera-e-ingle\/prevencion-de-la-enfermedad-tromboembolica-venosa\/#breadcrumb"},"inLanguage":"es","potentialAction":[{"@type":"ReadAction","target":["https:\/\/www.newyorkhipknee.com\/es\/indemnizacion-por-accidente-laboral\/directrices-de-tratamiento-medico-mtg\/trastornos-de-cadera-e-ingle\/prevencion-de-la-enfermedad-tromboembolica-venosa\/"]}]},{"@type":"BreadcrumbList","@id":"https:\/\/www.newyorkhipknee.com\/es\/indemnizacion-por-accidente-laboral\/directrices-de-tratamiento-medico-mtg\/trastornos-de-cadera-e-ingle\/prevencion-de-la-enfermedad-tromboembolica-venosa\/#breadcrumb","itemListElement":[{"@type":"ListItem","position":1,"name":"Home","item":"https:\/\/www.newyorkhipknee.com\/es\/"},{"@type":"ListItem","position":2,"name":"Indemnizaci\u00f3n por accidente laboral","item":"https:\/\/www.newyorkhipknee.com\/es\/indemnizacion-por-accidente-laboral\/"},{"@type":"ListItem","position":3,"name":"Directrices de tratamiento m\u00e9dico (MTG)","item":"https:\/\/www.newyorkhipknee.com\/es\/indemnizacion-por-accidente-laboral\/directrices-de-tratamiento-medico-mtg\/"},{"@type":"ListItem","position":4,"name":"Pautas de tratamiento m\u00e9dico del Estado de Nueva York para los trastornos de cadera e ingle en pacientes con indemnizaci\u00f3n por accidente laboral","item":"https:\/\/www.newyorkhipknee.com\/es\/indemnizacion-por-accidente-laboral\/directrices-de-tratamiento-medico-mtg\/trastornos-de-cadera-e-ingle\/"},{"@type":"ListItem","position":5,"name":"Pautas de tratamiento m\u00e9dico del Estado de Nueva York para la prevenci\u00f3n de la enfermedad tromboemb\u00f3lica venosa en pacientes que reciben indemnizaci\u00f3n por accidentes laborales"}]},{"@type":"WebSite","@id":"https:\/\/www.newyorkhipknee.com\/es\/#website","url":"https:\/\/www.newyorkhipknee.com\/es\/","name":"Best Hip & Knee Surgeon | NY, USA","description":"","potentialAction":[{"@type":"SearchAction","target":{"@type":"EntryPoint","urlTemplate":"https:\/\/www.newyorkhipknee.com\/es\/?s={search_term_string}"},"query-input":{"@type":"PropertyValueSpecification","valueRequired":true,"valueName":"search_term_string"}}],"inLanguage":"es"}]}},"_links":{"self":[{"href":"https:\/\/www.newyorkhipknee.com\/es\/wp-json\/wp\/v2\/pages\/22248","targetHints":{"allow":["GET"]}}],"collection":[{"href":"https:\/\/www.newyorkhipknee.com\/es\/wp-json\/wp\/v2\/pages"}],"about":[{"href":"https:\/\/www.newyorkhipknee.com\/es\/wp-json\/wp\/v2\/types\/page"}],"author":[{"embeddable":true,"href":"https:\/\/www.newyorkhipknee.com\/es\/wp-json\/wp\/v2\/users\/33"}],"replies":[{"embeddable":true,"href":"https:\/\/www.newyorkhipknee.com\/es\/wp-json\/wp\/v2\/comments?post=22248"}],"version-history":[{"count":0,"href":"https:\/\/www.newyorkhipknee.com\/es\/wp-json\/wp\/v2\/pages\/22248\/revisions"}],"up":[{"embeddable":true,"href":"https:\/\/www.newyorkhipknee.com\/es\/wp-json\/wp\/v2\/pages\/22268"}],"wp:attachment":[{"href":"https:\/\/www.newyorkhipknee.com\/es\/wp-json\/wp\/v2\/media?parent=22248"}],"curies":[{"name":"wp","href":"https:\/\/api.w.org\/{rel}","templated":true}]}}