{"id":22250,"date":"2024-01-02T13:32:02","date_gmt":"2024-01-02T18:32:02","guid":{"rendered":"https:\/\/newyorkhipknee.com\/indemnizacion-por-accidente-laboral\/directrices-de-tratamiento-medico-mtg\/lesiones-en-la-parte-media-y-baja-de-la-espalda\/"},"modified":"2024-01-30T11:57:38","modified_gmt":"2024-01-30T16:57:38","slug":"lesiones-en-la-parte-media-y-baja-de-la-espalda","status":"publish","type":"page","link":"https:\/\/www.newyorkhipknee.com\/es\/indemnizacion-por-accidente-laboral\/directrices-de-tratamiento-medico-mtg\/lesiones-en-la-parte-media-y-baja-de-la-espalda\/","title":{"rendered":"Pautas de tratamiento m\u00e9dico del Estado de Nueva York para lesiones de la parte media y baja de la espalda en pacientes con indemnizaci\u00f3n por accidente laboral"},"content":{"rendered":"<p>Las directrices establecidas por la Junta de Indemnizaci\u00f3n por Accidentes de Trabajo del Estado de Nueva York ofrecen principios generales para ayudar a los profesionales sanitarios a tratar las lesiones que afectan a la zona media y baja de la espalda. Estas directivas ayudan a los m\u00e9dicos y profesionales sanitarios a determinar las medidas adecuadas para una atenci\u00f3n integral cuando se trata de lesiones en estas \u00e1reas espec\u00edficas.<\/p>\n<p>Los profesionales sanitarios especializados en lesiones de la zona media y baja de la espalda pueden confiar en la orientaci\u00f3n proporcionada por la Junta de Indemnizaci\u00f3n por Accidentes de Trabajo para tomar decisiones bien informadas sobre los enfoques adecuados para sus pacientes.<\/p>\n<p>Es fundamental subrayar que estas directrices no pretenden sustituir al juicio cl\u00ednico ni a la experiencia profesional. La decisi\u00f3n final sobre el tratamiento de las lesiones de la parte media y baja de la espalda debe ser fruto de la colaboraci\u00f3n entre el paciente y su profesional sanitario.<\/p>\n<h1>Introducci\u00f3n a las lesiones de espalda media y baja<\/h1>\n<h2>Anamnesis y exploraci\u00f3n f\u00edsica<\/h2>\n<p>El proceso de anamnesis y exploraci\u00f3n f\u00edsica del paciente constituye la piedra angular de los procedimientos diagn\u00f3sticos y terap\u00e9uticos posteriores. Si los resultados de las evaluaciones cl\u00ednicas y otros procedimientos diagn\u00f3sticos no coinciden, se da m\u00e1s peso a los hallazgos cl\u00ednicos objetivos. Es imprescindible que los historiales m\u00e9dicos documenten de forma exhaustiva y razonable lo siguiente:<\/p>\n<p>&nbsp;<\/p>\n<h4><strong>Historia de enfermedad actual<\/strong><\/h4>\n<p>Al realizar un historial detallado, es crucial centrarse en la proximidad temporal al momento de la lesi\u00f3n, ya que esto guiar\u00e1 principalmente la evaluaci\u00f3n y el tratamiento posterior. El historial completo debe abarcar los siguientes aspectos:<\/p>\n<p>Mecanismo de la lesi\u00f3n: Se trata de obtener informaci\u00f3n detallada sobre la aparici\u00f3n y progresi\u00f3n de los s\u00edntomas, incluida una descripci\u00f3n minuciosa del incidente. Es crucial comprender la posici\u00f3n del cuerpo antes, durante y al final del incidente. En los casos en que no haya un incidente espec\u00edfico, es importante incluir detalles sobre las posturas corporales en el trabajo, su frecuencia durante la jornada laboral y los requisitos para levantar\/empujar\/tirar.<\/p>\n<p>Localizaci\u00f3n del dolor, naturaleza de los s\u00edntomas y factores que lo alivian o agravan: El historial debe profundizar en los detalles de la localizaci\u00f3n del dolor, la naturaleza de los s\u00edntomas y los factores que alivian o agravan la afecci\u00f3n, como la tolerancia a la sedestaci\u00f3n. Deben tratarse tanto las dolencias primarias como las secundarias, por ejemplo, dolor de espalda primario con dolor de cadera o ingle secundario.<\/p>\n<p>El uso de una herramienta aceptada de evaluaci\u00f3n del dolor: Se recomienda encarecidamente emplear una herramienta de evaluaci\u00f3n del dolor reconocida, como la Escala Visual Anal\u00f3gica (EVA), especialmente en las dos primeras semanas tras la lesi\u00f3n. As\u00ed se garantiza que todos los s\u00edntomas relacionados con el trabajo, incluido el dolor, se traten adecuadamente.<\/p>\n<p>Presencia y distribuci\u00f3n de los s\u00edntomas en las extremidades inferiores: Debe prestarse especial atenci\u00f3n a la presencia y distribuci\u00f3n de entumecimiento, parestesias o debilidad en las extremidades inferiores, sobre todo si se precipitan o empeoran al toser o estornudar.<\/p>\n<p>Alteraciones de la funci\u00f3n intestinal, vesical o sexual: El proceso de anamnesis tambi\u00e9n debe explorar cualquier alteraci\u00f3n de la funci\u00f3n intestinal, vesical o sexual, ya que puede ser indicativa de problemas subyacentes relacionados con la lesi\u00f3n.<\/p>\n<p>Deben explorarse las lesiones anteriores, tanto laborales como no laborales, en la misma regi\u00f3n. Esto incluye detalles sobre tratamientos anteriores, antecedentes de accidentes de tr\u00e1fico espec\u00edficos y s\u00edntomas cr\u00f3nicos o recurrentes. Es esencial una revisi\u00f3n exhaustiva de todos los estudios de imagen de la columna vertebral previos.<\/p>\n<p>Deben tenerse en cuenta las respuestas emocionales y psicol\u00f3gicas del individuo relacionadas con la lesi\u00f3n o enfermedad actual.<\/p>\n<p>La capacidad para desempe\u00f1ar las tareas del trabajo y participar en las actividades cotidianas es un aspecto crucial que debe examinarse.<\/p>\n<p>&nbsp;<\/p>\n<h2>Historia pasada<\/h2>\n<p>Recopilar un historial m\u00e9dico completo es un paso importante.<\/p>\n<p>Una revisi\u00f3n exhaustiva de los sistemas debe abarcar diversos elementos, incluidos los signos o s\u00edntomas relacionados con la salud constitucional, los ojos, los o\u00eddos, la nariz, la boca y la garganta, el sistema cardiovascular, el sistema respiratorio, el sistema gastrointestinal, el sistema genitourinario, el sistema musculoesquel\u00e9tico, el tegumentario\/seno, el sistema neurol\u00f3gico, los aspectos psiqui\u00e1tricos, el sistema endocrino y el sistema hematol\u00f3gico\/linf\u00e1tico, as\u00ed como las respuestas al\u00e9rgicas\/inmunol\u00f3gicas. Dependiendo de la afecci\u00f3n espec\u00edfica que se considere y del juicio cl\u00ednico, el alcance y el \u00e9nfasis de esta revisi\u00f3n pueden ajustarse caso por caso.<\/p>\n<p>El estudio de la historia del tabaquismo es esencial para obtener una comprensi\u00f3n global.<\/p>\n<p>El examen de las actividades profesionales y recreativas proporciona informaci\u00f3n valiosa sobre las actividades cotidianas de una persona.<\/p>\n<p>Es importante profundizar en la historia de la depresi\u00f3n, la ansiedad o cualquier otra enfermedad psiqui\u00e1trica para obtener una perspectiva hol\u00edstica.<\/p>\n<p>&nbsp;<\/p>\n<h2>Examen f\u00edsico<\/h2>\n<p>Guiada por la historia cl\u00ednica del paciente, la exploraci\u00f3n debe abarcar pruebas y t\u00e9cnicas aceptadas y pertinentes para la zona espec\u00edfica que se est\u00e9 examinando:<\/p>\n<p>La comprobaci\u00f3n de las constantes vitales es un aspecto fundamental del examen.<\/p>\n<p>Es fundamental realizar una inspecci\u00f3n general que incluya una evaluaci\u00f3n de la postura, la posici\u00f3n y la marcha.<\/p>\n<p>La inspecci\u00f3n visual ayuda a realizar una evaluaci\u00f3n exhaustiva.<\/p>\n<p>La palpaci\u00f3n, que implica un examen t\u00e1ctil, es una parte esencial del proceso.<\/p>\n<p>La evaluaci\u00f3n de la amplitud de movimiento lumbar, la valoraci\u00f3n de la calidad del movimiento y la identificaci\u00f3n de los espasmos musculares son componentes integrales. Pueden ser necesarias evaluaciones espec\u00edficas del movimiento articular.<\/p>\n<p>El examen de la columna tor\u00e1cica y la pelvis proporciona una comprensi\u00f3n m\u00e1s completa.<\/p>\n<p>Las pruebas de tensi\u00f3n nerviosa, incluida la prueba de Lasegue (prueba de elevaci\u00f3n de la pierna recta), son una parte valiosa del examen. Normalmente, se considera que un resultado es positivo cuando la elevaci\u00f3n se sit\u00faa entre 25 y 60 grados, y siempre se informa de los grados exactos.<\/p>\n<p>El examen de las funciones sensoriales y motoras de las extremidades inferiores, con especial atenci\u00f3n a las ra\u00edces nerviosas, es una parte fundamental de la evaluaci\u00f3n.<\/p>\n<p>La evaluaci\u00f3n de los reflejos tendinosos profundos proporciona informaci\u00f3n valiosa.<\/p>\n<p>En los casos en que sea pertinente, est\u00e1 justificada la realizaci\u00f3n de un examen abdominal, la medici\u00f3n de las circunferencias de las extremidades inferiores o la evaluaci\u00f3n de otras anomal\u00edas en las extremidades inferiores.<\/p>\n<p>Un aspecto importante es la exploraci\u00f3n minuciosa de la cadera, que abarca la amplitud de movimiento, la evaluaci\u00f3n del dolor y la evaluaci\u00f3n de las deformidades.<\/p>\n<p>La realizaci\u00f3n de un examen vascular de las extremidades inferiores, incluida la palpaci\u00f3n de los pulsos distales, contribuye a una evaluaci\u00f3n exhaustiva.<\/p>\n<p>&nbsp;<\/p>\n<h2>Evaluaci\u00f3n de la m\u00e9dula espinal<\/h2>\n<p>Cuando existen indicios de una lesi\u00f3n potencialmente grave basados en el mecanismo de la lesi\u00f3n, los antecedentes o la presentaci\u00f3n cl\u00ednica, es imperativo realizar evaluaciones adicionales. Un examen neurol\u00f3gico completo, destinado a evaluar la posibilidad de una lesi\u00f3n medular, puede incluir:<\/p>\n<p>Comprobaci\u00f3n del tacto agudo y ligero, la presi\u00f3n profunda, la temperatura y las funciones sensoriales propioceptivas.<\/p>\n<p>Realizaci\u00f3n de pruebas de fuerza para evaluar las funciones motoras.<\/p>\n<p>Evaluar el tono del esf\u00ednter anal y\/o la sensibilidad perianal.<\/p>\n<p>Examinar la presencia de reflejos patol\u00f3gicos.<\/p>\n<p>La clasificaci\u00f3n de las lesiones de la m\u00e9dula espinal seg\u00fan la escala de deterioro de la American Spine Injury Association (ASIA) es un paso crucial en el proceso de evaluaci\u00f3n.<\/p>\n<p><img loading=\"lazy\" decoding=\"async\" class=\"alignnone size-full wp-image-21358\" title=\"Captura de pantalla 2024-01-02 122524\" src=\"https:\/\/newyorkhipknee.com\/wp-content\/uploads\/2024\/01\/Screenshot-2024-01-02-122524.png\" alt=\"\" width=\"655\" height=\"412\" srcset=\"https:\/\/newyorkhipknee.com\/wp-content\/uploads\/2024\/01\/Screenshot-2024-01-02-122524.png 655w, https:\/\/newyorkhipknee.com\/wp-content\/uploads\/2024\/01\/Screenshot-2024-01-02-122524-480x302.png 480w\" sizes=\"(min-width: 0px) and (max-width: 480px) 480px, (min-width: 481px) 655px, 100vw\" \/><\/p>\n<p>&nbsp;<\/p>\n<p>&nbsp;<\/p>\n<p><img loading=\"lazy\" decoding=\"async\" class=\"alignnone wp-image-21355\" title=\"Captura de pantalla 2024-01-02 122603\" src=\"https:\/\/newyorkhipknee.com\/wp-content\/uploads\/2024\/01\/Screenshot-2024-01-02-122603.png\" alt=\"\" width=\"707\" height=\"423\" srcset=\"https:\/\/newyorkhipknee.com\/wp-content\/uploads\/2024\/01\/Screenshot-2024-01-02-122603.png 707w, https:\/\/newyorkhipknee.com\/wp-content\/uploads\/2024\/01\/Screenshot-2024-01-02-122603-480x287.png 480w\" sizes=\"(min-width: 0px) and (max-width: 480px) 480px, (min-width: 481px) 707px, 100vw\" \/><\/p>\n<p>&nbsp;<\/p>\n<h3><strong>Banderas rojas<\/strong><\/h3>\n<p>Ciertos hallazgos, denominados com\u00fanmente \u00abse\u00f1ales de alarma\u00bb, merecen una consideraci\u00f3n cuidadosa, ya que indican la posibilidad de afecciones m\u00e9dicas graves y urgentes. La evaluaci\u00f3n, que abarca tanto la anamnesis como la exploraci\u00f3n f\u00edsica del paciente, debe centrarse espec\u00edficamente en identificar estas se\u00f1ales de alarma. En el contexto de los problemas de espalda media y baja, estos indicadores preocupantes pueden incluir fracturas agudas, luxaciones, infecciones, tumores, d\u00e9ficits neurol\u00f3gicos progresivos, s\u00edndrome de cauda equina y trastornos extraespinales. La identificaci\u00f3n de estas se\u00f1ales de alarma puede requerir una evaluaci\u00f3n m\u00e1s exhaustiva, una consulta o incluso intervenciones urgentes\/emergentes. Las directrices de Nueva York sobre lesiones medianas y lumbares est\u00e1n dise\u00f1adas para incorporar ajustes en la gesti\u00f3n cl\u00ednica en respuesta a la presencia de estas se\u00f1ales de alarma, garantizando un enfoque proactivo y adaptado a la atenci\u00f3n al paciente.<\/p>\n","protected":false},"excerpt":{"rendered":"<p>Las directrices establecidas por la Junta de Indemnizaci\u00f3n por Accidentes de Trabajo del Estado de Nueva York ofrecen principios generales para ayudar a los profesionales sanitarios a tratar las lesiones que afectan a la zona media y baja de la espalda. Estas directivas ayudan a los m\u00e9dicos y profesionales sanitarios a determinar las medidas adecuadas [&hellip;]<\/p>\n","protected":false},"author":33,"featured_media":0,"parent":21276,"menu_order":0,"comment_status":"closed","ping_status":"closed","template":"","meta":{"_et_pb_use_builder":"","_et_pb_old_content":"","_et_gb_content_width":"","footnotes":""},"class_list":["post-22250","page","type-page","status-publish","hentry"],"yoast_head":"<!-- This site is optimized with the Yoast SEO plugin v27.2 - https:\/\/yoast.com\/product\/yoast-seo-wordpress\/ -->\n<title>Pautas de tratamiento m\u00e9dico del Estado de Nueva York para lesiones de la parte media y baja de la espalda en pacientes con indemnizaci\u00f3n por accidente laboral | Best Hip &amp; Knee Surgeon | NY, USA<\/title>\n<meta name=\"description\" content=\"Las directrices establecidas por la Junta de Indemnizaci\u00f3n por Accidentes de Trabajo del Estado de Nueva York ofrecen principios generales para ayudar a\" \/>\n<meta name=\"robots\" content=\"index, follow, max-snippet:-1, max-image-preview:large, max-video-preview:-1\" \/>\n<link rel=\"canonical\" href=\"https:\/\/www.newyorkhipknee.com\/es\/indemnizacion-por-accidente-laboral\/directrices-de-tratamiento-medico-mtg\/lesiones-en-la-parte-media-y-baja-de-la-espalda\/\" \/>\n<meta property=\"og:locale\" content=\"es_ES\" \/>\n<meta property=\"og:type\" content=\"article\" \/>\n<meta property=\"og:title\" content=\"Pautas de tratamiento m\u00e9dico del Estado de Nueva York para lesiones de la parte media y baja de la espalda en pacientes con indemnizaci\u00f3n por accidente laboral | Best Hip &amp; Knee Surgeon | NY, USA\" \/>\n<meta property=\"og:description\" content=\"Las directrices establecidas por la Junta de Indemnizaci\u00f3n por Accidentes de Trabajo del Estado de Nueva York ofrecen principios generales para ayudar a\" \/>\n<meta property=\"og:url\" content=\"https:\/\/www.newyorkhipknee.com\/es\/indemnizacion-por-accidente-laboral\/directrices-de-tratamiento-medico-mtg\/lesiones-en-la-parte-media-y-baja-de-la-espalda\/\" \/>\n<meta property=\"og:site_name\" content=\"Best Hip &amp; Knee Surgeon | NY, USA\" \/>\n<meta property=\"article:modified_time\" content=\"2024-01-30T16:57:38+00:00\" \/>\n<meta property=\"og:image\" content=\"https:\/\/newyorkhipknee.com\/wp-content\/uploads\/2024\/01\/Screenshot-2024-01-02-122524.png\" \/>\n<meta name=\"twitter:card\" content=\"summary_large_image\" \/>\n<meta name=\"twitter:label1\" content=\"Tiempo de lectura\" \/>\n\t<meta name=\"twitter:data1\" content=\"7 minutos\" \/>\n<script type=\"application\/ld+json\" class=\"yoast-schema-graph\">{\"@context\":\"https:\/\/schema.org\",\"@graph\":[{\"@type\":[\"WebPage\",\"MedicalWebPage\"],\"@id\":\"https:\/\/www.newyorkhipknee.com\/es\/indemnizacion-por-accidente-laboral\/directrices-de-tratamiento-medico-mtg\/lesiones-en-la-parte-media-y-baja-de-la-espalda\/\",\"url\":\"https:\/\/www.newyorkhipknee.com\/es\/indemnizacion-por-accidente-laboral\/directrices-de-tratamiento-medico-mtg\/lesiones-en-la-parte-media-y-baja-de-la-espalda\/\",\"name\":\"Pautas de tratamiento m\u00e9dico del Estado de Nueva York para lesiones de la parte media y baja de la espalda en pacientes con indemnizaci\u00f3n por accidente laboral | Best Hip &amp; Knee Surgeon | NY, USA\",\"isPartOf\":{\"@id\":\"https:\/\/www.newyorkhipknee.com\/es\/#website\"},\"primaryImageOfPage\":{\"@id\":\"https:\/\/www.newyorkhipknee.com\/es\/indemnizacion-por-accidente-laboral\/directrices-de-tratamiento-medico-mtg\/lesiones-en-la-parte-media-y-baja-de-la-espalda\/#primaryimage\"},\"image\":{\"@id\":\"https:\/\/www.newyorkhipknee.com\/es\/indemnizacion-por-accidente-laboral\/directrices-de-tratamiento-medico-mtg\/lesiones-en-la-parte-media-y-baja-de-la-espalda\/#primaryimage\"},\"thumbnailUrl\":\"https:\/\/newyorkhipknee.com\/wp-content\/uploads\/2024\/01\/Screenshot-2024-01-02-122524.png\",\"datePublished\":\"2024-01-02T18:32:02+00:00\",\"dateModified\":\"2024-01-30T16:57:38+00:00\",\"description\":\"Las directrices establecidas por la Junta de Indemnizaci\u00f3n por Accidentes de Trabajo del Estado de Nueva York ofrecen principios generales para ayudar a\",\"breadcrumb\":{\"@id\":\"https:\/\/www.newyorkhipknee.com\/es\/indemnizacion-por-accidente-laboral\/directrices-de-tratamiento-medico-mtg\/lesiones-en-la-parte-media-y-baja-de-la-espalda\/#breadcrumb\"},\"inLanguage\":\"es\",\"potentialAction\":[{\"@type\":\"ReadAction\",\"target\":[\"https:\/\/www.newyorkhipknee.com\/es\/indemnizacion-por-accidente-laboral\/directrices-de-tratamiento-medico-mtg\/lesiones-en-la-parte-media-y-baja-de-la-espalda\/\"]}]},{\"@type\":\"ImageObject\",\"inLanguage\":\"es\",\"@id\":\"https:\/\/www.newyorkhipknee.com\/es\/indemnizacion-por-accidente-laboral\/directrices-de-tratamiento-medico-mtg\/lesiones-en-la-parte-media-y-baja-de-la-espalda\/#primaryimage\",\"url\":\"https:\/\/newyorkhipknee.com\/wp-content\/uploads\/2024\/01\/Screenshot-2024-01-02-122524.png\",\"contentUrl\":\"https:\/\/newyorkhipknee.com\/wp-content\/uploads\/2024\/01\/Screenshot-2024-01-02-122524.png\"},{\"@type\":\"BreadcrumbList\",\"@id\":\"https:\/\/www.newyorkhipknee.com\/es\/indemnizacion-por-accidente-laboral\/directrices-de-tratamiento-medico-mtg\/lesiones-en-la-parte-media-y-baja-de-la-espalda\/#breadcrumb\",\"itemListElement\":[{\"@type\":\"ListItem\",\"position\":1,\"name\":\"Home\",\"item\":\"https:\/\/www.newyorkhipknee.com\/es\/\"},{\"@type\":\"ListItem\",\"position\":2,\"name\":\"Indemnizaci\u00f3n por accidente laboral\",\"item\":\"https:\/\/www.newyorkhipknee.com\/es\/indemnizacion-por-accidente-laboral\/\"},{\"@type\":\"ListItem\",\"position\":3,\"name\":\"Directrices de tratamiento m\u00e9dico (MTG)\",\"item\":\"https:\/\/www.newyorkhipknee.com\/es\/indemnizacion-por-accidente-laboral\/directrices-de-tratamiento-medico-mtg\/\"},{\"@type\":\"ListItem\",\"position\":4,\"name\":\"Pautas de tratamiento m\u00e9dico del Estado de Nueva York para lesiones de la parte media y baja de la espalda en pacientes con indemnizaci\u00f3n por accidente laboral\"}]},{\"@type\":\"WebSite\",\"@id\":\"https:\/\/www.newyorkhipknee.com\/es\/#website\",\"url\":\"https:\/\/www.newyorkhipknee.com\/es\/\",\"name\":\"Best Hip & Knee Surgeon | NY, USA\",\"description\":\"\",\"potentialAction\":[{\"@type\":\"SearchAction\",\"target\":{\"@type\":\"EntryPoint\",\"urlTemplate\":\"https:\/\/www.newyorkhipknee.com\/es\/?s={search_term_string}\"},\"query-input\":{\"@type\":\"PropertyValueSpecification\",\"valueRequired\":true,\"valueName\":\"search_term_string\"}}],\"inLanguage\":\"es\"}]}<\/script>\n<!-- \/ Yoast SEO plugin. -->","yoast_head_json":{"title":"Pautas de tratamiento m\u00e9dico del Estado de Nueva York para lesiones de la parte media y baja de la espalda en pacientes con indemnizaci\u00f3n por accidente laboral | Best Hip &amp; Knee Surgeon | NY, USA","description":"Las directrices establecidas por la Junta de Indemnizaci\u00f3n por Accidentes de Trabajo del Estado de Nueva York ofrecen principios generales para ayudar a","robots":{"index":"index","follow":"follow","max-snippet":"max-snippet:-1","max-image-preview":"max-image-preview:large","max-video-preview":"max-video-preview:-1"},"canonical":"https:\/\/www.newyorkhipknee.com\/es\/indemnizacion-por-accidente-laboral\/directrices-de-tratamiento-medico-mtg\/lesiones-en-la-parte-media-y-baja-de-la-espalda\/","og_locale":"es_ES","og_type":"article","og_title":"Pautas de tratamiento m\u00e9dico del Estado de Nueva York para lesiones de la parte media y baja de la espalda en pacientes con indemnizaci\u00f3n por accidente laboral | Best Hip &amp; Knee Surgeon | NY, USA","og_description":"Las directrices establecidas por la Junta de Indemnizaci\u00f3n por Accidentes de Trabajo del Estado de Nueva York ofrecen principios generales para ayudar a","og_url":"https:\/\/www.newyorkhipknee.com\/es\/indemnizacion-por-accidente-laboral\/directrices-de-tratamiento-medico-mtg\/lesiones-en-la-parte-media-y-baja-de-la-espalda\/","og_site_name":"Best Hip &amp; Knee Surgeon | NY, USA","article_modified_time":"2024-01-30T16:57:38+00:00","og_image":[{"url":"https:\/\/newyorkhipknee.com\/wp-content\/uploads\/2024\/01\/Screenshot-2024-01-02-122524.png","type":"","width":"","height":""}],"twitter_card":"summary_large_image","twitter_misc":{"Tiempo de lectura":"7 minutos"},"schema":{"@context":"https:\/\/schema.org","@graph":[{"@type":["WebPage","MedicalWebPage"],"@id":"https:\/\/www.newyorkhipknee.com\/es\/indemnizacion-por-accidente-laboral\/directrices-de-tratamiento-medico-mtg\/lesiones-en-la-parte-media-y-baja-de-la-espalda\/","url":"https:\/\/www.newyorkhipknee.com\/es\/indemnizacion-por-accidente-laboral\/directrices-de-tratamiento-medico-mtg\/lesiones-en-la-parte-media-y-baja-de-la-espalda\/","name":"Pautas de tratamiento m\u00e9dico del Estado de Nueva York para lesiones de la parte media y baja de la espalda en pacientes con indemnizaci\u00f3n por accidente laboral | Best Hip &amp; Knee Surgeon | NY, USA","isPartOf":{"@id":"https:\/\/www.newyorkhipknee.com\/es\/#website"},"primaryImageOfPage":{"@id":"https:\/\/www.newyorkhipknee.com\/es\/indemnizacion-por-accidente-laboral\/directrices-de-tratamiento-medico-mtg\/lesiones-en-la-parte-media-y-baja-de-la-espalda\/#primaryimage"},"image":{"@id":"https:\/\/www.newyorkhipknee.com\/es\/indemnizacion-por-accidente-laboral\/directrices-de-tratamiento-medico-mtg\/lesiones-en-la-parte-media-y-baja-de-la-espalda\/#primaryimage"},"thumbnailUrl":"https:\/\/newyorkhipknee.com\/wp-content\/uploads\/2024\/01\/Screenshot-2024-01-02-122524.png","datePublished":"2024-01-02T18:32:02+00:00","dateModified":"2024-01-30T16:57:38+00:00","description":"Las directrices establecidas por la Junta de Indemnizaci\u00f3n por Accidentes de Trabajo del Estado de Nueva York ofrecen principios generales para ayudar a","breadcrumb":{"@id":"https:\/\/www.newyorkhipknee.com\/es\/indemnizacion-por-accidente-laboral\/directrices-de-tratamiento-medico-mtg\/lesiones-en-la-parte-media-y-baja-de-la-espalda\/#breadcrumb"},"inLanguage":"es","potentialAction":[{"@type":"ReadAction","target":["https:\/\/www.newyorkhipknee.com\/es\/indemnizacion-por-accidente-laboral\/directrices-de-tratamiento-medico-mtg\/lesiones-en-la-parte-media-y-baja-de-la-espalda\/"]}]},{"@type":"ImageObject","inLanguage":"es","@id":"https:\/\/www.newyorkhipknee.com\/es\/indemnizacion-por-accidente-laboral\/directrices-de-tratamiento-medico-mtg\/lesiones-en-la-parte-media-y-baja-de-la-espalda\/#primaryimage","url":"https:\/\/newyorkhipknee.com\/wp-content\/uploads\/2024\/01\/Screenshot-2024-01-02-122524.png","contentUrl":"https:\/\/newyorkhipknee.com\/wp-content\/uploads\/2024\/01\/Screenshot-2024-01-02-122524.png"},{"@type":"BreadcrumbList","@id":"https:\/\/www.newyorkhipknee.com\/es\/indemnizacion-por-accidente-laboral\/directrices-de-tratamiento-medico-mtg\/lesiones-en-la-parte-media-y-baja-de-la-espalda\/#breadcrumb","itemListElement":[{"@type":"ListItem","position":1,"name":"Home","item":"https:\/\/www.newyorkhipknee.com\/es\/"},{"@type":"ListItem","position":2,"name":"Indemnizaci\u00f3n por accidente laboral","item":"https:\/\/www.newyorkhipknee.com\/es\/indemnizacion-por-accidente-laboral\/"},{"@type":"ListItem","position":3,"name":"Directrices de tratamiento m\u00e9dico (MTG)","item":"https:\/\/www.newyorkhipknee.com\/es\/indemnizacion-por-accidente-laboral\/directrices-de-tratamiento-medico-mtg\/"},{"@type":"ListItem","position":4,"name":"Pautas de tratamiento m\u00e9dico del Estado de Nueva York para lesiones de la parte media y baja de la espalda en pacientes con indemnizaci\u00f3n por accidente laboral"}]},{"@type":"WebSite","@id":"https:\/\/www.newyorkhipknee.com\/es\/#website","url":"https:\/\/www.newyorkhipknee.com\/es\/","name":"Best Hip & Knee Surgeon | NY, USA","description":"","potentialAction":[{"@type":"SearchAction","target":{"@type":"EntryPoint","urlTemplate":"https:\/\/www.newyorkhipknee.com\/es\/?s={search_term_string}"},"query-input":{"@type":"PropertyValueSpecification","valueRequired":true,"valueName":"search_term_string"}}],"inLanguage":"es"}]}},"_links":{"self":[{"href":"https:\/\/www.newyorkhipknee.com\/es\/wp-json\/wp\/v2\/pages\/22250","targetHints":{"allow":["GET"]}}],"collection":[{"href":"https:\/\/www.newyorkhipknee.com\/es\/wp-json\/wp\/v2\/pages"}],"about":[{"href":"https:\/\/www.newyorkhipknee.com\/es\/wp-json\/wp\/v2\/types\/page"}],"author":[{"embeddable":true,"href":"https:\/\/www.newyorkhipknee.com\/es\/wp-json\/wp\/v2\/users\/33"}],"replies":[{"embeddable":true,"href":"https:\/\/www.newyorkhipknee.com\/es\/wp-json\/wp\/v2\/comments?post=22250"}],"version-history":[{"count":0,"href":"https:\/\/www.newyorkhipknee.com\/es\/wp-json\/wp\/v2\/pages\/22250\/revisions"}],"up":[{"embeddable":true,"href":"https:\/\/www.newyorkhipknee.com\/es\/wp-json\/wp\/v2\/pages\/21276"}],"wp:attachment":[{"href":"https:\/\/www.newyorkhipknee.com\/es\/wp-json\/wp\/v2\/media?parent=22250"}],"curies":[{"name":"wp","href":"https:\/\/api.w.org\/{rel}","templated":true}]}}