{"id":22300,"date":"2024-01-19T14:45:52","date_gmt":"2024-01-19T19:45:52","guid":{"rendered":"https:\/\/newyorkhipknee.com\/indemnizacion-por-accidente-laboral\/directrices-de-tratamiento-medico-mtg\/lesion-de-rodilla\/"},"modified":"2024-01-30T11:57:26","modified_gmt":"2024-01-30T16:57:26","slug":"lesion-de-rodilla","status":"publish","type":"page","link":"https:\/\/www.newyorkhipknee.com\/es\/indemnizacion-por-accidente-laboral\/directrices-de-tratamiento-medico-mtg\/lesion-de-rodilla\/","title":{"rendered":"Pautas de tratamiento m\u00e9dico del Estado de Nueva York para lesiones de rodilla en pacientes con indemnizaci\u00f3n por accidente laboral"},"content":{"rendered":"<p>Las directrices formuladas por la Junta de Indemnizaci\u00f3n por Accidentes de Trabajo del Estado de Nueva York tienen por objeto ayudar a los m\u00e9dicos y profesionales sanitarios a administrar un tratamiento adecuado para la lesi\u00f3n de rodilla.<\/p>\n<p>Estas directrices est\u00e1n dise\u00f1adas para ayudar a los profesionales sanitarios a determinar los cuidados adecuados para los pacientes con lesi\u00f3n de rodilla. Es importante se\u00f1alar que estas directrices no sustituyen al juicio cl\u00ednico ni a la experiencia profesional. La decisi\u00f3n final sobre los cuidados debe ser fruto de la colaboraci\u00f3n entre el paciente y su profesional sanitario.<\/p>\n<h2><\/h2>\n<h2>Anamnesis y exploraci\u00f3n f\u00edsica<\/h2>\n<p>La anamnesis y la exploraci\u00f3n f\u00edsica son pasos cruciales que constituyen la base y determinan las fases posteriores de los procedimientos diagn\u00f3sticos y terap\u00e9uticos. En los casos en que los resultados de las evaluaciones cl\u00ednicas y otros m\u00e9todos de diagn\u00f3stico difieran, debe darse prioridad a los resultados cl\u00ednicos objetivos. La historia cl\u00ednica debe registrar adecuadamente lo siguiente:<\/p>\n<p><strong>Antecedentes de lesiones actuales<\/strong><\/p>\n<ul>\n<li><em>Mecanismo de la lesi\u00f3n:<\/em> Esto implica detalles sobre cu\u00e1ndo empezaron y progresaron los s\u00edntomas, as\u00ed como los s\u00edntomas que pueden resultar de ajustes posturales o funcionales de la lesi\u00f3n de rodilla.<\/li>\n<li><em>Relaci\u00f3n con el trabajo:<\/em> Incluye una declaraci\u00f3n que indique la probabilidad de que la enfermedad o lesi\u00f3n est\u00e9 relacionada con el trabajo.<\/li>\n<li><em>Lesiones laborales y no laborales previas:<\/em> Cualquier lesi\u00f3n previa en la misma zona, tanto de origen laboral como no laboral, junto con los tratamientos espec\u00edficos previos y el uso de cualquier dispositivo ortop\u00e9dico.<\/li>\n<li><em>Antecedentes de bloqueo, chasquido, cesi\u00f3n, crepitaci\u00f3n, estallido, hinchaz\u00f3n:<\/em> Descripci\u00f3n exhaustiva de la aparici\u00f3n y el volumen de la hinchaz\u00f3n, y de la presencia o ausencia de dolor al subir o bajar escaleras.<\/li>\n<li><em>Capacidad para realizar las tareas del puesto y las actividades de la vida diaria.<\/em><\/li>\n<\/ul>\n<p><strong>Factores agravantes y atenuantes de los s\u00edntomas:<\/strong><\/p>\n<ul>\n<li>Estos factores no se limitan a la rodilla y deben estudiarse a fondo.<\/li>\n<\/ul>\n<p>&nbsp;<\/p>\n<p><strong>Historia pasada<\/strong><\/p>\n<p><em>Antecedentes m\u00e9dicos:<\/em> Abarca, pero no se limita a, afecciones como neoplasia (o recidiva), gota\/pseudogota, infecciones, traumatismos importantes en la rodilla, el f\u00e9mur y\/o la pierna, artritis y diabetes.<br \/>\n <em> Revisi\u00f3n de los sistemas:<\/em> Examen minucioso de varios sistemas, incluidos s\u00edntomas constitucionales; ojos; o\u00eddo, nariz, boca y garganta; cardiovascular; respiratorio; gastrointestinal; genitourinario; musculoesquel\u00e9tico; integumentario\/mamario; neurol\u00f3gico; psiqui\u00e1trico; endocrino; hematol\u00f3gico\/linf\u00e1tico; al\u00e9rgico\/inmunol\u00f3gico. El alcance y el enfoque de la revisi\u00f3n pueden adaptarse caso por caso, en funci\u00f3n de la enfermedad subyacente y del juicio cl\u00ednico.<br \/>\n<em>Historial de fumadores;<\/em><br \/>\n<em>Formaci\u00f3n profesional, servicio militar y actividades recreativas;<\/em><br \/>\n<em>Estudios de imagen previos<\/em>; y<br \/>\n<em>Historia quir\u00fargica anterior.<\/em><\/p>\n<p>&nbsp;<\/p>\n<p><strong>Examen f\u00edsico<\/strong><\/p>\n<p><em>Examen de una articulaci\u00f3n:<\/em> Debe abarcar la articulaci\u00f3n tanto por encima como por debajo de la zona afectada. Las exploraciones f\u00edsicas deben abarcar pruebas y t\u00e9cnicas de exploraci\u00f3n aceptadas y pertinentes para la articulaci\u00f3n o la zona que se examina, entre las que se incluyen:<br \/>\n<em>Inspecci\u00f3n visual;<\/em><br \/>\n<em>Palpaci\u00f3n;<\/em><br \/>\n<em>Amplitud de movimiento\/Calidad de movimiento;<\/em><br \/>\n<em>Fuerza, prestando atenci\u00f3n a la evaluaci\u00f3n de la atrofia y las fasciculaciones musculares;<\/em><br \/>\n<em>Estabilidad articular;<\/em><br \/>\n<em>Examen para detectar una r\u00f3tula desplazada o anormalmente desplazable;<\/em><br \/>\nAplicable <em>a lesiones, integridad de la circulaci\u00f3n distal, funci\u00f3n sensorial y motora<\/em>; y<br \/>\n<em>Si procede, examen neurol\u00f3gico completo, incluida la atrofia muscular y las anomal\u00edas de la marcha.<\/em><\/p>\n<p>&nbsp;<\/p>\n<p><strong>Banderas rojas<\/strong><\/p>\n<p>Determinados hallazgos, denominados \u00abse\u00f1ales de alarma\u00bb, hacen sospechar de la existencia de enfermedades potencialmente graves. La evaluaci\u00f3n, que comprende tanto la anamnesis como la exploraci\u00f3n f\u00edsica, debe incluir una evaluaci\u00f3n de estas se\u00f1ales de alarma. En el contexto de la rodilla, estos hallazgos o indicadores pueden abarcar: fractura, luxaciones y desgarros ligamentosos; infecci\u00f3n o inflamaci\u00f3n; compromiso neurol\u00f3gico o vascular, incluido el s\u00edndrome compartimental; y antecedentes de traumatismo, que pueden incluir, entre otros, accidentes de tr\u00e1fico graves, lesiones por aplastamiento o ca\u00eddas desde alturas. Puede estar justificada una evaluaci\u00f3n adicional, una consulta o una intervenci\u00f3n urgente o de emergencia.<\/p>\n<p>&nbsp;<\/p>\n<div class=\"textwidget\">\n<p>&nbsp;<\/p>\n<\/div>\n","protected":false},"excerpt":{"rendered":"<p>Las directrices formuladas por la Junta de Indemnizaci\u00f3n por Accidentes de Trabajo del Estado de Nueva York tienen por objeto ayudar a los m\u00e9dicos y profesionales sanitarios a administrar un tratamiento adecuado para la lesi\u00f3n de rodilla. Estas directrices est\u00e1n dise\u00f1adas para ayudar a los profesionales sanitarios a determinar los cuidados adecuados para los pacientes [&hellip;]<\/p>\n","protected":false},"author":33,"featured_media":0,"parent":21276,"menu_order":0,"comment_status":"closed","ping_status":"closed","template":"","meta":{"_et_pb_use_builder":"","_et_pb_old_content":"","_et_gb_content_width":"","footnotes":""},"class_list":["post-22300","page","type-page","status-publish","hentry"],"yoast_head":"<!-- This site is optimized with the Yoast SEO plugin v27.2 - https:\/\/yoast.com\/product\/yoast-seo-wordpress\/ -->\n<title>Pautas de tratamiento m\u00e9dico del Estado de Nueva York para lesiones de rodilla en pacientes con indemnizaci\u00f3n por accidente laboral | Best Hip &amp; Knee Surgeon | NY, USA<\/title>\n<meta name=\"description\" content=\"Las directrices formuladas por la Junta de Indemnizaci\u00f3n por Accidentes de Trabajo del Estado de Nueva York tienen por objeto ayudar a los m\u00e9dicos y\" \/>\n<meta name=\"robots\" content=\"index, follow, max-snippet:-1, max-image-preview:large, max-video-preview:-1\" \/>\n<link rel=\"canonical\" href=\"https:\/\/www.newyorkhipknee.com\/es\/indemnizacion-por-accidente-laboral\/directrices-de-tratamiento-medico-mtg\/lesion-de-rodilla\/\" \/>\n<meta property=\"og:locale\" content=\"es_ES\" \/>\n<meta property=\"og:type\" content=\"article\" \/>\n<meta property=\"og:title\" content=\"Pautas de tratamiento m\u00e9dico del Estado de Nueva York para lesiones de rodilla en pacientes con indemnizaci\u00f3n por accidente laboral | Best Hip &amp; Knee Surgeon | NY, USA\" \/>\n<meta property=\"og:description\" content=\"Las directrices formuladas por la Junta de Indemnizaci\u00f3n por Accidentes de Trabajo del Estado de Nueva York tienen por objeto ayudar a los m\u00e9dicos y\" \/>\n<meta property=\"og:url\" content=\"https:\/\/www.newyorkhipknee.com\/es\/indemnizacion-por-accidente-laboral\/directrices-de-tratamiento-medico-mtg\/lesion-de-rodilla\/\" \/>\n<meta property=\"og:site_name\" content=\"Best Hip &amp; Knee Surgeon | NY, USA\" \/>\n<meta property=\"article:modified_time\" content=\"2024-01-30T16:57:26+00:00\" \/>\n<meta name=\"twitter:card\" content=\"summary_large_image\" \/>\n<meta name=\"twitter:label1\" content=\"Tiempo de lectura\" \/>\n\t<meta name=\"twitter:data1\" content=\"4 minutos\" \/>\n<script type=\"application\/ld+json\" class=\"yoast-schema-graph\">{\"@context\":\"https:\/\/schema.org\",\"@graph\":[{\"@type\":[\"WebPage\",\"MedicalWebPage\"],\"@id\":\"https:\/\/www.newyorkhipknee.com\/es\/indemnizacion-por-accidente-laboral\/directrices-de-tratamiento-medico-mtg\/lesion-de-rodilla\/\",\"url\":\"https:\/\/www.newyorkhipknee.com\/es\/indemnizacion-por-accidente-laboral\/directrices-de-tratamiento-medico-mtg\/lesion-de-rodilla\/\",\"name\":\"Pautas de tratamiento m\u00e9dico del Estado de Nueva York para lesiones de rodilla en pacientes con indemnizaci\u00f3n por accidente laboral | Best Hip &amp; Knee Surgeon | NY, USA\",\"isPartOf\":{\"@id\":\"https:\/\/www.newyorkhipknee.com\/es\/#website\"},\"datePublished\":\"2024-01-19T19:45:52+00:00\",\"dateModified\":\"2024-01-30T16:57:26+00:00\",\"description\":\"Las directrices formuladas por la Junta de Indemnizaci\u00f3n por Accidentes de Trabajo del Estado de Nueva York tienen por objeto ayudar a los m\u00e9dicos y\",\"breadcrumb\":{\"@id\":\"https:\/\/www.newyorkhipknee.com\/es\/indemnizacion-por-accidente-laboral\/directrices-de-tratamiento-medico-mtg\/lesion-de-rodilla\/#breadcrumb\"},\"inLanguage\":\"es\",\"potentialAction\":[{\"@type\":\"ReadAction\",\"target\":[\"https:\/\/www.newyorkhipknee.com\/es\/indemnizacion-por-accidente-laboral\/directrices-de-tratamiento-medico-mtg\/lesion-de-rodilla\/\"]}]},{\"@type\":\"BreadcrumbList\",\"@id\":\"https:\/\/www.newyorkhipknee.com\/es\/indemnizacion-por-accidente-laboral\/directrices-de-tratamiento-medico-mtg\/lesion-de-rodilla\/#breadcrumb\",\"itemListElement\":[{\"@type\":\"ListItem\",\"position\":1,\"name\":\"Home\",\"item\":\"https:\/\/www.newyorkhipknee.com\/es\/\"},{\"@type\":\"ListItem\",\"position\":2,\"name\":\"Indemnizaci\u00f3n por accidente laboral\",\"item\":\"https:\/\/www.newyorkhipknee.com\/es\/indemnizacion-por-accidente-laboral\/\"},{\"@type\":\"ListItem\",\"position\":3,\"name\":\"Directrices de tratamiento m\u00e9dico (MTG)\",\"item\":\"https:\/\/www.newyorkhipknee.com\/es\/indemnizacion-por-accidente-laboral\/directrices-de-tratamiento-medico-mtg\/\"},{\"@type\":\"ListItem\",\"position\":4,\"name\":\"Pautas de tratamiento m\u00e9dico del Estado de Nueva York para lesiones de rodilla en pacientes con indemnizaci\u00f3n por accidente laboral\"}]},{\"@type\":\"WebSite\",\"@id\":\"https:\/\/www.newyorkhipknee.com\/es\/#website\",\"url\":\"https:\/\/www.newyorkhipknee.com\/es\/\",\"name\":\"Best Hip & Knee Surgeon | NY, USA\",\"description\":\"\",\"potentialAction\":[{\"@type\":\"SearchAction\",\"target\":{\"@type\":\"EntryPoint\",\"urlTemplate\":\"https:\/\/www.newyorkhipknee.com\/es\/?s={search_term_string}\"},\"query-input\":{\"@type\":\"PropertyValueSpecification\",\"valueRequired\":true,\"valueName\":\"search_term_string\"}}],\"inLanguage\":\"es\"}]}<\/script>\n<!-- \/ Yoast SEO plugin. -->","yoast_head_json":{"title":"Pautas de tratamiento m\u00e9dico del Estado de Nueva York para lesiones de rodilla en pacientes con indemnizaci\u00f3n por accidente laboral | Best Hip &amp; Knee Surgeon | NY, USA","description":"Las directrices formuladas por la Junta de Indemnizaci\u00f3n por Accidentes de Trabajo del Estado de Nueva York tienen por objeto ayudar a los m\u00e9dicos y","robots":{"index":"index","follow":"follow","max-snippet":"max-snippet:-1","max-image-preview":"max-image-preview:large","max-video-preview":"max-video-preview:-1"},"canonical":"https:\/\/www.newyorkhipknee.com\/es\/indemnizacion-por-accidente-laboral\/directrices-de-tratamiento-medico-mtg\/lesion-de-rodilla\/","og_locale":"es_ES","og_type":"article","og_title":"Pautas de tratamiento m\u00e9dico del Estado de Nueva York para lesiones de rodilla en pacientes con indemnizaci\u00f3n por accidente laboral | Best Hip &amp; Knee Surgeon | NY, USA","og_description":"Las directrices formuladas por la Junta de Indemnizaci\u00f3n por Accidentes de Trabajo del Estado de Nueva York tienen por objeto ayudar a los m\u00e9dicos y","og_url":"https:\/\/www.newyorkhipknee.com\/es\/indemnizacion-por-accidente-laboral\/directrices-de-tratamiento-medico-mtg\/lesion-de-rodilla\/","og_site_name":"Best Hip &amp; Knee Surgeon | NY, USA","article_modified_time":"2024-01-30T16:57:26+00:00","twitter_card":"summary_large_image","twitter_misc":{"Tiempo de lectura":"4 minutos"},"schema":{"@context":"https:\/\/schema.org","@graph":[{"@type":["WebPage","MedicalWebPage"],"@id":"https:\/\/www.newyorkhipknee.com\/es\/indemnizacion-por-accidente-laboral\/directrices-de-tratamiento-medico-mtg\/lesion-de-rodilla\/","url":"https:\/\/www.newyorkhipknee.com\/es\/indemnizacion-por-accidente-laboral\/directrices-de-tratamiento-medico-mtg\/lesion-de-rodilla\/","name":"Pautas de tratamiento m\u00e9dico del Estado de Nueva York para lesiones de rodilla en pacientes con indemnizaci\u00f3n por accidente laboral | Best Hip &amp; Knee Surgeon | NY, USA","isPartOf":{"@id":"https:\/\/www.newyorkhipknee.com\/es\/#website"},"datePublished":"2024-01-19T19:45:52+00:00","dateModified":"2024-01-30T16:57:26+00:00","description":"Las directrices formuladas por la Junta de Indemnizaci\u00f3n por Accidentes de Trabajo del Estado de Nueva York tienen por objeto ayudar a los m\u00e9dicos y","breadcrumb":{"@id":"https:\/\/www.newyorkhipknee.com\/es\/indemnizacion-por-accidente-laboral\/directrices-de-tratamiento-medico-mtg\/lesion-de-rodilla\/#breadcrumb"},"inLanguage":"es","potentialAction":[{"@type":"ReadAction","target":["https:\/\/www.newyorkhipknee.com\/es\/indemnizacion-por-accidente-laboral\/directrices-de-tratamiento-medico-mtg\/lesion-de-rodilla\/"]}]},{"@type":"BreadcrumbList","@id":"https:\/\/www.newyorkhipknee.com\/es\/indemnizacion-por-accidente-laboral\/directrices-de-tratamiento-medico-mtg\/lesion-de-rodilla\/#breadcrumb","itemListElement":[{"@type":"ListItem","position":1,"name":"Home","item":"https:\/\/www.newyorkhipknee.com\/es\/"},{"@type":"ListItem","position":2,"name":"Indemnizaci\u00f3n por accidente laboral","item":"https:\/\/www.newyorkhipknee.com\/es\/indemnizacion-por-accidente-laboral\/"},{"@type":"ListItem","position":3,"name":"Directrices de tratamiento m\u00e9dico (MTG)","item":"https:\/\/www.newyorkhipknee.com\/es\/indemnizacion-por-accidente-laboral\/directrices-de-tratamiento-medico-mtg\/"},{"@type":"ListItem","position":4,"name":"Pautas de tratamiento m\u00e9dico del Estado de Nueva York para lesiones de rodilla en pacientes con indemnizaci\u00f3n por accidente laboral"}]},{"@type":"WebSite","@id":"https:\/\/www.newyorkhipknee.com\/es\/#website","url":"https:\/\/www.newyorkhipknee.com\/es\/","name":"Best Hip & Knee Surgeon | NY, USA","description":"","potentialAction":[{"@type":"SearchAction","target":{"@type":"EntryPoint","urlTemplate":"https:\/\/www.newyorkhipknee.com\/es\/?s={search_term_string}"},"query-input":{"@type":"PropertyValueSpecification","valueRequired":true,"valueName":"search_term_string"}}],"inLanguage":"es"}]}},"_links":{"self":[{"href":"https:\/\/www.newyorkhipknee.com\/es\/wp-json\/wp\/v2\/pages\/22300","targetHints":{"allow":["GET"]}}],"collection":[{"href":"https:\/\/www.newyorkhipknee.com\/es\/wp-json\/wp\/v2\/pages"}],"about":[{"href":"https:\/\/www.newyorkhipknee.com\/es\/wp-json\/wp\/v2\/types\/page"}],"author":[{"embeddable":true,"href":"https:\/\/www.newyorkhipknee.com\/es\/wp-json\/wp\/v2\/users\/33"}],"replies":[{"embeddable":true,"href":"https:\/\/www.newyorkhipknee.com\/es\/wp-json\/wp\/v2\/comments?post=22300"}],"version-history":[{"count":0,"href":"https:\/\/www.newyorkhipknee.com\/es\/wp-json\/wp\/v2\/pages\/22300\/revisions"}],"up":[{"embeddable":true,"href":"https:\/\/www.newyorkhipknee.com\/es\/wp-json\/wp\/v2\/pages\/21276"}],"wp:attachment":[{"href":"https:\/\/www.newyorkhipknee.com\/es\/wp-json\/wp\/v2\/media?parent=22300"}],"curies":[{"name":"wp","href":"https:\/\/api.w.org\/{rel}","templated":true}]}}