{"id":22349,"date":"2024-01-16T08:45:09","date_gmt":"2024-01-16T13:45:09","guid":{"rendered":"https:\/\/newyorkhipknee.com\/indemnizacion-por-accidente-laboral\/directrices-de-tratamiento-medico-mtg\/lesion-de-hombro\/"},"modified":"2024-01-30T11:57:42","modified_gmt":"2024-01-30T16:57:42","slug":"lesion-de-hombro","status":"publish","type":"page","link":"https:\/\/www.newyorkhipknee.com\/es\/indemnizacion-por-accidente-laboral\/directrices-de-tratamiento-medico-mtg\/lesion-de-hombro\/","title":{"rendered":"Pautas de tratamiento m\u00e9dico del Estado de Nueva York para lesiones de hombro en pacientes con indemnizaciones laborales"},"content":{"rendered":"<p>Las directrices formuladas por la Junta de Indemnizaci\u00f3n por Accidentes de Trabajo del Estado de Nueva York tienen por objeto ayudar a los profesionales sanitarios a proporcionar un tratamiento adecuado de las lesiones de hombro.<\/p>\n<p>Dise\u00f1adas para los profesionales m\u00e9dicos, estas directrices de la Junta de Compensaci\u00f3n de los Trabajadores ofrecen apoyo para determinar el curso de acci\u00f3n correcto para las personas con lesiones en el hombro.<\/p>\n<p>Es importante subrayar que estas directrices no sustituyen al juicio cl\u00ednico ni a la experiencia profesional. La decisi\u00f3n final sobre el tratamiento de las lesiones de hombro debe ser fruto de la colaboraci\u00f3n entre el paciente y su profesional sanitario.<\/p>\n<h3><\/h3>\n<h3>Anamnesis y exploraci\u00f3n f\u00edsica<\/h3>\n<p><strong>Recopilaci\u00f3n exhaustiva de informaci\u00f3n:<\/strong><\/p>\n<ul>\n<li>El proceso de anamnesis y exploraci\u00f3n f\u00edsica tiene por objeto recopilar informaci\u00f3n aplicable a todas las lesiones. Los procedimientos de los proveedores que se exponen deben aplicarse universalmente a todos los pacientes, independientemente de la lesi\u00f3n y el diagn\u00f3stico.<\/li>\n<\/ul>\n<p><strong>Revisi\u00f3n sistem\u00e1tica de sistemas:<\/strong><\/p>\n<ul>\n<li>La revisi\u00f3n sistem\u00e1tica de los sistemas es un componente crucial. Esto incluye la exploraci\u00f3n de signos o s\u00edntomas asociados a diversos sistemas, como s\u00edntomas constitucionales, oculares, otorrinolaringol\u00f3gicos, cardiovasculares, respiratorios, gastrointestinales, genitourinarios, musculoesquel\u00e9ticos, tegumentarios\/mamarios, neurol\u00f3gicos, psiqui\u00e1tricos, endocrinos, hematol\u00f3gicos\/linf\u00e1ticos y al\u00e9rgicos\/inmunol\u00f3gicos.<\/li>\n<\/ul>\n<p><strong>Adaptar la revisi\u00f3n de los sistemas:<\/strong><\/p>\n<ul>\n<li>Dependiendo de la enfermedad subyacente y del juicio cl\u00ednico, la revisi\u00f3n de los sistemas puede personalizarse caso por caso. De este modo se garantiza que el examen sea exhaustivo y est\u00e9 bien enfocado para abordar problemas de salud espec\u00edficos.<\/li>\n<\/ul>\n<p>&nbsp;<\/p>\n<p>&nbsp;<\/p>\n<h3>Diagn\u00f3sticos espec\u00edficos, pruebas y procedimientos de tratamiento<\/h3>\n<div class=\"flex-1 overflow-hidden\">\n<div class=\"react-scroll-to-bottom--css-pevlb-79elbk h-full\">\n<div class=\"react-scroll-to-bottom--css-pevlb-1n7m0yu\">\n<div class=\"flex flex-col pb-9 text-sm\">\n<div class=\"w-full text-token-text-primary\" data-testid=\"conversation-turn-57\">\n<div class=\"px-4 py-2 justify-center text-base md:gap-6 m-auto\">\n<div class=\"flex flex-1 text-base mx-auto gap-3 md:px-5 lg:px-1 xl:px-5 md:max-w-3xl lg:max-w-[40rem] xl:max-w-[48rem] group final-completion\">\n<div class=\"relative flex w-full flex-col lg:w-[calc(100%-115px)] agent-turn\">\n<div class=\"flex-col gap-1 md:gap-3\">\n<div class=\"flex flex-grow flex-col max-w-full\">\n<div class=\"min-h-[20px] text-message flex flex-col items-start gap-3 whitespace-pre-wrap break-words [.text-message+&amp;]:mt-5 overflow-x-auto\" data-message-author-role=\"assistant\" data-message-id=\"de1543c1-d8ee-4b55-9939-566b155cead9\">\n<div class=\"markdown prose w-full break-words dark:prose-invert dark\">\n<p><strong><a href=\"https:\/\/www.cortho.org\/shoulder\/snapping-shoulder-causes-management\/\" target=\"_blank\" rel=\"noopener\">Esguinces\/dislocaciones de la articulaci\u00f3n acromioclavicular (AC<\/a>):<\/strong><\/p>\n<ul>\n<li>Informaci\u00f3n exclusiva relacionada con los esguinces y luxaciones de la articulaci\u00f3n AC, incluidos procedimientos espec\u00edficos de diagn\u00f3stico, pruebas y tratamiento.<\/li>\n<\/ul>\n<p><strong>2. Capsulitis adhesiva\/Trastorno del hombro congelado:<\/strong><\/p>\n<ul>\n<li>Detalles exhaustivos sobre el diagn\u00f3stico, las pruebas y los procedimientos de tratamiento espec\u00edficos de la capsulitis adhesiva o trastorno del hombro congelado.<\/li>\n<\/ul>\n<p><strong>3.<a href=\"https:\/\/www.cortho.org\/workers-compensation\/mtg\/elbow\/biceps-tendinosis-or-tendinitis-and-tears-ruptures\/\" target=\"_blank\" rel=\"noopener\"> Trastornos del tend\u00f3n bicipital<\/a>:<\/strong><\/p>\n<ul>\n<li>Conocimientos especializados sobre el diagn\u00f3stico, las pruebas y los procedimientos de tratamiento de los trastornos relacionados con el tend\u00f3n bicipital.<\/li>\n<\/ul>\n<p><strong>4. <a href=\"https:\/\/www.cortho.org\/workers-compensation\/mtg\/shoulder\/brachial-plexus-injuries\/\">Lesiones del plexo braquial<\/a>:<\/strong><\/p>\n<ul>\n<li>Un desglose detallado de las lesiones del plexo braquial, que abarca varios nervios como el plexo braquial, el nervio axilar, el nervio tor\u00e1cico largo, el nervio musculocut\u00e1neo, el nervio accesorio espinal y el nervio supraescapular.<\/li>\n<\/ul>\n<p><strong>5. <a href=\"https:\/\/www.cortho.org\/workers-compensation\/mtg\/shoulder\/bursitis-of-the-shoulder\/\">Bursitis del hombro<\/a>:<\/strong><\/p>\n<ul>\n<li>Informaci\u00f3n espec\u00edfica sobre el diagn\u00f3stico, las pruebas y el tratamiento de la bursitis de hombro.<\/li>\n<\/ul>\n<p><strong>6. Impingem<\/strong><strong>om<\/strong><strong>ent Syndre:<\/strong><\/p>\n<ul>\n<li>Orientaci\u00f3n personalizada para abordar el s\u00edndrome de pinzamiento, incluidos procedimientos precisos de diagn\u00f3stico y tratamiento.<\/li>\n<\/ul>\n<p><strong>7. Desgarros del manguito de los rotadores:<\/strong><\/p>\n<ul>\n<li>Perspectivas \u00fanicas sobre el diagn\u00f3stico, las pruebas y el tratamiento de las roturas del manguito de los rotadores.<\/li>\n<\/ul>\n<p><strong>8. Tendinitis del manguito de los rotadores:<\/strong><\/p>\n<ul>\n<li>Informaci\u00f3n especializada sobre el diagn\u00f3stico, las pruebas y el tratamiento de la tendinitis del manguito de los rotadores.<\/li>\n<\/ul>\n<p><strong>9. Fracturas de hombro:<\/strong><\/p>\n<ul>\n<li>Informaci\u00f3n detallada sobre fracturas espec\u00edficas relacionadas con el hombro, incluidas la fractura clavicular, la fractura proximal del h\u00famero, la fractura del eje humeral, la fractura escapular y la luxaci\u00f3n\/fractura esternoclavicular.<\/li>\n<\/ul>\n<p><strong>10. <a href=\"https:\/\/www.cortho.org\/workers-compensation\/scheduled-loss-of-use\/shoulder\/\" target=\"_blank\" rel=\"noopener\">Inestabilidad de hombro:<\/a><\/strong><\/p>\n<ul>\n<li>Detalles completos sobre el diagn\u00f3stico, las pruebas y los procedimientos de tratamiento de la inestabilidad del hombro.<\/li>\n<\/ul>\n<\/div>\n<\/div>\n<\/div>\n<div class=\"mt-1 flex justify-start gap-3 empty:hidden\">\n<div class=\"text-gray-400 flex self-end lg:self-center justify-center lg:justify-start mt-0 -ml-1 visible\">\n<p>&nbsp;<\/p>\n<div class=\"flex\"><\/div>\n<div class=\"flex items-center gap-1.5 text-xs\"><\/div>\n<\/div>\n<div>\n<p><strong>Formato de presentaci\u00f3n de los diagn\u00f3sticos:<\/strong> Cada diagn\u00f3stico se presenta en la estructura siguiente:<\/p>\n<p><strong>Antecedentes y mecanismo de la lesi\u00f3n:<\/strong> Se describen los antecedentes y los detalles del mecanismo de la lesi\u00f3n.<\/p>\n<p><strong>Discusi\u00f3n de los hallazgos f\u00edsicos relevantes:<\/strong> Se proporciona un examen minucioso y un an\u00e1lisis de las observaciones f\u00edsicas pertinentes.<\/p>\n<p><strong>Pruebas de laboratorio:<\/strong> Se comentan los detalles relativos a cualquier prueba de laboratorio necesaria.<\/p>\n<p><strong>Procedimientos de prueba:<\/strong> Se explican los procedimientos necesarios para realizar las pruebas.<\/p>\n<p><strong>Procedimientos de tratamiento terap\u00e9utico no operativo basados en el diagn\u00f3stico:<\/strong> Se describen los procedimientos de tratamiento terap\u00e9utico no operativo basados en el diagn\u00f3stico.<\/p>\n<p><strong>Opciones de tratamiento quir\u00fargico\/operatorio:<\/strong> Se presentan los posibles enfoques y opciones de tratamiento operativo o quir\u00fargico.<\/p>\n<p><strong>Opciones de rehabilitaci\u00f3n postoperatoria\/procedimientos de tratamiento:<\/strong> Se analizan los procedimientos de rehabilitaci\u00f3n y tratamiento tras la cirug\u00eda.<\/p>\n<p><strong>Transici\u00f3n a la cirug\u00eda tras el tratamiento conservador:<\/strong> En los casos en los que se recomienda inicialmente un tratamiento no quir\u00fargico, puede considerarse la cirug\u00eda si el tratamiento conservador resulta ineficaz.<\/p>\n<p><strong>Criterios continuos de intervenci\u00f3n:<\/strong> El paciente debe mostrar de forma sistem\u00e1tica hallazgos objetivos espec\u00edficos, s\u00edntomas subjetivos y, en su caso, hallazgos de imagen para justificar la intervenci\u00f3n.<\/p>\n<\/div>\n<p>&nbsp;<\/p>\n<h3>Procedimientos terap\u00e9uticos: No quir\u00fargicos (incluidos los medicamentos)<\/h3>\n<\/div>\n<\/div>\n<\/div>\n<\/div>\n<\/div>\n<\/div>\n<\/div>\n<\/div>\n<\/div>\n<\/div>\n<div class=\"w-full pt-2 md:pt-0 dark:border-white\/20 md:border-transparent md:dark:border-transparent md:w-[calc(100%-.5rem)]\">\n<form class=\"stretch mx-2 flex flex-row gap-3 last:mb-2 md:mx-4 md:last:mb-6 lg:mx-auto lg:max-w-2xl xl:max-w-3xl\">\n<div class=\"relative flex h-full flex-1 items-stretch md:flex-col\">\n<div class=\"flex w-full items-center\">\n<p><strong>Procedimientos terap\u00e9uticos no quir\u00fargicos: Informaci\u00f3n com\u00fan:<\/strong> En el \u00e1mbito de los procedimientos terap\u00e9uticos no quir\u00fargicos, se presentan detalles exhaustivos sobre aspectos de aplicaci\u00f3n universal para todas las lesiones. Esto incluye debates en profundidad sobre los medicamentos de referencia, los procedimientos terap\u00e9uticos y sus indicaciones. Se facilita informaci\u00f3n sobre el tiempo previsto para los efectos, la frecuencia recomendada y las duraciones \u00f3ptima y m\u00e1xima.<\/p>\n<p><strong>Naturaleza compleja de las lesiones de hombro:<\/strong> Dada la compleja naturaleza de las lesiones de hombro, es crucial un enfoque integral. Es imprescindible tener en cuenta la posible interacci\u00f3n entre los diferentes componentes del mecanismo del hombro a la hora de emprender tanto las evaluaciones diagn\u00f3sticas como la planificaci\u00f3n del tratamiento terap\u00e9utico.<\/p>\n<p>&nbsp;<\/p>\n<\/div>\n<div class=\"flex-1 overflow-hidden\">\n<div class=\"react-scroll-to-bottom--css-pevlb-79elbk h-full\">\n<div class=\"react-scroll-to-bottom--css-pevlb-1n7m0yu\">\n<div class=\"flex flex-col pb-9 text-sm\">\n<div class=\"w-full text-token-text-primary\" data-testid=\"conversation-turn-13\">\n<div class=\"px-4 py-2 justify-center text-base md:gap-6 m-auto\">\n<div class=\"flex flex-1 text-base mx-auto gap-3 md:px-5 lg:px-1 xl:px-5 md:max-w-3xl lg:max-w-[40rem] xl:max-w-[48rem] group final-completion\">\n<div class=\"relative flex w-full flex-col lg:w-[calc(100%-115px)] agent-turn\">\n<div class=\"flex-col gap-1 md:gap-3\">\n<div class=\"mt-1 flex justify-start gap-3 empty:hidden\">\n<div class=\"text-gray-400 flex self-end lg:self-center justify-center lg:justify-start mt-0 -ml-1 visible\">\n<div class=\"flex items-center gap-1.5 text-xs\"><\/div>\n<\/div>\n<\/div>\n<\/div>\n<\/div>\n<\/div>\n<\/div>\n<\/div>\n<\/div>\n<\/div>\n<\/div>\n<\/div>\n<div class=\"w-full pt-2 md:pt-0 dark:border-white\/20 md:border-transparent md:dark:border-transparent md:w-[calc(100%-.5rem)]\">\n<div class=\"relative flex h-full flex-1 items-stretch md:flex-col\">\n<div class=\"flex w-full items-center\"><\/div>\n<\/div>\n<\/div>\n<\/div>\n<\/form>\n<\/div>\n","protected":false},"excerpt":{"rendered":"<p>Las directrices formuladas por la Junta de Indemnizaci\u00f3n por Accidentes de Trabajo del Estado de Nueva York tienen por objeto ayudar a los profesionales sanitarios a proporcionar un tratamiento adecuado de las lesiones de hombro. Dise\u00f1adas para los profesionales m\u00e9dicos, estas directrices de la Junta de Compensaci\u00f3n de los Trabajadores ofrecen apoyo para determinar el [&hellip;]<\/p>\n","protected":false},"author":33,"featured_media":0,"parent":21276,"menu_order":0,"comment_status":"closed","ping_status":"closed","template":"","meta":{"_et_pb_use_builder":"","_et_pb_old_content":"","_et_gb_content_width":"","footnotes":""},"class_list":["post-22349","page","type-page","status-publish","hentry"],"yoast_head":"<!-- This site is optimized with the Yoast SEO plugin v27.2 - https:\/\/yoast.com\/product\/yoast-seo-wordpress\/ -->\n<title>Pautas de tratamiento m\u00e9dico del Estado de Nueva York para lesiones de hombro en pacientes con indemnizaciones laborales | Best Hip &amp; Knee Surgeon | NY, USA<\/title>\n<meta name=\"description\" content=\"Las directrices formuladas por la Junta de Indemnizaci\u00f3n por Accidentes de Trabajo del Estado de Nueva York tienen por objeto ayudar a los profesionales\" \/>\n<meta name=\"robots\" content=\"index, follow, max-snippet:-1, max-image-preview:large, max-video-preview:-1\" \/>\n<link rel=\"canonical\" href=\"https:\/\/www.newyorkhipknee.com\/es\/indemnizacion-por-accidente-laboral\/directrices-de-tratamiento-medico-mtg\/lesion-de-hombro\/\" \/>\n<meta property=\"og:locale\" content=\"es_ES\" \/>\n<meta property=\"og:type\" content=\"article\" \/>\n<meta property=\"og:title\" content=\"Pautas de tratamiento m\u00e9dico del Estado de Nueva York para lesiones de hombro en pacientes con indemnizaciones laborales | Best Hip &amp; Knee Surgeon | NY, USA\" \/>\n<meta property=\"og:description\" content=\"Las directrices formuladas por la Junta de Indemnizaci\u00f3n por Accidentes de Trabajo del Estado de Nueva York tienen por objeto ayudar a los profesionales\" \/>\n<meta property=\"og:url\" content=\"https:\/\/www.newyorkhipknee.com\/es\/indemnizacion-por-accidente-laboral\/directrices-de-tratamiento-medico-mtg\/lesion-de-hombro\/\" \/>\n<meta property=\"og:site_name\" content=\"Best Hip &amp; Knee Surgeon | NY, USA\" \/>\n<meta property=\"article:modified_time\" content=\"2024-01-30T16:57:42+00:00\" \/>\n<meta name=\"twitter:card\" content=\"summary_large_image\" \/>\n<meta name=\"twitter:label1\" content=\"Tiempo de lectura\" \/>\n\t<meta name=\"twitter:data1\" content=\"5 minutos\" \/>\n<script type=\"application\/ld+json\" class=\"yoast-schema-graph\">{\"@context\":\"https:\/\/schema.org\",\"@graph\":[{\"@type\":[\"WebPage\",\"MedicalWebPage\"],\"@id\":\"https:\/\/www.newyorkhipknee.com\/es\/indemnizacion-por-accidente-laboral\/directrices-de-tratamiento-medico-mtg\/lesion-de-hombro\/\",\"url\":\"https:\/\/www.newyorkhipknee.com\/es\/indemnizacion-por-accidente-laboral\/directrices-de-tratamiento-medico-mtg\/lesion-de-hombro\/\",\"name\":\"Pautas de tratamiento m\u00e9dico del Estado de Nueva York para lesiones de hombro en pacientes con indemnizaciones laborales | Best Hip &amp; Knee Surgeon | NY, USA\",\"isPartOf\":{\"@id\":\"https:\/\/www.newyorkhipknee.com\/es\/#website\"},\"datePublished\":\"2024-01-16T13:45:09+00:00\",\"dateModified\":\"2024-01-30T16:57:42+00:00\",\"description\":\"Las directrices formuladas por la Junta de Indemnizaci\u00f3n por Accidentes de Trabajo del Estado de Nueva York tienen por objeto ayudar a los profesionales\",\"breadcrumb\":{\"@id\":\"https:\/\/www.newyorkhipknee.com\/es\/indemnizacion-por-accidente-laboral\/directrices-de-tratamiento-medico-mtg\/lesion-de-hombro\/#breadcrumb\"},\"inLanguage\":\"es\",\"potentialAction\":[{\"@type\":\"ReadAction\",\"target\":[\"https:\/\/www.newyorkhipknee.com\/es\/indemnizacion-por-accidente-laboral\/directrices-de-tratamiento-medico-mtg\/lesion-de-hombro\/\"]}]},{\"@type\":\"BreadcrumbList\",\"@id\":\"https:\/\/www.newyorkhipknee.com\/es\/indemnizacion-por-accidente-laboral\/directrices-de-tratamiento-medico-mtg\/lesion-de-hombro\/#breadcrumb\",\"itemListElement\":[{\"@type\":\"ListItem\",\"position\":1,\"name\":\"Home\",\"item\":\"https:\/\/www.newyorkhipknee.com\/es\/\"},{\"@type\":\"ListItem\",\"position\":2,\"name\":\"Indemnizaci\u00f3n por accidente laboral\",\"item\":\"https:\/\/www.newyorkhipknee.com\/es\/indemnizacion-por-accidente-laboral\/\"},{\"@type\":\"ListItem\",\"position\":3,\"name\":\"Directrices de tratamiento m\u00e9dico (MTG)\",\"item\":\"https:\/\/www.newyorkhipknee.com\/es\/indemnizacion-por-accidente-laboral\/directrices-de-tratamiento-medico-mtg\/\"},{\"@type\":\"ListItem\",\"position\":4,\"name\":\"Pautas de tratamiento m\u00e9dico del Estado de Nueva York para lesiones de hombro en pacientes con indemnizaciones laborales\"}]},{\"@type\":\"WebSite\",\"@id\":\"https:\/\/www.newyorkhipknee.com\/es\/#website\",\"url\":\"https:\/\/www.newyorkhipknee.com\/es\/\",\"name\":\"Best Hip & Knee Surgeon | NY, USA\",\"description\":\"\",\"potentialAction\":[{\"@type\":\"SearchAction\",\"target\":{\"@type\":\"EntryPoint\",\"urlTemplate\":\"https:\/\/www.newyorkhipknee.com\/es\/?s={search_term_string}\"},\"query-input\":{\"@type\":\"PropertyValueSpecification\",\"valueRequired\":true,\"valueName\":\"search_term_string\"}}],\"inLanguage\":\"es\"}]}<\/script>\n<!-- \/ Yoast SEO plugin. -->","yoast_head_json":{"title":"Pautas de tratamiento m\u00e9dico del Estado de Nueva York para lesiones de hombro en pacientes con indemnizaciones laborales | Best Hip &amp; Knee Surgeon | NY, USA","description":"Las directrices formuladas por la Junta de Indemnizaci\u00f3n por Accidentes de Trabajo del Estado de Nueva York tienen por objeto ayudar a los profesionales","robots":{"index":"index","follow":"follow","max-snippet":"max-snippet:-1","max-image-preview":"max-image-preview:large","max-video-preview":"max-video-preview:-1"},"canonical":"https:\/\/www.newyorkhipknee.com\/es\/indemnizacion-por-accidente-laboral\/directrices-de-tratamiento-medico-mtg\/lesion-de-hombro\/","og_locale":"es_ES","og_type":"article","og_title":"Pautas de tratamiento m\u00e9dico del Estado de Nueva York para lesiones de hombro en pacientes con indemnizaciones laborales | Best Hip &amp; Knee Surgeon | NY, USA","og_description":"Las directrices formuladas por la Junta de Indemnizaci\u00f3n por Accidentes de Trabajo del Estado de Nueva York tienen por objeto ayudar a los profesionales","og_url":"https:\/\/www.newyorkhipknee.com\/es\/indemnizacion-por-accidente-laboral\/directrices-de-tratamiento-medico-mtg\/lesion-de-hombro\/","og_site_name":"Best Hip &amp; Knee Surgeon | NY, USA","article_modified_time":"2024-01-30T16:57:42+00:00","twitter_card":"summary_large_image","twitter_misc":{"Tiempo de lectura":"5 minutos"},"schema":{"@context":"https:\/\/schema.org","@graph":[{"@type":["WebPage","MedicalWebPage"],"@id":"https:\/\/www.newyorkhipknee.com\/es\/indemnizacion-por-accidente-laboral\/directrices-de-tratamiento-medico-mtg\/lesion-de-hombro\/","url":"https:\/\/www.newyorkhipknee.com\/es\/indemnizacion-por-accidente-laboral\/directrices-de-tratamiento-medico-mtg\/lesion-de-hombro\/","name":"Pautas de tratamiento m\u00e9dico del Estado de Nueva York para lesiones de hombro en pacientes con indemnizaciones laborales | Best Hip &amp; Knee Surgeon | NY, USA","isPartOf":{"@id":"https:\/\/www.newyorkhipknee.com\/es\/#website"},"datePublished":"2024-01-16T13:45:09+00:00","dateModified":"2024-01-30T16:57:42+00:00","description":"Las directrices formuladas por la Junta de Indemnizaci\u00f3n por Accidentes de Trabajo del Estado de Nueva York tienen por objeto ayudar a los profesionales","breadcrumb":{"@id":"https:\/\/www.newyorkhipknee.com\/es\/indemnizacion-por-accidente-laboral\/directrices-de-tratamiento-medico-mtg\/lesion-de-hombro\/#breadcrumb"},"inLanguage":"es","potentialAction":[{"@type":"ReadAction","target":["https:\/\/www.newyorkhipknee.com\/es\/indemnizacion-por-accidente-laboral\/directrices-de-tratamiento-medico-mtg\/lesion-de-hombro\/"]}]},{"@type":"BreadcrumbList","@id":"https:\/\/www.newyorkhipknee.com\/es\/indemnizacion-por-accidente-laboral\/directrices-de-tratamiento-medico-mtg\/lesion-de-hombro\/#breadcrumb","itemListElement":[{"@type":"ListItem","position":1,"name":"Home","item":"https:\/\/www.newyorkhipknee.com\/es\/"},{"@type":"ListItem","position":2,"name":"Indemnizaci\u00f3n por accidente laboral","item":"https:\/\/www.newyorkhipknee.com\/es\/indemnizacion-por-accidente-laboral\/"},{"@type":"ListItem","position":3,"name":"Directrices de tratamiento m\u00e9dico (MTG)","item":"https:\/\/www.newyorkhipknee.com\/es\/indemnizacion-por-accidente-laboral\/directrices-de-tratamiento-medico-mtg\/"},{"@type":"ListItem","position":4,"name":"Pautas de tratamiento m\u00e9dico del Estado de Nueva York para lesiones de hombro en pacientes con indemnizaciones laborales"}]},{"@type":"WebSite","@id":"https:\/\/www.newyorkhipknee.com\/es\/#website","url":"https:\/\/www.newyorkhipknee.com\/es\/","name":"Best Hip & Knee Surgeon | NY, USA","description":"","potentialAction":[{"@type":"SearchAction","target":{"@type":"EntryPoint","urlTemplate":"https:\/\/www.newyorkhipknee.com\/es\/?s={search_term_string}"},"query-input":{"@type":"PropertyValueSpecification","valueRequired":true,"valueName":"search_term_string"}}],"inLanguage":"es"}]}},"_links":{"self":[{"href":"https:\/\/www.newyorkhipknee.com\/es\/wp-json\/wp\/v2\/pages\/22349","targetHints":{"allow":["GET"]}}],"collection":[{"href":"https:\/\/www.newyorkhipknee.com\/es\/wp-json\/wp\/v2\/pages"}],"about":[{"href":"https:\/\/www.newyorkhipknee.com\/es\/wp-json\/wp\/v2\/types\/page"}],"author":[{"embeddable":true,"href":"https:\/\/www.newyorkhipknee.com\/es\/wp-json\/wp\/v2\/users\/33"}],"replies":[{"embeddable":true,"href":"https:\/\/www.newyorkhipknee.com\/es\/wp-json\/wp\/v2\/comments?post=22349"}],"version-history":[{"count":0,"href":"https:\/\/www.newyorkhipknee.com\/es\/wp-json\/wp\/v2\/pages\/22349\/revisions"}],"up":[{"embeddable":true,"href":"https:\/\/www.newyorkhipknee.com\/es\/wp-json\/wp\/v2\/pages\/21276"}],"wp:attachment":[{"href":"https:\/\/www.newyorkhipknee.com\/es\/wp-json\/wp\/v2\/media?parent=22349"}],"curies":[{"name":"wp","href":"https:\/\/api.w.org\/{rel}","templated":true}]}}