{"id":22386,"date":"2024-01-04T15:33:45","date_gmt":"2024-01-04T20:33:45","guid":{"rendered":"https:\/\/newyorkhipknee.com\/indemnizacion-por-accidente-laboral\/directrices-de-tratamiento-medico-mtg\/lesion-en-el-cuello\/procedimientos-terapeuticos-no-quirurgicos-2\/cuidado-de-mantenimiento-continuo\/"},"modified":"2024-01-30T11:59:33","modified_gmt":"2024-01-30T16:59:33","slug":"cuidado-de-mantenimiento-continuo","status":"publish","type":"page","link":"https:\/\/www.newyorkhipknee.com\/es\/indemnizacion-por-accidente-laboral\/directrices-de-tratamiento-medico-mtg\/lesion-en-el-cuello\/procedimientos-terapeuticos-no-quirurgicos-2\/cuidado-de-mantenimiento-continuo\/","title":{"rendered":"Pautas de tratamiento m\u00e9dico del Estado de Nueva York para la atenci\u00f3n continuada en pacientes con accidentes laborales"},"content":{"rendered":"<p>Las directrices esbozadas por la Junta de Indemnizaci\u00f3n por Accidentes de Trabajo del Estado de Nueva York est\u00e1n dise\u00f1adas para ayudar a los profesionales sanitarios a establecer cuidados de mantenimiento continuos para las personas con problemas de salud espec\u00edficos. El objetivo de estas directrices es ayudar a los m\u00e9dicos y profesionales sanitarios a crear y aplicar un plan de cuidados duraderos para supervisar y mantener el bienestar continuo de los pacientes.<\/p>\n<p>Los profesionales sanitarios especializados en la atenci\u00f3n continuada de mantenimiento pueden confiar en la orientaci\u00f3n proporcionada por la Junta de Indemnizaci\u00f3n por Accidentes de Trabajo para tomar decisiones bien informadas sobre las estrategias m\u00e1s apropiadas y eficaces para la atenci\u00f3n continuada.<\/p>\n<p>Es importante subrayar que estas directrices no pretenden sustituir al juicio cl\u00ednico ni a la experiencia profesional. La decisi\u00f3n final sobre los cuidados de mantenimiento debe ser fruto de la colaboraci\u00f3n entre el paciente y su profesional sanitario.<\/p>\n<p>&nbsp;<\/p>\n<h2>Cuidado de mantenimiento continuo<\/h2>\n<p>Tras el diagn\u00f3stico de mejor\u00eda m\u00e9dica m\u00e1xima (MMI), en determinados casos puede considerarse un plan de mantenimiento que incluya fisioterapia, terapia ocupacional o manipulaci\u00f3n de la columna vertebral (administrada por un m\u00e9dico, quiropr\u00e1ctico o fisioterapeuta), sobre todo cuando est\u00e9 vinculado a la conservaci\u00f3n de las capacidades funcionales. A pesar de que las pruebas cient\u00edficas actuales no apoyan sistem\u00e1ticamente el uso rutinario de tales intervenciones, hay situaciones en las que las modalidades de terapia de mantenimiento se consideran apropiadas. Es aconsejable para pacientes seleccionados, con el objetivo de mantener el estado funcional, especialmente si los historiales m\u00e9dicos previos muestran un deterioro de la funci\u00f3n objetivamente documentado. La frecuencia no debe superar las diez visitas anuales tras alcanzar el IMM, sin que se permitan desviaciones de esta frecuencia m\u00e1xima.<\/p>\n<p><strong>Explicaci\u00f3n:  <\/strong><br \/>\n&#8211; Es crucial fijar objetivos espec\u00edficos y mensurables para justificar la necesidad de un mantenimiento continuo.<br \/>\n&#8211; Pruebe gradualmente per\u00edodos m\u00e1s largos sin intervenciones terap\u00e9uticas para ver si los objetivos alcanzados pueden mantenerse sin la participaci\u00f3n m\u00e9dica activa.<br \/>\n&#8211; Realizar un ensayo sin tratamiento de mantenimiento durante el primer a\u00f1o y, a partir de entonces, anualmente.<br \/>\n&#8211; El tratamiento de los s\u00edntomas cervicales cr\u00f3nicos debe incluir un programa regular de autocontrol por parte del paciente y un plan autodirigido de tratamiento del dolor cuando sea necesario:<br \/>\n&#8211; Establecer un plan de autogesti\u00f3n independiente y domiciliario desarrollado conjuntamente por el proveedor y el paciente para fomentar las actividades f\u00edsicas y laborales a pesar del dolor persistente, con el objetivo de preservar la funci\u00f3n.<br \/>\n&#8211; Junto con el plan de automanejo, cree un plan de manejo del dolor autodirigido que el paciente pueda iniciar si los s\u00edntomas empeoran y la funci\u00f3n disminuye.<br \/>\n&#8211; Si hay indicios de un deterioro de la capacidad para mantener la funci\u00f3n, puede considerarse la posibilidad de restablecer los cuidados de mantenimiento.<\/p>\n<p>Nota: La Atenci\u00f3n Continuada de Mantenimiento forma parte de las recomendaciones de Atenci\u00f3n Funcional de Mantenimiento descritas en las Directrices de Tratamiento M\u00e9dico del Dolor No Agudo de Nueva York. Para m\u00e1s detalles, consulte las directrices de tratamiento m\u00e9dico del dolor no agudo de Nueva York.<\/p>\n","protected":false},"excerpt":{"rendered":"<p>Las directrices esbozadas por la Junta de Indemnizaci\u00f3n por Accidentes de Trabajo del Estado de Nueva York est\u00e1n dise\u00f1adas para ayudar a los profesionales sanitarios a establecer cuidados de mantenimiento continuos para las personas con problemas de salud espec\u00edficos. El objetivo de estas directrices es ayudar a los m\u00e9dicos y profesionales sanitarios a crear y [&hellip;]<\/p>\n","protected":false},"author":33,"featured_media":0,"parent":22204,"menu_order":0,"comment_status":"closed","ping_status":"closed","template":"","meta":{"_et_pb_use_builder":"","_et_pb_old_content":"","_et_gb_content_width":"","footnotes":""},"class_list":["post-22386","page","type-page","status-publish","hentry"],"yoast_head":"<!-- This site is optimized with the Yoast SEO plugin v27.2 - https:\/\/yoast.com\/product\/yoast-seo-wordpress\/ -->\n<title>Pautas de tratamiento m\u00e9dico del Estado de Nueva York para la atenci\u00f3n continuada en pacientes con accidentes laborales | Best Hip &amp; Knee Surgeon | NY, USA<\/title>\n<meta name=\"description\" content=\"Las directrices esbozadas por la Junta de Indemnizaci\u00f3n por Accidentes de Trabajo del Estado de Nueva York est\u00e1n dise\u00f1adas para ayudar a los profesionales\" \/>\n<meta name=\"robots\" content=\"index, follow, max-snippet:-1, max-image-preview:large, max-video-preview:-1\" \/>\n<link rel=\"canonical\" href=\"https:\/\/www.newyorkhipknee.com\/es\/indemnizacion-por-accidente-laboral\/directrices-de-tratamiento-medico-mtg\/lesion-en-el-cuello\/procedimientos-terapeuticos-no-quirurgicos-2\/cuidado-de-mantenimiento-continuo\/\" \/>\n<meta property=\"og:locale\" content=\"es_ES\" \/>\n<meta property=\"og:type\" content=\"article\" \/>\n<meta property=\"og:title\" content=\"Pautas de tratamiento m\u00e9dico del Estado de Nueva York para la atenci\u00f3n continuada en pacientes con accidentes laborales | Best Hip &amp; Knee Surgeon | NY, USA\" \/>\n<meta property=\"og:description\" content=\"Las directrices esbozadas por la Junta de Indemnizaci\u00f3n por Accidentes de Trabajo del Estado de Nueva York est\u00e1n dise\u00f1adas para ayudar a los profesionales\" \/>\n<meta property=\"og:url\" content=\"https:\/\/www.newyorkhipknee.com\/es\/indemnizacion-por-accidente-laboral\/directrices-de-tratamiento-medico-mtg\/lesion-en-el-cuello\/procedimientos-terapeuticos-no-quirurgicos-2\/cuidado-de-mantenimiento-continuo\/\" \/>\n<meta property=\"og:site_name\" content=\"Best Hip &amp; Knee Surgeon | NY, USA\" \/>\n<meta property=\"article:modified_time\" content=\"2024-01-30T16:59:33+00:00\" \/>\n<meta name=\"twitter:card\" content=\"summary_large_image\" \/>\n<meta name=\"twitter:label1\" content=\"Tiempo de lectura\" \/>\n\t<meta name=\"twitter:data1\" content=\"3 minutos\" \/>\n<script type=\"application\/ld+json\" class=\"yoast-schema-graph\">{\"@context\":\"https:\/\/schema.org\",\"@graph\":[{\"@type\":[\"WebPage\",\"MedicalWebPage\"],\"@id\":\"https:\/\/www.newyorkhipknee.com\/es\/indemnizacion-por-accidente-laboral\/directrices-de-tratamiento-medico-mtg\/lesion-en-el-cuello\/procedimientos-terapeuticos-no-quirurgicos-2\/cuidado-de-mantenimiento-continuo\/\",\"url\":\"https:\/\/www.newyorkhipknee.com\/es\/indemnizacion-por-accidente-laboral\/directrices-de-tratamiento-medico-mtg\/lesion-en-el-cuello\/procedimientos-terapeuticos-no-quirurgicos-2\/cuidado-de-mantenimiento-continuo\/\",\"name\":\"Pautas de tratamiento m\u00e9dico del Estado de Nueva York para la atenci\u00f3n continuada en pacientes con accidentes laborales | Best Hip &amp; Knee Surgeon | NY, USA\",\"isPartOf\":{\"@id\":\"https:\/\/www.newyorkhipknee.com\/es\/#website\"},\"datePublished\":\"2024-01-04T20:33:45+00:00\",\"dateModified\":\"2024-01-30T16:59:33+00:00\",\"description\":\"Las directrices esbozadas por la Junta de Indemnizaci\u00f3n por Accidentes de Trabajo del Estado de Nueva York est\u00e1n dise\u00f1adas para ayudar a los profesionales\",\"breadcrumb\":{\"@id\":\"https:\/\/www.newyorkhipknee.com\/es\/indemnizacion-por-accidente-laboral\/directrices-de-tratamiento-medico-mtg\/lesion-en-el-cuello\/procedimientos-terapeuticos-no-quirurgicos-2\/cuidado-de-mantenimiento-continuo\/#breadcrumb\"},\"inLanguage\":\"es\",\"potentialAction\":[{\"@type\":\"ReadAction\",\"target\":[\"https:\/\/www.newyorkhipknee.com\/es\/indemnizacion-por-accidente-laboral\/directrices-de-tratamiento-medico-mtg\/lesion-en-el-cuello\/procedimientos-terapeuticos-no-quirurgicos-2\/cuidado-de-mantenimiento-continuo\/\"]}]},{\"@type\":\"BreadcrumbList\",\"@id\":\"https:\/\/www.newyorkhipknee.com\/es\/indemnizacion-por-accidente-laboral\/directrices-de-tratamiento-medico-mtg\/lesion-en-el-cuello\/procedimientos-terapeuticos-no-quirurgicos-2\/cuidado-de-mantenimiento-continuo\/#breadcrumb\",\"itemListElement\":[{\"@type\":\"ListItem\",\"position\":1,\"name\":\"Home\",\"item\":\"https:\/\/www.newyorkhipknee.com\/es\/\"},{\"@type\":\"ListItem\",\"position\":2,\"name\":\"Indemnizaci\u00f3n por accidente laboral\",\"item\":\"https:\/\/www.newyorkhipknee.com\/es\/indemnizacion-por-accidente-laboral\/\"},{\"@type\":\"ListItem\",\"position\":3,\"name\":\"Directrices de tratamiento m\u00e9dico (MTG)\",\"item\":\"https:\/\/www.newyorkhipknee.com\/es\/indemnizacion-por-accidente-laboral\/directrices-de-tratamiento-medico-mtg\/\"},{\"@type\":\"ListItem\",\"position\":4,\"name\":\"Pautas de tratamiento m\u00e9dico del Estado de Nueva York para lesiones cervicales en pacientes con indemnizaci\u00f3n por accidente laboral\",\"item\":\"https:\/\/www.newyorkhipknee.com\/es\/indemnizacion-por-accidente-laboral\/directrices-de-tratamiento-medico-mtg\/lesion-en-el-cuello\/\"},{\"@type\":\"ListItem\",\"position\":5,\"name\":\"Pautas de tratamiento m\u00e9dico del Estado de Nueva York para procedimientos terap\u00e9uticos: No quir\u00fargicos para lesiones cervicales en pacientes con indemnizaci\u00f3n laboral\",\"item\":\"https:\/\/www.newyorkhipknee.com\/es\/indemnizacion-por-accidente-laboral\/directrices-de-tratamiento-medico-mtg\/lesion-en-el-cuello\/procedimientos-terapeuticos-no-quirurgicos-2\/\"},{\"@type\":\"ListItem\",\"position\":6,\"name\":\"Pautas de tratamiento m\u00e9dico del Estado de Nueva York para la atenci\u00f3n continuada en pacientes con accidentes laborales\"}]},{\"@type\":\"WebSite\",\"@id\":\"https:\/\/www.newyorkhipknee.com\/es\/#website\",\"url\":\"https:\/\/www.newyorkhipknee.com\/es\/\",\"name\":\"Best Hip & Knee Surgeon | NY, USA\",\"description\":\"\",\"potentialAction\":[{\"@type\":\"SearchAction\",\"target\":{\"@type\":\"EntryPoint\",\"urlTemplate\":\"https:\/\/www.newyorkhipknee.com\/es\/?s={search_term_string}\"},\"query-input\":{\"@type\":\"PropertyValueSpecification\",\"valueRequired\":true,\"valueName\":\"search_term_string\"}}],\"inLanguage\":\"es\"}]}<\/script>\n<!-- \/ Yoast SEO plugin. -->","yoast_head_json":{"title":"Pautas de tratamiento m\u00e9dico del Estado de Nueva York para la atenci\u00f3n continuada en pacientes con accidentes laborales | Best Hip &amp; Knee Surgeon | NY, USA","description":"Las directrices esbozadas por la Junta de Indemnizaci\u00f3n por Accidentes de Trabajo del Estado de Nueva York est\u00e1n dise\u00f1adas para ayudar a los profesionales","robots":{"index":"index","follow":"follow","max-snippet":"max-snippet:-1","max-image-preview":"max-image-preview:large","max-video-preview":"max-video-preview:-1"},"canonical":"https:\/\/www.newyorkhipknee.com\/es\/indemnizacion-por-accidente-laboral\/directrices-de-tratamiento-medico-mtg\/lesion-en-el-cuello\/procedimientos-terapeuticos-no-quirurgicos-2\/cuidado-de-mantenimiento-continuo\/","og_locale":"es_ES","og_type":"article","og_title":"Pautas de tratamiento m\u00e9dico del Estado de Nueva York para la atenci\u00f3n continuada en pacientes con accidentes laborales | Best Hip &amp; Knee Surgeon | NY, USA","og_description":"Las directrices esbozadas por la Junta de Indemnizaci\u00f3n por Accidentes de Trabajo del Estado de Nueva York est\u00e1n dise\u00f1adas para ayudar a los profesionales","og_url":"https:\/\/www.newyorkhipknee.com\/es\/indemnizacion-por-accidente-laboral\/directrices-de-tratamiento-medico-mtg\/lesion-en-el-cuello\/procedimientos-terapeuticos-no-quirurgicos-2\/cuidado-de-mantenimiento-continuo\/","og_site_name":"Best Hip &amp; Knee Surgeon | NY, USA","article_modified_time":"2024-01-30T16:59:33+00:00","twitter_card":"summary_large_image","twitter_misc":{"Tiempo de lectura":"3 minutos"},"schema":{"@context":"https:\/\/schema.org","@graph":[{"@type":["WebPage","MedicalWebPage"],"@id":"https:\/\/www.newyorkhipknee.com\/es\/indemnizacion-por-accidente-laboral\/directrices-de-tratamiento-medico-mtg\/lesion-en-el-cuello\/procedimientos-terapeuticos-no-quirurgicos-2\/cuidado-de-mantenimiento-continuo\/","url":"https:\/\/www.newyorkhipknee.com\/es\/indemnizacion-por-accidente-laboral\/directrices-de-tratamiento-medico-mtg\/lesion-en-el-cuello\/procedimientos-terapeuticos-no-quirurgicos-2\/cuidado-de-mantenimiento-continuo\/","name":"Pautas de tratamiento m\u00e9dico del Estado de Nueva York para la atenci\u00f3n continuada en pacientes con accidentes laborales | Best Hip &amp; Knee Surgeon | NY, USA","isPartOf":{"@id":"https:\/\/www.newyorkhipknee.com\/es\/#website"},"datePublished":"2024-01-04T20:33:45+00:00","dateModified":"2024-01-30T16:59:33+00:00","description":"Las directrices esbozadas por la Junta de Indemnizaci\u00f3n por Accidentes de Trabajo del Estado de Nueva York est\u00e1n dise\u00f1adas para ayudar a los profesionales","breadcrumb":{"@id":"https:\/\/www.newyorkhipknee.com\/es\/indemnizacion-por-accidente-laboral\/directrices-de-tratamiento-medico-mtg\/lesion-en-el-cuello\/procedimientos-terapeuticos-no-quirurgicos-2\/cuidado-de-mantenimiento-continuo\/#breadcrumb"},"inLanguage":"es","potentialAction":[{"@type":"ReadAction","target":["https:\/\/www.newyorkhipknee.com\/es\/indemnizacion-por-accidente-laboral\/directrices-de-tratamiento-medico-mtg\/lesion-en-el-cuello\/procedimientos-terapeuticos-no-quirurgicos-2\/cuidado-de-mantenimiento-continuo\/"]}]},{"@type":"BreadcrumbList","@id":"https:\/\/www.newyorkhipknee.com\/es\/indemnizacion-por-accidente-laboral\/directrices-de-tratamiento-medico-mtg\/lesion-en-el-cuello\/procedimientos-terapeuticos-no-quirurgicos-2\/cuidado-de-mantenimiento-continuo\/#breadcrumb","itemListElement":[{"@type":"ListItem","position":1,"name":"Home","item":"https:\/\/www.newyorkhipknee.com\/es\/"},{"@type":"ListItem","position":2,"name":"Indemnizaci\u00f3n por accidente laboral","item":"https:\/\/www.newyorkhipknee.com\/es\/indemnizacion-por-accidente-laboral\/"},{"@type":"ListItem","position":3,"name":"Directrices de tratamiento m\u00e9dico (MTG)","item":"https:\/\/www.newyorkhipknee.com\/es\/indemnizacion-por-accidente-laboral\/directrices-de-tratamiento-medico-mtg\/"},{"@type":"ListItem","position":4,"name":"Pautas de tratamiento m\u00e9dico del Estado de Nueva York para lesiones cervicales en pacientes con indemnizaci\u00f3n por accidente laboral","item":"https:\/\/www.newyorkhipknee.com\/es\/indemnizacion-por-accidente-laboral\/directrices-de-tratamiento-medico-mtg\/lesion-en-el-cuello\/"},{"@type":"ListItem","position":5,"name":"Pautas de tratamiento m\u00e9dico del Estado de Nueva York para procedimientos terap\u00e9uticos: No quir\u00fargicos para lesiones cervicales en pacientes con indemnizaci\u00f3n laboral","item":"https:\/\/www.newyorkhipknee.com\/es\/indemnizacion-por-accidente-laboral\/directrices-de-tratamiento-medico-mtg\/lesion-en-el-cuello\/procedimientos-terapeuticos-no-quirurgicos-2\/"},{"@type":"ListItem","position":6,"name":"Pautas de tratamiento m\u00e9dico del Estado de Nueva York para la atenci\u00f3n continuada en pacientes con accidentes laborales"}]},{"@type":"WebSite","@id":"https:\/\/www.newyorkhipknee.com\/es\/#website","url":"https:\/\/www.newyorkhipknee.com\/es\/","name":"Best Hip & Knee Surgeon | NY, USA","description":"","potentialAction":[{"@type":"SearchAction","target":{"@type":"EntryPoint","urlTemplate":"https:\/\/www.newyorkhipknee.com\/es\/?s={search_term_string}"},"query-input":{"@type":"PropertyValueSpecification","valueRequired":true,"valueName":"search_term_string"}}],"inLanguage":"es"}]}},"_links":{"self":[{"href":"https:\/\/www.newyorkhipknee.com\/es\/wp-json\/wp\/v2\/pages\/22386","targetHints":{"allow":["GET"]}}],"collection":[{"href":"https:\/\/www.newyorkhipknee.com\/es\/wp-json\/wp\/v2\/pages"}],"about":[{"href":"https:\/\/www.newyorkhipknee.com\/es\/wp-json\/wp\/v2\/types\/page"}],"author":[{"embeddable":true,"href":"https:\/\/www.newyorkhipknee.com\/es\/wp-json\/wp\/v2\/users\/33"}],"replies":[{"embeddable":true,"href":"https:\/\/www.newyorkhipknee.com\/es\/wp-json\/wp\/v2\/comments?post=22386"}],"version-history":[{"count":0,"href":"https:\/\/www.newyorkhipknee.com\/es\/wp-json\/wp\/v2\/pages\/22386\/revisions"}],"up":[{"embeddable":true,"href":"https:\/\/www.newyorkhipknee.com\/es\/wp-json\/wp\/v2\/pages\/22204"}],"wp:attachment":[{"href":"https:\/\/www.newyorkhipknee.com\/es\/wp-json\/wp\/v2\/media?parent=22386"}],"curies":[{"name":"wp","href":"https:\/\/api.w.org\/{rel}","templated":true}]}}