{"id":22389,"date":"2024-01-04T15:05:48","date_gmt":"2024-01-04T20:05:48","guid":{"rendered":"https:\/\/newyorkhipknee.com\/indemnizacion-por-accidente-laboral\/directrices-de-tratamiento-medico-mtg\/lesion-en-el-cuello\/procedimientos-terapeuticos-no-quirurgicos-2\/ortesica\/"},"modified":"2024-01-30T11:59:21","modified_gmt":"2024-01-30T16:59:21","slug":"ortesica","status":"publish","type":"page","link":"https:\/\/www.newyorkhipknee.com\/es\/indemnizacion-por-accidente-laboral\/directrices-de-tratamiento-medico-mtg\/lesion-en-el-cuello\/procedimientos-terapeuticos-no-quirurgicos-2\/ortesica\/","title":{"rendered":"Pautas de tratamiento m\u00e9dico del Estado de Nueva York para ortesis en lesiones cervicales en pacientes con indemnizaci\u00f3n laboral"},"content":{"rendered":"<p>Las directrices establecidas por la Junta de Indemnizaci\u00f3n por Accidentes de Trabajo del Estado de Nueva York est\u00e1n dise\u00f1adas para ayudar a los profesionales sanitarios en la aplicaci\u00f3n de \u00f3rtesis a personas con lesiones cervicales. El objetivo de estas directrices es ayudar a los m\u00e9dicos y profesionales sanitarios a determinar el uso adecuado de los dispositivos ort\u00e9sicos para ayudar en el tratamiento y la rehabilitaci\u00f3n de las lesiones cervicales.<\/p>\n<p>Los profesionales sanitarios especializados en lesiones cervicales pueden confiar en la orientaci\u00f3n proporcionada por la Junta de Indemnizaci\u00f3n por Accidentes de Trabajo para tomar decisiones bien informadas sobre las intervenciones ort\u00e9sicas m\u00e1s adecuadas para sus pacientes.<\/p>\n<p>Es fundamental subrayar que estas directrices no pretenden sustituir al juicio cl\u00ednico ni a la experiencia profesional. La decisi\u00f3n final sobre el uso de plantillas ortop\u00e9dicas para lesiones cervicales debe ser fruto de la colaboraci\u00f3n entre el paciente y su profesional sanitario.<\/p>\n<h2>Ortesis para lesiones cervicales<\/h2>\n<p>Los principales objetivos y prop\u00f3sitos del uso de una \u00f3rtesis cervical son: (a) gestionar la posici\u00f3n con fuerzas de control, (b) aplicar fuerzas correctoras para corregir curvaturas an\u00f3malas, (c) ayudar a la estabilidad de la columna vertebral cuando los tejidos blandos o las estructuras osteoligamentosas son insuficientes como estabilizadores, y (d) limitar el movimiento de los segmentos vertebrales tras un traumatismo agudo o una intervenci\u00f3n quir\u00fargica. Cuando se trata de lesiones cervicales traum\u00e1ticas, la m\u00e1xima prioridad es salvaguardar la m\u00e9dula espinal y las ra\u00edces nerviosas.<\/p>\n<p>&nbsp;<\/p>\n<h2>Collarines cervicales<\/h2>\n<h3>Collares blandos<\/h3>\n<p>Recomendado &#8211; para determinadas personas. Indicaciones: Puede ser usado por los pacientes mientras est\u00e1n en la cama para aliviar el dolor y facilitar el sue\u00f1o cuando se asegura con el cierre en la parte delantera. Justificaci\u00f3n: Aunque son bien tolerados por la mayor\u00eda de los pacientes, los collarines blandos no restringen significativamente el movimiento en ninguna direcci\u00f3n y est\u00e1n relacionados con un retraso en la recuperaci\u00f3n.<\/p>\n<p>No hay pruebas de que su uso ayude a recuperarse de un esguince cervical. En casos de lesiones agudas por distensi\u00f3n\/esguince, el uso de collarines cervicales podr\u00eda prolongar la discapacidad, impedir la movilizaci\u00f3n precoz, fomentar la dependencia psicol\u00f3gica y restringir la autoactividad. Algunas pruebas sugieren que los pacientes a los que se anima a mantener actividades regulares experimentan menos rigidez de cuello y dolor de cabeza en comparaci\u00f3n con los que reciben instrucciones de llevar collarines cervicales despu\u00e9s de accidentes de tr\u00e1fico.<\/p>\n<p>&nbsp;<\/p>\n<h3>Collares r\u00edgidos, como una \u00f3rtesis de Filadelfia o Miami<\/h3>\n<p>Recomendados: estos collares pueden ser beneficiosos en situaciones postoperatorias o de emergencia. Limitan el movimiento de flexi\u00f3n y extensi\u00f3n, con un impacto algo menor en la flexi\u00f3n lateral y la rotaci\u00f3n. La duraci\u00f3n del desgaste tras la intervenci\u00f3n depende de la evaluaci\u00f3n del cirujano. Normalmente se emplea para el cuidado de fracturas y situaciones postoperatorias.<\/p>\n<p>&nbsp;<\/p>\n<h3>Aparatos de postura<\/h3>\n<p>No recomendado &#8211; para lesiones que impliquen esguinces o distensiones.<\/p>\n<p>&nbsp;<\/p>\n<h3>\u00d3rtesis cervicotor\u00e1cica<\/h3>\n<p>Las ortesis cervicotor\u00e1cicas como las de Yale y las de inmovilizaci\u00f3n esternoccipito mandibular (SOMI) ofrecen un control m\u00e1s amplio de la flexi\u00f3n y la extensi\u00f3n en comparaci\u00f3n con el collar\u00edn Philadelphia, proporcionando un mejor control de la flexi\u00f3n lateral y la rotaci\u00f3n. Se utiliza normalmente para el cuidado de fracturas y afecciones postoperatorias.<br \/>\nRecomendado &#8211; para el tratamiento de lesiones traum\u00e1ticas espec\u00edficas.<br \/>\nRecomendado &#8211; postoperatorio seg\u00fan se considere cl\u00ednicamente necesario.<br \/>\nNo recomendado &#8211; para lesiones caracterizadas como esguinces o distensiones.<\/p>\n<h3>Dispositivos Halo<\/h3>\n<p>Recomendado &#8211; para el tratamiento de fractura cervical, luxaci\u00f3n, y\/o postoperatorio a discreci\u00f3n del cirujano tratante. Consulte Inmovilizaci\u00f3n del halo en la secci\u00f3n Procedimientos terap\u00e9uticos: Cirug\u00eda de esta Gu\u00eda.<\/p>\n<p>&nbsp;<\/p>\n<h3>Otras \u00f3rtesis, dispositivos y equipos<\/h3>\n<p>Las \u00f3rtesis o equipos especiales pueden desempe\u00f1ar un papel en la recuperaci\u00f3n de una lesi\u00f3n cervical, como las que afectan a una ra\u00edz nerviosa cervical que provoca debilidad en las extremidades superiores o una lesi\u00f3n de la m\u00e9dula espinal con alg\u00fan nivel de paraparesia o tetraparesia.<br \/>\nRecomendado &#8211; para pacientes espec\u00edficos dentro de un programa de rehabilitaci\u00f3n bien estructurado como parte de un plan de recuperaci\u00f3n integral.<\/p>\n","protected":false},"excerpt":{"rendered":"<p>Las directrices establecidas por la Junta de Indemnizaci\u00f3n por Accidentes de Trabajo del Estado de Nueva York est\u00e1n dise\u00f1adas para ayudar a los profesionales sanitarios en la aplicaci\u00f3n de \u00f3rtesis a personas con lesiones cervicales. El objetivo de estas directrices es ayudar a los m\u00e9dicos y profesionales sanitarios a determinar el uso adecuado de los [&hellip;]<\/p>\n","protected":false},"author":33,"featured_media":0,"parent":22204,"menu_order":0,"comment_status":"closed","ping_status":"closed","template":"","meta":{"_et_pb_use_builder":"","_et_pb_old_content":"","_et_gb_content_width":"","footnotes":""},"class_list":["post-22389","page","type-page","status-publish","hentry"],"yoast_head":"<!-- This site is optimized with the Yoast SEO plugin v27.2 - https:\/\/yoast.com\/product\/yoast-seo-wordpress\/ -->\n<title>Pautas de tratamiento m\u00e9dico del Estado de Nueva York para ortesis en lesiones cervicales en pacientes con indemnizaci\u00f3n laboral | Best Hip &amp; Knee Surgeon | NY, USA<\/title>\n<meta name=\"description\" content=\"Las directrices establecidas por la Junta de Indemnizaci\u00f3n por Accidentes de Trabajo del Estado de Nueva York est\u00e1n dise\u00f1adas para ayudar a los\" \/>\n<meta name=\"robots\" content=\"index, follow, max-snippet:-1, max-image-preview:large, max-video-preview:-1\" \/>\n<link rel=\"canonical\" href=\"https:\/\/www.newyorkhipknee.com\/es\/indemnizacion-por-accidente-laboral\/directrices-de-tratamiento-medico-mtg\/lesion-en-el-cuello\/procedimientos-terapeuticos-no-quirurgicos-2\/ortesica\/\" \/>\n<meta property=\"og:locale\" content=\"es_ES\" \/>\n<meta property=\"og:type\" content=\"article\" \/>\n<meta property=\"og:title\" content=\"Pautas de tratamiento m\u00e9dico del Estado de Nueva York para ortesis en lesiones cervicales en pacientes con indemnizaci\u00f3n laboral | Best Hip &amp; Knee Surgeon | NY, USA\" \/>\n<meta property=\"og:description\" content=\"Las directrices establecidas por la Junta de Indemnizaci\u00f3n por Accidentes de Trabajo del Estado de Nueva York est\u00e1n dise\u00f1adas para ayudar a los\" \/>\n<meta property=\"og:url\" content=\"https:\/\/www.newyorkhipknee.com\/es\/indemnizacion-por-accidente-laboral\/directrices-de-tratamiento-medico-mtg\/lesion-en-el-cuello\/procedimientos-terapeuticos-no-quirurgicos-2\/ortesica\/\" \/>\n<meta property=\"og:site_name\" content=\"Best Hip &amp; Knee Surgeon | NY, USA\" \/>\n<meta property=\"article:modified_time\" content=\"2024-01-30T16:59:21+00:00\" \/>\n<meta name=\"twitter:card\" content=\"summary_large_image\" \/>\n<meta name=\"twitter:label1\" content=\"Tiempo de lectura\" \/>\n\t<meta name=\"twitter:data1\" content=\"4 minutos\" \/>\n<script type=\"application\/ld+json\" class=\"yoast-schema-graph\">{\"@context\":\"https:\/\/schema.org\",\"@graph\":[{\"@type\":[\"WebPage\",\"MedicalWebPage\"],\"@id\":\"https:\/\/www.newyorkhipknee.com\/es\/indemnizacion-por-accidente-laboral\/directrices-de-tratamiento-medico-mtg\/lesion-en-el-cuello\/procedimientos-terapeuticos-no-quirurgicos-2\/ortesica\/\",\"url\":\"https:\/\/www.newyorkhipknee.com\/es\/indemnizacion-por-accidente-laboral\/directrices-de-tratamiento-medico-mtg\/lesion-en-el-cuello\/procedimientos-terapeuticos-no-quirurgicos-2\/ortesica\/\",\"name\":\"Pautas de tratamiento m\u00e9dico del Estado de Nueva York para ortesis en lesiones cervicales en pacientes con indemnizaci\u00f3n laboral | Best Hip &amp; Knee Surgeon | NY, USA\",\"isPartOf\":{\"@id\":\"https:\/\/www.newyorkhipknee.com\/es\/#website\"},\"datePublished\":\"2024-01-04T20:05:48+00:00\",\"dateModified\":\"2024-01-30T16:59:21+00:00\",\"description\":\"Las directrices establecidas por la Junta de Indemnizaci\u00f3n por Accidentes de Trabajo del Estado de Nueva York est\u00e1n dise\u00f1adas para ayudar a los\",\"breadcrumb\":{\"@id\":\"https:\/\/www.newyorkhipknee.com\/es\/indemnizacion-por-accidente-laboral\/directrices-de-tratamiento-medico-mtg\/lesion-en-el-cuello\/procedimientos-terapeuticos-no-quirurgicos-2\/ortesica\/#breadcrumb\"},\"inLanguage\":\"es\",\"potentialAction\":[{\"@type\":\"ReadAction\",\"target\":[\"https:\/\/www.newyorkhipknee.com\/es\/indemnizacion-por-accidente-laboral\/directrices-de-tratamiento-medico-mtg\/lesion-en-el-cuello\/procedimientos-terapeuticos-no-quirurgicos-2\/ortesica\/\"]}]},{\"@type\":\"BreadcrumbList\",\"@id\":\"https:\/\/www.newyorkhipknee.com\/es\/indemnizacion-por-accidente-laboral\/directrices-de-tratamiento-medico-mtg\/lesion-en-el-cuello\/procedimientos-terapeuticos-no-quirurgicos-2\/ortesica\/#breadcrumb\",\"itemListElement\":[{\"@type\":\"ListItem\",\"position\":1,\"name\":\"Home\",\"item\":\"https:\/\/www.newyorkhipknee.com\/es\/\"},{\"@type\":\"ListItem\",\"position\":2,\"name\":\"Indemnizaci\u00f3n por accidente laboral\",\"item\":\"https:\/\/www.newyorkhipknee.com\/es\/indemnizacion-por-accidente-laboral\/\"},{\"@type\":\"ListItem\",\"position\":3,\"name\":\"Directrices de tratamiento m\u00e9dico (MTG)\",\"item\":\"https:\/\/www.newyorkhipknee.com\/es\/indemnizacion-por-accidente-laboral\/directrices-de-tratamiento-medico-mtg\/\"},{\"@type\":\"ListItem\",\"position\":4,\"name\":\"Pautas de tratamiento m\u00e9dico del Estado de Nueva York para lesiones cervicales en pacientes con indemnizaci\u00f3n por accidente laboral\",\"item\":\"https:\/\/www.newyorkhipknee.com\/es\/indemnizacion-por-accidente-laboral\/directrices-de-tratamiento-medico-mtg\/lesion-en-el-cuello\/\"},{\"@type\":\"ListItem\",\"position\":5,\"name\":\"Pautas de tratamiento m\u00e9dico del Estado de Nueva York para procedimientos terap\u00e9uticos: No quir\u00fargicos para lesiones cervicales en pacientes con indemnizaci\u00f3n laboral\",\"item\":\"https:\/\/www.newyorkhipknee.com\/es\/indemnizacion-por-accidente-laboral\/directrices-de-tratamiento-medico-mtg\/lesion-en-el-cuello\/procedimientos-terapeuticos-no-quirurgicos-2\/\"},{\"@type\":\"ListItem\",\"position\":6,\"name\":\"Pautas de tratamiento m\u00e9dico del Estado de Nueva York para ortesis en lesiones cervicales en pacientes con indemnizaci\u00f3n laboral\"}]},{\"@type\":\"WebSite\",\"@id\":\"https:\/\/www.newyorkhipknee.com\/es\/#website\",\"url\":\"https:\/\/www.newyorkhipknee.com\/es\/\",\"name\":\"Best Hip & Knee Surgeon | NY, USA\",\"description\":\"\",\"potentialAction\":[{\"@type\":\"SearchAction\",\"target\":{\"@type\":\"EntryPoint\",\"urlTemplate\":\"https:\/\/www.newyorkhipknee.com\/es\/?s={search_term_string}\"},\"query-input\":{\"@type\":\"PropertyValueSpecification\",\"valueRequired\":true,\"valueName\":\"search_term_string\"}}],\"inLanguage\":\"es\"}]}<\/script>\n<!-- \/ Yoast SEO plugin. -->","yoast_head_json":{"title":"Pautas de tratamiento m\u00e9dico del Estado de Nueva York para ortesis en lesiones cervicales en pacientes con indemnizaci\u00f3n laboral | Best Hip &amp; Knee Surgeon | NY, USA","description":"Las directrices establecidas por la Junta de Indemnizaci\u00f3n por Accidentes de Trabajo del Estado de Nueva York est\u00e1n dise\u00f1adas para ayudar a los","robots":{"index":"index","follow":"follow","max-snippet":"max-snippet:-1","max-image-preview":"max-image-preview:large","max-video-preview":"max-video-preview:-1"},"canonical":"https:\/\/www.newyorkhipknee.com\/es\/indemnizacion-por-accidente-laboral\/directrices-de-tratamiento-medico-mtg\/lesion-en-el-cuello\/procedimientos-terapeuticos-no-quirurgicos-2\/ortesica\/","og_locale":"es_ES","og_type":"article","og_title":"Pautas de tratamiento m\u00e9dico del Estado de Nueva York para ortesis en lesiones cervicales en pacientes con indemnizaci\u00f3n laboral | Best Hip &amp; Knee Surgeon | NY, USA","og_description":"Las directrices establecidas por la Junta de Indemnizaci\u00f3n por Accidentes de Trabajo del Estado de Nueva York est\u00e1n dise\u00f1adas para ayudar a los","og_url":"https:\/\/www.newyorkhipknee.com\/es\/indemnizacion-por-accidente-laboral\/directrices-de-tratamiento-medico-mtg\/lesion-en-el-cuello\/procedimientos-terapeuticos-no-quirurgicos-2\/ortesica\/","og_site_name":"Best Hip &amp; Knee Surgeon | NY, USA","article_modified_time":"2024-01-30T16:59:21+00:00","twitter_card":"summary_large_image","twitter_misc":{"Tiempo de lectura":"4 minutos"},"schema":{"@context":"https:\/\/schema.org","@graph":[{"@type":["WebPage","MedicalWebPage"],"@id":"https:\/\/www.newyorkhipknee.com\/es\/indemnizacion-por-accidente-laboral\/directrices-de-tratamiento-medico-mtg\/lesion-en-el-cuello\/procedimientos-terapeuticos-no-quirurgicos-2\/ortesica\/","url":"https:\/\/www.newyorkhipknee.com\/es\/indemnizacion-por-accidente-laboral\/directrices-de-tratamiento-medico-mtg\/lesion-en-el-cuello\/procedimientos-terapeuticos-no-quirurgicos-2\/ortesica\/","name":"Pautas de tratamiento m\u00e9dico del Estado de Nueva York para ortesis en lesiones cervicales en pacientes con indemnizaci\u00f3n laboral | Best Hip &amp; Knee Surgeon | NY, USA","isPartOf":{"@id":"https:\/\/www.newyorkhipknee.com\/es\/#website"},"datePublished":"2024-01-04T20:05:48+00:00","dateModified":"2024-01-30T16:59:21+00:00","description":"Las directrices establecidas por la Junta de Indemnizaci\u00f3n por Accidentes de Trabajo del Estado de Nueva York est\u00e1n dise\u00f1adas para ayudar a los","breadcrumb":{"@id":"https:\/\/www.newyorkhipknee.com\/es\/indemnizacion-por-accidente-laboral\/directrices-de-tratamiento-medico-mtg\/lesion-en-el-cuello\/procedimientos-terapeuticos-no-quirurgicos-2\/ortesica\/#breadcrumb"},"inLanguage":"es","potentialAction":[{"@type":"ReadAction","target":["https:\/\/www.newyorkhipknee.com\/es\/indemnizacion-por-accidente-laboral\/directrices-de-tratamiento-medico-mtg\/lesion-en-el-cuello\/procedimientos-terapeuticos-no-quirurgicos-2\/ortesica\/"]}]},{"@type":"BreadcrumbList","@id":"https:\/\/www.newyorkhipknee.com\/es\/indemnizacion-por-accidente-laboral\/directrices-de-tratamiento-medico-mtg\/lesion-en-el-cuello\/procedimientos-terapeuticos-no-quirurgicos-2\/ortesica\/#breadcrumb","itemListElement":[{"@type":"ListItem","position":1,"name":"Home","item":"https:\/\/www.newyorkhipknee.com\/es\/"},{"@type":"ListItem","position":2,"name":"Indemnizaci\u00f3n por accidente laboral","item":"https:\/\/www.newyorkhipknee.com\/es\/indemnizacion-por-accidente-laboral\/"},{"@type":"ListItem","position":3,"name":"Directrices de tratamiento m\u00e9dico (MTG)","item":"https:\/\/www.newyorkhipknee.com\/es\/indemnizacion-por-accidente-laboral\/directrices-de-tratamiento-medico-mtg\/"},{"@type":"ListItem","position":4,"name":"Pautas de tratamiento m\u00e9dico del Estado de Nueva York para lesiones cervicales en pacientes con indemnizaci\u00f3n por accidente laboral","item":"https:\/\/www.newyorkhipknee.com\/es\/indemnizacion-por-accidente-laboral\/directrices-de-tratamiento-medico-mtg\/lesion-en-el-cuello\/"},{"@type":"ListItem","position":5,"name":"Pautas de tratamiento m\u00e9dico del Estado de Nueva York para procedimientos terap\u00e9uticos: No quir\u00fargicos para lesiones cervicales en pacientes con indemnizaci\u00f3n laboral","item":"https:\/\/www.newyorkhipknee.com\/es\/indemnizacion-por-accidente-laboral\/directrices-de-tratamiento-medico-mtg\/lesion-en-el-cuello\/procedimientos-terapeuticos-no-quirurgicos-2\/"},{"@type":"ListItem","position":6,"name":"Pautas de tratamiento m\u00e9dico del Estado de Nueva York para ortesis en lesiones cervicales en pacientes con indemnizaci\u00f3n laboral"}]},{"@type":"WebSite","@id":"https:\/\/www.newyorkhipknee.com\/es\/#website","url":"https:\/\/www.newyorkhipknee.com\/es\/","name":"Best Hip & Knee Surgeon | NY, USA","description":"","potentialAction":[{"@type":"SearchAction","target":{"@type":"EntryPoint","urlTemplate":"https:\/\/www.newyorkhipknee.com\/es\/?s={search_term_string}"},"query-input":{"@type":"PropertyValueSpecification","valueRequired":true,"valueName":"search_term_string"}}],"inLanguage":"es"}]}},"_links":{"self":[{"href":"https:\/\/www.newyorkhipknee.com\/es\/wp-json\/wp\/v2\/pages\/22389","targetHints":{"allow":["GET"]}}],"collection":[{"href":"https:\/\/www.newyorkhipknee.com\/es\/wp-json\/wp\/v2\/pages"}],"about":[{"href":"https:\/\/www.newyorkhipknee.com\/es\/wp-json\/wp\/v2\/types\/page"}],"author":[{"embeddable":true,"href":"https:\/\/www.newyorkhipknee.com\/es\/wp-json\/wp\/v2\/users\/33"}],"replies":[{"embeddable":true,"href":"https:\/\/www.newyorkhipknee.com\/es\/wp-json\/wp\/v2\/comments?post=22389"}],"version-history":[{"count":0,"href":"https:\/\/www.newyorkhipknee.com\/es\/wp-json\/wp\/v2\/pages\/22389\/revisions"}],"up":[{"embeddable":true,"href":"https:\/\/www.newyorkhipknee.com\/es\/wp-json\/wp\/v2\/pages\/22204"}],"wp:attachment":[{"href":"https:\/\/www.newyorkhipknee.com\/es\/wp-json\/wp\/v2\/media?parent=22389"}],"curies":[{"name":"wp","href":"https:\/\/api.w.org\/{rel}","templated":true}]}}