{"id":22781,"date":"2024-01-23T15:56:39","date_gmt":"2024-01-23T20:56:39","guid":{"rendered":"https:\/\/newyorkhipknee.com\/indemnizacion-por-accidente-laboral\/directrices-de-tratamiento-medico-mtg\/lesion-de-rodilla\/pautas-de-tratamiento-medico-del-estado-de-nueva-york-para-la-bursitis-en-pacientes-de-compensacion-laboral\/"},"modified":"2024-01-23T15:56:39","modified_gmt":"2024-01-23T20:56:39","slug":"pautas-de-tratamiento-medico-del-estado-de-nueva-york-para-la-bursitis-en-pacientes-de-compensacion-laboral","status":"publish","type":"page","link":"https:\/\/www.newyorkhipknee.com\/es\/indemnizacion-por-accidente-laboral\/directrices-de-tratamiento-medico-mtg\/lesion-de-rodilla\/pautas-de-tratamiento-medico-del-estado-de-nueva-york-para-la-bursitis-en-pacientes-de-compensacion-laboral\/","title":{"rendered":"Pautas de tratamiento m\u00e9dico del estado de Nueva York para la bursitis en pacientes de compensaci\u00f3n laboral"},"content":{"rendered":"<p>Las directrices formuladas por la Junta de Indemnizaci\u00f3n por Accidentes de Trabajo del Estado de Nueva York tienen por objeto ayudar a los m\u00e9dicos y otros profesionales sanitarios a administrar un tratamiento adecuado para la bursitis.<\/p>\n<p>Dise\u00f1adas para los profesionales sanitarios, estas directrices de la Junta de Indemnizaci\u00f3n por Accidentes de Trabajo ofrecen ayuda para determinar el nivel adecuado de cuidados para las personas con bursitis.<\/p>\n<p>Es fundamental se\u00f1alar que estas directrices no sustituyen al juicio cl\u00ednico ni a la experiencia profesional. La decisi\u00f3n final sobre la atenci\u00f3n sanitaria debe ser una colaboraci\u00f3n entre el paciente y el profesional sanitario.<\/p>\n<p>&nbsp;<\/p>\n<h3><strong>Descripci\u00f3n: __________<\/strong><\/h3>\n<p>Inflamaci\u00f3n del tejido de la bursa. Puede precipitarse por tendinitis, espolones \u00f3seos, cuerpos extra\u00f1os, gota, artritis, desgarros musculares o infecci\u00f3n.<\/p>\n<p>&nbsp;<\/p>\n<h3><strong>Mecanismo de lesi\u00f3n<\/strong><\/h3>\n<p>Puede estar causado por un cambio repentino en los h\u00e1bitos de trabajo, movimientos repetitivos frecuentes en un perfil de trabajo no rutinario, cambios posturales, contusi\u00f3n, escalada frecuente, traumatismo de tejidos blandos, fractura, trabajo continuo en superficies irregulares, fuerza de compresi\u00f3n sostenida.<\/p>\n<p>&nbsp;<\/p>\n<h3><strong>Hallazgos f\u00edsicos espec\u00edficos<\/strong><\/h3>\n<p>Bursa palpable, sensible y agrandada, disminuci\u00f3n del rango de movimiento, calor. Puede haber aumentado el dolor con el rango de movimiento.<\/p>\n<p>&nbsp;<\/p>\n<h3><strong>Procedimientos de pruebas de diagn\u00f3stico<\/strong><\/h3>\n<p>Aspiraci\u00f3n de l\u00edquido bursal<br \/>\nRecomendado &#8211; en pacientes seleccionados seg\u00fan indicaci\u00f3n cl\u00ednica.<br \/>\nIndicaciones: Puede obtenerse en pacientes con necesidad de pruebas para trastornos del tejido conectivo, enfermedad reum\u00e1tica e infecci\u00f3n.<\/p>\n<p>&nbsp;<\/p>\n<h3><strong>Radiograf\u00edas, TC, RM<\/strong><\/h3>\n<p>No recomendado<\/p>\n<p>&nbsp;<\/p>\n<h3><strong>Tratamiento no quir\u00fargico<\/strong><\/h3>\n<p>Reposo\/restricci\u00f3n de la actividad, descarga con muletas o bast\u00f3n, AINE, APAP, que pueden ir seguidos de terapia activa y\/o pasiva, hielo, inyecci\u00f3n terap\u00e9utica, tratamiento de una infecci\u00f3n subyacente, si est\u00e1 presente.<br \/>\nRecomendado &#8211; en pacientes seleccionados seg\u00fan indicaci\u00f3n cl\u00ednica.<\/p>\n<p>&nbsp;<\/p>\n<h3><strong>Tratamiento Quir\u00fargico<\/strong><\/h3>\n<p>Escisi\u00f3n quir\u00fargica de la bursa<br \/>\nRecomendado &#8211; en pacientes seleccionados seg\u00fan indicaci\u00f3n cl\u00ednica.<br \/>\nIndicaciones: escisi\u00f3n de la bursa tras el fracaso del tratamiento conservador.<\/p>\n<p>&nbsp;<\/p>\n<h3><strong>Terapia postoperatoria<\/strong><\/h3>\n<p>Recomendado &#8211; en pacientes seleccionados seg\u00fan indicaci\u00f3n cl\u00ednica.<\/p>\n<p>&nbsp;<\/p>\n<div class=\"textwidget\">\n<p>&nbsp;<\/p>\n<\/div>\n","protected":false},"excerpt":{"rendered":"<p>Las directrices formuladas por la Junta de Indemnizaci\u00f3n por Accidentes de Trabajo del Estado de Nueva York tienen por objeto ayudar a los m\u00e9dicos y otros profesionales sanitarios a administrar un tratamiento adecuado para la bursitis. Dise\u00f1adas para los profesionales sanitarios, estas directrices de la Junta de Indemnizaci\u00f3n por Accidentes de Trabajo ofrecen ayuda para [&hellip;]<\/p>\n","protected":false},"author":33,"featured_media":0,"parent":22300,"menu_order":0,"comment_status":"closed","ping_status":"closed","template":"","meta":{"_et_pb_use_builder":"","_et_pb_old_content":"","_et_gb_content_width":"","footnotes":""},"class_list":["post-22781","page","type-page","status-publish","hentry"],"yoast_head":"<!-- This site is optimized with the Yoast SEO plugin v27.2 - https:\/\/yoast.com\/product\/yoast-seo-wordpress\/ -->\n<title>Pautas de tratamiento m\u00e9dico del estado de Nueva York para la bursitis en pacientes de compensaci\u00f3n laboral | Best Hip &amp; Knee Surgeon | NY, USA<\/title>\n<meta name=\"description\" content=\"Las directrices formuladas por la Junta de Indemnizaci\u00f3n por Accidentes de Trabajo del Estado de Nueva York tienen por objeto ayudar a los m\u00e9dicos y otros\" \/>\n<meta name=\"robots\" content=\"index, follow, max-snippet:-1, max-image-preview:large, max-video-preview:-1\" \/>\n<link rel=\"canonical\" href=\"https:\/\/www.newyorkhipknee.com\/es\/indemnizacion-por-accidente-laboral\/directrices-de-tratamiento-medico-mtg\/lesion-de-rodilla\/pautas-de-tratamiento-medico-del-estado-de-nueva-york-para-la-bursitis-en-pacientes-de-compensacion-laboral\/\" \/>\n<meta property=\"og:locale\" content=\"es_ES\" \/>\n<meta property=\"og:type\" content=\"article\" \/>\n<meta property=\"og:title\" content=\"Pautas de tratamiento m\u00e9dico del estado de Nueva York para la bursitis en pacientes de compensaci\u00f3n laboral | Best Hip &amp; Knee Surgeon | NY, USA\" \/>\n<meta property=\"og:description\" content=\"Las directrices formuladas por la Junta de Indemnizaci\u00f3n por Accidentes de Trabajo del Estado de Nueva York tienen por objeto ayudar a los m\u00e9dicos y otros\" \/>\n<meta property=\"og:url\" content=\"https:\/\/www.newyorkhipknee.com\/es\/indemnizacion-por-accidente-laboral\/directrices-de-tratamiento-medico-mtg\/lesion-de-rodilla\/pautas-de-tratamiento-medico-del-estado-de-nueva-york-para-la-bursitis-en-pacientes-de-compensacion-laboral\/\" \/>\n<meta property=\"og:site_name\" content=\"Best Hip &amp; Knee Surgeon | NY, USA\" \/>\n<meta name=\"twitter:card\" content=\"summary_large_image\" \/>\n<meta name=\"twitter:label1\" content=\"Tiempo de lectura\" \/>\n\t<meta name=\"twitter:data1\" content=\"2 minutos\" \/>\n<script type=\"application\/ld+json\" class=\"yoast-schema-graph\">{\"@context\":\"https:\/\/schema.org\",\"@graph\":[{\"@type\":[\"WebPage\",\"MedicalWebPage\"],\"@id\":\"https:\/\/www.newyorkhipknee.com\/es\/indemnizacion-por-accidente-laboral\/directrices-de-tratamiento-medico-mtg\/lesion-de-rodilla\/pautas-de-tratamiento-medico-del-estado-de-nueva-york-para-la-bursitis-en-pacientes-de-compensacion-laboral\/\",\"url\":\"https:\/\/www.newyorkhipknee.com\/es\/indemnizacion-por-accidente-laboral\/directrices-de-tratamiento-medico-mtg\/lesion-de-rodilla\/pautas-de-tratamiento-medico-del-estado-de-nueva-york-para-la-bursitis-en-pacientes-de-compensacion-laboral\/\",\"name\":\"Pautas de tratamiento m\u00e9dico del estado de Nueva York para la bursitis en pacientes de compensaci\u00f3n laboral | Best Hip &amp; Knee Surgeon | NY, USA\",\"isPartOf\":{\"@id\":\"https:\/\/www.newyorkhipknee.com\/es\/#website\"},\"datePublished\":\"2024-01-23T20:56:39+00:00\",\"description\":\"Las directrices formuladas por la Junta de Indemnizaci\u00f3n por Accidentes de Trabajo del Estado de Nueva York tienen por objeto ayudar a los m\u00e9dicos y otros\",\"breadcrumb\":{\"@id\":\"https:\/\/www.newyorkhipknee.com\/es\/indemnizacion-por-accidente-laboral\/directrices-de-tratamiento-medico-mtg\/lesion-de-rodilla\/pautas-de-tratamiento-medico-del-estado-de-nueva-york-para-la-bursitis-en-pacientes-de-compensacion-laboral\/#breadcrumb\"},\"inLanguage\":\"es\",\"potentialAction\":[{\"@type\":\"ReadAction\",\"target\":[\"https:\/\/www.newyorkhipknee.com\/es\/indemnizacion-por-accidente-laboral\/directrices-de-tratamiento-medico-mtg\/lesion-de-rodilla\/pautas-de-tratamiento-medico-del-estado-de-nueva-york-para-la-bursitis-en-pacientes-de-compensacion-laboral\/\"]}]},{\"@type\":\"BreadcrumbList\",\"@id\":\"https:\/\/www.newyorkhipknee.com\/es\/indemnizacion-por-accidente-laboral\/directrices-de-tratamiento-medico-mtg\/lesion-de-rodilla\/pautas-de-tratamiento-medico-del-estado-de-nueva-york-para-la-bursitis-en-pacientes-de-compensacion-laboral\/#breadcrumb\",\"itemListElement\":[{\"@type\":\"ListItem\",\"position\":1,\"name\":\"Home\",\"item\":\"https:\/\/www.newyorkhipknee.com\/es\/\"},{\"@type\":\"ListItem\",\"position\":2,\"name\":\"Indemnizaci\u00f3n por accidente laboral\",\"item\":\"https:\/\/www.newyorkhipknee.com\/es\/indemnizacion-por-accidente-laboral\/\"},{\"@type\":\"ListItem\",\"position\":3,\"name\":\"Directrices de tratamiento m\u00e9dico (MTG)\",\"item\":\"https:\/\/www.newyorkhipknee.com\/es\/indemnizacion-por-accidente-laboral\/directrices-de-tratamiento-medico-mtg\/\"},{\"@type\":\"ListItem\",\"position\":4,\"name\":\"Pautas de tratamiento m\u00e9dico del Estado de Nueva York para lesiones de rodilla en pacientes con indemnizaci\u00f3n por accidente laboral\",\"item\":\"https:\/\/www.newyorkhipknee.com\/es\/indemnizacion-por-accidente-laboral\/directrices-de-tratamiento-medico-mtg\/lesion-de-rodilla\/\"},{\"@type\":\"ListItem\",\"position\":5,\"name\":\"Pautas de tratamiento m\u00e9dico del estado de Nueva York para la bursitis en pacientes de compensaci\u00f3n laboral\"}]},{\"@type\":\"WebSite\",\"@id\":\"https:\/\/www.newyorkhipknee.com\/es\/#website\",\"url\":\"https:\/\/www.newyorkhipknee.com\/es\/\",\"name\":\"Best Hip & Knee Surgeon | NY, USA\",\"description\":\"\",\"potentialAction\":[{\"@type\":\"SearchAction\",\"target\":{\"@type\":\"EntryPoint\",\"urlTemplate\":\"https:\/\/www.newyorkhipknee.com\/es\/?s={search_term_string}\"},\"query-input\":{\"@type\":\"PropertyValueSpecification\",\"valueRequired\":true,\"valueName\":\"search_term_string\"}}],\"inLanguage\":\"es\"}]}<\/script>\n<!-- \/ Yoast SEO plugin. -->","yoast_head_json":{"title":"Pautas de tratamiento m\u00e9dico del estado de Nueva York para la bursitis en pacientes de compensaci\u00f3n laboral | Best Hip &amp; Knee Surgeon | NY, USA","description":"Las directrices formuladas por la Junta de Indemnizaci\u00f3n por Accidentes de Trabajo del Estado de Nueva York tienen por objeto ayudar a los m\u00e9dicos y otros","robots":{"index":"index","follow":"follow","max-snippet":"max-snippet:-1","max-image-preview":"max-image-preview:large","max-video-preview":"max-video-preview:-1"},"canonical":"https:\/\/www.newyorkhipknee.com\/es\/indemnizacion-por-accidente-laboral\/directrices-de-tratamiento-medico-mtg\/lesion-de-rodilla\/pautas-de-tratamiento-medico-del-estado-de-nueva-york-para-la-bursitis-en-pacientes-de-compensacion-laboral\/","og_locale":"es_ES","og_type":"article","og_title":"Pautas de tratamiento m\u00e9dico del estado de Nueva York para la bursitis en pacientes de compensaci\u00f3n laboral | Best Hip &amp; Knee Surgeon | NY, USA","og_description":"Las directrices formuladas por la Junta de Indemnizaci\u00f3n por Accidentes de Trabajo del Estado de Nueva York tienen por objeto ayudar a los m\u00e9dicos y otros","og_url":"https:\/\/www.newyorkhipknee.com\/es\/indemnizacion-por-accidente-laboral\/directrices-de-tratamiento-medico-mtg\/lesion-de-rodilla\/pautas-de-tratamiento-medico-del-estado-de-nueva-york-para-la-bursitis-en-pacientes-de-compensacion-laboral\/","og_site_name":"Best Hip &amp; Knee Surgeon | NY, USA","twitter_card":"summary_large_image","twitter_misc":{"Tiempo de lectura":"2 minutos"},"schema":{"@context":"https:\/\/schema.org","@graph":[{"@type":["WebPage","MedicalWebPage"],"@id":"https:\/\/www.newyorkhipknee.com\/es\/indemnizacion-por-accidente-laboral\/directrices-de-tratamiento-medico-mtg\/lesion-de-rodilla\/pautas-de-tratamiento-medico-del-estado-de-nueva-york-para-la-bursitis-en-pacientes-de-compensacion-laboral\/","url":"https:\/\/www.newyorkhipknee.com\/es\/indemnizacion-por-accidente-laboral\/directrices-de-tratamiento-medico-mtg\/lesion-de-rodilla\/pautas-de-tratamiento-medico-del-estado-de-nueva-york-para-la-bursitis-en-pacientes-de-compensacion-laboral\/","name":"Pautas de tratamiento m\u00e9dico del estado de Nueva York para la bursitis en pacientes de compensaci\u00f3n laboral | Best Hip &amp; Knee Surgeon | NY, USA","isPartOf":{"@id":"https:\/\/www.newyorkhipknee.com\/es\/#website"},"datePublished":"2024-01-23T20:56:39+00:00","description":"Las directrices formuladas por la Junta de Indemnizaci\u00f3n por Accidentes de Trabajo del Estado de Nueva York tienen por objeto ayudar a los m\u00e9dicos y otros","breadcrumb":{"@id":"https:\/\/www.newyorkhipknee.com\/es\/indemnizacion-por-accidente-laboral\/directrices-de-tratamiento-medico-mtg\/lesion-de-rodilla\/pautas-de-tratamiento-medico-del-estado-de-nueva-york-para-la-bursitis-en-pacientes-de-compensacion-laboral\/#breadcrumb"},"inLanguage":"es","potentialAction":[{"@type":"ReadAction","target":["https:\/\/www.newyorkhipknee.com\/es\/indemnizacion-por-accidente-laboral\/directrices-de-tratamiento-medico-mtg\/lesion-de-rodilla\/pautas-de-tratamiento-medico-del-estado-de-nueva-york-para-la-bursitis-en-pacientes-de-compensacion-laboral\/"]}]},{"@type":"BreadcrumbList","@id":"https:\/\/www.newyorkhipknee.com\/es\/indemnizacion-por-accidente-laboral\/directrices-de-tratamiento-medico-mtg\/lesion-de-rodilla\/pautas-de-tratamiento-medico-del-estado-de-nueva-york-para-la-bursitis-en-pacientes-de-compensacion-laboral\/#breadcrumb","itemListElement":[{"@type":"ListItem","position":1,"name":"Home","item":"https:\/\/www.newyorkhipknee.com\/es\/"},{"@type":"ListItem","position":2,"name":"Indemnizaci\u00f3n por accidente laboral","item":"https:\/\/www.newyorkhipknee.com\/es\/indemnizacion-por-accidente-laboral\/"},{"@type":"ListItem","position":3,"name":"Directrices de tratamiento m\u00e9dico (MTG)","item":"https:\/\/www.newyorkhipknee.com\/es\/indemnizacion-por-accidente-laboral\/directrices-de-tratamiento-medico-mtg\/"},{"@type":"ListItem","position":4,"name":"Pautas de tratamiento m\u00e9dico del Estado de Nueva York para lesiones de rodilla en pacientes con indemnizaci\u00f3n por accidente laboral","item":"https:\/\/www.newyorkhipknee.com\/es\/indemnizacion-por-accidente-laboral\/directrices-de-tratamiento-medico-mtg\/lesion-de-rodilla\/"},{"@type":"ListItem","position":5,"name":"Pautas de tratamiento m\u00e9dico del estado de Nueva York para la bursitis en pacientes de compensaci\u00f3n laboral"}]},{"@type":"WebSite","@id":"https:\/\/www.newyorkhipknee.com\/es\/#website","url":"https:\/\/www.newyorkhipknee.com\/es\/","name":"Best Hip & Knee Surgeon | NY, USA","description":"","potentialAction":[{"@type":"SearchAction","target":{"@type":"EntryPoint","urlTemplate":"https:\/\/www.newyorkhipknee.com\/es\/?s={search_term_string}"},"query-input":{"@type":"PropertyValueSpecification","valueRequired":true,"valueName":"search_term_string"}}],"inLanguage":"es"}]}},"_links":{"self":[{"href":"https:\/\/www.newyorkhipknee.com\/es\/wp-json\/wp\/v2\/pages\/22781","targetHints":{"allow":["GET"]}}],"collection":[{"href":"https:\/\/www.newyorkhipknee.com\/es\/wp-json\/wp\/v2\/pages"}],"about":[{"href":"https:\/\/www.newyorkhipknee.com\/es\/wp-json\/wp\/v2\/types\/page"}],"author":[{"embeddable":true,"href":"https:\/\/www.newyorkhipknee.com\/es\/wp-json\/wp\/v2\/users\/33"}],"replies":[{"embeddable":true,"href":"https:\/\/www.newyorkhipknee.com\/es\/wp-json\/wp\/v2\/comments?post=22781"}],"version-history":[{"count":0,"href":"https:\/\/www.newyorkhipknee.com\/es\/wp-json\/wp\/v2\/pages\/22781\/revisions"}],"up":[{"embeddable":true,"href":"https:\/\/www.newyorkhipknee.com\/es\/wp-json\/wp\/v2\/pages\/22300"}],"wp:attachment":[{"href":"https:\/\/www.newyorkhipknee.com\/es\/wp-json\/wp\/v2\/media?parent=22781"}],"curies":[{"name":"wp","href":"https:\/\/api.w.org\/{rel}","templated":true}]}}