{"id":22791,"date":"2024-01-23T17:04:59","date_gmt":"2024-01-23T22:04:59","guid":{"rendered":""},"modified":"2024-01-23T17:04:59","modified_gmt":"2024-01-23T22:04:59","slug":"pautas-de-tratamiento-medico-del-estado-de-nueva-york-para-procedimientos-terapeuticos-no-operativos-en-pacientes-de-compensacion-laboral","status":"publish","type":"page","link":"https:\/\/www.newyorkhipknee.com\/es\/indemnizacion-por-accidente-laboral\/directrices-de-tratamiento-medico-mtg\/lesion-de-rodilla\/pautas-de-tratamiento-medico-del-estado-de-nueva-york-para-procedimientos-terapeuticos-no-operativos-en-pacientes-de-compensacion-laboral\/","title":{"rendered":"Pautas de tratamiento m\u00e9dico del Estado de Nueva York para procedimientos terap\u00e9uticos: No Operativos en pacientes de compensaci\u00f3n laboral"},"content":{"rendered":"<p>Las directrices elaboradas por la Junta de Indemnizaci\u00f3n por Accidentes de Trabajo del Estado de Nueva York tienen por objeto ayudar a los m\u00e9dicos y otros profesionales sanitarios a proporcionar un tratamiento adecuado de la lesi\u00f3n de rodilla.<\/p>\n<p>Elaboradas para los profesionales sanitarios, estas directrices de la Junta de Indemnizaci\u00f3n por Accidentes de Trabajo sirven de ayuda para determinar el nivel de atenci\u00f3n adecuado para las personas con lesi\u00f3n de rodilla.<\/p>\n<p>Es esencial subrayar que estas directrices no sustituyen al juicio cl\u00ednico ni a la experiencia profesional. La decisi\u00f3n final sobre los cuidados debe ser una decisi\u00f3n conjunta, en la que participe el paciente en consulta con su profesional sanitario.<\/p>\n<p>Estas directrices no sustituyen al juicio cl\u00ednico ni a la experiencia profesional. La decisi\u00f3n final con respecto a la atenci\u00f3n debe ser tomada por el paciente en consulta con su proveedor de atenci\u00f3n m\u00e9dica.<\/p>\n<p>&nbsp;<\/p>\n<h3>Procedimientos terap\u00e9uticos: No quir\u00fargicos<\/h3>\n<p>Antes de iniciar cualquier procedimiento terap\u00e9utico, el proveedor de tratamiento autorizado, el empresario y la aseguradora deben tener en cuenta estos factores cr\u00edticos en la atenci\u00f3n del trabajador lesionado. En primer lugar, los pacientes sometidos a procedimiento(s) terap\u00e9utico(s) deben ser dados de alta o reincorporados al servicio modificado, restringido o completo durante su rehabilitaci\u00f3n lo antes posible.<\/p>\n<p>En segundo lugar, el cese y\/o la revisi\u00f3n de las modalidades de tratamiento deben llevarse a cabo cuando no se observe ninguna otra mejora significativa subjetiva u objetiva en el estado del paciente.<\/p>\n<p>Si los pacientes no responden en los periodos de duraci\u00f3n recomendados, se deben buscar intervenciones de tratamiento alternativas, estudios diagn\u00f3sticos adicionales o consultas. En tercer lugar, los proveedores deben proporcionar y documentar la educaci\u00f3n del paciente. Ning\u00fan plan de tratamiento est\u00e1 completo si no se abordan las cuestiones de la educaci\u00f3n individual y\/o grupal del paciente como medio para facilitar la autogesti\u00f3n de los s\u00edntomas. En casos inusuales en los que un paciente no pueda acudir a un centro ambulatorio, puede ser necesaria la terapia a domicilio.<\/p>\n<p>La terapia domiciliaria puede incluir procedimientos terap\u00e9uticos activos y pasivos, as\u00ed como otras modalidades para ayudar a aliviar el dolor, la inflamaci\u00f3n y el tono muscular anormal. La terapia domiciliaria suele ser de corta duraci\u00f3n.<\/p>\n<p>&nbsp;<\/p>\n<p>&nbsp;<\/p>\n","protected":false},"excerpt":{"rendered":"<p>Las directrices elaboradas por la Junta de Indemnizaci\u00f3n por Accidentes de Trabajo del Estado de Nueva York tienen por objeto ayudar a los m\u00e9dicos y otros profesionales sanitarios a proporcionar un tratamiento adecuado de la lesi\u00f3n de rodilla. Elaboradas para los profesionales sanitarios, estas directrices de la Junta de Indemnizaci\u00f3n por Accidentes de Trabajo sirven [&hellip;]<\/p>\n","protected":false},"author":33,"featured_media":0,"parent":22300,"menu_order":0,"comment_status":"closed","ping_status":"closed","template":"","meta":{"_et_pb_use_builder":"","_et_pb_old_content":"","_et_gb_content_width":"","footnotes":""},"class_list":["post-22791","page","type-page","status-publish","hentry"],"yoast_head":"<!-- This site is optimized with the Yoast SEO plugin v27.2 - https:\/\/yoast.com\/product\/yoast-seo-wordpress\/ -->\n<title>Pautas de tratamiento m\u00e9dico del Estado de Nueva York para procedimientos terap\u00e9uticos: No Operativos en pacientes de compensaci\u00f3n laboral | Best Hip &amp; Knee Surgeon | NY, USA<\/title>\n<meta name=\"description\" content=\"Las directrices elaboradas por la Junta de Indemnizaci\u00f3n por Accidentes de Trabajo del Estado de Nueva York tienen por objeto ayudar a los m\u00e9dicos y otros\" \/>\n<meta name=\"robots\" content=\"index, follow, max-snippet:-1, max-image-preview:large, max-video-preview:-1\" \/>\n<link rel=\"canonical\" href=\"https:\/\/www.newyorkhipknee.com\/es\/indemnizacion-por-accidente-laboral\/directrices-de-tratamiento-medico-mtg\/lesion-de-rodilla\/pautas-de-tratamiento-medico-del-estado-de-nueva-york-para-procedimientos-terapeuticos-no-operativos-en-pacientes-de-compensacion-laboral\/\" \/>\n<meta property=\"og:locale\" content=\"es_ES\" \/>\n<meta property=\"og:type\" content=\"article\" \/>\n<meta property=\"og:title\" content=\"Pautas de tratamiento m\u00e9dico del Estado de Nueva York para procedimientos terap\u00e9uticos: No Operativos en pacientes de compensaci\u00f3n laboral | Best Hip &amp; Knee Surgeon | NY, USA\" \/>\n<meta property=\"og:description\" content=\"Las directrices elaboradas por la Junta de Indemnizaci\u00f3n por Accidentes de Trabajo del Estado de Nueva York tienen por objeto ayudar a los m\u00e9dicos y otros\" \/>\n<meta property=\"og:url\" content=\"https:\/\/www.newyorkhipknee.com\/es\/indemnizacion-por-accidente-laboral\/directrices-de-tratamiento-medico-mtg\/lesion-de-rodilla\/pautas-de-tratamiento-medico-del-estado-de-nueva-york-para-procedimientos-terapeuticos-no-operativos-en-pacientes-de-compensacion-laboral\/\" \/>\n<meta property=\"og:site_name\" content=\"Best Hip &amp; Knee Surgeon | NY, USA\" \/>\n<meta name=\"twitter:card\" content=\"summary_large_image\" \/>\n<meta name=\"twitter:label1\" content=\"Tiempo de lectura\" \/>\n\t<meta name=\"twitter:data1\" content=\"2 minutos\" \/>\n<script type=\"application\/ld+json\" class=\"yoast-schema-graph\">{\"@context\":\"https:\/\/schema.org\",\"@graph\":[{\"@type\":[\"WebPage\",\"MedicalWebPage\"],\"@id\":\"https:\/\/www.newyorkhipknee.com\/es\/indemnizacion-por-accidente-laboral\/directrices-de-tratamiento-medico-mtg\/lesion-de-rodilla\/pautas-de-tratamiento-medico-del-estado-de-nueva-york-para-procedimientos-terapeuticos-no-operativos-en-pacientes-de-compensacion-laboral\/\",\"url\":\"https:\/\/www.newyorkhipknee.com\/es\/indemnizacion-por-accidente-laboral\/directrices-de-tratamiento-medico-mtg\/lesion-de-rodilla\/pautas-de-tratamiento-medico-del-estado-de-nueva-york-para-procedimientos-terapeuticos-no-operativos-en-pacientes-de-compensacion-laboral\/\",\"name\":\"Pautas de tratamiento m\u00e9dico del Estado de Nueva York para procedimientos terap\u00e9uticos: No Operativos en pacientes de compensaci\u00f3n laboral | Best Hip &amp; Knee Surgeon | NY, USA\",\"isPartOf\":{\"@id\":\"https:\/\/www.newyorkhipknee.com\/es\/#website\"},\"datePublished\":\"2024-01-23T22:04:59+00:00\",\"description\":\"Las directrices elaboradas por la Junta de Indemnizaci\u00f3n por Accidentes de Trabajo del Estado de Nueva York tienen por objeto ayudar a los m\u00e9dicos y otros\",\"breadcrumb\":{\"@id\":\"https:\/\/www.newyorkhipknee.com\/es\/indemnizacion-por-accidente-laboral\/directrices-de-tratamiento-medico-mtg\/lesion-de-rodilla\/pautas-de-tratamiento-medico-del-estado-de-nueva-york-para-procedimientos-terapeuticos-no-operativos-en-pacientes-de-compensacion-laboral\/#breadcrumb\"},\"inLanguage\":\"es\",\"potentialAction\":[{\"@type\":\"ReadAction\",\"target\":[\"https:\/\/www.newyorkhipknee.com\/es\/indemnizacion-por-accidente-laboral\/directrices-de-tratamiento-medico-mtg\/lesion-de-rodilla\/pautas-de-tratamiento-medico-del-estado-de-nueva-york-para-procedimientos-terapeuticos-no-operativos-en-pacientes-de-compensacion-laboral\/\"]}]},{\"@type\":\"BreadcrumbList\",\"@id\":\"https:\/\/www.newyorkhipknee.com\/es\/indemnizacion-por-accidente-laboral\/directrices-de-tratamiento-medico-mtg\/lesion-de-rodilla\/pautas-de-tratamiento-medico-del-estado-de-nueva-york-para-procedimientos-terapeuticos-no-operativos-en-pacientes-de-compensacion-laboral\/#breadcrumb\",\"itemListElement\":[{\"@type\":\"ListItem\",\"position\":1,\"name\":\"Home\",\"item\":\"https:\/\/www.newyorkhipknee.com\/es\/\"},{\"@type\":\"ListItem\",\"position\":2,\"name\":\"Indemnizaci\u00f3n por accidente laboral\",\"item\":\"https:\/\/www.newyorkhipknee.com\/es\/indemnizacion-por-accidente-laboral\/\"},{\"@type\":\"ListItem\",\"position\":3,\"name\":\"Directrices de tratamiento m\u00e9dico (MTG)\",\"item\":\"https:\/\/www.newyorkhipknee.com\/es\/indemnizacion-por-accidente-laboral\/directrices-de-tratamiento-medico-mtg\/\"},{\"@type\":\"ListItem\",\"position\":4,\"name\":\"Pautas de tratamiento m\u00e9dico del Estado de Nueva York para lesiones de rodilla en pacientes con indemnizaci\u00f3n por accidente laboral\",\"item\":\"https:\/\/www.newyorkhipknee.com\/es\/indemnizacion-por-accidente-laboral\/directrices-de-tratamiento-medico-mtg\/lesion-de-rodilla\/\"},{\"@type\":\"ListItem\",\"position\":5,\"name\":\"Pautas de tratamiento m\u00e9dico del Estado de Nueva York para procedimientos terap\u00e9uticos: No Operativos en pacientes de compensaci\u00f3n laboral\"}]},{\"@type\":\"WebSite\",\"@id\":\"https:\/\/www.newyorkhipknee.com\/es\/#website\",\"url\":\"https:\/\/www.newyorkhipknee.com\/es\/\",\"name\":\"Best Hip & Knee Surgeon | NY, USA\",\"description\":\"\",\"potentialAction\":[{\"@type\":\"SearchAction\",\"target\":{\"@type\":\"EntryPoint\",\"urlTemplate\":\"https:\/\/www.newyorkhipknee.com\/es\/?s={search_term_string}\"},\"query-input\":{\"@type\":\"PropertyValueSpecification\",\"valueRequired\":true,\"valueName\":\"search_term_string\"}}],\"inLanguage\":\"es\"}]}<\/script>\n<!-- \/ Yoast SEO plugin. -->","yoast_head_json":{"title":"Pautas de tratamiento m\u00e9dico del Estado de Nueva York para procedimientos terap\u00e9uticos: No Operativos en pacientes de compensaci\u00f3n laboral | Best Hip &amp; Knee Surgeon | NY, USA","description":"Las directrices elaboradas por la Junta de Indemnizaci\u00f3n por Accidentes de Trabajo del Estado de Nueva York tienen por objeto ayudar a los m\u00e9dicos y otros","robots":{"index":"index","follow":"follow","max-snippet":"max-snippet:-1","max-image-preview":"max-image-preview:large","max-video-preview":"max-video-preview:-1"},"canonical":"https:\/\/www.newyorkhipknee.com\/es\/indemnizacion-por-accidente-laboral\/directrices-de-tratamiento-medico-mtg\/lesion-de-rodilla\/pautas-de-tratamiento-medico-del-estado-de-nueva-york-para-procedimientos-terapeuticos-no-operativos-en-pacientes-de-compensacion-laboral\/","og_locale":"es_ES","og_type":"article","og_title":"Pautas de tratamiento m\u00e9dico del Estado de Nueva York para procedimientos terap\u00e9uticos: No Operativos en pacientes de compensaci\u00f3n laboral | Best Hip &amp; Knee Surgeon | NY, USA","og_description":"Las directrices elaboradas por la Junta de Indemnizaci\u00f3n por Accidentes de Trabajo del Estado de Nueva York tienen por objeto ayudar a los m\u00e9dicos y otros","og_url":"https:\/\/www.newyorkhipknee.com\/es\/indemnizacion-por-accidente-laboral\/directrices-de-tratamiento-medico-mtg\/lesion-de-rodilla\/pautas-de-tratamiento-medico-del-estado-de-nueva-york-para-procedimientos-terapeuticos-no-operativos-en-pacientes-de-compensacion-laboral\/","og_site_name":"Best Hip &amp; Knee Surgeon | NY, USA","twitter_card":"summary_large_image","twitter_misc":{"Tiempo de lectura":"2 minutos"},"schema":{"@context":"https:\/\/schema.org","@graph":[{"@type":["WebPage","MedicalWebPage"],"@id":"https:\/\/www.newyorkhipknee.com\/es\/indemnizacion-por-accidente-laboral\/directrices-de-tratamiento-medico-mtg\/lesion-de-rodilla\/pautas-de-tratamiento-medico-del-estado-de-nueva-york-para-procedimientos-terapeuticos-no-operativos-en-pacientes-de-compensacion-laboral\/","url":"https:\/\/www.newyorkhipknee.com\/es\/indemnizacion-por-accidente-laboral\/directrices-de-tratamiento-medico-mtg\/lesion-de-rodilla\/pautas-de-tratamiento-medico-del-estado-de-nueva-york-para-procedimientos-terapeuticos-no-operativos-en-pacientes-de-compensacion-laboral\/","name":"Pautas de tratamiento m\u00e9dico del Estado de Nueva York para procedimientos terap\u00e9uticos: No Operativos en pacientes de compensaci\u00f3n laboral | Best Hip &amp; Knee Surgeon | NY, USA","isPartOf":{"@id":"https:\/\/www.newyorkhipknee.com\/es\/#website"},"datePublished":"2024-01-23T22:04:59+00:00","description":"Las directrices elaboradas por la Junta de Indemnizaci\u00f3n por Accidentes de Trabajo del Estado de Nueva York tienen por objeto ayudar a los m\u00e9dicos y otros","breadcrumb":{"@id":"https:\/\/www.newyorkhipknee.com\/es\/indemnizacion-por-accidente-laboral\/directrices-de-tratamiento-medico-mtg\/lesion-de-rodilla\/pautas-de-tratamiento-medico-del-estado-de-nueva-york-para-procedimientos-terapeuticos-no-operativos-en-pacientes-de-compensacion-laboral\/#breadcrumb"},"inLanguage":"es","potentialAction":[{"@type":"ReadAction","target":["https:\/\/www.newyorkhipknee.com\/es\/indemnizacion-por-accidente-laboral\/directrices-de-tratamiento-medico-mtg\/lesion-de-rodilla\/pautas-de-tratamiento-medico-del-estado-de-nueva-york-para-procedimientos-terapeuticos-no-operativos-en-pacientes-de-compensacion-laboral\/"]}]},{"@type":"BreadcrumbList","@id":"https:\/\/www.newyorkhipknee.com\/es\/indemnizacion-por-accidente-laboral\/directrices-de-tratamiento-medico-mtg\/lesion-de-rodilla\/pautas-de-tratamiento-medico-del-estado-de-nueva-york-para-procedimientos-terapeuticos-no-operativos-en-pacientes-de-compensacion-laboral\/#breadcrumb","itemListElement":[{"@type":"ListItem","position":1,"name":"Home","item":"https:\/\/www.newyorkhipknee.com\/es\/"},{"@type":"ListItem","position":2,"name":"Indemnizaci\u00f3n por accidente laboral","item":"https:\/\/www.newyorkhipknee.com\/es\/indemnizacion-por-accidente-laboral\/"},{"@type":"ListItem","position":3,"name":"Directrices de tratamiento m\u00e9dico (MTG)","item":"https:\/\/www.newyorkhipknee.com\/es\/indemnizacion-por-accidente-laboral\/directrices-de-tratamiento-medico-mtg\/"},{"@type":"ListItem","position":4,"name":"Pautas de tratamiento m\u00e9dico del Estado de Nueva York para lesiones de rodilla en pacientes con indemnizaci\u00f3n por accidente laboral","item":"https:\/\/www.newyorkhipknee.com\/es\/indemnizacion-por-accidente-laboral\/directrices-de-tratamiento-medico-mtg\/lesion-de-rodilla\/"},{"@type":"ListItem","position":5,"name":"Pautas de tratamiento m\u00e9dico del Estado de Nueva York para procedimientos terap\u00e9uticos: No Operativos en pacientes de compensaci\u00f3n laboral"}]},{"@type":"WebSite","@id":"https:\/\/www.newyorkhipknee.com\/es\/#website","url":"https:\/\/www.newyorkhipknee.com\/es\/","name":"Best Hip & Knee Surgeon | NY, USA","description":"","potentialAction":[{"@type":"SearchAction","target":{"@type":"EntryPoint","urlTemplate":"https:\/\/www.newyorkhipknee.com\/es\/?s={search_term_string}"},"query-input":{"@type":"PropertyValueSpecification","valueRequired":true,"valueName":"search_term_string"}}],"inLanguage":"es"}]}},"_links":{"self":[{"href":"https:\/\/www.newyorkhipknee.com\/es\/wp-json\/wp\/v2\/pages\/22791","targetHints":{"allow":["GET"]}}],"collection":[{"href":"https:\/\/www.newyorkhipknee.com\/es\/wp-json\/wp\/v2\/pages"}],"about":[{"href":"https:\/\/www.newyorkhipknee.com\/es\/wp-json\/wp\/v2\/types\/page"}],"author":[{"embeddable":true,"href":"https:\/\/www.newyorkhipknee.com\/es\/wp-json\/wp\/v2\/users\/33"}],"replies":[{"embeddable":true,"href":"https:\/\/www.newyorkhipknee.com\/es\/wp-json\/wp\/v2\/comments?post=22791"}],"version-history":[{"count":0,"href":"https:\/\/www.newyorkhipknee.com\/es\/wp-json\/wp\/v2\/pages\/22791\/revisions"}],"up":[{"embeddable":true,"href":"https:\/\/www.newyorkhipknee.com\/es\/wp-json\/wp\/v2\/pages\/22300"}],"wp:attachment":[{"href":"https:\/\/www.newyorkhipknee.com\/es\/wp-json\/wp\/v2\/media?parent=22791"}],"curies":[{"name":"wp","href":"https:\/\/api.w.org\/{rel}","templated":true}]}}