{"id":23402,"date":"2024-02-08T15:33:42","date_gmt":"2024-02-08T20:33:42","guid":{"rendered":"https:\/\/newyorkhipknee.com\/directrices-de-tratamiento-medico-del-estado-de-nueva-york-para-los-programas-de-tratamiento-del-dolor-en-pacientes-con-indemnizaciones-laborales\/"},"modified":"2024-02-20T07:57:17","modified_gmt":"2024-02-20T12:57:17","slug":"directrices-de-tratamiento-medico-del-estado-de-nueva-york-para-los-programas-de-tratamiento-del-dolor-en-pacientes-con-indemnizaciones-laborales","status":"publish","type":"page","link":"https:\/\/www.newyorkhipknee.com\/es\/indemnizacion-por-accidente-laboral\/directrices-de-tratamiento-medico-mtg\/pautas-de-tratamiento-medico-del-estado-de-nueva-york-para-el-dolor-no-agudo-en-pacientes-con-indemnizacion-laboral\/directrices-de-tratamiento-medico-del-estado-de-nueva-york-para-los-programas-de-tratamiento-del-dolor-en-pacientes-con-indemnizaciones-laborales\/","title":{"rendered":"Directrices de tratamiento m\u00e9dico del Estado de Nueva York para los programas de tratamiento del dolor en pacientes con indemnizaciones laborales"},"content":{"rendered":"<p>Las directrices proporcionadas por la Junta de Indemnizaci\u00f3n por Accidentes de Trabajo del Estado de Nueva York ofrecen principios fundamentales para la aplicaci\u00f3n de programas de tratamiento del dolor no agudo. Estas directrices pretenden ayudar a los profesionales sanitarios a establecer programas eficaces para abordar el dolor continuo en el contexto de una atenci\u00f3n integral.<\/p>\n<p>Los profesionales sanitarios con experiencia en el desarrollo de programas de tratamiento del dolor no agudo pueden confiar en las orientaciones esbozadas por la Junta de Indemnizaci\u00f3n por Accidentes de Trabajo para tomar decisiones bien informadas sobre los enfoques m\u00e1s adecuados para sus pacientes.<\/p>\n<p>Es fundamental subrayar que estos principios no pretenden sustituir al juicio cl\u00ednico ni a la experiencia profesional. El desarrollo de programas de tratamiento del dolor no agudo debe implicar la colaboraci\u00f3n entre el profesional sanitario y el paciente, teniendo en cuenta las circunstancias individuales y los objetivos del tratamiento.<\/p>\n<h3><strong>Objetivos de los <a href=\"https:\/\/www.cortho.org\/workers-compensation\/mtg\/non-acute-pain\/goals-of-pain-management-programs\/\" target=\"_blank\" rel=\"noopener\">programas de tratamiento del<\/a> dolor<\/strong><\/h3>\n<ul>\n<li>El objetivo es mejorar la funci\u00f3n minimizando el dolor.<\/li>\n<li>Proporcionar una mejora mensurable de las capacidades f\u00edsicas.<\/li>\n<li>Facilitar la vuelta al trabajo.<\/li>\n<li>Ayudar a los pacientes a asumir responsabilidades de autogesti\u00f3n.<\/li>\n<li>Garantizar el mantenimiento de los logros funcionales tras el alta con una planificaci\u00f3n adecuada de los cuidados posteriores.<\/li>\n<li>Reducir el uso de medicamentos.<\/li>\n<li>Menor utilizaci\u00f3n de la asistencia sanitaria, desviando la atenci\u00f3n de los procedimientos m\u00e9dicos.<\/li>\n<li>Objetivo a largo plazo: Autogesti\u00f3n independiente en todas las formas de restauraci\u00f3n funcional.<\/li>\n<\/ul>\n<p>&nbsp;<\/p>\n<h3><strong>Tipos de programas<\/strong><\/h3>\n<ul>\n<li>Programas ambulatorios, hospitalarios y, en caso necesario, telef\u00f3nicos de bienestar y mejora funcional que ofrecen entrenamiento, educaci\u00f3n y apoyo.<\/li>\n<\/ul>\n<p>&nbsp;<\/p>\n<h3><strong>Duraci\u00f3n de los programas \/ intervenciones<\/strong><\/h3>\n<ul>\n<li><strong>Programas de tratamiento del dolor en r\u00e9gimen hospitalario o ambulatorio:<\/strong> Idealmente de tres a ocho semanas, con reevaluaci\u00f3n para posibles estancias repetidas si se observan o disminuyen las ganancias funcionales previas.<\/li>\n<li><strong>Terapia cognitivo-conductual (TCC):<\/strong> Normalmente 10-16 tratamientos a lo largo de 6-8 semanas, con un m\u00e1ximo de 16 tratamientos.<\/li>\n<li><strong>Evaluaciones psicol\u00f3gicas:<\/strong> Suele ser una visita \u00fanica, con hasta tres horas asignadas a pruebas psicom\u00e9tricas si es necesario.<\/li>\n<li><strong>Intervenci\u00f3n psicol\u00f3gica:<\/strong> La duraci\u00f3n \u00f3ptima oscila entre seis semanas y tres meses, con posibilidad de una supervisi\u00f3n m\u00e1s prolongada en caso necesario.<\/li>\n<\/ul>\n<p>&nbsp;<\/p>\n<h3><a href=\"https:\/\/www.cortho.org\/workers-compensation\/mtg\/complex-regional-pain\/biofeedback\/\" target=\"_blank\" rel=\"noopener\"><strong>Biofeedback<\/strong><\/a><\/h3>\n<ul>\n<li>La biorretroalimentaci\u00f3n, un tipo de medicina conductual, ayuda a los pacientes a adquirir conciencia de s\u00ed mismos y habilidades de autorregulaci\u00f3n para mejorar el control sobre su fisiolog\u00eda.<\/li>\n<li>Consiste en utilizar instrumentos electr\u00f3nicos para monitorizar funciones fisiol\u00f3gicas espec\u00edficas, con retroalimentaci\u00f3n proporcionada a los pacientes mediante se\u00f1ales visuales, auditivas o t\u00e1ctiles, guiados por un especialista en biorretroalimentaci\u00f3n.<\/li>\n<li>El tratamiento se personaliza para adaptarlo al diagn\u00f3stico y los requisitos laborales del paciente, y se fomenta la pr\u00e1ctica en casa para dominar las destrezas, a menudo facilitada mediante materiales de formaci\u00f3n a domicilio.<\/li>\n<li>El objetivo de la terapia de biorretroalimentaci\u00f3n es transferir las habilidades adquiridas al lugar de trabajo y a las actividades cotidianas.<\/li>\n<li>Los candidatos a la terapia de biorretroalimentaci\u00f3n deben estar motivados para aprender y aplicar t\u00e9cnicas de biorretroalimentaci\u00f3n y autorregulaci\u00f3n.<\/li>\n<li>La biorretroalimentaci\u00f3n no es adecuada para las personas que sufren dolor agudo o lesiones, pero puede ser apropiada para el dolor no agudo cuando se integra en un programa de restauraci\u00f3n funcional.<\/li>\n<\/ul>\n<p>&nbsp;<\/p>\n<h3><strong>Pautas de tratamiento:<\/strong><\/h3>\n<ul>\n<li>Tiempo para producir efecto: Normalmente requiere de tres a cuatro sesiones.<\/li>\n<li>Frecuencia: Generalmente se realiza una o dos veces por semana.<\/li>\n<li>Duraci\u00f3n \u00f3ptima: Normalmente, entre cinco y seis sesiones.<\/li>\n<li>Duraci\u00f3n m\u00e1xima: Limitada a diez o doce sesiones. Cualquier tratamiento que vaya m\u00e1s all\u00e1 debe justificarse en funci\u00f3n de la necesidad, los resultados esperados y el potencial para facilitar una mejora funcional positiva.<\/li>\n<\/ul>\n","protected":false},"excerpt":{"rendered":"<p>Las directrices proporcionadas por la Junta de Indemnizaci\u00f3n por Accidentes de Trabajo del Estado de Nueva York ofrecen principios fundamentales para la aplicaci\u00f3n de programas de tratamiento del dolor no agudo. Estas directrices pretenden ayudar a los profesionales sanitarios a establecer programas eficaces para abordar el dolor continuo en el contexto de una atenci\u00f3n integral. [&hellip;]<\/p>\n","protected":false},"author":33,"featured_media":0,"parent":23498,"menu_order":0,"comment_status":"closed","ping_status":"closed","template":"","meta":{"_et_pb_use_builder":"","_et_pb_old_content":"","_et_gb_content_width":"","footnotes":""},"class_list":["post-23402","page","type-page","status-publish","hentry"],"yoast_head":"<!-- This site is optimized with the Yoast SEO plugin v27.2 - https:\/\/yoast.com\/product\/yoast-seo-wordpress\/ -->\n<title>Directrices de tratamiento m\u00e9dico del Estado de Nueva York para los programas de tratamiento del dolor en pacientes con indemnizaciones laborales | Best Hip &amp; Knee Surgeon | NY, USA<\/title>\n<meta name=\"description\" content=\"Las directrices proporcionadas por la Junta de Indemnizaci\u00f3n por Accidentes de Trabajo del Estado de Nueva York ofrecen principios fundamentales para la\" \/>\n<meta name=\"robots\" content=\"index, follow, max-snippet:-1, max-image-preview:large, max-video-preview:-1\" \/>\n<link rel=\"canonical\" href=\"https:\/\/www.newyorkhipknee.com\/es\/indemnizacion-por-accidente-laboral\/directrices-de-tratamiento-medico-mtg\/pautas-de-tratamiento-medico-del-estado-de-nueva-york-para-el-dolor-no-agudo-en-pacientes-con-indemnizacion-laboral\/directrices-de-tratamiento-medico-del-estado-de-nueva-york-para-los-programas-de-tratamiento-del-dolor-en-pacientes-con-indemnizaciones-laborales\/\" \/>\n<meta property=\"og:locale\" content=\"es_ES\" \/>\n<meta property=\"og:type\" content=\"article\" \/>\n<meta property=\"og:title\" content=\"Directrices de tratamiento m\u00e9dico del Estado de Nueva York para los programas de tratamiento del dolor en pacientes con indemnizaciones laborales | Best Hip &amp; Knee Surgeon | NY, USA\" \/>\n<meta property=\"og:description\" content=\"Las directrices proporcionadas por la Junta de Indemnizaci\u00f3n por Accidentes de Trabajo del Estado de Nueva York ofrecen principios fundamentales para la\" \/>\n<meta property=\"og:url\" content=\"https:\/\/www.newyorkhipknee.com\/es\/indemnizacion-por-accidente-laboral\/directrices-de-tratamiento-medico-mtg\/pautas-de-tratamiento-medico-del-estado-de-nueva-york-para-el-dolor-no-agudo-en-pacientes-con-indemnizacion-laboral\/directrices-de-tratamiento-medico-del-estado-de-nueva-york-para-los-programas-de-tratamiento-del-dolor-en-pacientes-con-indemnizaciones-laborales\/\" \/>\n<meta property=\"og:site_name\" content=\"Best Hip &amp; Knee Surgeon | NY, USA\" \/>\n<meta property=\"article:modified_time\" content=\"2024-02-20T12:57:17+00:00\" \/>\n<meta name=\"twitter:card\" content=\"summary_large_image\" \/>\n<meta name=\"twitter:label1\" content=\"Tiempo de lectura\" \/>\n\t<meta name=\"twitter:data1\" content=\"3 minutos\" \/>\n<script type=\"application\/ld+json\" class=\"yoast-schema-graph\">{\"@context\":\"https:\/\/schema.org\",\"@graph\":[{\"@type\":[\"WebPage\",\"MedicalWebPage\"],\"@id\":\"https:\/\/www.newyorkhipknee.com\/es\/indemnizacion-por-accidente-laboral\/directrices-de-tratamiento-medico-mtg\/pautas-de-tratamiento-medico-del-estado-de-nueva-york-para-el-dolor-no-agudo-en-pacientes-con-indemnizacion-laboral\/directrices-de-tratamiento-medico-del-estado-de-nueva-york-para-los-programas-de-tratamiento-del-dolor-en-pacientes-con-indemnizaciones-laborales\/\",\"url\":\"https:\/\/www.newyorkhipknee.com\/es\/indemnizacion-por-accidente-laboral\/directrices-de-tratamiento-medico-mtg\/pautas-de-tratamiento-medico-del-estado-de-nueva-york-para-el-dolor-no-agudo-en-pacientes-con-indemnizacion-laboral\/directrices-de-tratamiento-medico-del-estado-de-nueva-york-para-los-programas-de-tratamiento-del-dolor-en-pacientes-con-indemnizaciones-laborales\/\",\"name\":\"Directrices de tratamiento m\u00e9dico del Estado de Nueva York para los programas de tratamiento del dolor en pacientes con indemnizaciones laborales | Best Hip &amp; Knee Surgeon | NY, USA\",\"isPartOf\":{\"@id\":\"https:\/\/www.newyorkhipknee.com\/es\/#website\"},\"datePublished\":\"2024-02-08T20:33:42+00:00\",\"dateModified\":\"2024-02-20T12:57:17+00:00\",\"description\":\"Las directrices proporcionadas por la Junta de Indemnizaci\u00f3n por Accidentes de Trabajo del Estado de Nueva York ofrecen principios fundamentales para la\",\"breadcrumb\":{\"@id\":\"https:\/\/www.newyorkhipknee.com\/es\/indemnizacion-por-accidente-laboral\/directrices-de-tratamiento-medico-mtg\/pautas-de-tratamiento-medico-del-estado-de-nueva-york-para-el-dolor-no-agudo-en-pacientes-con-indemnizacion-laboral\/directrices-de-tratamiento-medico-del-estado-de-nueva-york-para-los-programas-de-tratamiento-del-dolor-en-pacientes-con-indemnizaciones-laborales\/#breadcrumb\"},\"inLanguage\":\"es\",\"potentialAction\":[{\"@type\":\"ReadAction\",\"target\":[\"https:\/\/www.newyorkhipknee.com\/es\/indemnizacion-por-accidente-laboral\/directrices-de-tratamiento-medico-mtg\/pautas-de-tratamiento-medico-del-estado-de-nueva-york-para-el-dolor-no-agudo-en-pacientes-con-indemnizacion-laboral\/directrices-de-tratamiento-medico-del-estado-de-nueva-york-para-los-programas-de-tratamiento-del-dolor-en-pacientes-con-indemnizaciones-laborales\/\"]}]},{\"@type\":\"BreadcrumbList\",\"@id\":\"https:\/\/www.newyorkhipknee.com\/es\/indemnizacion-por-accidente-laboral\/directrices-de-tratamiento-medico-mtg\/pautas-de-tratamiento-medico-del-estado-de-nueva-york-para-el-dolor-no-agudo-en-pacientes-con-indemnizacion-laboral\/directrices-de-tratamiento-medico-del-estado-de-nueva-york-para-los-programas-de-tratamiento-del-dolor-en-pacientes-con-indemnizaciones-laborales\/#breadcrumb\",\"itemListElement\":[{\"@type\":\"ListItem\",\"position\":1,\"name\":\"Home\",\"item\":\"https:\/\/www.newyorkhipknee.com\/es\/\"},{\"@type\":\"ListItem\",\"position\":2,\"name\":\"Indemnizaci\u00f3n por accidente laboral\",\"item\":\"https:\/\/www.newyorkhipknee.com\/es\/indemnizacion-por-accidente-laboral\/\"},{\"@type\":\"ListItem\",\"position\":3,\"name\":\"Directrices de tratamiento m\u00e9dico (MTG)\",\"item\":\"https:\/\/www.newyorkhipknee.com\/es\/indemnizacion-por-accidente-laboral\/directrices-de-tratamiento-medico-mtg\/\"},{\"@type\":\"ListItem\",\"position\":4,\"name\":\"Pautas de tratamiento m\u00e9dico del Estado de Nueva York para el dolor no agudo en pacientes con indemnizaci\u00f3n laboral\",\"item\":\"https:\/\/www.newyorkhipknee.com\/es\/indemnizacion-por-accidente-laboral\/directrices-de-tratamiento-medico-mtg\/pautas-de-tratamiento-medico-del-estado-de-nueva-york-para-el-dolor-no-agudo-en-pacientes-con-indemnizacion-laboral\/\"},{\"@type\":\"ListItem\",\"position\":5,\"name\":\"Directrices de tratamiento m\u00e9dico del Estado de Nueva York para los programas de tratamiento del dolor en pacientes con indemnizaciones laborales\"}]},{\"@type\":\"WebSite\",\"@id\":\"https:\/\/www.newyorkhipknee.com\/es\/#website\",\"url\":\"https:\/\/www.newyorkhipknee.com\/es\/\",\"name\":\"Best Hip & Knee Surgeon | NY, USA\",\"description\":\"\",\"potentialAction\":[{\"@type\":\"SearchAction\",\"target\":{\"@type\":\"EntryPoint\",\"urlTemplate\":\"https:\/\/www.newyorkhipknee.com\/es\/?s={search_term_string}\"},\"query-input\":{\"@type\":\"PropertyValueSpecification\",\"valueRequired\":true,\"valueName\":\"search_term_string\"}}],\"inLanguage\":\"es\"}]}<\/script>\n<!-- \/ Yoast SEO plugin. -->","yoast_head_json":{"title":"Directrices de tratamiento m\u00e9dico del Estado de Nueva York para los programas de tratamiento del dolor en pacientes con indemnizaciones laborales | Best Hip &amp; Knee Surgeon | NY, USA","description":"Las directrices proporcionadas por la Junta de Indemnizaci\u00f3n por Accidentes de Trabajo del Estado de Nueva York ofrecen principios fundamentales para la","robots":{"index":"index","follow":"follow","max-snippet":"max-snippet:-1","max-image-preview":"max-image-preview:large","max-video-preview":"max-video-preview:-1"},"canonical":"https:\/\/www.newyorkhipknee.com\/es\/indemnizacion-por-accidente-laboral\/directrices-de-tratamiento-medico-mtg\/pautas-de-tratamiento-medico-del-estado-de-nueva-york-para-el-dolor-no-agudo-en-pacientes-con-indemnizacion-laboral\/directrices-de-tratamiento-medico-del-estado-de-nueva-york-para-los-programas-de-tratamiento-del-dolor-en-pacientes-con-indemnizaciones-laborales\/","og_locale":"es_ES","og_type":"article","og_title":"Directrices de tratamiento m\u00e9dico del Estado de Nueva York para los programas de tratamiento del dolor en pacientes con indemnizaciones laborales | Best Hip &amp; Knee Surgeon | NY, USA","og_description":"Las directrices proporcionadas por la Junta de Indemnizaci\u00f3n por Accidentes de Trabajo del Estado de Nueva York ofrecen principios fundamentales para la","og_url":"https:\/\/www.newyorkhipknee.com\/es\/indemnizacion-por-accidente-laboral\/directrices-de-tratamiento-medico-mtg\/pautas-de-tratamiento-medico-del-estado-de-nueva-york-para-el-dolor-no-agudo-en-pacientes-con-indemnizacion-laboral\/directrices-de-tratamiento-medico-del-estado-de-nueva-york-para-los-programas-de-tratamiento-del-dolor-en-pacientes-con-indemnizaciones-laborales\/","og_site_name":"Best Hip &amp; Knee Surgeon | NY, USA","article_modified_time":"2024-02-20T12:57:17+00:00","twitter_card":"summary_large_image","twitter_misc":{"Tiempo de lectura":"3 minutos"},"schema":{"@context":"https:\/\/schema.org","@graph":[{"@type":["WebPage","MedicalWebPage"],"@id":"https:\/\/www.newyorkhipknee.com\/es\/indemnizacion-por-accidente-laboral\/directrices-de-tratamiento-medico-mtg\/pautas-de-tratamiento-medico-del-estado-de-nueva-york-para-el-dolor-no-agudo-en-pacientes-con-indemnizacion-laboral\/directrices-de-tratamiento-medico-del-estado-de-nueva-york-para-los-programas-de-tratamiento-del-dolor-en-pacientes-con-indemnizaciones-laborales\/","url":"https:\/\/www.newyorkhipknee.com\/es\/indemnizacion-por-accidente-laboral\/directrices-de-tratamiento-medico-mtg\/pautas-de-tratamiento-medico-del-estado-de-nueva-york-para-el-dolor-no-agudo-en-pacientes-con-indemnizacion-laboral\/directrices-de-tratamiento-medico-del-estado-de-nueva-york-para-los-programas-de-tratamiento-del-dolor-en-pacientes-con-indemnizaciones-laborales\/","name":"Directrices de tratamiento m\u00e9dico del Estado de Nueva York para los programas de tratamiento del dolor en pacientes con indemnizaciones laborales | Best Hip &amp; Knee Surgeon | NY, USA","isPartOf":{"@id":"https:\/\/www.newyorkhipknee.com\/es\/#website"},"datePublished":"2024-02-08T20:33:42+00:00","dateModified":"2024-02-20T12:57:17+00:00","description":"Las directrices proporcionadas por la Junta de Indemnizaci\u00f3n por Accidentes de Trabajo del Estado de Nueva York ofrecen principios fundamentales para la","breadcrumb":{"@id":"https:\/\/www.newyorkhipknee.com\/es\/indemnizacion-por-accidente-laboral\/directrices-de-tratamiento-medico-mtg\/pautas-de-tratamiento-medico-del-estado-de-nueva-york-para-el-dolor-no-agudo-en-pacientes-con-indemnizacion-laboral\/directrices-de-tratamiento-medico-del-estado-de-nueva-york-para-los-programas-de-tratamiento-del-dolor-en-pacientes-con-indemnizaciones-laborales\/#breadcrumb"},"inLanguage":"es","potentialAction":[{"@type":"ReadAction","target":["https:\/\/www.newyorkhipknee.com\/es\/indemnizacion-por-accidente-laboral\/directrices-de-tratamiento-medico-mtg\/pautas-de-tratamiento-medico-del-estado-de-nueva-york-para-el-dolor-no-agudo-en-pacientes-con-indemnizacion-laboral\/directrices-de-tratamiento-medico-del-estado-de-nueva-york-para-los-programas-de-tratamiento-del-dolor-en-pacientes-con-indemnizaciones-laborales\/"]}]},{"@type":"BreadcrumbList","@id":"https:\/\/www.newyorkhipknee.com\/es\/indemnizacion-por-accidente-laboral\/directrices-de-tratamiento-medico-mtg\/pautas-de-tratamiento-medico-del-estado-de-nueva-york-para-el-dolor-no-agudo-en-pacientes-con-indemnizacion-laboral\/directrices-de-tratamiento-medico-del-estado-de-nueva-york-para-los-programas-de-tratamiento-del-dolor-en-pacientes-con-indemnizaciones-laborales\/#breadcrumb","itemListElement":[{"@type":"ListItem","position":1,"name":"Home","item":"https:\/\/www.newyorkhipknee.com\/es\/"},{"@type":"ListItem","position":2,"name":"Indemnizaci\u00f3n por accidente laboral","item":"https:\/\/www.newyorkhipknee.com\/es\/indemnizacion-por-accidente-laboral\/"},{"@type":"ListItem","position":3,"name":"Directrices de tratamiento m\u00e9dico (MTG)","item":"https:\/\/www.newyorkhipknee.com\/es\/indemnizacion-por-accidente-laboral\/directrices-de-tratamiento-medico-mtg\/"},{"@type":"ListItem","position":4,"name":"Pautas de tratamiento m\u00e9dico del Estado de Nueva York para el dolor no agudo en pacientes con indemnizaci\u00f3n laboral","item":"https:\/\/www.newyorkhipknee.com\/es\/indemnizacion-por-accidente-laboral\/directrices-de-tratamiento-medico-mtg\/pautas-de-tratamiento-medico-del-estado-de-nueva-york-para-el-dolor-no-agudo-en-pacientes-con-indemnizacion-laboral\/"},{"@type":"ListItem","position":5,"name":"Directrices de tratamiento m\u00e9dico del Estado de Nueva York para los programas de tratamiento del dolor en pacientes con indemnizaciones laborales"}]},{"@type":"WebSite","@id":"https:\/\/www.newyorkhipknee.com\/es\/#website","url":"https:\/\/www.newyorkhipknee.com\/es\/","name":"Best Hip & Knee Surgeon | NY, USA","description":"","potentialAction":[{"@type":"SearchAction","target":{"@type":"EntryPoint","urlTemplate":"https:\/\/www.newyorkhipknee.com\/es\/?s={search_term_string}"},"query-input":{"@type":"PropertyValueSpecification","valueRequired":true,"valueName":"search_term_string"}}],"inLanguage":"es"}]}},"_links":{"self":[{"href":"https:\/\/www.newyorkhipknee.com\/es\/wp-json\/wp\/v2\/pages\/23402","targetHints":{"allow":["GET"]}}],"collection":[{"href":"https:\/\/www.newyorkhipknee.com\/es\/wp-json\/wp\/v2\/pages"}],"about":[{"href":"https:\/\/www.newyorkhipknee.com\/es\/wp-json\/wp\/v2\/types\/page"}],"author":[{"embeddable":true,"href":"https:\/\/www.newyorkhipknee.com\/es\/wp-json\/wp\/v2\/users\/33"}],"replies":[{"embeddable":true,"href":"https:\/\/www.newyorkhipknee.com\/es\/wp-json\/wp\/v2\/comments?post=23402"}],"version-history":[{"count":0,"href":"https:\/\/www.newyorkhipknee.com\/es\/wp-json\/wp\/v2\/pages\/23402\/revisions"}],"up":[{"embeddable":true,"href":"https:\/\/www.newyorkhipknee.com\/es\/wp-json\/wp\/v2\/pages\/23498"}],"wp:attachment":[{"href":"https:\/\/www.newyorkhipknee.com\/es\/wp-json\/wp\/v2\/media?parent=23402"}],"curies":[{"name":"wp","href":"https:\/\/api.w.org\/{rel}","templated":true}]}}