{"id":23421,"date":"2024-02-09T16:21:09","date_gmt":"2024-02-09T21:21:09","guid":{"rendered":"https:\/\/newyorkhipknee.com\/optimizacion-de-las-dosis-de-opioides\/"},"modified":"2024-02-20T07:57:26","modified_gmt":"2024-02-20T12:57:26","slug":"optimizacion-de-las-dosis-de-opioides","status":"publish","type":"page","link":"https:\/\/www.newyorkhipknee.com\/es\/indemnizacion-por-accidente-laboral\/directrices-de-tratamiento-medico-mtg\/pautas-de-tratamiento-medico-del-estado-de-nueva-york-para-el-dolor-no-agudo-en-pacientes-con-indemnizacion-laboral\/optimizacion-de-las-dosis-de-opioides\/","title":{"rendered":"Optimizaci\u00f3n de las dosis de opioides"},"content":{"rendered":"<div class=\"flex-1 overflow-hidden\">\n<div class=\"react-scroll-to-bottom--css-ywvwh-79elbk h-full\">\n<div class=\"react-scroll-to-bottom--css-ywvwh-1n7m0yu\">\n<div class=\"flex flex-col pb-9 text-sm\">\n<div class=\"w-full text-token-text-primary\" data-testid=\"conversation-turn-133\">\n<div class=\"px-4 py-2 justify-center text-base md:gap-6 m-auto\">\n<div class=\"flex flex-1 text-base mx-auto gap-3 md:px-5 lg:px-1 xl:px-5 md:max-w-3xl lg:max-w-[40rem] xl:max-w-[48rem] group final-completion\">\n<div class=\"relative flex w-full flex-col lg:w-[calc(100%-115px)] agent-turn\">\n<div class=\"flex-col gap-1 md:gap-3\">\n<div class=\"flex flex-grow flex-col max-w-full\">\n<div class=\"min-h-[20px] text-message flex flex-col items-start gap-3 whitespace-pre-wrap break-words [.text-message+&amp;]:mt-5 overflow-x-auto\" data-message-author-role=\"assistant\" data-message-id=\"e62021d0-054f-4c98-8f11-9742b3479363\">\n<div class=\"markdown prose w-full break-words dark:prose-invert dark\">\n<p>Las directrices proporcionadas por la Junta de Indemnizaci\u00f3n por Accidentes de Trabajo del Estado de Nueva York ofrecen principios fundamentales para maximizar las dosis de opi\u00e1ceos para el dolor no agudo. Estas directrices pretenden ayudar a los profesionales sanitarios a optimizar la dosificaci\u00f3n de opi\u00e1ceos en el contexto de una atenci\u00f3n integral.<\/p>\n<p>Los profesionales de la salud con experiencia en el manejo de dosis de opioides pueden confiar en la orientaci\u00f3n esbozada por la Junta de Compensaci\u00f3n de Trabajadores para tomar decisiones bien informadas sobre el ajuste de las dosis de opioides de manera efectiva para sus pacientes.<\/p>\n<p>Es fundamental subrayar que estos principios no pretenden sustituir al juicio cl\u00ednico ni a la experiencia profesional. La optimizaci\u00f3n de las dosis de opi\u00e1ceos debe implicar la colaboraci\u00f3n entre el profesional sanitario y el paciente, teniendo en cuenta factores individuales como la gravedad del dolor, los objetivos del tratamiento y los riesgos potenciales asociados al uso de opi\u00e1ceos.<\/p>\n<\/div>\n<\/div>\n<\/div>\n<div class=\"mt-1 flex justify-start gap-3 empty:hidden\">\n<div class=\"text-gray-400 flex self-end lg:self-center justify-center lg:justify-start mt-0 -ml-1 visible\">\n<p>&nbsp;<\/p>\n<div class=\"flex\"><\/div>\n<\/div>\n<\/div>\n<\/div>\n<\/div>\n<\/div>\n<\/div>\n<\/div>\n<\/div>\n<\/div>\n<\/div>\n<\/div>\n<h2><strong>Optimizaci\u00f3n de las dosis de <a href=\"https:\/\/newyorkhipknee.com\/workers-comp\/mtg\/non-acute-pain\/opioids-for-non-acute-pain\/\" target=\"_blank\" rel=\"noopener\">opi\u00e1ceos<\/a>:<\/strong><\/h2>\n<ul>\n<li>Intentar utilizar la dosis efectiva m\u00e1s peque\u00f1a de <a href=\"https:\/\/www.cortho.org\/workers-compensation\/mtg\/non-acute-pain\/opioids-initiating-transitioning-and-managing-long-term\/\" target=\"_blank\" rel=\"noopener\">opi\u00e1ceos<\/a>, especialmente para los pacientes que se inician en el tratamiento con opi\u00e1ceos, y ajustar la dosis gradualmente.<\/li>\n<li>Si bien el aumento de las dosis puede mejorar el tratamiento de los s\u00edntomas, el aumento repetido de las dosis podr\u00eda indicar un uso indebido y desviaci\u00f3n, o incluso inducir una sensibilidad al dolor anormal, como hiperalgesia y alodinia.<\/li>\n<li>Cuando los pacientes utilicen varios opi\u00e1ceos, calcule las dosis equivalentes de morfina (MED) totales para determinar la dosis combinada.<\/li>\n<li>Considerar la rotaci\u00f3n de opi\u00e1ceos, cambiando de un opi\u00e1ceo a otro, para los pacientes que experimentan un alivio inadecuado de los s\u00edntomas a pesar de los ajustes de dosis o efectos secundarios intolerables.<\/li>\n<li>Sin embargo, si el paciente se est\u00e1 beneficiando del tratamiento con opi\u00e1ceos bas\u00e1ndose en medidas objetivas de la funci\u00f3n y el dolor, y no hay efectos adversos discernibles, puede ser apropiado mantener la dosis asegurando un seguimiento riguroso del paciente.<\/li>\n<\/ul>\n<p>&nbsp;<\/p>\n<h3><strong>Dosis Equianalg\u00e9sicas (DE):<\/strong><\/h3>\n<ul>\n<li>La conversi\u00f3n de un opi\u00e1ceo a otro implica la estimaci\u00f3n de dosis equianalg\u00e9sicas . Debido a la importante variabilidad de los pacientes en la respuesta a los opioides, se recomienda reducir la dosis de conversi\u00f3n calculada en un 50% para garantizar la seguridad.<\/li>\n<li>Los s\u00edntomas de abstinencia de los opi\u00e1ceos, aunque desagradables, no suelen poner en peligro la vida, a diferencia de la sobredosis. Los pacientes y sus familiares deben ser informados sobre los signos de sobredosis, como dificultad para hablar, inestabilidad emocional y somnolencia.<\/li>\n<li>Errar por el lado de la precauci\u00f3n con dosis m\u00e1s bajas es m\u00e1s seguro. Los pacientes deben ser reevaluados poco despu\u00e9s de cambiar a un nuevo opioide para controlar el alivio del dolor y los posibles efectos secundarios.<\/li>\n<li>El uso prolongado o a dosis elevadas de opi\u00e1ceos puede provocar hiperalgesia inducida por opi\u00e1ceos. Iniciar el tratamiento con parches de fentanilo a la dosis recomendada y ajustarla cada tres d\u00edas inicialmente, y posteriormente cada seis d\u00edas para conseguir un alivio adecuado del dolor.<\/li>\n<li>La transici\u00f3n de un parche de fentanilo a otro opi\u00e1ceo puede dar lugar a una sobreestimaci\u00f3n de la dosis del nuevo agente, lo que puede conducir a una sobredosis.<\/li>\n<li>La mayor\u00eda de los pacientes se tratan eficazmente con un parche de fentanilo administrado cada 72 horas. Sin embargo, algunos pueden requerir intervalos m\u00e1s cortos, pero esto debe evaluarse cuidadosamente antes de ponerlo en pr\u00e1ctica. Las dosis superiores a 25 mcg\/h o los intervalos inferiores a 72 horas requieren una estrecha vigilancia o la consulta con especialistas en tratamiento del dolor o en medicina de las adicciones.<\/li>\n<\/ul>\n<h3><\/h3>\n<h3><strong>Dosis de opi\u00e1ceos iguales o superiores a 100mg\/MED:<\/strong><\/h3>\n<ul>\n<li>Por lo general, las dosis diarias de opi\u00e1ceos no deben superar los 100 mg\/ MED oral, y para el tratamiento a largo plazo con dosis bajas, el l\u00edmite debe ser generalmente de 50 mg\/ MED oral.<\/li>\n<li>El riesgo de sobredosis o de efectos adversos aumenta significativamente con dosis superiores a 100 mg\/ MED oral.<\/li>\n<li>Los proveedores, excepto los especialistas en tratamiento del dolor o medicina de las adicciones, deben evitar prescribir m\u00e1s de 100 MED\/d\u00eda sin pruebas de alivio del dolor, mejora funcional, ausencia de comportamiento aberrante o consulta con especialistas.<\/li>\n<li>Las dosis persistentes superiores a 100 mg\/MED\/d\u00eda pueden dar lugar a una revisi\u00f3n secundaria por consultores externos en tratamiento del dolor o medicina de las adicciones.<\/li>\n<li>Cuando los pacientes toman varios opioides, calcular las dosis MED acumuladas para determinar la dosis total.<\/li>\n<li>La calculadora de dosis MED del Estado de Washington o la Tabla 9 no deben utilizarse para determinar la dosis al cambiar de opi\u00e1ceo, especialmente para las conversiones de fentanilo y metadona, debido a su naturaleza aproximada y a que no tienen en cuenta diversos factores como la gen\u00e9tica y la farmacocin\u00e9tica.<\/li>\n<\/ul>\n<h3><\/h3>\n<h3><strong>Ejemplo: C\u00e1lculo de la dosis equivalente de morfina (MED):<\/strong><\/h3>\n<ul>\n<li>Supongamos que un paciente consume diariamente seis comprimidos de hidrocodona 5 mg\/acetaminofeno 500 mg y dos comprimidos de oxicodona de liberaci\u00f3n prolongada 20 mg. Para determinar la dosis acumulada utilizando Morfina 30 mg como referencia est\u00e1ndar, el c\u00e1lculo es el siguiente:\n<ol>\n<li>Seis comprimidos de Hidrocodona 5 mg = 30 mg al d\u00eda.<\/li>\n<li>Dos comprimidos de Oxicodona 20 mg = 40 mg al d\u00eda.<\/li>\n<li>La dosis combinada es de 30 mg (de hidrocodona) + 40 mg (de oxicodona) = 70 mg equivalentes de morfina al d\u00eda.<\/li>\n<\/ol>\n<\/li>\n<\/ul>\n<h3><\/h3>\n<h3><strong>Razones para suspender los opi\u00e1ceos y\/o derivar a un m\u00e9dico especializado en medicina de las adicciones o tratamiento del dolor:<\/strong><\/h3>\n<ul>\n<li>La interrupci\u00f3n o derivaci\u00f3n puede estar justificada si no hay mejor\u00eda del dolor y la funci\u00f3n, efectos adversos significativos o si el paciente muestra comportamientos aberrantes como b\u00fasqueda de f\u00e1rmacos o actividades de desv\u00edo como falsificaci\u00f3n de recetas o aumento no autorizado de f\u00e1rmacos.<\/li>\n<\/ul>\n<p>&nbsp;<\/p>\n<h3><strong>Directrices generales para la reducci\u00f3n\/descontinuaci\u00f3n de opi\u00e1ceos:<\/strong><\/h3>\n<ul>\n<li>La disminuci\u00f3n gradual de los opi\u00e1ceos, normalmente reduciendo la dosis en un 10% semanal, suele ser bien tolerada con efectos adversos m\u00ednimos. Algunos pacientes pueden tolerar una reducci\u00f3n m\u00e1s r\u00e1pida durante seis a ocho semanas.<\/li>\n<li>Los s\u00edntomas de la abstinencia de opi\u00e1ceos, como las n\u00e1useas y el dolor muscular, pueden controlarse con medicamentos como la clonidina. Es aconsejable derivar a los pacientes que presenten problemas de conducta importantes a un centro de asesoramiento o apoyo.<\/li>\n<\/ul>\n<p>&nbsp;<\/p>\n<h3><strong>Reconocimiento y manejo de problemas de conducta durante la reducci\u00f3n de opi\u00e1ceos:<\/strong><\/h3>\n<ul>\n<li>Debe prestarse especial atenci\u00f3n al mantenimiento de la relaci\u00f3n m\u00e9dico-paciente para evitar comportamientos de riesgo por parte del paciente. Los problemas graves de comportamiento pueden requerir derivaciones apropiadas, como la consulta psiqui\u00e1trica inmediata por ideaci\u00f3n suicida.<\/li>\n<\/ul>\n<p>&nbsp;<\/p>\n<h3><strong>Consultas especializadas:<\/strong><\/h3>\n<ul>\n<li>La consulta con especialistas en adicci\u00f3n\/dolor o psiquiatras puede ser necesaria para pacientes de alto riesgo, casos complejos o estados psicol\u00f3gicos deteriorados durante la abstinencia de opi\u00e1ceos. Otras consultas pueden incluir neurolog\u00eda, medicina f\u00edsica u oncolog\u00eda, seg\u00fan est\u00e9 cl\u00ednicamente indicado. Los casos complejos pueden requerir hospitalizaci\u00f3n.<\/li>\n<\/ul>\n","protected":false},"excerpt":{"rendered":"<p>Las directrices proporcionadas por la Junta de Indemnizaci\u00f3n por Accidentes de Trabajo del Estado de Nueva York ofrecen principios fundamentales para maximizar las dosis de opi\u00e1ceos para el dolor no agudo. Estas directrices pretenden ayudar a los profesionales sanitarios a optimizar la dosificaci\u00f3n de opi\u00e1ceos en el contexto de una atenci\u00f3n integral. Los profesionales de [&hellip;]<\/p>\n","protected":false},"author":33,"featured_media":0,"parent":23498,"menu_order":0,"comment_status":"closed","ping_status":"closed","template":"","meta":{"_et_pb_use_builder":"","_et_pb_old_content":"","_et_gb_content_width":"","footnotes":""},"class_list":["post-23421","page","type-page","status-publish","hentry"],"yoast_head":"<!-- This site is optimized with the Yoast SEO plugin v27.2 - https:\/\/yoast.com\/product\/yoast-seo-wordpress\/ -->\n<title>Optimizaci\u00f3n de las dosis de opioides | Best Hip &amp; Knee Surgeon | NY, USA<\/title>\n<meta name=\"description\" content=\"Las directrices proporcionadas por la Junta de Indemnizaci\u00f3n por Accidentes de Trabajo del Estado de Nueva York ofrecen principios fundamentales para\" \/>\n<meta name=\"robots\" content=\"index, follow, max-snippet:-1, max-image-preview:large, max-video-preview:-1\" \/>\n<link rel=\"canonical\" href=\"https:\/\/www.newyorkhipknee.com\/es\/indemnizacion-por-accidente-laboral\/directrices-de-tratamiento-medico-mtg\/pautas-de-tratamiento-medico-del-estado-de-nueva-york-para-el-dolor-no-agudo-en-pacientes-con-indemnizacion-laboral\/optimizacion-de-las-dosis-de-opioides\/\" \/>\n<meta property=\"og:locale\" content=\"es_ES\" \/>\n<meta property=\"og:type\" content=\"article\" \/>\n<meta property=\"og:title\" content=\"Optimizaci\u00f3n de las dosis de opioides | Best Hip &amp; Knee Surgeon | NY, USA\" \/>\n<meta property=\"og:description\" content=\"Las directrices proporcionadas por la Junta de Indemnizaci\u00f3n por Accidentes de Trabajo del Estado de Nueva York ofrecen principios fundamentales para\" \/>\n<meta property=\"og:url\" content=\"https:\/\/www.newyorkhipknee.com\/es\/indemnizacion-por-accidente-laboral\/directrices-de-tratamiento-medico-mtg\/pautas-de-tratamiento-medico-del-estado-de-nueva-york-para-el-dolor-no-agudo-en-pacientes-con-indemnizacion-laboral\/optimizacion-de-las-dosis-de-opioides\/\" \/>\n<meta property=\"og:site_name\" content=\"Best Hip &amp; Knee Surgeon | NY, USA\" \/>\n<meta property=\"article:modified_time\" content=\"2024-02-20T12:57:26+00:00\" \/>\n<meta name=\"twitter:card\" content=\"summary_large_image\" \/>\n<meta name=\"twitter:label1\" content=\"Tiempo de lectura\" \/>\n\t<meta name=\"twitter:data1\" content=\"6 minutos\" \/>\n<script type=\"application\/ld+json\" class=\"yoast-schema-graph\">{\"@context\":\"https:\/\/schema.org\",\"@graph\":[{\"@type\":[\"WebPage\",\"MedicalWebPage\"],\"@id\":\"https:\/\/www.newyorkhipknee.com\/es\/indemnizacion-por-accidente-laboral\/directrices-de-tratamiento-medico-mtg\/pautas-de-tratamiento-medico-del-estado-de-nueva-york-para-el-dolor-no-agudo-en-pacientes-con-indemnizacion-laboral\/optimizacion-de-las-dosis-de-opioides\/\",\"url\":\"https:\/\/www.newyorkhipknee.com\/es\/indemnizacion-por-accidente-laboral\/directrices-de-tratamiento-medico-mtg\/pautas-de-tratamiento-medico-del-estado-de-nueva-york-para-el-dolor-no-agudo-en-pacientes-con-indemnizacion-laboral\/optimizacion-de-las-dosis-de-opioides\/\",\"name\":\"Optimizaci\u00f3n de las dosis de opioides | Best Hip &amp; Knee Surgeon | NY, USA\",\"isPartOf\":{\"@id\":\"https:\/\/www.newyorkhipknee.com\/es\/#website\"},\"datePublished\":\"2024-02-09T21:21:09+00:00\",\"dateModified\":\"2024-02-20T12:57:26+00:00\",\"description\":\"Las directrices proporcionadas por la Junta de Indemnizaci\u00f3n por Accidentes de Trabajo del Estado de Nueva York ofrecen principios fundamentales para\",\"breadcrumb\":{\"@id\":\"https:\/\/www.newyorkhipknee.com\/es\/indemnizacion-por-accidente-laboral\/directrices-de-tratamiento-medico-mtg\/pautas-de-tratamiento-medico-del-estado-de-nueva-york-para-el-dolor-no-agudo-en-pacientes-con-indemnizacion-laboral\/optimizacion-de-las-dosis-de-opioides\/#breadcrumb\"},\"inLanguage\":\"es\",\"potentialAction\":[{\"@type\":\"ReadAction\",\"target\":[\"https:\/\/www.newyorkhipknee.com\/es\/indemnizacion-por-accidente-laboral\/directrices-de-tratamiento-medico-mtg\/pautas-de-tratamiento-medico-del-estado-de-nueva-york-para-el-dolor-no-agudo-en-pacientes-con-indemnizacion-laboral\/optimizacion-de-las-dosis-de-opioides\/\"]}]},{\"@type\":\"BreadcrumbList\",\"@id\":\"https:\/\/www.newyorkhipknee.com\/es\/indemnizacion-por-accidente-laboral\/directrices-de-tratamiento-medico-mtg\/pautas-de-tratamiento-medico-del-estado-de-nueva-york-para-el-dolor-no-agudo-en-pacientes-con-indemnizacion-laboral\/optimizacion-de-las-dosis-de-opioides\/#breadcrumb\",\"itemListElement\":[{\"@type\":\"ListItem\",\"position\":1,\"name\":\"Home\",\"item\":\"https:\/\/www.newyorkhipknee.com\/es\/\"},{\"@type\":\"ListItem\",\"position\":2,\"name\":\"Indemnizaci\u00f3n por accidente laboral\",\"item\":\"https:\/\/www.newyorkhipknee.com\/es\/indemnizacion-por-accidente-laboral\/\"},{\"@type\":\"ListItem\",\"position\":3,\"name\":\"Directrices de tratamiento m\u00e9dico (MTG)\",\"item\":\"https:\/\/www.newyorkhipknee.com\/es\/indemnizacion-por-accidente-laboral\/directrices-de-tratamiento-medico-mtg\/\"},{\"@type\":\"ListItem\",\"position\":4,\"name\":\"Pautas de tratamiento m\u00e9dico del Estado de Nueva York para el dolor no agudo en pacientes con indemnizaci\u00f3n laboral\",\"item\":\"https:\/\/www.newyorkhipknee.com\/es\/indemnizacion-por-accidente-laboral\/directrices-de-tratamiento-medico-mtg\/pautas-de-tratamiento-medico-del-estado-de-nueva-york-para-el-dolor-no-agudo-en-pacientes-con-indemnizacion-laboral\/\"},{\"@type\":\"ListItem\",\"position\":5,\"name\":\"Optimizaci\u00f3n de las dosis de opioides\"}]},{\"@type\":\"WebSite\",\"@id\":\"https:\/\/www.newyorkhipknee.com\/es\/#website\",\"url\":\"https:\/\/www.newyorkhipknee.com\/es\/\",\"name\":\"Best Hip & Knee Surgeon | NY, USA\",\"description\":\"\",\"potentialAction\":[{\"@type\":\"SearchAction\",\"target\":{\"@type\":\"EntryPoint\",\"urlTemplate\":\"https:\/\/www.newyorkhipknee.com\/es\/?s={search_term_string}\"},\"query-input\":{\"@type\":\"PropertyValueSpecification\",\"valueRequired\":true,\"valueName\":\"search_term_string\"}}],\"inLanguage\":\"es\"}]}<\/script>\n<!-- \/ Yoast SEO plugin. -->","yoast_head_json":{"title":"Optimizaci\u00f3n de las dosis de opioides | Best Hip &amp; Knee Surgeon | NY, USA","description":"Las directrices proporcionadas por la Junta de Indemnizaci\u00f3n por Accidentes de Trabajo del Estado de Nueva York ofrecen principios fundamentales para","robots":{"index":"index","follow":"follow","max-snippet":"max-snippet:-1","max-image-preview":"max-image-preview:large","max-video-preview":"max-video-preview:-1"},"canonical":"https:\/\/www.newyorkhipknee.com\/es\/indemnizacion-por-accidente-laboral\/directrices-de-tratamiento-medico-mtg\/pautas-de-tratamiento-medico-del-estado-de-nueva-york-para-el-dolor-no-agudo-en-pacientes-con-indemnizacion-laboral\/optimizacion-de-las-dosis-de-opioides\/","og_locale":"es_ES","og_type":"article","og_title":"Optimizaci\u00f3n de las dosis de opioides | Best Hip &amp; Knee Surgeon | NY, USA","og_description":"Las directrices proporcionadas por la Junta de Indemnizaci\u00f3n por Accidentes de Trabajo del Estado de Nueva York ofrecen principios fundamentales para","og_url":"https:\/\/www.newyorkhipknee.com\/es\/indemnizacion-por-accidente-laboral\/directrices-de-tratamiento-medico-mtg\/pautas-de-tratamiento-medico-del-estado-de-nueva-york-para-el-dolor-no-agudo-en-pacientes-con-indemnizacion-laboral\/optimizacion-de-las-dosis-de-opioides\/","og_site_name":"Best Hip &amp; Knee Surgeon | NY, USA","article_modified_time":"2024-02-20T12:57:26+00:00","twitter_card":"summary_large_image","twitter_misc":{"Tiempo de lectura":"6 minutos"},"schema":{"@context":"https:\/\/schema.org","@graph":[{"@type":["WebPage","MedicalWebPage"],"@id":"https:\/\/www.newyorkhipknee.com\/es\/indemnizacion-por-accidente-laboral\/directrices-de-tratamiento-medico-mtg\/pautas-de-tratamiento-medico-del-estado-de-nueva-york-para-el-dolor-no-agudo-en-pacientes-con-indemnizacion-laboral\/optimizacion-de-las-dosis-de-opioides\/","url":"https:\/\/www.newyorkhipknee.com\/es\/indemnizacion-por-accidente-laboral\/directrices-de-tratamiento-medico-mtg\/pautas-de-tratamiento-medico-del-estado-de-nueva-york-para-el-dolor-no-agudo-en-pacientes-con-indemnizacion-laboral\/optimizacion-de-las-dosis-de-opioides\/","name":"Optimizaci\u00f3n de las dosis de opioides | Best Hip &amp; Knee Surgeon | NY, USA","isPartOf":{"@id":"https:\/\/www.newyorkhipknee.com\/es\/#website"},"datePublished":"2024-02-09T21:21:09+00:00","dateModified":"2024-02-20T12:57:26+00:00","description":"Las directrices proporcionadas por la Junta de Indemnizaci\u00f3n por Accidentes de Trabajo del Estado de Nueva York ofrecen principios fundamentales para","breadcrumb":{"@id":"https:\/\/www.newyorkhipknee.com\/es\/indemnizacion-por-accidente-laboral\/directrices-de-tratamiento-medico-mtg\/pautas-de-tratamiento-medico-del-estado-de-nueva-york-para-el-dolor-no-agudo-en-pacientes-con-indemnizacion-laboral\/optimizacion-de-las-dosis-de-opioides\/#breadcrumb"},"inLanguage":"es","potentialAction":[{"@type":"ReadAction","target":["https:\/\/www.newyorkhipknee.com\/es\/indemnizacion-por-accidente-laboral\/directrices-de-tratamiento-medico-mtg\/pautas-de-tratamiento-medico-del-estado-de-nueva-york-para-el-dolor-no-agudo-en-pacientes-con-indemnizacion-laboral\/optimizacion-de-las-dosis-de-opioides\/"]}]},{"@type":"BreadcrumbList","@id":"https:\/\/www.newyorkhipknee.com\/es\/indemnizacion-por-accidente-laboral\/directrices-de-tratamiento-medico-mtg\/pautas-de-tratamiento-medico-del-estado-de-nueva-york-para-el-dolor-no-agudo-en-pacientes-con-indemnizacion-laboral\/optimizacion-de-las-dosis-de-opioides\/#breadcrumb","itemListElement":[{"@type":"ListItem","position":1,"name":"Home","item":"https:\/\/www.newyorkhipknee.com\/es\/"},{"@type":"ListItem","position":2,"name":"Indemnizaci\u00f3n por accidente laboral","item":"https:\/\/www.newyorkhipknee.com\/es\/indemnizacion-por-accidente-laboral\/"},{"@type":"ListItem","position":3,"name":"Directrices de tratamiento m\u00e9dico (MTG)","item":"https:\/\/www.newyorkhipknee.com\/es\/indemnizacion-por-accidente-laboral\/directrices-de-tratamiento-medico-mtg\/"},{"@type":"ListItem","position":4,"name":"Pautas de tratamiento m\u00e9dico del Estado de Nueva York para el dolor no agudo en pacientes con indemnizaci\u00f3n laboral","item":"https:\/\/www.newyorkhipknee.com\/es\/indemnizacion-por-accidente-laboral\/directrices-de-tratamiento-medico-mtg\/pautas-de-tratamiento-medico-del-estado-de-nueva-york-para-el-dolor-no-agudo-en-pacientes-con-indemnizacion-laboral\/"},{"@type":"ListItem","position":5,"name":"Optimizaci\u00f3n de las dosis de opioides"}]},{"@type":"WebSite","@id":"https:\/\/www.newyorkhipknee.com\/es\/#website","url":"https:\/\/www.newyorkhipknee.com\/es\/","name":"Best Hip & Knee Surgeon | NY, USA","description":"","potentialAction":[{"@type":"SearchAction","target":{"@type":"EntryPoint","urlTemplate":"https:\/\/www.newyorkhipknee.com\/es\/?s={search_term_string}"},"query-input":{"@type":"PropertyValueSpecification","valueRequired":true,"valueName":"search_term_string"}}],"inLanguage":"es"}]}},"_links":{"self":[{"href":"https:\/\/www.newyorkhipknee.com\/es\/wp-json\/wp\/v2\/pages\/23421","targetHints":{"allow":["GET"]}}],"collection":[{"href":"https:\/\/www.newyorkhipknee.com\/es\/wp-json\/wp\/v2\/pages"}],"about":[{"href":"https:\/\/www.newyorkhipknee.com\/es\/wp-json\/wp\/v2\/types\/page"}],"author":[{"embeddable":true,"href":"https:\/\/www.newyorkhipknee.com\/es\/wp-json\/wp\/v2\/users\/33"}],"replies":[{"embeddable":true,"href":"https:\/\/www.newyorkhipknee.com\/es\/wp-json\/wp\/v2\/comments?post=23421"}],"version-history":[{"count":0,"href":"https:\/\/www.newyorkhipknee.com\/es\/wp-json\/wp\/v2\/pages\/23421\/revisions"}],"up":[{"embeddable":true,"href":"https:\/\/www.newyorkhipknee.com\/es\/wp-json\/wp\/v2\/pages\/23498"}],"wp:attachment":[{"href":"https:\/\/www.newyorkhipknee.com\/es\/wp-json\/wp\/v2\/media?parent=23421"}],"curies":[{"name":"wp","href":"https:\/\/api.w.org\/{rel}","templated":true}]}}