{"id":23423,"date":"2024-02-05T13:18:14","date_gmt":"2024-02-05T18:18:14","guid":{"rendered":"https:\/\/newyorkhipknee.com\/pautas-de-tratamiento-medico-del-estado-de-nueva-york-para-las-fracturas-del-antebrazo-distal-en-pacientes-con-indemnizacion-por-accidentes-laborales\/"},"modified":"2024-02-05T13:18:14","modified_gmt":"2024-02-05T18:18:14","slug":"pautas-de-tratamiento-medico-del-estado-de-nueva-york-para-las-fracturas-del-antebrazo-distal-en-pacientes-con-indemnizacion-por-accidentes-laborales","status":"publish","type":"page","link":"https:\/\/www.newyorkhipknee.com\/es\/pautas-de-tratamiento-medico-del-estado-de-nueva-york-para-las-fracturas-del-antebrazo-distal-en-pacientes-con-indemnizacion-por-accidentes-laborales\/","title":{"rendered":"Pautas de tratamiento m\u00e9dico del Estado de Nueva York para las fracturas del antebrazo distal en pacientes con indemnizaci\u00f3n por accidentes laborales"},"content":{"rendered":"<p>Las directrices proporcionadas por la Junta de Indemnizaci\u00f3n por Accidentes de Trabajo del Estado de Nueva York ofrecen principios fundamentales para abordar las fracturas del antebrazo distal. Estas directrices est\u00e1n dise\u00f1adas para ayudar a los profesionales sanitarios a identificar los enfoques terap\u00e9uticos adecuados en el contexto de una evaluaci\u00f3n exhaustiva.<\/p>\n<p>Los profesionales sanitarios con experiencia en el tratamiento de las fracturas del antebrazo distal pueden confiar en las orientaciones esbozadas por la Junta de Indemnizaci\u00f3n por Accidentes de Trabajo para tomar decisiones bien informadas sobre los m\u00e9todos terap\u00e9uticos m\u00e1s adecuados para sus pacientes.<\/p>\n<p>Es fundamental subrayar que estas directrices no pretenden sustituir el juicio cl\u00ednico ni la experiencia profesional. La decisi\u00f3n final sobre el tratamiento de las fracturas del antebrazo distal debe ser fruto de la colaboraci\u00f3n entre el paciente y su profesional sanitario.<\/p>\n<h2><\/h2>\n<h2><a href=\"https:\/\/www.cortho.org\/case-studies\/sports-medicine-case-studies\/distal-radius-fracture-extra-articular-of-the-right-side-71-year-old-patient\/\"><strong>Fracturas del antebrazo distal en adultos<\/strong><\/a><\/h2>\n<p>Los adultos pueden sufrir varios tipos de fracturas distales del antebrazo, siendo la fractura de Colles la m\u00e1s frecuente. La fractura de Colles se caracteriza por el desplazamiento dorsal o la angulaci\u00f3n de los fragmentos de la fractura en una radiograf\u00eda lateral.<\/p>\n<p>Otros tipos implican angulaci\u00f3n anterior o desplazamiento palmar de los fragmentos de la fractura. A pesar de su gravedad, un diagn\u00f3stico y tratamiento adecuados suelen conducir a resultados satisfactorios. Estas fracturas suelen ser el resultado de fuerzas traum\u00e1ticas, com\u00fanmente asociadas a ca\u00eddas sobre una mano extendida.<\/p>\n<p>&nbsp;<\/p>\n<h3><em>Presentaci\u00f3n cl\u00ednica<\/em><\/h3>\n<p>Las lesiones de mu\u00f1eca que manifiesten dolor significativo, hinchaz\u00f3n, equimosis, crepitaci\u00f3n o deformidad deben presumirse fracturadas hasta que se demuestre lo contrario. Las fracturas de antebrazo tambi\u00e9n pueden implicar lesiones vasculares, neurol\u00f3gicas, ligamentosas y tendinosas. Dada la naturaleza traum\u00e1tica de las fracturas distales de antebrazo, se recomienda un examen exhaustivo para detectar lesiones asociadas en otras zonas como el codo, el hombro, el cuello, la cabeza y la cadera. En la mayor\u00eda de las fracturas distales del antebrazo se recomienda consultar a un cirujano ortop\u00e9dico o de la mano.<\/p>\n<p>&nbsp;<\/p>\n<h3><strong>Estudios diagn\u00f3sticos<\/strong><\/h3>\n<p><strong><em>Radiograf\u00eda de sospecha de fractura distal del antebrazo<\/em><\/strong><\/p>\n<p>Recomendado como estudio inicial, incluyendo vistas posteroanteriores, laterales y, si se dispone de ellas, oblicuas. Las radiograf\u00edas de la mu\u00f1eca contralateral pueden aumentar la fiabilidad de determinadas mediciones radiogr\u00e1ficas, ayudando a determinar la estabilidad y las indicaciones de tratamiento.<\/p>\n<p><strong><em>MRI<\/em><\/strong><\/p>\n<p>Recomendado en caso de sospecha de traumatismo de partes blandas tras confirmar mediante radiograf\u00edas fracturas complejas desplazadas, inestables o conminutas del antebrazo distal. La RM ayuda a evaluar las lesiones de tejidos blandos relacionadas con las fracturas distales del radio.<\/p>\n<p><strong><em>CT<\/em><\/strong><\/p>\n<p>Recomendado para investigar fracturas distales del antebrazo ocultas y complejas con el fin de obtener una visi\u00f3n m\u00e1s clara del desplazamiento de la fractura, la afectaci\u00f3n articular y la subluxaci\u00f3n de la articulaci\u00f3n radiocubital distal.<\/p>\n<p>&nbsp;<\/p>\n<h3><strong>Medicamentos<\/strong><\/h3>\n<p><strong><em>Antiinflamatorios No Esteroideos (AINE) para el Tratamiento del Dolor de las Fracturas Distales del Antebrazo<\/em><\/strong><\/p>\n<p>Recomendados como medicamentos de primera l\u00ednea para la mayor\u00eda de los pacientes con dolor agudo, subagudo o cr\u00f3nico. Inicialmente se recomiendan los f\u00e1rmacos de venta libre, y se suspenden los AINE cuando se resuelven los s\u00edntomas, no son eficaces o desarrollan efectos adversos.<\/p>\n<p><strong><em>AINE para pacientes con alto riesgo de hemorragia gastrointestinal<\/em><\/strong><\/p>\n<p>Recomendado para pacientes de alto riesgo junto con medicamentos citoprotectores. Se recomiendan los inhibidores de la bomba de protones, el misoprostol, el sucralfato y los bloqueadores H2 para prevenir las hemorragias gastrointestinales.<\/p>\n<p><strong><em>AINE para pacientes con riesgo de efectos adversos cardiovasculares<\/em><\/strong><\/p>\n<p>Se recomienda discutir los riesgos y beneficios en pacientes con enfermedades cardiovasculares o m\u00faltiples factores de riesgo. El paracetamol o la aspirina se consideran m\u00e1s seguros, y si se necesitan AINE, se prefieren los no selectivos.<\/p>\n<p><strong><em>Acetaminofeno para el Tratamiento del Dolor de las Fracturas Distales del Antebrazo<\/em><\/strong><\/p>\n<p>Recomendado para el tratamiento del dolor, especialmente en pacientes con contraindicaciones para los AINE. La dosificaci\u00f3n debe seguir las recomendaciones del fabricante, con precauci\u00f3n para evitar la toxicidad hep\u00e1tica.<\/p>\n<p><strong><em>Opi\u00e1ceos<\/em><\/strong><\/p>\n<p>Se recomienda un uso limitado (menos de siete d\u00edas) para el tratamiento del dolor agudo y postoperatorio como terapia coadyuvante de tratamientos m\u00e1s eficaces. Los opi\u00e1ceos deben prescribirse con prudencia, sobre todo para uso nocturno, y reducirse gradualmente.<\/p>\n<p>&nbsp;<\/p>\n<div class=\"flex-1 overflow-hidden\">\n<div class=\"react-scroll-to-bottom--css-cxkqu-79elbk h-full\">\n<div class=\"react-scroll-to-bottom--css-cxkqu-1n7m0yu\">\n<div class=\"flex flex-col pb-9 text-sm\">\n<div class=\"w-full text-token-text-primary\" data-testid=\"conversation-turn-115\">\n<div class=\"px-4 py-2 justify-center text-base md:gap-6 m-auto\">\n<div class=\"flex flex-1 text-base mx-auto gap-3 md:px-5 lg:px-1 xl:px-5 md:max-w-3xl lg:max-w-[40rem] xl:max-w-[48rem] group final-completion\">\n<div class=\"relative flex w-full flex-col lg:w-[calc(100%-115px)] agent-turn\">\n<div class=\"flex-col gap-1 md:gap-3\">\n<div class=\"flex flex-grow flex-col max-w-full\">\n<div class=\"min-h-[20px] text-message flex flex-col items-start gap-3 whitespace-pre-wrap break-words [.text-message+&amp;]:mt-5 overflow-x-auto\" data-message-author-role=\"assistant\" data-message-id=\"02e781e2-bf05-4770-8f34-0a9370d1311a\">\n<div class=\"markdown prose w-full break-words dark:prose-invert dark\">\n<h3><strong>Tratamientos de las fracturas del antebrazo distal<\/strong><\/h3>\n<p><strong><em>Criterios para las recomendaciones de tratamiento<\/em><\/strong><\/p>\n<p>Las recomendaciones de tratamiento deben guiarse por la evaluaci\u00f3n de si la fractura es abierta o cerrada, estable o inestable, y la probabilidad de que se vuelva inestable.<\/p>\n<p><strong><em>Fractura distal de radio no desplazada<\/em><\/strong><\/p>\n<p><strong>Inmovilizaci\u00f3n<\/strong><\/p>\n<ul>\n<li><em>Inmovilizaci\u00f3n con yeso para fracturas de radio distal no desplazadas o m\u00ednimamente desplazadas:<\/em>\n<ul>\n<li>Recomendado para seis semanas.<\/li>\n<\/ul>\n<\/li>\n<\/ul>\n<p>&nbsp;<\/p>\n<p><strong><em>Fractura radial distal desplazada<\/em><\/strong><\/p>\n<p>Las fracturas distales de radio con angulaci\u00f3n dorsal de 10\u00b0 o m\u00e1s, acortamiento radial superior a 2 mm o cualquier grado de inestabilidad se consideran fracturas con p\u00e9rdida o afectaci\u00f3n \u00f3sea que requieren fijaci\u00f3n interna o externa.<\/p>\n<p>&nbsp;<\/p>\n<p><strong>Reducci\u00f3n cerrada y yeso para fracturas radiales distales desplazadas<\/strong><\/p>\n<ul>\n<li>Recomendado para fracturas estables tras reducci\u00f3n.<\/li>\n<\/ul>\n<p><em>Rehabilitaci\u00f3n<\/em><\/p>\n<p>La rehabilitaci\u00f3n de las lesiones relacionadas con el trabajo debe centrarse en restablecer la capacidad funcional para las actividades cotidianas y laborales. Se hace hincapi\u00e9 en la terapia activa, que requiere el esfuerzo del paciente, frente a las intervenciones pasivas, que se basan en modalidades administradas por el terapeuta. Las terapias activas y pasivas deben continuarse en casa para mantener la mejor\u00eda, y pueden utilizarse dispositivos de asistencia para mejorar los logros funcionales.<\/p>\n<h4><strong>Terapia activa<\/strong><\/h4>\n<p><em>Ejercicio terap\u00e9utico tras la retirada de la escayola para la fractura aguda de Colles<\/em><\/p>\n<ul>\n<li>Recomendado para pacientes con d\u00e9ficit funcional o incapaces de volver al trabajo.<\/li>\n<li>Frecuencia\/dosis\/duraci\u00f3n: Dos o tres visitas para d\u00e9ficits leves, hasta 12 o 15 para d\u00e9ficits graves, con documentaci\u00f3n continua de la mejora funcional.<\/li>\n<\/ul>\n<p><em>Educaci\u00f3n tras la retirada de la escayola por fractura aguda de Colles<\/em><\/p>\n<ul>\n<li>Recomendado para pacientes seleccionados.<\/li>\n<\/ul>\n<p>&nbsp;<\/p>\n<h4><strong>Terapia pasiva<\/strong><\/h4>\n<p><em>Campos electromagn\u00e9ticos de baja frecuencia para estimular la curaci\u00f3n \u00f3sea de las fracturas distales del radio<\/em><\/p>\n<ul>\n<li>No recomendado para pacientes con fracturas no desplazadas.<\/li>\n<\/ul>\n<p>&nbsp;<\/p>\n<h3><em>Cirug\u00eda<\/em><\/h3>\n<p><strong>Reducci\u00f3n cerrada<\/strong><\/p>\n<ul>\n<li>Recomendado para fracturas extraarticulares severamente desplazadas que son estables post-reducci\u00f3n.<\/li>\n<\/ul>\n<p><strong>T\u00e9cnicas de fijaci\u00f3n medular (alambre de kirschner) o intramedular<\/strong><\/p>\n<ul>\n<li>Recomendado en pacientes seleccionados.<\/li>\n<\/ul>\n<p><strong>Reducci\u00f3n abierta y fijaci\u00f3n interna<\/strong><\/p>\n<ul>\n<li>Recomendado si la fractura permanece inestable con otros m\u00e9todos de tratamiento.<\/li>\n<\/ul>\n<p><strong>Reparaci\u00f3n del complejo triangular de fibrocart\u00edlago (TFCC) para fracturas distales del radio<\/strong><\/p>\n<ul>\n<li>No se recomienda.<\/li>\n<\/ul>\n<p><strong>Eliminaci\u00f3n de hardware<\/strong><\/p>\n<ul>\n<li>Recomendado en casos seleccionados en funci\u00f3n de las preferencias del m\u00e9dico\/paciente, teniendo en cuenta si hay herrajes que sobresalen, dolor atribuido a los herrajes, herrajes rotos en las im\u00e1genes o una respuesta positiva a la inyecci\u00f3n anest\u00e9sica.<\/li>\n<\/ul>\n<p><strong>Inmovilizaci\u00f3n de fundici\u00f3n<\/strong><\/p>\n<ul>\n<li>Recomendado para fracturas extraarticulares o fracturas extraarticulares moderadamente desplazadas que son estables tras la reducci\u00f3n y fracturas intraarticulares no conminutas o no desplazadas.<\/li>\n<\/ul>\n<\/div>\n<\/div>\n<\/div>\n<div class=\"mt-1 flex justify-start gap-3 empty:hidden\">\n<div class=\"text-gray-400 flex self-end lg:self-center justify-center lg:justify-start mt-0 -ml-1 visible\">\n<p>&nbsp;<\/p>\n<div class=\"flex items-center gap-1.5 text-xs\"><\/div>\n<div class=\"flex\"><\/div>\n<\/div>\n<\/div>\n<\/div>\n<\/div>\n<\/div>\n<\/div>\n<\/div>\n<\/div>\n<\/div>\n<\/div>\n<\/div>\n<div class=\"w-full pt-2 md:pt-0 dark:border-white\/20 md:border-transparent md:dark:border-transparent md:w-[calc(100%-.5rem)]\">\n<form class=\"stretch mx-2 flex flex-row gap-3 last:mb-2 md:mx-4 md:last:mb-6 lg:mx-auto lg:max-w-2xl xl:max-w-3xl\">\n<div class=\"relative flex h-full flex-1 items-stretch md:flex-col\">\n<div class=\"flex w-full items-center\"><\/div>\n<\/div>\n<\/form>\n<\/div>\n","protected":false},"excerpt":{"rendered":"<p>Las directrices proporcionadas por la Junta de Indemnizaci\u00f3n por Accidentes de Trabajo del Estado de Nueva York ofrecen principios fundamentales para abordar las fracturas del antebrazo distal. Estas directrices est\u00e1n dise\u00f1adas para ayudar a los profesionales sanitarios a identificar los enfoques terap\u00e9uticos adecuados en el contexto de una evaluaci\u00f3n exhaustiva. Los profesionales sanitarios con experiencia [&hellip;]<\/p>\n","protected":false},"author":33,"featured_media":0,"parent":0,"menu_order":0,"comment_status":"closed","ping_status":"closed","template":"","meta":{"_et_pb_use_builder":"","_et_pb_old_content":"","_et_gb_content_width":"","footnotes":""},"class_list":["post-23423","page","type-page","status-publish","hentry"],"yoast_head":"<!-- This site is optimized with the Yoast SEO plugin v27.2 - https:\/\/yoast.com\/product\/yoast-seo-wordpress\/ -->\n<title>Pautas de tratamiento m\u00e9dico del Estado de Nueva York para las fracturas del antebrazo distal en pacientes con indemnizaci\u00f3n por accidentes laborales | Best Hip &amp; Knee Surgeon | NY, USA<\/title>\n<meta name=\"description\" content=\"Las directrices proporcionadas por la Junta de Indemnizaci\u00f3n por Accidentes de Trabajo del Estado de Nueva York ofrecen principios fundamentales para\" \/>\n<meta name=\"robots\" content=\"index, follow, max-snippet:-1, max-image-preview:large, max-video-preview:-1\" \/>\n<link rel=\"canonical\" href=\"https:\/\/www.newyorkhipknee.com\/es\/pautas-de-tratamiento-medico-del-estado-de-nueva-york-para-las-fracturas-del-antebrazo-distal-en-pacientes-con-indemnizacion-por-accidentes-laborales\/\" \/>\n<meta property=\"og:locale\" content=\"es_ES\" \/>\n<meta property=\"og:type\" content=\"article\" \/>\n<meta property=\"og:title\" content=\"Pautas de tratamiento m\u00e9dico del Estado de Nueva York para las fracturas del antebrazo distal en pacientes con indemnizaci\u00f3n por accidentes laborales | Best Hip &amp; Knee Surgeon | NY, USA\" \/>\n<meta property=\"og:description\" content=\"Las directrices proporcionadas por la Junta de Indemnizaci\u00f3n por Accidentes de Trabajo del Estado de Nueva York ofrecen principios fundamentales para\" \/>\n<meta property=\"og:url\" content=\"https:\/\/www.newyorkhipknee.com\/es\/pautas-de-tratamiento-medico-del-estado-de-nueva-york-para-las-fracturas-del-antebrazo-distal-en-pacientes-con-indemnizacion-por-accidentes-laborales\/\" \/>\n<meta property=\"og:site_name\" content=\"Best Hip &amp; Knee Surgeon | NY, USA\" \/>\n<meta name=\"twitter:card\" content=\"summary_large_image\" \/>\n<meta name=\"twitter:label1\" content=\"Tiempo de lectura\" \/>\n\t<meta name=\"twitter:data1\" content=\"6 minutos\" \/>\n<script type=\"application\/ld+json\" class=\"yoast-schema-graph\">{\"@context\":\"https:\/\/schema.org\",\"@graph\":[{\"@type\":[\"WebPage\",\"MedicalWebPage\"],\"@id\":\"https:\/\/www.newyorkhipknee.com\/es\/pautas-de-tratamiento-medico-del-estado-de-nueva-york-para-las-fracturas-del-antebrazo-distal-en-pacientes-con-indemnizacion-por-accidentes-laborales\/\",\"url\":\"https:\/\/www.newyorkhipknee.com\/es\/pautas-de-tratamiento-medico-del-estado-de-nueva-york-para-las-fracturas-del-antebrazo-distal-en-pacientes-con-indemnizacion-por-accidentes-laborales\/\",\"name\":\"Pautas de tratamiento m\u00e9dico del Estado de Nueva York para las fracturas del antebrazo distal en pacientes con indemnizaci\u00f3n por accidentes laborales | Best Hip &amp; Knee Surgeon | NY, USA\",\"isPartOf\":{\"@id\":\"https:\/\/www.newyorkhipknee.com\/es\/#website\"},\"datePublished\":\"2024-02-05T18:18:14+00:00\",\"description\":\"Las directrices proporcionadas por la Junta de Indemnizaci\u00f3n por Accidentes de Trabajo del Estado de Nueva York ofrecen principios fundamentales para\",\"breadcrumb\":{\"@id\":\"https:\/\/www.newyorkhipknee.com\/es\/pautas-de-tratamiento-medico-del-estado-de-nueva-york-para-las-fracturas-del-antebrazo-distal-en-pacientes-con-indemnizacion-por-accidentes-laborales\/#breadcrumb\"},\"inLanguage\":\"es\",\"potentialAction\":[{\"@type\":\"ReadAction\",\"target\":[\"https:\/\/www.newyorkhipknee.com\/es\/pautas-de-tratamiento-medico-del-estado-de-nueva-york-para-las-fracturas-del-antebrazo-distal-en-pacientes-con-indemnizacion-por-accidentes-laborales\/\"]}]},{\"@type\":\"BreadcrumbList\",\"@id\":\"https:\/\/www.newyorkhipknee.com\/es\/pautas-de-tratamiento-medico-del-estado-de-nueva-york-para-las-fracturas-del-antebrazo-distal-en-pacientes-con-indemnizacion-por-accidentes-laborales\/#breadcrumb\",\"itemListElement\":[{\"@type\":\"ListItem\",\"position\":1,\"name\":\"Home\",\"item\":\"https:\/\/www.newyorkhipknee.com\/es\/\"},{\"@type\":\"ListItem\",\"position\":2,\"name\":\"Pautas de tratamiento m\u00e9dico del Estado de Nueva York para las fracturas del antebrazo distal en pacientes con indemnizaci\u00f3n por accidentes laborales\"}]},{\"@type\":\"WebSite\",\"@id\":\"https:\/\/www.newyorkhipknee.com\/es\/#website\",\"url\":\"https:\/\/www.newyorkhipknee.com\/es\/\",\"name\":\"Best Hip & Knee Surgeon | NY, USA\",\"description\":\"\",\"potentialAction\":[{\"@type\":\"SearchAction\",\"target\":{\"@type\":\"EntryPoint\",\"urlTemplate\":\"https:\/\/www.newyorkhipknee.com\/es\/?s={search_term_string}\"},\"query-input\":{\"@type\":\"PropertyValueSpecification\",\"valueRequired\":true,\"valueName\":\"search_term_string\"}}],\"inLanguage\":\"es\"}]}<\/script>\n<!-- \/ Yoast SEO plugin. -->","yoast_head_json":{"title":"Pautas de tratamiento m\u00e9dico del Estado de Nueva York para las fracturas del antebrazo distal en pacientes con indemnizaci\u00f3n por accidentes laborales | Best Hip &amp; Knee Surgeon | NY, USA","description":"Las directrices proporcionadas por la Junta de Indemnizaci\u00f3n por Accidentes de Trabajo del Estado de Nueva York ofrecen principios fundamentales para","robots":{"index":"index","follow":"follow","max-snippet":"max-snippet:-1","max-image-preview":"max-image-preview:large","max-video-preview":"max-video-preview:-1"},"canonical":"https:\/\/www.newyorkhipknee.com\/es\/pautas-de-tratamiento-medico-del-estado-de-nueva-york-para-las-fracturas-del-antebrazo-distal-en-pacientes-con-indemnizacion-por-accidentes-laborales\/","og_locale":"es_ES","og_type":"article","og_title":"Pautas de tratamiento m\u00e9dico del Estado de Nueva York para las fracturas del antebrazo distal en pacientes con indemnizaci\u00f3n por accidentes laborales | Best Hip &amp; Knee Surgeon | NY, USA","og_description":"Las directrices proporcionadas por la Junta de Indemnizaci\u00f3n por Accidentes de Trabajo del Estado de Nueva York ofrecen principios fundamentales para","og_url":"https:\/\/www.newyorkhipknee.com\/es\/pautas-de-tratamiento-medico-del-estado-de-nueva-york-para-las-fracturas-del-antebrazo-distal-en-pacientes-con-indemnizacion-por-accidentes-laborales\/","og_site_name":"Best Hip &amp; Knee Surgeon | NY, USA","twitter_card":"summary_large_image","twitter_misc":{"Tiempo de lectura":"6 minutos"},"schema":{"@context":"https:\/\/schema.org","@graph":[{"@type":["WebPage","MedicalWebPage"],"@id":"https:\/\/www.newyorkhipknee.com\/es\/pautas-de-tratamiento-medico-del-estado-de-nueva-york-para-las-fracturas-del-antebrazo-distal-en-pacientes-con-indemnizacion-por-accidentes-laborales\/","url":"https:\/\/www.newyorkhipknee.com\/es\/pautas-de-tratamiento-medico-del-estado-de-nueva-york-para-las-fracturas-del-antebrazo-distal-en-pacientes-con-indemnizacion-por-accidentes-laborales\/","name":"Pautas de tratamiento m\u00e9dico del Estado de Nueva York para las fracturas del antebrazo distal en pacientes con indemnizaci\u00f3n por accidentes laborales | Best Hip &amp; Knee Surgeon | NY, USA","isPartOf":{"@id":"https:\/\/www.newyorkhipknee.com\/es\/#website"},"datePublished":"2024-02-05T18:18:14+00:00","description":"Las directrices proporcionadas por la Junta de Indemnizaci\u00f3n por Accidentes de Trabajo del Estado de Nueva York ofrecen principios fundamentales para","breadcrumb":{"@id":"https:\/\/www.newyorkhipknee.com\/es\/pautas-de-tratamiento-medico-del-estado-de-nueva-york-para-las-fracturas-del-antebrazo-distal-en-pacientes-con-indemnizacion-por-accidentes-laborales\/#breadcrumb"},"inLanguage":"es","potentialAction":[{"@type":"ReadAction","target":["https:\/\/www.newyorkhipknee.com\/es\/pautas-de-tratamiento-medico-del-estado-de-nueva-york-para-las-fracturas-del-antebrazo-distal-en-pacientes-con-indemnizacion-por-accidentes-laborales\/"]}]},{"@type":"BreadcrumbList","@id":"https:\/\/www.newyorkhipknee.com\/es\/pautas-de-tratamiento-medico-del-estado-de-nueva-york-para-las-fracturas-del-antebrazo-distal-en-pacientes-con-indemnizacion-por-accidentes-laborales\/#breadcrumb","itemListElement":[{"@type":"ListItem","position":1,"name":"Home","item":"https:\/\/www.newyorkhipknee.com\/es\/"},{"@type":"ListItem","position":2,"name":"Pautas de tratamiento m\u00e9dico del Estado de Nueva York para las fracturas del antebrazo distal en pacientes con indemnizaci\u00f3n por accidentes laborales"}]},{"@type":"WebSite","@id":"https:\/\/www.newyorkhipknee.com\/es\/#website","url":"https:\/\/www.newyorkhipknee.com\/es\/","name":"Best Hip & Knee Surgeon | NY, USA","description":"","potentialAction":[{"@type":"SearchAction","target":{"@type":"EntryPoint","urlTemplate":"https:\/\/www.newyorkhipknee.com\/es\/?s={search_term_string}"},"query-input":{"@type":"PropertyValueSpecification","valueRequired":true,"valueName":"search_term_string"}}],"inLanguage":"es"}]}},"_links":{"self":[{"href":"https:\/\/www.newyorkhipknee.com\/es\/wp-json\/wp\/v2\/pages\/23423","targetHints":{"allow":["GET"]}}],"collection":[{"href":"https:\/\/www.newyorkhipknee.com\/es\/wp-json\/wp\/v2\/pages"}],"about":[{"href":"https:\/\/www.newyorkhipknee.com\/es\/wp-json\/wp\/v2\/types\/page"}],"author":[{"embeddable":true,"href":"https:\/\/www.newyorkhipknee.com\/es\/wp-json\/wp\/v2\/users\/33"}],"replies":[{"embeddable":true,"href":"https:\/\/www.newyorkhipknee.com\/es\/wp-json\/wp\/v2\/comments?post=23423"}],"version-history":[{"count":0,"href":"https:\/\/www.newyorkhipknee.com\/es\/wp-json\/wp\/v2\/pages\/23423\/revisions"}],"wp:attachment":[{"href":"https:\/\/www.newyorkhipknee.com\/es\/wp-json\/wp\/v2\/media?parent=23423"}],"curies":[{"name":"wp","href":"https:\/\/api.w.org\/{rel}","templated":true}]}}