{"id":23425,"date":"2024-02-02T15:36:36","date_gmt":"2024-02-02T20:36:36","guid":{"rendered":"https:\/\/newyorkhipknee.com\/pautas-de-tratamiento-medico-del-estado-de-nueva-york-para-las-fracturas-de-falange-distal-y-el-hematoma-subungueal-en-pacientes-con-indemnizacion-por-accidente-laboral\/"},"modified":"2024-02-02T15:36:36","modified_gmt":"2024-02-02T20:36:36","slug":"pautas-de-tratamiento-medico-del-estado-de-nueva-york-para-las-fracturas-de-falange-distal-y-el-hematoma-subungueal-en-pacientes-con-indemnizacion-por-accidente-laboral","status":"publish","type":"page","link":"https:\/\/www.newyorkhipknee.com\/es\/pautas-de-tratamiento-medico-del-estado-de-nueva-york-para-las-fracturas-de-falange-distal-y-el-hematoma-subungueal-en-pacientes-con-indemnizacion-por-accidente-laboral\/","title":{"rendered":"Pautas de tratamiento m\u00e9dico del estado de Nueva York para las fracturas de falange distal y el hematoma subungueal en pacientes con indemnizaci\u00f3n por accidente laboral"},"content":{"rendered":"<p>Las directrices proporcionadas por la Junta de Indemnizaci\u00f3n por Accidentes de Trabajo del Estado de Nueva York presentan principios fundamentales para abordar las fracturas de falange distal y el hematoma subungueal. Estas directrices est\u00e1n pensadas para ayudar a los profesionales sanitarios a identificar los enfoques terap\u00e9uticos adecuados en el contexto de una evaluaci\u00f3n exhaustiva.<\/p>\n<p>Los profesionales sanitarios con experiencia en el tratamiento de las fracturas de falange distal y el hematoma subungueal pueden confiar en las orientaciones esbozadas por la Junta de Indemnizaci\u00f3n por Accidentes de Trabajo para tomar decisiones bien informadas sobre los m\u00e9todos terap\u00e9uticos m\u00e1s adecuados para sus pacientes.<\/p>\n<p>Es esencial subrayar que estas directrices no pretenden sustituir el juicio cl\u00ednico ni la experiencia profesional. La decisi\u00f3n final sobre el tratamiento de las fracturas de falange distal y el hematoma subungueal debe ser fruto de la colaboraci\u00f3n entre el paciente y su profesional sanitario.<\/p>\n<h2><a href=\"https:\/\/www.cortho.org\/workers-compensation\/mtg\/hand-wrist-and-forearm-injuries\/middle-and-proximal-phalangeal-and-metacarpal-fractures\/\" target=\"_blank\" rel=\"noopener\"><strong>Fracturas de la punta del dedo o de la falange distal<\/strong><\/a><\/h2>\n<p>Frecuentemente identificadas como las fracturas m\u00e1s comunes de la mano, las fracturas de la punta de los dedos o de las falanges distales, siendo el penacho la m\u00e1s frecuente, suelen ser el resultado de lesiones por aplastamiento. Estas lesiones, que suelen producirse en entornos laborales, dan lugar a fracturas conminutas o transversales y suelen ir acompa\u00f1adas de laceraciones del lecho ungueal y hematomas subungueales.<\/p>\n<p>Debido al soporte de tejido blando de los septos fibrosos y la placa ungueal, las fracturas de penacho suelen ser estables y curan sin complicaciones. Sin embargo, las fracturas por aplastamiento o avulsi\u00f3n que afectan a la base proximal de la falange distal tambi\u00e9n pueden afectar a los tendones flexores o extensores, haciendo necesaria una intervenci\u00f3n quir\u00fargica.<\/p>\n<p>Otra lesi\u00f3n frecuente es la fractura en maza o dedo en maza, una fractura-dislocaci\u00f3n de la falange distal que provoca la p\u00e9rdida de continuidad del tend\u00f3n extensor sobre la articulaci\u00f3n interfal\u00e1ngica distal. El hematoma subungueal, que consiste en sangre atrapada bajo la u\u00f1a tras un traumatismo, es otra afecci\u00f3n relevante.<\/p>\n<p>&nbsp;<\/p>\n<h3><strong>Estudios diagn\u00f3sticos<\/strong><\/h3>\n<p><strong><em>Rayos X<\/em><\/strong><\/p>\n<p>Recomendado para el diagn\u00f3stico de fracturas del penacho. Por lo general, basta con obtener radiograf\u00edas una vez, y rara vez son necesarias radiograf\u00edas de seguimiento, salvo en casos de cicatrizaci\u00f3n complicada.<\/p>\n<p><strong><em>MRI \/ CT \/ ultrasonido \/ im\u00e1genes de gammagraf\u00eda \u00f3sea<\/em><\/strong><\/p>\n<p>No se recomienda para diagnosticar fracturas del penacho. No hay pruebas suficientes que respalden el uso de resonancia magn\u00e9tica, tomograf\u00eda computarizada, ecograf\u00eda o gammagraf\u00eda \u00f3sea para diagnosticar las fracturas del penacho.<\/p>\n<p>&nbsp;<\/p>\n<h3><strong>Medicamentos<\/strong><\/h3>\n<p>Para la mayor\u00eda de los pacientes, el ibuprofeno, el naproxeno u otros AINE de generaciones anteriores se recomiendan como medicamentos de primera l\u00ednea. El paracetamol puede ser una alternativa razonable para los pacientes que no pueden tomar AINE, aunque la evidencia sugiere que es ligeramente menos eficaz.<\/p>\n<p><strong><em>AINE para el tratamiento del dolor agudo, subagudo o cr\u00f3nico de las fracturas de copete<\/em><\/strong><\/p>\n<p>Recomendado para tratar el dolor asociado a las fracturas del penacho. En primer lugar, pueden probarse los f\u00e1rmacos de venta libre, y los AINE pueden utilizarse seg\u00fan sea necesario en muchos pacientes.<\/p>\n<p><strong><em>AINE para pacientes con alto riesgo de hemorragia gastrointestinal<\/em><\/strong><\/p>\n<p>Recomendado para el uso concomitante de f\u00e1rmacos citoprotectores en pacientes con alto riesgo de hemorragia gastrointestinal.<\/p>\n<p><strong><em>AINE para pacientes con riesgo de efectos adversos cardiovasculares<\/em><\/strong><\/p>\n<p>Se recomienda que los pacientes con enfermedad cardiovascular conocida o m\u00faltiples factores de riesgo de enfermedad cardiovascular discutan los riesgos y beneficios del tratamiento con AINE para el dolor. El paracetamol o la aspirina se consideran m\u00e1s seguros en cuanto a efectos adversos cardiovasculares.<\/p>\n<p><strong><em>Acetaminof\u00e9n para el tratamiento del dolor de fracturas de mech\u00f3n<\/em><\/strong><\/p>\n<p>Recomendado para el tratamiento del dolor asociado a fracturas del penacho, especialmente en pacientes con contraindicaciones para los AINE.<\/p>\n<p><a href=\"https:\/\/newyorkhipknee.com\/workers-comp\/mtg\/non-acute-pain\/opioids-for-non-acute-pain\/\" target=\"_blank\" rel=\"noopener\"><strong><em>Opi\u00e1ceos<\/em><\/strong><\/a><\/p>\n<p>Recomendado para uso limitado (menos de siete d\u00edas) para el tratamiento del dolor agudo y postoperatorio como terapia coadyuvante. Los opi\u00e1ceos pueden prescribirse seg\u00fan se necesiten a lo largo del d\u00eda, centr\u00e1ndose en el consumo nocturno, antes de reducirlos gradualmente.<\/p>\n<p><strong><em>Profilaxis antibi\u00f3tica<\/em><\/strong><\/p>\n<p>No se recomienda para la profilaxis antibi\u00f3tica postratamiento de fracturas abiertas. No hay pruebas suficientes que apoyen el uso de profilaxis antibi\u00f3tica para las fracturas abiertas despu\u00e9s de la trepanaci\u00f3n.<\/p>\n<p><strong><em>Inmunizaci\u00f3n contra el t\u00e9tanos<\/em><\/strong><\/p>\n<p>Se recomienda actualizar el estado de vacunaci\u00f3n antitet\u00e1nica seg\u00fan sea necesario. La vacunaci\u00f3n antitet\u00e1nica est\u00e1 indicada en caso de heridas que no est\u00e9n limpias o quemaduras si han pasado m\u00e1s de cinco a\u00f1os desde la \u00faltima vacunaci\u00f3n antitet\u00e1nica.<\/p>\n<p>&nbsp;<\/p>\n<div class=\"flex-1 overflow-hidden\">\n<div class=\"react-scroll-to-bottom--css-cxkqu-79elbk h-full\">\n<div class=\"react-scroll-to-bottom--css-cxkqu-1n7m0yu\">\n<div class=\"flex flex-col pb-9 text-sm\">\n<div class=\"w-full text-token-text-primary\" data-testid=\"conversation-turn-107\">\n<div class=\"px-4 py-2 justify-center text-base md:gap-6 m-auto\">\n<div class=\"flex flex-1 text-base mx-auto gap-3 md:px-5 lg:px-1 xl:px-5 md:max-w-3xl lg:max-w-[40rem] xl:max-w-[48rem] group final-completion\">\n<div class=\"relative flex w-full flex-col lg:w-[calc(100%-115px)] agent-turn\">\n<div class=\"flex-col gap-1 md:gap-3\">\n<div class=\"flex flex-grow flex-col max-w-full\">\n<div class=\"min-h-[20px] text-message flex flex-col items-start gap-3 whitespace-pre-wrap break-words [.text-message+&amp;]:mt-5 overflow-x-auto\" data-message-author-role=\"assistant\" data-message-id=\"ee33504b-db20-4631-80ca-8e5b611885c6\">\n<div class=\"markdown prose w-full break-words dark:prose-invert dark\">\n<h3><strong>Tratamiento de las fracturas del penacho<\/strong><\/h3>\n<p><strong><em>Asistencia ortop\u00e9dica para cierres sin complicaciones<\/em><\/strong><\/p>\n<p>En las fracturas del penacho asociadas a la avulsi\u00f3n de la u\u00f1a, el abordaje de la placa ungueal bajo el eponiquio puede requerir la reducci\u00f3n o la extirpaci\u00f3n si la reducci\u00f3n no es factible. En general, la asistencia ortop\u00e9dica no es esencial para los cierres sencillos.<\/p>\n<p><strong><em>Fracturas abiertas con lesiones extensas de partes blandas<\/em><\/strong><\/p>\n<p>Las fracturas abiertas con da\u00f1os importantes en los tejidos blandos suelen provocar dolor cr\u00f3nico e incapacidad, por lo que requieren la asistencia de un cirujano ortop\u00e9dico o de la mano.<\/p>\n<p>&nbsp;<\/p>\n<h4><strong>Trepanaci\u00f3n y tratamiento de las u\u00f1as<\/strong><\/h4>\n<p><strong><em>Trepanaci\u00f3n<\/em><\/strong><\/p>\n<p>Recomendado para el tratamiento de hematomas subungueales.<\/p>\n<p><strong><em>Eliminaci\u00f3n de u\u00f1as o reparaci\u00f3n de laceraci\u00f3n del lecho ungueal<\/em><\/strong><\/p>\n<p>No se recomienda para el tratamiento de hematomas subungueales sin laceraci\u00f3n del lecho ungueal. Sin embargo, se recomienda en los casos asociados a la laceraci\u00f3n del lecho ungueal para prevenir futuros defectos est\u00e9ticos.<\/p>\n<p><strong><em>Reducci\u00f3n de la placa ungueal bajo el eponiquio<\/em><\/strong><\/p>\n<p>Recomendado en casos seleccionados.<\/p>\n<p><strong><em>Extracci\u00f3n de la placa ungueal debajo del eponychium<\/em><\/strong><\/p>\n<p>Recomendado en casos seleccionados si no se puede realizar la reducci\u00f3n de la placa ungueal bajo el eponiquio.<\/p>\n<p>&nbsp;<\/p>\n<h4><strong>Inmovilizaci\u00f3n: F\u00e9rula<\/strong><\/h4>\n<p><strong><em>Ferulizaci\u00f3n Protectora de la Falange Distal a la PIP<\/em><\/strong><\/p>\n<p>Recomendado para fracturas. La duraci\u00f3n aproximada es de tres semanas.<\/p>\n<p><strong><em>Entablillado de dedos en fracturas de penacho<\/em><\/strong><\/p>\n<p>Recomendado para prevenir mayores molestias o lesiones.<\/p>\n<p><strong><em>Reducci\u00f3n de fracturas con desplazamiento significativo<\/em><\/strong><\/p>\n<p>Recomendado para la reducci\u00f3n e inmovilizaci\u00f3n con f\u00e9rula en fracturas con desplazamiento significativo relativamente infrecuentes. La derivaci\u00f3n a un cirujano ortop\u00e9dico puede estar indicada si no se puede lograr la reducci\u00f3n.<\/p>\n<p>&nbsp;<\/p>\n<h3><strong>Rehabilitaci\u00f3n<\/strong><\/h3>\n<p>La rehabilitaci\u00f3n de las lesiones relacionadas con el trabajo debe centrarse en restablecer la capacidad funcional para las actividades cotidianas y laborales. La terapia activa, que implica un esfuerzo interno por parte del paciente, se antepone a las intervenciones pasivas.<\/p>\n<h4><em>Terapia: Activa<\/em><\/h4>\n<p><em>Ejercicio terap\u00e9utico<\/em><\/p>\n<p>Recomendado en casos seleccionados para el tratamiento de fracturas del penacho. La terapia de movilizaci\u00f3n articular puede ser \u00fatil en caso de lesiones complicadas o de fijaci\u00f3n posquir\u00fargica.<\/p>\n<p>&nbsp;<\/p>\n<h3><strong>Cirug\u00eda<\/strong><\/h3>\n<p><em>Intervenci\u00f3n quir\u00fargica<\/em><\/p>\n<p>Recomendado para fracturas extremadamente desplazadas, no reducidas o inestables de la falange distal. Las fracturas diafisarias de falange distal rara vez requieren fijaci\u00f3n quir\u00fargica, salvo en casos espec\u00edficos.<\/p>\n<p><em>Eliminaci\u00f3n de hardware<\/em><\/p>\n<p>Recomendado en casos seleccionados en los que se prefiere la extracci\u00f3n de herrajes, como herrajes que sobresalen, dolor atribuido a los herrajes, herrajes rotos en las im\u00e1genes o una respuesta positiva a la inyecci\u00f3n anest\u00e9sica.<\/p>\n<\/div>\n<\/div>\n<\/div>\n<div class=\"mt-1 flex justify-start gap-3 empty:hidden\">\n<div class=\"text-gray-400 flex self-end lg:self-center justify-center lg:justify-start mt-0 -ml-1 visible\">\n<p>&nbsp;<\/p>\n<div class=\"flex items-center gap-1.5 text-xs\"><\/div>\n<div class=\"flex\"><\/div>\n<\/div>\n<\/div>\n<\/div>\n<\/div>\n<\/div>\n<\/div>\n<\/div>\n<\/div>\n<\/div>\n<\/div>\n<\/div>\n<div class=\"w-full pt-2 md:pt-0 dark:border-white\/20 md:border-transparent md:dark:border-transparent md:w-[calc(100%-.5rem)]\">\n<form class=\"stretch mx-2 flex flex-row gap-3 last:mb-2 md:mx-4 md:last:mb-6 lg:mx-auto lg:max-w-2xl xl:max-w-3xl\">\n<div class=\"relative flex h-full flex-1 items-stretch md:flex-col\">\n<div class=\"flex w-full items-center\"><\/div>\n<\/div>\n<\/form>\n<\/div>\n","protected":false},"excerpt":{"rendered":"<p>Las directrices proporcionadas por la Junta de Indemnizaci\u00f3n por Accidentes de Trabajo del Estado de Nueva York presentan principios fundamentales para abordar las fracturas de falange distal y el hematoma subungueal. Estas directrices est\u00e1n pensadas para ayudar a los profesionales sanitarios a identificar los enfoques terap\u00e9uticos adecuados en el contexto de una evaluaci\u00f3n exhaustiva. Los [&hellip;]<\/p>\n","protected":false},"author":33,"featured_media":0,"parent":0,"menu_order":0,"comment_status":"closed","ping_status":"closed","template":"","meta":{"_et_pb_use_builder":"","_et_pb_old_content":"","_et_gb_content_width":"","footnotes":""},"class_list":["post-23425","page","type-page","status-publish","hentry"],"yoast_head":"<!-- This site is optimized with the Yoast SEO plugin v27.2 - https:\/\/yoast.com\/product\/yoast-seo-wordpress\/ -->\n<title>Pautas de tratamiento m\u00e9dico del estado de Nueva York para las fracturas de falange distal y el hematoma subungueal en pacientes con indemnizaci\u00f3n por accidente laboral | Best Hip &amp; Knee Surgeon | NY, USA<\/title>\n<meta name=\"description\" content=\"Las directrices proporcionadas por la Junta de Indemnizaci\u00f3n por Accidentes de Trabajo del Estado de Nueva York presentan principios fundamentales para\" \/>\n<meta name=\"robots\" content=\"index, follow, max-snippet:-1, max-image-preview:large, max-video-preview:-1\" \/>\n<link rel=\"canonical\" href=\"https:\/\/www.newyorkhipknee.com\/es\/pautas-de-tratamiento-medico-del-estado-de-nueva-york-para-las-fracturas-de-falange-distal-y-el-hematoma-subungueal-en-pacientes-con-indemnizacion-por-accidente-laboral\/\" \/>\n<meta property=\"og:locale\" content=\"es_ES\" \/>\n<meta property=\"og:type\" content=\"article\" \/>\n<meta property=\"og:title\" content=\"Pautas de tratamiento m\u00e9dico del estado de Nueva York para las fracturas de falange distal y el hematoma subungueal en pacientes con indemnizaci\u00f3n por accidente laboral | Best Hip &amp; Knee Surgeon | NY, USA\" \/>\n<meta property=\"og:description\" content=\"Las directrices proporcionadas por la Junta de Indemnizaci\u00f3n por Accidentes de Trabajo del Estado de Nueva York presentan principios fundamentales para\" \/>\n<meta property=\"og:url\" content=\"https:\/\/www.newyorkhipknee.com\/es\/pautas-de-tratamiento-medico-del-estado-de-nueva-york-para-las-fracturas-de-falange-distal-y-el-hematoma-subungueal-en-pacientes-con-indemnizacion-por-accidente-laboral\/\" \/>\n<meta property=\"og:site_name\" content=\"Best Hip &amp; Knee Surgeon | NY, USA\" \/>\n<meta name=\"twitter:card\" content=\"summary_large_image\" \/>\n<meta name=\"twitter:label1\" content=\"Tiempo de lectura\" \/>\n\t<meta name=\"twitter:data1\" content=\"6 minutos\" \/>\n<script type=\"application\/ld+json\" class=\"yoast-schema-graph\">{\"@context\":\"https:\/\/schema.org\",\"@graph\":[{\"@type\":[\"WebPage\",\"MedicalWebPage\"],\"@id\":\"https:\/\/www.newyorkhipknee.com\/es\/pautas-de-tratamiento-medico-del-estado-de-nueva-york-para-las-fracturas-de-falange-distal-y-el-hematoma-subungueal-en-pacientes-con-indemnizacion-por-accidente-laboral\/\",\"url\":\"https:\/\/www.newyorkhipknee.com\/es\/pautas-de-tratamiento-medico-del-estado-de-nueva-york-para-las-fracturas-de-falange-distal-y-el-hematoma-subungueal-en-pacientes-con-indemnizacion-por-accidente-laboral\/\",\"name\":\"Pautas de tratamiento m\u00e9dico del estado de Nueva York para las fracturas de falange distal y el hematoma subungueal en pacientes con indemnizaci\u00f3n por accidente laboral | Best Hip &amp; Knee Surgeon | NY, USA\",\"isPartOf\":{\"@id\":\"https:\/\/www.newyorkhipknee.com\/es\/#website\"},\"datePublished\":\"2024-02-02T20:36:36+00:00\",\"description\":\"Las directrices proporcionadas por la Junta de Indemnizaci\u00f3n por Accidentes de Trabajo del Estado de Nueva York presentan principios fundamentales para\",\"breadcrumb\":{\"@id\":\"https:\/\/www.newyorkhipknee.com\/es\/pautas-de-tratamiento-medico-del-estado-de-nueva-york-para-las-fracturas-de-falange-distal-y-el-hematoma-subungueal-en-pacientes-con-indemnizacion-por-accidente-laboral\/#breadcrumb\"},\"inLanguage\":\"es\",\"potentialAction\":[{\"@type\":\"ReadAction\",\"target\":[\"https:\/\/www.newyorkhipknee.com\/es\/pautas-de-tratamiento-medico-del-estado-de-nueva-york-para-las-fracturas-de-falange-distal-y-el-hematoma-subungueal-en-pacientes-con-indemnizacion-por-accidente-laboral\/\"]}]},{\"@type\":\"BreadcrumbList\",\"@id\":\"https:\/\/www.newyorkhipknee.com\/es\/pautas-de-tratamiento-medico-del-estado-de-nueva-york-para-las-fracturas-de-falange-distal-y-el-hematoma-subungueal-en-pacientes-con-indemnizacion-por-accidente-laboral\/#breadcrumb\",\"itemListElement\":[{\"@type\":\"ListItem\",\"position\":1,\"name\":\"Home\",\"item\":\"https:\/\/www.newyorkhipknee.com\/es\/\"},{\"@type\":\"ListItem\",\"position\":2,\"name\":\"Pautas de tratamiento m\u00e9dico del estado de Nueva York para las fracturas de falange distal y el hematoma subungueal en pacientes con indemnizaci\u00f3n por accidente laboral\"}]},{\"@type\":\"WebSite\",\"@id\":\"https:\/\/www.newyorkhipknee.com\/es\/#website\",\"url\":\"https:\/\/www.newyorkhipknee.com\/es\/\",\"name\":\"Best Hip & Knee Surgeon | NY, USA\",\"description\":\"\",\"potentialAction\":[{\"@type\":\"SearchAction\",\"target\":{\"@type\":\"EntryPoint\",\"urlTemplate\":\"https:\/\/www.newyorkhipknee.com\/es\/?s={search_term_string}\"},\"query-input\":{\"@type\":\"PropertyValueSpecification\",\"valueRequired\":true,\"valueName\":\"search_term_string\"}}],\"inLanguage\":\"es\"}]}<\/script>\n<!-- \/ Yoast SEO plugin. -->","yoast_head_json":{"title":"Pautas de tratamiento m\u00e9dico del estado de Nueva York para las fracturas de falange distal y el hematoma subungueal en pacientes con indemnizaci\u00f3n por accidente laboral | Best Hip &amp; Knee Surgeon | NY, USA","description":"Las directrices proporcionadas por la Junta de Indemnizaci\u00f3n por Accidentes de Trabajo del Estado de Nueva York presentan principios fundamentales para","robots":{"index":"index","follow":"follow","max-snippet":"max-snippet:-1","max-image-preview":"max-image-preview:large","max-video-preview":"max-video-preview:-1"},"canonical":"https:\/\/www.newyorkhipknee.com\/es\/pautas-de-tratamiento-medico-del-estado-de-nueva-york-para-las-fracturas-de-falange-distal-y-el-hematoma-subungueal-en-pacientes-con-indemnizacion-por-accidente-laboral\/","og_locale":"es_ES","og_type":"article","og_title":"Pautas de tratamiento m\u00e9dico del estado de Nueva York para las fracturas de falange distal y el hematoma subungueal en pacientes con indemnizaci\u00f3n por accidente laboral | Best Hip &amp; Knee Surgeon | NY, USA","og_description":"Las directrices proporcionadas por la Junta de Indemnizaci\u00f3n por Accidentes de Trabajo del Estado de Nueva York presentan principios fundamentales para","og_url":"https:\/\/www.newyorkhipknee.com\/es\/pautas-de-tratamiento-medico-del-estado-de-nueva-york-para-las-fracturas-de-falange-distal-y-el-hematoma-subungueal-en-pacientes-con-indemnizacion-por-accidente-laboral\/","og_site_name":"Best Hip &amp; Knee Surgeon | NY, USA","twitter_card":"summary_large_image","twitter_misc":{"Tiempo de lectura":"6 minutos"},"schema":{"@context":"https:\/\/schema.org","@graph":[{"@type":["WebPage","MedicalWebPage"],"@id":"https:\/\/www.newyorkhipknee.com\/es\/pautas-de-tratamiento-medico-del-estado-de-nueva-york-para-las-fracturas-de-falange-distal-y-el-hematoma-subungueal-en-pacientes-con-indemnizacion-por-accidente-laboral\/","url":"https:\/\/www.newyorkhipknee.com\/es\/pautas-de-tratamiento-medico-del-estado-de-nueva-york-para-las-fracturas-de-falange-distal-y-el-hematoma-subungueal-en-pacientes-con-indemnizacion-por-accidente-laboral\/","name":"Pautas de tratamiento m\u00e9dico del estado de Nueva York para las fracturas de falange distal y el hematoma subungueal en pacientes con indemnizaci\u00f3n por accidente laboral | Best Hip &amp; Knee Surgeon | NY, USA","isPartOf":{"@id":"https:\/\/www.newyorkhipknee.com\/es\/#website"},"datePublished":"2024-02-02T20:36:36+00:00","description":"Las directrices proporcionadas por la Junta de Indemnizaci\u00f3n por Accidentes de Trabajo del Estado de Nueva York presentan principios fundamentales para","breadcrumb":{"@id":"https:\/\/www.newyorkhipknee.com\/es\/pautas-de-tratamiento-medico-del-estado-de-nueva-york-para-las-fracturas-de-falange-distal-y-el-hematoma-subungueal-en-pacientes-con-indemnizacion-por-accidente-laboral\/#breadcrumb"},"inLanguage":"es","potentialAction":[{"@type":"ReadAction","target":["https:\/\/www.newyorkhipknee.com\/es\/pautas-de-tratamiento-medico-del-estado-de-nueva-york-para-las-fracturas-de-falange-distal-y-el-hematoma-subungueal-en-pacientes-con-indemnizacion-por-accidente-laboral\/"]}]},{"@type":"BreadcrumbList","@id":"https:\/\/www.newyorkhipknee.com\/es\/pautas-de-tratamiento-medico-del-estado-de-nueva-york-para-las-fracturas-de-falange-distal-y-el-hematoma-subungueal-en-pacientes-con-indemnizacion-por-accidente-laboral\/#breadcrumb","itemListElement":[{"@type":"ListItem","position":1,"name":"Home","item":"https:\/\/www.newyorkhipknee.com\/es\/"},{"@type":"ListItem","position":2,"name":"Pautas de tratamiento m\u00e9dico del estado de Nueva York para las fracturas de falange distal y el hematoma subungueal en pacientes con indemnizaci\u00f3n por accidente laboral"}]},{"@type":"WebSite","@id":"https:\/\/www.newyorkhipknee.com\/es\/#website","url":"https:\/\/www.newyorkhipknee.com\/es\/","name":"Best Hip & Knee Surgeon | NY, USA","description":"","potentialAction":[{"@type":"SearchAction","target":{"@type":"EntryPoint","urlTemplate":"https:\/\/www.newyorkhipknee.com\/es\/?s={search_term_string}"},"query-input":{"@type":"PropertyValueSpecification","valueRequired":true,"valueName":"search_term_string"}}],"inLanguage":"es"}]}},"_links":{"self":[{"href":"https:\/\/www.newyorkhipknee.com\/es\/wp-json\/wp\/v2\/pages\/23425","targetHints":{"allow":["GET"]}}],"collection":[{"href":"https:\/\/www.newyorkhipknee.com\/es\/wp-json\/wp\/v2\/pages"}],"about":[{"href":"https:\/\/www.newyorkhipknee.com\/es\/wp-json\/wp\/v2\/types\/page"}],"author":[{"embeddable":true,"href":"https:\/\/www.newyorkhipknee.com\/es\/wp-json\/wp\/v2\/users\/33"}],"replies":[{"embeddable":true,"href":"https:\/\/www.newyorkhipknee.com\/es\/wp-json\/wp\/v2\/comments?post=23425"}],"version-history":[{"count":0,"href":"https:\/\/www.newyorkhipknee.com\/es\/wp-json\/wp\/v2\/pages\/23425\/revisions"}],"wp:attachment":[{"href":"https:\/\/www.newyorkhipknee.com\/es\/wp-json\/wp\/v2\/media?parent=23425"}],"curies":[{"name":"wp","href":"https:\/\/api.w.org\/{rel}","templated":true}]}}