{"id":23431,"date":"2024-02-01T14:33:02","date_gmt":"2024-02-01T19:33:02","guid":{"rendered":"https:\/\/newyorkhipknee.com\/pautas-de-tratamiento-medico-del-estado-de-nueva-york-para-el-atrapamiento-del-tendon-flexor-en-pacientes-con-indemnizacion-laboral\/"},"modified":"2024-02-01T14:33:02","modified_gmt":"2024-02-01T19:33:02","slug":"pautas-de-tratamiento-medico-del-estado-de-nueva-york-para-el-atrapamiento-del-tendon-flexor-en-pacientes-con-indemnizacion-laboral","status":"publish","type":"page","link":"https:\/\/www.newyorkhipknee.com\/es\/pautas-de-tratamiento-medico-del-estado-de-nueva-york-para-el-atrapamiento-del-tendon-flexor-en-pacientes-con-indemnizacion-laboral\/","title":{"rendered":"Pautas de tratamiento m\u00e9dico del Estado de Nueva York para el atrapamiento del tend\u00f3n flexor en pacientes con indemnizaci\u00f3n laboral"},"content":{"rendered":"<p>Las directrices proporcionadas por la Junta de Indemnizaci\u00f3n por Accidentes de Trabajo del Estado de Nueva York presentan principios fundamentales para tratar el atrapamiento del tend\u00f3n flexor. Estas directrices est\u00e1n pensadas para ayudar a los profesionales sanitarios a identificar los enfoques terap\u00e9uticos adecuados en el contexto de una evaluaci\u00f3n exhaustiva.<\/p>\n<p>Los profesionales sanitarios especializados en el tratamiento del atrapamiento del tend\u00f3n flexor pueden confiar en las orientaciones esbozadas por la Junta de Indemnizaci\u00f3n por Accidentes de Trabajo para tomar decisiones bien informadas sobre los m\u00e9todos terap\u00e9uticos m\u00e1s adecuados para sus pacientes.<\/p>\n<p>Es esencial subrayar que estas directrices no pretenden sustituir el juicio cl\u00ednico ni la experiencia profesional. La decisi\u00f3n final sobre el tratamiento del atrapamiento del tend\u00f3n flexor debe ser fruto de la colaboraci\u00f3n entre el paciente y su profesional sanitario.<\/p>\n<h2><a href=\"https:\/\/www.cortho.org\/workers-compensation\/mtg\/hand-wrist-and-forearm-injuries\/flexor-tendon-entrapment-tenosynovitis-and-trigger-digit\/\" target=\"_blank\" rel=\"noopener\"><strong>Atrapamiento del tend\u00f3n flexor<\/strong><\/a><\/h2>\n<h3><em>Estudios diagn\u00f3sticos<\/em><\/h3>\n<p>El atrapamiento del tend\u00f3n flexor de los dedos se caracteriza por un chasquido o bloqueo del pulgar o los dedos, a menudo con dolor. La causa principal es el engrosamiento de la polea A1 del dedo, aunque son plausibles patogenesias alternativas.<\/p>\n<p><strong>Estudios diagn\u00f3sticos<\/strong><\/p>\n<p>No suelen realizarse pruebas especializadas, y las radiograf\u00edas no suelen ser \u00fatiles. Sin embargo, se aconseja un umbral bajo para las pruebas, especialmente para afecciones como la diabetes mellitus, el hipotiroidismo y los trastornos del tejido conjuntivo, a fin de evitar una morbilidad adicional.<\/p>\n<p>&nbsp;<\/p>\n<h3><em>Medicamentos<\/em><\/h3>\n<p>Para la mayor\u00eda de los pacientes, los medicamentos iniciales incluyen ibuprofeno, naproxeno u otros AINE de antigua generaci\u00f3n. El paracetamol es una alternativa razonable para quienes no pueden tomar AINE, aunque la evidencia sugiere que es ligeramente menos eficaz. Los AINE, incluidos los de venta libre, se recomiendan para el atrapamiento agudo, subagudo o cr\u00f3nico del tend\u00f3n flexor. El uso seg\u00fan las necesidades es aceptable para muchos pacientes, con interrupci\u00f3n en caso de resoluci\u00f3n de los s\u00edntomas, falta de eficacia o aparici\u00f3n de efectos adversos.<\/p>\n<p><strong><em>AINE para pacientes con alto riesgo de hemorragia gastrointestinal<\/em><\/strong><\/p>\n<p>Para pacientes con alto riesgo de hemorragia gastrointestinal, se recomienda el uso concomitante de f\u00e1rmacos citoprotectores. Entre ellos se encuentran el misoprostol, el sucralfato, los bloqueantes de los receptores de histamina de tipo 2 y los inhibidores de la bomba de protones. Estos f\u00e1rmacos deben considerarse, especialmente para tratamientos a largo plazo, en pacientes con un perfil de factores de alto riesgo, como antecedentes de hemorragia gastrointestinal, ancianos, diab\u00e9ticos y fumadores.<\/p>\n<p><strong><em>AINE para pacientes con riesgo de efectos adversos cardiovasculares<\/em><\/strong><\/p>\n<p>Los pacientes con enfermedad cardiovascular conocida o m\u00faltiples factores de riesgo deben discutir los riesgos y beneficios del tratamiento con AINE para el dolor. El paracetamol o la aspirina se recomiendan como tratamiento de primera l\u00ednea debido a su seguridad percibida en relaci\u00f3n con los efectos adversos cardiovasculares. Si se necesitan AINE, se prefieren las opciones no selectivas a los f\u00e1rmacos espec\u00edficos de la COX-2. En pacientes que reciben dosis bajas de aspirina, el AINE debe tomarse al menos 30 minutos despu\u00e9s u 8 horas antes de la aspirina diaria.<\/p>\n<p><strong><em>Acetaminof\u00e9n para el tratamiento del dolor por atrapamiento del tend\u00f3n flexor<\/em><\/strong><\/p>\n<p>Recomendado para el tratamiento del dolor por atrapamiento del tend\u00f3n flexor, especialmente en pacientes con contraindicaciones para los AINE. Todos los pacientes con dolor por atrapamiento del tend\u00f3n flexor, incluidos los casos agudos, subagudos, cr\u00f3nicos y postoperatorios, pueden utilizar paracetamol seg\u00fan las recomendaciones del fabricante. Se recomienda no superar los 4 gm\/d\u00eda debido a la toxicidad hep\u00e1tica potencial.<\/p>\n<p><a href=\"https:\/\/newyorkhipknee.com\/workers-comp\/mtg\/non-acute-pain\/opioids-for-non-acute-pain\/\" target=\"_blank\" rel=\"noopener\"><strong><em>Opi\u00e1ceos<\/em><\/strong><\/a><\/p>\n<p>No se recomienda en caso de atrapamiento agudo, subagudo o cr\u00f3nico del tend\u00f3n flexor. Sin embargo, para el tratamiento del dolor postoperatorio, puede ser necesaria una breve prescripci\u00f3n de opi\u00e1ceos como complemento de tratamientos m\u00e1s eficaces como los AINE y el paracetamol, especialmente para uso nocturno. La frecuencia y la duraci\u00f3n deben ajustarse a las recomendaciones del fabricante, con una disminuci\u00f3n gradual. Este enfoque se recomienda para un uso breve y selectivo en pacientes postoperatorios, con el uso principal por la noche para ayudar a conciliar el sue\u00f1o postoperatorio.<\/p>\n<p>&nbsp;<\/p>\n<h3><strong>Tratamiento<\/strong><\/h3>\n<h4><em>Terapia de inyecci\u00f3n<\/em><\/h4>\n<p><em>Inyecciones de glucocorticosteroides<\/em><\/p>\n<p>Recomendado para el atrapamiento agudo, subagudo o cr\u00f3nico del tend\u00f3n flexor, especialmente en casos de dedo desencadenante o s\u00edntomas de dolor sobre la polea A1 indicativos de tenosinovitis estenosante. Se sugiere una \u00fanica inyecci\u00f3n y se eval\u00faan los resultados para ver si mejoran. No se recomienda la gu\u00eda ecogr\u00e1fica para estas inyecciones.<\/p>\n<p>&nbsp;<\/p>\n<h4><em>F\u00e9rula<\/em><\/h4>\n<p>Recomendado para casos seleccionados (es decir, pacientes que rechazan la inyecci\u00f3n) de atrapamiento agudo, subagudo o cr\u00f3nico del tend\u00f3n flexor. La evidencia apoya el uso de f\u00e9rulas en estas situaciones.<\/p>\n<p>&nbsp;<\/p>\n<h3><strong>Rehabilitaci\u00f3n<\/strong><\/h3>\n<p>La rehabilitaci\u00f3n de las lesiones relacionadas con el trabajo debe centrarse en el restablecimiento de las capacidades funcionales necesarias para las actividades cotidianas y laborales, con el objetivo de devolver al trabajador lesionado a la situaci\u00f3n anterior a la lesi\u00f3n. La terapia activa, que requiere un esfuerzo interno por parte del paciente, es preferible a las intervenciones pasivas, que se basan en modalidades administradas por el terapeuta. Se fomentan las terapias activas y pasivas en casa para mantener los niveles de mejora. Los dispositivos de asistencia pueden incluirse en el plan de rehabilitaci\u00f3n para contribuir a la mejora funcional.<\/p>\n<h4><em>Terapia: Activa<\/em><\/h4>\n<p><em>Ejercicio terap\u00e9utico<\/em><\/p>\n<p>No se recomienda para casos agudos y para la mayor\u00eda de los pacientes con atrapamiento del tend\u00f3n flexor.<\/p>\n<h4><em>Ejercicio terap\u00e9utico \u2013 Pacientes con d\u00e9ficits residuales<\/em><\/h4>\n<p>Recomendado, sobre todo en el postoperatorio. La frecuencia y la duraci\u00f3n de las visitas pueden variar en funci\u00f3n de la gravedad de los d\u00e9ficits y de la mejora funcional objetiva en curso. Se debe desarrollar un programa de ejercicios en casa y realizarlo junto con la terapia.<\/p>\n<p>&nbsp;<\/p>\n<h3><strong>Cirug\u00eda<\/strong><\/h3>\n<p>Recomendado para el atrapamiento persistente o cr\u00f3nico del tend\u00f3n flexor (dedo en gatillo) en pacientes que responden parcial o temporalmente a dos inyecciones de glucocorticosteroides.<\/p>\n<p>Los pacientes que no responden a dos inyecciones y presentan un dedo en gatillo evidente deben ser evaluados cuidadosamente para detectar posibles afecciones alternativas. Si no hay respuesta terap\u00e9utica en presencia de un dedo en gatillo evidente, puede considerarse apropiada la cirug\u00eda.<\/p>\n","protected":false},"excerpt":{"rendered":"<p>Las directrices proporcionadas por la Junta de Indemnizaci\u00f3n por Accidentes de Trabajo del Estado de Nueva York presentan principios fundamentales para tratar el atrapamiento del tend\u00f3n flexor. Estas directrices est\u00e1n pensadas para ayudar a los profesionales sanitarios a identificar los enfoques terap\u00e9uticos adecuados en el contexto de una evaluaci\u00f3n exhaustiva. Los profesionales sanitarios especializados en [&hellip;]<\/p>\n","protected":false},"author":33,"featured_media":0,"parent":0,"menu_order":0,"comment_status":"closed","ping_status":"closed","template":"","meta":{"_et_pb_use_builder":"","_et_pb_old_content":"","_et_gb_content_width":"","footnotes":""},"class_list":["post-23431","page","type-page","status-publish","hentry"],"yoast_head":"<!-- This site is optimized with the Yoast SEO plugin v27.2 - https:\/\/yoast.com\/product\/yoast-seo-wordpress\/ -->\n<title>Pautas de tratamiento m\u00e9dico del Estado de Nueva York para el atrapamiento del tend\u00f3n flexor en pacientes con indemnizaci\u00f3n laboral | Best Hip &amp; Knee Surgeon | NY, USA<\/title>\n<meta name=\"description\" content=\"Las directrices proporcionadas por la Junta de Indemnizaci\u00f3n por Accidentes de Trabajo del Estado de Nueva York presentan principios fundamentales para\" \/>\n<meta name=\"robots\" content=\"index, follow, max-snippet:-1, max-image-preview:large, max-video-preview:-1\" \/>\n<link rel=\"canonical\" href=\"https:\/\/www.newyorkhipknee.com\/es\/pautas-de-tratamiento-medico-del-estado-de-nueva-york-para-el-atrapamiento-del-tendon-flexor-en-pacientes-con-indemnizacion-laboral\/\" \/>\n<meta property=\"og:locale\" content=\"es_ES\" \/>\n<meta property=\"og:type\" content=\"article\" \/>\n<meta property=\"og:title\" content=\"Pautas de tratamiento m\u00e9dico del Estado de Nueva York para el atrapamiento del tend\u00f3n flexor en pacientes con indemnizaci\u00f3n laboral | Best Hip &amp; Knee Surgeon | NY, USA\" \/>\n<meta property=\"og:description\" content=\"Las directrices proporcionadas por la Junta de Indemnizaci\u00f3n por Accidentes de Trabajo del Estado de Nueva York presentan principios fundamentales para\" \/>\n<meta property=\"og:url\" content=\"https:\/\/www.newyorkhipknee.com\/es\/pautas-de-tratamiento-medico-del-estado-de-nueva-york-para-el-atrapamiento-del-tendon-flexor-en-pacientes-con-indemnizacion-laboral\/\" \/>\n<meta property=\"og:site_name\" content=\"Best Hip &amp; Knee Surgeon | NY, USA\" \/>\n<meta name=\"twitter:card\" content=\"summary_large_image\" \/>\n<meta name=\"twitter:label1\" content=\"Tiempo de lectura\" \/>\n\t<meta name=\"twitter:data1\" content=\"5 minutos\" \/>\n<script type=\"application\/ld+json\" class=\"yoast-schema-graph\">{\"@context\":\"https:\/\/schema.org\",\"@graph\":[{\"@type\":[\"WebPage\",\"MedicalWebPage\"],\"@id\":\"https:\/\/www.newyorkhipknee.com\/es\/pautas-de-tratamiento-medico-del-estado-de-nueva-york-para-el-atrapamiento-del-tendon-flexor-en-pacientes-con-indemnizacion-laboral\/\",\"url\":\"https:\/\/www.newyorkhipknee.com\/es\/pautas-de-tratamiento-medico-del-estado-de-nueva-york-para-el-atrapamiento-del-tendon-flexor-en-pacientes-con-indemnizacion-laboral\/\",\"name\":\"Pautas de tratamiento m\u00e9dico del Estado de Nueva York para el atrapamiento del tend\u00f3n flexor en pacientes con indemnizaci\u00f3n laboral | Best Hip &amp; Knee Surgeon | NY, USA\",\"isPartOf\":{\"@id\":\"https:\/\/www.newyorkhipknee.com\/es\/#website\"},\"datePublished\":\"2024-02-01T19:33:02+00:00\",\"description\":\"Las directrices proporcionadas por la Junta de Indemnizaci\u00f3n por Accidentes de Trabajo del Estado de Nueva York presentan principios fundamentales para\",\"breadcrumb\":{\"@id\":\"https:\/\/www.newyorkhipknee.com\/es\/pautas-de-tratamiento-medico-del-estado-de-nueva-york-para-el-atrapamiento-del-tendon-flexor-en-pacientes-con-indemnizacion-laboral\/#breadcrumb\"},\"inLanguage\":\"es\",\"potentialAction\":[{\"@type\":\"ReadAction\",\"target\":[\"https:\/\/www.newyorkhipknee.com\/es\/pautas-de-tratamiento-medico-del-estado-de-nueva-york-para-el-atrapamiento-del-tendon-flexor-en-pacientes-con-indemnizacion-laboral\/\"]}]},{\"@type\":\"BreadcrumbList\",\"@id\":\"https:\/\/www.newyorkhipknee.com\/es\/pautas-de-tratamiento-medico-del-estado-de-nueva-york-para-el-atrapamiento-del-tendon-flexor-en-pacientes-con-indemnizacion-laboral\/#breadcrumb\",\"itemListElement\":[{\"@type\":\"ListItem\",\"position\":1,\"name\":\"Home\",\"item\":\"https:\/\/www.newyorkhipknee.com\/es\/\"},{\"@type\":\"ListItem\",\"position\":2,\"name\":\"Pautas de tratamiento m\u00e9dico del Estado de Nueva York para el atrapamiento del tend\u00f3n flexor en pacientes con indemnizaci\u00f3n laboral\"}]},{\"@type\":\"WebSite\",\"@id\":\"https:\/\/www.newyorkhipknee.com\/es\/#website\",\"url\":\"https:\/\/www.newyorkhipknee.com\/es\/\",\"name\":\"Best Hip & Knee Surgeon | NY, USA\",\"description\":\"\",\"potentialAction\":[{\"@type\":\"SearchAction\",\"target\":{\"@type\":\"EntryPoint\",\"urlTemplate\":\"https:\/\/www.newyorkhipknee.com\/es\/?s={search_term_string}\"},\"query-input\":{\"@type\":\"PropertyValueSpecification\",\"valueRequired\":true,\"valueName\":\"search_term_string\"}}],\"inLanguage\":\"es\"}]}<\/script>\n<!-- \/ Yoast SEO plugin. -->","yoast_head_json":{"title":"Pautas de tratamiento m\u00e9dico del Estado de Nueva York para el atrapamiento del tend\u00f3n flexor en pacientes con indemnizaci\u00f3n laboral | Best Hip &amp; Knee Surgeon | NY, USA","description":"Las directrices proporcionadas por la Junta de Indemnizaci\u00f3n por Accidentes de Trabajo del Estado de Nueva York presentan principios fundamentales para","robots":{"index":"index","follow":"follow","max-snippet":"max-snippet:-1","max-image-preview":"max-image-preview:large","max-video-preview":"max-video-preview:-1"},"canonical":"https:\/\/www.newyorkhipknee.com\/es\/pautas-de-tratamiento-medico-del-estado-de-nueva-york-para-el-atrapamiento-del-tendon-flexor-en-pacientes-con-indemnizacion-laboral\/","og_locale":"es_ES","og_type":"article","og_title":"Pautas de tratamiento m\u00e9dico del Estado de Nueva York para el atrapamiento del tend\u00f3n flexor en pacientes con indemnizaci\u00f3n laboral | Best Hip &amp; Knee Surgeon | NY, USA","og_description":"Las directrices proporcionadas por la Junta de Indemnizaci\u00f3n por Accidentes de Trabajo del Estado de Nueva York presentan principios fundamentales para","og_url":"https:\/\/www.newyorkhipknee.com\/es\/pautas-de-tratamiento-medico-del-estado-de-nueva-york-para-el-atrapamiento-del-tendon-flexor-en-pacientes-con-indemnizacion-laboral\/","og_site_name":"Best Hip &amp; Knee Surgeon | NY, USA","twitter_card":"summary_large_image","twitter_misc":{"Tiempo de lectura":"5 minutos"},"schema":{"@context":"https:\/\/schema.org","@graph":[{"@type":["WebPage","MedicalWebPage"],"@id":"https:\/\/www.newyorkhipknee.com\/es\/pautas-de-tratamiento-medico-del-estado-de-nueva-york-para-el-atrapamiento-del-tendon-flexor-en-pacientes-con-indemnizacion-laboral\/","url":"https:\/\/www.newyorkhipknee.com\/es\/pautas-de-tratamiento-medico-del-estado-de-nueva-york-para-el-atrapamiento-del-tendon-flexor-en-pacientes-con-indemnizacion-laboral\/","name":"Pautas de tratamiento m\u00e9dico del Estado de Nueva York para el atrapamiento del tend\u00f3n flexor en pacientes con indemnizaci\u00f3n laboral | Best Hip &amp; Knee Surgeon | NY, USA","isPartOf":{"@id":"https:\/\/www.newyorkhipknee.com\/es\/#website"},"datePublished":"2024-02-01T19:33:02+00:00","description":"Las directrices proporcionadas por la Junta de Indemnizaci\u00f3n por Accidentes de Trabajo del Estado de Nueva York presentan principios fundamentales para","breadcrumb":{"@id":"https:\/\/www.newyorkhipknee.com\/es\/pautas-de-tratamiento-medico-del-estado-de-nueva-york-para-el-atrapamiento-del-tendon-flexor-en-pacientes-con-indemnizacion-laboral\/#breadcrumb"},"inLanguage":"es","potentialAction":[{"@type":"ReadAction","target":["https:\/\/www.newyorkhipknee.com\/es\/pautas-de-tratamiento-medico-del-estado-de-nueva-york-para-el-atrapamiento-del-tendon-flexor-en-pacientes-con-indemnizacion-laboral\/"]}]},{"@type":"BreadcrumbList","@id":"https:\/\/www.newyorkhipknee.com\/es\/pautas-de-tratamiento-medico-del-estado-de-nueva-york-para-el-atrapamiento-del-tendon-flexor-en-pacientes-con-indemnizacion-laboral\/#breadcrumb","itemListElement":[{"@type":"ListItem","position":1,"name":"Home","item":"https:\/\/www.newyorkhipknee.com\/es\/"},{"@type":"ListItem","position":2,"name":"Pautas de tratamiento m\u00e9dico del Estado de Nueva York para el atrapamiento del tend\u00f3n flexor en pacientes con indemnizaci\u00f3n laboral"}]},{"@type":"WebSite","@id":"https:\/\/www.newyorkhipknee.com\/es\/#website","url":"https:\/\/www.newyorkhipknee.com\/es\/","name":"Best Hip & Knee Surgeon | NY, USA","description":"","potentialAction":[{"@type":"SearchAction","target":{"@type":"EntryPoint","urlTemplate":"https:\/\/www.newyorkhipknee.com\/es\/?s={search_term_string}"},"query-input":{"@type":"PropertyValueSpecification","valueRequired":true,"valueName":"search_term_string"}}],"inLanguage":"es"}]}},"_links":{"self":[{"href":"https:\/\/www.newyorkhipknee.com\/es\/wp-json\/wp\/v2\/pages\/23431","targetHints":{"allow":["GET"]}}],"collection":[{"href":"https:\/\/www.newyorkhipknee.com\/es\/wp-json\/wp\/v2\/pages"}],"about":[{"href":"https:\/\/www.newyorkhipknee.com\/es\/wp-json\/wp\/v2\/types\/page"}],"author":[{"embeddable":true,"href":"https:\/\/www.newyorkhipknee.com\/es\/wp-json\/wp\/v2\/users\/33"}],"replies":[{"embeddable":true,"href":"https:\/\/www.newyorkhipknee.com\/es\/wp-json\/wp\/v2\/comments?post=23431"}],"version-history":[{"count":0,"href":"https:\/\/www.newyorkhipknee.com\/es\/wp-json\/wp\/v2\/pages\/23431\/revisions"}],"wp:attachment":[{"href":"https:\/\/www.newyorkhipknee.com\/es\/wp-json\/wp\/v2\/media?parent=23431"}],"curies":[{"name":"wp","href":"https:\/\/api.w.org\/{rel}","templated":true}]}}