{"id":23445,"date":"2024-02-01T12:47:53","date_gmt":"2024-02-01T17:47:53","guid":{"rendered":"https:\/\/newyorkhipknee.com\/pautas-de-tratamiento-medico-del-estado-de-nueva-york-para-el-dedo-en-martillo-en-pacientes-con-indemnizacion-por-accidente-laboral\/"},"modified":"2024-02-01T12:47:53","modified_gmt":"2024-02-01T17:47:53","slug":"pautas-de-tratamiento-medico-del-estado-de-nueva-york-para-el-dedo-en-martillo-en-pacientes-con-indemnizacion-por-accidente-laboral","status":"publish","type":"page","link":"https:\/\/www.newyorkhipknee.com\/es\/pautas-de-tratamiento-medico-del-estado-de-nueva-york-para-el-dedo-en-martillo-en-pacientes-con-indemnizacion-por-accidente-laboral\/","title":{"rendered":"Pautas de tratamiento m\u00e9dico del Estado de Nueva York para el dedo en martillo en pacientes con indemnizaci\u00f3n por accidente laboral"},"content":{"rendered":"<div class=\"flex-1 overflow-hidden\">\n<div class=\"react-scroll-to-bottom--css-apako-79elbk h-full\">\n<div class=\"react-scroll-to-bottom--css-apako-1n7m0yu\">\n<div class=\"flex flex-col pb-9 text-sm\">\n<div class=\"w-full text-token-text-primary\" data-testid=\"conversation-turn-71\">\n<div class=\"px-4 py-2 justify-center text-base md:gap-6 m-auto\">\n<div class=\"flex flex-1 text-base mx-auto gap-3 md:px-5 lg:px-1 xl:px-5 md:max-w-3xl lg:max-w-[40rem] xl:max-w-[48rem] group final-completion\">\n<div class=\"relative flex w-full flex-col lg:w-[calc(100%-115px)] agent-turn\">\n<div class=\"flex-col gap-1 md:gap-3\">\n<div class=\"flex flex-grow flex-col max-w-full\">\n<div class=\"min-h-[20px] text-message flex flex-col items-start gap-3 whitespace-pre-wrap break-words [.text-message+&amp;]:mt-5 overflow-x-auto\" data-message-author-role=\"assistant\" data-message-id=\"74677391-94a0-4548-a43a-055cd99a8357\">\n<div class=\"markdown prose w-full break-words dark:prose-invert dark\">\n<p>Las directrices presentadas por la Junta de Indemnizaci\u00f3n por Accidentes de Trabajo del Estado de Nueva York ofrecen principios fundamentales para tratar el dedo en martillo. Estas directrices est\u00e1n dise\u00f1adas para ayudar a los profesionales sanitarios a identificar los enfoques terap\u00e9uticos adecuados en el contexto de una evaluaci\u00f3n exhaustiva.<\/p>\n<p>Los profesionales sanitarios con experiencia en el tratamiento del dedo en martillo pueden confiar en las orientaciones de la Junta de Indemnizaci\u00f3n por Accidentes de Trabajo para tomar decisiones bien fundadas sobre los m\u00e9todos terap\u00e9uticos m\u00e1s apropiados para sus pacientes.<\/p>\n<p>Es fundamental subrayar que estas directrices no pretenden sustituir el juicio cl\u00ednico ni la experiencia profesional. La decisi\u00f3n final sobre el tratamiento del dedo en martillo debe ser fruto de la colaboraci\u00f3n entre el paciente y su profesional sanitario.<\/p>\n<h2><a href=\"https:\/\/www.cortho.org\/workers-compensation\/mtg\/hand-wrist-and-forearm-injuries\/mallet-finger\/\" target=\"_blank\" rel=\"noopener\">Dedo de mazo<\/a><\/h2>\n<p>El dedo en martillo es una lesi\u00f3n profesional frecuente, aunque puede producirse con un traumatismo aparente m\u00ednimo. Esta lesi\u00f3n consiste en la rotura del mecanismo extensor de un dedo a nivel de la articulaci\u00f3n distal de la extremidad superior, con o sin <a href=\"https:\/\/newyorkhipknee.com\/ca-fr\/fractures-et-traumatismes\/\" target=\"_blank\" rel=\"noopener\">fractura<\/a> del segmento distal de la falange. El diagn\u00f3stico suele basarse en la incapacidad para extender la articulaci\u00f3n interfal\u00e1ngica distal, generalmente tras un traumatismo o una artrosis de la articulaci\u00f3n interfal\u00e1ngica distal.<\/p>\n<p>&nbsp;<\/p>\n<h3>Estudios diagn\u00f3sticos<\/h3>\n<p>Radiograf\u00edas: recomendadas en la mayor\u00eda de los casos de dedo en martillo para determinar la presencia de una fractura. Las pruebas apoyan el uso de rayos X para este fin. Ecograf\u00eda &#8211; No se recomienda para diagnosticar el dedo en martillo.<\/p>\n<p>&nbsp;<\/p>\n<h3>Medicamentos<\/h3>\n<p>Para la mayor\u00eda de los pacientes, el ibuprofeno, el naproxeno u otros AINE de generaciones anteriores se recomiendan como medicamentos de primera l\u00ednea. El paracetamol (o el paracetamol an\u00e1logo) puede ser una alternativa razonable a los AINE para los pacientes que no son candidatos para los AINE, aunque la mayor\u00eda de la evidencia sugiere que el paracetamol es modestamente menos efectivo.<\/p>\n<p>Los AINE, incluidos los de venta libre, se recomiendan para el tratamiento del dedo en martillo agudo, subagudo o cr\u00f3nico. La frecuencia y la duraci\u00f3n del uso de AINE pueden variar en funci\u00f3n del paciente, y las indicaciones para interrumpirlo pueden ser la resoluci\u00f3n de los s\u00edntomas, la falta de eficacia o la aparici\u00f3n de efectos adversos.<\/p>\n<p><strong>AINE para pacientes con alto riesgo de hemorragia gastrointestinal<\/strong><\/p>\n<p>Recomendado para el uso concomitante de clases de f\u00e1rmacos citoprotectores (misoprostol, sucralfato, bloqueantes de los receptores de histamina tipo 2 e inhibidores de la bomba de protones) en pacientes con alto riesgo de hemorragia gastrointestinal. Las indicaciones, la frecuencia, la dosis y la duraci\u00f3n se especifican en funci\u00f3n del perfil de riesgo del paciente. La intolerancia, los efectos adversos o la interrupci\u00f3n del AINE son indicaciones para su interrupci\u00f3n.<\/p>\n<p><strong>AINE para pacientes con riesgo de efectos adversos cardiovasculares<\/strong><\/p>\n<p>Los pacientes con enfermedad cardiovascular conocida o m\u00faltiples factores de riesgo de enfermedad cardiovascular deben discutir los riesgos y beneficios del tratamiento con AINE para el dolor. El paracetamol o la aspirina se recomiendan como tratamiento de primera l\u00ednea, ya que parecen ser los m\u00e1s seguros en cuanto a efectos adversos cardiovasculares. En caso necesario, se prefieren los AINE no selectivos a los f\u00e1rmacos espec\u00edficos de la COX-2. Para los pacientes que reciben dosis bajas de aspirina para la prevenci\u00f3n de enfermedades cardiovasculares, el AINE debe tomarse al menos 30 minutos despu\u00e9s u 8 horas antes de la aspirina diaria.<\/p>\n<p><strong>Acetaminof\u00e9n para el tratamiento del dolor en mazo en los dedos<\/strong><\/p>\n<p>Recomendado para el tratamiento del dolor en el dedo en martillo, especialmente en pacientes con contraindicaciones para los AINE. Se incluyen como indicaciones todos los pacientes con dolor en el dedo en martillo, incluidos los agudos, subagudos, cr\u00f3nicos y postoperatorios. Se indican la dosis, la frecuencia y las indicaciones para interrumpir el tratamiento.<\/p>\n<p><a href=\"https:\/\/newyorkhipknee.com\/workers-comp\/mtg\/non-acute-pain\/opioids-for-non-acute-pain\/\" target=\"_blank\" rel=\"noopener\"><strong>Opi\u00e1ceos para el tratamiento del dolor agudo, subagudo o cr\u00f3nico del dedo en martillo<\/strong><\/a><\/p>\n<p>No se recomienda para el tratamiento del dolor agudo, subagudo o cr\u00f3nico del dedo en martillo. Recomendado para uso limitado (no m\u00e1s de siete d\u00edas) para el tratamiento del dolor postoperatorio como terapia coadyuvante de tratamientos m\u00e1s eficaces. Se prescriben seg\u00fan sea necesario, justificando la recomendaci\u00f3n.<\/p>\n<\/div>\n<\/div>\n<\/div>\n<div class=\"mt-1 flex justify-start gap-3 empty:hidden\">\n<div class=\"text-gray-400 flex self-end lg:self-center justify-center lg:justify-start mt-0 -ml-1 visible\">\n<p>&nbsp;<\/p>\n<div class=\"flex\">\n<div class=\"flex-1 overflow-hidden\">\n<div class=\"react-scroll-to-bottom--css-apako-79elbk h-full\">\n<div class=\"react-scroll-to-bottom--css-apako-1n7m0yu\">\n<div class=\"flex flex-col pb-9 text-sm\">\n<div class=\"w-full text-token-text-primary\" data-testid=\"conversation-turn-73\">\n<div class=\"px-4 py-2 justify-center text-base md:gap-6 m-auto\">\n<div class=\"flex flex-1 text-base mx-auto gap-3 md:px-5 lg:px-1 xl:px-5 md:max-w-3xl lg:max-w-[40rem] xl:max-w-[48rem] group final-completion\">\n<div class=\"relative flex w-full flex-col lg:w-[calc(100%-115px)] agent-turn\">\n<div class=\"flex-col gap-1 md:gap-3\">\n<div class=\"flex flex-grow flex-col max-w-full\">\n<div class=\"min-h-[20px] text-message flex flex-col items-start gap-3 whitespace-pre-wrap break-words [.text-message+&amp;]:mt-5 overflow-x-auto\" data-message-author-role=\"assistant\" data-message-id=\"226acf71-6941-4bbb-9e48-b2ff43cf9199\">\n<div class=\"markdown prose w-full break-words dark:prose-invert dark\">\n<h3>Rehabilitaci\u00f3n<\/h3>\n<p><strong>Terapia: Activa<\/strong> <em>Ejercicio Terap\u00e9utico<\/em><\/p>\n<ul>\n<li>No se recomienda: De forma aguda, la mayor\u00eda de los pacientes con dedo en martillo no requieren participar en un programa de ejercicios.<\/li>\n<li>Recomendado: En pacientes seleccionados con d\u00e9ficits residuales, especialmente en el postoperatorio.<\/li>\n<li>Frecuencia\/dosis\/duraci\u00f3n: El n\u00famero total de visitas puede variar desde tan s\u00f3lo dos o tres para pacientes con d\u00e9ficits funcionales leves, hasta 12 o 15 para d\u00e9ficits m\u00e1s graves con documentaci\u00f3n de una mejora funcional objetiva continuada. Si persisten los d\u00e9ficits, pueden estar indicadas m\u00e1s de 12 a 15 visitas con documentaci\u00f3n de la mejora funcional hacia objetivos espec\u00edficos. Como parte del plan de rehabilitaci\u00f3n, debe desarrollarse un programa de ejercicios en casa y realizarlo junto con la terapia.<\/li>\n<\/ul>\n<p><strong>Terapia: Pasiva<\/strong> <em>F\u00e9rulas &#8211; F\u00e9rulas de extensi\u00f3n con la articulaci\u00f3n en posici\u00f3n neutra<\/em><\/p>\n<ul>\n<li>Recomendado: Para el tratamiento del dedo en martillo agudo o subagudo.<\/li>\n<li>Indicaciones: Dedo en martillo agudo o subagudo.<\/li>\n<li>Frecuencia\/duraci\u00f3n: Ferulizaci\u00f3n durante seis a ocho semanas, con posible uso nocturno durante dos a cuatro semanas m\u00e1s. Las f\u00e9rulas deben mantener el dedo en extensi\u00f3n completa y continua durante un m\u00ednimo de seis semanas. Algunos protocolos duran ocho semanas, mientras que otros implican el uso nocturno durante dos o cuatro semanas m\u00e1s.<\/li>\n<li>Pruebas para el uso de f\u00e9rulas<\/li>\n<\/ul>\n<p><em>Instrucciones para el uso de la f\u00e9rula<\/em><\/p>\n<ul>\n<li>Se recomienda: Que se proporcionen a los pacientes instrucciones cuidadosas sobre el uso de la f\u00e9rula.<\/li>\n<li>Pruebas para el uso de f\u00e9rulas<\/li>\n<\/ul>\n<p>&nbsp;<\/p>\n<h3><strong>Cirug\u00eda<\/strong><\/h3>\n<ul>\n<li>No recomendado: En general.<\/li>\n<li>Se recomienda: En pacientes seleccionados con fracturas desplazadas cuando la articulaci\u00f3n DIP est\u00e1 subluxada.<\/li>\n<\/ul>\n<\/div>\n<\/div>\n<\/div>\n<div class=\"mt-1 flex justify-start gap-3 empty:hidden\">\n<div class=\"text-gray-400 flex self-end lg:self-center justify-center lg:justify-start mt-0 -ml-1 visible\">\n<p>&nbsp;<\/p>\n<div class=\"flex\"><\/div>\n<div class=\"flex items-center gap-1.5 text-xs\"><\/div>\n<\/div>\n<\/div>\n<\/div>\n<\/div>\n<\/div>\n<\/div>\n<\/div>\n<\/div>\n<\/div>\n<\/div>\n<\/div>\n<div class=\"w-full pt-2 md:pt-0 dark:border-white\/20 md:border-transparent md:dark:border-transparent md:w-[calc(100%-.5rem)]\">\n<form class=\"stretch mx-2 flex flex-row gap-3 last:mb-2 md:mx-4 md:last:mb-6 lg:mx-auto lg:max-w-2xl xl:max-w-3xl\">\n<div class=\"relative flex h-full flex-1 items-stretch md:flex-col\">\n<div class=\"flex w-full items-center\"><\/div>\n<\/div>\n<\/form>\n<\/div>\n<\/div>\n<div class=\"flex items-center gap-1.5 text-xs\"><\/div>\n<\/div>\n<\/div>\n<\/div>\n<\/div>\n<\/div>\n<\/div>\n<\/div>\n<\/div>\n<\/div>\n<\/div>\n<\/div>\n<div class=\"w-full pt-2 md:pt-0 dark:border-white\/20 md:border-transparent md:dark:border-transparent md:w-[calc(100%-.5rem)]\">\n<form class=\"stretch mx-2 flex flex-row gap-3 last:mb-2 md:mx-4 md:last:mb-6 lg:mx-auto lg:max-w-2xl xl:max-w-3xl\">\n<div class=\"relative flex h-full flex-1 items-stretch md:flex-col\">\n<div class=\"flex w-full items-center\"><\/div>\n<\/div>\n<\/form>\n<\/div>\n","protected":false},"excerpt":{"rendered":"<p>Las directrices presentadas por la Junta de Indemnizaci\u00f3n por Accidentes de Trabajo del Estado de Nueva York ofrecen principios fundamentales para tratar el dedo en martillo. Estas directrices est\u00e1n dise\u00f1adas para ayudar a los profesionales sanitarios a identificar los enfoques terap\u00e9uticos adecuados en el contexto de una evaluaci\u00f3n exhaustiva. Los profesionales sanitarios con experiencia en [&hellip;]<\/p>\n","protected":false},"author":33,"featured_media":0,"parent":0,"menu_order":0,"comment_status":"closed","ping_status":"closed","template":"","meta":{"_et_pb_use_builder":"","_et_pb_old_content":"","_et_gb_content_width":"","footnotes":""},"class_list":["post-23445","page","type-page","status-publish","hentry"],"yoast_head":"<!-- This site is optimized with the Yoast SEO plugin v27.2 - https:\/\/yoast.com\/product\/yoast-seo-wordpress\/ -->\n<title>Pautas de tratamiento m\u00e9dico del Estado de Nueva York para el dedo en martillo en pacientes con indemnizaci\u00f3n por accidente laboral | Best Hip &amp; Knee Surgeon | NY, USA<\/title>\n<meta name=\"description\" content=\"Las directrices presentadas por la Junta de Indemnizaci\u00f3n por Accidentes de Trabajo del Estado de Nueva York ofrecen principios fundamentales para tratar\" \/>\n<meta name=\"robots\" content=\"index, follow, max-snippet:-1, max-image-preview:large, max-video-preview:-1\" \/>\n<link rel=\"canonical\" href=\"https:\/\/www.newyorkhipknee.com\/es\/pautas-de-tratamiento-medico-del-estado-de-nueva-york-para-el-dedo-en-martillo-en-pacientes-con-indemnizacion-por-accidente-laboral\/\" \/>\n<meta property=\"og:locale\" content=\"es_ES\" \/>\n<meta property=\"og:type\" content=\"article\" \/>\n<meta property=\"og:title\" content=\"Pautas de tratamiento m\u00e9dico del Estado de Nueva York para el dedo en martillo en pacientes con indemnizaci\u00f3n por accidente laboral | Best Hip &amp; Knee Surgeon | NY, USA\" \/>\n<meta property=\"og:description\" content=\"Las directrices presentadas por la Junta de Indemnizaci\u00f3n por Accidentes de Trabajo del Estado de Nueva York ofrecen principios fundamentales para tratar\" \/>\n<meta property=\"og:url\" content=\"https:\/\/www.newyorkhipknee.com\/es\/pautas-de-tratamiento-medico-del-estado-de-nueva-york-para-el-dedo-en-martillo-en-pacientes-con-indemnizacion-por-accidente-laboral\/\" \/>\n<meta property=\"og:site_name\" content=\"Best Hip &amp; Knee Surgeon | NY, USA\" \/>\n<meta name=\"twitter:card\" content=\"summary_large_image\" \/>\n<meta name=\"twitter:label1\" content=\"Tiempo de lectura\" \/>\n\t<meta name=\"twitter:data1\" content=\"5 minutos\" \/>\n<script type=\"application\/ld+json\" class=\"yoast-schema-graph\">{\"@context\":\"https:\/\/schema.org\",\"@graph\":[{\"@type\":[\"WebPage\",\"MedicalWebPage\"],\"@id\":\"https:\/\/www.newyorkhipknee.com\/es\/pautas-de-tratamiento-medico-del-estado-de-nueva-york-para-el-dedo-en-martillo-en-pacientes-con-indemnizacion-por-accidente-laboral\/\",\"url\":\"https:\/\/www.newyorkhipknee.com\/es\/pautas-de-tratamiento-medico-del-estado-de-nueva-york-para-el-dedo-en-martillo-en-pacientes-con-indemnizacion-por-accidente-laboral\/\",\"name\":\"Pautas de tratamiento m\u00e9dico del Estado de Nueva York para el dedo en martillo en pacientes con indemnizaci\u00f3n por accidente laboral | Best Hip &amp; Knee Surgeon | NY, USA\",\"isPartOf\":{\"@id\":\"https:\/\/www.newyorkhipknee.com\/es\/#website\"},\"datePublished\":\"2024-02-01T17:47:53+00:00\",\"description\":\"Las directrices presentadas por la Junta de Indemnizaci\u00f3n por Accidentes de Trabajo del Estado de Nueva York ofrecen principios fundamentales para tratar\",\"breadcrumb\":{\"@id\":\"https:\/\/www.newyorkhipknee.com\/es\/pautas-de-tratamiento-medico-del-estado-de-nueva-york-para-el-dedo-en-martillo-en-pacientes-con-indemnizacion-por-accidente-laboral\/#breadcrumb\"},\"inLanguage\":\"es\",\"potentialAction\":[{\"@type\":\"ReadAction\",\"target\":[\"https:\/\/www.newyorkhipknee.com\/es\/pautas-de-tratamiento-medico-del-estado-de-nueva-york-para-el-dedo-en-martillo-en-pacientes-con-indemnizacion-por-accidente-laboral\/\"]}]},{\"@type\":\"BreadcrumbList\",\"@id\":\"https:\/\/www.newyorkhipknee.com\/es\/pautas-de-tratamiento-medico-del-estado-de-nueva-york-para-el-dedo-en-martillo-en-pacientes-con-indemnizacion-por-accidente-laboral\/#breadcrumb\",\"itemListElement\":[{\"@type\":\"ListItem\",\"position\":1,\"name\":\"Home\",\"item\":\"https:\/\/www.newyorkhipknee.com\/es\/\"},{\"@type\":\"ListItem\",\"position\":2,\"name\":\"Pautas de tratamiento m\u00e9dico del Estado de Nueva York para el dedo en martillo en pacientes con indemnizaci\u00f3n por accidente laboral\"}]},{\"@type\":\"WebSite\",\"@id\":\"https:\/\/www.newyorkhipknee.com\/es\/#website\",\"url\":\"https:\/\/www.newyorkhipknee.com\/es\/\",\"name\":\"Best Hip & Knee Surgeon | NY, USA\",\"description\":\"\",\"potentialAction\":[{\"@type\":\"SearchAction\",\"target\":{\"@type\":\"EntryPoint\",\"urlTemplate\":\"https:\/\/www.newyorkhipknee.com\/es\/?s={search_term_string}\"},\"query-input\":{\"@type\":\"PropertyValueSpecification\",\"valueRequired\":true,\"valueName\":\"search_term_string\"}}],\"inLanguage\":\"es\"}]}<\/script>\n<!-- \/ Yoast SEO plugin. -->","yoast_head_json":{"title":"Pautas de tratamiento m\u00e9dico del Estado de Nueva York para el dedo en martillo en pacientes con indemnizaci\u00f3n por accidente laboral | Best Hip &amp; Knee Surgeon | NY, USA","description":"Las directrices presentadas por la Junta de Indemnizaci\u00f3n por Accidentes de Trabajo del Estado de Nueva York ofrecen principios fundamentales para tratar","robots":{"index":"index","follow":"follow","max-snippet":"max-snippet:-1","max-image-preview":"max-image-preview:large","max-video-preview":"max-video-preview:-1"},"canonical":"https:\/\/www.newyorkhipknee.com\/es\/pautas-de-tratamiento-medico-del-estado-de-nueva-york-para-el-dedo-en-martillo-en-pacientes-con-indemnizacion-por-accidente-laboral\/","og_locale":"es_ES","og_type":"article","og_title":"Pautas de tratamiento m\u00e9dico del Estado de Nueva York para el dedo en martillo en pacientes con indemnizaci\u00f3n por accidente laboral | Best Hip &amp; Knee Surgeon | NY, USA","og_description":"Las directrices presentadas por la Junta de Indemnizaci\u00f3n por Accidentes de Trabajo del Estado de Nueva York ofrecen principios fundamentales para tratar","og_url":"https:\/\/www.newyorkhipknee.com\/es\/pautas-de-tratamiento-medico-del-estado-de-nueva-york-para-el-dedo-en-martillo-en-pacientes-con-indemnizacion-por-accidente-laboral\/","og_site_name":"Best Hip &amp; Knee Surgeon | NY, USA","twitter_card":"summary_large_image","twitter_misc":{"Tiempo de lectura":"5 minutos"},"schema":{"@context":"https:\/\/schema.org","@graph":[{"@type":["WebPage","MedicalWebPage"],"@id":"https:\/\/www.newyorkhipknee.com\/es\/pautas-de-tratamiento-medico-del-estado-de-nueva-york-para-el-dedo-en-martillo-en-pacientes-con-indemnizacion-por-accidente-laboral\/","url":"https:\/\/www.newyorkhipknee.com\/es\/pautas-de-tratamiento-medico-del-estado-de-nueva-york-para-el-dedo-en-martillo-en-pacientes-con-indemnizacion-por-accidente-laboral\/","name":"Pautas de tratamiento m\u00e9dico del Estado de Nueva York para el dedo en martillo en pacientes con indemnizaci\u00f3n por accidente laboral | Best Hip &amp; Knee Surgeon | NY, USA","isPartOf":{"@id":"https:\/\/www.newyorkhipknee.com\/es\/#website"},"datePublished":"2024-02-01T17:47:53+00:00","description":"Las directrices presentadas por la Junta de Indemnizaci\u00f3n por Accidentes de Trabajo del Estado de Nueva York ofrecen principios fundamentales para tratar","breadcrumb":{"@id":"https:\/\/www.newyorkhipknee.com\/es\/pautas-de-tratamiento-medico-del-estado-de-nueva-york-para-el-dedo-en-martillo-en-pacientes-con-indemnizacion-por-accidente-laboral\/#breadcrumb"},"inLanguage":"es","potentialAction":[{"@type":"ReadAction","target":["https:\/\/www.newyorkhipknee.com\/es\/pautas-de-tratamiento-medico-del-estado-de-nueva-york-para-el-dedo-en-martillo-en-pacientes-con-indemnizacion-por-accidente-laboral\/"]}]},{"@type":"BreadcrumbList","@id":"https:\/\/www.newyorkhipknee.com\/es\/pautas-de-tratamiento-medico-del-estado-de-nueva-york-para-el-dedo-en-martillo-en-pacientes-con-indemnizacion-por-accidente-laboral\/#breadcrumb","itemListElement":[{"@type":"ListItem","position":1,"name":"Home","item":"https:\/\/www.newyorkhipknee.com\/es\/"},{"@type":"ListItem","position":2,"name":"Pautas de tratamiento m\u00e9dico del Estado de Nueva York para el dedo en martillo en pacientes con indemnizaci\u00f3n por accidente laboral"}]},{"@type":"WebSite","@id":"https:\/\/www.newyorkhipknee.com\/es\/#website","url":"https:\/\/www.newyorkhipknee.com\/es\/","name":"Best Hip & Knee Surgeon | NY, USA","description":"","potentialAction":[{"@type":"SearchAction","target":{"@type":"EntryPoint","urlTemplate":"https:\/\/www.newyorkhipknee.com\/es\/?s={search_term_string}"},"query-input":{"@type":"PropertyValueSpecification","valueRequired":true,"valueName":"search_term_string"}}],"inLanguage":"es"}]}},"_links":{"self":[{"href":"https:\/\/www.newyorkhipknee.com\/es\/wp-json\/wp\/v2\/pages\/23445","targetHints":{"allow":["GET"]}}],"collection":[{"href":"https:\/\/www.newyorkhipknee.com\/es\/wp-json\/wp\/v2\/pages"}],"about":[{"href":"https:\/\/www.newyorkhipknee.com\/es\/wp-json\/wp\/v2\/types\/page"}],"author":[{"embeddable":true,"href":"https:\/\/www.newyorkhipknee.com\/es\/wp-json\/wp\/v2\/users\/33"}],"replies":[{"embeddable":true,"href":"https:\/\/www.newyorkhipknee.com\/es\/wp-json\/wp\/v2\/comments?post=23445"}],"version-history":[{"count":0,"href":"https:\/\/www.newyorkhipknee.com\/es\/wp-json\/wp\/v2\/pages\/23445\/revisions"}],"wp:attachment":[{"href":"https:\/\/www.newyorkhipknee.com\/es\/wp-json\/wp\/v2\/media?parent=23445"}],"curies":[{"name":"wp","href":"https:\/\/api.w.org\/{rel}","templated":true}]}}