{"id":23447,"date":"2024-02-02T16:22:16","date_gmt":"2024-02-02T21:22:16","guid":{"rendered":"https:\/\/newyorkhipknee.com\/pautas-de-tratamiento-medico-del-estado-de-nueva-york-para-las-fracturas-de-falange-media-y-proximal-y-de-metacarpo-en-pacientes-con-indemnizacion-por-accidentes-de-trabajo\/"},"modified":"2024-02-02T16:22:16","modified_gmt":"2024-02-02T21:22:16","slug":"pautas-de-tratamiento-medico-del-estado-de-nueva-york-para-las-fracturas-de-falange-media-y-proximal-y-de-metacarpo-en-pacientes-con-indemnizacion-por-accidentes-de-trabajo","status":"publish","type":"page","link":"https:\/\/www.newyorkhipknee.com\/es\/pautas-de-tratamiento-medico-del-estado-de-nueva-york-para-las-fracturas-de-falange-media-y-proximal-y-de-metacarpo-en-pacientes-con-indemnizacion-por-accidentes-de-trabajo\/","title":{"rendered":"Pautas de tratamiento m\u00e9dico del estado de Nueva York para las fracturas de falange media y proximal y de metacarpo en pacientes con indemnizaci\u00f3n por accidentes de trabajo"},"content":{"rendered":"<p>Las directrices proporcionadas por la Junta de Indemnizaci\u00f3n por Accidentes de Trabajo del Estado de Nueva York ofrecen principios fundamentales para abordar las fracturas de falange media y proximal y de metacarpo. Estas directrices est\u00e1n dise\u00f1adas para ayudar a los profesionales sanitarios a identificar los enfoques terap\u00e9uticos adecuados en el contexto de una evaluaci\u00f3n exhaustiva.<\/p>\n<p>Los profesionales sanitarios con experiencia en el tratamiento de fracturas de falange media y proximal y de metacarpo pueden confiar en las orientaciones esbozadas por la Junta de Indemnizaci\u00f3n por Accidentes de Trabajo para tomar decisiones bien informadas sobre los m\u00e9todos terap\u00e9uticos m\u00e1s adecuados para sus pacientes.<\/p>\n<p>Es fundamental subrayar que estas directrices no pretenden sustituir el juicio cl\u00ednico ni la experiencia profesional. La decisi\u00f3n final sobre el tratamiento de las fracturas de falange media y proximal y de metacarpo debe ser fruto de la colaboraci\u00f3n entre el paciente y su profesional sanitario.<\/p>\n<p>&nbsp;<\/p>\n<h2><strong>Fracturas de falange media y proximal y de metacarpo<\/strong><\/h2>\n<p>&nbsp;<\/p>\n<p>Las fracturas que afectan a las falanges proximales y medias constituyen aproximadamente el 46% de las fracturas de mano y mu\u00f1eca. Aunque la mayor\u00eda no presentan complicaciones y no requieren cirug\u00eda, un tratamiento inadecuado puede provocar discapacidades permanentes. Las fracturas metacarpianas, que constituyen aproximadamente un tercio de las fracturas de mano, requieren un diagn\u00f3stico y un tratamiento cuidadosos para evitar una discapacidad a largo plazo.<\/p>\n<p>&nbsp;<\/p>\n<h3><strong>Estudios diagn\u00f3sticos<\/strong><\/h3>\n<p><strong><em>Rayos X<\/em><\/strong><\/p>\n<p>Recomendado para el diagn\u00f3stico de fracturas fal\u00e1ngicas o metacarpianas, incluidas las vistas posteroanterior, lateral y oblicua. Una proyecci\u00f3n lateral real que a\u00edsle el dedo afectado es crucial.<\/p>\n<p><strong><em>Resonancia magn\u00e9tica, tomograf\u00eda computarizada, ecograf\u00eda o gammagraf\u00eda \u00f3sea<\/em><\/strong><\/p>\n<p>No se recomienda para el diagn\u00f3stico de fracturas fal\u00e1ngicas o metacarpianas.<\/p>\n<p>&nbsp;<\/p>\n<h3><strong>Medicamentos<\/strong><\/h3>\n<p><strong><em>AINE para el tratamiento del dolor<\/em><\/strong><\/p>\n<p>Recomendado para el dolor agudo, subagudo o cr\u00f3nico de fracturas fal\u00e1ngicas o metacarpianas. Se prefieren los AINE, probando primero los de venta libre.<\/p>\n<p><strong><em>AINE para pacientes con alto riesgo de hemorragia gastrointestinal<\/em><\/strong><\/p>\n<p>Recomendado para pacientes de alto riesgo, considerando medicamentos citoprotectores para la protecci\u00f3n gastrointestinal.<\/p>\n<p><strong><em>AINE para pacientes con riesgo de efectos adversos cardiovasculares<\/em><\/strong><\/p>\n<p>Para los pacientes con factores de riesgo cardiovascular, se recomienda el paracetamol o la aspirina como tratamiento de primera l\u00ednea.<\/p>\n<p><strong><em>Paracetamol para el dolor<\/em><\/strong><\/p>\n<p>Recomendado para el dolor de fracturas fal\u00e1ngicas o metacarpianas, especialmente en pacientes con contraindicaciones para los AINE.<\/p>\n<p><strong><em>Opi\u00e1ceos de uso limitado<\/em><\/strong><\/p>\n<p>Recomendado para uso limitado (menos de siete d\u00edas) para el tratamiento del dolor agudo y postoperatorio, en particular cuando los AINE, el paracetamol y otros tratamientos son insuficientes.<\/p>\n<p><strong><em>Profilaxis antibi\u00f3tica<\/em><\/strong><\/p>\n<p>No recomendado para fracturas abiertas de falange.<\/p>\n<p><strong><em>Inmunizaci\u00f3n contra el t\u00e9tanos<\/em><\/strong><\/p>\n<p>El estado debe actualizarse cuando sea necesario, especialmente en el caso de heridas que no est\u00e9n limpias o quemaduras si han pasado m\u00e1s de cinco a\u00f1os desde la \u00faltima vacunaci\u00f3n antitet\u00e1nica.<\/p>\n<p>&nbsp;<\/p>\n<h3><strong>Gesti\u00f3n inicial<\/strong><\/h3>\n<p>El tratamiento debe abordar las lesiones de los tejidos blandos y el control del dolor tras un examen f\u00edsico exhaustivo. Puede administrarse anestesia regional para la evaluaci\u00f3n diagn\u00f3stica y la reducci\u00f3n cerrada de la fractura.<\/p>\n<p><strong>Inmovilizaci\u00f3n<\/strong><\/p>\n<p><strong><em>Fracturas de falange media y proximal<\/em><\/strong><\/p>\n<p>Inmovilizaci\u00f3n recomendada para el tratamiento. Cuando se utiliza la fijaci\u00f3n percut\u00e1nea, se aconseja la estabilizaci\u00f3n adicional con una f\u00e9rula o yeso durante tres o cuatro semanas.<\/p>\n<p><strong><em>Tratamiento no quir\u00fargico<\/em><\/strong><\/p>\n<p>Recomendado para fracturas diafisarias transversales no desplazadas y estables, con inmovilizaci\u00f3n durante tres semanas. Los l\u00edmites de tolerancia para el tratamiento no quir\u00fargico se definen mediante criterios espec\u00edficos.<\/p>\n<p><strong><em>Fracturas oblicuas no desplazadas<\/em><\/strong><\/p>\n<p>Recomendado para fracturas estables, que normalmente s\u00f3lo requieren inmovilizaci\u00f3n r\u00edgida.<\/p>\n<p><strong><em>Reducci\u00f3n cerrada con f\u00e9rula<\/em><\/strong><\/p>\n<p>Recomendado para fracturas de la base de la falange con afectaci\u00f3n de menos del 40% de la base de la falange media.<\/p>\n<p>&nbsp;<\/p>\n<h3><strong>Rehabilitaci\u00f3n<\/strong><\/h3>\n<p>&nbsp;<\/p>\n<p>La terapia formal supervisada tras lesiones de la mano relacionadas con el trabajo pretende restaurar las capacidades funcionales esenciales para las actividades cotidianas y laborales, con el objetivo de devolver al paciente al estado anterior a la lesi\u00f3n cuando sea factible. La rehabilitaci\u00f3n hace hincapi\u00e9 en la terapia activa, que requiere un esfuerzo interno por parte del paciente, mientras que las intervenciones pasivas se consideran medidas complementarias. Se fomentan las terapias activas y pasivas continuas en el domicilio para conseguir una mejor\u00eda sostenida, y pueden incluirse dispositivos de asistencia para mejorar las ganancias funcionales.<\/p>\n<p><strong>Terapia activa<\/strong><\/p>\n<p><em>Ejercicio terap\u00e9utico para el postoperatorio de fracturas de falange media y proximal y de metacarpo<\/em><\/p>\n<p>Recomendado para la rehabilitaci\u00f3n, con una frecuencia, dosis y duraci\u00f3n de las visitas que var\u00edan en funci\u00f3n de la gravedad de los d\u00e9ficits funcionales. Un programa de ejercicios en casa es vital para una mejora continua.<\/p>\n<p><strong>Terapia pasiva<\/strong><\/p>\n<p><em>Hielo, compresi\u00f3n y elevaci\u00f3n para las fracturas agudas de metacarpo y falange<\/em><\/p>\n<p>Recomendado para controlar el edema relacionado con fracturas agudas.<\/p>\n<p>&nbsp;<\/p>\n<h3><strong>Cirug\u00eda<\/strong><\/h3>\n<p><em>Manejo quir\u00fargico de fracturas condilares<\/em><\/p>\n<p>Recomendado para fracturas inestables de c\u00f3ndilo.<\/p>\n<p><em>Manejo quir\u00fargico de las fracturas fal\u00e1ngicas malrotadas<\/em><\/p>\n<p>Recomendado si la malrotaci\u00f3n no puede corregirse y estabilizarse mediante reducci\u00f3n cerrada. La intervenci\u00f3n quir\u00fargica ayuda a prevenir o reducir las deformidades rotacionales que pueden afectar a la funci\u00f3n de la mano.<\/p>\n<p><em>Tratamiento no quir\u00fargico de la fractura de la cabeza del metacarpiano distal<\/em><\/p>\n<p>Recomendado para fracturas con menos de un 20% de afectaci\u00f3n articular. Los casos con mayor afectaci\u00f3n pueden requerir reducci\u00f3n abierta y fijaci\u00f3n interna.<\/p>\n<p>&nbsp;<\/p>\n<h3><strong>Gesti\u00f3n no operativa<\/strong><\/h3>\n<p><strong><em>Tratamiento no quir\u00fargico de la fractura del cuello del metacarpiano distal con angulaci\u00f3n aceptable<\/em><\/strong><\/p>\n<p>Recomendado para fracturas con grados de angulaci\u00f3n aceptables.<\/p>\n<p><strong><em>Tratamiento no quir\u00fargico de las fracturas del cuello del quinto metacarpiano (fractura del boxeador)<\/em><\/strong><\/p>\n<p>Recomendado antes del tratamiento quir\u00fargico para la mayor\u00eda de las fracturas con una angulaci\u00f3n inferior a 45 grados.<\/p>\n<p><strong><em>Uso de terapias funcionales para fracturas del cuello del quinto metacarpiano<\/em><\/strong><\/p>\n<p>Recomendado en lugar de escayola o f\u00e9rula cubital.<\/p>\n<p><strong><em>Radiograf\u00edas en el seguimiento de fracturas no quir\u00fargicas del quinto metacarpiano del cuello<\/em><\/strong><\/p>\n<p>Recomendado para pacientes con riesgo de desplazamiento tras la reducci\u00f3n. Las radiograf\u00edas de seguimiento est\u00e1n indicadas si la exploraci\u00f3n f\u00edsica sugiere p\u00e9rdida de reducci\u00f3n o inestabilidad.<\/p>\n<p><strong>Fracturas metacarpianos del eje<\/strong><\/p>\n<p>Las fracturas metacarpianas de fuste, habitualmente transversales, oblicuas, en espiral o conminutas, implican decisiones entre la intervenci\u00f3n no quir\u00fargica y la quir\u00fargica, sopesando el acortamiento potencial frente a los riesgos quir\u00fargicos.<\/p>\n<p><strong>Cirug\u00eda de las fracturas del metacarpo del fuste<\/strong><\/p>\n<p><strong><em>Tratamiento quir\u00fargico de las fracturas de la di\u00e1fisis metacarpiana<\/em><\/strong><\/p>\n<p>Recomendado para fracturas que no pueden reducirse, son inestables o implican m\u00faltiples fracturas de v\u00e1stagos vecinos.<\/p>\n<p><strong><em>Manejo quir\u00fargico de las fracturas de base del metacarpiano proximal<\/em><\/strong><\/p>\n<p>Recomendado, ya que estas fracturas rara vez son estables.<\/p>\n<p><strong><em>Tratamiento quir\u00fargico de la fractura de Bennett y la fractura de Rolando<\/em><\/strong><\/p>\n<p>Recomendado debido a la inestabilidad.<\/p>\n<p><strong><em>Manejo quir\u00fargico de las fracturas fal\u00e1ngicas malrotadas<\/em><\/strong><\/p>\n<p>Recomendado para prevenir deformidades y deficiencias.<\/p>\n<p><em>Eliminaci\u00f3n de hardware<\/em><\/p>\n<p>Recomendado en casos seleccionados en funci\u00f3n de las preferencias del m\u00e9dico\/paciente y de indicaciones espec\u00edficas.<\/p>\n<p>&nbsp;<\/p>\n<p><strong>Gesti\u00f3n no operativa<\/strong><\/p>\n<p><em>Manejo no quir\u00fargico de las fracturas del eje metacarpiano<\/em><\/p>\n<p>Recomendado en pacientes seleccionados con fracturas estables tras lograr una reducci\u00f3n cerrada adecuada, con inmovilizaci\u00f3n con yeso.<\/p>\n","protected":false},"excerpt":{"rendered":"<p>Las directrices proporcionadas por la Junta de Indemnizaci\u00f3n por Accidentes de Trabajo del Estado de Nueva York ofrecen principios fundamentales para abordar las fracturas de falange media y proximal y de metacarpo. Estas directrices est\u00e1n dise\u00f1adas para ayudar a los profesionales sanitarios a identificar los enfoques terap\u00e9uticos adecuados en el contexto de una evaluaci\u00f3n exhaustiva. [&hellip;]<\/p>\n","protected":false},"author":33,"featured_media":0,"parent":0,"menu_order":0,"comment_status":"closed","ping_status":"closed","template":"","meta":{"_et_pb_use_builder":"","_et_pb_old_content":"","_et_gb_content_width":"","footnotes":""},"class_list":["post-23447","page","type-page","status-publish","hentry"],"yoast_head":"<!-- This site is optimized with the Yoast SEO plugin v27.2 - https:\/\/yoast.com\/product\/yoast-seo-wordpress\/ -->\n<title>Pautas de tratamiento m\u00e9dico del estado de Nueva York para las fracturas de falange media y proximal y de metacarpo en pacientes con indemnizaci\u00f3n por accidentes de trabajo | Best Hip &amp; Knee Surgeon | NY, USA<\/title>\n<meta name=\"description\" content=\"Las directrices proporcionadas por la Junta de Indemnizaci\u00f3n por Accidentes de Trabajo del Estado de Nueva York ofrecen principios fundamentales para\" \/>\n<meta name=\"robots\" content=\"index, follow, max-snippet:-1, max-image-preview:large, max-video-preview:-1\" \/>\n<link rel=\"canonical\" href=\"https:\/\/www.newyorkhipknee.com\/es\/pautas-de-tratamiento-medico-del-estado-de-nueva-york-para-las-fracturas-de-falange-media-y-proximal-y-de-metacarpo-en-pacientes-con-indemnizacion-por-accidentes-de-trabajo\/\" \/>\n<meta property=\"og:locale\" content=\"es_ES\" \/>\n<meta property=\"og:type\" content=\"article\" \/>\n<meta property=\"og:title\" content=\"Pautas de tratamiento m\u00e9dico del estado de Nueva York para las fracturas de falange media y proximal y de metacarpo en pacientes con indemnizaci\u00f3n por accidentes de trabajo | Best Hip &amp; Knee Surgeon | NY, USA\" \/>\n<meta property=\"og:description\" content=\"Las directrices proporcionadas por la Junta de Indemnizaci\u00f3n por Accidentes de Trabajo del Estado de Nueva York ofrecen principios fundamentales para\" \/>\n<meta property=\"og:url\" content=\"https:\/\/www.newyorkhipknee.com\/es\/pautas-de-tratamiento-medico-del-estado-de-nueva-york-para-las-fracturas-de-falange-media-y-proximal-y-de-metacarpo-en-pacientes-con-indemnizacion-por-accidentes-de-trabajo\/\" \/>\n<meta property=\"og:site_name\" content=\"Best Hip &amp; Knee Surgeon | NY, USA\" \/>\n<meta name=\"twitter:card\" content=\"summary_large_image\" \/>\n<meta name=\"twitter:label1\" content=\"Tiempo de lectura\" \/>\n\t<meta name=\"twitter:data1\" content=\"6 minutos\" \/>\n<script type=\"application\/ld+json\" class=\"yoast-schema-graph\">{\"@context\":\"https:\/\/schema.org\",\"@graph\":[{\"@type\":[\"WebPage\",\"MedicalWebPage\"],\"@id\":\"https:\/\/www.newyorkhipknee.com\/es\/pautas-de-tratamiento-medico-del-estado-de-nueva-york-para-las-fracturas-de-falange-media-y-proximal-y-de-metacarpo-en-pacientes-con-indemnizacion-por-accidentes-de-trabajo\/\",\"url\":\"https:\/\/www.newyorkhipknee.com\/es\/pautas-de-tratamiento-medico-del-estado-de-nueva-york-para-las-fracturas-de-falange-media-y-proximal-y-de-metacarpo-en-pacientes-con-indemnizacion-por-accidentes-de-trabajo\/\",\"name\":\"Pautas de tratamiento m\u00e9dico del estado de Nueva York para las fracturas de falange media y proximal y de metacarpo en pacientes con indemnizaci\u00f3n por accidentes de trabajo | Best Hip &amp; Knee Surgeon | NY, USA\",\"isPartOf\":{\"@id\":\"https:\/\/www.newyorkhipknee.com\/es\/#website\"},\"datePublished\":\"2024-02-02T21:22:16+00:00\",\"description\":\"Las directrices proporcionadas por la Junta de Indemnizaci\u00f3n por Accidentes de Trabajo del Estado de Nueva York ofrecen principios fundamentales para\",\"breadcrumb\":{\"@id\":\"https:\/\/www.newyorkhipknee.com\/es\/pautas-de-tratamiento-medico-del-estado-de-nueva-york-para-las-fracturas-de-falange-media-y-proximal-y-de-metacarpo-en-pacientes-con-indemnizacion-por-accidentes-de-trabajo\/#breadcrumb\"},\"inLanguage\":\"es\",\"potentialAction\":[{\"@type\":\"ReadAction\",\"target\":[\"https:\/\/www.newyorkhipknee.com\/es\/pautas-de-tratamiento-medico-del-estado-de-nueva-york-para-las-fracturas-de-falange-media-y-proximal-y-de-metacarpo-en-pacientes-con-indemnizacion-por-accidentes-de-trabajo\/\"]}]},{\"@type\":\"BreadcrumbList\",\"@id\":\"https:\/\/www.newyorkhipknee.com\/es\/pautas-de-tratamiento-medico-del-estado-de-nueva-york-para-las-fracturas-de-falange-media-y-proximal-y-de-metacarpo-en-pacientes-con-indemnizacion-por-accidentes-de-trabajo\/#breadcrumb\",\"itemListElement\":[{\"@type\":\"ListItem\",\"position\":1,\"name\":\"Home\",\"item\":\"https:\/\/www.newyorkhipknee.com\/es\/\"},{\"@type\":\"ListItem\",\"position\":2,\"name\":\"Pautas de tratamiento m\u00e9dico del estado de Nueva York para las fracturas de falange media y proximal y de metacarpo en pacientes con indemnizaci\u00f3n por accidentes de trabajo\"}]},{\"@type\":\"WebSite\",\"@id\":\"https:\/\/www.newyorkhipknee.com\/es\/#website\",\"url\":\"https:\/\/www.newyorkhipknee.com\/es\/\",\"name\":\"Best Hip & Knee Surgeon | NY, USA\",\"description\":\"\",\"potentialAction\":[{\"@type\":\"SearchAction\",\"target\":{\"@type\":\"EntryPoint\",\"urlTemplate\":\"https:\/\/www.newyorkhipknee.com\/es\/?s={search_term_string}\"},\"query-input\":{\"@type\":\"PropertyValueSpecification\",\"valueRequired\":true,\"valueName\":\"search_term_string\"}}],\"inLanguage\":\"es\"}]}<\/script>\n<!-- \/ Yoast SEO plugin. -->","yoast_head_json":{"title":"Pautas de tratamiento m\u00e9dico del estado de Nueva York para las fracturas de falange media y proximal y de metacarpo en pacientes con indemnizaci\u00f3n por accidentes de trabajo | Best Hip &amp; Knee Surgeon | NY, USA","description":"Las directrices proporcionadas por la Junta de Indemnizaci\u00f3n por Accidentes de Trabajo del Estado de Nueva York ofrecen principios fundamentales para","robots":{"index":"index","follow":"follow","max-snippet":"max-snippet:-1","max-image-preview":"max-image-preview:large","max-video-preview":"max-video-preview:-1"},"canonical":"https:\/\/www.newyorkhipknee.com\/es\/pautas-de-tratamiento-medico-del-estado-de-nueva-york-para-las-fracturas-de-falange-media-y-proximal-y-de-metacarpo-en-pacientes-con-indemnizacion-por-accidentes-de-trabajo\/","og_locale":"es_ES","og_type":"article","og_title":"Pautas de tratamiento m\u00e9dico del estado de Nueva York para las fracturas de falange media y proximal y de metacarpo en pacientes con indemnizaci\u00f3n por accidentes de trabajo | Best Hip &amp; Knee Surgeon | NY, USA","og_description":"Las directrices proporcionadas por la Junta de Indemnizaci\u00f3n por Accidentes de Trabajo del Estado de Nueva York ofrecen principios fundamentales para","og_url":"https:\/\/www.newyorkhipknee.com\/es\/pautas-de-tratamiento-medico-del-estado-de-nueva-york-para-las-fracturas-de-falange-media-y-proximal-y-de-metacarpo-en-pacientes-con-indemnizacion-por-accidentes-de-trabajo\/","og_site_name":"Best Hip &amp; Knee Surgeon | NY, USA","twitter_card":"summary_large_image","twitter_misc":{"Tiempo de lectura":"6 minutos"},"schema":{"@context":"https:\/\/schema.org","@graph":[{"@type":["WebPage","MedicalWebPage"],"@id":"https:\/\/www.newyorkhipknee.com\/es\/pautas-de-tratamiento-medico-del-estado-de-nueva-york-para-las-fracturas-de-falange-media-y-proximal-y-de-metacarpo-en-pacientes-con-indemnizacion-por-accidentes-de-trabajo\/","url":"https:\/\/www.newyorkhipknee.com\/es\/pautas-de-tratamiento-medico-del-estado-de-nueva-york-para-las-fracturas-de-falange-media-y-proximal-y-de-metacarpo-en-pacientes-con-indemnizacion-por-accidentes-de-trabajo\/","name":"Pautas de tratamiento m\u00e9dico del estado de Nueva York para las fracturas de falange media y proximal y de metacarpo en pacientes con indemnizaci\u00f3n por accidentes de trabajo | Best Hip &amp; Knee Surgeon | NY, USA","isPartOf":{"@id":"https:\/\/www.newyorkhipknee.com\/es\/#website"},"datePublished":"2024-02-02T21:22:16+00:00","description":"Las directrices proporcionadas por la Junta de Indemnizaci\u00f3n por Accidentes de Trabajo del Estado de Nueva York ofrecen principios fundamentales para","breadcrumb":{"@id":"https:\/\/www.newyorkhipknee.com\/es\/pautas-de-tratamiento-medico-del-estado-de-nueva-york-para-las-fracturas-de-falange-media-y-proximal-y-de-metacarpo-en-pacientes-con-indemnizacion-por-accidentes-de-trabajo\/#breadcrumb"},"inLanguage":"es","potentialAction":[{"@type":"ReadAction","target":["https:\/\/www.newyorkhipknee.com\/es\/pautas-de-tratamiento-medico-del-estado-de-nueva-york-para-las-fracturas-de-falange-media-y-proximal-y-de-metacarpo-en-pacientes-con-indemnizacion-por-accidentes-de-trabajo\/"]}]},{"@type":"BreadcrumbList","@id":"https:\/\/www.newyorkhipknee.com\/es\/pautas-de-tratamiento-medico-del-estado-de-nueva-york-para-las-fracturas-de-falange-media-y-proximal-y-de-metacarpo-en-pacientes-con-indemnizacion-por-accidentes-de-trabajo\/#breadcrumb","itemListElement":[{"@type":"ListItem","position":1,"name":"Home","item":"https:\/\/www.newyorkhipknee.com\/es\/"},{"@type":"ListItem","position":2,"name":"Pautas de tratamiento m\u00e9dico del estado de Nueva York para las fracturas de falange media y proximal y de metacarpo en pacientes con indemnizaci\u00f3n por accidentes de trabajo"}]},{"@type":"WebSite","@id":"https:\/\/www.newyorkhipknee.com\/es\/#website","url":"https:\/\/www.newyorkhipknee.com\/es\/","name":"Best Hip & Knee Surgeon | NY, USA","description":"","potentialAction":[{"@type":"SearchAction","target":{"@type":"EntryPoint","urlTemplate":"https:\/\/www.newyorkhipknee.com\/es\/?s={search_term_string}"},"query-input":{"@type":"PropertyValueSpecification","valueRequired":true,"valueName":"search_term_string"}}],"inLanguage":"es"}]}},"_links":{"self":[{"href":"https:\/\/www.newyorkhipknee.com\/es\/wp-json\/wp\/v2\/pages\/23447","targetHints":{"allow":["GET"]}}],"collection":[{"href":"https:\/\/www.newyorkhipknee.com\/es\/wp-json\/wp\/v2\/pages"}],"about":[{"href":"https:\/\/www.newyorkhipknee.com\/es\/wp-json\/wp\/v2\/types\/page"}],"author":[{"embeddable":true,"href":"https:\/\/www.newyorkhipknee.com\/es\/wp-json\/wp\/v2\/users\/33"}],"replies":[{"embeddable":true,"href":"https:\/\/www.newyorkhipknee.com\/es\/wp-json\/wp\/v2\/comments?post=23447"}],"version-history":[{"count":0,"href":"https:\/\/www.newyorkhipknee.com\/es\/wp-json\/wp\/v2\/pages\/23447\/revisions"}],"wp:attachment":[{"href":"https:\/\/www.newyorkhipknee.com\/es\/wp-json\/wp\/v2\/media?parent=23447"}],"curies":[{"name":"wp","href":"https:\/\/api.w.org\/{rel}","templated":true}]}}