{"id":23449,"date":"2024-02-02T15:16:05","date_gmt":"2024-02-02T20:16:05","guid":{"rendered":"https:\/\/newyorkhipknee.com\/pautas-de-tratamiento-medico-del-estado-de-nueva-york-para-el-dolor-inespecifico-de-mano-muneca-y-antebrazo-en-pacientes-con-indemnizacion-laboral\/"},"modified":"2024-02-02T15:16:05","modified_gmt":"2024-02-02T20:16:05","slug":"pautas-de-tratamiento-medico-del-estado-de-nueva-york-para-el-dolor-inespecifico-de-mano-muneca-y-antebrazo-en-pacientes-con-indemnizacion-laboral","status":"publish","type":"page","link":"https:\/\/www.newyorkhipknee.com\/es\/pautas-de-tratamiento-medico-del-estado-de-nueva-york-para-el-dolor-inespecifico-de-mano-muneca-y-antebrazo-en-pacientes-con-indemnizacion-laboral\/","title":{"rendered":"Pautas de tratamiento m\u00e9dico del Estado de Nueva York para el dolor inespec\u00edfico de mano, mu\u00f1eca y antebrazo en pacientes con indemnizaci\u00f3n laboral"},"content":{"rendered":"<div class=\"flex-1 overflow-hidden\">\n<div class=\"react-scroll-to-bottom--css-cxkqu-79elbk h-full\">\n<div class=\"react-scroll-to-bottom--css-cxkqu-1n7m0yu\">\n<div class=\"flex flex-col pb-9 text-sm\">\n<div class=\"w-full text-token-text-primary\" data-testid=\"conversation-turn-95\">\n<div class=\"px-4 py-2 justify-center text-base md:gap-6 m-auto\">\n<div class=\"flex flex-1 text-base mx-auto gap-3 md:px-5 lg:px-1 xl:px-5 md:max-w-3xl lg:max-w-[40rem] xl:max-w-[48rem] group final-completion\">\n<div class=\"relative flex w-full flex-col lg:w-[calc(100%-115px)] agent-turn\">\n<div class=\"flex-col gap-1 md:gap-3\">\n<div class=\"flex flex-grow flex-col max-w-full\">\n<div class=\"min-h-[20px] text-message flex flex-col items-start gap-3 whitespace-pre-wrap break-words [.text-message+&amp;]:mt-5 overflow-x-auto\" data-message-author-role=\"assistant\" data-message-id=\"1587da3f-5265-4332-b358-1b0ccacd1c59\">\n<div class=\"markdown prose w-full break-words dark:prose-invert dark\">\n<p>Las directrices proporcionadas por la Junta de Indemnizaci\u00f3n por Accidentes de Trabajo del Estado de Nueva York presentan principios fundamentales para tratar el dolor inespec\u00edfico de mano, mu\u00f1eca y antebrazo. Estas directrices est\u00e1n pensadas para ayudar a los profesionales sanitarios a identificar los enfoques terap\u00e9uticos adecuados en el contexto de una evaluaci\u00f3n exhaustiva.<\/p>\n<p>Los profesionales sanitarios con experiencia en el tratamiento del dolor inespec\u00edfico de manos, mu\u00f1ecas y antebrazos pueden confiar en las orientaciones esbozadas por la Junta de Indemnizaci\u00f3n por Accidentes de Trabajo para tomar decisiones bien informadas sobre los m\u00e9todos terap\u00e9uticos m\u00e1s adecuados para sus pacientes.<\/p>\n<p>Es esencial subrayar que estas directrices no pretenden sustituir el juicio cl\u00ednico ni la experiencia profesional. La decisi\u00f3n final sobre el tratamiento del dolor inespec\u00edfico de mano, mu\u00f1eca y antebrazo debe ser fruto de la colaboraci\u00f3n entre el paciente y su profesional sanitario.<\/p>\n<h2><strong><a href=\"https:\/\/www.cortho.org\/wrist\/wrist-pain-causes-and-management\/\">Dolor inespec\u00edfico de mano\/mu\u00f1eca\/antebrazo<\/a>: diagn\u00f3stico y tratamiento<\/strong><\/h2>\n<p>&nbsp;<\/p>\n<p>El dolor inespec\u00edfico de mano\/mu\u00f1eca\/antebrazo suele producirse sin traumatismo identificable, pero se asocia a exigencias laborales f\u00edsicas elevadas o a exposiciones poco claras. Aunque la mayor\u00eda de los casos se resuelven, si no se observa mejor\u00eda tras varias semanas de tratamiento, debe considerarse la posibilidad de realizar pruebas diagn\u00f3sticas espec\u00edficas. El dolor inespec\u00edfico que persiste m\u00e1s de 2 meses es infrecuente. En la b\u00fasqueda de un diagn\u00f3stico espec\u00edfico, las consideraciones deben abarcar patolog\u00edas proximales como problemas relacionados con la columna vertebral (por ejemplo, radiculopat\u00eda, tumor espinal, infecci\u00f3n) y trastornos psicol\u00f3gicos, especialmente con s\u00edntomas inexplicables generalizados o recurrentes.<\/p>\n<h3><em>Presentaci\u00f3n cl\u00ednica<\/em><\/h3>\n<p>Los pacientes suelen referir una aparici\u00f3n gradual de dolor o s\u00edntomas sin traumatismo espec\u00edfico. Los s\u00edntomas en el antebrazo son comunes y a menudo carecen de localizaci\u00f3n precisa.<\/p>\n<p>&nbsp;<\/p>\n<h3><strong>Estudios diagn\u00f3sticos<\/strong><\/h3>\n<p><strong><em>Estudios reumatol\u00f3gicos para artralgias<\/em><\/strong><\/p>\n<p>Recomendado para evaluar a pacientes con artralgias o tenosinovitis persistentes inexplicables.<\/p>\n<p>Indicaciones: Artralgias o tenosinovitis persistentes inexplicables. Frecuencia\/Duraci\u00f3n: Puede ser necesario repetir los estudios a lo largo del tiempo, sobre todo en pacientes con enfermedades menos graves.<\/p>\n<p><strong><em>Artrocentesis para derrames articulares<\/em><\/strong><\/p>\n<p>Recomendado en casos de derrames articulares inexplicables, especialmente para evaluar infecciones y artropat\u00edas cristalinas.<\/p>\n<p>Indicaciones: Derrames articulares sin diagn\u00f3stico claro, incluyendo sospecha de infecci\u00f3n o artropat\u00edas cristalinas.<\/p>\n<p><strong><em>Estudios de electrodiagn\u00f3stico<\/em><\/strong><\/p>\n<p>Recomendado para evaluar el dolor inespec\u00edfico de mano, mu\u00f1eca o antebrazo en pacientes con parestesias u otros s\u00edntomas neurol\u00f3gicos.<\/p>\n<p>Indicaciones: Hormigueo y dolor persistentes, en particular s\u00edntomas caracter\u00edsticos de radiculopat\u00edas y neuropat\u00edas por atrapamiento. Frecuencia\/dosis: Generalmente se realiza al menos 3 semanas despu\u00e9s de la aparici\u00f3n de los s\u00edntomas.<\/p>\n<p><strong><em>Rayos X<\/em><\/strong><\/p>\n<p>Recomendado para evaluar los casos en los que persiste un dolor inespec\u00edfico en la mano, la mu\u00f1eca o el antebrazo.<\/p>\n<p>Indicaciones: Dolor inespec\u00edfico persistente de mano, mu\u00f1eca o antebrazo.<\/p>\n<p>&nbsp;<\/p>\n<h3><strong>Medicamentos<\/strong><\/h3>\n<p><strong><em>F\u00e1rmacos antiinflamatorios no esteroideos (AINE) para el tratamiento<\/em><\/strong><\/p>\n<p>Recomendado para el dolor agudo, subagudo o cr\u00f3nico inespec\u00edfico de mano\/mu\u00f1eca\/antebrazo.<\/p>\n<p>Indicaciones: Dolor agudo, subagudo o cr\u00f3nico inespec\u00edfico de mano\/mu\u00f1eca\/antebrazo. En primer lugar, pueden probarse agentes de venta libre. Frecuencia\/Duraci\u00f3n: El uso seg\u00fan las necesidades puede ser razonable.<\/p>\n<p>Indicaciones de interrupci\u00f3n: Resoluci\u00f3n de los s\u00edntomas, falta de eficacia o aparici\u00f3n de efectos adversos.<\/p>\n<p><strong><em>AINE para pacientes con alto riesgo de hemorragia gastrointestinal<\/em><\/strong><\/p>\n<p>Recomendado para el uso concomitante de f\u00e1rmacos citoprotectores en pacientes con alto riesgo de hemorragia gastrointestinal.<\/p>\n<p>Indicaciones: Pacientes con un perfil de factores de riesgo elevado que necesitan AINE.<\/p>\n<p>Frecuencia\/dosis\/duraci\u00f3n: Seguir las recomendaciones del fabricante. No hay diferencias sustanciales en la eficacia para la prevenci\u00f3n de hemorragias gastrointestinales.<\/p>\n<p>Indicaciones de interrupci\u00f3n: Intolerancia, efectos adversos o interrupci\u00f3n del AINE.<\/p>\n<p><strong><em>AINE para pacientes con riesgo de efectos adversos cardiovasculares<\/em><\/strong><\/p>\n<p>Discusi\u00f3n recomendada de riesgos y beneficios para pacientes con enfermedad cardiovascular conocida o m\u00faltiples factores de riesgo.<\/p>\n<p>Se recomienda: Paracetamol o aspirina como tratamiento de primera l\u00ednea. En caso necesario, se prefieren los AINE no selectivos a los f\u00e1rmacos espec\u00edficos de la COX-2. Para los pacientes que reciben dosis bajas de aspirina, los AINE deben tomarse al menos 30 minutos despu\u00e9s u 8 horas antes de la aspirina.<\/p>\n<p><strong><em>Paracetamol para el tratamiento del dolor inespec\u00edfico de mano\/mu\u00f1eca\/antebrazo<\/em><\/strong><\/p>\n<p>Recomendado para el tratamiento, especialmente en pacientes con contraindicaciones para los AINE.<\/p>\n<p>Indicaciones: Todos los pacientes con dolor inespec\u00edfico de mano\/mu\u00f1eca\/antebrazo.<\/p>\n<p>Dosis\/Frecuencia: Seg\u00fan las recomendaciones del fabricante; puede ser utilizado seg\u00fan sea necesario. Precauci\u00f3n de no superar los 4 gm\/d\u00eda debido a la toxicidad hep\u00e1tica potencial.<\/p>\n<p>Indicaciones de interrupci\u00f3n: Resoluci\u00f3n del dolor, efectos adversos o intolerancia.<\/p>\n<p>Evidencia para el uso de AINE y paracetamol para el dolor inespec\u00edfico de mano\/mu\u00f1eca\/antebrazo<\/p>\n<p><strong><em>Opi\u00e1ceos<\/em><\/strong><\/p>\n<p>No recomendado para dolor agudo, subagudo o cr\u00f3nico inespec\u00edfico de mano, mu\u00f1eca o antebrazo.<\/p>\n<p>&nbsp;<\/p>\n<\/div>\n<h3><strong>Enfoques terap\u00e9uticos para el dolor inespec\u00edfico de mano\/mu\u00f1eca\/antebrazo<\/strong><\/h3>\n<p><strong><em>Descanso relativo<\/em><\/strong><\/p>\n<p>Recomendado en casos espec\u00edficos de dolor agudo inespec\u00edfico de mano, mu\u00f1eca o antebrazo, en particular cuando existen exposiciones ergon\u00f3micas que implican una fuerza elevada o una combinaci\u00f3n de fuerza elevada con otros factores de riesgo.<\/p>\n<p>Justificaci\u00f3n de la recomendaci\u00f3n: Para pacientes con altas exposiciones ergon\u00f3micas, el reposo relativo puede ser beneficioso.<\/p>\n<p>&nbsp;<\/p>\n<p><strong><em>Entablillado<\/em><\/strong><\/p>\n<p>Recomendado para el tratamiento de pacientes seleccionados con dolor agudo o subagudo inespec\u00edfico de mano, mu\u00f1eca o antebrazo. No se recomienda su uso cr\u00f3nico.<\/p>\n<p>Justificaci\u00f3n de la recomendaci\u00f3n: El entablillado puede ser \u00fatil a veces, pero tiende a reforzar la debilidad; por lo tanto, en general se desaconseja su uso prolongado.<\/p>\n<p>&nbsp;<\/p>\n<h3><strong>Rehabilitaci\u00f3n<\/strong><\/h3>\n<p>La rehabilitaci\u00f3n tras una lesi\u00f3n laboral debe centrarse en restablecer la capacidad funcional para realizar las actividades cotidianas y laborales, con el objetivo de devolver al trabajador lesionado al estado anterior a la lesi\u00f3n en la medida de lo posible. La terapia activa implica el esfuerzo interno del paciente para completar ejercicios espec\u00edficos, mientras que la terapia pasiva se basa en modalidades administradas por un terapeuta para facilitar el progreso en un programa de terapia activa.<\/p>\n<p>Debe hacerse hincapi\u00e9 en las intervenciones activas frente a las pasivas. Se anima a los pacientes a continuar con las terapias activas y pasivas en casa para mantener los niveles de mejora. Pueden incluirse dispositivos de asistencia en el plan de rehabilitaci\u00f3n para mejorar los logros funcionales.<\/p>\n<h3><em>Terapia activa<\/em><\/h3>\n<p><strong>Ejercicio terap\u00e9utico<\/strong><\/p>\n<p>Recomendado para el tratamiento del dolor agudo, subagudo o cr\u00f3nico inespec\u00edfico de mano, mu\u00f1eca o antebrazo.<\/p>\n<p>Frecuencia\/dosis\/duraci\u00f3n: El n\u00famero total de visitas puede oscilar entre dos o tres para d\u00e9ficits leves y entre 12 y 15 para d\u00e9ficits m\u00e1s graves, con documentaci\u00f3n de la mejora funcional continuada. Si persisten los d\u00e9ficits, pueden ser necesarias m\u00e1s de 12 a 15 visitas, siempre que se documente la mejora hacia objetivos funcionales espec\u00edficos.<\/p>\n<h3><strong>Terapia pasiva<\/strong><\/h3>\n<p><em>Autoaplicaci\u00f3n de hielo o calor<\/em><\/p>\n<p>Recomendado para el tratamiento del dolor agudo o subagudo inespec\u00edfico de mano, mu\u00f1eca o antebrazo.<\/p>\n<\/div>\n<\/div>\n<div class=\"mt-1 flex justify-start gap-3 empty:hidden\">\n<div class=\"text-gray-400 flex self-end lg:self-center justify-center lg:justify-start mt-0 -ml-1 visible\">\n<p>&nbsp;<\/p>\n<div class=\"flex items-center gap-1.5 text-xs\"><\/div>\n<div class=\"flex\"><\/div>\n<\/div>\n<\/div>\n<\/div>\n<\/div>\n<\/div>\n<\/div>\n<\/div>\n<\/div>\n<\/div>\n<\/div>\n<\/div>\n<div class=\"w-full pt-2 md:pt-0 dark:border-white\/20 md:border-transparent md:dark:border-transparent md:w-[calc(100%-.5rem)]\">\n<form class=\"stretch mx-2 flex flex-row gap-3 last:mb-2 md:mx-4 md:last:mb-6 lg:mx-auto lg:max-w-2xl xl:max-w-3xl\">\n<div class=\"relative flex h-full flex-1 items-stretch md:flex-col\">\n<div class=\"flex w-full items-center\"><\/div>\n<\/div>\n<\/form>\n<\/div>\n","protected":false},"excerpt":{"rendered":"<p>Las directrices proporcionadas por la Junta de Indemnizaci\u00f3n por Accidentes de Trabajo del Estado de Nueva York presentan principios fundamentales para tratar el dolor inespec\u00edfico de mano, mu\u00f1eca y antebrazo. Estas directrices est\u00e1n pensadas para ayudar a los profesionales sanitarios a identificar los enfoques terap\u00e9uticos adecuados en el contexto de una evaluaci\u00f3n exhaustiva. Los profesionales [&hellip;]<\/p>\n","protected":false},"author":33,"featured_media":0,"parent":0,"menu_order":0,"comment_status":"closed","ping_status":"closed","template":"","meta":{"_et_pb_use_builder":"","_et_pb_old_content":"","_et_gb_content_width":"","footnotes":""},"class_list":["post-23449","page","type-page","status-publish","hentry"],"yoast_head":"<!-- This site is optimized with the Yoast SEO plugin v27.2 - https:\/\/yoast.com\/product\/yoast-seo-wordpress\/ -->\n<title>Pautas de tratamiento m\u00e9dico del Estado de Nueva York para el dolor inespec\u00edfico de mano, mu\u00f1eca y antebrazo en pacientes con indemnizaci\u00f3n laboral | Best Hip &amp; Knee Surgeon | NY, USA<\/title>\n<meta name=\"description\" content=\"Las directrices proporcionadas por la Junta de Indemnizaci\u00f3n por Accidentes de Trabajo del Estado de Nueva York presentan principios fundamentales para\" \/>\n<meta name=\"robots\" content=\"index, follow, max-snippet:-1, max-image-preview:large, max-video-preview:-1\" \/>\n<link rel=\"canonical\" href=\"https:\/\/www.newyorkhipknee.com\/es\/pautas-de-tratamiento-medico-del-estado-de-nueva-york-para-el-dolor-inespecifico-de-mano-muneca-y-antebrazo-en-pacientes-con-indemnizacion-laboral\/\" \/>\n<meta property=\"og:locale\" content=\"es_ES\" \/>\n<meta property=\"og:type\" content=\"article\" \/>\n<meta property=\"og:title\" content=\"Pautas de tratamiento m\u00e9dico del Estado de Nueva York para el dolor inespec\u00edfico de mano, mu\u00f1eca y antebrazo en pacientes con indemnizaci\u00f3n laboral | Best Hip &amp; Knee Surgeon | NY, USA\" \/>\n<meta property=\"og:description\" content=\"Las directrices proporcionadas por la Junta de Indemnizaci\u00f3n por Accidentes de Trabajo del Estado de Nueva York presentan principios fundamentales para\" \/>\n<meta property=\"og:url\" content=\"https:\/\/www.newyorkhipknee.com\/es\/pautas-de-tratamiento-medico-del-estado-de-nueva-york-para-el-dolor-inespecifico-de-mano-muneca-y-antebrazo-en-pacientes-con-indemnizacion-laboral\/\" \/>\n<meta property=\"og:site_name\" content=\"Best Hip &amp; Knee Surgeon | NY, USA\" \/>\n<meta name=\"twitter:card\" content=\"summary_large_image\" \/>\n<meta name=\"twitter:label1\" content=\"Tiempo de lectura\" \/>\n\t<meta name=\"twitter:data1\" content=\"6 minutos\" \/>\n<script type=\"application\/ld+json\" class=\"yoast-schema-graph\">{\"@context\":\"https:\/\/schema.org\",\"@graph\":[{\"@type\":[\"WebPage\",\"MedicalWebPage\"],\"@id\":\"https:\/\/www.newyorkhipknee.com\/es\/pautas-de-tratamiento-medico-del-estado-de-nueva-york-para-el-dolor-inespecifico-de-mano-muneca-y-antebrazo-en-pacientes-con-indemnizacion-laboral\/\",\"url\":\"https:\/\/www.newyorkhipknee.com\/es\/pautas-de-tratamiento-medico-del-estado-de-nueva-york-para-el-dolor-inespecifico-de-mano-muneca-y-antebrazo-en-pacientes-con-indemnizacion-laboral\/\",\"name\":\"Pautas de tratamiento m\u00e9dico del Estado de Nueva York para el dolor inespec\u00edfico de mano, mu\u00f1eca y antebrazo en pacientes con indemnizaci\u00f3n laboral | Best Hip &amp; Knee Surgeon | NY, USA\",\"isPartOf\":{\"@id\":\"https:\/\/www.newyorkhipknee.com\/es\/#website\"},\"datePublished\":\"2024-02-02T20:16:05+00:00\",\"description\":\"Las directrices proporcionadas por la Junta de Indemnizaci\u00f3n por Accidentes de Trabajo del Estado de Nueva York presentan principios fundamentales para\",\"breadcrumb\":{\"@id\":\"https:\/\/www.newyorkhipknee.com\/es\/pautas-de-tratamiento-medico-del-estado-de-nueva-york-para-el-dolor-inespecifico-de-mano-muneca-y-antebrazo-en-pacientes-con-indemnizacion-laboral\/#breadcrumb\"},\"inLanguage\":\"es\",\"potentialAction\":[{\"@type\":\"ReadAction\",\"target\":[\"https:\/\/www.newyorkhipknee.com\/es\/pautas-de-tratamiento-medico-del-estado-de-nueva-york-para-el-dolor-inespecifico-de-mano-muneca-y-antebrazo-en-pacientes-con-indemnizacion-laboral\/\"]}]},{\"@type\":\"BreadcrumbList\",\"@id\":\"https:\/\/www.newyorkhipknee.com\/es\/pautas-de-tratamiento-medico-del-estado-de-nueva-york-para-el-dolor-inespecifico-de-mano-muneca-y-antebrazo-en-pacientes-con-indemnizacion-laboral\/#breadcrumb\",\"itemListElement\":[{\"@type\":\"ListItem\",\"position\":1,\"name\":\"Home\",\"item\":\"https:\/\/www.newyorkhipknee.com\/es\/\"},{\"@type\":\"ListItem\",\"position\":2,\"name\":\"Pautas de tratamiento m\u00e9dico del Estado de Nueva York para el dolor inespec\u00edfico de mano, mu\u00f1eca y antebrazo en pacientes con indemnizaci\u00f3n laboral\"}]},{\"@type\":\"WebSite\",\"@id\":\"https:\/\/www.newyorkhipknee.com\/es\/#website\",\"url\":\"https:\/\/www.newyorkhipknee.com\/es\/\",\"name\":\"Best Hip & Knee Surgeon | NY, USA\",\"description\":\"\",\"potentialAction\":[{\"@type\":\"SearchAction\",\"target\":{\"@type\":\"EntryPoint\",\"urlTemplate\":\"https:\/\/www.newyorkhipknee.com\/es\/?s={search_term_string}\"},\"query-input\":{\"@type\":\"PropertyValueSpecification\",\"valueRequired\":true,\"valueName\":\"search_term_string\"}}],\"inLanguage\":\"es\"}]}<\/script>\n<!-- \/ Yoast SEO plugin. -->","yoast_head_json":{"title":"Pautas de tratamiento m\u00e9dico del Estado de Nueva York para el dolor inespec\u00edfico de mano, mu\u00f1eca y antebrazo en pacientes con indemnizaci\u00f3n laboral | Best Hip &amp; Knee Surgeon | NY, USA","description":"Las directrices proporcionadas por la Junta de Indemnizaci\u00f3n por Accidentes de Trabajo del Estado de Nueva York presentan principios fundamentales para","robots":{"index":"index","follow":"follow","max-snippet":"max-snippet:-1","max-image-preview":"max-image-preview:large","max-video-preview":"max-video-preview:-1"},"canonical":"https:\/\/www.newyorkhipknee.com\/es\/pautas-de-tratamiento-medico-del-estado-de-nueva-york-para-el-dolor-inespecifico-de-mano-muneca-y-antebrazo-en-pacientes-con-indemnizacion-laboral\/","og_locale":"es_ES","og_type":"article","og_title":"Pautas de tratamiento m\u00e9dico del Estado de Nueva York para el dolor inespec\u00edfico de mano, mu\u00f1eca y antebrazo en pacientes con indemnizaci\u00f3n laboral | Best Hip &amp; Knee Surgeon | NY, USA","og_description":"Las directrices proporcionadas por la Junta de Indemnizaci\u00f3n por Accidentes de Trabajo del Estado de Nueva York presentan principios fundamentales para","og_url":"https:\/\/www.newyorkhipknee.com\/es\/pautas-de-tratamiento-medico-del-estado-de-nueva-york-para-el-dolor-inespecifico-de-mano-muneca-y-antebrazo-en-pacientes-con-indemnizacion-laboral\/","og_site_name":"Best Hip &amp; Knee Surgeon | NY, USA","twitter_card":"summary_large_image","twitter_misc":{"Tiempo de lectura":"6 minutos"},"schema":{"@context":"https:\/\/schema.org","@graph":[{"@type":["WebPage","MedicalWebPage"],"@id":"https:\/\/www.newyorkhipknee.com\/es\/pautas-de-tratamiento-medico-del-estado-de-nueva-york-para-el-dolor-inespecifico-de-mano-muneca-y-antebrazo-en-pacientes-con-indemnizacion-laboral\/","url":"https:\/\/www.newyorkhipknee.com\/es\/pautas-de-tratamiento-medico-del-estado-de-nueva-york-para-el-dolor-inespecifico-de-mano-muneca-y-antebrazo-en-pacientes-con-indemnizacion-laboral\/","name":"Pautas de tratamiento m\u00e9dico del Estado de Nueva York para el dolor inespec\u00edfico de mano, mu\u00f1eca y antebrazo en pacientes con indemnizaci\u00f3n laboral | Best Hip &amp; Knee Surgeon | NY, USA","isPartOf":{"@id":"https:\/\/www.newyorkhipknee.com\/es\/#website"},"datePublished":"2024-02-02T20:16:05+00:00","description":"Las directrices proporcionadas por la Junta de Indemnizaci\u00f3n por Accidentes de Trabajo del Estado de Nueva York presentan principios fundamentales para","breadcrumb":{"@id":"https:\/\/www.newyorkhipknee.com\/es\/pautas-de-tratamiento-medico-del-estado-de-nueva-york-para-el-dolor-inespecifico-de-mano-muneca-y-antebrazo-en-pacientes-con-indemnizacion-laboral\/#breadcrumb"},"inLanguage":"es","potentialAction":[{"@type":"ReadAction","target":["https:\/\/www.newyorkhipknee.com\/es\/pautas-de-tratamiento-medico-del-estado-de-nueva-york-para-el-dolor-inespecifico-de-mano-muneca-y-antebrazo-en-pacientes-con-indemnizacion-laboral\/"]}]},{"@type":"BreadcrumbList","@id":"https:\/\/www.newyorkhipknee.com\/es\/pautas-de-tratamiento-medico-del-estado-de-nueva-york-para-el-dolor-inespecifico-de-mano-muneca-y-antebrazo-en-pacientes-con-indemnizacion-laboral\/#breadcrumb","itemListElement":[{"@type":"ListItem","position":1,"name":"Home","item":"https:\/\/www.newyorkhipknee.com\/es\/"},{"@type":"ListItem","position":2,"name":"Pautas de tratamiento m\u00e9dico del Estado de Nueva York para el dolor inespec\u00edfico de mano, mu\u00f1eca y antebrazo en pacientes con indemnizaci\u00f3n laboral"}]},{"@type":"WebSite","@id":"https:\/\/www.newyorkhipknee.com\/es\/#website","url":"https:\/\/www.newyorkhipknee.com\/es\/","name":"Best Hip & Knee Surgeon | NY, USA","description":"","potentialAction":[{"@type":"SearchAction","target":{"@type":"EntryPoint","urlTemplate":"https:\/\/www.newyorkhipknee.com\/es\/?s={search_term_string}"},"query-input":{"@type":"PropertyValueSpecification","valueRequired":true,"valueName":"search_term_string"}}],"inLanguage":"es"}]}},"_links":{"self":[{"href":"https:\/\/www.newyorkhipknee.com\/es\/wp-json\/wp\/v2\/pages\/23449","targetHints":{"allow":["GET"]}}],"collection":[{"href":"https:\/\/www.newyorkhipknee.com\/es\/wp-json\/wp\/v2\/pages"}],"about":[{"href":"https:\/\/www.newyorkhipknee.com\/es\/wp-json\/wp\/v2\/types\/page"}],"author":[{"embeddable":true,"href":"https:\/\/www.newyorkhipknee.com\/es\/wp-json\/wp\/v2\/users\/33"}],"replies":[{"embeddable":true,"href":"https:\/\/www.newyorkhipknee.com\/es\/wp-json\/wp\/v2\/comments?post=23449"}],"version-history":[{"count":0,"href":"https:\/\/www.newyorkhipknee.com\/es\/wp-json\/wp\/v2\/pages\/23449\/revisions"}],"wp:attachment":[{"href":"https:\/\/www.newyorkhipknee.com\/es\/wp-json\/wp\/v2\/media?parent=23449"}],"curies":[{"name":"wp","href":"https:\/\/api.w.org\/{rel}","templated":true}]}}