{"id":23500,"date":"2024-02-06T14:40:56","date_gmt":"2024-02-06T19:40:56","guid":{"rendered":""},"modified":"2024-02-20T07:58:36","modified_gmt":"2024-02-20T12:58:36","slug":"pautas-de-tratamiento-medico-del-estado-de-nueva-york-para-la-depresion-relacionada-con-el-trabajo-y-los-trastornos-depresivos-en-pacientes-con-indemnizacion-por-accidente-laboral","status":"publish","type":"page","link":"https:\/\/www.newyorkhipknee.com\/es\/indemnizacion-por-accidente-laboral\/directrices-de-tratamiento-medico-mtg\/pautas-de-tratamiento-medico-del-estado-de-nueva-york-para-la-depresion-relacionada-con-el-trabajo-y-los-trastornos-depresivos-en-pacientes-con-indemnizacion-por-accidente-laboral\/","title":{"rendered":"Pautas de tratamiento m\u00e9dico del Estado de Nueva York para la depresi\u00f3n relacionada con el trabajo y los trastornos depresivos en pacientes con indemnizaci\u00f3n por accidente laboral"},"content":{"rendered":"<div class=\"flex-1 overflow-hidden\">\n<div class=\"react-scroll-to-bottom--css-cxkqu-79elbk h-full\">\n<div class=\"react-scroll-to-bottom--css-cxkqu-1n7m0yu\">\n<div class=\"flex flex-col pb-9 text-sm\">\n<div class=\"w-full text-token-text-primary\" data-testid=\"conversation-turn-23\">\n<div class=\"px-4 py-2 justify-center text-base md:gap-6 m-auto\">\n<div class=\"flex flex-1 text-base mx-auto gap-3 md:px-5 lg:px-1 xl:px-5 md:max-w-3xl lg:max-w-[40rem] xl:max-w-[48rem] group final-completion\">\n<div class=\"relative flex w-full flex-col lg:w-[calc(100%-115px)] agent-turn\">\n<div class=\"flex-col gap-1 md:gap-3\">\n<div class=\"flex flex-grow flex-col max-w-full\">\n<div class=\"min-h-[20px] text-message flex flex-col items-start gap-3 whitespace-pre-wrap break-words [.text-message+&amp;]:mt-5 overflow-x-auto\" data-message-author-role=\"assistant\" data-message-id=\"2c5658ea-1872-4555-8268-6da6a06bd271\">\n<p>Las directrices proporcionadas por la Junta de Indemnizaci\u00f3n por Accidentes de Trabajo del Estado de Nueva York ofrecen principios esenciales para abordar la depresi\u00f3n y los trastornos depresivos relacionados con el trabajo. Estas directrices est\u00e1n concebidas para ayudar a los profesionales de la salud mental a identificar los enfoques terap\u00e9uticos adecuados dentro de un marco de evaluaci\u00f3n global.<\/p>\n<p>Los profesionales de la salud mental especializados en el tratamiento de la depresi\u00f3n y los trastornos depresivos relacionados con el trabajo pueden basarse en las orientaciones esbozadas por la Junta de Indemnizaci\u00f3n por Accidentes de Trabajo para tomar decisiones informadas sobre los m\u00e9todos terap\u00e9uticos m\u00e1s apropiados para sus clientes.<\/p>\n<p>Es importante subrayar que estas directrices no pretenden sustituir al juicio cl\u00ednico ni a la experiencia profesional. La decisi\u00f3n final sobre la gesti\u00f3n de la depresi\u00f3n y los trastornos depresivos relacionados con el trabajo debe implicar la colaboraci\u00f3n entre el cliente y su proveedor de salud mental.<\/p>\n<p>&nbsp;<\/p>\n<div class=\"markdown prose w-full break-words dark:prose-invert dark\">\n<h2><strong>Introducci\u00f3n a la depresi\u00f3n relacionada con el trabajo y a los trastornos depresivos<\/strong><\/h2>\n<ul>\n<li><strong>Resumen<\/strong>: La depresi\u00f3n relacionada con el trabajo y los trastornos depresivos engloban varios diagn\u00f3sticos, como el trastorno depresivo mayor, el trastorno depresivo debido a otra afecci\u00f3n m\u00e9dica, el trastorno de adaptaci\u00f3n y el trastorno depresivo inducido por sustancias o medicamentos. Aunque cada afecci\u00f3n tiene caracter\u00edsticas distintas, esta gu\u00eda pretende ofrecer definiciones de cada trastorno, explicar sus diferencias y discutir las opciones diagn\u00f3sticas y terap\u00e9uticas que pueden ser eficaces cuando se aplican adecuadamente.<\/li>\n<\/ul>\n<p>&nbsp;<\/p>\n<h3><strong>Trastorno depresivo mayor (TDM)<\/strong><\/h3>\n<ul>\n<li><strong>Caracter\u00edsticas<\/strong>: Los episodios depresivos mayores se caracterizan por un per\u00edodo de al menos dos semanas marcado por un estado de \u00e1nimo deprimido o p\u00e9rdida de inter\u00e9s por la mayor\u00eda de las actividades. El TDM implica m\u00faltiples s\u00edntomas depresivos que persisten y perturban significativamente el funcionamiento social y\/o laboral, como estado de \u00e1nimo deprimido, p\u00e9rdida de placer, cambios en el peso o en los patrones de sue\u00f1o, fatiga y deterioro de las capacidades cognitivas. Pueden aparecer pensamientos o acciones suicidas, y el trastorno suele ser recurrente.<\/li>\n<\/ul>\n<h3><\/h3>\n<h3><strong>Trastorno depresivo debido a otra afecci\u00f3n m\u00e9dica<\/strong><\/h3>\n<ul>\n<li><strong>Caracter\u00edsticas<\/strong>: Esta afecci\u00f3n se define por un per\u00edodo persistente de estado de \u00e1nimo deprimido o disminuci\u00f3n del inter\u00e9s por las actividades, directamente derivado de otra afecci\u00f3n m\u00e9dica. Debe causar una angustia significativa o un deterioro en el funcionamiento social, laboral o de otro tipo y no puede explicarse mejor por otro trastorno mental.<\/li>\n<\/ul>\n<h3><\/h3>\n<h3><strong>Trastorno de adaptaci\u00f3n<\/strong><\/h3>\n<ul>\n<li><strong>Definici\u00f3n<\/strong>: El trastorno de adaptaci\u00f3n implica s\u00edntomas emocionales o conductuales desencadenados por factores estresantes identificables en los tres meses siguientes a su aparici\u00f3n. Estos s\u00edntomas son desproporcionados a la gravedad del factor estresante y pueden incluir depresi\u00f3n, entre otras reacciones.<\/li>\n<\/ul>\n<p>&nbsp;<\/p>\n<h3><strong>Trastorno depresivo inducido por sustancias o medicamentos<\/strong><\/h3>\n<ul>\n<li><strong>Criterios<\/strong>: Este trastorno se manifiesta como una alteraci\u00f3n del estado de \u00e1nimo, caracterizada por un estado de \u00e1nimo deprimido o una disminuci\u00f3n del inter\u00e9s por las actividades, asociada a la intoxicaci\u00f3n o abstinencia de sustancias, o tras la exposici\u00f3n a determinados medicamentos. Debe causar malestar o deterioro significativo y no explicarse mejor por otro trastorno depresivo.<\/li>\n<\/ul>\n<p>&nbsp;<\/p>\n<h3><strong>Historia y examen<\/strong><\/h3>\n<ul>\n<li><strong>Proceso diagn\u00f3stico<\/strong>: El establecimiento de un diagn\u00f3stico de trastornos depresivos requiere una entrevista cl\u00ednica exhaustiva, un examen f\u00edsico y las pruebas de laboratorio pertinentes. Los criterios del DSM-5 deben guiar el diagn\u00f3stico, prestando atenci\u00f3n a la identificaci\u00f3n de enfermedades concurrentes o diagn\u00f3sticos alternativos. La exploraci\u00f3n f\u00edsica y las pruebas de laboratorio, incluidos los estudios tiroideos, el hemograma completo y los paneles toxicol\u00f3gicos, se realizan en funci\u00f3n de las indicaciones cl\u00ednicas. Instrumentos estructurados como el Cuestionario de Salud del Paciente (PHQ)9 pueden ayudar a recopilar informaci\u00f3n y hacer un seguimiento de la respuesta al tratamiento.<\/li>\n<\/ul>\n<\/div>\n<\/div>\n<\/div>\n<div class=\"mt-1 flex justify-start gap-3 empty:hidden\">\n<div class=\"text-gray-400 flex self-end lg:self-center justify-center lg:justify-start mt-0 -ml-1 visible\">\n<p>&nbsp;<\/p>\n<div class=\"flex items-center gap-1.5 text-xs\"><\/div>\n<div class=\"flex\"><\/div>\n<\/div>\n<\/div>\n<\/div>\n<\/div>\n<\/div>\n<\/div>\n<\/div>\n<\/div>\n<\/div>\n<\/div>\n<\/div>\n<div class=\"w-full pt-2 md:pt-0 dark:border-white\/20 md:border-transparent md:dark:border-transparent md:w-[calc(100%-.5rem)]\">\n<form class=\"stretch mx-2 flex flex-row gap-3 last:mb-2 md:mx-4 md:last:mb-6 lg:mx-auto lg:max-w-2xl xl:max-w-3xl\">\n<div class=\"relative flex h-full flex-1 items-stretch md:flex-col\">\n<div class=\"flex w-full items-center\"><\/div>\n<\/div>\n<\/form>\n<\/div>\n","protected":false},"excerpt":{"rendered":"<p>Las directrices proporcionadas por la Junta de Indemnizaci\u00f3n por Accidentes de Trabajo del Estado de Nueva York ofrecen principios esenciales para abordar la depresi\u00f3n y los trastornos depresivos relacionados con el trabajo. Estas directrices est\u00e1n concebidas para ayudar a los profesionales de la salud mental a identificar los enfoques terap\u00e9uticos adecuados dentro de un marco [&hellip;]<\/p>\n","protected":false},"author":33,"featured_media":0,"parent":21276,"menu_order":0,"comment_status":"closed","ping_status":"closed","template":"","meta":{"_et_pb_use_builder":"","_et_pb_old_content":"","_et_gb_content_width":"","footnotes":""},"class_list":["post-23500","page","type-page","status-publish","hentry"],"yoast_head":"<!-- This site is optimized with the Yoast SEO plugin v27.2 - https:\/\/yoast.com\/product\/yoast-seo-wordpress\/ -->\n<title>Pautas de tratamiento m\u00e9dico del Estado de Nueva York para la depresi\u00f3n relacionada con el trabajo y los trastornos depresivos en pacientes con indemnizaci\u00f3n por accidente laboral | Best Hip &amp; Knee Surgeon | NY, USA<\/title>\n<meta name=\"description\" content=\"Las directrices proporcionadas por la Junta de Indemnizaci\u00f3n por Accidentes de Trabajo del Estado de Nueva York ofrecen principios esenciales para abordar\" \/>\n<meta name=\"robots\" content=\"index, follow, max-snippet:-1, max-image-preview:large, max-video-preview:-1\" \/>\n<link rel=\"canonical\" href=\"https:\/\/www.newyorkhipknee.com\/es\/indemnizacion-por-accidente-laboral\/directrices-de-tratamiento-medico-mtg\/pautas-de-tratamiento-medico-del-estado-de-nueva-york-para-la-depresion-relacionada-con-el-trabajo-y-los-trastornos-depresivos-en-pacientes-con-indemnizacion-por-accidente-laboral\/\" \/>\n<meta property=\"og:locale\" content=\"es_ES\" \/>\n<meta property=\"og:type\" content=\"article\" \/>\n<meta property=\"og:title\" content=\"Pautas de tratamiento m\u00e9dico del Estado de Nueva York para la depresi\u00f3n relacionada con el trabajo y los trastornos depresivos en pacientes con indemnizaci\u00f3n por accidente laboral | Best Hip &amp; Knee Surgeon | NY, USA\" \/>\n<meta property=\"og:description\" content=\"Las directrices proporcionadas por la Junta de Indemnizaci\u00f3n por Accidentes de Trabajo del Estado de Nueva York ofrecen principios esenciales para abordar\" \/>\n<meta property=\"og:url\" content=\"https:\/\/www.newyorkhipknee.com\/es\/indemnizacion-por-accidente-laboral\/directrices-de-tratamiento-medico-mtg\/pautas-de-tratamiento-medico-del-estado-de-nueva-york-para-la-depresion-relacionada-con-el-trabajo-y-los-trastornos-depresivos-en-pacientes-con-indemnizacion-por-accidente-laboral\/\" \/>\n<meta property=\"og:site_name\" content=\"Best Hip &amp; Knee Surgeon | NY, USA\" \/>\n<meta property=\"article:modified_time\" content=\"2024-02-20T12:58:36+00:00\" \/>\n<meta name=\"twitter:card\" content=\"summary_large_image\" \/>\n<meta name=\"twitter:label1\" content=\"Tiempo de lectura\" \/>\n\t<meta name=\"twitter:data1\" content=\"3 minutos\" \/>\n<script type=\"application\/ld+json\" class=\"yoast-schema-graph\">{\"@context\":\"https:\/\/schema.org\",\"@graph\":[{\"@type\":[\"WebPage\",\"MedicalWebPage\"],\"@id\":\"https:\/\/www.newyorkhipknee.com\/es\/indemnizacion-por-accidente-laboral\/directrices-de-tratamiento-medico-mtg\/pautas-de-tratamiento-medico-del-estado-de-nueva-york-para-la-depresion-relacionada-con-el-trabajo-y-los-trastornos-depresivos-en-pacientes-con-indemnizacion-por-accidente-laboral\/\",\"url\":\"https:\/\/www.newyorkhipknee.com\/es\/indemnizacion-por-accidente-laboral\/directrices-de-tratamiento-medico-mtg\/pautas-de-tratamiento-medico-del-estado-de-nueva-york-para-la-depresion-relacionada-con-el-trabajo-y-los-trastornos-depresivos-en-pacientes-con-indemnizacion-por-accidente-laboral\/\",\"name\":\"Pautas de tratamiento m\u00e9dico del Estado de Nueva York para la depresi\u00f3n relacionada con el trabajo y los trastornos depresivos en pacientes con indemnizaci\u00f3n por accidente laboral | Best Hip &amp; Knee Surgeon | NY, USA\",\"isPartOf\":{\"@id\":\"https:\/\/www.newyorkhipknee.com\/es\/#website\"},\"datePublished\":\"2024-02-06T19:40:56+00:00\",\"dateModified\":\"2024-02-20T12:58:36+00:00\",\"description\":\"Las directrices proporcionadas por la Junta de Indemnizaci\u00f3n por Accidentes de Trabajo del Estado de Nueva York ofrecen principios esenciales para abordar\",\"breadcrumb\":{\"@id\":\"https:\/\/www.newyorkhipknee.com\/es\/indemnizacion-por-accidente-laboral\/directrices-de-tratamiento-medico-mtg\/pautas-de-tratamiento-medico-del-estado-de-nueva-york-para-la-depresion-relacionada-con-el-trabajo-y-los-trastornos-depresivos-en-pacientes-con-indemnizacion-por-accidente-laboral\/#breadcrumb\"},\"inLanguage\":\"es\",\"potentialAction\":[{\"@type\":\"ReadAction\",\"target\":[\"https:\/\/www.newyorkhipknee.com\/es\/indemnizacion-por-accidente-laboral\/directrices-de-tratamiento-medico-mtg\/pautas-de-tratamiento-medico-del-estado-de-nueva-york-para-la-depresion-relacionada-con-el-trabajo-y-los-trastornos-depresivos-en-pacientes-con-indemnizacion-por-accidente-laboral\/\"]}]},{\"@type\":\"BreadcrumbList\",\"@id\":\"https:\/\/www.newyorkhipknee.com\/es\/indemnizacion-por-accidente-laboral\/directrices-de-tratamiento-medico-mtg\/pautas-de-tratamiento-medico-del-estado-de-nueva-york-para-la-depresion-relacionada-con-el-trabajo-y-los-trastornos-depresivos-en-pacientes-con-indemnizacion-por-accidente-laboral\/#breadcrumb\",\"itemListElement\":[{\"@type\":\"ListItem\",\"position\":1,\"name\":\"Home\",\"item\":\"https:\/\/www.newyorkhipknee.com\/es\/\"},{\"@type\":\"ListItem\",\"position\":2,\"name\":\"Indemnizaci\u00f3n por accidente laboral\",\"item\":\"https:\/\/www.newyorkhipknee.com\/es\/indemnizacion-por-accidente-laboral\/\"},{\"@type\":\"ListItem\",\"position\":3,\"name\":\"Directrices de tratamiento m\u00e9dico (MTG)\",\"item\":\"https:\/\/www.newyorkhipknee.com\/es\/indemnizacion-por-accidente-laboral\/directrices-de-tratamiento-medico-mtg\/\"},{\"@type\":\"ListItem\",\"position\":4,\"name\":\"Pautas de tratamiento m\u00e9dico del Estado de Nueva York para la depresi\u00f3n relacionada con el trabajo y los trastornos depresivos en pacientes con indemnizaci\u00f3n por accidente laboral\"}]},{\"@type\":\"WebSite\",\"@id\":\"https:\/\/www.newyorkhipknee.com\/es\/#website\",\"url\":\"https:\/\/www.newyorkhipknee.com\/es\/\",\"name\":\"Best Hip & Knee Surgeon | NY, USA\",\"description\":\"\",\"potentialAction\":[{\"@type\":\"SearchAction\",\"target\":{\"@type\":\"EntryPoint\",\"urlTemplate\":\"https:\/\/www.newyorkhipknee.com\/es\/?s={search_term_string}\"},\"query-input\":{\"@type\":\"PropertyValueSpecification\",\"valueRequired\":true,\"valueName\":\"search_term_string\"}}],\"inLanguage\":\"es\"}]}<\/script>\n<!-- \/ Yoast SEO plugin. -->","yoast_head_json":{"title":"Pautas de tratamiento m\u00e9dico del Estado de Nueva York para la depresi\u00f3n relacionada con el trabajo y los trastornos depresivos en pacientes con indemnizaci\u00f3n por accidente laboral | Best Hip &amp; Knee Surgeon | NY, USA","description":"Las directrices proporcionadas por la Junta de Indemnizaci\u00f3n por Accidentes de Trabajo del Estado de Nueva York ofrecen principios esenciales para abordar","robots":{"index":"index","follow":"follow","max-snippet":"max-snippet:-1","max-image-preview":"max-image-preview:large","max-video-preview":"max-video-preview:-1"},"canonical":"https:\/\/www.newyorkhipknee.com\/es\/indemnizacion-por-accidente-laboral\/directrices-de-tratamiento-medico-mtg\/pautas-de-tratamiento-medico-del-estado-de-nueva-york-para-la-depresion-relacionada-con-el-trabajo-y-los-trastornos-depresivos-en-pacientes-con-indemnizacion-por-accidente-laboral\/","og_locale":"es_ES","og_type":"article","og_title":"Pautas de tratamiento m\u00e9dico del Estado de Nueva York para la depresi\u00f3n relacionada con el trabajo y los trastornos depresivos en pacientes con indemnizaci\u00f3n por accidente laboral | Best Hip &amp; Knee Surgeon | NY, USA","og_description":"Las directrices proporcionadas por la Junta de Indemnizaci\u00f3n por Accidentes de Trabajo del Estado de Nueva York ofrecen principios esenciales para abordar","og_url":"https:\/\/www.newyorkhipknee.com\/es\/indemnizacion-por-accidente-laboral\/directrices-de-tratamiento-medico-mtg\/pautas-de-tratamiento-medico-del-estado-de-nueva-york-para-la-depresion-relacionada-con-el-trabajo-y-los-trastornos-depresivos-en-pacientes-con-indemnizacion-por-accidente-laboral\/","og_site_name":"Best Hip &amp; Knee Surgeon | NY, USA","article_modified_time":"2024-02-20T12:58:36+00:00","twitter_card":"summary_large_image","twitter_misc":{"Tiempo de lectura":"3 minutos"},"schema":{"@context":"https:\/\/schema.org","@graph":[{"@type":["WebPage","MedicalWebPage"],"@id":"https:\/\/www.newyorkhipknee.com\/es\/indemnizacion-por-accidente-laboral\/directrices-de-tratamiento-medico-mtg\/pautas-de-tratamiento-medico-del-estado-de-nueva-york-para-la-depresion-relacionada-con-el-trabajo-y-los-trastornos-depresivos-en-pacientes-con-indemnizacion-por-accidente-laboral\/","url":"https:\/\/www.newyorkhipknee.com\/es\/indemnizacion-por-accidente-laboral\/directrices-de-tratamiento-medico-mtg\/pautas-de-tratamiento-medico-del-estado-de-nueva-york-para-la-depresion-relacionada-con-el-trabajo-y-los-trastornos-depresivos-en-pacientes-con-indemnizacion-por-accidente-laboral\/","name":"Pautas de tratamiento m\u00e9dico del Estado de Nueva York para la depresi\u00f3n relacionada con el trabajo y los trastornos depresivos en pacientes con indemnizaci\u00f3n por accidente laboral | Best Hip &amp; Knee Surgeon | NY, USA","isPartOf":{"@id":"https:\/\/www.newyorkhipknee.com\/es\/#website"},"datePublished":"2024-02-06T19:40:56+00:00","dateModified":"2024-02-20T12:58:36+00:00","description":"Las directrices proporcionadas por la Junta de Indemnizaci\u00f3n por Accidentes de Trabajo del Estado de Nueva York ofrecen principios esenciales para abordar","breadcrumb":{"@id":"https:\/\/www.newyorkhipknee.com\/es\/indemnizacion-por-accidente-laboral\/directrices-de-tratamiento-medico-mtg\/pautas-de-tratamiento-medico-del-estado-de-nueva-york-para-la-depresion-relacionada-con-el-trabajo-y-los-trastornos-depresivos-en-pacientes-con-indemnizacion-por-accidente-laboral\/#breadcrumb"},"inLanguage":"es","potentialAction":[{"@type":"ReadAction","target":["https:\/\/www.newyorkhipknee.com\/es\/indemnizacion-por-accidente-laboral\/directrices-de-tratamiento-medico-mtg\/pautas-de-tratamiento-medico-del-estado-de-nueva-york-para-la-depresion-relacionada-con-el-trabajo-y-los-trastornos-depresivos-en-pacientes-con-indemnizacion-por-accidente-laboral\/"]}]},{"@type":"BreadcrumbList","@id":"https:\/\/www.newyorkhipknee.com\/es\/indemnizacion-por-accidente-laboral\/directrices-de-tratamiento-medico-mtg\/pautas-de-tratamiento-medico-del-estado-de-nueva-york-para-la-depresion-relacionada-con-el-trabajo-y-los-trastornos-depresivos-en-pacientes-con-indemnizacion-por-accidente-laboral\/#breadcrumb","itemListElement":[{"@type":"ListItem","position":1,"name":"Home","item":"https:\/\/www.newyorkhipknee.com\/es\/"},{"@type":"ListItem","position":2,"name":"Indemnizaci\u00f3n por accidente laboral","item":"https:\/\/www.newyorkhipknee.com\/es\/indemnizacion-por-accidente-laboral\/"},{"@type":"ListItem","position":3,"name":"Directrices de tratamiento m\u00e9dico (MTG)","item":"https:\/\/www.newyorkhipknee.com\/es\/indemnizacion-por-accidente-laboral\/directrices-de-tratamiento-medico-mtg\/"},{"@type":"ListItem","position":4,"name":"Pautas de tratamiento m\u00e9dico del Estado de Nueva York para la depresi\u00f3n relacionada con el trabajo y los trastornos depresivos en pacientes con indemnizaci\u00f3n por accidente laboral"}]},{"@type":"WebSite","@id":"https:\/\/www.newyorkhipknee.com\/es\/#website","url":"https:\/\/www.newyorkhipknee.com\/es\/","name":"Best Hip & Knee Surgeon | NY, USA","description":"","potentialAction":[{"@type":"SearchAction","target":{"@type":"EntryPoint","urlTemplate":"https:\/\/www.newyorkhipknee.com\/es\/?s={search_term_string}"},"query-input":{"@type":"PropertyValueSpecification","valueRequired":true,"valueName":"search_term_string"}}],"inLanguage":"es"}]}},"_links":{"self":[{"href":"https:\/\/www.newyorkhipknee.com\/es\/wp-json\/wp\/v2\/pages\/23500","targetHints":{"allow":["GET"]}}],"collection":[{"href":"https:\/\/www.newyorkhipknee.com\/es\/wp-json\/wp\/v2\/pages"}],"about":[{"href":"https:\/\/www.newyorkhipknee.com\/es\/wp-json\/wp\/v2\/types\/page"}],"author":[{"embeddable":true,"href":"https:\/\/www.newyorkhipknee.com\/es\/wp-json\/wp\/v2\/users\/33"}],"replies":[{"embeddable":true,"href":"https:\/\/www.newyorkhipknee.com\/es\/wp-json\/wp\/v2\/comments?post=23500"}],"version-history":[{"count":0,"href":"https:\/\/www.newyorkhipknee.com\/es\/wp-json\/wp\/v2\/pages\/23500\/revisions"}],"up":[{"embeddable":true,"href":"https:\/\/www.newyorkhipknee.com\/es\/wp-json\/wp\/v2\/pages\/21276"}],"wp:attachment":[{"href":"https:\/\/www.newyorkhipknee.com\/es\/wp-json\/wp\/v2\/media?parent=23500"}],"curies":[{"name":"wp","href":"https:\/\/api.w.org\/{rel}","templated":true}]}}