{"id":17592,"date":"2017-02-16T15:26:40","date_gmt":"2017-02-16T20:26:40","guid":{"rendered":"https:\/\/newyorkhipknee.com\/contactez-nous-au-516-735-4032\/babylone-meilleur-chirurgien-pour-les-protheses-de-hanche-et-de-genou\/"},"modified":"2017-02-16T15:26:40","modified_gmt":"2017-02-16T20:26:40","slug":"babylone-meilleur-chirurgien-pour-les-protheses-de-hanche-et-de-genou","status":"publish","type":"page","link":"https:\/\/www.newyorkhipknee.com\/fr\/contact\/babylone-meilleur-chirurgien-pour-les-protheses-de-hanche-et-de-genou\/","title":{"rendered":"Babylone &#8211; Meilleur chirurgien pour les proth\u00e8ses de hanche et de genou"},"content":{"rendered":"<p><strong><a href=\"\/contact\/new-york-orthopedic-surgeon\/\">Babylone<\/a><\/strong><\/p>\n<hr>\n<p>46 Little East Neck Rd Unit A<br \/>\nBabylon, NY 11702<\/p>\n<h2><a href=\"https:\/\/bit.ly\/2kCkw8G\" target=\"_blank\" rel=\"noopener\">Cliquez ici pour obtenir l&rsquo;itin\u00e9raire, ou appelez-nous si vous souhaitez que nous vous l&rsquo;envoyions par SMS.<\/a><\/h2>\n<hr>\n<div style=\"text-align: center;\"><iframe loading=\"lazy\" style=\"border: 0;\" src=\"https:\/\/www.google.com\/maps\/embed?pb=!1m18!1m12!1m3!1d3025.075828968904!2d-73.33678988459556!3d40.6943275793338!2m3!1f0!2f0!3f0!3m2!1i1024!2i768!4f13.1!3m3!1m2!1s0x89e9d32e3d098a73%3A0x58135d437087e720!2s46+Little+E+Neck+Rd%2C+Babylon%2C+NY+11702!5e0!3m2!1sen!2sus!4v1520900204747\" width=\"600\" height=\"450\" allowfullscreen=\"allowfullscreen\"><\/iframe><\/div>\n<p><strong>Depuis l&rsquo;est (Riverhead) :<\/strong><br \/>\n1. Prendre la direction ouest sur W Main St\/NY-25 vers Peconic Ave\/County Hwy-63.<br \/>\n2. Prendre la 1re \u00e0 gauche et rester sur Peconic Ave\/County Hwy-63.<br \/>\n3. Parto&rsquo;s est \u00e0 droite<br \/>\n4. Si vous atteignez l&rsquo;avenue Griffing, vous \u00eates all\u00e9 un peu trop loin.<br \/>\n5. Entrer dans le prochain rond-point et prendre la 1\u00e8re sortie sur Nugent Dr\/NY-24\/County Hwy-94.<br \/>\n6. Tourner l\u00e9g\u00e8rement \u00e0 gauche sur County Hwy-51\/Center Dr S. Continuer \u00e0 suivre County Hwy-51.<br \/>\n7. Si vous \u00eates sur Nugent Dr et que vous atteignez la County Hwy-94A, vous avez parcouru environ 0,1 miles de trop.<br \/>\n8. Rejoindre NY-27 W\/Sunrise Hwy W.<br \/>\n9. Prendre la sortie 40 vers NY-231\/Huntington\/Babylon.<br \/>\n10. Prendre la Sunrise Hwy.<br \/>\n11. Prendre la NY-231 S\/Babylon Northport Expy S en direction de Babylon.<br \/>\n12. Prendre la sortie NY-27A W vers Babylon.<br \/>\n13. Tourner l\u00e9g\u00e8rement \u00e0 droite sur E Main St\/NY-27A.<br \/>\n14. Le magasin de peinture Sherwin-Williams se trouve au coin de la rue.<br \/>\n15. Tourner \u00e0 gauche sur Little East Neck Rd S.<br \/>\n16. Little East Neck Rd S se trouve juste apr\u00e8s Peninsula Dr.<br \/>\n17. Si vous atteignez l&rsquo;avenue Tappan, vous avez parcouru environ 0,1 mille de trop.<br \/>\n18. La destination se trouve sur la droite.<br \/>\n19. Si vous atteignez Ross Rd, vous \u00eates all\u00e9 un peu trop loin.<\/p>\n<p><strong>Depuis le sud (Patchogue) :<\/strong><br \/>\n1. Prendre la direction ouest sur W Main St vers Havens Ave.<br \/>\n2. Prendre la 2e \u00e0 droite sur County Hwy-19\/Holbrook Rd. Continuer \u00e0 suivre la route d\u00e9partementale 19.<br \/>\n3. La County Hwy-19 se trouve \u00e0 0,1 miles apr\u00e8s Railroad Ave.<br \/>\n4. Si vous atteignez l&rsquo;avenue River, vous avez parcouru environ 0,2 mille de trop.<br \/>\n5. Tourner \u00e0 gauche sur N Service Rd.<br \/>\n6. La voie de service N se trouve \u00e0 0,1 miles apr\u00e8s la voie de service S.<br \/>\n7. Si vous atteignez l&rsquo;avenue de la Gare, vous \u00eates all\u00e9 un peu trop loin.<br \/>\n8. Rejoindre NY-27 W\/Sunrise Hwy W par la rampe d&rsquo;acc\u00e8s sur la gauche.<br \/>\n9. Prendre la sortie 40 vers NY-231\/Huntington\/Babylon.<br \/>\n10. Prendre la Sunrise Hwy.<br \/>\n11. Prendre la NY-231 S\/Babylon Northport Expy S en direction de Babylon.<br \/>\n12. Prendre la sortie NY-27A W vers Babylon.<br \/>\n13. Tourner l\u00e9g\u00e8rement \u00e0 droite sur E Main St\/NY-27A.<br \/>\n14. Le magasin de peinture Sherwin-Williams se trouve au coin de la rue.<br \/>\n15. Tourner \u00e0 gauche sur Little East Neck Rd S.<br \/>\n16. Little East Neck Rd S se trouve juste apr\u00e8s Peninsula Dr.<br \/>\n17. Si vous atteignez l&rsquo;avenue Tappan, vous avez parcouru environ 0,1 mille de trop.<br \/>\n18. La destination se trouve sur le c\u00f4t\u00e9 droit.<br \/>\n19. Si vous atteignez Ross Rd, vous \u00eates all\u00e9 un peu trop loin.<\/p>\n<p><strong>Depuis le nord (Port Jefferson) :<\/strong><br \/>\n1. Prendre la direction sud sur Main St\/NY-25A vers Wynn Ln.<br \/>\n2. Continuer tout droit pour prendre Patchogue Rd\/NY-112.<br \/>\n3. Tourner \u00e0 droite sur NY-347\/Nesconset Hwy. Continuer \u00e0 suivre la route NY-347.<br \/>\n4. NY-347 est \u00e0 0.1 miles apr\u00e8s Reo Ave<br \/>\n5. Si vous \u00eates sur la NY-112 et que vous atteignez Rose Ave, vous \u00eates all\u00e9 un peu trop loin.<br \/>\n6. Continuer tout droit pour prendre Northern State Pkwy W.<br \/>\n7. Prendre la sortie 44 en direction de South Shore.<br \/>\n8. Rejoindre Sagtikos Pkwy S.<br \/>\n9. Sagtikos Pkwy S devient Southern State Pkwy W.<br \/>\n10. Rejoindre la NY-231 S par la sortie 39S en direction de Babylon.<br \/>\n11. Prendre la sortie NY-27A W vers Babylon.<br \/>\n12. Tourner l\u00e9g\u00e8rement \u00e0 droite sur E Main St\/NY-27A.<br \/>\n13. Le magasin de peinture Sherwin-Williams se trouve au coin de la rue.<br \/>\n14. Tourner \u00e0 gauche sur Little East Neck Rd S.<br \/>\n15. Little East Neck Rd S se trouve juste apr\u00e8s Peninsula Dr.<br \/>\n16. Si vous atteignez l&rsquo;avenue Tappan, vous avez parcouru environ 0,1 mille de trop.<br \/>\n17. La destination se trouve sur votre droite<br \/>\n18. Si vous atteignez Ross Rd, vous \u00eates all\u00e9 un peu trop loin.<\/p>\n<p><strong>Depuis l&rsquo;ouest (Queens) :<\/strong><br \/>\n1. Prendre la direction ouest sur Sanford Ave vers Parsons Blvd.<br \/>\n2. Tourner \u00e0 gauche sur Main St.<br \/>\n3. La rue principale se trouve juste apr\u00e8s le boulevard Kissena.<br \/>\n4. Le Tongs Cafe se trouve au coin de la rue<br \/>\n5. Si vous atteignez Frame Pl, vous avez parcouru environ 0,1 mille de trop.<br \/>\n6. Tourner \u00e0 gauche sur Horace Harding Expy.<br \/>\n7. Si vous atteignez la 62e avenue, vous \u00eates all\u00e9 un peu trop loin.<br \/>\n8. Rejoindre l&rsquo;autoroute I-495 E\/Long Island Expy E par la bretelle de gauche vers Eastern L I.<br \/>\n9. Prendre la sortie Cross Is Pkwy S, EXIT 31S.<br \/>\n10. Rejoindre Cross Island Pkwy S.<br \/>\n11. Rejoindre Southern State Pkwy E par la sortie 25A sur la gauche vers Eastern Long Is.<br \/>\n12. Rejoindre la NY-109 E par la sortie 33 en direction de Babylon.<br \/>\n13. NY-109 E devient Little East Neck Rd S.<br \/>\n14. La destination se trouve sur votre droite<br \/>\n15. Si vous atteignez Ross Rd, vous \u00eates all\u00e9 un peu trop loin.<\/p>\n<h2>3 Installations de radiologie :<\/h2>\n<p>Zwanger-Pesiri<br \/>\nFax &#8211; 631-225-9550<br \/>\nNum\u00e9ro de t\u00e9l\u00e9phone &#8211; 631-592-1699<\/p>\n<p>Arts m\u00e9dicaux<br \/>\nFax &#8211; 631-422-1235<br \/>\nNum\u00e9ro de t\u00e9l\u00e9phone &#8211; 631-422-4474<\/p>\n<p>H\u00f4pital du Bon Samaritain (Services d&rsquo;imagerie)<br \/>\nFax &#8211; -213-202-7003<br \/>\nNum\u00e9ro de t\u00e9l\u00e9phone &#8211; 213-977-2140<\/p>\n","protected":false},"excerpt":{"rendered":"<p>Babylone 46 Little East Neck Rd Unit A Babylon, NY 11702 Cliquez ici pour obtenir l&rsquo;itin\u00e9raire, ou appelez-nous si vous souhaitez que nous vous l&rsquo;envoyions par SMS. Depuis l&rsquo;est (Riverhead) : 1. Prendre la direction ouest sur W Main St\/NY-25 vers Peconic Ave\/County Hwy-63. 2. Prendre la 1re \u00e0 gauche et rester sur Peconic Ave\/County [&hellip;]<\/p>\n","protected":false},"author":1,"featured_media":0,"parent":17589,"menu_order":0,"comment_status":"closed","ping_status":"closed","template":"","meta":{"_et_pb_use_builder":"","_et_pb_old_content":"","_et_gb_content_width":"","footnotes":""},"class_list":["post-17592","page","type-page","status-publish","hentry"],"yoast_head":"<!-- This site is optimized with the Yoast SEO plugin v27.2 - https:\/\/yoast.com\/product\/yoast-seo-wordpress\/ -->\n<title>Babylon Top Knee Replacement Surgeon NY, USA<\/title>\n<meta name=\"description\" content=\"Babylone 46 Little East Neck Rd Unit A Babylon, NY 11702 Cliquez ici pour obtenir l&#039;itin\u00e9raire, ou appelez-nous si vous souhaitez que nous vous\" \/>\n<meta name=\"robots\" content=\"index, follow, max-snippet:-1, max-image-preview:large, max-video-preview:-1\" \/>\n<link rel=\"canonical\" href=\"https:\/\/www.newyorkhipknee.com\/fr\/contact\/babylone-meilleur-chirurgien-pour-les-protheses-de-hanche-et-de-genou\/\" \/>\n<meta property=\"og:locale\" content=\"fr_FR\" \/>\n<meta property=\"og:type\" content=\"article\" \/>\n<meta property=\"og:title\" content=\"Babylon Top Knee Replacement Surgeon NY, USA\" \/>\n<meta property=\"og:description\" content=\"Babylone 46 Little East Neck Rd Unit A Babylon, NY 11702 Cliquez ici pour obtenir l&#039;itin\u00e9raire, ou appelez-nous si vous souhaitez que nous vous\" \/>\n<meta property=\"og:url\" content=\"https:\/\/www.newyorkhipknee.com\/fr\/contact\/babylone-meilleur-chirurgien-pour-les-protheses-de-hanche-et-de-genou\/\" \/>\n<meta property=\"og:site_name\" content=\"Best Hip &amp; Knee Surgeon | NY, USA\" \/>\n<meta name=\"twitter:card\" content=\"summary_large_image\" \/>\n<meta name=\"twitter:label1\" content=\"Dur\u00e9e de lecture estim\u00e9e\" \/>\n\t<meta name=\"twitter:data1\" content=\"4 minutes\" \/>\n<script type=\"application\/ld+json\" class=\"yoast-schema-graph\">{\"@context\":\"https:\/\/schema.org\",\"@graph\":[{\"@type\":[\"WebPage\",\"MedicalWebPage\"],\"@id\":\"https:\/\/www.newyorkhipknee.com\/fr\/contact\/babylone-meilleur-chirurgien-pour-les-protheses-de-hanche-et-de-genou\/\",\"url\":\"https:\/\/www.newyorkhipknee.com\/fr\/contact\/babylone-meilleur-chirurgien-pour-les-protheses-de-hanche-et-de-genou\/\",\"name\":\"Babylon Top Knee Replacement Surgeon NY, USA\",\"isPartOf\":{\"@id\":\"https:\/\/www.newyorkhipknee.com\/fr\/#website\"},\"datePublished\":\"2017-02-16T20:26:40+00:00\",\"description\":\"Babylone 46 Little East Neck Rd Unit A Babylon, NY 11702 Cliquez ici pour obtenir l'itin\u00e9raire, ou appelez-nous si vous souhaitez que nous vous\",\"breadcrumb\":{\"@id\":\"https:\/\/www.newyorkhipknee.com\/fr\/contact\/babylone-meilleur-chirurgien-pour-les-protheses-de-hanche-et-de-genou\/#breadcrumb\"},\"inLanguage\":\"fr-FR\",\"potentialAction\":[{\"@type\":\"ReadAction\",\"target\":[\"https:\/\/www.newyorkhipknee.com\/fr\/contact\/babylone-meilleur-chirurgien-pour-les-protheses-de-hanche-et-de-genou\/\"]}]},{\"@type\":\"BreadcrumbList\",\"@id\":\"https:\/\/www.newyorkhipknee.com\/fr\/contact\/babylone-meilleur-chirurgien-pour-les-protheses-de-hanche-et-de-genou\/#breadcrumb\",\"itemListElement\":[{\"@type\":\"ListItem\",\"position\":1,\"name\":\"Home\",\"item\":\"https:\/\/www.newyorkhipknee.com\/fr\/\"},{\"@type\":\"ListItem\",\"position\":2,\"name\":\"CONTACT\",\"item\":\"https:\/\/www.newyorkhipknee.com\/fr\/contact\/\"},{\"@type\":\"ListItem\",\"position\":3,\"name\":\"Babylone &#8211; Meilleur chirurgien pour les proth\u00e8ses de hanche et de genou\"}]},{\"@type\":\"WebSite\",\"@id\":\"https:\/\/www.newyorkhipknee.com\/fr\/#website\",\"url\":\"https:\/\/www.newyorkhipknee.com\/fr\/\",\"name\":\"Best Hip & Knee Surgeon | NY, USA\",\"description\":\"\",\"potentialAction\":[{\"@type\":\"SearchAction\",\"target\":{\"@type\":\"EntryPoint\",\"urlTemplate\":\"https:\/\/www.newyorkhipknee.com\/fr\/?s={search_term_string}\"},\"query-input\":{\"@type\":\"PropertyValueSpecification\",\"valueRequired\":true,\"valueName\":\"search_term_string\"}}],\"inLanguage\":\"fr-FR\"}]}<\/script>\n<!-- \/ Yoast SEO plugin. -->","yoast_head_json":{"title":"Babylon Top Knee Replacement Surgeon NY, USA","description":"Babylone 46 Little East Neck Rd Unit A Babylon, NY 11702 Cliquez ici pour obtenir l'itin\u00e9raire, ou appelez-nous si vous souhaitez que nous vous","robots":{"index":"index","follow":"follow","max-snippet":"max-snippet:-1","max-image-preview":"max-image-preview:large","max-video-preview":"max-video-preview:-1"},"canonical":"https:\/\/www.newyorkhipknee.com\/fr\/contact\/babylone-meilleur-chirurgien-pour-les-protheses-de-hanche-et-de-genou\/","og_locale":"fr_FR","og_type":"article","og_title":"Babylon Top Knee Replacement Surgeon NY, USA","og_description":"Babylone 46 Little East Neck Rd Unit A Babylon, NY 11702 Cliquez ici pour obtenir l'itin\u00e9raire, ou appelez-nous si vous souhaitez que nous vous","og_url":"https:\/\/www.newyorkhipknee.com\/fr\/contact\/babylone-meilleur-chirurgien-pour-les-protheses-de-hanche-et-de-genou\/","og_site_name":"Best Hip &amp; Knee Surgeon | NY, USA","twitter_card":"summary_large_image","twitter_misc":{"Dur\u00e9e de lecture estim\u00e9e":"4 minutes"},"schema":{"@context":"https:\/\/schema.org","@graph":[{"@type":["WebPage","MedicalWebPage"],"@id":"https:\/\/www.newyorkhipknee.com\/fr\/contact\/babylone-meilleur-chirurgien-pour-les-protheses-de-hanche-et-de-genou\/","url":"https:\/\/www.newyorkhipknee.com\/fr\/contact\/babylone-meilleur-chirurgien-pour-les-protheses-de-hanche-et-de-genou\/","name":"Babylon Top Knee Replacement Surgeon NY, USA","isPartOf":{"@id":"https:\/\/www.newyorkhipknee.com\/fr\/#website"},"datePublished":"2017-02-16T20:26:40+00:00","description":"Babylone 46 Little East Neck Rd Unit A Babylon, NY 11702 Cliquez ici pour obtenir l'itin\u00e9raire, ou appelez-nous si vous souhaitez que nous vous","breadcrumb":{"@id":"https:\/\/www.newyorkhipknee.com\/fr\/contact\/babylone-meilleur-chirurgien-pour-les-protheses-de-hanche-et-de-genou\/#breadcrumb"},"inLanguage":"fr-FR","potentialAction":[{"@type":"ReadAction","target":["https:\/\/www.newyorkhipknee.com\/fr\/contact\/babylone-meilleur-chirurgien-pour-les-protheses-de-hanche-et-de-genou\/"]}]},{"@type":"BreadcrumbList","@id":"https:\/\/www.newyorkhipknee.com\/fr\/contact\/babylone-meilleur-chirurgien-pour-les-protheses-de-hanche-et-de-genou\/#breadcrumb","itemListElement":[{"@type":"ListItem","position":1,"name":"Home","item":"https:\/\/www.newyorkhipknee.com\/fr\/"},{"@type":"ListItem","position":2,"name":"CONTACT","item":"https:\/\/www.newyorkhipknee.com\/fr\/contact\/"},{"@type":"ListItem","position":3,"name":"Babylone &#8211; Meilleur chirurgien pour les proth\u00e8ses de hanche et de genou"}]},{"@type":"WebSite","@id":"https:\/\/www.newyorkhipknee.com\/fr\/#website","url":"https:\/\/www.newyorkhipknee.com\/fr\/","name":"Best Hip & Knee Surgeon | NY, USA","description":"","potentialAction":[{"@type":"SearchAction","target":{"@type":"EntryPoint","urlTemplate":"https:\/\/www.newyorkhipknee.com\/fr\/?s={search_term_string}"},"query-input":{"@type":"PropertyValueSpecification","valueRequired":true,"valueName":"search_term_string"}}],"inLanguage":"fr-FR"}]}},"_links":{"self":[{"href":"https:\/\/www.newyorkhipknee.com\/fr\/wp-json\/wp\/v2\/pages\/17592","targetHints":{"allow":["GET"]}}],"collection":[{"href":"https:\/\/www.newyorkhipknee.com\/fr\/wp-json\/wp\/v2\/pages"}],"about":[{"href":"https:\/\/www.newyorkhipknee.com\/fr\/wp-json\/wp\/v2\/types\/page"}],"author":[{"embeddable":true,"href":"https:\/\/www.newyorkhipknee.com\/fr\/wp-json\/wp\/v2\/users\/1"}],"replies":[{"embeddable":true,"href":"https:\/\/www.newyorkhipknee.com\/fr\/wp-json\/wp\/v2\/comments?post=17592"}],"version-history":[{"count":0,"href":"https:\/\/www.newyorkhipknee.com\/fr\/wp-json\/wp\/v2\/pages\/17592\/revisions"}],"up":[{"embeddable":true,"href":"https:\/\/www.newyorkhipknee.com\/fr\/wp-json\/wp\/v2\/pages\/17589"}],"wp:attachment":[{"href":"https:\/\/www.newyorkhipknee.com\/fr\/wp-json\/wp\/v2\/media?parent=17592"}],"curies":[{"name":"wp","href":"https:\/\/api.w.org\/{rel}","templated":true}]}}