{"id":17593,"date":"2015-09-20T15:50:52","date_gmt":"2015-09-20T19:50:52","guid":{"rendered":"https:\/\/newyorkhipknee.com\/contactez-nous-au-516-735-4032\/bayside-meilleur-chirurgien-pour-larthroplastie-du-genou-et-de-la-hanche\/"},"modified":"2015-09-20T15:50:52","modified_gmt":"2015-09-20T19:50:52","slug":"bayside-meilleur-chirurgien-pour-larthroplastie-du-genou-et-de-la-hanche","status":"publish","type":"page","link":"https:\/\/www.newyorkhipknee.com\/fr\/contact\/bayside-meilleur-chirurgien-pour-larthroplastie-du-genou-et-de-la-hanche\/","title":{"rendered":"Bayside &#8211; Meilleur chirurgien pour l&rsquo;arthroplastie du genou et de la hanche"},"content":{"rendered":"<p><strong>Bayside  <\/strong><\/p>\n<hr>\n<p>Au service de Bayside, NY 11361<\/p>\n<hr>\n<p><iframe src=\"https:\/\/www.google.com\/maps\/embed?pb=!1m18!1m12!1m3!1d48346.25669825159!2d-73.77024295!3d40.7699191!2m3!1f0!2f0!3f0!3m2!1i1024!2i768!4f13.1!3m3!1m2!1s0x89c261e225f2f7bd%3A0x7efd0c79b487a99e!2sBayside%2C%20Queens%2C%20NY!5e0!3m2!1sen!2sus!4v1672952866383!5m2!1sen!2sus\" width=\"600\" height=\"450\" style=\"border:0;\" allowfullscreen=\"\" loading=\"lazy\" referrerpolicy=\"no-referrer-when-downgrade\"><\/iframe><\/p>\n<hr>\n<h2>Services d&rsquo;imagerie pr\u00e8s de chez nous :<\/h2>\n<p>Nexray Medical Imaging<br \/>\nFax : 718-901-0009<br \/>\nNum\u00e9ro de t\u00e9l\u00e9phone &#8211; 718-901-0002<\/p>\n<p>Zwnager-Pesiri<br \/>\nFax : 718-684-7421<br \/>\nNum\u00e9ro de t\u00e9l\u00e9phone &#8211; 631-444-5544<\/p>\n","protected":false},"excerpt":{"rendered":"<p>Bayside Au service de Bayside, NY 11361 Services d&rsquo;imagerie pr\u00e8s de chez nous : Nexray Medical Imaging Fax : 718-901-0009 Num\u00e9ro de t\u00e9l\u00e9phone &#8211; 718-901-0002 Zwnager-Pesiri Fax : 718-684-7421 Num\u00e9ro de t\u00e9l\u00e9phone &#8211; 631-444-5544<\/p>\n","protected":false},"author":7,"featured_media":0,"parent":17589,"menu_order":0,"comment_status":"closed","ping_status":"closed","template":"","meta":{"_et_pb_use_builder":"","_et_pb_old_content":"","_et_gb_content_width":"","footnotes":""},"class_list":["post-17593","page","type-page","status-publish","hentry"],"yoast_head":"<!-- This site is optimized with the Yoast SEO plugin v27.2 - https:\/\/yoast.com\/product\/yoast-seo-wordpress\/ -->\n<title>Meilleur chirurgien pour le remplacement du genou et de la hanche \u00e0 Bayside - Dr. Nakul V. Karkare, MD<\/title>\n<meta name=\"description\" content=\"Appelez le Dr Nakul Karkare au 516-735-4032. Il dispose de plusieurs bureaux \u00e0 Long Island, New York. Celui-ci se trouve \u00e0 Bayside.\" \/>\n<meta name=\"robots\" content=\"index, follow, max-snippet:-1, max-image-preview:large, max-video-preview:-1\" \/>\n<link rel=\"canonical\" href=\"https:\/\/www.newyorkhipknee.com\/fr\/contact\/bayside-meilleur-chirurgien-pour-larthroplastie-du-genou-et-de-la-hanche\/\" \/>\n<meta property=\"og:locale\" content=\"fr_FR\" \/>\n<meta property=\"og:type\" content=\"article\" \/>\n<meta property=\"og:title\" content=\"Meilleur chirurgien pour le remplacement du genou et de la hanche \u00e0 Bayside - Dr. Nakul V. Karkare, MD\" \/>\n<meta property=\"og:description\" content=\"Appelez le Dr Nakul Karkare au 516-735-4032. Il dispose de plusieurs bureaux \u00e0 Long Island, New York. Celui-ci se trouve \u00e0 Bayside.\" \/>\n<meta property=\"og:url\" content=\"https:\/\/www.newyorkhipknee.com\/fr\/contact\/bayside-meilleur-chirurgien-pour-larthroplastie-du-genou-et-de-la-hanche\/\" \/>\n<meta property=\"og:site_name\" content=\"Best Hip &amp; Knee Surgeon | NY, USA\" \/>\n<meta name=\"twitter:card\" content=\"summary_large_image\" \/>\n<script type=\"application\/ld+json\" class=\"yoast-schema-graph\">{\"@context\":\"https:\/\/schema.org\",\"@graph\":[{\"@type\":[\"WebPage\",\"MedicalWebPage\"],\"@id\":\"https:\/\/www.newyorkhipknee.com\/fr\/contact\/bayside-meilleur-chirurgien-pour-larthroplastie-du-genou-et-de-la-hanche\/\",\"url\":\"https:\/\/www.newyorkhipknee.com\/fr\/contact\/bayside-meilleur-chirurgien-pour-larthroplastie-du-genou-et-de-la-hanche\/\",\"name\":\"Meilleur chirurgien pour le remplacement du genou et de la hanche \u00e0 Bayside - Dr. Nakul V. Karkare, MD\",\"isPartOf\":{\"@id\":\"https:\/\/www.newyorkhipknee.com\/fr\/#website\"},\"datePublished\":\"2015-09-20T19:50:52+00:00\",\"description\":\"Appelez le Dr Nakul Karkare au 516-735-4032. Il dispose de plusieurs bureaux \u00e0 Long Island, New York. Celui-ci se trouve \u00e0 Bayside.\",\"breadcrumb\":{\"@id\":\"https:\/\/www.newyorkhipknee.com\/fr\/contact\/bayside-meilleur-chirurgien-pour-larthroplastie-du-genou-et-de-la-hanche\/#breadcrumb\"},\"inLanguage\":\"fr-FR\",\"potentialAction\":[{\"@type\":\"ReadAction\",\"target\":[\"https:\/\/www.newyorkhipknee.com\/fr\/contact\/bayside-meilleur-chirurgien-pour-larthroplastie-du-genou-et-de-la-hanche\/\"]}]},{\"@type\":\"BreadcrumbList\",\"@id\":\"https:\/\/www.newyorkhipknee.com\/fr\/contact\/bayside-meilleur-chirurgien-pour-larthroplastie-du-genou-et-de-la-hanche\/#breadcrumb\",\"itemListElement\":[{\"@type\":\"ListItem\",\"position\":1,\"name\":\"Home\",\"item\":\"https:\/\/www.newyorkhipknee.com\/fr\/\"},{\"@type\":\"ListItem\",\"position\":2,\"name\":\"CONTACT\",\"item\":\"https:\/\/www.newyorkhipknee.com\/fr\/contact\/\"},{\"@type\":\"ListItem\",\"position\":3,\"name\":\"Bayside &#8211; Meilleur chirurgien pour l&rsquo;arthroplastie du genou et de la hanche\"}]},{\"@type\":\"WebSite\",\"@id\":\"https:\/\/www.newyorkhipknee.com\/fr\/#website\",\"url\":\"https:\/\/www.newyorkhipknee.com\/fr\/\",\"name\":\"Best Hip & Knee Surgeon | NY, USA\",\"description\":\"\",\"potentialAction\":[{\"@type\":\"SearchAction\",\"target\":{\"@type\":\"EntryPoint\",\"urlTemplate\":\"https:\/\/www.newyorkhipknee.com\/fr\/?s={search_term_string}\"},\"query-input\":{\"@type\":\"PropertyValueSpecification\",\"valueRequired\":true,\"valueName\":\"search_term_string\"}}],\"inLanguage\":\"fr-FR\"}]}<\/script>\n<!-- \/ Yoast SEO plugin. -->","yoast_head_json":{"title":"Meilleur chirurgien pour le remplacement du genou et de la hanche \u00e0 Bayside - Dr. Nakul V. Karkare, MD","description":"Appelez le Dr Nakul Karkare au 516-735-4032. Il dispose de plusieurs bureaux \u00e0 Long Island, New York. Celui-ci se trouve \u00e0 Bayside.","robots":{"index":"index","follow":"follow","max-snippet":"max-snippet:-1","max-image-preview":"max-image-preview:large","max-video-preview":"max-video-preview:-1"},"canonical":"https:\/\/www.newyorkhipknee.com\/fr\/contact\/bayside-meilleur-chirurgien-pour-larthroplastie-du-genou-et-de-la-hanche\/","og_locale":"fr_FR","og_type":"article","og_title":"Meilleur chirurgien pour le remplacement du genou et de la hanche \u00e0 Bayside - Dr. Nakul V. Karkare, MD","og_description":"Appelez le Dr Nakul Karkare au 516-735-4032. Il dispose de plusieurs bureaux \u00e0 Long Island, New York. Celui-ci se trouve \u00e0 Bayside.","og_url":"https:\/\/www.newyorkhipknee.com\/fr\/contact\/bayside-meilleur-chirurgien-pour-larthroplastie-du-genou-et-de-la-hanche\/","og_site_name":"Best Hip &amp; Knee Surgeon | NY, USA","twitter_card":"summary_large_image","schema":{"@context":"https:\/\/schema.org","@graph":[{"@type":["WebPage","MedicalWebPage"],"@id":"https:\/\/www.newyorkhipknee.com\/fr\/contact\/bayside-meilleur-chirurgien-pour-larthroplastie-du-genou-et-de-la-hanche\/","url":"https:\/\/www.newyorkhipknee.com\/fr\/contact\/bayside-meilleur-chirurgien-pour-larthroplastie-du-genou-et-de-la-hanche\/","name":"Meilleur chirurgien pour le remplacement du genou et de la hanche \u00e0 Bayside - Dr. Nakul V. Karkare, MD","isPartOf":{"@id":"https:\/\/www.newyorkhipknee.com\/fr\/#website"},"datePublished":"2015-09-20T19:50:52+00:00","description":"Appelez le Dr Nakul Karkare au 516-735-4032. Il dispose de plusieurs bureaux \u00e0 Long Island, New York. Celui-ci se trouve \u00e0 Bayside.","breadcrumb":{"@id":"https:\/\/www.newyorkhipknee.com\/fr\/contact\/bayside-meilleur-chirurgien-pour-larthroplastie-du-genou-et-de-la-hanche\/#breadcrumb"},"inLanguage":"fr-FR","potentialAction":[{"@type":"ReadAction","target":["https:\/\/www.newyorkhipknee.com\/fr\/contact\/bayside-meilleur-chirurgien-pour-larthroplastie-du-genou-et-de-la-hanche\/"]}]},{"@type":"BreadcrumbList","@id":"https:\/\/www.newyorkhipknee.com\/fr\/contact\/bayside-meilleur-chirurgien-pour-larthroplastie-du-genou-et-de-la-hanche\/#breadcrumb","itemListElement":[{"@type":"ListItem","position":1,"name":"Home","item":"https:\/\/www.newyorkhipknee.com\/fr\/"},{"@type":"ListItem","position":2,"name":"CONTACT","item":"https:\/\/www.newyorkhipknee.com\/fr\/contact\/"},{"@type":"ListItem","position":3,"name":"Bayside &#8211; Meilleur chirurgien pour l&rsquo;arthroplastie du genou et de la hanche"}]},{"@type":"WebSite","@id":"https:\/\/www.newyorkhipknee.com\/fr\/#website","url":"https:\/\/www.newyorkhipknee.com\/fr\/","name":"Best Hip & Knee Surgeon | NY, USA","description":"","potentialAction":[{"@type":"SearchAction","target":{"@type":"EntryPoint","urlTemplate":"https:\/\/www.newyorkhipknee.com\/fr\/?s={search_term_string}"},"query-input":{"@type":"PropertyValueSpecification","valueRequired":true,"valueName":"search_term_string"}}],"inLanguage":"fr-FR"}]}},"_links":{"self":[{"href":"https:\/\/www.newyorkhipknee.com\/fr\/wp-json\/wp\/v2\/pages\/17593","targetHints":{"allow":["GET"]}}],"collection":[{"href":"https:\/\/www.newyorkhipknee.com\/fr\/wp-json\/wp\/v2\/pages"}],"about":[{"href":"https:\/\/www.newyorkhipknee.com\/fr\/wp-json\/wp\/v2\/types\/page"}],"author":[{"embeddable":true,"href":"https:\/\/www.newyorkhipknee.com\/fr\/wp-json\/wp\/v2\/users\/7"}],"replies":[{"embeddable":true,"href":"https:\/\/www.newyorkhipknee.com\/fr\/wp-json\/wp\/v2\/comments?post=17593"}],"version-history":[{"count":0,"href":"https:\/\/www.newyorkhipknee.com\/fr\/wp-json\/wp\/v2\/pages\/17593\/revisions"}],"up":[{"embeddable":true,"href":"https:\/\/www.newyorkhipknee.com\/fr\/wp-json\/wp\/v2\/pages\/17589"}],"wp:attachment":[{"href":"https:\/\/www.newyorkhipknee.com\/fr\/wp-json\/wp\/v2\/media?parent=17593"}],"curies":[{"name":"wp","href":"https:\/\/api.w.org\/{rel}","templated":true}]}}