{"id":17595,"date":"2015-09-20T15:56:36","date_gmt":"2015-09-20T19:56:36","guid":{"rendered":"https:\/\/newyorkhipknee.com\/contactez-nous-au-516-735-4032\/centereach-meilleur-chirurgien-pour-le-remplacement-du-genou-et-de-la-hanche\/"},"modified":"2015-09-20T15:56:36","modified_gmt":"2015-09-20T19:56:36","slug":"centereach-meilleur-chirurgien-pour-le-remplacement-du-genou-et-de-la-hanche","status":"publish","type":"page","link":"https:\/\/www.newyorkhipknee.com\/fr\/contact\/centereach-meilleur-chirurgien-pour-le-remplacement-du-genou-et-de-la-hanche\/","title":{"rendered":"Centereach &#8211; Meilleur chirurgien pour le remplacement du genou et de la hanche"},"content":{"rendered":"<p><strong>Centereach<\/strong><\/p>\n<hr>\n<p>1787 Middle Country Road<br \/>\nCentereach, NY 11720<\/p>\n<h2><a href=\"https:\/\/www.google.com\/maps\/dir\/\/1787+Middle+Country+Rd,+Centereach,+NY+11720\/@40.8603657,-73.0766755,17z\/data=!3m1!4b1!4m8!4m7!1m0!1m5!1m1!1s0x89e8477799535281:0x94447e8dd5434c87!2m2!1d-73.0745297!2d40.8603657\" target=\"_blank\" rel=\"noopener\">Cliquez ici pour obtenir l&rsquo;itin\u00e9raire, ou appelez-nous si vous souhaitez que nous vous l&rsquo;envoyions par SMS.<\/a><\/h2>\n<hr>\n<p><iframe loading=\"lazy\" style=\"border: 0;\" src=\"https:\/\/www.google.com\/maps\/embed?pb=!1m18!1m12!1m3!1d3017.527185517951!2d-73.07669758459052!3d40.860303479316066!2m3!1f0!2f0!3f0!3m2!1i1024!2i768!4f13.1!3m3!1m2!1s0x89e84777943b852b%3A0x85113bc5486e4210!2s1787+Middle+Country+Rd%2C+Centereach%2C+NY+11720!5e0!3m2!1sen!2sus!4v1445897211172\" width=\"798\" height=\"599\" allowfullscreen=\"allowfullscreen\"><\/iframe><\/p>\n<hr>\n<p><script type=\"application\/ld+json\">\n\t{\n  \t\"@context\": \"https:\/\/schema.org\",\n  \t\"@type\": \"Musculoskeletal\",\n\t\"additionalType\": \"https:\/\/www.productontology.org\/id\/Orthopedic_surgery\",\n\t\"url\": \"https:\/\/newyorkhipknee.com\",\n\t\"logo\": \"\/wp-content\/themes\/nakul-karkare\/images\/newyork-nakul-v-karkare-md-logo-new.jpg\",\n\t\"hasMap\": \"https:\/\/www.google.com\/maps\/place\/Dr.+Nakul+V.+Karkare,+MD\/@40.8603457,-73.0745339,17z\/data=!3m1!4b1!4m2!3m1!1s0x89e8477799535281:0xb796a51ba488819f?hl=en\",\n\t\"email\": \"mailto:info@newyorkhipknee.com\",\n  \t\"address\": {\n    \t\"@type\": \"PostalAddress\",\n    \t\"addressLocality\": \"Centereach\",\n    \t\"addressRegion\": \"NY\",\n    \t\"postalCode\":\"11720\",\n    \t\"streetAddress\": \"1787 Middle Country Rd\"\n  \t},\n  \t\"description\": \"An orthopedic surgeon specialized in limb reconstruction and joint replacement surgery.\",\n  \t\"name\": \"Dr. Nakul V. Karkare\",\n  \t\"telephone\": \"613-981-2663\",\n  \t\"geo\": {\n    \t\"@type\": \"GeoCoordinates\",\n   \t\"latitude\": \"40.86\",\n    \t\"longitude\": \"73.07\"\n \t\t}\t\t\t\n\t}\n<\/script><\/p>\n<p><strong>Depuis le nord (Port Jefferson) :<\/strong><br \/>\nPrendre la direction sud sur Main St\/NY-25A vers Wynn Ln.<br \/>\nContinuer tout droit pour prendre Patchogue Rd\/NY-112.<br \/>\nTourner \u00e0 droite sur NY-347\/Nesconset Hwy.<br \/>\nNY-347 est \u00e0 0.1 miles apr\u00e8s Reo Ave<br \/>\nSi vous \u00eates sur la NY-112 et que vous atteignez Rose Ave, vous \u00eates all\u00e9 un peu trop loin.<br \/>\nTourner \u00e0 gauche sur Wireless Rd.<br \/>\nWireless Rd est \u00e0 0.5 miles apr\u00e8s Arrowhead Ln<br \/>\nWireless Rd devient Hawkins Rd.<br \/>\nTourner \u00e0 gauche sur la County Hwy-97\/Nicolls Rd.<br \/>\nSi vous atteignez le boulevard Eastwood, vous avez parcouru environ 0,2 miles de trop.<br \/>\nPrendre la route Middle Country Rd\/NY-25.<br \/>\n1787 Middle Country Rd, Centereach, NY 11720-3534, 1787 MIDDLE COUNTRY RD est sur la droite.<br \/>\nVotre destination se trouve juste apr\u00e8s N Howell Ave<br \/>\nSi vous atteignez Horseblock Rd, vous avez parcouru environ 0,1 miles de trop.<\/p>\n<p><strong>Depuis le sud (Patchogue) :<\/strong><br \/>\nPrendre la direction ouest sur W Main St vers Havens Ave.<br \/>\nPrendre la 2e \u00e0 droite sur County Hwy-19\/Holbrook Rd. Continuer \u00e0 suivre la route d\u00e9partementale 19.<br \/>\nLa County Hwy-19 se trouve \u00e0 0,1 miles apr\u00e8s Railroad Ave.<br \/>\nSi vous atteignez l&rsquo;avenue River, vous avez parcouru environ 0,2 mille de trop.<br \/>\nPrendre la County Hwy-97 N\/Nicolls Rd.<br \/>\nPrendre la sortie NY-25 vers Smithtown\/Riverhead.<br \/>\nA la bifurcation de la rampe, rester \u00e0 gauche.<br \/>\nTourner l\u00e9g\u00e8rement \u00e0 gauche sur NY-25\/Middle Country Rd.<br \/>\n1787 Middle Country Rd, Centereach, NY 11720-3534, 1787 MIDDLE COUNTRY RD est sur la droite.<br \/>\nVotre destination se trouve juste apr\u00e8s N Howell Ave<br \/>\nSi vous atteignez Horseblock Rd, vous avez parcouru environ 0,1 miles de trop.<\/p>\n<p><strong>Depuis l&rsquo;est (Riverhead) :<\/strong><br \/>\nPrendre la direction ouest sur W Main St vers Havens Ave.<br \/>\nPrendre la 2e \u00e0 droite sur County Hwy-19\/Holbrook Rd. Continuer \u00e0 suivre la route d\u00e9partementale 19.<br \/>\nLa County Hwy-19 se trouve \u00e0 0,1 miles apr\u00e8s Railroad Ave.<br \/>\nSi vous atteignez l&rsquo;avenue River, vous avez parcouru environ 0,2 mille de trop.<br \/>\nPrendre la County Hwy-97 N\/Nicolls Rd.<br \/>\nPrendre la sortie NY-25 vers Smithtown\/Riverhead.<br \/>\nA la bifurcation de la rampe, rester \u00e0 gauche.<br \/>\nTourner l\u00e9g\u00e8rement \u00e0 gauche sur NY-25\/Middle Country Rd.<br \/>\n1787 Middle Country Rd, Centereach, NY 11720-3534, 1787 MIDDLE COUNTRY RD est sur la droite.<br \/>\nVotre destination se trouve juste apr\u00e8s N Howell Ave<br \/>\nSi vous atteignez Horseblock Rd, vous avez parcouru environ 0,1 miles de trop.<\/p>\n<p><strong>Depuis l&rsquo;ouest (Queens) :<\/strong><br \/>\nPrendre la direction ouest sur Sanford Ave vers Parsons Blvd.<br \/>\nPuis 0.64 miles<br \/>\nTourner \u00e0 gauche sur Main St.<br \/>\nLa rue principale se trouve juste apr\u00e8s le boulevard Kissena.<br \/>\nLe Tongs Cafe se trouve au coin de la rue<br \/>\nSi vous atteignez Frame Pl, vous avez parcouru environ 0,1 mille de trop.<br \/>\nTourner \u00e0 gauche sur Horace Harding Expy.<br \/>\nSi vous atteignez la 62e avenue, vous \u00eates all\u00e9 un peu trop loin.<br \/>\nRejoindre l&rsquo;autoroute I-495 E\/Long Island Expy E par la bretelle de gauche vers Eastern L I.<br \/>\nPrendre la sortie Northern Parkway E, EXIT 42, vers Hauppague.<br \/>\nFusionner avec Northern State Pkwy E.<br \/>\nNorthern State Pkwy E devient NY-347.<br \/>\nTourner \u00e0 droite sur Middle Country Rd\/NY-25.<br \/>\nMiddle Country Rd se trouve juste apr\u00e8s S Hillside Ave<br \/>\n1787 Middle Country Rd, Centereach, NY 11720-3534, 1787 MIDDLE COUNTRY RD est \u00e0 gauche.<br \/>\nVotre destination est \u00e0 0.1 miles apr\u00e8s Horseblock Rd<br \/>\nSi vous atteignez l&rsquo;avenue N Howell, vous \u00eates all\u00e9 un peu trop loin.<\/p>\n<h2>Centereach Imaging<\/h2>\n<p>Zwanger Pesiri<br \/>\nNum\u00e9ro de t\u00e9l\u00e9phone &#8211; 631-992-6437<br \/>\nNum\u00e9ro de fax &#8211; 631-992-6404<\/p>\n<p>Suffolk Medical Imaging<br \/>\nNum\u00e9ro de t\u00e9l\u00e9phone &#8211; 631-588-4500<br \/>\nFax &#8211; 631-588-4595<\/p>\n<p>Mid-Island Medical Imaging<br \/>\nNum\u00e9ro de t\u00e9l\u00e9phone &#8211; 631-758-1800<br \/>\nFax &#8211; 631-758-8029<\/p>\n","protected":false},"excerpt":{"rendered":"<p>Centereach 1787 Middle Country Road Centereach, NY 11720 Cliquez ici pour obtenir l&rsquo;itin\u00e9raire, ou appelez-nous si vous souhaitez que nous vous l&rsquo;envoyions par SMS. Depuis le nord (Port Jefferson) : Prendre la direction sud sur Main St\/NY-25A vers Wynn Ln. Continuer tout droit pour prendre Patchogue Rd\/NY-112. Tourner \u00e0 droite sur NY-347\/Nesconset Hwy. NY-347 est [&hellip;]<\/p>\n","protected":false},"author":7,"featured_media":0,"parent":17589,"menu_order":0,"comment_status":"closed","ping_status":"closed","template":"","meta":{"_et_pb_use_builder":"","_et_pb_old_content":"","_et_gb_content_width":"","footnotes":""},"class_list":["post-17595","page","type-page","status-publish","hentry"],"yoast_head":"<!-- This site is optimized with the Yoast SEO plugin v27.2 - https:\/\/yoast.com\/product\/yoast-seo-wordpress\/ -->\n<title>Centereach - Meilleur chirurgien pour le remplacement du genou et de la hanche - Dr. Nakul V. Karkare<\/title>\n<meta name=\"description\" content=\"Appelez le Dr Nakul Karkare au 516-735-4032. Il dispose de plusieurs bureaux \u00e0 Long Island, New York. Celui-ci se trouve \u00e0 Centereach, dans l&#039;\u00c9tat de New York.\" \/>\n<meta name=\"robots\" content=\"index, follow, max-snippet:-1, max-image-preview:large, max-video-preview:-1\" \/>\n<link rel=\"canonical\" href=\"https:\/\/www.newyorkhipknee.com\/fr\/contact\/centereach-meilleur-chirurgien-pour-le-remplacement-du-genou-et-de-la-hanche\/\" \/>\n<meta property=\"og:locale\" content=\"fr_FR\" \/>\n<meta property=\"og:type\" content=\"article\" \/>\n<meta property=\"og:title\" content=\"Centereach - Meilleur chirurgien pour le remplacement du genou et de la hanche - Dr. Nakul V. Karkare\" \/>\n<meta property=\"og:description\" content=\"Appelez le Dr Nakul Karkare au 516-735-4032. Il dispose de plusieurs bureaux \u00e0 Long Island, New York. Celui-ci se trouve \u00e0 Centereach, dans l&#039;\u00c9tat de New York.\" \/>\n<meta property=\"og:url\" content=\"https:\/\/www.newyorkhipknee.com\/fr\/contact\/centereach-meilleur-chirurgien-pour-le-remplacement-du-genou-et-de-la-hanche\/\" \/>\n<meta property=\"og:site_name\" content=\"Best Hip &amp; Knee Surgeon | NY, USA\" \/>\n<meta name=\"twitter:card\" content=\"summary_large_image\" \/>\n<meta name=\"twitter:label1\" content=\"Dur\u00e9e de lecture estim\u00e9e\" \/>\n\t<meta name=\"twitter:data1\" content=\"3 minutes\" \/>\n<script type=\"application\/ld+json\" class=\"yoast-schema-graph\">{\"@context\":\"https:\/\/schema.org\",\"@graph\":[{\"@type\":[\"WebPage\",\"MedicalWebPage\"],\"@id\":\"https:\/\/www.newyorkhipknee.com\/fr\/contact\/centereach-meilleur-chirurgien-pour-le-remplacement-du-genou-et-de-la-hanche\/\",\"url\":\"https:\/\/www.newyorkhipknee.com\/fr\/contact\/centereach-meilleur-chirurgien-pour-le-remplacement-du-genou-et-de-la-hanche\/\",\"name\":\"Centereach - Meilleur chirurgien pour le remplacement du genou et de la hanche - Dr. Nakul V. Karkare\",\"isPartOf\":{\"@id\":\"https:\/\/www.newyorkhipknee.com\/fr\/#website\"},\"datePublished\":\"2015-09-20T19:56:36+00:00\",\"description\":\"Appelez le Dr Nakul Karkare au 516-735-4032. Il dispose de plusieurs bureaux \u00e0 Long Island, New York. Celui-ci se trouve \u00e0 Centereach, dans l'\u00c9tat de New York.\",\"breadcrumb\":{\"@id\":\"https:\/\/www.newyorkhipknee.com\/fr\/contact\/centereach-meilleur-chirurgien-pour-le-remplacement-du-genou-et-de-la-hanche\/#breadcrumb\"},\"inLanguage\":\"fr-FR\",\"potentialAction\":[{\"@type\":\"ReadAction\",\"target\":[\"https:\/\/www.newyorkhipknee.com\/fr\/contact\/centereach-meilleur-chirurgien-pour-le-remplacement-du-genou-et-de-la-hanche\/\"]}]},{\"@type\":\"BreadcrumbList\",\"@id\":\"https:\/\/www.newyorkhipknee.com\/fr\/contact\/centereach-meilleur-chirurgien-pour-le-remplacement-du-genou-et-de-la-hanche\/#breadcrumb\",\"itemListElement\":[{\"@type\":\"ListItem\",\"position\":1,\"name\":\"Home\",\"item\":\"https:\/\/www.newyorkhipknee.com\/fr\/\"},{\"@type\":\"ListItem\",\"position\":2,\"name\":\"CONTACT\",\"item\":\"https:\/\/www.newyorkhipknee.com\/fr\/contact\/\"},{\"@type\":\"ListItem\",\"position\":3,\"name\":\"Centereach &#8211; Meilleur chirurgien pour le remplacement du genou et de la hanche\"}]},{\"@type\":\"WebSite\",\"@id\":\"https:\/\/www.newyorkhipknee.com\/fr\/#website\",\"url\":\"https:\/\/www.newyorkhipknee.com\/fr\/\",\"name\":\"Best Hip & Knee Surgeon | NY, USA\",\"description\":\"\",\"potentialAction\":[{\"@type\":\"SearchAction\",\"target\":{\"@type\":\"EntryPoint\",\"urlTemplate\":\"https:\/\/www.newyorkhipknee.com\/fr\/?s={search_term_string}\"},\"query-input\":{\"@type\":\"PropertyValueSpecification\",\"valueRequired\":true,\"valueName\":\"search_term_string\"}}],\"inLanguage\":\"fr-FR\"}]}<\/script>\n<!-- \/ Yoast SEO plugin. -->","yoast_head_json":{"title":"Centereach - Meilleur chirurgien pour le remplacement du genou et de la hanche - Dr. Nakul V. Karkare","description":"Appelez le Dr Nakul Karkare au 516-735-4032. Il dispose de plusieurs bureaux \u00e0 Long Island, New York. Celui-ci se trouve \u00e0 Centereach, dans l'\u00c9tat de New York.","robots":{"index":"index","follow":"follow","max-snippet":"max-snippet:-1","max-image-preview":"max-image-preview:large","max-video-preview":"max-video-preview:-1"},"canonical":"https:\/\/www.newyorkhipknee.com\/fr\/contact\/centereach-meilleur-chirurgien-pour-le-remplacement-du-genou-et-de-la-hanche\/","og_locale":"fr_FR","og_type":"article","og_title":"Centereach - Meilleur chirurgien pour le remplacement du genou et de la hanche - Dr. Nakul V. Karkare","og_description":"Appelez le Dr Nakul Karkare au 516-735-4032. Il dispose de plusieurs bureaux \u00e0 Long Island, New York. Celui-ci se trouve \u00e0 Centereach, dans l'\u00c9tat de New York.","og_url":"https:\/\/www.newyorkhipknee.com\/fr\/contact\/centereach-meilleur-chirurgien-pour-le-remplacement-du-genou-et-de-la-hanche\/","og_site_name":"Best Hip &amp; Knee Surgeon | NY, USA","twitter_card":"summary_large_image","twitter_misc":{"Dur\u00e9e de lecture estim\u00e9e":"3 minutes"},"schema":{"@context":"https:\/\/schema.org","@graph":[{"@type":["WebPage","MedicalWebPage"],"@id":"https:\/\/www.newyorkhipknee.com\/fr\/contact\/centereach-meilleur-chirurgien-pour-le-remplacement-du-genou-et-de-la-hanche\/","url":"https:\/\/www.newyorkhipknee.com\/fr\/contact\/centereach-meilleur-chirurgien-pour-le-remplacement-du-genou-et-de-la-hanche\/","name":"Centereach - Meilleur chirurgien pour le remplacement du genou et de la hanche - Dr. Nakul V. Karkare","isPartOf":{"@id":"https:\/\/www.newyorkhipknee.com\/fr\/#website"},"datePublished":"2015-09-20T19:56:36+00:00","description":"Appelez le Dr Nakul Karkare au 516-735-4032. Il dispose de plusieurs bureaux \u00e0 Long Island, New York. Celui-ci se trouve \u00e0 Centereach, dans l'\u00c9tat de New York.","breadcrumb":{"@id":"https:\/\/www.newyorkhipknee.com\/fr\/contact\/centereach-meilleur-chirurgien-pour-le-remplacement-du-genou-et-de-la-hanche\/#breadcrumb"},"inLanguage":"fr-FR","potentialAction":[{"@type":"ReadAction","target":["https:\/\/www.newyorkhipknee.com\/fr\/contact\/centereach-meilleur-chirurgien-pour-le-remplacement-du-genou-et-de-la-hanche\/"]}]},{"@type":"BreadcrumbList","@id":"https:\/\/www.newyorkhipknee.com\/fr\/contact\/centereach-meilleur-chirurgien-pour-le-remplacement-du-genou-et-de-la-hanche\/#breadcrumb","itemListElement":[{"@type":"ListItem","position":1,"name":"Home","item":"https:\/\/www.newyorkhipknee.com\/fr\/"},{"@type":"ListItem","position":2,"name":"CONTACT","item":"https:\/\/www.newyorkhipknee.com\/fr\/contact\/"},{"@type":"ListItem","position":3,"name":"Centereach &#8211; Meilleur chirurgien pour le remplacement du genou et de la hanche"}]},{"@type":"WebSite","@id":"https:\/\/www.newyorkhipknee.com\/fr\/#website","url":"https:\/\/www.newyorkhipknee.com\/fr\/","name":"Best Hip & Knee Surgeon | NY, USA","description":"","potentialAction":[{"@type":"SearchAction","target":{"@type":"EntryPoint","urlTemplate":"https:\/\/www.newyorkhipknee.com\/fr\/?s={search_term_string}"},"query-input":{"@type":"PropertyValueSpecification","valueRequired":true,"valueName":"search_term_string"}}],"inLanguage":"fr-FR"}]}},"_links":{"self":[{"href":"https:\/\/www.newyorkhipknee.com\/fr\/wp-json\/wp\/v2\/pages\/17595","targetHints":{"allow":["GET"]}}],"collection":[{"href":"https:\/\/www.newyorkhipknee.com\/fr\/wp-json\/wp\/v2\/pages"}],"about":[{"href":"https:\/\/www.newyorkhipknee.com\/fr\/wp-json\/wp\/v2\/types\/page"}],"author":[{"embeddable":true,"href":"https:\/\/www.newyorkhipknee.com\/fr\/wp-json\/wp\/v2\/users\/7"}],"replies":[{"embeddable":true,"href":"https:\/\/www.newyorkhipknee.com\/fr\/wp-json\/wp\/v2\/comments?post=17595"}],"version-history":[{"count":0,"href":"https:\/\/www.newyorkhipknee.com\/fr\/wp-json\/wp\/v2\/pages\/17595\/revisions"}],"up":[{"embeddable":true,"href":"https:\/\/www.newyorkhipknee.com\/fr\/wp-json\/wp\/v2\/pages\/17589"}],"wp:attachment":[{"href":"https:\/\/www.newyorkhipknee.com\/fr\/wp-json\/wp\/v2\/media?parent=17595"}],"curies":[{"name":"wp","href":"https:\/\/api.w.org\/{rel}","templated":true}]}}