{"id":17596,"date":"2015-09-20T15:31:15","date_gmt":"2015-09-20T19:31:15","guid":{"rendered":"https:\/\/newyorkhipknee.com\/contactez-nous-au-516-735-4032\/manhattan-meilleur-chirurgien-pour-larthroplastie-du-genou-et-de-la-hanche\/"},"modified":"2015-09-20T15:31:15","modified_gmt":"2015-09-20T19:31:15","slug":"manhattan-meilleur-chirurgien-pour-larthroplastie-du-genou-et-de-la-hanche","status":"publish","type":"page","link":"https:\/\/www.newyorkhipknee.com\/fr\/contact\/manhattan-meilleur-chirurgien-pour-larthroplastie-du-genou-et-de-la-hanche\/","title":{"rendered":"Manhattan &#8211; Meilleur chirurgien pour l&rsquo;arthroplastie du genou et de la hanche"},"content":{"rendered":"<p><strong>Manhattan  <\/strong><\/p>\n<hr>\n<p>501 5th Ave<br \/>\nSuite 1203<br \/>\nNew York, NY 10017<\/p>\n<h2><a href=\"https:\/\/bit.ly\/3B2WvBi\" target=\"_blank\" rel=\"noopener\">Cliquez ici pour obtenir l&rsquo;itin\u00e9raire, ou appelez-nous si vous souhaitez que nous vous l&rsquo;envoyions par SMS.<\/a><\/h2>\n<hr>\n<p><iframe loading=\"lazy\" style=\"border: 0;\" src=\"https:\/\/www.google.com\/maps\/embed?pb=!1m19!1m8!1m3!1d3022.4012375550446!2d-73.9829391!3d40.753199!3m2!1i1024!2i768!4f13.1!4m8!3e6!4m0!4m5!1s0x89c259003ee9f6fd%3A0x5fd439fd4b4e7107!2s501%205th%20Ave%2C%20New%20York%2C%20NY%2010017!3m2!1d40.753195!2d-73.98075039999999!5e0!3m2!1sen!2sus!4v1669932068572!5m2!1sen!2sus\" width=\"600\" height=\"450\" allowfullscreen=\"allowfullscreen\"><\/iframe><\/p>\n<hr>\n<p><script type=\"application\/ld+json\">\n\t{\n  \t\"@context\": \"https:\/\/schema.org\",\n  \t\"@type\": \"Musculoskeletal\",\n\t\"additionalType\": \"https:\/\/www.productontology.org\/id\/Orthopedic_surgery\",\n\t\"url\": \"https:\/\/newyorkhipknee.com\/contact\/manhattan-orthopedic-surgeon\/\",\n\t\"logo\": \"\/wp-content\/themes\/nakul-karkare\/images\/newyork-nakul-v-karkare-md-logo-new.jpg\",\n\t\"hasMap\": \"https:\/\/www.google.com\/maps\/dir\/314+E+30th+St,+New+York,+NY+10016,+USA\/''\/@40.7418235,-73.9769819,17z\/data=!4m18!1m4!3m3!1s0x89c2590ed572f50f:0xcd2a6b929972722d!2s314+E+30th+St,+New+York,+NY+10016!3b1!4m12!1m5!1m1!1s0x89c2590ed572f50f:0xcd2a6b929972722d!2m2!1d-73.9769821!2d40.7417864!1m5!1m1!1s0x89c2590ed572f50f:0xcd2a6b929972722d!2m2!1d-73.9769821!2d40.7417864\",\n\t\"email\": \"mailto:info@newyorkhipknee.com\",\n  \t\"address\": {\n    \t\"@type\": \"PostalAddress\",\n    \t\"addressLocality\": \"New York\",\n    \t\"addressRegion\": \"NY\",\n    \t\"postalCode\":\"10016\",\n    \t\"streetAddress\": \"314 East 30th Street\"\n  \t},\n  \t\"description\": \"An orthopedic surgeon specialized in limb reconstruction and joint replacement surgery.\",\n  \t\"name\": \"Dr. Nakul V. Karkare\",\n  \t\"telephone\": \"613-981-2663\",\n  \t\"geo\": {\n    \t\"@type\": \"GeoCoordinates\",\n   \t\"latitude\": \"40.74\",\n    \t\"longitude\": \"73.97\"\n \t\t}\t\t\t\n\t}\n<\/script><\/p>\n<h2>3 Installations de radiologie dans la r\u00e9gion de Manhattan<\/h2>\n<p>Radiologie communautaire NY<br \/>\nFax &#8211; 212-349-6183<br \/>\nNum\u00e9ro de t\u00e9l\u00e9phone &#8211; 212-349-5799<\/p>\n<p>Radiologie NYU Langone &#8211; H\u00f4pital orthop\u00e9dique NYU Langone<br \/>\nFax &#8211; 212-263-4513<br \/>\nNum\u00e9ro de t\u00e9l\u00e9phone &#8211; 212-794-2500<\/p>\n<p>East River Medical Imaging PC<br \/>\nFax &#8211; 212.288.7616<br \/>\nNum\u00e9ro de t\u00e9l\u00e9phone &#8211; 212-288-1575<\/p>\n","protected":false},"excerpt":{"rendered":"<p>Manhattan 501 5th Ave Suite 1203 New York, NY 10017 Cliquez ici pour obtenir l&rsquo;itin\u00e9raire, ou appelez-nous si vous souhaitez que nous vous l&rsquo;envoyions par SMS. 3 Installations de radiologie dans la r\u00e9gion de Manhattan Radiologie communautaire NY Fax &#8211; 212-349-6183 Num\u00e9ro de t\u00e9l\u00e9phone &#8211; 212-349-5799 Radiologie NYU Langone &#8211; H\u00f4pital orthop\u00e9dique NYU Langone Fax [&hellip;]<\/p>\n","protected":false},"author":7,"featured_media":0,"parent":17589,"menu_order":0,"comment_status":"closed","ping_status":"closed","template":"","meta":{"_et_pb_use_builder":"","_et_pb_old_content":"","_et_gb_content_width":"","footnotes":""},"class_list":["post-17596","page","type-page","status-publish","hentry"],"yoast_head":"<!-- This site is optimized with the Yoast SEO plugin v27.2 - https:\/\/yoast.com\/product\/yoast-seo-wordpress\/ -->\n<title>Manhattan - Meilleur chirurgien pour le remplacement du genou et de la hanche - Dr. Nakul V. Karkare, MD<\/title>\n<meta name=\"description\" content=\"Appelez le Dr Nakul Karkare au 516-735-4032. Il dispose de plusieurs bureaux \u00e0 Long Island, New York. Celui-ci se trouve \u00e0 Manhattan, l&#039;un des deux.\" \/>\n<meta name=\"robots\" content=\"index, follow, max-snippet:-1, max-image-preview:large, max-video-preview:-1\" \/>\n<link rel=\"canonical\" href=\"https:\/\/www.newyorkhipknee.com\/fr\/contact\/manhattan-meilleur-chirurgien-pour-larthroplastie-du-genou-et-de-la-hanche\/\" \/>\n<meta property=\"og:locale\" content=\"fr_FR\" \/>\n<meta property=\"og:type\" content=\"article\" \/>\n<meta property=\"og:title\" content=\"Manhattan - Meilleur chirurgien pour le remplacement du genou et de la hanche - Dr. Nakul V. Karkare, MD\" \/>\n<meta property=\"og:description\" content=\"Appelez le Dr Nakul Karkare au 516-735-4032. Il dispose de plusieurs bureaux \u00e0 Long Island, New York. Celui-ci se trouve \u00e0 Manhattan, l&#039;un des deux.\" \/>\n<meta property=\"og:url\" content=\"https:\/\/www.newyorkhipknee.com\/fr\/contact\/manhattan-meilleur-chirurgien-pour-larthroplastie-du-genou-et-de-la-hanche\/\" \/>\n<meta property=\"og:site_name\" content=\"Best Hip &amp; Knee Surgeon | NY, USA\" \/>\n<meta name=\"twitter:card\" content=\"summary_large_image\" \/>\n<script type=\"application\/ld+json\" class=\"yoast-schema-graph\">{\"@context\":\"https:\/\/schema.org\",\"@graph\":[{\"@type\":[\"WebPage\",\"MedicalWebPage\"],\"@id\":\"https:\/\/www.newyorkhipknee.com\/fr\/contact\/manhattan-meilleur-chirurgien-pour-larthroplastie-du-genou-et-de-la-hanche\/\",\"url\":\"https:\/\/www.newyorkhipknee.com\/fr\/contact\/manhattan-meilleur-chirurgien-pour-larthroplastie-du-genou-et-de-la-hanche\/\",\"name\":\"Manhattan - Meilleur chirurgien pour le remplacement du genou et de la hanche - Dr. Nakul V. Karkare, MD\",\"isPartOf\":{\"@id\":\"https:\/\/www.newyorkhipknee.com\/fr\/#website\"},\"datePublished\":\"2015-09-20T19:31:15+00:00\",\"description\":\"Appelez le Dr Nakul Karkare au 516-735-4032. Il dispose de plusieurs bureaux \u00e0 Long Island, New York. Celui-ci se trouve \u00e0 Manhattan, l'un des deux.\",\"breadcrumb\":{\"@id\":\"https:\/\/www.newyorkhipknee.com\/fr\/contact\/manhattan-meilleur-chirurgien-pour-larthroplastie-du-genou-et-de-la-hanche\/#breadcrumb\"},\"inLanguage\":\"fr-FR\",\"potentialAction\":[{\"@type\":\"ReadAction\",\"target\":[\"https:\/\/www.newyorkhipknee.com\/fr\/contact\/manhattan-meilleur-chirurgien-pour-larthroplastie-du-genou-et-de-la-hanche\/\"]}]},{\"@type\":\"BreadcrumbList\",\"@id\":\"https:\/\/www.newyorkhipknee.com\/fr\/contact\/manhattan-meilleur-chirurgien-pour-larthroplastie-du-genou-et-de-la-hanche\/#breadcrumb\",\"itemListElement\":[{\"@type\":\"ListItem\",\"position\":1,\"name\":\"Home\",\"item\":\"https:\/\/www.newyorkhipknee.com\/fr\/\"},{\"@type\":\"ListItem\",\"position\":2,\"name\":\"CONTACT\",\"item\":\"https:\/\/www.newyorkhipknee.com\/fr\/contact\/\"},{\"@type\":\"ListItem\",\"position\":3,\"name\":\"Manhattan &#8211; Meilleur chirurgien pour l&#8217;arthroplastie du genou et de la hanche\"}]},{\"@type\":\"WebSite\",\"@id\":\"https:\/\/www.newyorkhipknee.com\/fr\/#website\",\"url\":\"https:\/\/www.newyorkhipknee.com\/fr\/\",\"name\":\"Best Hip & Knee Surgeon | NY, USA\",\"description\":\"\",\"potentialAction\":[{\"@type\":\"SearchAction\",\"target\":{\"@type\":\"EntryPoint\",\"urlTemplate\":\"https:\/\/www.newyorkhipknee.com\/fr\/?s={search_term_string}\"},\"query-input\":{\"@type\":\"PropertyValueSpecification\",\"valueRequired\":true,\"valueName\":\"search_term_string\"}}],\"inLanguage\":\"fr-FR\"}]}<\/script>\n<!-- \/ Yoast SEO plugin. -->","yoast_head_json":{"title":"Manhattan - Meilleur chirurgien pour le remplacement du genou et de la hanche - Dr. Nakul V. Karkare, MD","description":"Appelez le Dr Nakul Karkare au 516-735-4032. Il dispose de plusieurs bureaux \u00e0 Long Island, New York. Celui-ci se trouve \u00e0 Manhattan, l'un des deux.","robots":{"index":"index","follow":"follow","max-snippet":"max-snippet:-1","max-image-preview":"max-image-preview:large","max-video-preview":"max-video-preview:-1"},"canonical":"https:\/\/www.newyorkhipknee.com\/fr\/contact\/manhattan-meilleur-chirurgien-pour-larthroplastie-du-genou-et-de-la-hanche\/","og_locale":"fr_FR","og_type":"article","og_title":"Manhattan - Meilleur chirurgien pour le remplacement du genou et de la hanche - Dr. Nakul V. Karkare, MD","og_description":"Appelez le Dr Nakul Karkare au 516-735-4032. Il dispose de plusieurs bureaux \u00e0 Long Island, New York. Celui-ci se trouve \u00e0 Manhattan, l'un des deux.","og_url":"https:\/\/www.newyorkhipknee.com\/fr\/contact\/manhattan-meilleur-chirurgien-pour-larthroplastie-du-genou-et-de-la-hanche\/","og_site_name":"Best Hip &amp; Knee Surgeon | NY, USA","twitter_card":"summary_large_image","schema":{"@context":"https:\/\/schema.org","@graph":[{"@type":["WebPage","MedicalWebPage"],"@id":"https:\/\/www.newyorkhipknee.com\/fr\/contact\/manhattan-meilleur-chirurgien-pour-larthroplastie-du-genou-et-de-la-hanche\/","url":"https:\/\/www.newyorkhipknee.com\/fr\/contact\/manhattan-meilleur-chirurgien-pour-larthroplastie-du-genou-et-de-la-hanche\/","name":"Manhattan - Meilleur chirurgien pour le remplacement du genou et de la hanche - Dr. Nakul V. Karkare, MD","isPartOf":{"@id":"https:\/\/www.newyorkhipknee.com\/fr\/#website"},"datePublished":"2015-09-20T19:31:15+00:00","description":"Appelez le Dr Nakul Karkare au 516-735-4032. Il dispose de plusieurs bureaux \u00e0 Long Island, New York. Celui-ci se trouve \u00e0 Manhattan, l'un des deux.","breadcrumb":{"@id":"https:\/\/www.newyorkhipknee.com\/fr\/contact\/manhattan-meilleur-chirurgien-pour-larthroplastie-du-genou-et-de-la-hanche\/#breadcrumb"},"inLanguage":"fr-FR","potentialAction":[{"@type":"ReadAction","target":["https:\/\/www.newyorkhipknee.com\/fr\/contact\/manhattan-meilleur-chirurgien-pour-larthroplastie-du-genou-et-de-la-hanche\/"]}]},{"@type":"BreadcrumbList","@id":"https:\/\/www.newyorkhipknee.com\/fr\/contact\/manhattan-meilleur-chirurgien-pour-larthroplastie-du-genou-et-de-la-hanche\/#breadcrumb","itemListElement":[{"@type":"ListItem","position":1,"name":"Home","item":"https:\/\/www.newyorkhipknee.com\/fr\/"},{"@type":"ListItem","position":2,"name":"CONTACT","item":"https:\/\/www.newyorkhipknee.com\/fr\/contact\/"},{"@type":"ListItem","position":3,"name":"Manhattan &#8211; Meilleur chirurgien pour l&#8217;arthroplastie du genou et de la hanche"}]},{"@type":"WebSite","@id":"https:\/\/www.newyorkhipknee.com\/fr\/#website","url":"https:\/\/www.newyorkhipknee.com\/fr\/","name":"Best Hip & Knee Surgeon | NY, USA","description":"","potentialAction":[{"@type":"SearchAction","target":{"@type":"EntryPoint","urlTemplate":"https:\/\/www.newyorkhipknee.com\/fr\/?s={search_term_string}"},"query-input":{"@type":"PropertyValueSpecification","valueRequired":true,"valueName":"search_term_string"}}],"inLanguage":"fr-FR"}]}},"_links":{"self":[{"href":"https:\/\/www.newyorkhipknee.com\/fr\/wp-json\/wp\/v2\/pages\/17596","targetHints":{"allow":["GET"]}}],"collection":[{"href":"https:\/\/www.newyorkhipknee.com\/fr\/wp-json\/wp\/v2\/pages"}],"about":[{"href":"https:\/\/www.newyorkhipknee.com\/fr\/wp-json\/wp\/v2\/types\/page"}],"author":[{"embeddable":true,"href":"https:\/\/www.newyorkhipknee.com\/fr\/wp-json\/wp\/v2\/users\/7"}],"replies":[{"embeddable":true,"href":"https:\/\/www.newyorkhipknee.com\/fr\/wp-json\/wp\/v2\/comments?post=17596"}],"version-history":[{"count":0,"href":"https:\/\/www.newyorkhipknee.com\/fr\/wp-json\/wp\/v2\/pages\/17596\/revisions"}],"up":[{"embeddable":true,"href":"https:\/\/www.newyorkhipknee.com\/fr\/wp-json\/wp\/v2\/pages\/17589"}],"wp:attachment":[{"href":"https:\/\/www.newyorkhipknee.com\/fr\/wp-json\/wp\/v2\/media?parent=17596"}],"curies":[{"name":"wp","href":"https:\/\/api.w.org\/{rel}","templated":true}]}}