{"id":17597,"date":"2015-09-20T16:01:04","date_gmt":"2015-09-20T20:01:04","guid":{"rendered":"https:\/\/newyorkhipknee.com\/contactez-nous-au-516-735-4032\/lindenhurst-meilleur-chirurgien-pour-le-remplacement-du-genou-et-de-la-hanche\/"},"modified":"2015-09-20T16:01:04","modified_gmt":"2015-09-20T20:01:04","slug":"lindenhurst-meilleur-chirurgien-pour-le-remplacement-du-genou-et-de-la-hanche","status":"publish","type":"page","link":"https:\/\/www.newyorkhipknee.com\/fr\/contact\/lindenhurst-meilleur-chirurgien-pour-le-remplacement-du-genou-et-de-la-hanche\/","title":{"rendered":"Lindenhurst &#8211; Meilleur chirurgien pour le remplacement du genou et de la hanche"},"content":{"rendered":"<p><strong>Lindenhurst<\/strong><\/p>\n<hr>\n<p>910 Route 109<br \/>\nLindenhurst, NY 11757<\/p>\n<h2><a href=\"https:\/\/www.google.com\/maps\/dir\/\/910+New+York+109,+Lindenhurst,+NY+11757\/@40.7151889,-73.3935638,17z\/data=!3m1!4b1!4m8!4m7!1m0!1m5!1m1!1s0x89e82b490ad2a2dd:0xd54fd2dd2ac347c4!2m2!1d-73.391418!2d40.7151889\" target=\"_blank\" rel=\"noopener\">Cliquez ici pour obtenir l&rsquo;itin\u00e9raire, ou appelez-nous si vous souhaitez que nous vous l&rsquo;envoyions par SMS.<\/a><\/h2>\n<hr>\n<p><iframe loading=\"lazy\" style=\"border: 0;\" src=\"https:\/\/www.google.com\/maps\/embed?pb=!1m18!1m12!1m3!1d3024.130627917496!2d-73.39362578459493!3d40.71514077933153!2m3!1f0!2f0!3f0!3m2!1i1024!2i768!4f13.1!3m3!1m2!1s0x89e82b490ad2a2dd%3A0xd54fd2dd2ac347c4!2s910+NY-109%2C+Lindenhurst%2C+NY+11757!5e0!3m2!1sen!2sus!4v1445897729612\" width=\"600\" height=\"450\" allowfullscreen=\"allowfullscreen\"><\/iframe><\/p>\n<hr>\n<p><script type=\"application\/ld+json\">\n\t{\n  \t\"@context\": \"https:\/\/schema.org\",\n  \t\"@type\": \"Musculoskeletal\",\n\t\"additionalType\": \"https:\/\/www.productontology.org\/id\/Orthopedic_surgery\",\n\t\"url\": \"https:\/\/newyorkhipknee.com\",\n\t\"logo\": \"\/wp-content\/themes\/nakul-karkare\/images\/newyork-nakul-v-karkare-md-logo-new.jpg\",\n\t\"hasMap\": \"https:\/\/goo.gl\/maps\/hBsiUvgm5Kr\",\n\t\"email\": \"mailto:info@newyorkhipknee.com\",\n  \t\"address\": {\n    \t\"@type\": \"PostalAddress\",\n    \t\"addressLocality\": \"Lindenhurst\",\n    \t\"addressRegion\": \"NY\",\n    \t\"postalCode\":\"11757\",\n    \t\"streetAddress\": \"910 Route 109\"\n  \t},\n  \t\"description\": \"An orthopedic surgeon specialized in limb reconstruction and joint replacement surgery.\",\n  \t\"name\": \"Dr. Nakul V. Karkare\",\n  \t\"telephone\": \"613-981-2663\",\n  \t\"geo\": {\n    \t\"@type\": \"GeoCoordinates\",\n   \t\"latitude\": \"40.71\",\n    \t\"longitude\": \"73.39\"\n \t\t}\t\t\t\n\t}\n<\/script><\/p>\n<p><strong>Depuis le nord (Port Jefferson) :<\/strong><\/p>\n<p>1. Prendre la direction sud sur Main St\/NY-25A vers Wynn Ln.<br \/>\n2. Continuer tout droit pour prendre Patchogue Rd\/NY-112.<br \/>\n3. Tourner \u00e0 droite sur NY-347\/Nesconset Hwy. Continuer \u00e0 suivre la route NY-347.<br \/>\n4. NY-347 est \u00e0 0.1 miles apr\u00e8s Reo Ave<br \/>\n5. Si vous \u00eates sur la NY-112 et que vous atteignez Rose Ave, vous \u00eates all\u00e9 un peu trop loin.<br \/>\n6. Continuer tout droit pour prendre Northern State Pkwy W.<br \/>\n7. Rejoindre l&rsquo;autoroute I-495 W\/Long Island Expy W par la sortie 37A en direction de New York.<br \/>\n8. Prendre la sortie Woodhaven Blvd\/Queens Blvd, EXIT 19, vers NY-25.<br \/>\n9. Garder la gauche pour prendre la bretelle d&rsquo;acc\u00e8s \u00e0 la I-495 W.<br \/>\n10. Prendre Woodhaven Blvd en direction de Rockaways.<br \/>\n11. Tourner l\u00e9g\u00e8rement \u00e0 droite pour rester sur Woodhaven Blvd.<br \/>\n12. Woodhaven Blvd se trouve \u00e0 0,2 miles apr\u00e8s Forest Park Dr.<br \/>\n13. Tourner \u00e0 droite sur la 95e Ave.<br \/>\n14. La 95e avenue se trouve juste apr\u00e8s l&rsquo;avenue de l&rsquo;Atlantique<br \/>\n15. Si vous atteignez la 97e avenue, vous \u00eates all\u00e9 un peu trop loin.<br \/>\n16. 9308 95th Ave, Ozone Park, NY 11416-1511, 9308 95TH AVE est sur la gauche.<br \/>\n17. Votre destination se trouve juste apr\u00e8s la 94e rue<br \/>\n18. Si vous atteignez la 93e rue, vous \u00eates all\u00e9 un peu trop loin.<\/p>\n<p><strong>Depuis l&rsquo;est (Riverhead) :<\/strong><br \/>\n1. Prendre la direction ouest sur W Main St\/NY-25 vers Peconic Ave\/County Hwy-63.<br \/>\n2. Prendre la 1re \u00e0 gauche et rester sur Peconic Ave\/County Hwy-63.<br \/>\n3. Parto&rsquo;s est \u00e0 droite<br \/>\n4. Si vous atteignez l&rsquo;avenue Griffing, vous \u00eates all\u00e9 un peu trop loin.<br \/>\n5. Entrer dans le prochain rond-point et prendre la 1\u00e8re sortie sur Nugent Dr\/NY-24\/County Hwy-94.<br \/>\n6. Tourner l\u00e9g\u00e8rement \u00e0 gauche sur County Hwy-51\/Center Dr S. Continuer \u00e0 suivre County Hwy-51.<br \/>\n7. Si vous \u00eates sur Nugent Dr et que vous atteignez la County Hwy-94A, vous avez parcouru environ 0,1 miles de trop.<br \/>\n8. Rejoindre NY-27 W\/Sunrise Hwy W.<br \/>\n9. Prendre la sortie 46 vers New York\/Heckscher Pk.<br \/>\n10. Prendre la Sunrise Hwy.<br \/>\n11. Prendre la bretelle en direction de New York.<br \/>\n12. Prendre la Southern State Pkwy W.<br \/>\n13. Rester sur la gauche pour prendre Laurelton Pkwy W vers JFK\/Belt Pkwy W\/Brooklyn.<br \/>\n14. Continuer tout droit pour prendre Southern State Pkwy W\/Belt Pkwy W.<br \/>\n15. Rejoindre N Conduit Ave\/NY-27 via EXIT 17N vers Cohancy St\/Cross Bay Blvd N.<br \/>\n16. Prendre la bretelle vers Cross Bay Blvd.<br \/>\n17. Prendre N Conduit Ave.<br \/>\n18. Prendre la 1\u00e8re \u00e0 droite sur Crossbay Blvd.<br \/>\n19. Si vous \u00eates sur N Conduit Ave et que vous atteignez 149th Ave, vous avez parcouru environ 0,1 miles de trop.<br \/>\n20. Tourner l\u00e9g\u00e8rement \u00e0 droite sur Woodhaven Blvd.<br \/>\n21. Tourner \u00e0 gauche sur la 95e Ave.<br \/>\n22. La 95e avenue se trouve juste apr\u00e8s la 97e avenue<br \/>\n23. Si vous atteignez l&rsquo;avenue Atlantic, vous \u00eates all\u00e9 un peu trop loin.<br \/>\n24. 9308 95th Ave, Ozone Park, NY 11416-1511, 9308 95TH AVE est sur la gauche.<br \/>\n25. Votre destination se trouve juste apr\u00e8s la 94e rue<br \/>\n26. Si vous atteignez la 93e rue, vous \u00eates all\u00e9 un peu trop loin.<\/p>\n<p><strong>Depuis le sud (Patchogue) :<\/strong><br \/>\n1. Prendre la direction ouest sur W Main St vers Havens Ave.<br \/>\n2. Prendre la 2e \u00e0 droite sur County Hwy-19\/Holbrook Rd. Continuer \u00e0 suivre la route d\u00e9partementale 19.<br \/>\n3. La County Hwy-19 se trouve \u00e0 0,1 miles apr\u00e8s Railroad Ave.<br \/>\n4. Si vous atteignez l&rsquo;avenue River, vous avez parcouru environ 0,2 mille de trop.<br \/>\n5. Tourner \u00e0 gauche sur N Service Rd.<br \/>\n6. La voie de service N se trouve \u00e0 0,1 miles apr\u00e8s la voie de service S.<br \/>\n7. Si vous atteignez l&rsquo;avenue de la Gare, vous \u00eates all\u00e9 un peu trop loin.<br \/>\n8. Rejoindre NY-27 W\/Sunrise Hwy W par la rampe d&rsquo;acc\u00e8s sur la gauche.<br \/>\n9. Prendre la sortie 42 vers Manor Ln.<br \/>\n10. Prendre la Sunrise Hwy.<br \/>\n11. Prendre la bretelle Robert Moses Pkwy\/Southern Pkwy.<br \/>\n12. Prendre la Robert Moses Cswy N.<br \/>\n13. Prendre la sortie \u00e0 gauche vers New York.<br \/>\n14. Rejoindre Southern State Pkwy W.<br \/>\n15. Rester \u00e0 gauche pour prendre Laurelton Pkwy W vers JFK\/Belt Pkwy W\/Brooklyn.<br \/>\n16. Continuer tout droit pour prendre Southern State Pkwy W\/Belt Pkwy W.<br \/>\n17. Rejoindre N Conduit Ave\/NY-27 via EXIT 17N vers Cohancy St\/Cross Bay Blvd N.<br \/>\n18. Prendre la bretelle vers Cross Bay Blvd.<br \/>\n19. Prendre N Conduit Ave.<br \/>\n20. Prendre la 1\u00e8re \u00e0 droite sur Crossbay Blvd.<br \/>\n21. Si vous \u00eates sur N Conduit Ave et que vous atteignez 149th Ave, vous avez parcouru environ 0,1 miles de trop.<br \/>\n22. Tourner l\u00e9g\u00e8rement \u00e0 droite sur Woodhaven Blvd.<br \/>\n23. Tourner \u00e0 gauche sur la 95e Ave.<br \/>\n24. La 95e avenue se trouve juste apr\u00e8s la 97e avenue<br \/>\n25. Si vous atteignez l&rsquo;avenue Atlantic, vous \u00eates all\u00e9 un peu trop loin.<br \/>\n26. 9308 95th Ave, Ozone Park, NY 11416-1511, 9308 95TH AVE est sur la gauche.<br \/>\n27. Votre destination se trouve juste apr\u00e8s la 94e rue<br \/>\n28. Si vous atteignez la 93e rue, vous \u00eates all\u00e9 un peu trop loin.<\/p>\n<p><strong>Depuis l&rsquo;ouest (Queens) :<\/strong><br \/>\n1. Prendre la direction ouest sur Sanford Ave vers Parsons Blvd.<br \/>\n2. Tourner \u00e0 gauche sur College Point Blvd.<br \/>\n3. College Point Blvd est \u00e0 0,1 miles apr\u00e8s Summit C<br \/>\n4. Si vous atteignez Haight St, vous \u00eates all\u00e9 un peu trop loin.<br \/>\n5. Prendre la bretelle vers I-495 W\/Long Is Expwy\/Manhattan.<br \/>\n6. Garder la gauche \u00e0 la bifurcation de la rampe.<br \/>\n7. Rejoindre l&rsquo;autoroute I-495 W\/Long Island Expy W par la bretelle d&rsquo;acc\u00e8s sur la gauche.<br \/>\n8. Prendre la sortie Woodhaven Blvd\/Queens Blvd, EXIT 19, vers NY-25.<br \/>\n9. Garder la gauche pour prendre la bretelle d&rsquo;acc\u00e8s \u00e0 la I-495 W.<br \/>\n10. Prendre Woodhaven Blvd en direction de Rockaways.<br \/>\n11. Tourner l\u00e9g\u00e8rement \u00e0 droite pour rester sur Woodhaven Blvd.<br \/>\n12. Woodhaven Blvd se trouve \u00e0 0,2 miles apr\u00e8s Forest Park Dr.<br \/>\n13. Tourner \u00e0 droite sur la 95e Ave.<br \/>\n14. La 95e avenue se trouve juste apr\u00e8s l&rsquo;avenue de l&rsquo;Atlantique<br \/>\n15. Si vous atteignez la 97e avenue, vous \u00eates all\u00e9 un peu trop loin.<br \/>\n16. 9308 95th Ave, Ozone Park, NY 11416-1511, 9308 95TH AVE est sur la gauche.<br \/>\n17. Votre destination se trouve juste apr\u00e8s la 94e rue<br \/>\n18. Si vous atteignez la 93e rue, vous \u00eates all\u00e9 un peu trop loin.<\/p>\n<h2>Installations d&rsquo;imagerie<\/h2>\n<p>Radiologie Zwanger-Pesiri<br \/>\nNum\u00e9ro de t\u00e9l\u00e9phone : 631-992-6437<br \/>\nFax : 631-225-9550<\/p>\n<p>Northwell Health Imaging \u00e0 Great South Bay<br \/>\nNum\u00e9ro de t\u00e9l\u00e9phone : 631-439-7237<br \/>\nFax : 631-439-7290<\/p>\n<p>Nassau Suffolk Radiologique<br \/>\nNum\u00e9ro de t\u00e9l\u00e9phone : (631) 226-2230<br \/>\nFax : 631-588-4595<\/p>\n","protected":false},"excerpt":{"rendered":"<p>Lindenhurst 910 Route 109 Lindenhurst, NY 11757 Cliquez ici pour obtenir l&rsquo;itin\u00e9raire, ou appelez-nous si vous souhaitez que nous vous l&rsquo;envoyions par SMS. Depuis le nord (Port Jefferson) : 1. Prendre la direction sud sur Main St\/NY-25A vers Wynn Ln. 2. Continuer tout droit pour prendre Patchogue Rd\/NY-112. 3. Tourner \u00e0 droite sur NY-347\/Nesconset Hwy. [&hellip;]<\/p>\n","protected":false},"author":7,"featured_media":0,"parent":17589,"menu_order":0,"comment_status":"closed","ping_status":"closed","template":"","meta":{"_et_pb_use_builder":"","_et_pb_old_content":"","_et_gb_content_width":"","footnotes":""},"class_list":["post-17597","page","type-page","status-publish","hentry"],"yoast_head":"<!-- This site is optimized with the Yoast SEO plugin v27.2 - https:\/\/yoast.com\/product\/yoast-seo-wordpress\/ -->\n<title>Lindenhurst Meilleur chirurgien pour le remplacement du genou et de la hanche - Dr. Nakul V. Karkare<\/title>\n<meta name=\"description\" content=\"Appelez le Dr Nakul Karkare au 516-735-4032. Il dispose de plusieurs bureaux \u00e0 Long Island, New York. Celui-ci se trouve \u00e0 Lindenhurst.\" \/>\n<meta name=\"robots\" content=\"index, follow, max-snippet:-1, max-image-preview:large, max-video-preview:-1\" \/>\n<link rel=\"canonical\" href=\"https:\/\/www.newyorkhipknee.com\/fr\/contact\/lindenhurst-meilleur-chirurgien-pour-le-remplacement-du-genou-et-de-la-hanche\/\" \/>\n<meta property=\"og:locale\" content=\"fr_FR\" \/>\n<meta property=\"og:type\" content=\"article\" \/>\n<meta property=\"og:title\" content=\"Lindenhurst Meilleur chirurgien pour le remplacement du genou et de la hanche - Dr. Nakul V. Karkare\" \/>\n<meta property=\"og:description\" content=\"Appelez le Dr Nakul Karkare au 516-735-4032. Il dispose de plusieurs bureaux \u00e0 Long Island, New York. Celui-ci se trouve \u00e0 Lindenhurst.\" \/>\n<meta property=\"og:url\" content=\"https:\/\/www.newyorkhipknee.com\/fr\/contact\/lindenhurst-meilleur-chirurgien-pour-le-remplacement-du-genou-et-de-la-hanche\/\" \/>\n<meta property=\"og:site_name\" content=\"Best Hip &amp; Knee Surgeon | NY, USA\" \/>\n<meta name=\"twitter:card\" content=\"summary_large_image\" \/>\n<meta name=\"twitter:label1\" content=\"Dur\u00e9e de lecture estim\u00e9e\" \/>\n\t<meta name=\"twitter:data1\" content=\"5 minutes\" \/>\n<script type=\"application\/ld+json\" class=\"yoast-schema-graph\">{\"@context\":\"https:\/\/schema.org\",\"@graph\":[{\"@type\":[\"WebPage\",\"MedicalWebPage\"],\"@id\":\"https:\/\/www.newyorkhipknee.com\/fr\/contact\/lindenhurst-meilleur-chirurgien-pour-le-remplacement-du-genou-et-de-la-hanche\/\",\"url\":\"https:\/\/www.newyorkhipknee.com\/fr\/contact\/lindenhurst-meilleur-chirurgien-pour-le-remplacement-du-genou-et-de-la-hanche\/\",\"name\":\"Lindenhurst Meilleur chirurgien pour le remplacement du genou et de la hanche - Dr. Nakul V. Karkare\",\"isPartOf\":{\"@id\":\"https:\/\/www.newyorkhipknee.com\/fr\/#website\"},\"datePublished\":\"2015-09-20T20:01:04+00:00\",\"description\":\"Appelez le Dr Nakul Karkare au 516-735-4032. Il dispose de plusieurs bureaux \u00e0 Long Island, New York. Celui-ci se trouve \u00e0 Lindenhurst.\",\"breadcrumb\":{\"@id\":\"https:\/\/www.newyorkhipknee.com\/fr\/contact\/lindenhurst-meilleur-chirurgien-pour-le-remplacement-du-genou-et-de-la-hanche\/#breadcrumb\"},\"inLanguage\":\"fr-FR\",\"potentialAction\":[{\"@type\":\"ReadAction\",\"target\":[\"https:\/\/www.newyorkhipknee.com\/fr\/contact\/lindenhurst-meilleur-chirurgien-pour-le-remplacement-du-genou-et-de-la-hanche\/\"]}]},{\"@type\":\"BreadcrumbList\",\"@id\":\"https:\/\/www.newyorkhipknee.com\/fr\/contact\/lindenhurst-meilleur-chirurgien-pour-le-remplacement-du-genou-et-de-la-hanche\/#breadcrumb\",\"itemListElement\":[{\"@type\":\"ListItem\",\"position\":1,\"name\":\"Home\",\"item\":\"https:\/\/www.newyorkhipknee.com\/fr\/\"},{\"@type\":\"ListItem\",\"position\":2,\"name\":\"CONTACT\",\"item\":\"https:\/\/www.newyorkhipknee.com\/fr\/contact\/\"},{\"@type\":\"ListItem\",\"position\":3,\"name\":\"Lindenhurst &#8211; Meilleur chirurgien pour le remplacement du genou et de la hanche\"}]},{\"@type\":\"WebSite\",\"@id\":\"https:\/\/www.newyorkhipknee.com\/fr\/#website\",\"url\":\"https:\/\/www.newyorkhipknee.com\/fr\/\",\"name\":\"Best Hip & Knee Surgeon | NY, USA\",\"description\":\"\",\"potentialAction\":[{\"@type\":\"SearchAction\",\"target\":{\"@type\":\"EntryPoint\",\"urlTemplate\":\"https:\/\/www.newyorkhipknee.com\/fr\/?s={search_term_string}\"},\"query-input\":{\"@type\":\"PropertyValueSpecification\",\"valueRequired\":true,\"valueName\":\"search_term_string\"}}],\"inLanguage\":\"fr-FR\"}]}<\/script>\n<!-- \/ Yoast SEO plugin. -->","yoast_head_json":{"title":"Lindenhurst Meilleur chirurgien pour le remplacement du genou et de la hanche - Dr. Nakul V. Karkare","description":"Appelez le Dr Nakul Karkare au 516-735-4032. Il dispose de plusieurs bureaux \u00e0 Long Island, New York. Celui-ci se trouve \u00e0 Lindenhurst.","robots":{"index":"index","follow":"follow","max-snippet":"max-snippet:-1","max-image-preview":"max-image-preview:large","max-video-preview":"max-video-preview:-1"},"canonical":"https:\/\/www.newyorkhipknee.com\/fr\/contact\/lindenhurst-meilleur-chirurgien-pour-le-remplacement-du-genou-et-de-la-hanche\/","og_locale":"fr_FR","og_type":"article","og_title":"Lindenhurst Meilleur chirurgien pour le remplacement du genou et de la hanche - Dr. Nakul V. Karkare","og_description":"Appelez le Dr Nakul Karkare au 516-735-4032. Il dispose de plusieurs bureaux \u00e0 Long Island, New York. Celui-ci se trouve \u00e0 Lindenhurst.","og_url":"https:\/\/www.newyorkhipknee.com\/fr\/contact\/lindenhurst-meilleur-chirurgien-pour-le-remplacement-du-genou-et-de-la-hanche\/","og_site_name":"Best Hip &amp; Knee Surgeon | NY, USA","twitter_card":"summary_large_image","twitter_misc":{"Dur\u00e9e de lecture estim\u00e9e":"5 minutes"},"schema":{"@context":"https:\/\/schema.org","@graph":[{"@type":["WebPage","MedicalWebPage"],"@id":"https:\/\/www.newyorkhipknee.com\/fr\/contact\/lindenhurst-meilleur-chirurgien-pour-le-remplacement-du-genou-et-de-la-hanche\/","url":"https:\/\/www.newyorkhipknee.com\/fr\/contact\/lindenhurst-meilleur-chirurgien-pour-le-remplacement-du-genou-et-de-la-hanche\/","name":"Lindenhurst Meilleur chirurgien pour le remplacement du genou et de la hanche - Dr. Nakul V. Karkare","isPartOf":{"@id":"https:\/\/www.newyorkhipknee.com\/fr\/#website"},"datePublished":"2015-09-20T20:01:04+00:00","description":"Appelez le Dr Nakul Karkare au 516-735-4032. Il dispose de plusieurs bureaux \u00e0 Long Island, New York. Celui-ci se trouve \u00e0 Lindenhurst.","breadcrumb":{"@id":"https:\/\/www.newyorkhipknee.com\/fr\/contact\/lindenhurst-meilleur-chirurgien-pour-le-remplacement-du-genou-et-de-la-hanche\/#breadcrumb"},"inLanguage":"fr-FR","potentialAction":[{"@type":"ReadAction","target":["https:\/\/www.newyorkhipknee.com\/fr\/contact\/lindenhurst-meilleur-chirurgien-pour-le-remplacement-du-genou-et-de-la-hanche\/"]}]},{"@type":"BreadcrumbList","@id":"https:\/\/www.newyorkhipknee.com\/fr\/contact\/lindenhurst-meilleur-chirurgien-pour-le-remplacement-du-genou-et-de-la-hanche\/#breadcrumb","itemListElement":[{"@type":"ListItem","position":1,"name":"Home","item":"https:\/\/www.newyorkhipknee.com\/fr\/"},{"@type":"ListItem","position":2,"name":"CONTACT","item":"https:\/\/www.newyorkhipknee.com\/fr\/contact\/"},{"@type":"ListItem","position":3,"name":"Lindenhurst &#8211; Meilleur chirurgien pour le remplacement du genou et de la hanche"}]},{"@type":"WebSite","@id":"https:\/\/www.newyorkhipknee.com\/fr\/#website","url":"https:\/\/www.newyorkhipknee.com\/fr\/","name":"Best Hip & Knee Surgeon | NY, USA","description":"","potentialAction":[{"@type":"SearchAction","target":{"@type":"EntryPoint","urlTemplate":"https:\/\/www.newyorkhipknee.com\/fr\/?s={search_term_string}"},"query-input":{"@type":"PropertyValueSpecification","valueRequired":true,"valueName":"search_term_string"}}],"inLanguage":"fr-FR"}]}},"_links":{"self":[{"href":"https:\/\/www.newyorkhipknee.com\/fr\/wp-json\/wp\/v2\/pages\/17597","targetHints":{"allow":["GET"]}}],"collection":[{"href":"https:\/\/www.newyorkhipknee.com\/fr\/wp-json\/wp\/v2\/pages"}],"about":[{"href":"https:\/\/www.newyorkhipknee.com\/fr\/wp-json\/wp\/v2\/types\/page"}],"author":[{"embeddable":true,"href":"https:\/\/www.newyorkhipknee.com\/fr\/wp-json\/wp\/v2\/users\/7"}],"replies":[{"embeddable":true,"href":"https:\/\/www.newyorkhipknee.com\/fr\/wp-json\/wp\/v2\/comments?post=17597"}],"version-history":[{"count":0,"href":"https:\/\/www.newyorkhipknee.com\/fr\/wp-json\/wp\/v2\/pages\/17597\/revisions"}],"up":[{"embeddable":true,"href":"https:\/\/www.newyorkhipknee.com\/fr\/wp-json\/wp\/v2\/pages\/17589"}],"wp:attachment":[{"href":"https:\/\/www.newyorkhipknee.com\/fr\/wp-json\/wp\/v2\/media?parent=17597"}],"curies":[{"name":"wp","href":"https:\/\/api.w.org\/{rel}","templated":true}]}}