{"id":17598,"date":"2019-05-11T15:17:16","date_gmt":"2019-05-11T19:17:16","guid":{"rendered":"https:\/\/newyorkhipknee.com\/contactez-nous-au-516-735-4032\/little-neck-meilleur-chirurgien-pour-larthroplastie-de-la-hanche-et-du-genou\/"},"modified":"2019-05-11T15:17:16","modified_gmt":"2019-05-11T19:17:16","slug":"little-neck-meilleur-chirurgien-pour-larthroplastie-de-la-hanche-et-du-genou","status":"publish","type":"page","link":"https:\/\/www.newyorkhipknee.com\/fr\/contact\/little-neck-meilleur-chirurgien-pour-larthroplastie-de-la-hanche-et-du-genou\/","title":{"rendered":"Little Neck &#8211; Meilleur chirurgien pour l&rsquo;arthroplastie de la hanche et du genou"},"content":{"rendered":"<p><strong>Little Neck<\/strong><\/p>\n<hr>\n<p>52-21 Little Neck Parkway,<br \/>\nLittle Neck NY 11362<\/p>\n<h2><a href=\"https:\/\/www.google.com\/maps\/dir\/\/52-21+Little+Neck+Pkwy,+Flushing,+NY+11362,+USA\/@40.7151408,-73.3936258,17z\/data=!3m1!4b1!4m8!4m7!1m0!1m5!1m1!1s0x89e82b490ad2a2dd:0xd54fd2dd2ac347c4!2m2!1d-73.3914371!2d40.7151408?shorturl=1\" target=\"_blank\" rel=\"noopener noreferrer\">Cliquez ici pour obtenir l&rsquo;itin\u00e9raire, ou appelez-nous si vous souhaitez que nous vous l&rsquo;envoyions par SMS.<\/a><\/h2>\n<hr>\n<p><iframe loading=\"lazy\" style=\"border: 0;\" src=\"https:\/\/www.google.com\/maps\/embed?pb=!1m18!1m12!1m3!1d3021.732949326884!2d-73.73091968459339!3d40.76789797932588!2m3!1f0!2f0!3f0!3m2!1i1024!2i768!4f13.1!3m3!1m2!1s0x89c289e61f7154ff%3A0x7c1225214cd51f12!2s52-21+Little+Neck+Pkwy%2C+Flushing%2C+NY+11362!5e0!3m2!1sen!2sus!4v1557601905776!5m2!1sen!2sus\" width=\"600\" height=\"450\" frameborder=\"0\" allowfullscreen=\"allowfullscreen\"><\/iframe><\/p>\n<hr>\n<p><script type=\"application\/ld+json\">\n\t{\n  \t\"@context\": \"https:\/\/schema.org\",\n  \t\"@type\": \"Musculoskeletal\",\n\t\"additionalType\": \"https:\/\/www.productontology.org\/id\/Orthopedic_surgery\",\n\t\"url\": \"https:\/\/newyorkhipknee.com\",\n\t\"logo\": \"\/wp-content\/themes\/nakul-karkare\/images\/newyork-nakul-v-karkare-md-logo-new.jpg\",\n\t\"hasMap\": \"http:\/\/bit.ly\/309yxAc\",\n\t\"email\": \"mailto:info@newyorkhipknee.com\",\n  \t\"address\": {\n    \t\"@type\": \"PostalAddress\",\n    \t\"addressLocality\": \"Little Neck\",\n    \t\"addressRegion\": \"NY\",\n    \t\"postalCode\":\"11362\",\n    \t\"streetAddress\": \"52-21 Little Neck Parkway,\"\n  \t},\n  \t\"description\": \"An orthopedic surgeon specialized in limb reconstruction and joint replacement surgery.\",\n  \t\"name\": \"Dr. Nakul V. Karkare\",\n  \t\"telephone\": \"613-981-2663\",\n  \t\"geo\": {\n    \t\"@type\": \"GeoCoordinates\",\n   \t\"latitude\": \"40.71\",\n    \t\"longitude\": \"73.39\"\n \t\t}\t\t\t\n\t}\n<\/script><\/p>\n<p>Directions de Little Neck<br \/>\nDepuis le Nord :<br \/>\n1. Prendre la direction ouest sur Sanford Ave vers Parsons Blvd.<br \/>\n2. Tourner \u00e0 gauche sur Main St.<br \/>\n3. La rue principale se trouve juste apr\u00e8s le boulevard Kissena.<br \/>\n4. Le Tongs Cafe se trouve au coin de la rue<br \/>\n5. Si vous atteignez Frame Pl, vous avez parcouru environ 0,1 mille de trop.<br \/>\n6. Tourner \u00e0 gauche sur Horace Harding Expy.<br \/>\n7. Si vous atteignez la 62e avenue, vous \u00eates all\u00e9 un peu trop loin.<br \/>\n8. Rejoindre l&rsquo;autoroute I-495 E\/Long Island Expy E par la bretelle de gauche vers Eastern L I.<br \/>\n9. Prendre la sortie 32 vers Little Neck Pkwy.<br \/>\n10. Rejoindre l&rsquo;autoroute Horace Harding Expy.<br \/>\n11. Tourner \u00e0 gauche sur Little Neck Pkwy.<br \/>\n12. Little Neck Pkwy se trouve juste apr\u00e8s la 256e S.<br \/>\n13. Si vous \u00eates sur S Service Rd et que vous atteignez Lakeville Rd, vous avez parcouru environ 0,9 miles de trop.<br \/>\n14. 5221 LITTLE NECK PKWY se trouve sur la droite.<br \/>\n15. Votre destination se trouve juste apr\u00e8s la 52e rue<br \/>\n16. Si vous atteignez l&rsquo;avenue Brattle, vous \u00eates all\u00e9 un peu trop loin.<\/p>\n<p>Depuis l&rsquo;Est :<br \/>\n1. Prendre la direction ouest sur W Main St\/NY-25 vers Peconic Ave\/County Hwy-63.<br \/>\n2. Tourner \u00e0 gauche sur la County Hwy-94A.<br \/>\n3. La County Hwy-94A se trouve juste apr\u00e8s Osborn Ave.<br \/>\n4. Si vous atteignez l&rsquo;avenue Sweezy, vous avez parcouru environ 0,1 mille de trop.<br \/>\n5. Tourner l\u00e9g\u00e8rement \u00e0 droite sur Nugent Dr\/NY-24\/County Hwy-94. Continuer \u00e0 suivre NY-24\/County Hwy-94.<br \/>\n6. Rejoindre l&rsquo;autoroute I-495 W\/Long Island Expy W par la bretelle de gauche en direction de New York.<br \/>\n7. Si vous \u00eates sur Edwards Ave et que vous atteignez Mill Rd, vous \u00eates all\u00e9 un peu trop loin.<br \/>\n8. Prendre la SORTIE 53 en direction de Bay Shore\/Kings Park.<br \/>\n9. A la bifurcation de la rampe, rester \u00e0 gauche.<br \/>\n10. Garder la droite pour prendre la bretelle d&rsquo;acc\u00e8s vers Kings Park.<br \/>\n11. Rejoindre Sagtikos Pkwy N.<br \/>\n12. Prendre la sortie SM1W en direction de New York.<br \/>\n13. Rejoindre Northern State Pkwy W.<br \/>\n14. Rejoindre l&rsquo;autoroute I-495 W\/Long Island Expy W par la sortie 37A en direction de New York.<br \/>\n15. Prendre la sortie 32 vers Little Neck Pkwy\/Douglaston Pkwy.<br \/>\n16. Rejoindre Horace Harding Expy.<br \/>\n17. Tourner \u00e0 droite sur Little Neck Pkwy.<br \/>\n18. Little Neck Pkwy se trouve \u00e0 0,1 miles apr\u00e8s la 260e rue.<br \/>\n19. Si vous \u00eates sur Horace Harding Expy et que vous atteignez Nassau Blvd, vous \u00eates all\u00e9 un peu trop loin.<br \/>\n20. 5221 LITTLE NECK PKWY se trouve sur la droite.<br \/>\n21. Votre destination se trouve juste apr\u00e8s la 52e rue<br \/>\n22. Si vous atteignez l&rsquo;avenue Brattle, vous \u00eates all\u00e9 un peu trop loin.<\/p>\n<p>Depuis le sud :<br \/>\n1. Prendre la direction ouest sur W Main St vers Havens Ave.<br \/>\n2. Prendre la 2e \u00e0 droite sur County Hwy-19\/Holbrook Rd. Continuer \u00e0 suivre la route d\u00e9partementale 19.<br \/>\n3. La County Hwy-19 se trouve \u00e0 0,1 miles apr\u00e8s Railroad Ave.<br \/>\n4. Si vous atteignez l&rsquo;avenue River, vous avez parcouru environ 0,2 mille de trop.<br \/>\n5. Tourner \u00e0 gauche sur Expressway Dr N.<br \/>\n6. Expressway Dr N est \u00e0 0,1 miles apr\u00e8s Expressway Dr S.<br \/>\n7. Si vous \u00eates sur Patchogue Holbrook Rd et que vous atteignez Vacation Ct, vous \u00eates all\u00e9 un peu trop loin.<br \/>\n8. Rejoindre l&rsquo;autoroute I-495 W\/Long Island Expy W en direction de New York.<br \/>\n9. Prendre la sortie 32 vers Little Neck Pkwy\/Douglaston Pkwy.<br \/>\n10. Rejoindre l&rsquo;autoroute Horace Harding Expy.<br \/>\n11. Tourner \u00e0 droite sur Little Neck Pkwy.<br \/>\n12. Little Neck Pkwy se trouve \u00e0 0,1 miles apr\u00e8s la 260e rue.<br \/>\n13. Si vous \u00eates sur Horace Harding Expy et que vous atteignez Nassau Blvd, vous \u00eates all\u00e9 un peu trop loin.<br \/>\n14. 5221 LITTLE NECK PKWY se trouve sur la droite.<br \/>\n15. Votre destination se trouve juste apr\u00e8s la 52e rue<br \/>\n16. Si vous atteignez l&rsquo;avenue Brattle, vous \u00eates all\u00e9 un peu trop loin.<\/p>\n<p>De l&rsquo;Ouest :<br \/>\n1. Prendre la direction ouest sur Sanford Ave vers Parsons Blvd.<br \/>\n2. Tourner \u00e0 gauche sur Main St.<br \/>\n3. La rue principale se trouve juste apr\u00e8s le boulevard Kissena.<br \/>\n4. Le Tongs Cafe se trouve au coin de la rue<br \/>\n5. Si vous atteignez Frame Pl, vous avez parcouru environ 0,1 mille de trop.<br \/>\n6. Tourner \u00e0 gauche sur Horace Harding Expy.<br \/>\n7. Si vous atteignez la 62e avenue, vous \u00eates all\u00e9 un peu trop loin.<br \/>\n8. Rejoindre l&rsquo;autoroute I-495 E\/Long Island Expy E par la bretelle de gauche vers Eastern L I.<br \/>\n9. Prendre la sortie 32 vers Little Neck Pkwy.<br \/>\n10. Rejoindre l&rsquo;autoroute Horace Harding Expy.<br \/>\n11. Tourner \u00e0 gauche sur Little Neck Pkwy.<br \/>\n12. Little Neck Pkwy se trouve juste apr\u00e8s la 256e rue.<br \/>\n13. Si vous \u00eates sur S Service Rd et que vous atteignez Lakeville Rd, vous avez parcouru environ 0,9 miles de trop.<br \/>\n14. 5221 LITTLE NECK PKWY se trouve sur la droite.<br \/>\n15. Votre destination se trouve juste apr\u00e8s la 52e rue<br \/>\n16. Si vous atteignez l&rsquo;avenue Brattle, vous \u00eates all\u00e9 un peu trop loin.<\/p>\n<h3>Radiologues \u00e0 proximit\u00e9 de notre cabinet<\/h3>\n<p><strong>Northwell Health  <\/strong><br \/>\nNum\u00e9ro de t\u00e9l\u00e9phone &#8211; 516-233-3456<br \/>\nFax &#8211; 516-325-7237<\/p>\n<p><strong>New Vision Radiology P.C<\/strong><br \/>\nT\u00e9l\u00e9phone &#8211; 718-848-7142<br \/>\nFax &#8211; 718-848-7153<\/p>\n<p><strong>Radiologues de Great Neck<\/strong><br \/>\nNum\u00e9ro de t\u00e9l\u00e9phone &#8211; 516-829-4414<br \/>\nFax &#8211; 516-829-7754<\/p>\n","protected":false},"excerpt":{"rendered":"<p>Little Neck 52-21 Little Neck Parkway, Little Neck NY 11362 Cliquez ici pour obtenir l&rsquo;itin\u00e9raire, ou appelez-nous si vous souhaitez que nous vous l&rsquo;envoyions par SMS. Directions de Little Neck Depuis le Nord : 1. Prendre la direction ouest sur Sanford Ave vers Parsons Blvd. 2. Tourner \u00e0 gauche sur Main St. 3. La rue [&hellip;]<\/p>\n","protected":false},"author":1,"featured_media":0,"parent":17589,"menu_order":0,"comment_status":"closed","ping_status":"closed","template":"","meta":{"_et_pb_use_builder":"off","_et_pb_old_content":"","_et_gb_content_width":"","footnotes":""},"class_list":["post-17598","page","type-page","status-publish","hentry"],"yoast_head":"<!-- This site is optimized with the Yoast SEO plugin v27.2 - https:\/\/yoast.com\/product\/yoast-seo-wordpress\/ -->\n<title>Meilleur chirurgien pour le remplacement de la hanche et du genou \u00e0 Little Neck | NYHK<\/title>\n<meta name=\"description\" content=\"Appelez le Dr Nakul Karkare au 516-735-4032. Il dispose de plusieurs bureaux \u00e0 Long Island, New York. Celui-ci se trouve \u00e0 Little Neck.\" \/>\n<meta name=\"robots\" content=\"index, follow, max-snippet:-1, max-image-preview:large, max-video-preview:-1\" \/>\n<link rel=\"canonical\" href=\"https:\/\/www.newyorkhipknee.com\/fr\/contact\/little-neck-meilleur-chirurgien-pour-larthroplastie-de-la-hanche-et-du-genou\/\" \/>\n<meta property=\"og:locale\" content=\"fr_FR\" \/>\n<meta property=\"og:type\" content=\"article\" \/>\n<meta property=\"og:title\" content=\"Meilleur chirurgien pour le remplacement de la hanche et du genou \u00e0 Little Neck | NYHK\" \/>\n<meta property=\"og:description\" content=\"Appelez le Dr Nakul Karkare au 516-735-4032. Il dispose de plusieurs bureaux \u00e0 Long Island, New York. Celui-ci se trouve \u00e0 Little Neck.\" \/>\n<meta property=\"og:url\" content=\"https:\/\/www.newyorkhipknee.com\/fr\/contact\/little-neck-meilleur-chirurgien-pour-larthroplastie-de-la-hanche-et-du-genou\/\" \/>\n<meta property=\"og:site_name\" content=\"Best Hip &amp; Knee Surgeon | NY, USA\" \/>\n<meta name=\"twitter:card\" content=\"summary_large_image\" \/>\n<meta name=\"twitter:label1\" content=\"Dur\u00e9e de lecture estim\u00e9e\" \/>\n\t<meta name=\"twitter:data1\" content=\"4 minutes\" \/>\n<script type=\"application\/ld+json\" class=\"yoast-schema-graph\">{\"@context\":\"https:\/\/schema.org\",\"@graph\":[{\"@type\":[\"WebPage\",\"MedicalWebPage\"],\"@id\":\"https:\/\/www.newyorkhipknee.com\/fr\/contact\/little-neck-meilleur-chirurgien-pour-larthroplastie-de-la-hanche-et-du-genou\/\",\"url\":\"https:\/\/www.newyorkhipknee.com\/fr\/contact\/little-neck-meilleur-chirurgien-pour-larthroplastie-de-la-hanche-et-du-genou\/\",\"name\":\"Meilleur chirurgien pour le remplacement de la hanche et du genou \u00e0 Little Neck | NYHK\",\"isPartOf\":{\"@id\":\"https:\/\/www.newyorkhipknee.com\/fr\/#website\"},\"datePublished\":\"2019-05-11T19:17:16+00:00\",\"description\":\"Appelez le Dr Nakul Karkare au 516-735-4032. Il dispose de plusieurs bureaux \u00e0 Long Island, New York. Celui-ci se trouve \u00e0 Little Neck.\",\"breadcrumb\":{\"@id\":\"https:\/\/www.newyorkhipknee.com\/fr\/contact\/little-neck-meilleur-chirurgien-pour-larthroplastie-de-la-hanche-et-du-genou\/#breadcrumb\"},\"inLanguage\":\"fr-FR\",\"potentialAction\":[{\"@type\":\"ReadAction\",\"target\":[\"https:\/\/www.newyorkhipknee.com\/fr\/contact\/little-neck-meilleur-chirurgien-pour-larthroplastie-de-la-hanche-et-du-genou\/\"]}]},{\"@type\":\"BreadcrumbList\",\"@id\":\"https:\/\/www.newyorkhipknee.com\/fr\/contact\/little-neck-meilleur-chirurgien-pour-larthroplastie-de-la-hanche-et-du-genou\/#breadcrumb\",\"itemListElement\":[{\"@type\":\"ListItem\",\"position\":1,\"name\":\"Home\",\"item\":\"https:\/\/www.newyorkhipknee.com\/fr\/\"},{\"@type\":\"ListItem\",\"position\":2,\"name\":\"CONTACT\",\"item\":\"https:\/\/www.newyorkhipknee.com\/fr\/contact\/\"},{\"@type\":\"ListItem\",\"position\":3,\"name\":\"Little Neck &#8211; Meilleur chirurgien pour l&rsquo;arthroplastie de la hanche et du genou\"}]},{\"@type\":\"WebSite\",\"@id\":\"https:\/\/www.newyorkhipknee.com\/fr\/#website\",\"url\":\"https:\/\/www.newyorkhipknee.com\/fr\/\",\"name\":\"Best Hip & Knee Surgeon | NY, USA\",\"description\":\"\",\"potentialAction\":[{\"@type\":\"SearchAction\",\"target\":{\"@type\":\"EntryPoint\",\"urlTemplate\":\"https:\/\/www.newyorkhipknee.com\/fr\/?s={search_term_string}\"},\"query-input\":{\"@type\":\"PropertyValueSpecification\",\"valueRequired\":true,\"valueName\":\"search_term_string\"}}],\"inLanguage\":\"fr-FR\"}]}<\/script>\n<!-- \/ Yoast SEO plugin. -->","yoast_head_json":{"title":"Meilleur chirurgien pour le remplacement de la hanche et du genou \u00e0 Little Neck | NYHK","description":"Appelez le Dr Nakul Karkare au 516-735-4032. Il dispose de plusieurs bureaux \u00e0 Long Island, New York. Celui-ci se trouve \u00e0 Little Neck.","robots":{"index":"index","follow":"follow","max-snippet":"max-snippet:-1","max-image-preview":"max-image-preview:large","max-video-preview":"max-video-preview:-1"},"canonical":"https:\/\/www.newyorkhipknee.com\/fr\/contact\/little-neck-meilleur-chirurgien-pour-larthroplastie-de-la-hanche-et-du-genou\/","og_locale":"fr_FR","og_type":"article","og_title":"Meilleur chirurgien pour le remplacement de la hanche et du genou \u00e0 Little Neck | NYHK","og_description":"Appelez le Dr Nakul Karkare au 516-735-4032. Il dispose de plusieurs bureaux \u00e0 Long Island, New York. Celui-ci se trouve \u00e0 Little Neck.","og_url":"https:\/\/www.newyorkhipknee.com\/fr\/contact\/little-neck-meilleur-chirurgien-pour-larthroplastie-de-la-hanche-et-du-genou\/","og_site_name":"Best Hip &amp; Knee Surgeon | NY, USA","twitter_card":"summary_large_image","twitter_misc":{"Dur\u00e9e de lecture estim\u00e9e":"4 minutes"},"schema":{"@context":"https:\/\/schema.org","@graph":[{"@type":["WebPage","MedicalWebPage"],"@id":"https:\/\/www.newyorkhipknee.com\/fr\/contact\/little-neck-meilleur-chirurgien-pour-larthroplastie-de-la-hanche-et-du-genou\/","url":"https:\/\/www.newyorkhipknee.com\/fr\/contact\/little-neck-meilleur-chirurgien-pour-larthroplastie-de-la-hanche-et-du-genou\/","name":"Meilleur chirurgien pour le remplacement de la hanche et du genou \u00e0 Little Neck | NYHK","isPartOf":{"@id":"https:\/\/www.newyorkhipknee.com\/fr\/#website"},"datePublished":"2019-05-11T19:17:16+00:00","description":"Appelez le Dr Nakul Karkare au 516-735-4032. Il dispose de plusieurs bureaux \u00e0 Long Island, New York. Celui-ci se trouve \u00e0 Little Neck.","breadcrumb":{"@id":"https:\/\/www.newyorkhipknee.com\/fr\/contact\/little-neck-meilleur-chirurgien-pour-larthroplastie-de-la-hanche-et-du-genou\/#breadcrumb"},"inLanguage":"fr-FR","potentialAction":[{"@type":"ReadAction","target":["https:\/\/www.newyorkhipknee.com\/fr\/contact\/little-neck-meilleur-chirurgien-pour-larthroplastie-de-la-hanche-et-du-genou\/"]}]},{"@type":"BreadcrumbList","@id":"https:\/\/www.newyorkhipknee.com\/fr\/contact\/little-neck-meilleur-chirurgien-pour-larthroplastie-de-la-hanche-et-du-genou\/#breadcrumb","itemListElement":[{"@type":"ListItem","position":1,"name":"Home","item":"https:\/\/www.newyorkhipknee.com\/fr\/"},{"@type":"ListItem","position":2,"name":"CONTACT","item":"https:\/\/www.newyorkhipknee.com\/fr\/contact\/"},{"@type":"ListItem","position":3,"name":"Little Neck &#8211; Meilleur chirurgien pour l&rsquo;arthroplastie de la hanche et du genou"}]},{"@type":"WebSite","@id":"https:\/\/www.newyorkhipknee.com\/fr\/#website","url":"https:\/\/www.newyorkhipknee.com\/fr\/","name":"Best Hip & Knee Surgeon | NY, USA","description":"","potentialAction":[{"@type":"SearchAction","target":{"@type":"EntryPoint","urlTemplate":"https:\/\/www.newyorkhipknee.com\/fr\/?s={search_term_string}"},"query-input":{"@type":"PropertyValueSpecification","valueRequired":true,"valueName":"search_term_string"}}],"inLanguage":"fr-FR"}]}},"_links":{"self":[{"href":"https:\/\/www.newyorkhipknee.com\/fr\/wp-json\/wp\/v2\/pages\/17598","targetHints":{"allow":["GET"]}}],"collection":[{"href":"https:\/\/www.newyorkhipknee.com\/fr\/wp-json\/wp\/v2\/pages"}],"about":[{"href":"https:\/\/www.newyorkhipknee.com\/fr\/wp-json\/wp\/v2\/types\/page"}],"author":[{"embeddable":true,"href":"https:\/\/www.newyorkhipknee.com\/fr\/wp-json\/wp\/v2\/users\/1"}],"replies":[{"embeddable":true,"href":"https:\/\/www.newyorkhipknee.com\/fr\/wp-json\/wp\/v2\/comments?post=17598"}],"version-history":[{"count":0,"href":"https:\/\/www.newyorkhipknee.com\/fr\/wp-json\/wp\/v2\/pages\/17598\/revisions"}],"up":[{"embeddable":true,"href":"https:\/\/www.newyorkhipknee.com\/fr\/wp-json\/wp\/v2\/pages\/17589"}],"wp:attachment":[{"href":"https:\/\/www.newyorkhipknee.com\/fr\/wp-json\/wp\/v2\/media?parent=17598"}],"curies":[{"name":"wp","href":"https:\/\/api.w.org\/{rel}","templated":true}]}}