{"id":17600,"date":"2015-10-26T22:22:36","date_gmt":"2015-10-27T02:22:36","guid":{"rendered":"https:\/\/newyorkhipknee.com\/contactez-nous-au-516-735-4032\/new-york-meilleur-chirurgien-pour-larthroplastie-de-la-hanche-et-du-genou\/"},"modified":"2015-10-26T22:22:36","modified_gmt":"2015-10-27T02:22:36","slug":"new-york-meilleur-chirurgien-pour-larthroplastie-de-la-hanche-et-du-genou","status":"publish","type":"page","link":"https:\/\/www.newyorkhipknee.com\/fr\/contact\/new-york-meilleur-chirurgien-pour-larthroplastie-de-la-hanche-et-du-genou\/","title":{"rendered":"New York &#8211; Meilleur chirurgien pour l&rsquo;arthroplastie de la hanche et du genou"},"content":{"rendered":"<p><strong>New York (en anglais)<\/strong><\/p>\n<hr>\n<p>30 E 60th St. Suite 208<br \/>\nNew York, NY 10022<\/p>\n<h2><a href=\"https:\/\/www.google.com\/maps\/place\/290+Madison+Ave,+New+York,+NY+10017\/@40.7518869,-73.9824921\" target=\"_blank\" rel=\"noopener\">Cliquez ici pour obtenir l&rsquo;itin\u00e9raire, ou appelez-nous si vous souhaitez que nous vous l&rsquo;envoyions par SMS.<\/a><\/h2>\n<hr>\n<p><iframe src=\"https:\/\/www.google.com\/maps\/embed?pb=!1m23!1m12!1m3!1d24175.353645050956!2d-73.98770592453658!3d40.763801717246736!2m3!1f0!2f0!3f0!3m2!1i1024!2i768!4f13.1!4m8!3e6!4m0!4m5!1s0x89c258f0694efc73%3A0xc7c704cba0060d73!2s30%20E%2060th%20St%2C%20New%20York%2C%20NY%2010022!3m2!1d40.763742!2d-73.9701959!5e0!3m2!1sen!2sus!4v1669932603960!5m2!1sen!2sus\" width=\"600\" height=\"450\" style=\"border:0;\" allowfullscreen=\"\" loading=\"lazy\" referrerpolicy=\"no-referrer-when-downgrade\"><\/iframe><\/p>\n<hr>\n<p><script type=\"application\/ld+json\">\n\t{\n  \t\"@context\": \"https:\/\/schema.org\",\n  \t\"@type\": \"Musculoskeletal\",\n\t\"additionalType\": \"https:\/\/www.productontology.org\/id\/Orthopedic_surgery\",\n\t\"url\": \"https:\/\/newyorkhipknee.com\",\n\t\"logo\": \"\/wp-content\/themes\/nakul-karkare\/images\/newyork-nakul-v-karkare-md-logo-new.jpg\",\n\t\"hasMap\": \"https:\/\/goo.gl\/maps\/RicPCMKEEtJ2\",\n\t\"email\": \"mailto:info@newyorkhipknee.com\",\n  \t\"address\": {\n    \t\"@type\": \"PostalAddress\",\n    \t\"addressLocality\": \"New York\",\n    \t\"addressRegion\": \"NY\",\n    \t\"postalCode\":\"10017\",\n    \t\"streetAddress\": \"290 Madison Avenue, Suite A 6th Floor\"\n  \t},\n  \t\"description\": \"An orthopedic surgeon specialized in limb reconstruction and joint replacement surgery.\",\n  \t\"name\": \"Dr. Nakul V. Karkare\",\n  \t\"telephone\": \"613-981-2663\",\n  \t\"geo\": {\n    \t\"@type\": \"GeoCoordinates\",\n   \t\"latitude\": \"40.71\",\n    \t\"longitude\": \"-73.39\"\n \t\t}\t\t\t\n\t}\n<\/script><\/p>\n<p><strong>Depuis le nord (Port Jefferson) :<\/strong><br \/>\n1. Prendre la direction sud sur Main St\/NY-25A vers Wynn Ln.<br \/>\n2. Continuer tout droit pour prendre Patchogue Rd\/NY-112.<br \/>\n3. Tourner \u00e0 droite sur NY-347\/Nesconset Hwy. Continuer \u00e0 suivre la route NY-347.<br \/>\n4. NY-347 est \u00e0 0.1 miles apr\u00e8s Reo Ave<br \/>\n5. Si vous \u00eates sur la NY-112 et que vous atteignez Rose Ave, vous \u00eates all\u00e9 un peu trop loin.<br \/>\n6. Continuer tout droit pour prendre Northern State Pkwy W.<br \/>\n7. Rejoindre l&rsquo;autoroute I-495 W\/Long Island Expy W par la sortie 37A en direction de New York.<br \/>\n8. Garder la gauche pour prendre la I-495 W vers Midtown Tun\/Manhattan (Portions \u00e0 p\u00e9age).<br \/>\n9. Prendre la sortie 37 St vers Crosstown.<br \/>\n10. Prendre l&#8217;embranchement vers E 37th St.<br \/>\n11. Tourner \u00e0 droite sur Madison Ave.<br \/>\n12. Madison Ave est juste apr\u00e8s Park Ave<br \/>\n13. Si vous atteignez la 5e avenue, vous \u00eates all\u00e9 un peu trop loin.<br \/>\n14. 290 Madison Ave, New York, NY 10017-6302, 290 MADISON AVE est sur la gauche.<br \/>\n15. Votre destination se trouve juste apr\u00e8s E 40th St<br \/>\n16. Si vous atteignez la 41e rue Est, vous \u00eates all\u00e9 un peu trop loin.<\/p>\n<p><strong>Depuis l&rsquo;est (Riverhead) :<\/strong><br \/>\n1. Prendre la direction ouest sur W Main St\/NY-25 vers Peconic Ave\/County Hwy-63.<br \/>\n2. Tourner \u00e0 gauche sur la County Hwy-94A.<br \/>\n3. La County Hwy-94A se trouve juste apr\u00e8s Osborn Av<br \/>\n4. Si vous atteignez l&rsquo;avenue Sweezy, vous avez parcouru environ 0,1 mille de trop.<br \/>\n5. Tourner l\u00e9g\u00e8rement \u00e0 droite sur Nugent Dr\/NY-24\/County Hwy-94. Continuer \u00e0 suivre NY-24\/County Hwy-94.<br \/>\n6. Rejoindre l&rsquo;autoroute I-495 W\/Long Island Expy W par la bretelle de gauche en direction de New York.<br \/>\n7. Si vous \u00eates sur Edwards Ave et que vous atteignez Mill Rd, vous \u00eates all\u00e9 un peu trop loin.<br \/>\n8. Prendre la SORTIE 58 vers Old Nichols Rd\/Nesconset\/Central Islip.<br \/>\n9. Prendre Express Dr N.<br \/>\n10. Rejoindre l&rsquo;autoroute I-495 W\/Long Island Expy W par la bretelle de gauche en direction de New York.<br \/>\n11. Puis 39,48 miles<br \/>\n12. Garder la gauche pour prendre la I-495 W vers Midtown Tun\/Manhattan (Portions \u00e0 p\u00e9age).<br \/>\n13. Prendre la sortie vers Uptown\/3 Ave\/38-41 Sts.<br \/>\n14. Tourner l\u00e9g\u00e8rement \u00e0 droite sur Tunnel Exit St.<br \/>\n15. Tourner \u00e0 gauche sur E 39th St.<br \/>\n16. La 39e rue est juste apr\u00e8s la 38e rue.<br \/>\n17. Si vous atteignez la 40e rue, vous \u00eates all\u00e9 un peu trop loin.<br \/>\n18. Tourner \u00e0 droite sur Madison Ave.<br \/>\n19. Salute ! est au coin de la rue<br \/>\n20. Si vous atteignez la 5e avenue, vous \u00eates all\u00e9 un peu trop loin.<br \/>\n21. 290 Madison Ave, New York, NY 10017-6302, 290 MADISON AVE est sur la gauche.<br \/>\n22. Votre destination se trouve juste apr\u00e8s la 40e rue E<br \/>\n23. Si vous atteignez la 41e rue Est, vous \u00eates all\u00e9 un peu trop loin.<\/p>\n<p><strong> Depuis le sud (Patchogue) :<\/strong><br \/>\n1. Prendre la direction ouest sur W Main St vers Havens Ave.<br \/>\n2. Prendre la 2e \u00e0 droite sur County Hwy-19\/Holbrook Rd. Continuer \u00e0 suivre la route d\u00e9partementale 19.<br \/>\n3. La County Hwy-19 se trouve \u00e0 0,1 miles apr\u00e8s Railroad Ave.<br \/>\n4. Si vous atteignez l&rsquo;avenue River, vous avez parcouru environ 0,2 mille de trop.<br \/>\n5. Tourner \u00e0 gauche sur Expressway Dr N.<br \/>\n6. Expressway Dr N est \u00e0 0,1 miles apr\u00e8s Expressway Dr S.<br \/>\n7. Si vous \u00eates sur Patchogue Holbrook Rd et que vous atteignez Vacation Ct, vous \u00eates all\u00e9 un peu trop loin.<br \/>\n8. Rejoindre l&rsquo;autoroute I-495 W\/Long Island Expy W en direction de New York.<br \/>\n9. Garder la gauche pour prendre la I-495 W vers Midtown Tun\/Manhattan (Portions \u00e0 p\u00e9age).<br \/>\n10. Prendre la sortie 37 St vers Crosstown.<br \/>\n11. Rejoindre E 37th St.<br \/>\n12. Tourner \u00e0 droite sur Madison Ave.<br \/>\n13. Madison Ave est juste apr\u00e8s Park Ave<br \/>\n14. Si vous atteignez la 5e avenue, vous \u00eates all\u00e9 un peu trop loin.<br \/>\n15. Puis 0,17 miles<br \/>\n16. 290 Madison Ave, New York, NY 10017-6302, 290 MADISON AVE est sur la gauche.<br \/>\n17. Votre destination se trouve juste apr\u00e8s E 40th St<br \/>\n18. Si vous atteignez la 41e rue Est, vous \u00eates all\u00e9 un peu trop loin.<\/p>\n<p><strong>Depuis l&rsquo;ouest (Queens) :<\/strong><br \/>\n1. Prendre la direction ouest sur Sanford Ave vers Parsons Blvd.<br \/>\n2. Tourner \u00e0 gauche sur College Point Blvd.<br \/>\n3. College Point Blvd est \u00e0 0,1 miles apr\u00e8s Summit Ct.<br \/>\n4. Si vous atteignez Haight St, vous \u00eates all\u00e9 un peu trop loin.<br \/>\n5. Prendre la bretelle vers I-495 W\/Long Is Expwy\/Manhattan.<br \/>\n6. Garder la gauche \u00e0 la bifurcation de la rampe.<br \/>\n7. Rejoindre l&rsquo;autoroute I-495 W\/Long Island Expy W par la bretelle d&rsquo;acc\u00e8s sur la gauche.<br \/>\n8. Garder la gauche pour prendre la I-495 W vers Midtown Tun\/Manhattan (Portions \u00e0 p\u00e9age).<br \/>\n9. Prendre la sortie 37 St vers Crosstown.<br \/>\n10. Prendre l&#8217;embranchement vers E 37th St.<br \/>\n11. Tourner \u00e0 droite sur Madison Ave.<br \/>\n12. Madison Ave est juste apr\u00e8s Park Ave<br \/>\n13. Si vous atteignez la 5e avenue, vous \u00eates all\u00e9 un peu trop loin.<br \/>\n14. 290 Madison Ave, New York, NY 10017-6302, 290 MADISON AVE est sur la gauche.<br \/>\n15. Votre destination se trouve juste apr\u00e8s E 40th St<br \/>\n16. Si vous atteignez la 41e rue Est, vous \u00eates all\u00e9 un peu trop loin.<\/p>\n<h2>Centres d&rsquo;imagerie<\/h2>\n<p>Centre de radiologie de l&rsquo;avenue Madison<br \/>\nNum\u00e9ro de t\u00e9l\u00e9phone : 212-860-3778<br \/>\nFax : 212-860-3531<\/p>\n<p>Radiologie Lenox Hill<br \/>\nNum\u00e9ro de t\u00e9l\u00e9phone : 212-772-3111<br \/>\nFax : 212-734-5832<\/p>\n<p>East River Medical Imaging \u00e0 la Cinqui\u00e8me Avenue<br \/>\nNum\u00e9ro de t\u00e9l\u00e9phone : 212-288-1575<br \/>\nFax : 221-288-7616<\/p>\n","protected":false},"excerpt":{"rendered":"<p>New York (en anglais) 30 E 60th St. Suite 208 New York, NY 10022 Cliquez ici pour obtenir l&rsquo;itin\u00e9raire, ou appelez-nous si vous souhaitez que nous vous l&rsquo;envoyions par SMS. Depuis le nord (Port Jefferson) : 1. Prendre la direction sud sur Main St\/NY-25A vers Wynn Ln. 2. Continuer tout droit pour prendre Patchogue Rd\/NY-112. [&hellip;]<\/p>\n","protected":false},"author":4,"featured_media":0,"parent":17589,"menu_order":0,"comment_status":"closed","ping_status":"closed","template":"","meta":{"_et_pb_use_builder":"","_et_pb_old_content":"","_et_gb_content_width":"","footnotes":""},"class_list":["post-17600","page","type-page","status-publish","hentry"],"yoast_head":"<!-- This site is optimized with the Yoast SEO plugin v27.2 - https:\/\/yoast.com\/product\/yoast-seo-wordpress\/ -->\n<title>Chirurgie orthop\u00e9dique \u00e0 New York - Dr. Nakul V. Karkare, MD<\/title>\n<meta name=\"description\" content=\"Appelez le cabinet du Dr Nakul Karkare \u00e0 Manhattan au 516-735-4032. Il dispose de plusieurs bureaux \u00e0 Long Island, NY.\" \/>\n<meta name=\"robots\" content=\"index, follow, max-snippet:-1, max-image-preview:large, max-video-preview:-1\" \/>\n<link rel=\"canonical\" href=\"https:\/\/www.newyorkhipknee.com\/fr\/contact\/new-york-meilleur-chirurgien-pour-larthroplastie-de-la-hanche-et-du-genou\/\" \/>\n<meta property=\"og:locale\" content=\"fr_FR\" \/>\n<meta property=\"og:type\" content=\"article\" \/>\n<meta property=\"og:title\" content=\"Chirurgie orthop\u00e9dique \u00e0 New York - Dr. Nakul V. Karkare, MD\" \/>\n<meta property=\"og:description\" content=\"Appelez le cabinet du Dr Nakul Karkare \u00e0 Manhattan au 516-735-4032. Il dispose de plusieurs bureaux \u00e0 Long Island, NY.\" \/>\n<meta property=\"og:url\" content=\"https:\/\/www.newyorkhipknee.com\/fr\/contact\/new-york-meilleur-chirurgien-pour-larthroplastie-de-la-hanche-et-du-genou\/\" \/>\n<meta property=\"og:site_name\" content=\"Best Hip &amp; Knee Surgeon | NY, USA\" \/>\n<meta name=\"twitter:card\" content=\"summary_large_image\" \/>\n<meta name=\"twitter:label1\" content=\"Dur\u00e9e de lecture estim\u00e9e\" \/>\n\t<meta name=\"twitter:data1\" content=\"4 minutes\" \/>\n<script type=\"application\/ld+json\" class=\"yoast-schema-graph\">{\"@context\":\"https:\/\/schema.org\",\"@graph\":[{\"@type\":[\"WebPage\",\"MedicalWebPage\"],\"@id\":\"https:\/\/www.newyorkhipknee.com\/fr\/contact\/new-york-meilleur-chirurgien-pour-larthroplastie-de-la-hanche-et-du-genou\/\",\"url\":\"https:\/\/www.newyorkhipknee.com\/fr\/contact\/new-york-meilleur-chirurgien-pour-larthroplastie-de-la-hanche-et-du-genou\/\",\"name\":\"Chirurgie orthop\u00e9dique \u00e0 New York - Dr. Nakul V. Karkare, MD\",\"isPartOf\":{\"@id\":\"https:\/\/www.newyorkhipknee.com\/fr\/#website\"},\"datePublished\":\"2015-10-27T02:22:36+00:00\",\"description\":\"Appelez le cabinet du Dr Nakul Karkare \u00e0 Manhattan au 516-735-4032. Il dispose de plusieurs bureaux \u00e0 Long Island, NY.\",\"breadcrumb\":{\"@id\":\"https:\/\/www.newyorkhipknee.com\/fr\/contact\/new-york-meilleur-chirurgien-pour-larthroplastie-de-la-hanche-et-du-genou\/#breadcrumb\"},\"inLanguage\":\"fr-FR\",\"potentialAction\":[{\"@type\":\"ReadAction\",\"target\":[\"https:\/\/www.newyorkhipknee.com\/fr\/contact\/new-york-meilleur-chirurgien-pour-larthroplastie-de-la-hanche-et-du-genou\/\"]}]},{\"@type\":\"BreadcrumbList\",\"@id\":\"https:\/\/www.newyorkhipknee.com\/fr\/contact\/new-york-meilleur-chirurgien-pour-larthroplastie-de-la-hanche-et-du-genou\/#breadcrumb\",\"itemListElement\":[{\"@type\":\"ListItem\",\"position\":1,\"name\":\"Home\",\"item\":\"https:\/\/www.newyorkhipknee.com\/fr\/\"},{\"@type\":\"ListItem\",\"position\":2,\"name\":\"CONTACT\",\"item\":\"https:\/\/www.newyorkhipknee.com\/fr\/contact\/\"},{\"@type\":\"ListItem\",\"position\":3,\"name\":\"New York &#8211; Meilleur chirurgien pour l&rsquo;arthroplastie de la hanche et du genou\"}]},{\"@type\":\"WebSite\",\"@id\":\"https:\/\/www.newyorkhipknee.com\/fr\/#website\",\"url\":\"https:\/\/www.newyorkhipknee.com\/fr\/\",\"name\":\"Best Hip & Knee Surgeon | NY, USA\",\"description\":\"\",\"potentialAction\":[{\"@type\":\"SearchAction\",\"target\":{\"@type\":\"EntryPoint\",\"urlTemplate\":\"https:\/\/www.newyorkhipknee.com\/fr\/?s={search_term_string}\"},\"query-input\":{\"@type\":\"PropertyValueSpecification\",\"valueRequired\":true,\"valueName\":\"search_term_string\"}}],\"inLanguage\":\"fr-FR\"}]}<\/script>\n<!-- \/ Yoast SEO plugin. -->","yoast_head_json":{"title":"Chirurgie orthop\u00e9dique \u00e0 New York - Dr. Nakul V. Karkare, MD","description":"Appelez le cabinet du Dr Nakul Karkare \u00e0 Manhattan au 516-735-4032. Il dispose de plusieurs bureaux \u00e0 Long Island, NY.","robots":{"index":"index","follow":"follow","max-snippet":"max-snippet:-1","max-image-preview":"max-image-preview:large","max-video-preview":"max-video-preview:-1"},"canonical":"https:\/\/www.newyorkhipknee.com\/fr\/contact\/new-york-meilleur-chirurgien-pour-larthroplastie-de-la-hanche-et-du-genou\/","og_locale":"fr_FR","og_type":"article","og_title":"Chirurgie orthop\u00e9dique \u00e0 New York - Dr. Nakul V. Karkare, MD","og_description":"Appelez le cabinet du Dr Nakul Karkare \u00e0 Manhattan au 516-735-4032. Il dispose de plusieurs bureaux \u00e0 Long Island, NY.","og_url":"https:\/\/www.newyorkhipknee.com\/fr\/contact\/new-york-meilleur-chirurgien-pour-larthroplastie-de-la-hanche-et-du-genou\/","og_site_name":"Best Hip &amp; Knee Surgeon | NY, USA","twitter_card":"summary_large_image","twitter_misc":{"Dur\u00e9e de lecture estim\u00e9e":"4 minutes"},"schema":{"@context":"https:\/\/schema.org","@graph":[{"@type":["WebPage","MedicalWebPage"],"@id":"https:\/\/www.newyorkhipknee.com\/fr\/contact\/new-york-meilleur-chirurgien-pour-larthroplastie-de-la-hanche-et-du-genou\/","url":"https:\/\/www.newyorkhipknee.com\/fr\/contact\/new-york-meilleur-chirurgien-pour-larthroplastie-de-la-hanche-et-du-genou\/","name":"Chirurgie orthop\u00e9dique \u00e0 New York - Dr. Nakul V. Karkare, MD","isPartOf":{"@id":"https:\/\/www.newyorkhipknee.com\/fr\/#website"},"datePublished":"2015-10-27T02:22:36+00:00","description":"Appelez le cabinet du Dr Nakul Karkare \u00e0 Manhattan au 516-735-4032. Il dispose de plusieurs bureaux \u00e0 Long Island, NY.","breadcrumb":{"@id":"https:\/\/www.newyorkhipknee.com\/fr\/contact\/new-york-meilleur-chirurgien-pour-larthroplastie-de-la-hanche-et-du-genou\/#breadcrumb"},"inLanguage":"fr-FR","potentialAction":[{"@type":"ReadAction","target":["https:\/\/www.newyorkhipknee.com\/fr\/contact\/new-york-meilleur-chirurgien-pour-larthroplastie-de-la-hanche-et-du-genou\/"]}]},{"@type":"BreadcrumbList","@id":"https:\/\/www.newyorkhipknee.com\/fr\/contact\/new-york-meilleur-chirurgien-pour-larthroplastie-de-la-hanche-et-du-genou\/#breadcrumb","itemListElement":[{"@type":"ListItem","position":1,"name":"Home","item":"https:\/\/www.newyorkhipknee.com\/fr\/"},{"@type":"ListItem","position":2,"name":"CONTACT","item":"https:\/\/www.newyorkhipknee.com\/fr\/contact\/"},{"@type":"ListItem","position":3,"name":"New York &#8211; Meilleur chirurgien pour l&rsquo;arthroplastie de la hanche et du genou"}]},{"@type":"WebSite","@id":"https:\/\/www.newyorkhipknee.com\/fr\/#website","url":"https:\/\/www.newyorkhipknee.com\/fr\/","name":"Best Hip & Knee Surgeon | NY, USA","description":"","potentialAction":[{"@type":"SearchAction","target":{"@type":"EntryPoint","urlTemplate":"https:\/\/www.newyorkhipknee.com\/fr\/?s={search_term_string}"},"query-input":{"@type":"PropertyValueSpecification","valueRequired":true,"valueName":"search_term_string"}}],"inLanguage":"fr-FR"}]}},"_links":{"self":[{"href":"https:\/\/www.newyorkhipknee.com\/fr\/wp-json\/wp\/v2\/pages\/17600","targetHints":{"allow":["GET"]}}],"collection":[{"href":"https:\/\/www.newyorkhipknee.com\/fr\/wp-json\/wp\/v2\/pages"}],"about":[{"href":"https:\/\/www.newyorkhipknee.com\/fr\/wp-json\/wp\/v2\/types\/page"}],"author":[{"embeddable":true,"href":"https:\/\/www.newyorkhipknee.com\/fr\/wp-json\/wp\/v2\/users\/4"}],"replies":[{"embeddable":true,"href":"https:\/\/www.newyorkhipknee.com\/fr\/wp-json\/wp\/v2\/comments?post=17600"}],"version-history":[{"count":0,"href":"https:\/\/www.newyorkhipknee.com\/fr\/wp-json\/wp\/v2\/pages\/17600\/revisions"}],"up":[{"embeddable":true,"href":"https:\/\/www.newyorkhipknee.com\/fr\/wp-json\/wp\/v2\/pages\/17589"}],"wp:attachment":[{"href":"https:\/\/www.newyorkhipknee.com\/fr\/wp-json\/wp\/v2\/media?parent=17600"}],"curies":[{"name":"wp","href":"https:\/\/api.w.org\/{rel}","templated":true}]}}