{"id":17602,"date":"2015-10-26T22:38:11","date_gmt":"2015-10-27T02:38:11","guid":{"rendered":"https:\/\/newyorkhipknee.com\/contactez-nous-au-516-735-4032\/patchogue-meilleur-chirurgien-pour-larthroplastie-de-la-hanche-et-du-genou\/"},"modified":"2015-10-26T22:38:11","modified_gmt":"2015-10-27T02:38:11","slug":"patchogue-meilleur-chirurgien-pour-larthroplastie-de-la-hanche-et-du-genou","status":"publish","type":"page","link":"https:\/\/www.newyorkhipknee.com\/fr\/contact\/patchogue-meilleur-chirurgien-pour-larthroplastie-de-la-hanche-et-du-genou\/","title":{"rendered":"Patchogue &#8211; Meilleur chirurgien pour l&rsquo;arthroplastie de la hanche et du genou"},"content":{"rendered":"<p><strong>Patchogue<\/strong><\/p>\n<hr>\n<p>105 Medford Ave Route 112, Suite A<br \/>\nPatchogue, NY 11772<\/p>\n<h2><a href=\"https:\/\/www.google.com\/maps\/search\/105+Medford+Ave+Route+112,+Suite+A+Pachogue,+NY+11772\/@40.7797795,-73.0288487\" target=\"_blank\" rel=\"noopener\">Cliquez ici pour obtenir l&rsquo;itin\u00e9raire, ou appelez-nous si vous souhaitez que nous vous l&rsquo;envoyions par SMS.<\/a><\/h2>\n<p>&gt;<\/p>\n<hr>\n<p><iframe loading=\"lazy\" style=\"border: 0;\" src=\"https:\/\/www.google.com\/maps\/embed?pb=!1m18!1m12!1m3!1d3021.664877150837!2d-73.00895468467482!3d40.76939497932572!2m3!1f0!2f0!3f0!3m2!1i1024!2i768!4f13.1!3m3!1m2!1s0x89e849278cff627f%3A0xe05ebb5a5aa3d924!2s105+Medford+Ave%2C+Patchogue%2C+NY+11772!5e0!3m2!1sen!2sus!4v1445898893825\" width=\"798\" height=\"599\" allowfullscreen=\"allowfullscreen\"><\/iframe><\/p>\n<p><script type=\"application\/ld+json\">\n\t{\n  \t\"@context\": \"https:\/\/schema.org\",\n  \t\"@type\": \"Musculoskeletal\",\n\t\"additionalType\": \"https:\/\/www.productontology.org\/id\/Orthopedic_surgery\",\n\t\"url\": \"https:\/\/newyorkhipknee.com\",\n\t\"logo\": \"\/wp-content\/themes\/nakul-karkare\/images\/newyork-nakul-v-karkare-md-logo-new.jpg\",\n\t\"hasMap\": \"https:\/\/goo.gl\/maps\/36sUC6SVLy42\",\n\t\"email\": \"mailto:info@newyorkhipknee.com\",\n  \t\"address\": {\n    \t\"@type\": \"PostalAddress\",\n    \t\"addressLocality\": \"Patchogue\",\n    \t\"addressRegion\": \"NY\",\n    \t\"postalCode\":\"11772\",\n    \t\"streetAddress\": \"105 Medford Ave Route 112, Suite A\"\n  \t},\n  \t\"description\": \"An orthopedic surgeon specialized in limb reconstruction and joint replacement surgery.\",\n  \t\"name\": \"Dr. Nakul V. Karkare\",\n  \t\"telephone\": \"613-981-2663\",\n  \t\"geo\": {\n    \t\"@type\": \"GeoCoordinates\",\n   \t\"latitude\": \"40.77\",\n    \t\"longitude\": \"-73.02\"\n \t\t}\t\t\t\n\t}\n<\/script><\/p>\n<p><strong>Depuis le nord (Port Jefferson) :<\/strong><br \/>\n1. Prendre la direction sud sur Main St\/NY-25A vers Wynn Ln.<br \/>\n2. Continuer tout droit pour prendre Patchogue Rd\/NY-112. Continuer \u00e0 suivre la route NY-112.<br \/>\n3. Tourner \u00e0 droite sur County Hwy-83\/Patchogue-Mt Sinai Rd.<br \/>\n4. La County Hwy-83 se trouve juste apr\u00e8s Kensington Gate.<br \/>\n5. Restez \u00e0 droite \u00e0 la fourche pour continuer sur la County Hwy-83.<br \/>\n6. Tourner \u00e0 gauche sur S Service Rd.<br \/>\n7. La S Service Rd est \u00e0 0,1 miles apr\u00e8s la N Service Rd.<br \/>\n8. Si vous \u00eates sur N Ocean Ave et que vous atteignez E Roe Blvd, vous avez parcouru environ 0,2 miles de trop.<br \/>\n9. Tourner \u00e0 droite sur Medford Ave\/NY-112.<br \/>\n10. Si vous atteignez Nazarene Way, vous avez parcouru environ 0,2 mille de trop.<br \/>\n11. 105 MEDFORD AVE, 112 est sur la gauche.<br \/>\n12. Votre destination se trouve juste apr\u00e8s Oak St<br \/>\n13. Si vous atteignez Columbia St, vous \u00eates all\u00e9 un peu trop loin.<\/p>\n<p><strong>Depuis l&rsquo;est (Riverhead) :<\/strong><br \/>\n1. Prendre la direction ouest sur W Main St\/NY-25 vers Peconic Ave\/County Hwy-63.<br \/>\n2. Prendre la 1re \u00e0 gauche et rester sur Peconic Ave\/County Hwy-63.<br \/>\n3. Parto&rsquo;s est \u00e0 droite<br \/>\n4. Si vous atteignez l&rsquo;avenue Griffing, vous \u00eates all\u00e9 un peu trop loin.<br \/>\n5. Entrer dans le prochain rond-point et prendre la 1\u00e8re sortie sur Nugent Dr\/NY-24\/County Hwy-94.<br \/>\n6. Tourner l\u00e9g\u00e8rement \u00e0 gauche sur County Hwy-51\/Center Dr S. Continuer \u00e0 suivre County Hwy-51.<br \/>\n7. Si vous \u00eates sur Nugent Dr et que vous atteignez la County Hwy-94A, vous avez parcouru environ 0,1 miles de trop.<br \/>\n8. Rejoindre NY-27 W\/Sunrise Hwy W.<br \/>\n9. Prendre la SORTIE 53 vers NY-112\/Patchogue\/Port Jefferson.<br \/>\n10. Continuer tout droit pour prendre N Service Rd.<br \/>\n11. Prendre la 1re \u00e0 gauche et rester sur NY-112\/Medford Ave.<br \/>\n12. NY-112 se trouve \u00e0 0,2 miles apr\u00e8s Annanias Ave.<br \/>\n13. Si vous atteignez l&rsquo;avenue Maple, vous avez parcouru environ 0,2 mille de trop.<br \/>\n14. 105 MEDFORD AVE, 112 est sur la gauche.<br \/>\n15. Votre destination se trouve juste apr\u00e8s Oak St<br \/>\n16. Si vous atteignez Columbia St, vous \u00eates all\u00e9 un peu trop loin.<\/p>\n<p><strong>Depuis le sud (Patchogue) :<\/strong><br \/>\n1. Commencez par aller vers l&rsquo;est sur E Main St en direction de Maple Ave.<br \/>\n2. Tourner \u00e0 gauche sur Medford Ave\/NY-112.<br \/>\n3. L&rsquo;avenue Medford se trouve \u00e0 0,1 mille apr\u00e8s l&rsquo;avenue Rider.<br \/>\n4. Si vous atteignez Potter Ave, vous \u00eates all\u00e9 un peu trop loin.<br \/>\n5. 105 MEDFORD AVE, 112 est sur la droite.<br \/>\n6. Votre destination se trouve juste apr\u00e8s Columbia St<br \/>\n7. Si vous atteignez Oak St, vous \u00eates all\u00e9 un peu trop loin.<\/p>\n<p><strong>Depuis l&rsquo;ouest (Queens) :<\/strong><br \/>\n1. Prendre la direction ouest sur Sanford Ave vers Parsons Blvd.<br \/>\n2. Tourner \u00e0 gauche sur Main St.<br \/>\n3. La rue principale se trouve juste apr\u00e8s le boulevard Kissena.<br \/>\n4. Le Tongs Cafe se trouve au coin de la rue<br \/>\n5. Si vous atteignez Frame Pl, vous avez parcouru environ 0,1 mille de trop.<br \/>\n6. Tourner \u00e0 gauche sur Horace Harding Expy.<br \/>\n7. Si vous atteignez la 62e avenue, vous \u00eates all\u00e9 un peu trop loin.<br \/>\n8. Rejoindre l&rsquo;autoroute I-495 E\/Long Island Expy E par la bretelle de gauche vers Eastern L I.<br \/>\n9. Prendre la SORTIE 57 vers NY-454\/Commack\/Patchogue.<br \/>\n10. Continuer tout droit pour prendre Express Dr S.<br \/>\n11. Tourner \u00e0 droite sur la NY-454\/Veterans Hwy. Continuer \u00e0 suivre la route NY-454.<br \/>\n12. NY-454 se trouve \u00e0 0,1 miles apr\u00e8s Hoffman Ln.<br \/>\n13. Si vous \u00eates sur Express Dr S et que vous atteignez Blydenburg Rd, vous avez parcouru environ 0,1 miles de trop.<br \/>\n14. NY-454 devient Sunrise Hwy.<br \/>\n15. Sunrise Hwy devient S Service Rd.<br \/>\n16. Rejoindre NY-27 E\/Sunrise Hwy E par la rampe d&rsquo;acc\u00e8s sur la gauche.<br \/>\n17. Prendre la SORTIE 53 vers NY-112\/Port Jefferson\/Patchogue.<br \/>\n18. Rejoindre S Service Rd.<br \/>\n19. Prendre la 1\u00e8re \u00e0 droite sur Medford Ave\/NY-112.<br \/>\n20. Si vous atteignez Nazarene Way, vous avez parcouru environ 0,2 miles de trop.<br \/>\n21. 105 MEDFORD AVE, 112 est sur la gauche.<br \/>\n22. Votre destination se trouve juste apr\u00e8s Oak St<br \/>\n23. Si vous atteignez Columbia St, vous \u00eates all\u00e9 un peu trop loin.<\/p>\n<h2>Installations d&rsquo;imagerie<\/h2>\n<p>Zwanger Pesiri<br \/>\nNum\u00e9ro de t\u00e9l\u00e9phone &#8211; 631-444-5544<br \/>\nNum\u00e9ro de fax &#8211; 631-870-8941<\/p>\n<p>Arts m\u00e9dicaux<br \/>\nNum\u00e9ro de t\u00e9l\u00e9phone &#8211; 631-475-5300<br \/>\nFax &#8211; 631-475-3369<\/p>\n<p>Centre d&rsquo;imagerie ambulatoire de Brookhaven Radiology<br \/>\nNum\u00e9ro de t\u00e9l\u00e9phone &#8211; 631-654-7448<br \/>\nFax &#8211; 631-654-7321<\/p>\n","protected":false},"excerpt":{"rendered":"<p>Patchogue 105 Medford Ave Route 112, Suite A Patchogue, NY 11772 Cliquez ici pour obtenir l&rsquo;itin\u00e9raire, ou appelez-nous si vous souhaitez que nous vous l&rsquo;envoyions par SMS. &gt; Depuis le nord (Port Jefferson) : 1. Prendre la direction sud sur Main St\/NY-25A vers Wynn Ln. 2. Continuer tout droit pour prendre Patchogue Rd\/NY-112. Continuer \u00e0 [&hellip;]<\/p>\n","protected":false},"author":4,"featured_media":0,"parent":17589,"menu_order":0,"comment_status":"closed","ping_status":"closed","template":"","meta":{"_et_pb_use_builder":"","_et_pb_old_content":"","_et_gb_content_width":"","footnotes":""},"class_list":["post-17602","page","type-page","status-publish","hentry"],"yoast_head":"<!-- This site is optimized with the Yoast SEO plugin v27.2 - https:\/\/yoast.com\/product\/yoast-seo-wordpress\/ -->\n<title>Chirurgie orthop\u00e9dique \u00e0 Patchogue - Dr. Nakul V. Karkare, MD<\/title>\n<meta name=\"description\" content=\"Appelez le Dr Nakul Karkare au 516-735-4032. Il dispose de plusieurs bureaux \u00e0 Long Island, New York. Celui-ci se trouve \u00e0 Patchogue.\" \/>\n<meta name=\"robots\" content=\"index, follow, max-snippet:-1, max-image-preview:large, max-video-preview:-1\" \/>\n<link rel=\"canonical\" href=\"https:\/\/www.newyorkhipknee.com\/fr\/contact\/patchogue-meilleur-chirurgien-pour-larthroplastie-de-la-hanche-et-du-genou\/\" \/>\n<meta property=\"og:locale\" content=\"fr_FR\" \/>\n<meta property=\"og:type\" content=\"article\" \/>\n<meta property=\"og:title\" content=\"Chirurgie orthop\u00e9dique \u00e0 Patchogue - Dr. Nakul V. Karkare, MD\" \/>\n<meta property=\"og:description\" content=\"Appelez le Dr Nakul Karkare au 516-735-4032. Il dispose de plusieurs bureaux \u00e0 Long Island, New York. Celui-ci se trouve \u00e0 Patchogue.\" \/>\n<meta property=\"og:url\" content=\"https:\/\/www.newyorkhipknee.com\/fr\/contact\/patchogue-meilleur-chirurgien-pour-larthroplastie-de-la-hanche-et-du-genou\/\" \/>\n<meta property=\"og:site_name\" content=\"Best Hip &amp; Knee Surgeon | NY, USA\" \/>\n<meta name=\"twitter:card\" content=\"summary_large_image\" \/>\n<meta name=\"twitter:label1\" content=\"Dur\u00e9e de lecture estim\u00e9e\" \/>\n\t<meta name=\"twitter:data1\" content=\"3 minutes\" \/>\n<script type=\"application\/ld+json\" class=\"yoast-schema-graph\">{\"@context\":\"https:\/\/schema.org\",\"@graph\":[{\"@type\":[\"WebPage\",\"MedicalWebPage\"],\"@id\":\"https:\/\/www.newyorkhipknee.com\/fr\/contact\/patchogue-meilleur-chirurgien-pour-larthroplastie-de-la-hanche-et-du-genou\/\",\"url\":\"https:\/\/www.newyorkhipknee.com\/fr\/contact\/patchogue-meilleur-chirurgien-pour-larthroplastie-de-la-hanche-et-du-genou\/\",\"name\":\"Chirurgie orthop\u00e9dique \u00e0 Patchogue - Dr. Nakul V. Karkare, MD\",\"isPartOf\":{\"@id\":\"https:\/\/www.newyorkhipknee.com\/fr\/#website\"},\"datePublished\":\"2015-10-27T02:38:11+00:00\",\"description\":\"Appelez le Dr Nakul Karkare au 516-735-4032. Il dispose de plusieurs bureaux \u00e0 Long Island, New York. Celui-ci se trouve \u00e0 Patchogue.\",\"breadcrumb\":{\"@id\":\"https:\/\/www.newyorkhipknee.com\/fr\/contact\/patchogue-meilleur-chirurgien-pour-larthroplastie-de-la-hanche-et-du-genou\/#breadcrumb\"},\"inLanguage\":\"fr-FR\",\"potentialAction\":[{\"@type\":\"ReadAction\",\"target\":[\"https:\/\/www.newyorkhipknee.com\/fr\/contact\/patchogue-meilleur-chirurgien-pour-larthroplastie-de-la-hanche-et-du-genou\/\"]}]},{\"@type\":\"BreadcrumbList\",\"@id\":\"https:\/\/www.newyorkhipknee.com\/fr\/contact\/patchogue-meilleur-chirurgien-pour-larthroplastie-de-la-hanche-et-du-genou\/#breadcrumb\",\"itemListElement\":[{\"@type\":\"ListItem\",\"position\":1,\"name\":\"Home\",\"item\":\"https:\/\/www.newyorkhipknee.com\/fr\/\"},{\"@type\":\"ListItem\",\"position\":2,\"name\":\"CONTACT\",\"item\":\"https:\/\/www.newyorkhipknee.com\/fr\/contact\/\"},{\"@type\":\"ListItem\",\"position\":3,\"name\":\"Patchogue &#8211; Meilleur chirurgien pour l&rsquo;arthroplastie de la hanche et du genou\"}]},{\"@type\":\"WebSite\",\"@id\":\"https:\/\/www.newyorkhipknee.com\/fr\/#website\",\"url\":\"https:\/\/www.newyorkhipknee.com\/fr\/\",\"name\":\"Best Hip & Knee Surgeon | NY, USA\",\"description\":\"\",\"potentialAction\":[{\"@type\":\"SearchAction\",\"target\":{\"@type\":\"EntryPoint\",\"urlTemplate\":\"https:\/\/www.newyorkhipknee.com\/fr\/?s={search_term_string}\"},\"query-input\":{\"@type\":\"PropertyValueSpecification\",\"valueRequired\":true,\"valueName\":\"search_term_string\"}}],\"inLanguage\":\"fr-FR\"}]}<\/script>\n<!-- \/ Yoast SEO plugin. -->","yoast_head_json":{"title":"Chirurgie orthop\u00e9dique \u00e0 Patchogue - Dr. Nakul V. Karkare, MD","description":"Appelez le Dr Nakul Karkare au 516-735-4032. Il dispose de plusieurs bureaux \u00e0 Long Island, New York. Celui-ci se trouve \u00e0 Patchogue.","robots":{"index":"index","follow":"follow","max-snippet":"max-snippet:-1","max-image-preview":"max-image-preview:large","max-video-preview":"max-video-preview:-1"},"canonical":"https:\/\/www.newyorkhipknee.com\/fr\/contact\/patchogue-meilleur-chirurgien-pour-larthroplastie-de-la-hanche-et-du-genou\/","og_locale":"fr_FR","og_type":"article","og_title":"Chirurgie orthop\u00e9dique \u00e0 Patchogue - Dr. Nakul V. Karkare, MD","og_description":"Appelez le Dr Nakul Karkare au 516-735-4032. Il dispose de plusieurs bureaux \u00e0 Long Island, New York. Celui-ci se trouve \u00e0 Patchogue.","og_url":"https:\/\/www.newyorkhipknee.com\/fr\/contact\/patchogue-meilleur-chirurgien-pour-larthroplastie-de-la-hanche-et-du-genou\/","og_site_name":"Best Hip &amp; Knee Surgeon | NY, USA","twitter_card":"summary_large_image","twitter_misc":{"Dur\u00e9e de lecture estim\u00e9e":"3 minutes"},"schema":{"@context":"https:\/\/schema.org","@graph":[{"@type":["WebPage","MedicalWebPage"],"@id":"https:\/\/www.newyorkhipknee.com\/fr\/contact\/patchogue-meilleur-chirurgien-pour-larthroplastie-de-la-hanche-et-du-genou\/","url":"https:\/\/www.newyorkhipknee.com\/fr\/contact\/patchogue-meilleur-chirurgien-pour-larthroplastie-de-la-hanche-et-du-genou\/","name":"Chirurgie orthop\u00e9dique \u00e0 Patchogue - Dr. Nakul V. Karkare, MD","isPartOf":{"@id":"https:\/\/www.newyorkhipknee.com\/fr\/#website"},"datePublished":"2015-10-27T02:38:11+00:00","description":"Appelez le Dr Nakul Karkare au 516-735-4032. Il dispose de plusieurs bureaux \u00e0 Long Island, New York. Celui-ci se trouve \u00e0 Patchogue.","breadcrumb":{"@id":"https:\/\/www.newyorkhipknee.com\/fr\/contact\/patchogue-meilleur-chirurgien-pour-larthroplastie-de-la-hanche-et-du-genou\/#breadcrumb"},"inLanguage":"fr-FR","potentialAction":[{"@type":"ReadAction","target":["https:\/\/www.newyorkhipknee.com\/fr\/contact\/patchogue-meilleur-chirurgien-pour-larthroplastie-de-la-hanche-et-du-genou\/"]}]},{"@type":"BreadcrumbList","@id":"https:\/\/www.newyorkhipknee.com\/fr\/contact\/patchogue-meilleur-chirurgien-pour-larthroplastie-de-la-hanche-et-du-genou\/#breadcrumb","itemListElement":[{"@type":"ListItem","position":1,"name":"Home","item":"https:\/\/www.newyorkhipknee.com\/fr\/"},{"@type":"ListItem","position":2,"name":"CONTACT","item":"https:\/\/www.newyorkhipknee.com\/fr\/contact\/"},{"@type":"ListItem","position":3,"name":"Patchogue &#8211; Meilleur chirurgien pour l&rsquo;arthroplastie de la hanche et du genou"}]},{"@type":"WebSite","@id":"https:\/\/www.newyorkhipknee.com\/fr\/#website","url":"https:\/\/www.newyorkhipknee.com\/fr\/","name":"Best Hip & Knee Surgeon | NY, USA","description":"","potentialAction":[{"@type":"SearchAction","target":{"@type":"EntryPoint","urlTemplate":"https:\/\/www.newyorkhipknee.com\/fr\/?s={search_term_string}"},"query-input":{"@type":"PropertyValueSpecification","valueRequired":true,"valueName":"search_term_string"}}],"inLanguage":"fr-FR"}]}},"_links":{"self":[{"href":"https:\/\/www.newyorkhipknee.com\/fr\/wp-json\/wp\/v2\/pages\/17602","targetHints":{"allow":["GET"]}}],"collection":[{"href":"https:\/\/www.newyorkhipknee.com\/fr\/wp-json\/wp\/v2\/pages"}],"about":[{"href":"https:\/\/www.newyorkhipknee.com\/fr\/wp-json\/wp\/v2\/types\/page"}],"author":[{"embeddable":true,"href":"https:\/\/www.newyorkhipknee.com\/fr\/wp-json\/wp\/v2\/users\/4"}],"replies":[{"embeddable":true,"href":"https:\/\/www.newyorkhipknee.com\/fr\/wp-json\/wp\/v2\/comments?post=17602"}],"version-history":[{"count":0,"href":"https:\/\/www.newyorkhipknee.com\/fr\/wp-json\/wp\/v2\/pages\/17602\/revisions"}],"up":[{"embeddable":true,"href":"https:\/\/www.newyorkhipknee.com\/fr\/wp-json\/wp\/v2\/pages\/17589"}],"wp:attachment":[{"href":"https:\/\/www.newyorkhipknee.com\/fr\/wp-json\/wp\/v2\/media?parent=17602"}],"curies":[{"name":"wp","href":"https:\/\/api.w.org\/{rel}","templated":true}]}}