{"id":17604,"date":"2015-10-26T23:14:18","date_gmt":"2015-10-27T03:14:18","guid":{"rendered":"https:\/\/newyorkhipknee.com\/contactez-nous-au-516-735-4032\/riverhead-meilleur-chirurgien-pour-larthroplastie-du-genou-et-de-la-hanche\/"},"modified":"2015-10-26T23:14:18","modified_gmt":"2015-10-27T03:14:18","slug":"riverhead-meilleur-chirurgien-pour-larthroplastie-du-genou-et-de-la-hanche","status":"publish","type":"page","link":"https:\/\/www.newyorkhipknee.com\/fr\/contact\/riverhead-meilleur-chirurgien-pour-larthroplastie-du-genou-et-de-la-hanche\/","title":{"rendered":"Riverhead &#8211; Meilleur chirurgien pour l&rsquo;arthroplastie du genou et de la hanche"},"content":{"rendered":"<p><strong>Riverhead<\/strong><\/p>\n<hr>\n<p>887 Old Country Rd, Suite A<br \/>\nRiverhead, NY 11901<\/p>\n<h2><a href=\"https:\/\/goo.gl\/maps\/8kKhK5vcHcZRM34N7\" target=\"_blank\" rel=\"noopener noreferrer\">Cliquez ici pour obtenir l&rsquo;itin\u00e9raire, ou appelez-nous si vous souhaitez que nous vous l&rsquo;envoyions par SMS.<\/a><\/h2>\n<hr>\n<p><iframe src=\"https:\/\/www.google.com\/maps\/embed?pb=!1m18!1m12!1m3!1d3014.1740493046905!2d-72.6700378!3d40.9338525!2m3!1f0!2f0!3f0!3m2!1i1024!2i768!4f13.1!3m3!1m2!1s0x89e88add92438e57%3A0xd43eecdde1d3328a!2sRiverhead%20Professional%20Building%2C%20887%20Old%20Country%20Rd%2C%20Riverhead%2C%20NY%2011901!5e0!3m2!1sen!2sus!4v1683146399136!5m2!1sen!2sus\" width=\"600\" height=\"450\" style=\"border:0;\" allowfullscreen=\"\" loading=\"lazy\" referrerpolicy=\"no-referrer-when-downgrade\"><\/iframe><\/p>\n<hr>\n<p><script type=\"application\/ld+json\">\n\t{\n  \t\"@context\": \"https:\/\/schema.org\",\n  \t\"@type\": \"Musculoskeletal\",\n\t\"additionalType\": \"https:\/\/www.productontology.org\/id\/Orthopedic_surgery\",\n\t\"url\": \"https:\/\/newyorkhipknee.com\",\n\t\"logo\": \"\/wp-content\/themes\/nakul-karkare\/images\/newyork-nakul-v-karkare-md-logo-new.jpg\",\n\t\"hasMap\": \"https:\/\/goo.gl\/maps\/7L15QJAo8az\",\n\t\"email\": \"mailto:info@newyorkhipknee.com\",\n  \t\"address\": {\n    \t\"@type\": \"PostalAddress\",\n    \t\"addressLocality\": \"Riverhead\",\n    \t\"addressRegion\": \"NY\",\n    \t\"postalCode\":\"11901\",\n    \t\"streetAddress\": \"887 Old Country Rd\"\n  \t},\n  \t\"description\": \"An orthopedic surgeon specialized in limb reconstruction and joint replacement surgery.\",\n  \t\"name\": \"Dr. Nakul V. Karkare\",\n  \t\"telephone\": \"613-981-2663\",\n  \t\"geo\": {\n    \t\"@type\": \"GeoCoordinates\",\n   \t\"latitude\": \"40.93\",\n    \t\"longitude\": \"-72.67\"\n \t\t}\t\t\t\n\t}\n<\/script><\/p>\n<h2>Centre d&rsquo;imagerie de Riverhead<\/h2>\n<p>Radiologie de la fourche nord<br \/>\nNum\u00e9ro de t\u00e9l\u00e9phone &#8211; 631 727-2755<br \/>\nFax &#8211; 631-591-0190<\/p>\n<p>Radiologie Zwanger-Pesiri<br \/>\nNum\u00e9ro de t\u00e9l\u00e9phone &#8211; 631-225-7200<br \/>\nFax &#8211; 631-225-9550<\/p>\n<p>Le centre d&rsquo;imagerie Grossman<br \/>\nNum\u00e9ro de t\u00e9l\u00e9phone &#8211; 631-405-3240<br \/>\nFax &#8211; 631-281-0203<\/p>\n","protected":false},"excerpt":{"rendered":"<p>Riverhead 887 Old Country Rd, Suite A Riverhead, NY 11901 Cliquez ici pour obtenir l&rsquo;itin\u00e9raire, ou appelez-nous si vous souhaitez que nous vous l&rsquo;envoyions par SMS. Centre d&rsquo;imagerie de Riverhead Radiologie de la fourche nord Num\u00e9ro de t\u00e9l\u00e9phone &#8211; 631 727-2755 Fax &#8211; 631-591-0190 Radiologie Zwanger-Pesiri Num\u00e9ro de t\u00e9l\u00e9phone &#8211; 631-225-7200 Fax &#8211; 631-225-9550 Le [&hellip;]<\/p>\n","protected":false},"author":4,"featured_media":0,"parent":17589,"menu_order":0,"comment_status":"closed","ping_status":"closed","template":"","meta":{"_et_pb_use_builder":"","_et_pb_old_content":"","_et_gb_content_width":"","footnotes":""},"class_list":["post-17604","page","type-page","status-publish","hentry"],"yoast_head":"<!-- This site is optimized with the Yoast SEO plugin v27.2 - https:\/\/yoast.com\/product\/yoast-seo-wordpress\/ -->\n<title>Chirurgie orthop\u00e9dique \u00e0 Riverhead New York - Dr. Nakul V. Karkare, MD<\/title>\n<meta name=\"description\" content=\"Appelez le Dr Nakul Karkare au 516-735-4032. Il dispose de plusieurs bureaux \u00e0 Long Island, New York. Celui-ci se trouve \u00e0 Riverhead, dans l&#039;\u00c9tat de New York.\" \/>\n<meta name=\"robots\" content=\"index, follow, max-snippet:-1, max-image-preview:large, max-video-preview:-1\" \/>\n<link rel=\"canonical\" href=\"https:\/\/www.newyorkhipknee.com\/fr\/contact\/riverhead-meilleur-chirurgien-pour-larthroplastie-du-genou-et-de-la-hanche\/\" \/>\n<meta property=\"og:locale\" content=\"fr_FR\" \/>\n<meta property=\"og:type\" content=\"article\" \/>\n<meta property=\"og:title\" content=\"Chirurgie orthop\u00e9dique \u00e0 Riverhead New York - Dr. Nakul V. Karkare, MD\" \/>\n<meta property=\"og:description\" content=\"Appelez le Dr Nakul Karkare au 516-735-4032. Il dispose de plusieurs bureaux \u00e0 Long Island, New York. Celui-ci se trouve \u00e0 Riverhead, dans l&#039;\u00c9tat de New York.\" \/>\n<meta property=\"og:url\" content=\"https:\/\/www.newyorkhipknee.com\/fr\/contact\/riverhead-meilleur-chirurgien-pour-larthroplastie-du-genou-et-de-la-hanche\/\" \/>\n<meta property=\"og:site_name\" content=\"Best Hip &amp; Knee Surgeon | NY, USA\" \/>\n<meta name=\"twitter:card\" content=\"summary_large_image\" \/>\n<script type=\"application\/ld+json\" class=\"yoast-schema-graph\">{\"@context\":\"https:\/\/schema.org\",\"@graph\":[{\"@type\":[\"WebPage\",\"MedicalWebPage\"],\"@id\":\"https:\/\/www.newyorkhipknee.com\/fr\/contact\/riverhead-meilleur-chirurgien-pour-larthroplastie-du-genou-et-de-la-hanche\/\",\"url\":\"https:\/\/www.newyorkhipknee.com\/fr\/contact\/riverhead-meilleur-chirurgien-pour-larthroplastie-du-genou-et-de-la-hanche\/\",\"name\":\"Chirurgie orthop\u00e9dique \u00e0 Riverhead New York - Dr. Nakul V. Karkare, MD\",\"isPartOf\":{\"@id\":\"https:\/\/www.newyorkhipknee.com\/fr\/#website\"},\"datePublished\":\"2015-10-27T03:14:18+00:00\",\"description\":\"Appelez le Dr Nakul Karkare au 516-735-4032. Il dispose de plusieurs bureaux \u00e0 Long Island, New York. Celui-ci se trouve \u00e0 Riverhead, dans l'\u00c9tat de New York.\",\"breadcrumb\":{\"@id\":\"https:\/\/www.newyorkhipknee.com\/fr\/contact\/riverhead-meilleur-chirurgien-pour-larthroplastie-du-genou-et-de-la-hanche\/#breadcrumb\"},\"inLanguage\":\"fr-FR\",\"potentialAction\":[{\"@type\":\"ReadAction\",\"target\":[\"https:\/\/www.newyorkhipknee.com\/fr\/contact\/riverhead-meilleur-chirurgien-pour-larthroplastie-du-genou-et-de-la-hanche\/\"]}]},{\"@type\":\"BreadcrumbList\",\"@id\":\"https:\/\/www.newyorkhipknee.com\/fr\/contact\/riverhead-meilleur-chirurgien-pour-larthroplastie-du-genou-et-de-la-hanche\/#breadcrumb\",\"itemListElement\":[{\"@type\":\"ListItem\",\"position\":1,\"name\":\"Home\",\"item\":\"https:\/\/www.newyorkhipknee.com\/fr\/\"},{\"@type\":\"ListItem\",\"position\":2,\"name\":\"CONTACT\",\"item\":\"https:\/\/www.newyorkhipknee.com\/fr\/contact\/\"},{\"@type\":\"ListItem\",\"position\":3,\"name\":\"Riverhead &#8211; Meilleur chirurgien pour l&#8217;arthroplastie du genou et de la hanche\"}]},{\"@type\":\"WebSite\",\"@id\":\"https:\/\/www.newyorkhipknee.com\/fr\/#website\",\"url\":\"https:\/\/www.newyorkhipknee.com\/fr\/\",\"name\":\"Best Hip & Knee Surgeon | NY, USA\",\"description\":\"\",\"potentialAction\":[{\"@type\":\"SearchAction\",\"target\":{\"@type\":\"EntryPoint\",\"urlTemplate\":\"https:\/\/www.newyorkhipknee.com\/fr\/?s={search_term_string}\"},\"query-input\":{\"@type\":\"PropertyValueSpecification\",\"valueRequired\":true,\"valueName\":\"search_term_string\"}}],\"inLanguage\":\"fr-FR\"}]}<\/script>\n<!-- \/ Yoast SEO plugin. -->","yoast_head_json":{"title":"Chirurgie orthop\u00e9dique \u00e0 Riverhead New York - Dr. Nakul V. Karkare, MD","description":"Appelez le Dr Nakul Karkare au 516-735-4032. Il dispose de plusieurs bureaux \u00e0 Long Island, New York. Celui-ci se trouve \u00e0 Riverhead, dans l'\u00c9tat de New York.","robots":{"index":"index","follow":"follow","max-snippet":"max-snippet:-1","max-image-preview":"max-image-preview:large","max-video-preview":"max-video-preview:-1"},"canonical":"https:\/\/www.newyorkhipknee.com\/fr\/contact\/riverhead-meilleur-chirurgien-pour-larthroplastie-du-genou-et-de-la-hanche\/","og_locale":"fr_FR","og_type":"article","og_title":"Chirurgie orthop\u00e9dique \u00e0 Riverhead New York - Dr. Nakul V. Karkare, MD","og_description":"Appelez le Dr Nakul Karkare au 516-735-4032. Il dispose de plusieurs bureaux \u00e0 Long Island, New York. Celui-ci se trouve \u00e0 Riverhead, dans l'\u00c9tat de New York.","og_url":"https:\/\/www.newyorkhipknee.com\/fr\/contact\/riverhead-meilleur-chirurgien-pour-larthroplastie-du-genou-et-de-la-hanche\/","og_site_name":"Best Hip &amp; Knee Surgeon | NY, USA","twitter_card":"summary_large_image","schema":{"@context":"https:\/\/schema.org","@graph":[{"@type":["WebPage","MedicalWebPage"],"@id":"https:\/\/www.newyorkhipknee.com\/fr\/contact\/riverhead-meilleur-chirurgien-pour-larthroplastie-du-genou-et-de-la-hanche\/","url":"https:\/\/www.newyorkhipknee.com\/fr\/contact\/riverhead-meilleur-chirurgien-pour-larthroplastie-du-genou-et-de-la-hanche\/","name":"Chirurgie orthop\u00e9dique \u00e0 Riverhead New York - Dr. Nakul V. Karkare, MD","isPartOf":{"@id":"https:\/\/www.newyorkhipknee.com\/fr\/#website"},"datePublished":"2015-10-27T03:14:18+00:00","description":"Appelez le Dr Nakul Karkare au 516-735-4032. Il dispose de plusieurs bureaux \u00e0 Long Island, New York. Celui-ci se trouve \u00e0 Riverhead, dans l'\u00c9tat de New York.","breadcrumb":{"@id":"https:\/\/www.newyorkhipknee.com\/fr\/contact\/riverhead-meilleur-chirurgien-pour-larthroplastie-du-genou-et-de-la-hanche\/#breadcrumb"},"inLanguage":"fr-FR","potentialAction":[{"@type":"ReadAction","target":["https:\/\/www.newyorkhipknee.com\/fr\/contact\/riverhead-meilleur-chirurgien-pour-larthroplastie-du-genou-et-de-la-hanche\/"]}]},{"@type":"BreadcrumbList","@id":"https:\/\/www.newyorkhipknee.com\/fr\/contact\/riverhead-meilleur-chirurgien-pour-larthroplastie-du-genou-et-de-la-hanche\/#breadcrumb","itemListElement":[{"@type":"ListItem","position":1,"name":"Home","item":"https:\/\/www.newyorkhipknee.com\/fr\/"},{"@type":"ListItem","position":2,"name":"CONTACT","item":"https:\/\/www.newyorkhipknee.com\/fr\/contact\/"},{"@type":"ListItem","position":3,"name":"Riverhead &#8211; Meilleur chirurgien pour l&#8217;arthroplastie du genou et de la hanche"}]},{"@type":"WebSite","@id":"https:\/\/www.newyorkhipknee.com\/fr\/#website","url":"https:\/\/www.newyorkhipknee.com\/fr\/","name":"Best Hip & Knee Surgeon | NY, USA","description":"","potentialAction":[{"@type":"SearchAction","target":{"@type":"EntryPoint","urlTemplate":"https:\/\/www.newyorkhipknee.com\/fr\/?s={search_term_string}"},"query-input":{"@type":"PropertyValueSpecification","valueRequired":true,"valueName":"search_term_string"}}],"inLanguage":"fr-FR"}]}},"_links":{"self":[{"href":"https:\/\/www.newyorkhipknee.com\/fr\/wp-json\/wp\/v2\/pages\/17604","targetHints":{"allow":["GET"]}}],"collection":[{"href":"https:\/\/www.newyorkhipknee.com\/fr\/wp-json\/wp\/v2\/pages"}],"about":[{"href":"https:\/\/www.newyorkhipknee.com\/fr\/wp-json\/wp\/v2\/types\/page"}],"author":[{"embeddable":true,"href":"https:\/\/www.newyorkhipknee.com\/fr\/wp-json\/wp\/v2\/users\/4"}],"replies":[{"embeddable":true,"href":"https:\/\/www.newyorkhipknee.com\/fr\/wp-json\/wp\/v2\/comments?post=17604"}],"version-history":[{"count":0,"href":"https:\/\/www.newyorkhipknee.com\/fr\/wp-json\/wp\/v2\/pages\/17604\/revisions"}],"up":[{"embeddable":true,"href":"https:\/\/www.newyorkhipknee.com\/fr\/wp-json\/wp\/v2\/pages\/17589"}],"wp:attachment":[{"href":"https:\/\/www.newyorkhipknee.com\/fr\/wp-json\/wp\/v2\/media?parent=17604"}],"curies":[{"name":"wp","href":"https:\/\/api.w.org\/{rel}","templated":true}]}}