{"id":17606,"date":"2017-02-16T15:25:10","date_gmt":"2017-02-16T20:25:10","guid":{"rendered":"https:\/\/newyorkhipknee.com\/contactez-nous-au-516-735-4032\/stony-brook-meilleur-chirurgien-pour-larthroplastie-de-la-hanche-et-du-genou\/"},"modified":"2017-02-16T15:25:10","modified_gmt":"2017-02-16T20:25:10","slug":"stony-brook-meilleur-chirurgien-pour-larthroplastie-de-la-hanche-et-du-genou","status":"publish","type":"page","link":"https:\/\/www.newyorkhipknee.com\/fr\/contact\/stony-brook-meilleur-chirurgien-pour-larthroplastie-de-la-hanche-et-du-genou\/","title":{"rendered":"Stony Brook &#8211; Meilleur chirurgien pour l&rsquo;arthroplastie de la hanche et du genou"},"content":{"rendered":"<p><strong><a href=\"\/contact\/new-york-orthopedic-surgeon\/\">Stony Brook<\/a><\/strong><\/p>\n<hr>\n<p>2500 Nesconset Hwy. BLDG 10D<br \/>\nStony Brook, NY 11790<\/p>\n<h2><a href=\"https:\/\/bit.ly\/2kCeWmM\" target=\"_blank\" rel=\"noopener\">Cliquez ici pour obtenir l&rsquo;itin\u00e9raire, ou appelez-nous si vous souhaitez que nous vous l&rsquo;envoyions par SMS.<\/a><\/h2>\n<hr>\n<div style=\"text-align: center;\"><iframe loading=\"lazy\" style=\"border: 0;\" src=\"https:\/\/www.google.com\/maps\/embed?pb=!1m23!1m12!1m3!1d96531.18647490269!2d-73.1858888196283!3d40.88066091622!2m3!1f0!2f0!3f0!3m2!1i1024!2i768!4f13.1!4m8!3e6!4m0!4m5!1s0x89e838ebeb5950d3%3A0x4e9bb82554cba23f!2sDr.+Nakul+V.+Karkare%2C+MD+2500+Nesconset+Hwy.+BLDG+10D+Stony+Brook!3m2!1d40.8806821!2d-73.1158489!5e0!3m2!1sen!2sus!4v1517618267991\" width=\"600\" height=\"450\" allowfullscreen=\"allowfullscreen\"><\/iframe><\/div>\n<p>Depuis l&rsquo;est (Riverhead) :<br \/>\n1. Prendre la direction ouest sur Sanford Ave vers Parsons Blvd.<br \/>\n2. Tourner \u00e0 gauche sur Main St.<br \/>\n3. La rue principale se trouve juste apr\u00e8s le boulevard Kissena.<br \/>\n4. Le Tongs Cafe se trouve au coin de la rue<br \/>\n5. Si vous atteignez Frame Pl, vous avez parcouru environ 0,1 mille de trop.<br \/>\n6. Tourner \u00e0 gauche sur Horace Harding Expy.<br \/>\n7. Si vous atteignez la 62e avenue, vous \u00eates all\u00e9 un peu trop loin.<br \/>\n8. Rejoindre l&rsquo;autoroute I-495 E\/Long Island Expy E par la bretelle de gauche vers Eastern L I.<br \/>\n9. Prendre la sortie Northern Parkway E, EXIT 42, vers Hauppague.<br \/>\n10. Rejoindre Northern State Pkwy E.<br \/>\n11. Northern State Pkwy E devient NY-347.<br \/>\n12. Faire demi-tour \u00e0 Lakeside Ave sur NY-347\/Nesconset Hwy.<br \/>\n13. La destination se trouve sur votre droite (Stony Brook Medical Park).<br \/>\n14. Si vous atteignez Barker Dr, vous avez parcouru environ 0,1 mille de trop.<\/p>\n<p>Depuis l&rsquo;ouest (Queens) :<br \/>\n1. Prendre la direction sud sur Division Ave vers NY-24\/Hempstead Tpke.0.1 Miles<br \/>\n2. Tourner \u00e0 droite sur NY-24\/Hempstead Tpke.0.6 Miles<br \/>\n3. Tourner l\u00e9g\u00e8rement \u00e0 droite sur la rampe.0.1 Miles<br \/>\n4. Rejoindre W S\/Wantagh State Pkwy.2.1 Miles<br \/>\n5. Prendre la SORTIE W4 E sur la gauche vers Southern State Parkway East\/East Islip.0.4 Miles<br \/>\n6. Rejoindre SO E\/Southern State Pkwy.13.2 Miles<br \/>\n7. Prendre SA N\/Sagtikos State Pkwy vers Sunken Meadow Park.5.2 Miles<br \/>\n8. Prendre la sortie.0.3 Miles<br \/>\n9. Rejoindre N E\/Northern State Pkwy.2.1 Miles<br \/>\n10. N E\/Northern State Pkwy devient NY-347\/NY-454.2.0 Miles<br \/>\n11. Tourner l\u00e9g\u00e8rement \u00e0 gauche sur NY-347\/Nesconset-Port Jefferson Hwy. Continuer \u00e0 suivre NY-347.6.6 Miles<br \/>\n12. Tourner \u00e0 gauche sur Lakeside Ave.0.0 Miles<br \/>\n13. Tourner \u00e0 gauche sur NY-347\/Nesconset Hwy.0.0 Miles<\/p>\n<p>Depuis le nord (Port Jefferson) :<br \/>\n1. Prendre la direction sud sur Main St\/NY-25A vers Wynn Ln.<br \/>\n2. Continuer tout droit pour prendre Patchogue Rd\/NY-112.<br \/>\n3. Tourner \u00e0 droite sur NY-347\/Nesconset Hwy.<br \/>\n4. NY-347 est \u00e0 0.1 miles apr\u00e8s Reo Ave<br \/>\n5. Si vous \u00eates sur la NY-112 et que vous atteignez Rose Ave, vous \u00eates all\u00e9 un peu trop loin.<br \/>\n6. La destination se trouve sur votre droite (Stony Brook Medical Park).<\/p>\n<p>Depuis le sud (Patchogue) :<br \/>\n1. Prendre la direction ouest sur W Main St vers Havens Ave.<br \/>\n2. Prendre la 2e \u00e0 droite sur County Hwy-19\/Holbrook Rd. Continuer \u00e0 suivre la route d\u00e9partementale 19.<br \/>\n3. La County Hwy-19 se trouve \u00e0 0,1 miles apr\u00e8s Railroad Ave.<br \/>\n4. Si vous atteignez l&rsquo;avenue River, vous avez parcouru environ 0,2 mille de trop.<br \/>\n5. Rejoindre la County Hwy-97 N\/Nicolls Rd.<br \/>\n6. Tourner \u00e0 gauche sur Nesconset Hwy\/NY-347.<br \/>\n7. Nesconset Hwy est \u00e0 0,2 miles apr\u00e8s Pond Path.<br \/>\n8. La destination se trouve sur votre droite (Stony Brook Medical Park).<\/p>\n<h2>3 Centres de radiologie dans la r\u00e9gion de Stonybrook :<\/h2>\n<p>Zwanger Pesiri<br \/>\nFax &#8211; 631-751-2051<br \/>\nNum\u00e9ro de t\u00e9l\u00e9phone &#8211; 631-444-5544<\/p>\n<p>Arts m\u00e9dicaux<br \/>\nFax &#8211; 631-941-4215<br \/>\nNum\u00e9ro de t\u00e9l\u00e9phone &#8211; 631-689-7300<\/p>\n<p>IRM Stand Up<br \/>\nFax &#8211; 631-444-5362<br \/>\nNum\u00e9ro de t\u00e9l\u00e9phone &#8211; 631-444-5361<\/p>\n","protected":false},"excerpt":{"rendered":"<p>Stony Brook 2500 Nesconset Hwy. BLDG 10D Stony Brook, NY 11790 Cliquez ici pour obtenir l&rsquo;itin\u00e9raire, ou appelez-nous si vous souhaitez que nous vous l&rsquo;envoyions par SMS. Depuis l&rsquo;est (Riverhead) : 1. Prendre la direction ouest sur Sanford Ave vers Parsons Blvd. 2. Tourner \u00e0 gauche sur Main St. 3. La rue principale se trouve [&hellip;]<\/p>\n","protected":false},"author":1,"featured_media":0,"parent":17589,"menu_order":0,"comment_status":"closed","ping_status":"closed","template":"","meta":{"_et_pb_use_builder":"","_et_pb_old_content":"","_et_gb_content_width":"","footnotes":""},"class_list":["post-17606","page","type-page","status-publish","hentry"],"yoast_head":"<!-- This site is optimized with the Yoast SEO plugin v27.2 - https:\/\/yoast.com\/product\/yoast-seo-wordpress\/ -->\n<title>Meilleur chirurgien pour l&#039;arthroplastie de la hanche et du genou \u00e0 Stony Brook | NYHK<\/title>\n<meta name=\"description\" content=\"Stony Brook 2500 Nesconset Hwy. BLDG 10D Stony Brook, NY 11790 Cliquez ici pour obtenir l&#039;itin\u00e9raire, ou appelez-nous si vous souhaitez que nous vous\" \/>\n<meta name=\"robots\" content=\"index, follow, max-snippet:-1, max-image-preview:large, max-video-preview:-1\" \/>\n<link rel=\"canonical\" href=\"https:\/\/www.newyorkhipknee.com\/fr\/contact\/stony-brook-meilleur-chirurgien-pour-larthroplastie-de-la-hanche-et-du-genou\/\" \/>\n<meta property=\"og:locale\" content=\"fr_FR\" \/>\n<meta property=\"og:type\" content=\"article\" \/>\n<meta property=\"og:title\" content=\"Meilleur chirurgien pour l&#039;arthroplastie de la hanche et du genou \u00e0 Stony Brook | NYHK\" \/>\n<meta property=\"og:description\" content=\"Stony Brook 2500 Nesconset Hwy. BLDG 10D Stony Brook, NY 11790 Cliquez ici pour obtenir l&#039;itin\u00e9raire, ou appelez-nous si vous souhaitez que nous vous\" \/>\n<meta property=\"og:url\" content=\"https:\/\/www.newyorkhipknee.com\/fr\/contact\/stony-brook-meilleur-chirurgien-pour-larthroplastie-de-la-hanche-et-du-genou\/\" \/>\n<meta property=\"og:site_name\" content=\"Best Hip &amp; Knee Surgeon | NY, USA\" \/>\n<meta name=\"twitter:card\" content=\"summary_large_image\" \/>\n<meta name=\"twitter:label1\" content=\"Dur\u00e9e de lecture estim\u00e9e\" \/>\n\t<meta name=\"twitter:data1\" content=\"2 minutes\" \/>\n<script type=\"application\/ld+json\" class=\"yoast-schema-graph\">{\"@context\":\"https:\/\/schema.org\",\"@graph\":[{\"@type\":[\"WebPage\",\"MedicalWebPage\"],\"@id\":\"https:\/\/www.newyorkhipknee.com\/fr\/contact\/stony-brook-meilleur-chirurgien-pour-larthroplastie-de-la-hanche-et-du-genou\/\",\"url\":\"https:\/\/www.newyorkhipknee.com\/fr\/contact\/stony-brook-meilleur-chirurgien-pour-larthroplastie-de-la-hanche-et-du-genou\/\",\"name\":\"Meilleur chirurgien pour l'arthroplastie de la hanche et du genou \u00e0 Stony Brook | NYHK\",\"isPartOf\":{\"@id\":\"https:\/\/www.newyorkhipknee.com\/fr\/#website\"},\"datePublished\":\"2017-02-16T20:25:10+00:00\",\"description\":\"Stony Brook 2500 Nesconset Hwy. BLDG 10D Stony Brook, NY 11790 Cliquez ici pour obtenir l'itin\u00e9raire, ou appelez-nous si vous souhaitez que nous vous\",\"breadcrumb\":{\"@id\":\"https:\/\/www.newyorkhipknee.com\/fr\/contact\/stony-brook-meilleur-chirurgien-pour-larthroplastie-de-la-hanche-et-du-genou\/#breadcrumb\"},\"inLanguage\":\"fr-FR\",\"potentialAction\":[{\"@type\":\"ReadAction\",\"target\":[\"https:\/\/www.newyorkhipknee.com\/fr\/contact\/stony-brook-meilleur-chirurgien-pour-larthroplastie-de-la-hanche-et-du-genou\/\"]}]},{\"@type\":\"BreadcrumbList\",\"@id\":\"https:\/\/www.newyorkhipknee.com\/fr\/contact\/stony-brook-meilleur-chirurgien-pour-larthroplastie-de-la-hanche-et-du-genou\/#breadcrumb\",\"itemListElement\":[{\"@type\":\"ListItem\",\"position\":1,\"name\":\"Home\",\"item\":\"https:\/\/www.newyorkhipknee.com\/fr\/\"},{\"@type\":\"ListItem\",\"position\":2,\"name\":\"CONTACT\",\"item\":\"https:\/\/www.newyorkhipknee.com\/fr\/contact\/\"},{\"@type\":\"ListItem\",\"position\":3,\"name\":\"Stony Brook &#8211; Meilleur chirurgien pour l&rsquo;arthroplastie de la hanche et du genou\"}]},{\"@type\":\"WebSite\",\"@id\":\"https:\/\/www.newyorkhipknee.com\/fr\/#website\",\"url\":\"https:\/\/www.newyorkhipknee.com\/fr\/\",\"name\":\"Best Hip & Knee Surgeon | NY, USA\",\"description\":\"\",\"potentialAction\":[{\"@type\":\"SearchAction\",\"target\":{\"@type\":\"EntryPoint\",\"urlTemplate\":\"https:\/\/www.newyorkhipknee.com\/fr\/?s={search_term_string}\"},\"query-input\":{\"@type\":\"PropertyValueSpecification\",\"valueRequired\":true,\"valueName\":\"search_term_string\"}}],\"inLanguage\":\"fr-FR\"}]}<\/script>\n<!-- \/ Yoast SEO plugin. -->","yoast_head_json":{"title":"Meilleur chirurgien pour l'arthroplastie de la hanche et du genou \u00e0 Stony Brook | NYHK","description":"Stony Brook 2500 Nesconset Hwy. BLDG 10D Stony Brook, NY 11790 Cliquez ici pour obtenir l'itin\u00e9raire, ou appelez-nous si vous souhaitez que nous vous","robots":{"index":"index","follow":"follow","max-snippet":"max-snippet:-1","max-image-preview":"max-image-preview:large","max-video-preview":"max-video-preview:-1"},"canonical":"https:\/\/www.newyorkhipknee.com\/fr\/contact\/stony-brook-meilleur-chirurgien-pour-larthroplastie-de-la-hanche-et-du-genou\/","og_locale":"fr_FR","og_type":"article","og_title":"Meilleur chirurgien pour l'arthroplastie de la hanche et du genou \u00e0 Stony Brook | NYHK","og_description":"Stony Brook 2500 Nesconset Hwy. BLDG 10D Stony Brook, NY 11790 Cliquez ici pour obtenir l'itin\u00e9raire, ou appelez-nous si vous souhaitez que nous vous","og_url":"https:\/\/www.newyorkhipknee.com\/fr\/contact\/stony-brook-meilleur-chirurgien-pour-larthroplastie-de-la-hanche-et-du-genou\/","og_site_name":"Best Hip &amp; Knee Surgeon | NY, USA","twitter_card":"summary_large_image","twitter_misc":{"Dur\u00e9e de lecture estim\u00e9e":"2 minutes"},"schema":{"@context":"https:\/\/schema.org","@graph":[{"@type":["WebPage","MedicalWebPage"],"@id":"https:\/\/www.newyorkhipknee.com\/fr\/contact\/stony-brook-meilleur-chirurgien-pour-larthroplastie-de-la-hanche-et-du-genou\/","url":"https:\/\/www.newyorkhipknee.com\/fr\/contact\/stony-brook-meilleur-chirurgien-pour-larthroplastie-de-la-hanche-et-du-genou\/","name":"Meilleur chirurgien pour l'arthroplastie de la hanche et du genou \u00e0 Stony Brook | NYHK","isPartOf":{"@id":"https:\/\/www.newyorkhipknee.com\/fr\/#website"},"datePublished":"2017-02-16T20:25:10+00:00","description":"Stony Brook 2500 Nesconset Hwy. BLDG 10D Stony Brook, NY 11790 Cliquez ici pour obtenir l'itin\u00e9raire, ou appelez-nous si vous souhaitez que nous vous","breadcrumb":{"@id":"https:\/\/www.newyorkhipknee.com\/fr\/contact\/stony-brook-meilleur-chirurgien-pour-larthroplastie-de-la-hanche-et-du-genou\/#breadcrumb"},"inLanguage":"fr-FR","potentialAction":[{"@type":"ReadAction","target":["https:\/\/www.newyorkhipknee.com\/fr\/contact\/stony-brook-meilleur-chirurgien-pour-larthroplastie-de-la-hanche-et-du-genou\/"]}]},{"@type":"BreadcrumbList","@id":"https:\/\/www.newyorkhipknee.com\/fr\/contact\/stony-brook-meilleur-chirurgien-pour-larthroplastie-de-la-hanche-et-du-genou\/#breadcrumb","itemListElement":[{"@type":"ListItem","position":1,"name":"Home","item":"https:\/\/www.newyorkhipknee.com\/fr\/"},{"@type":"ListItem","position":2,"name":"CONTACT","item":"https:\/\/www.newyorkhipknee.com\/fr\/contact\/"},{"@type":"ListItem","position":3,"name":"Stony Brook &#8211; Meilleur chirurgien pour l&rsquo;arthroplastie de la hanche et du genou"}]},{"@type":"WebSite","@id":"https:\/\/www.newyorkhipknee.com\/fr\/#website","url":"https:\/\/www.newyorkhipknee.com\/fr\/","name":"Best Hip & Knee Surgeon | NY, USA","description":"","potentialAction":[{"@type":"SearchAction","target":{"@type":"EntryPoint","urlTemplate":"https:\/\/www.newyorkhipknee.com\/fr\/?s={search_term_string}"},"query-input":{"@type":"PropertyValueSpecification","valueRequired":true,"valueName":"search_term_string"}}],"inLanguage":"fr-FR"}]}},"_links":{"self":[{"href":"https:\/\/www.newyorkhipknee.com\/fr\/wp-json\/wp\/v2\/pages\/17606","targetHints":{"allow":["GET"]}}],"collection":[{"href":"https:\/\/www.newyorkhipknee.com\/fr\/wp-json\/wp\/v2\/pages"}],"about":[{"href":"https:\/\/www.newyorkhipknee.com\/fr\/wp-json\/wp\/v2\/types\/page"}],"author":[{"embeddable":true,"href":"https:\/\/www.newyorkhipknee.com\/fr\/wp-json\/wp\/v2\/users\/1"}],"replies":[{"embeddable":true,"href":"https:\/\/www.newyorkhipknee.com\/fr\/wp-json\/wp\/v2\/comments?post=17606"}],"version-history":[{"count":0,"href":"https:\/\/www.newyorkhipknee.com\/fr\/wp-json\/wp\/v2\/pages\/17606\/revisions"}],"up":[{"embeddable":true,"href":"https:\/\/www.newyorkhipknee.com\/fr\/wp-json\/wp\/v2\/pages\/17589"}],"wp:attachment":[{"href":"https:\/\/www.newyorkhipknee.com\/fr\/wp-json\/wp\/v2\/media?parent=17606"}],"curies":[{"name":"wp","href":"https:\/\/api.w.org\/{rel}","templated":true}]}}