{"id":17611,"date":"2014-05-06T14:20:53","date_gmt":"2014-05-06T18:20:53","guid":{"rendered":"https:\/\/newyorkhipknee.com\/remplacement-du-genou-sur-mesure\/osteonecrose\/"},"modified":"2014-05-06T14:20:53","modified_gmt":"2014-05-06T18:20:53","slug":"osteonecrose","status":"publish","type":"page","link":"https:\/\/www.newyorkhipknee.com\/fr\/remplacement-du-genou-sur-mesure\/osteonecrose\/","title":{"rendered":"Ost\u00e9on\u00e9crose"},"content":{"rendered":"<p>L&rsquo;ost\u00e9on\u00e9crose est une affection grave qui signifie litt\u00e9ralement la mort du tissu osseux (\u00ab\u00a0ost\u00e9o\u00a0\u00bb signifie \u00ab\u00a0os\u00a0\u00bb et \u00ab\u00a0n\u00e9crose\u00a0\u00bb signifie \u00ab\u00a0mort du tissu\u00a0\u00bb). Elle survient lorsque l&rsquo;apport sanguin qui fournit \u00e0 l&rsquo;os de l&rsquo;oxyg\u00e8ne et d&rsquo;autres nutriments importants est interrompu.<\/p>\n<p>Chaque ann\u00e9e, environ 20 000 personnes re\u00e7oivent un nouveau diagnostic d&rsquo;ost\u00e9on\u00e9crose aux \u00c9tats-Unis. L&rsquo;ost\u00e9on\u00e9crose est la cause la plus fr\u00e9quente de douleur au genou chez les femmes \u00e2g\u00e9es, qui sont trois fois plus susceptibles que les hommes de d\u00e9velopper cette affection.<\/p>\n<h2>Quelles sont les causes de l&rsquo;ost\u00e9on\u00e9crose ?<\/h2>\n<p>Certaines personnes qui d\u00e9veloppent une ost\u00e9on\u00e9crose ont une affection sous-jacente qui cause ou contribue \u00e0 la diminution du flux sanguin vers le tissu osseux. Cependant, dans la plupart des cas, la cause de l&rsquo;ost\u00e9on\u00e9crose est inconnue.<\/p>\n<p>Les chercheurs m\u00e9dicaux pensent qu&rsquo;une blessure ant\u00e9rieure, telle qu&rsquo;une fracture de stress ou une blessure traumatique, peut contribuer \u00e0 la diminution du flux sanguin, tandis que d&rsquo;autres pensent que l&rsquo;accumulation de liquide dans les tissus exerce une pression sur les vaisseaux sanguins et r\u00e9duit le flux sanguin normal.<\/p>\n<p>L&rsquo;ost\u00e9on\u00e9crose est plus fr\u00e9quente chez les personnes ob\u00e8ses, atteintes de lupus ou de dr\u00e9panocytose, qui ont subi une greffe de rein ou qui ont pris des m\u00e9dicaments st\u00e9ro\u00efdiens pendant une longue p\u00e9riode.<\/p>\n<p>L&rsquo;ost\u00e9on\u00e9crose provoque des douleurs importantes dans les articulations touch\u00e9es par la maladie, en particulier pendant les mouvements et la nuit. Certaines personnes peuvent pr\u00e9senter un gonflement et une sensibilit\u00e9, ainsi qu&rsquo;une r\u00e9duction de l&rsquo;amplitude des mouvements. La maladie \u00e9volue en quatre phases distinctes, les sympt\u00f4mes \u00e9tant particuli\u00e8rement intenses au cours de la premi\u00e8re phase, qui dure environ six \u00e0 huit semaines.<\/p>\n<h2>Comment l&rsquo;ost\u00e9on\u00e9crose est-elle trait\u00e9e ?<\/h2>\n<p>Dans les premiers stades de l&rsquo;ost\u00e9on\u00e9crose, une prise en charge non chirurgicale peut \u00eatre utilis\u00e9e, notamment des m\u00e9dicaments anti-inflammatoires et des exercices ou de la kin\u00e9sith\u00e9rapie pour renforcer l&rsquo;articulation et favoriser la circulation. Mais au fur et \u00e0 mesure que la maladie progresse, la chirurgie devient plus probable. Les options chirurgicales d\u00e9pendent de l&rsquo;\u00e9tendue et du stade de la maladie :<\/p>\n<ul>\n<li>Nettoyage ou \u00ab\u00a0d\u00e9bridage\u00a0\u00bb de l&rsquo;articulation afin de lisser les surfaces et d&rsquo;\u00e9liminer les d\u00e9bris.<\/li>\n<li>Forage de la zone affect\u00e9e pour diminuer la pression de la surface osseuse<\/li>\n<li>Proc\u00e9dures visant \u00e0 redistribuer le poids et \u00e0 soulager l&rsquo;articulation.<\/li>\n<li>Remplacement partiel ou complet d&rsquo;une articulation<\/li>\n<\/ul>\n<p>Votre traitement sera d\u00e9termin\u00e9 sur la base d&rsquo;une \u00e9valuation et d&rsquo;un examen approfondis de votre articulation afin de d\u00e9terminer la meilleure approche.<\/p>\n<h2>Choisir un prestataire de soins<\/h2>\n<p>En tant que chirurgien orthop\u00e9dique new-yorkais de premier plan, le Dr Karkare a une grande exp\u00e9rience du diagnostic et du traitement de l&rsquo;ost\u00e9on\u00e9crose \u00e0 tous ses stades chez les patients de New York City et de Long Island. Dans ses cabinets de Manhattan, Bayside, Centereach, Lindenhurst, Riverhead et Pachogue, le docteur Karkare veille \u00e0 ce que chaque patient ait acc\u00e8s aux options de soins les plus avanc\u00e9es, les plus appropri\u00e9es et les plus efficaces pour obtenir les meilleurs r\u00e9sultats possibles.<\/p>\n<p>Comme d&rsquo;autres troubles et maladies li\u00e9s aux articulations et aux os, l&rsquo;ost\u00e9on\u00e9crose r\u00e9agit mieux \u00e0 un diagnostic et \u00e0 un traitement pr\u00e9coces ; il est donc essentiel de prendre rendez-vous d\u00e8s l&rsquo;apparition des premiers sympt\u00f4mes. Si vous souffrez de douleurs au genou, \u00e0 la hanche ou \u00e0 d&rsquo;autres articulations, appelez notre cabinet au 516-735-4032 ou <a href=\"https:\/\/newyorkhipknee.comappointments\/online-appointment\/\">prenez rendez-vous en ligne<\/a> afin d&rsquo;obtenir les r\u00e9ponses et le traitement dont vous avez besoin pour r\u00e9duire la douleur, am\u00e9liorer votre sant\u00e9 et votre qualit\u00e9 de vie.<\/p>\n","protected":false},"excerpt":{"rendered":"<p>L&rsquo;ost\u00e9on\u00e9crose est une affection grave qui signifie litt\u00e9ralement la mort du tissu osseux (\u00ab\u00a0ost\u00e9o\u00a0\u00bb signifie \u00ab\u00a0os\u00a0\u00bb et \u00ab\u00a0n\u00e9crose\u00a0\u00bb signifie \u00ab\u00a0mort du tissu\u00a0\u00bb). Elle survient lorsque l&rsquo;apport sanguin qui fournit \u00e0 l&rsquo;os de l&rsquo;oxyg\u00e8ne et d&rsquo;autres nutriments importants est interrompu. Chaque ann\u00e9e, environ 20 000 personnes re\u00e7oivent un nouveau diagnostic d&rsquo;ost\u00e9on\u00e9crose aux \u00c9tats-Unis. L&rsquo;ost\u00e9on\u00e9crose est la [&hellip;]<\/p>\n","protected":false},"author":7,"featured_media":0,"parent":17609,"menu_order":0,"comment_status":"open","ping_status":"open","template":"","meta":{"_et_pb_use_builder":"","_et_pb_old_content":"","_et_gb_content_width":"","footnotes":""},"class_list":["post-17611","page","type-page","status-publish","hentry"],"yoast_head":"<!-- This site is optimized with the Yoast SEO plugin v27.2 - https:\/\/yoast.com\/product\/yoast-seo-wordpress\/ -->\n<title>Traitement de l&#039;ost\u00e9on\u00e9crose du genou | Arthrose et douleur du genou | NY<\/title>\n<meta name=\"description\" content=\"L&#039;ost\u00e9on\u00e9crose du genou est un \u00e9tat de douleur chronique d\u00fb \u00e0 un d\u00e9r\u00e8glement de la circulation osseuse. L&#039;arthrose et les douleurs du genou sont trait\u00e9es par le Dr Karkare \u00e0 New York.\" \/>\n<meta name=\"robots\" content=\"index, follow, max-snippet:-1, max-image-preview:large, max-video-preview:-1\" \/>\n<link rel=\"canonical\" href=\"https:\/\/www.newyorkhipknee.com\/fr\/remplacement-du-genou-sur-mesure\/osteonecrose\/\" \/>\n<meta property=\"og:locale\" content=\"fr_FR\" \/>\n<meta property=\"og:type\" content=\"article\" \/>\n<meta property=\"og:title\" content=\"Traitement de l&#039;ost\u00e9on\u00e9crose du genou | Arthrose et douleur du genou | NY\" \/>\n<meta property=\"og:description\" content=\"L&#039;ost\u00e9on\u00e9crose du genou est un \u00e9tat de douleur chronique d\u00fb \u00e0 un d\u00e9r\u00e8glement de la circulation osseuse. L&#039;arthrose et les douleurs du genou sont trait\u00e9es par le Dr Karkare \u00e0 New York.\" \/>\n<meta property=\"og:url\" content=\"https:\/\/www.newyorkhipknee.com\/fr\/remplacement-du-genou-sur-mesure\/osteonecrose\/\" \/>\n<meta property=\"og:site_name\" content=\"Best Hip &amp; Knee Surgeon | NY, USA\" \/>\n<meta name=\"twitter:card\" content=\"summary_large_image\" \/>\n<meta name=\"twitter:label1\" content=\"Dur\u00e9e de lecture estim\u00e9e\" \/>\n\t<meta name=\"twitter:data1\" content=\"3 minutes\" \/>\n<script type=\"application\/ld+json\" class=\"yoast-schema-graph\">{\"@context\":\"https:\/\/schema.org\",\"@graph\":[{\"@type\":[\"WebPage\",\"MedicalWebPage\"],\"@id\":\"https:\/\/www.newyorkhipknee.com\/fr\/remplacement-du-genou-sur-mesure\/osteonecrose\/\",\"url\":\"https:\/\/www.newyorkhipknee.com\/fr\/remplacement-du-genou-sur-mesure\/osteonecrose\/\",\"name\":\"Traitement de l'ost\u00e9on\u00e9crose du genou | Arthrose et douleur du genou | NY\",\"isPartOf\":{\"@id\":\"https:\/\/www.newyorkhipknee.com\/fr\/#website\"},\"datePublished\":\"2014-05-06T18:20:53+00:00\",\"description\":\"L'ost\u00e9on\u00e9crose du genou est un \u00e9tat de douleur chronique d\u00fb \u00e0 un d\u00e9r\u00e8glement de la circulation osseuse. L'arthrose et les douleurs du genou sont trait\u00e9es par le Dr Karkare \u00e0 New York.\",\"breadcrumb\":{\"@id\":\"https:\/\/www.newyorkhipknee.com\/fr\/remplacement-du-genou-sur-mesure\/osteonecrose\/#breadcrumb\"},\"inLanguage\":\"fr-FR\",\"potentialAction\":[{\"@type\":\"ReadAction\",\"target\":[\"https:\/\/www.newyorkhipknee.com\/fr\/remplacement-du-genou-sur-mesure\/osteonecrose\/\"]}]},{\"@type\":\"BreadcrumbList\",\"@id\":\"https:\/\/www.newyorkhipknee.com\/fr\/remplacement-du-genou-sur-mesure\/osteonecrose\/#breadcrumb\",\"itemListElement\":[{\"@type\":\"ListItem\",\"position\":1,\"name\":\"Home\",\"item\":\"https:\/\/www.newyorkhipknee.com\/fr\/\"},{\"@type\":\"ListItem\",\"position\":2,\"name\":\"Remplacement du genou sur mesure\",\"item\":\"https:\/\/www.newyorkhipknee.com\/fr\/remplacement-du-genou-sur-mesure\/\"},{\"@type\":\"ListItem\",\"position\":3,\"name\":\"Ost\u00e9on\u00e9crose\"}]},{\"@type\":\"WebSite\",\"@id\":\"https:\/\/www.newyorkhipknee.com\/fr\/#website\",\"url\":\"https:\/\/www.newyorkhipknee.com\/fr\/\",\"name\":\"Best Hip & Knee Surgeon | NY, USA\",\"description\":\"\",\"potentialAction\":[{\"@type\":\"SearchAction\",\"target\":{\"@type\":\"EntryPoint\",\"urlTemplate\":\"https:\/\/www.newyorkhipknee.com\/fr\/?s={search_term_string}\"},\"query-input\":{\"@type\":\"PropertyValueSpecification\",\"valueRequired\":true,\"valueName\":\"search_term_string\"}}],\"inLanguage\":\"fr-FR\"}]}<\/script>\n<!-- \/ Yoast SEO plugin. -->","yoast_head_json":{"title":"Traitement de l'ost\u00e9on\u00e9crose du genou | Arthrose et douleur du genou | NY","description":"L'ost\u00e9on\u00e9crose du genou est un \u00e9tat de douleur chronique d\u00fb \u00e0 un d\u00e9r\u00e8glement de la circulation osseuse. L'arthrose et les douleurs du genou sont trait\u00e9es par le Dr Karkare \u00e0 New York.","robots":{"index":"index","follow":"follow","max-snippet":"max-snippet:-1","max-image-preview":"max-image-preview:large","max-video-preview":"max-video-preview:-1"},"canonical":"https:\/\/www.newyorkhipknee.com\/fr\/remplacement-du-genou-sur-mesure\/osteonecrose\/","og_locale":"fr_FR","og_type":"article","og_title":"Traitement de l'ost\u00e9on\u00e9crose du genou | Arthrose et douleur du genou | NY","og_description":"L'ost\u00e9on\u00e9crose du genou est un \u00e9tat de douleur chronique d\u00fb \u00e0 un d\u00e9r\u00e8glement de la circulation osseuse. L'arthrose et les douleurs du genou sont trait\u00e9es par le Dr Karkare \u00e0 New York.","og_url":"https:\/\/www.newyorkhipknee.com\/fr\/remplacement-du-genou-sur-mesure\/osteonecrose\/","og_site_name":"Best Hip &amp; Knee Surgeon | NY, USA","twitter_card":"summary_large_image","twitter_misc":{"Dur\u00e9e de lecture estim\u00e9e":"3 minutes"},"schema":{"@context":"https:\/\/schema.org","@graph":[{"@type":["WebPage","MedicalWebPage"],"@id":"https:\/\/www.newyorkhipknee.com\/fr\/remplacement-du-genou-sur-mesure\/osteonecrose\/","url":"https:\/\/www.newyorkhipknee.com\/fr\/remplacement-du-genou-sur-mesure\/osteonecrose\/","name":"Traitement de l'ost\u00e9on\u00e9crose du genou | Arthrose et douleur du genou | NY","isPartOf":{"@id":"https:\/\/www.newyorkhipknee.com\/fr\/#website"},"datePublished":"2014-05-06T18:20:53+00:00","description":"L'ost\u00e9on\u00e9crose du genou est un \u00e9tat de douleur chronique d\u00fb \u00e0 un d\u00e9r\u00e8glement de la circulation osseuse. L'arthrose et les douleurs du genou sont trait\u00e9es par le Dr Karkare \u00e0 New York.","breadcrumb":{"@id":"https:\/\/www.newyorkhipknee.com\/fr\/remplacement-du-genou-sur-mesure\/osteonecrose\/#breadcrumb"},"inLanguage":"fr-FR","potentialAction":[{"@type":"ReadAction","target":["https:\/\/www.newyorkhipknee.com\/fr\/remplacement-du-genou-sur-mesure\/osteonecrose\/"]}]},{"@type":"BreadcrumbList","@id":"https:\/\/www.newyorkhipknee.com\/fr\/remplacement-du-genou-sur-mesure\/osteonecrose\/#breadcrumb","itemListElement":[{"@type":"ListItem","position":1,"name":"Home","item":"https:\/\/www.newyorkhipknee.com\/fr\/"},{"@type":"ListItem","position":2,"name":"Remplacement du genou sur mesure","item":"https:\/\/www.newyorkhipknee.com\/fr\/remplacement-du-genou-sur-mesure\/"},{"@type":"ListItem","position":3,"name":"Ost\u00e9on\u00e9crose"}]},{"@type":"WebSite","@id":"https:\/\/www.newyorkhipknee.com\/fr\/#website","url":"https:\/\/www.newyorkhipknee.com\/fr\/","name":"Best Hip & Knee Surgeon | NY, USA","description":"","potentialAction":[{"@type":"SearchAction","target":{"@type":"EntryPoint","urlTemplate":"https:\/\/www.newyorkhipknee.com\/fr\/?s={search_term_string}"},"query-input":{"@type":"PropertyValueSpecification","valueRequired":true,"valueName":"search_term_string"}}],"inLanguage":"fr-FR"}]}},"_links":{"self":[{"href":"https:\/\/www.newyorkhipknee.com\/fr\/wp-json\/wp\/v2\/pages\/17611","targetHints":{"allow":["GET"]}}],"collection":[{"href":"https:\/\/www.newyorkhipknee.com\/fr\/wp-json\/wp\/v2\/pages"}],"about":[{"href":"https:\/\/www.newyorkhipknee.com\/fr\/wp-json\/wp\/v2\/types\/page"}],"author":[{"embeddable":true,"href":"https:\/\/www.newyorkhipknee.com\/fr\/wp-json\/wp\/v2\/users\/7"}],"replies":[{"embeddable":true,"href":"https:\/\/www.newyorkhipknee.com\/fr\/wp-json\/wp\/v2\/comments?post=17611"}],"version-history":[{"count":0,"href":"https:\/\/www.newyorkhipknee.com\/fr\/wp-json\/wp\/v2\/pages\/17611\/revisions"}],"up":[{"embeddable":true,"href":"https:\/\/www.newyorkhipknee.com\/fr\/wp-json\/wp\/v2\/pages\/17609"}],"wp:attachment":[{"href":"https:\/\/www.newyorkhipknee.com\/fr\/wp-json\/wp\/v2\/media?parent=17611"}],"curies":[{"name":"wp","href":"https:\/\/api.w.org\/{rel}","templated":true}]}}