{"id":17612,"date":"2021-10-28T04:08:39","date_gmt":"2021-10-28T08:08:39","guid":{"rendered":"https:\/\/newyorkhipknee.com\/remplacement-du-genou-sur-mesure\/prevention-dune-nouvelle-lesion-du-genou-apres-une-intervention-chirurgicale-nouvelles-lignes-directrices\/"},"modified":"2021-10-28T04:08:39","modified_gmt":"2021-10-28T08:08:39","slug":"prevention-dune-nouvelle-lesion-du-genou-apres-une-intervention-chirurgicale-nouvelles-lignes-directrices","status":"publish","type":"page","link":"https:\/\/www.newyorkhipknee.com\/fr\/remplacement-du-genou-sur-mesure\/prevention-dune-nouvelle-lesion-du-genou-apres-une-intervention-chirurgicale-nouvelles-lignes-directrices\/","title":{"rendered":"Pr\u00e9vention d&rsquo;une nouvelle l\u00e9sion du genou apr\u00e8s une intervention chirurgicale : Nouvelles lignes directrices"},"content":{"rendered":"<p>De nombreuses personnes ayant subi une r\u00e9paration du ligament crois\u00e9 ant\u00e9rieur (LCA) du genou pr\u00e9sentent un risque \u00e9lev\u00e9 de r\u00e9cidive de la l\u00e9sion du m\u00eame ligament. Aujourd&rsquo;hui, des chercheurs norv\u00e9giens affirment que de simples tests de d\u00e9pistage postop\u00e9ratoires avant d&rsquo;autoriser l&rsquo;athl\u00e8te \u00e0 reprendre le sport peuvent r\u00e9duire le risque.<\/p>\n<p>On estime que pr\u00e8s de 30 % des jeunes actifs op\u00e9r\u00e9s du ligament crois\u00e9 ant\u00e9rieur pr\u00e9senteront \u00e0 nouveau la m\u00eame blessure quelques ann\u00e9es apr\u00e8s l&rsquo;intervention. Les deux facteurs de risque de nouvelle l\u00e9sion du ligament crois\u00e9 ant\u00e9rieur sont la pratique d&rsquo;un sport et la jeunesse.<\/p>\n<p>Les chercheurs norv\u00e9giens ont observ\u00e9 que deux facteurs conduisaient \u00e0 des l\u00e9sions r\u00e9currentes du ligament crois\u00e9 ant\u00e9rieur : la reprise du sport avec une faible force musculaire et la reprise trop pr\u00e9coce de l&rsquo;activit\u00e9 sportive.<\/p>\n<p>Les chercheurs ont recueilli des donn\u00e9es sur 100 participants \u00e2g\u00e9s en moyenne de 24 ans qui avaient d\u00e9j\u00e0 subi une op\u00e9ration du ligament crois\u00e9 ant\u00e9rieur.<\/p>\n<p>Au cours des 24 mois suivants, des enqu\u00eates sont men\u00e9es aupr\u00e8s des participants pour savoir s&rsquo;ils ont subi une autre blessure au genou.<\/p>\n<p>Les chirurgiens des chercheurs \u00e9valuent \u00e9galement la force du muscle quadriceps dans les deux jambes pour s&rsquo;assurer des crit\u00e8res de \u00ab\u00a0retour au sport\u00a0\u00bb. Dans l&rsquo;ensemble, 24 patients ont subi une autre blessure au genou ; les personnes qui pratiquaient des activit\u00e9s sportives de saut et de pivotement \u00e9taient plus de quatre fois plus susceptibles de subir des blessures au genou que celles qui n&rsquo;en pratiquaient pas. Vingt-cinq pour cent des participants ont r\u00e9pondu aux crit\u00e8res de reprise du sport.<\/p>\n<p>Parmi ceux qui ont \u00e9chou\u00e9 au crit\u00e8re de \u00ab\u00a0retour au sport\u00a0\u00bb (75 %), 38 % ont souffert d&rsquo;une autre blessure au genou, contre 5,6 % de ceux qui ont r\u00e9ussi le test.<\/p>\n<p>Ceux qui avaient une force sym\u00e9trique dans les deux quadriceps avant de commencer \u00e0 faire du sport avaient nettement moins de risques de se blesser \u00e0 nouveau au genou. Plus l&rsquo;individu attendait avant de reprendre le sport, plus le risque diminuait et, finalement, ce risque s&rsquo;est stabilis\u00e9 \u00e0 environ 9 mois.<\/p>\n<p>Cette \u00e9tude r\u00e9v\u00e8le que les jeunes doivent savoir qu&rsquo;un retour pr\u00e9cipit\u00e9 \u00e0 la chirurgie apr\u00e8s une reconstruction du ligament crois\u00e9 ant\u00e9rieur comporte un risque \u00e9lev\u00e9.<\/p>\n<p>Les athl\u00e8tes doivent attendre au moins 9 mois apr\u00e8s l&rsquo;op\u00e9ration ou apr\u00e8s avoir retrouv\u00e9 une force musculaire suffisante au niveau de la cuisse, comparable \u00e0 celle de la jambe indemne, avant de se lancer dans le monde du sport.<\/p>\n<p>Les l\u00e9sions r\u00e9currentes du ligament crois\u00e9 ant\u00e9rieur sont \u00e9galement associ\u00e9es \u00e0 une p\u00e9riode de r\u00e9cup\u00e9ration plus longue et la reprise du sport n&rsquo;est pas toujours assur\u00e9e.<\/p>\n<h3>Planifiez votre premi\u00e8re visite<\/h3>\n<div align=\"center\"><a class=\"livesite-schedule\" href=\"https:\/\/live.vcita.com\/site\/nyhipknee\/online-scheduling?staff=sbuvrwlyhlcvxsjv\" target=\"blank\" rel=\"noopener\" data-staff=\"b69585d231f6813d\"><br \/>\n<img decoding=\"async\" title=\"Planifier maintenant\" src=\"\/wp-content\/uploads\/2016\/02\/karkare-calendar.png\" alt=\"Planifier maintenant\" border=\"0\"><\/a><\/div>\n","protected":false},"excerpt":{"rendered":"<p>De nombreuses personnes ayant subi une r\u00e9paration du ligament crois\u00e9 ant\u00e9rieur (LCA) du genou pr\u00e9sentent un risque \u00e9lev\u00e9 de r\u00e9cidive de la l\u00e9sion du m\u00eame ligament. Aujourd&rsquo;hui, des chercheurs norv\u00e9giens affirment que de simples tests de d\u00e9pistage postop\u00e9ratoires avant d&rsquo;autoriser l&rsquo;athl\u00e8te \u00e0 reprendre le sport peuvent r\u00e9duire le risque. On estime que pr\u00e8s de 30 [&hellip;]<\/p>\n","protected":false},"author":15,"featured_media":0,"parent":17609,"menu_order":0,"comment_status":"closed","ping_status":"closed","template":"","meta":{"_et_pb_use_builder":"","_et_pb_old_content":"","_et_gb_content_width":"","footnotes":""},"class_list":["post-17612","page","type-page","status-publish","hentry"],"yoast_head":"<!-- This site is optimized with the Yoast SEO plugin v27.2 - https:\/\/yoast.com\/product\/yoast-seo-wordpress\/ -->\n<title>Dr. Nakul | NY, USA : Pr\u00e9venir une nouvelle blessure du genou apr\u00e8s une intervention chirurgicale<\/title>\n<meta name=\"description\" content=\"De nombreuses personnes ayant subi une r\u00e9paration du ligament crois\u00e9 ant\u00e9rieur (LCA) du genou pr\u00e9sentent un risque \u00e9lev\u00e9 de r\u00e9cidive de la l\u00e9sion du m\u00eame ligament. Aujourd&#039;hui, des chercheurs norv\u00e9giens affirment que de simples tests de d\u00e9pistage postop\u00e9ratoires avant d&#039;autoriser l&#039;athl\u00e8te \u00e0 reprendre le sport peuvent r\u00e9duire le risque.\" \/>\n<meta name=\"robots\" content=\"index, follow, max-snippet:-1, max-image-preview:large, max-video-preview:-1\" \/>\n<link rel=\"canonical\" href=\"https:\/\/www.newyorkhipknee.com\/fr\/remplacement-du-genou-sur-mesure\/prevention-dune-nouvelle-lesion-du-genou-apres-une-intervention-chirurgicale-nouvelles-lignes-directrices\/\" \/>\n<meta property=\"og:locale\" content=\"fr_FR\" \/>\n<meta property=\"og:type\" content=\"article\" \/>\n<meta property=\"og:title\" content=\"Dr. Nakul | NY, USA : Pr\u00e9venir une nouvelle blessure du genou apr\u00e8s une intervention chirurgicale\" \/>\n<meta property=\"og:description\" content=\"De nombreuses personnes ayant subi une r\u00e9paration du ligament crois\u00e9 ant\u00e9rieur (LCA) du genou pr\u00e9sentent un risque \u00e9lev\u00e9 de r\u00e9cidive de la l\u00e9sion du m\u00eame ligament. Aujourd&#039;hui, des chercheurs norv\u00e9giens affirment que de simples tests de d\u00e9pistage postop\u00e9ratoires avant d&#039;autoriser l&#039;athl\u00e8te \u00e0 reprendre le sport peuvent r\u00e9duire le risque.\" \/>\n<meta property=\"og:url\" content=\"https:\/\/www.newyorkhipknee.com\/fr\/remplacement-du-genou-sur-mesure\/prevention-dune-nouvelle-lesion-du-genou-apres-une-intervention-chirurgicale-nouvelles-lignes-directrices\/\" \/>\n<meta property=\"og:site_name\" content=\"Best Hip &amp; Knee Surgeon | NY, USA\" \/>\n<meta name=\"twitter:card\" content=\"summary_large_image\" \/>\n<meta name=\"twitter:label1\" content=\"Dur\u00e9e de lecture estim\u00e9e\" \/>\n\t<meta name=\"twitter:data1\" content=\"2 minutes\" \/>\n<script type=\"application\/ld+json\" class=\"yoast-schema-graph\">{\"@context\":\"https:\/\/schema.org\",\"@graph\":[{\"@type\":[\"WebPage\",\"MedicalWebPage\"],\"@id\":\"https:\/\/www.newyorkhipknee.com\/fr\/remplacement-du-genou-sur-mesure\/prevention-dune-nouvelle-lesion-du-genou-apres-une-intervention-chirurgicale-nouvelles-lignes-directrices\/\",\"url\":\"https:\/\/www.newyorkhipknee.com\/fr\/remplacement-du-genou-sur-mesure\/prevention-dune-nouvelle-lesion-du-genou-apres-une-intervention-chirurgicale-nouvelles-lignes-directrices\/\",\"name\":\"Dr. Nakul | NY, USA : Pr\u00e9venir une nouvelle blessure du genou apr\u00e8s une intervention chirurgicale\",\"isPartOf\":{\"@id\":\"https:\/\/www.newyorkhipknee.com\/fr\/#website\"},\"datePublished\":\"2021-10-28T08:08:39+00:00\",\"description\":\"De nombreuses personnes ayant subi une r\u00e9paration du ligament crois\u00e9 ant\u00e9rieur (LCA) du genou pr\u00e9sentent un risque \u00e9lev\u00e9 de r\u00e9cidive de la l\u00e9sion du m\u00eame ligament. Aujourd'hui, des chercheurs norv\u00e9giens affirment que de simples tests de d\u00e9pistage postop\u00e9ratoires avant d'autoriser l'athl\u00e8te \u00e0 reprendre le sport peuvent r\u00e9duire le risque.\",\"breadcrumb\":{\"@id\":\"https:\/\/www.newyorkhipknee.com\/fr\/remplacement-du-genou-sur-mesure\/prevention-dune-nouvelle-lesion-du-genou-apres-une-intervention-chirurgicale-nouvelles-lignes-directrices\/#breadcrumb\"},\"inLanguage\":\"fr-FR\",\"potentialAction\":[{\"@type\":\"ReadAction\",\"target\":[\"https:\/\/www.newyorkhipknee.com\/fr\/remplacement-du-genou-sur-mesure\/prevention-dune-nouvelle-lesion-du-genou-apres-une-intervention-chirurgicale-nouvelles-lignes-directrices\/\"]}]},{\"@type\":\"BreadcrumbList\",\"@id\":\"https:\/\/www.newyorkhipknee.com\/fr\/remplacement-du-genou-sur-mesure\/prevention-dune-nouvelle-lesion-du-genou-apres-une-intervention-chirurgicale-nouvelles-lignes-directrices\/#breadcrumb\",\"itemListElement\":[{\"@type\":\"ListItem\",\"position\":1,\"name\":\"Home\",\"item\":\"https:\/\/www.newyorkhipknee.com\/fr\/\"},{\"@type\":\"ListItem\",\"position\":2,\"name\":\"Remplacement du genou sur mesure\",\"item\":\"https:\/\/www.newyorkhipknee.com\/fr\/remplacement-du-genou-sur-mesure\/\"},{\"@type\":\"ListItem\",\"position\":3,\"name\":\"Pr\u00e9vention d&rsquo;une nouvelle l\u00e9sion du genou apr\u00e8s une intervention chirurgicale : Nouvelles lignes directrices\"}]},{\"@type\":\"WebSite\",\"@id\":\"https:\/\/www.newyorkhipknee.com\/fr\/#website\",\"url\":\"https:\/\/www.newyorkhipknee.com\/fr\/\",\"name\":\"Best Hip & Knee Surgeon | NY, USA\",\"description\":\"\",\"potentialAction\":[{\"@type\":\"SearchAction\",\"target\":{\"@type\":\"EntryPoint\",\"urlTemplate\":\"https:\/\/www.newyorkhipknee.com\/fr\/?s={search_term_string}\"},\"query-input\":{\"@type\":\"PropertyValueSpecification\",\"valueRequired\":true,\"valueName\":\"search_term_string\"}}],\"inLanguage\":\"fr-FR\"}]}<\/script>\n<!-- \/ Yoast SEO plugin. -->","yoast_head_json":{"title":"Dr. Nakul | NY, USA : Pr\u00e9venir une nouvelle blessure du genou apr\u00e8s une intervention chirurgicale","description":"De nombreuses personnes ayant subi une r\u00e9paration du ligament crois\u00e9 ant\u00e9rieur (LCA) du genou pr\u00e9sentent un risque \u00e9lev\u00e9 de r\u00e9cidive de la l\u00e9sion du m\u00eame ligament. Aujourd'hui, des chercheurs norv\u00e9giens affirment que de simples tests de d\u00e9pistage postop\u00e9ratoires avant d'autoriser l'athl\u00e8te \u00e0 reprendre le sport peuvent r\u00e9duire le risque.","robots":{"index":"index","follow":"follow","max-snippet":"max-snippet:-1","max-image-preview":"max-image-preview:large","max-video-preview":"max-video-preview:-1"},"canonical":"https:\/\/www.newyorkhipknee.com\/fr\/remplacement-du-genou-sur-mesure\/prevention-dune-nouvelle-lesion-du-genou-apres-une-intervention-chirurgicale-nouvelles-lignes-directrices\/","og_locale":"fr_FR","og_type":"article","og_title":"Dr. Nakul | NY, USA : Pr\u00e9venir une nouvelle blessure du genou apr\u00e8s une intervention chirurgicale","og_description":"De nombreuses personnes ayant subi une r\u00e9paration du ligament crois\u00e9 ant\u00e9rieur (LCA) du genou pr\u00e9sentent un risque \u00e9lev\u00e9 de r\u00e9cidive de la l\u00e9sion du m\u00eame ligament. Aujourd'hui, des chercheurs norv\u00e9giens affirment que de simples tests de d\u00e9pistage postop\u00e9ratoires avant d'autoriser l'athl\u00e8te \u00e0 reprendre le sport peuvent r\u00e9duire le risque.","og_url":"https:\/\/www.newyorkhipknee.com\/fr\/remplacement-du-genou-sur-mesure\/prevention-dune-nouvelle-lesion-du-genou-apres-une-intervention-chirurgicale-nouvelles-lignes-directrices\/","og_site_name":"Best Hip &amp; Knee Surgeon | NY, USA","twitter_card":"summary_large_image","twitter_misc":{"Dur\u00e9e de lecture estim\u00e9e":"2 minutes"},"schema":{"@context":"https:\/\/schema.org","@graph":[{"@type":["WebPage","MedicalWebPage"],"@id":"https:\/\/www.newyorkhipknee.com\/fr\/remplacement-du-genou-sur-mesure\/prevention-dune-nouvelle-lesion-du-genou-apres-une-intervention-chirurgicale-nouvelles-lignes-directrices\/","url":"https:\/\/www.newyorkhipknee.com\/fr\/remplacement-du-genou-sur-mesure\/prevention-dune-nouvelle-lesion-du-genou-apres-une-intervention-chirurgicale-nouvelles-lignes-directrices\/","name":"Dr. Nakul | NY, USA : Pr\u00e9venir une nouvelle blessure du genou apr\u00e8s une intervention chirurgicale","isPartOf":{"@id":"https:\/\/www.newyorkhipknee.com\/fr\/#website"},"datePublished":"2021-10-28T08:08:39+00:00","description":"De nombreuses personnes ayant subi une r\u00e9paration du ligament crois\u00e9 ant\u00e9rieur (LCA) du genou pr\u00e9sentent un risque \u00e9lev\u00e9 de r\u00e9cidive de la l\u00e9sion du m\u00eame ligament. Aujourd'hui, des chercheurs norv\u00e9giens affirment que de simples tests de d\u00e9pistage postop\u00e9ratoires avant d'autoriser l'athl\u00e8te \u00e0 reprendre le sport peuvent r\u00e9duire le risque.","breadcrumb":{"@id":"https:\/\/www.newyorkhipknee.com\/fr\/remplacement-du-genou-sur-mesure\/prevention-dune-nouvelle-lesion-du-genou-apres-une-intervention-chirurgicale-nouvelles-lignes-directrices\/#breadcrumb"},"inLanguage":"fr-FR","potentialAction":[{"@type":"ReadAction","target":["https:\/\/www.newyorkhipknee.com\/fr\/remplacement-du-genou-sur-mesure\/prevention-dune-nouvelle-lesion-du-genou-apres-une-intervention-chirurgicale-nouvelles-lignes-directrices\/"]}]},{"@type":"BreadcrumbList","@id":"https:\/\/www.newyorkhipknee.com\/fr\/remplacement-du-genou-sur-mesure\/prevention-dune-nouvelle-lesion-du-genou-apres-une-intervention-chirurgicale-nouvelles-lignes-directrices\/#breadcrumb","itemListElement":[{"@type":"ListItem","position":1,"name":"Home","item":"https:\/\/www.newyorkhipknee.com\/fr\/"},{"@type":"ListItem","position":2,"name":"Remplacement du genou sur mesure","item":"https:\/\/www.newyorkhipknee.com\/fr\/remplacement-du-genou-sur-mesure\/"},{"@type":"ListItem","position":3,"name":"Pr\u00e9vention d&rsquo;une nouvelle l\u00e9sion du genou apr\u00e8s une intervention chirurgicale : Nouvelles lignes directrices"}]},{"@type":"WebSite","@id":"https:\/\/www.newyorkhipknee.com\/fr\/#website","url":"https:\/\/www.newyorkhipknee.com\/fr\/","name":"Best Hip & Knee Surgeon | NY, USA","description":"","potentialAction":[{"@type":"SearchAction","target":{"@type":"EntryPoint","urlTemplate":"https:\/\/www.newyorkhipknee.com\/fr\/?s={search_term_string}"},"query-input":{"@type":"PropertyValueSpecification","valueRequired":true,"valueName":"search_term_string"}}],"inLanguage":"fr-FR"}]}},"_links":{"self":[{"href":"https:\/\/www.newyorkhipknee.com\/fr\/wp-json\/wp\/v2\/pages\/17612","targetHints":{"allow":["GET"]}}],"collection":[{"href":"https:\/\/www.newyorkhipknee.com\/fr\/wp-json\/wp\/v2\/pages"}],"about":[{"href":"https:\/\/www.newyorkhipknee.com\/fr\/wp-json\/wp\/v2\/types\/page"}],"author":[{"embeddable":true,"href":"https:\/\/www.newyorkhipknee.com\/fr\/wp-json\/wp\/v2\/users\/15"}],"replies":[{"embeddable":true,"href":"https:\/\/www.newyorkhipknee.com\/fr\/wp-json\/wp\/v2\/comments?post=17612"}],"version-history":[{"count":0,"href":"https:\/\/www.newyorkhipknee.com\/fr\/wp-json\/wp\/v2\/pages\/17612\/revisions"}],"up":[{"embeddable":true,"href":"https:\/\/www.newyorkhipknee.com\/fr\/wp-json\/wp\/v2\/pages\/17609"}],"wp:attachment":[{"href":"https:\/\/www.newyorkhipknee.com\/fr\/wp-json\/wp\/v2\/media?parent=17612"}],"curies":[{"name":"wp","href":"https:\/\/api.w.org\/{rel}","templated":true}]}}