{"id":17618,"date":"2021-11-16T11:31:15","date_gmt":"2021-11-16T16:31:15","guid":{"rendered":"https:\/\/newyorkhipknee.com\/remplacement-du-genou-sur-mesure\/crepitation-du-genou-quand-est-ce-grave\/"},"modified":"2025-06-06T12:00:02","modified_gmt":"2025-06-06T16:00:02","slug":"crepitation-du-genou-quand-est-ce-grave","status":"publish","type":"page","link":"https:\/\/www.newyorkhipknee.com\/fr\/remplacement-du-genou-sur-mesure\/crepitation-du-genou-quand-est-ce-grave\/","title":{"rendered":"Cr\u00e9pitation du genou : quand est-ce grave ?"},"content":{"rendered":"<p>De nombreuses personnes se plaignent de cr\u00e9pitations dans l&rsquo;articulation du genou, mais le plus souvent elles sont inoffensives. Le bruit de \u00ab\u00a0craquement\u00a0\u00bb ou de \u00ab\u00a0grincement\u00a0\u00bb se produit souvent lorsque l&rsquo;on se l\u00e8ve ou que l&rsquo;on fait un exercice. Ce bruit est associ\u00e9 \u00e0 des \u00e9motions n\u00e9gatives, \u00e0 des peurs mal plac\u00e9es, \u00e0 des croyances erron\u00e9es en mati\u00e8re de sant\u00e9 et a m\u00eame conduit \u00e0 une alt\u00e9ration du comportement mental et physique.<\/p>\n<p>Je classe la cr\u00e9pitation du genou en deux cat\u00e9gories&#8230;<\/p>\n<ol>\n<li>Cr\u00e9pitation apr\u00e8s une proth\u00e8se totale du genou<\/li>\n<li>Cr\u00e9pitation du genou naturel<\/li>\n<\/ol>\n<h2>Cr\u00e9pitation apr\u00e8s une proth\u00e8se totale du genou<\/h2>\n<p>La cr\u00e9pitation cons\u00e9cutive \u00e0 une intervention chirurgicale est assez fr\u00e9quente apr\u00e8s une arthroplastie du genou. Ce type de cr\u00e9pitation est consid\u00e9r\u00e9 comme autolimit\u00e9 et b\u00e9nin, et aucune intervention n&rsquo;est g\u00e9n\u00e9ralement n\u00e9cessaire. Le bruit provient de deux surfaces artificielles qui se touchent. Toutefois, si la cr\u00e9pitation est associ\u00e9e \u00e0 une douleur, il peut \u00eatre indiqu\u00e9 de proc\u00e9der \u00e0 un d\u00e9bridement mineur de l&rsquo;articulation afin d&rsquo;\u00e9liminer les d\u00e9bris. La n\u00e9cessit\u00e9 d&rsquo;une intervention chirurgicale pour retirer les d\u00e9bris apr\u00e8s une arthroplastie du genou est extr\u00eamement rare.<\/p>\n<p><strong>Peut-on faire quelque chose pour \u00e9viter les cr\u00e9pitations apr\u00e8s une arthroplastie du genou ?<\/strong><\/p>\n<p>L&rsquo;incidence de la cr\u00e9pitation d\u00e9pend de la conception du composant f\u00e9moral. Les genoux totaux modernes avec une bo\u00eete intercondylienne plus lisse sont associ\u00e9s \u00e0 une diminution de la cr\u00e9pitation. Ces mod\u00e8les r\u00e9duisent \u00e9galement la douleur ant\u00e9rieure du genou et sont particuli\u00e8rement utiles chez les patients dont la surface inf\u00e9rieure de la rotule ne peut pas \u00eatre remplac\u00e9e. On observe \u00e9galement une r\u00e9duction de la flexion du genou lors de la mont\u00e9e des escaliers en cas de cr\u00e9pitation apr\u00e8s une arthroplastie du genou. En outre, je m&rsquo;inqui\u00e8te de l&rsquo;usure en pr\u00e9sence de cr\u00e9pitation, mais les \u00e9tudes n&rsquo;ont pas encore d\u00e9montr\u00e9 l&rsquo;usure et la d\u00e9t\u00e9rioration des r\u00e9sultats \u00e0 long terme.<\/p>\n<p>Les <a href=\"https:\/\/newyorkhipknee.com\/custom-knee-replacement-surgery\/\">proth\u00e8ses de genou<\/a> modernes, comme les <a href=\"https:\/\/newyorkhipknee.com\/custom-knee-replacement-surgery\/\">proth\u00e8ses de genou sur mesure<\/a>, peuvent \u00eatre une bonne option pour de nombreux hommes et femmes, mais elles ne conviennent pas \u00e0 tout le monde. Les patients pr\u00e9sentant une d\u00e9formation importante, une laxit\u00e9 ligamentaire, une chirurgie reconstructive ant\u00e9rieure, etc. ne sont pas candidats \u00e0 une proth\u00e8se de genou sur mesure.<\/p>\n<p>En outre, un r\u00e9pertoire de techniques perop\u00e9ratoires peut \u00eatre utilis\u00e9 pour r\u00e9duire le risque de cr\u00e9pitation postop\u00e9ratoire.<\/p>\n<h2>Cr\u00e9pitation du genou natif<\/h2>\n<p>La cr\u00e9pitation de l&rsquo;articulation du genou peut survenir chez des personnes de tous \u00e2ges, mais elle tend \u00e0 \u00eatre plus fr\u00e9quente avec l&rsquo;\u00e2ge. Le son peut \u00eatre fort ou faible <em>, mais cela n&rsquo;indique pas le degr\u00e9 de pathologie<\/em>.<\/p>\n<p><strong>La cr\u00e9pitation est-elle un signe inqui\u00e9tant dans l&rsquo;articulation native du genou ?<\/strong><\/p>\n<p>La cr\u00e9pitation est inoffensive si elle ne provoque pas de douleur. La cr\u00e9pitation du genou n&rsquo;est pas associ\u00e9e \u00e0 un manque de force ou \u00e0 une fonction inf\u00e9rieure du genou. Toutefois, si la cr\u00e9pitation est associ\u00e9e \u00e0 une blessure, ou si elle est accompagn\u00e9e d&rsquo;une douleur ou d&rsquo;un gonflement du genou, des examens compl\u00e9mentaires sont n\u00e9cessaires.<\/p>\n<p><strong>Quelles sont les causes de la cr\u00e9pitation ?<\/strong><\/p>\n<p>Il existe une th\u00e9orie selon laquelle les bruits de claquement sont dus aux bulles d&rsquo;air qui passent \u00e0 travers les tissus mous et se frayent un chemin autour de l&rsquo;articulation du genou. Ces bulles d&rsquo;air se m\u00e9langent alors au liquide synovial et lorsque le genou est pli\u00e9, les bulles \u00e9clatent et un craquement se fait entendre. Bien que le bruit de l&rsquo;\u00e9clatement puisse \u00eatre fort, il est g\u00e9n\u00e9ralement inoffensif.<\/p>\n<p>Cependant, les cr\u00e9pitations sont \u00e9galement connues pour se produire lorsque le cartilage frotte sur la surface articulaire lorsque l&rsquo;articulation du genou est mobile. Cela se produit g\u00e9n\u00e9ralement lorsque le cartilage est mince et us\u00e9. Dans ce cas, une assistance m\u00e9dicale peut s&rsquo;av\u00e9rer n\u00e9cessaire.<\/p>\n<p>Si la cr\u00e9pitation est associ\u00e9e \u00e0 une douleur ou si l&rsquo;articulation du genou se bloque, cela peut \u00eatre d\u00fb \u00e0 une d\u00e9chirure du m\u00e9nisque, \u00e0 un tissu cicatriciel ou \u00e0 un tendon passant sur un fragment osseux protub\u00e9rant. Le gonflement et la douleur de l&rsquo;articulation du genou avec cr\u00e9pitation peuvent indiquer une arthrose, un syndrome douloureux f\u00e9moro-patellaire ou une d\u00e9chirure du cartilage. Dans ces cas, la cr\u00e9pitation peut se produire en montant un escalier ou en restant assis pendant une p\u00e9riode prolong\u00e9e avec les genoux crois\u00e9s.<\/p>\n<p>Chez les patients pr\u00e9sentant une arthrite pr\u00e9existante \u00e0 la radiologie, la cr\u00e9pitation pr\u00e9dit une arthrite symptomatique future. Je pense donc que la cr\u00e9pitation offre la possibilit\u00e9 d&rsquo;identifier les personnes \u00e0 risque. La mod\u00e9lisation pr\u00e9dictive utilisant la cr\u00e9pitation, les r\u00e9sultats radiologiques et le suivi longitudinal des personnes ayant subi une arthroplastie du genou plus tard dans leur vie est une piste de recherche pour l&rsquo;avenir.<\/p>\n<p><strong>Dois-je subir une arthroplastie du genou en cas de cr\u00e9pitation ?<\/strong><\/p>\n<p>Si vous ne ressentez aucune douleur, il n&rsquo;y a probablement rien d&rsquo;autre que la cr\u00e9pitation dans vos genoux. En l&rsquo;absence de douleur, vous n&rsquo;\u00eates probablement pas candidat \u00e0 une <a href=\"https:\/\/newyorkhipknee.com\/custom-knee-replacement-surgery\/total-knee-replacement\/\">arthroplastie du genou<\/a>.<\/p>\n<p><strong>Comment prot\u00e9ger les genoux ?<\/strong><\/p>\n<p>Les chirurgiens orthop\u00e9diques affirment que la meilleure fa\u00e7on de prot\u00e9ger le genou est de s&rsquo;\u00e9chauffer avant l&rsquo;exercice. En renfor\u00e7ant le quadriceps, on peut diminuer la charge sur l&rsquo;articulation f\u00e9moro-patellaire et r\u00e9duire le risque d&rsquo;\u00e9rosion du cartilage. D&rsquo;autres moyens de prot\u00e9ger le genou sont les \u00e9tirements et le port de chaussures adapt\u00e9es. Il est \u00e9galement important de maintenir un poids sain afin de r\u00e9duire la pression exerc\u00e9e sur l&rsquo;articulation du genou.<\/p>\n<p><strong>Si des cr\u00e9pitations se produisent pendant l&rsquo;exercice,<\/strong> il faut :<\/p>\n<p>&#8211; Ne pas arr\u00eater mais modifier l&rsquo;exercice<\/p>\n<p>&#8211; \u00c9viter de courir sur des collines ou des pentes<\/p>\n<p>&#8211; Lorsque vous faites du v\u00e9lo, maintenez la tension sur les p\u00e9dales<\/p>\n<p>&#8211; Si vous utilisez les quadriceps pour soulever des poids, utilisez des poids l\u00e9gers et augmentez la fr\u00e9quence.<\/p>\n<div class=\"et_pb_module et_pb_text et_pb_text_1 et_pb_text_align_left et_pb_bg_layout_light nitro-offscreen\">\n<div class=\"et_pb_text_inner\">\n<h2>L&rsquo;arthroplastie du genou peut-elle aider ?<\/h2>\n<p> <div id=\"attachment_3774\" style=\"width: 235px\" class=\"wp-caption alignright\"><img loading=\"lazy\" decoding=\"async\" aria-describedby=\"caption-attachment-3774\" title=\"Dr. Nakul Karkare\" src=\"https:\/\/newyorkhipknee.com\/wp-content\/uploads\/2016\/11\/Dr-K-rectangle-b-225x300.jpg\" alt=\"Dr. Nakul Karkare\" width=\"225\" height=\"300\" class=\"size-medium wp-image-3774\" srcset=\"https:\/\/www.newyorkhipknee.com\/wp-content\/uploads\/2016\/11\/Dr-K-rectangle-b-225x300.jpg 225w, https:\/\/www.newyorkhipknee.com\/wp-content\/uploads\/2016\/11\/Dr-K-rectangle-b-113x150.jpg 113w, https:\/\/www.newyorkhipknee.com\/wp-content\/uploads\/2016\/11\/Dr-K-rectangle-b.jpg 300w\" sizes=\"(max-width: 225px) 100vw, 225px\" \/><p id=\"caption-attachment-3774\" class=\"wp-caption-text\">Dr. Nakul KarkareSi<\/p><\/div>vos genoux ne pr\u00e9sentent pas d&rsquo;autres probl\u00e8mes que la cr\u00e9pitation, vous ne devriez probablement pas subir une <a href=\"https:\/\/newyorkhipknee.com\/custom-knee-replacement-surgery\/total-knee-replacement\/\">arthroplastie du genou<\/a>.<\/p>\n<p>Les <a href=\"https:\/\/newyorkhipknee.com\/custom-knee-replacement-surgery\/\">proth\u00e8ses de genou sur mesure<\/a> peuvent \u00eatre une bonne option pour de nombreux hommes et femmes, mais elles ne conviennent pas \u00e0 tout le monde.<\/p>\n<p>D&rsquo;une mani\u00e8re g\u00e9n\u00e9rale, les implants sur mesure ne sont pas id\u00e9aux pour les patients qui ont d\u00e9j\u00e0 subi une op\u00e9ration du genou ou qui ont des ligaments bless\u00e9s.<\/p>\n<p>Les patients qui ne sont pas \u00e9ligibles pour un scanner ne sont pas non plus de bons candidats pour des proth\u00e8ses de genou sur mesure.<\/p>\n<\/div>\n<\/div>\n","protected":false},"excerpt":{"rendered":"<p>De nombreuses personnes se plaignent de cr\u00e9pitations dans l&rsquo;articulation du genou, mais le plus souvent elles sont inoffensives. Le bruit de \u00ab\u00a0craquement\u00a0\u00bb ou de \u00ab\u00a0grincement\u00a0\u00bb se produit souvent lorsque l&rsquo;on se l\u00e8ve ou que l&rsquo;on fait un exercice. Ce bruit est associ\u00e9 \u00e0 des \u00e9motions n\u00e9gatives, \u00e0 des peurs mal plac\u00e9es, \u00e0 des croyances erron\u00e9es [&hellip;]<\/p>\n","protected":false},"author":1,"featured_media":0,"parent":17609,"menu_order":0,"comment_status":"closed","ping_status":"closed","template":"","meta":{"_et_pb_use_builder":"off","_et_pb_old_content":"","_et_gb_content_width":"","footnotes":""},"class_list":["post-17618","page","type-page","status-publish","hentry"],"yoast_head":"<!-- This site is optimized with the Yoast SEO plugin v27.2 - https:\/\/yoast.com\/product\/yoast-seo-wordpress\/ -->\n<title>Cr\u00e9pitation du genou : quand est-ce grave ?<\/title>\n<meta name=\"description\" content=\"De nombreuses personnes se plaignent de cr\u00e9pitations dans l&#039;articulation du genou, mais le plus souvent elles sont inoffensives. Le bruit de &quot;craquement&quot;\" \/>\n<meta name=\"robots\" content=\"index, follow, max-snippet:-1, max-image-preview:large, max-video-preview:-1\" \/>\n<link rel=\"canonical\" href=\"https:\/\/www.newyorkhipknee.com\/fr\/remplacement-du-genou-sur-mesure\/crepitation-du-genou-quand-est-ce-grave\/\" \/>\n<meta property=\"og:locale\" content=\"fr_FR\" \/>\n<meta property=\"og:type\" content=\"article\" \/>\n<meta property=\"og:title\" content=\"Cr\u00e9pitation du genou : quand est-ce grave ?\" \/>\n<meta property=\"og:description\" content=\"De nombreuses personnes se plaignent de cr\u00e9pitations dans l&#039;articulation du genou, mais le plus souvent elles sont inoffensives. Le bruit de &quot;craquement&quot;\" \/>\n<meta property=\"og:url\" content=\"https:\/\/www.newyorkhipknee.com\/fr\/remplacement-du-genou-sur-mesure\/crepitation-du-genou-quand-est-ce-grave\/\" \/>\n<meta property=\"og:site_name\" content=\"Best Hip &amp; Knee Surgeon | NY, USA\" \/>\n<meta property=\"article:modified_time\" content=\"2025-06-06T16:00:02+00:00\" \/>\n<meta property=\"og:image\" content=\"https:\/\/newyorkhipknee.com\/wp-content\/uploads\/2016\/11\/Dr-K-rectangle-b-225x300.jpg\" \/>\n<meta name=\"twitter:card\" content=\"summary_large_image\" \/>\n<meta name=\"twitter:label1\" content=\"Dur\u00e9e de lecture estim\u00e9e\" \/>\n\t<meta name=\"twitter:data1\" content=\"5 minutes\" \/>\n<script type=\"application\/ld+json\" class=\"yoast-schema-graph\">{\"@context\":\"https:\/\/schema.org\",\"@graph\":[{\"@type\":[\"WebPage\",\"MedicalWebPage\"],\"@id\":\"https:\/\/www.newyorkhipknee.com\/fr\/remplacement-du-genou-sur-mesure\/crepitation-du-genou-quand-est-ce-grave\/\",\"url\":\"https:\/\/www.newyorkhipknee.com\/fr\/remplacement-du-genou-sur-mesure\/crepitation-du-genou-quand-est-ce-grave\/\",\"name\":\"Cr\u00e9pitation du genou : quand est-ce grave ?\",\"isPartOf\":{\"@id\":\"https:\/\/www.newyorkhipknee.com\/fr\/#website\"},\"primaryImageOfPage\":{\"@id\":\"https:\/\/www.newyorkhipknee.com\/fr\/remplacement-du-genou-sur-mesure\/crepitation-du-genou-quand-est-ce-grave\/#primaryimage\"},\"image\":{\"@id\":\"https:\/\/www.newyorkhipknee.com\/fr\/remplacement-du-genou-sur-mesure\/crepitation-du-genou-quand-est-ce-grave\/#primaryimage\"},\"thumbnailUrl\":\"https:\/\/newyorkhipknee.com\/wp-content\/uploads\/2016\/11\/Dr-K-rectangle-b-225x300.jpg\",\"datePublished\":\"2021-11-16T16:31:15+00:00\",\"dateModified\":\"2025-06-06T16:00:02+00:00\",\"description\":\"De nombreuses personnes se plaignent de cr\u00e9pitations dans l'articulation du genou, mais le plus souvent elles sont inoffensives. Le bruit de \\\"craquement\\\"\",\"breadcrumb\":{\"@id\":\"https:\/\/www.newyorkhipknee.com\/fr\/remplacement-du-genou-sur-mesure\/crepitation-du-genou-quand-est-ce-grave\/#breadcrumb\"},\"inLanguage\":\"fr-FR\",\"potentialAction\":[{\"@type\":\"ReadAction\",\"target\":[\"https:\/\/www.newyorkhipknee.com\/fr\/remplacement-du-genou-sur-mesure\/crepitation-du-genou-quand-est-ce-grave\/\"]}]},{\"@type\":\"ImageObject\",\"inLanguage\":\"fr-FR\",\"@id\":\"https:\/\/www.newyorkhipknee.com\/fr\/remplacement-du-genou-sur-mesure\/crepitation-du-genou-quand-est-ce-grave\/#primaryimage\",\"url\":\"https:\/\/newyorkhipknee.com\/wp-content\/uploads\/2016\/11\/Dr-K-rectangle-b-225x300.jpg\",\"contentUrl\":\"https:\/\/newyorkhipknee.com\/wp-content\/uploads\/2016\/11\/Dr-K-rectangle-b-225x300.jpg\"},{\"@type\":\"BreadcrumbList\",\"@id\":\"https:\/\/www.newyorkhipknee.com\/fr\/remplacement-du-genou-sur-mesure\/crepitation-du-genou-quand-est-ce-grave\/#breadcrumb\",\"itemListElement\":[{\"@type\":\"ListItem\",\"position\":1,\"name\":\"Home\",\"item\":\"https:\/\/www.newyorkhipknee.com\/fr\/\"},{\"@type\":\"ListItem\",\"position\":2,\"name\":\"Remplacement du genou sur mesure\",\"item\":\"https:\/\/www.newyorkhipknee.com\/fr\/remplacement-du-genou-sur-mesure\/\"},{\"@type\":\"ListItem\",\"position\":3,\"name\":\"Cr\u00e9pitation du genou : quand est-ce grave ?\"}]},{\"@type\":\"WebSite\",\"@id\":\"https:\/\/www.newyorkhipknee.com\/fr\/#website\",\"url\":\"https:\/\/www.newyorkhipknee.com\/fr\/\",\"name\":\"Best Hip & Knee Surgeon | NY, USA\",\"description\":\"\",\"potentialAction\":[{\"@type\":\"SearchAction\",\"target\":{\"@type\":\"EntryPoint\",\"urlTemplate\":\"https:\/\/www.newyorkhipknee.com\/fr\/?s={search_term_string}\"},\"query-input\":{\"@type\":\"PropertyValueSpecification\",\"valueRequired\":true,\"valueName\":\"search_term_string\"}}],\"inLanguage\":\"fr-FR\"}]}<\/script>\n<!-- \/ Yoast SEO plugin. -->","yoast_head_json":{"title":"Cr\u00e9pitation du genou : quand est-ce grave ?","description":"De nombreuses personnes se plaignent de cr\u00e9pitations dans l'articulation du genou, mais le plus souvent elles sont inoffensives. Le bruit de \"craquement\"","robots":{"index":"index","follow":"follow","max-snippet":"max-snippet:-1","max-image-preview":"max-image-preview:large","max-video-preview":"max-video-preview:-1"},"canonical":"https:\/\/www.newyorkhipknee.com\/fr\/remplacement-du-genou-sur-mesure\/crepitation-du-genou-quand-est-ce-grave\/","og_locale":"fr_FR","og_type":"article","og_title":"Cr\u00e9pitation du genou : quand est-ce grave ?","og_description":"De nombreuses personnes se plaignent de cr\u00e9pitations dans l'articulation du genou, mais le plus souvent elles sont inoffensives. Le bruit de \"craquement\"","og_url":"https:\/\/www.newyorkhipknee.com\/fr\/remplacement-du-genou-sur-mesure\/crepitation-du-genou-quand-est-ce-grave\/","og_site_name":"Best Hip &amp; Knee Surgeon | NY, USA","article_modified_time":"2025-06-06T16:00:02+00:00","og_image":[{"url":"https:\/\/newyorkhipknee.com\/wp-content\/uploads\/2016\/11\/Dr-K-rectangle-b-225x300.jpg","type":"","width":"","height":""}],"twitter_card":"summary_large_image","twitter_misc":{"Dur\u00e9e de lecture estim\u00e9e":"5 minutes"},"schema":{"@context":"https:\/\/schema.org","@graph":[{"@type":["WebPage","MedicalWebPage"],"@id":"https:\/\/www.newyorkhipknee.com\/fr\/remplacement-du-genou-sur-mesure\/crepitation-du-genou-quand-est-ce-grave\/","url":"https:\/\/www.newyorkhipknee.com\/fr\/remplacement-du-genou-sur-mesure\/crepitation-du-genou-quand-est-ce-grave\/","name":"Cr\u00e9pitation du genou : quand est-ce grave ?","isPartOf":{"@id":"https:\/\/www.newyorkhipknee.com\/fr\/#website"},"primaryImageOfPage":{"@id":"https:\/\/www.newyorkhipknee.com\/fr\/remplacement-du-genou-sur-mesure\/crepitation-du-genou-quand-est-ce-grave\/#primaryimage"},"image":{"@id":"https:\/\/www.newyorkhipknee.com\/fr\/remplacement-du-genou-sur-mesure\/crepitation-du-genou-quand-est-ce-grave\/#primaryimage"},"thumbnailUrl":"https:\/\/newyorkhipknee.com\/wp-content\/uploads\/2016\/11\/Dr-K-rectangle-b-225x300.jpg","datePublished":"2021-11-16T16:31:15+00:00","dateModified":"2025-06-06T16:00:02+00:00","description":"De nombreuses personnes se plaignent de cr\u00e9pitations dans l'articulation du genou, mais le plus souvent elles sont inoffensives. Le bruit de \"craquement\"","breadcrumb":{"@id":"https:\/\/www.newyorkhipknee.com\/fr\/remplacement-du-genou-sur-mesure\/crepitation-du-genou-quand-est-ce-grave\/#breadcrumb"},"inLanguage":"fr-FR","potentialAction":[{"@type":"ReadAction","target":["https:\/\/www.newyorkhipknee.com\/fr\/remplacement-du-genou-sur-mesure\/crepitation-du-genou-quand-est-ce-grave\/"]}]},{"@type":"ImageObject","inLanguage":"fr-FR","@id":"https:\/\/www.newyorkhipknee.com\/fr\/remplacement-du-genou-sur-mesure\/crepitation-du-genou-quand-est-ce-grave\/#primaryimage","url":"https:\/\/newyorkhipknee.com\/wp-content\/uploads\/2016\/11\/Dr-K-rectangle-b-225x300.jpg","contentUrl":"https:\/\/newyorkhipknee.com\/wp-content\/uploads\/2016\/11\/Dr-K-rectangle-b-225x300.jpg"},{"@type":"BreadcrumbList","@id":"https:\/\/www.newyorkhipknee.com\/fr\/remplacement-du-genou-sur-mesure\/crepitation-du-genou-quand-est-ce-grave\/#breadcrumb","itemListElement":[{"@type":"ListItem","position":1,"name":"Home","item":"https:\/\/www.newyorkhipknee.com\/fr\/"},{"@type":"ListItem","position":2,"name":"Remplacement du genou sur mesure","item":"https:\/\/www.newyorkhipknee.com\/fr\/remplacement-du-genou-sur-mesure\/"},{"@type":"ListItem","position":3,"name":"Cr\u00e9pitation du genou : quand est-ce grave ?"}]},{"@type":"WebSite","@id":"https:\/\/www.newyorkhipknee.com\/fr\/#website","url":"https:\/\/www.newyorkhipknee.com\/fr\/","name":"Best Hip & Knee Surgeon | NY, USA","description":"","potentialAction":[{"@type":"SearchAction","target":{"@type":"EntryPoint","urlTemplate":"https:\/\/www.newyorkhipknee.com\/fr\/?s={search_term_string}"},"query-input":{"@type":"PropertyValueSpecification","valueRequired":true,"valueName":"search_term_string"}}],"inLanguage":"fr-FR"}]}},"_links":{"self":[{"href":"https:\/\/www.newyorkhipknee.com\/fr\/wp-json\/wp\/v2\/pages\/17618","targetHints":{"allow":["GET"]}}],"collection":[{"href":"https:\/\/www.newyorkhipknee.com\/fr\/wp-json\/wp\/v2\/pages"}],"about":[{"href":"https:\/\/www.newyorkhipknee.com\/fr\/wp-json\/wp\/v2\/types\/page"}],"author":[{"embeddable":true,"href":"https:\/\/www.newyorkhipknee.com\/fr\/wp-json\/wp\/v2\/users\/1"}],"replies":[{"embeddable":true,"href":"https:\/\/www.newyorkhipknee.com\/fr\/wp-json\/wp\/v2\/comments?post=17618"}],"version-history":[{"count":1,"href":"https:\/\/www.newyorkhipknee.com\/fr\/wp-json\/wp\/v2\/pages\/17618\/revisions"}],"predecessor-version":[{"id":23807,"href":"https:\/\/www.newyorkhipknee.com\/fr\/wp-json\/wp\/v2\/pages\/17618\/revisions\/23807"}],"up":[{"embeddable":true,"href":"https:\/\/www.newyorkhipknee.com\/fr\/wp-json\/wp\/v2\/pages\/17609"}],"wp:attachment":[{"href":"https:\/\/www.newyorkhipknee.com\/fr\/wp-json\/wp\/v2\/media?parent=17618"}],"curies":[{"name":"wp","href":"https:\/\/api.w.org\/{rel}","templated":true}]}}