{"id":17620,"date":"2021-10-29T18:47:16","date_gmt":"2021-10-29T22:47:16","guid":{"rendered":"https:\/\/newyorkhipknee.com\/remplacement-du-genou-sur-mesure\/obtenir-une-arthroplastie-du-genou-a-letranger-un-medecin-new-yorkais-fait-part-de-ses-reflexions\/"},"modified":"2021-10-29T18:47:16","modified_gmt":"2021-10-29T22:47:16","slug":"obtenir-une-arthroplastie-du-genou-a-letranger-un-medecin-new-yorkais-fait-part-de-ses-reflexions","status":"publish","type":"page","link":"https:\/\/www.newyorkhipknee.com\/fr\/remplacement-du-genou-sur-mesure\/obtenir-une-arthroplastie-du-genou-a-letranger-un-medecin-new-yorkais-fait-part-de-ses-reflexions\/","title":{"rendered":"Obtenir une arthroplastie du genou \u00e0 l&rsquo;\u00e9tranger : Un m\u00e9decin new-yorkais fait part de ses r\u00e9flexions"},"content":{"rendered":"<p>L&rsquo;arthroplastie du genou, plus connue sous le nom de chirurgie <a href=\"https:\/\/newyorkhipknee.com\/custom-knee-replacement-surgery\/total-knee-replacement\/\">de remplacement total du<\/a> genou, consiste \u00e0 retirer les parties endommag\u00e9es du genou et \u00e0 les remplacer par des pi\u00e8ces artificielles. Ces derni\u00e8res ann\u00e9es, de nombreuses personnes ont d\u00e9cid\u00e9 de subir une chirurgie de remplacement du genou \u00e0 l&rsquo;\u00e9tranger, notamment aux \u00c9tats-Unis.<\/p>\n<p>Pr\u00e8s de 50 ans se sont \u00e9coul\u00e9s depuis les premi\u00e8res interventions de remplacement du genou. Les techniques chirurgicales modernes et les mat\u00e9riaux avanc\u00e9s ont consid\u00e9rablement augment\u00e9 le taux de r\u00e9ussite.<\/p>\n<p>Aujourd&rsquo;hui, l&rsquo;arthroplastie totale du genou est l&rsquo;une des interventions chirurgicales les plus s\u00fbres et les plus efficaces, offrant \u00e0 la plupart des patients une qualit\u00e9 de vie nettement am\u00e9lior\u00e9e. L&rsquo;arthroplastie du genou peut soulager la douleur, corriger la blessure ou la d\u00e9formation et permettre aux patients de retrouver leur niveau d&rsquo;activit\u00e9 normal en quelques semaines.<\/p>\n<h2>Subir une arthroplastie du genou \u00e0 l&rsquo;\u00e9tranger<\/h2>\n<p>Selon les statistiques compil\u00e9es par les Centers for Disease Control and Prevention, plus de 700 000 personnes subissent chaque ann\u00e9e une arthroplastie totale du genou \u00e0 l&rsquo;\u00e9tranger, plus pr\u00e9cis\u00e9ment aux \u00c9tats-Unis. Comme la population vieillit et reste plus active jusqu&rsquo;\u00e0 70 ou 80 ans, ce nombre devrait continuer \u00e0 augmenter.<\/p>\n<p>Une \u00e9tude publi\u00e9e dans The Journal of Bone and Joint Surgery indique que ce nombre pourrait atteindre 3,48 millions de remplacements par an au cours des 15 prochaines ann\u00e9es.<\/p>\n<p>L&rsquo;une des raisons pour lesquelles les arthroplasties totales du genou sont si courantes est que les patients, quels que soient leur \u00e2ge et leur poids, peuvent y pr\u00e9tendre si leur genou leur cause des douleurs et un handicap importants. Statistiquement, la plupart des patients qui re\u00e7oivent un genou artificiel ont entre 50 et 80 ans.<\/p>\n<h2>Pourquoi les proth\u00e8ses de genou sont-elles n\u00e9cessaires ?<\/h2>\n<p>La plupart des patients qui subissent une arthroplastie du genou souffrent de douleurs et de faiblesses dans l&rsquo;articulation, ce qui entra\u00eene une r\u00e9duction de la fonction et un handicap. Souvent, ils ont \u00e9puis\u00e9 toute une s\u00e9rie de traitements moins invasifs sans grand soulagement.<\/p>\n<p>En g\u00e9n\u00e9ral, des traitements tels que la kin\u00e9sith\u00e9rapie, les anti-inflammatoires, les injections de st\u00e9ro\u00efdes et autres sont tent\u00e9s avant qu&rsquo;une intervention chirurgicale ne soit recommand\u00e9e.La plupart des personnes qui optent pour une arthroplastie du genou souffrent de douleurs mod\u00e9r\u00e9es \u00e0 s\u00e9v\u00e8res, m\u00eame au repos.<\/p>\n<div id=\"attachment_9715\" style=\"width: 510px\" class=\"wp-caption aligncenter\"><img loading=\"lazy\" decoding=\"async\" aria-describedby=\"caption-attachment-9715\" class=\"wp-image-9715\" title=\"Une proth\u00e8se de genou sur mesure pr\u00eate \u00e0 \u00eatre implant\u00e9e\" src=\"https:\/\/newyorkhipknee.com\/wp-content\/uploads\/2021\/11\/Custom-knee-replacement-ready-for-implantation.jpg\" alt=\"Une proth\u00e8se de genou sur mesure pr\u00eate \u00e0 \u00eatre implant\u00e9e\" width=\"500\" height=\"667\" srcset=\"https:\/\/newyorkhipknee.com\/wp-content\/uploads\/2021\/11\/Custom-knee-replacement-ready-for-implantation.jpg 500w, https:\/\/newyorkhipknee.com\/wp-content\/uploads\/2021\/11\/Custom-knee-replacement-ready-for-implantation-480x640.jpg 480w\" sizes=\"(min-width: 0px) and (max-width: 480px) 480px, (min-width: 481px) 500px, 100vw\" \/><p id=\"caption-attachment-9715\" class=\"wp-caption-text\">Une proth\u00e8se de genou sur mesure pr\u00eate \u00e0 \u00eatre implant\u00e9e<\/p><\/div>\n<p>Elles peuvent \u00e9galement souffrir d&rsquo;une inflammation chronique. Beaucoup peinent \u00e0 marcher sans canne ni d\u00e9ambulateur, \u00e0 monter les escaliers et \u00e0 effectuer d&rsquo;autres activit\u00e9s quotidiennes en raison de leur douleur.Dans la plupart des cas, cette douleur et cette faiblesse sont caus\u00e9es par l&rsquo;arthrite. L&rsquo;arthrose en fait partie ; fr\u00e9quente chez les personnes \u00e2g\u00e9es, cette forme d&rsquo;arthrite peut \u00eatre compar\u00e9e \u00e0 l&rsquo;usure d&rsquo;un v\u00e9hicule.<\/p>\n<p>Par ailleurs, l&rsquo;arthrite post-traumatique peut entra\u00eener une limitation de la fonction et n\u00e9cessiter une arthroplastie du genou. Cela se produit souvent dans les ann\u00e9es qui suivent des fractures des os autour du genou ou des l\u00e9sions des ligaments du genou.<\/p>\n<h2>Comment se d\u00e9roule une op\u00e9ration de remplacement du genou ?<\/h2>\n<p>La chirurgie de remplacement du genou remplace la surface des os autour du genou. Au cours de l&rsquo;op\u00e9ration, le chirurgien retire le cartilage affect\u00e9 et une petite quantit\u00e9 d&rsquo;os de la partie inf\u00e9rieure de l&rsquo;os de la cuisse, de la partie sup\u00e9rieure de l&rsquo;os du tibia et de la calotte du genou.<\/p>\n<p>Traditionnellement, le chirurgien devait fa\u00e7onner ces os pour qu&rsquo;ils s&rsquo;adaptent \u00e0 l&rsquo;un des implants pr\u00e9fabriqu\u00e9s disponibles sur le march\u00e9. Toutefois, de nouvelles avanc\u00e9es technologiques permettent d\u00e9sormais \u00e0 certains chirurgiens d&rsquo;utiliser les donn\u00e9es d&rsquo;imagerie pour cr\u00e9er un implant sur mesure.<\/p>\n<p>Comme cet implant est bas\u00e9 sur des images du genou du patient, il faut enlever moins d&rsquo;os pour que l&rsquo;implant s&rsquo;adapte correctement. Des \u00e9tudes montrent que cela peut acc\u00e9l\u00e9rer le temps de r\u00e9cup\u00e9ration et att\u00e9nuer la douleur.<\/p>\n<h2>Chirurgie personnalis\u00e9e du genou \u00e0 l&rsquo;\u00e9tranger<\/h2>\n<p>Une <a href=\"https:\/\/newyorkhipknee.com\/faqs\/custom-knee-replacement-faqs\/\">proth\u00e8se de genou sur mesure<\/a> est une nouvelle technologie de proth\u00e8se totale de genou con\u00e7ue sp\u00e9cifiquement pour correspondre \u00e0 la forme naturelle des surfaces articulaires du genou du patient. Cette technique permet d&rsquo;assurer une mise en place et un alignement pr\u00e9cis des composants de l&rsquo;implant du genou.<\/p>\n<p>La proc\u00e9dure est moins invasive car elle \u00e9vite de percer des trous dans les os. L&rsquo;arthroplastie du genou sur mesure n\u00e9cessite g\u00e9n\u00e9ralement moins d&rsquo;\u00e9tapes pendant l&rsquo;intervention chirurgicale, ce qui se traduit par une dur\u00e9e d&rsquo;op\u00e9ration plus courte, un s\u00e9jour moins long \u00e0 l&rsquo;h\u00f4pital, un r\u00e9tablissement plus rapide et une reprise des activit\u00e9s normales.<\/p>\n<p>Bien que des complications puissent survenir apr\u00e8s une arthroplastie du genou, elles ne sont pas fr\u00e9quentes. Selon l&rsquo;Acad\u00e9mie am\u00e9ricaine des chirurgiens orthop\u00e9diques, l&rsquo;op\u00e9ration donne d&rsquo;excellents r\u00e9sultats pour 90 % des patients. Cela signifie qu&rsquo;ils peuvent \u00eatre plus actifs et retrouver la qualit\u00e9 de vie dont ils jouissaient avant que leurs genoux ne commencent \u00e0 leur causer des douleurs et \u00e0 limiter leur mobilit\u00e9.<\/p>\n<h3><span style=\"text-decoration: underline;\"><strong><em><a href=\"https:\/\/newyorkhipknee.com\/hip-replacement-surgery\/medical-tourism\/\">En savoir plus sur le tourisme m\u00e9dical<\/a><\/em><\/strong><\/span><\/h3>\n<h3>Planifiez votre premi\u00e8re visite<\/h3>\n<div align=\"center\"><a class=\"livesite-schedule\" href=\"https:\/\/live.vcita.com\/site\/nyhipknee\/online-scheduling?staff=sbuvrwlyhlcvxsjv\" target=\"blank\" rel=\"noopener\" data-staff=\"b69585d231f6813d\"><br \/>\n<img decoding=\"async\" title=\"Planifier maintenant\" src=\"\/wp-content\/uploads\/2016\/02\/karkare-calendar.png\" alt=\"Planifier maintenant\" border=\"0\"><\/a><\/div>\n","protected":false},"excerpt":{"rendered":"<p>L&rsquo;arthroplastie du genou, plus connue sous le nom de chirurgie de remplacement total du genou, consiste \u00e0 retirer les parties endommag\u00e9es du genou et \u00e0 les remplacer par des pi\u00e8ces artificielles. Ces derni\u00e8res ann\u00e9es, de nombreuses personnes ont d\u00e9cid\u00e9 de subir une chirurgie de remplacement du genou \u00e0 l&rsquo;\u00e9tranger, notamment aux \u00c9tats-Unis. Pr\u00e8s de 50 [&hellip;]<\/p>\n","protected":false},"author":15,"featured_media":0,"parent":17609,"menu_order":0,"comment_status":"closed","ping_status":"closed","template":"","meta":{"_et_pb_use_builder":"","_et_pb_old_content":"","_et_gb_content_width":"","footnotes":""},"class_list":["post-17620","page","type-page","status-publish","hentry"],"yoast_head":"<!-- This site is optimized with the Yoast SEO plugin v27.2 - https:\/\/yoast.com\/product\/yoast-seo-wordpress\/ -->\n<title>NYHK : Se faire op\u00e9rer du genou \u00e0 l&#039;\u00e9tranger | Dr Nakul<\/title>\n<meta name=\"description\" content=\"L&#039;arthroplastie du genou, plus connue sous le nom de chirurgie de remplacement total du genou, consiste \u00e0 retirer les parties endommag\u00e9es du genou et \u00e0 les remplacer par des pi\u00e8ces artificielles. Ces derni\u00e8res ann\u00e9es, de nombreuses personnes ont d\u00e9cid\u00e9 de subir une chirurgie de remplacement du genou \u00e0 l&#039;\u00e9tranger, notamment aux \u00c9tats-Unis.\" \/>\n<meta name=\"robots\" content=\"index, follow, max-snippet:-1, max-image-preview:large, max-video-preview:-1\" \/>\n<link rel=\"canonical\" href=\"https:\/\/www.newyorkhipknee.com\/fr\/remplacement-du-genou-sur-mesure\/obtenir-une-arthroplastie-du-genou-a-letranger-un-medecin-new-yorkais-fait-part-de-ses-reflexions\/\" \/>\n<meta property=\"og:locale\" content=\"fr_FR\" \/>\n<meta property=\"og:type\" content=\"article\" \/>\n<meta property=\"og:title\" content=\"NYHK : Se faire op\u00e9rer du genou \u00e0 l&#039;\u00e9tranger | Dr Nakul\" \/>\n<meta property=\"og:description\" content=\"L&#039;arthroplastie du genou, plus connue sous le nom de chirurgie de remplacement total du genou, consiste \u00e0 retirer les parties endommag\u00e9es du genou et \u00e0 les remplacer par des pi\u00e8ces artificielles. Ces derni\u00e8res ann\u00e9es, de nombreuses personnes ont d\u00e9cid\u00e9 de subir une chirurgie de remplacement du genou \u00e0 l&#039;\u00e9tranger, notamment aux \u00c9tats-Unis.\" \/>\n<meta property=\"og:url\" content=\"https:\/\/www.newyorkhipknee.com\/fr\/remplacement-du-genou-sur-mesure\/obtenir-une-arthroplastie-du-genou-a-letranger-un-medecin-new-yorkais-fait-part-de-ses-reflexions\/\" \/>\n<meta property=\"og:site_name\" content=\"Best Hip &amp; Knee Surgeon | NY, USA\" \/>\n<meta property=\"og:image\" content=\"https:\/\/newyorkhipknee.com\/wp-content\/uploads\/2021\/11\/Custom-knee-replacement-ready-for-implantation.jpg\" \/>\n<meta name=\"twitter:card\" content=\"summary_large_image\" \/>\n<meta name=\"twitter:label1\" content=\"Dur\u00e9e de lecture estim\u00e9e\" \/>\n\t<meta name=\"twitter:data1\" content=\"4 minutes\" \/>\n<script type=\"application\/ld+json\" class=\"yoast-schema-graph\">{\"@context\":\"https:\/\/schema.org\",\"@graph\":[{\"@type\":[\"WebPage\",\"MedicalWebPage\"],\"@id\":\"https:\/\/www.newyorkhipknee.com\/fr\/remplacement-du-genou-sur-mesure\/obtenir-une-arthroplastie-du-genou-a-letranger-un-medecin-new-yorkais-fait-part-de-ses-reflexions\/\",\"url\":\"https:\/\/www.newyorkhipknee.com\/fr\/remplacement-du-genou-sur-mesure\/obtenir-une-arthroplastie-du-genou-a-letranger-un-medecin-new-yorkais-fait-part-de-ses-reflexions\/\",\"name\":\"NYHK : Se faire op\u00e9rer du genou \u00e0 l'\u00e9tranger | Dr Nakul\",\"isPartOf\":{\"@id\":\"https:\/\/www.newyorkhipknee.com\/fr\/#website\"},\"primaryImageOfPage\":{\"@id\":\"https:\/\/www.newyorkhipknee.com\/fr\/remplacement-du-genou-sur-mesure\/obtenir-une-arthroplastie-du-genou-a-letranger-un-medecin-new-yorkais-fait-part-de-ses-reflexions\/#primaryimage\"},\"image\":{\"@id\":\"https:\/\/www.newyorkhipknee.com\/fr\/remplacement-du-genou-sur-mesure\/obtenir-une-arthroplastie-du-genou-a-letranger-un-medecin-new-yorkais-fait-part-de-ses-reflexions\/#primaryimage\"},\"thumbnailUrl\":\"https:\/\/newyorkhipknee.com\/wp-content\/uploads\/2021\/11\/Custom-knee-replacement-ready-for-implantation.jpg\",\"datePublished\":\"2021-10-29T22:47:16+00:00\",\"description\":\"L'arthroplastie du genou, plus connue sous le nom de chirurgie de remplacement total du genou, consiste \u00e0 retirer les parties endommag\u00e9es du genou et \u00e0 les remplacer par des pi\u00e8ces artificielles. Ces derni\u00e8res ann\u00e9es, de nombreuses personnes ont d\u00e9cid\u00e9 de subir une chirurgie de remplacement du genou \u00e0 l'\u00e9tranger, notamment aux \u00c9tats-Unis.\",\"breadcrumb\":{\"@id\":\"https:\/\/www.newyorkhipknee.com\/fr\/remplacement-du-genou-sur-mesure\/obtenir-une-arthroplastie-du-genou-a-letranger-un-medecin-new-yorkais-fait-part-de-ses-reflexions\/#breadcrumb\"},\"inLanguage\":\"fr-FR\",\"potentialAction\":[{\"@type\":\"ReadAction\",\"target\":[\"https:\/\/www.newyorkhipknee.com\/fr\/remplacement-du-genou-sur-mesure\/obtenir-une-arthroplastie-du-genou-a-letranger-un-medecin-new-yorkais-fait-part-de-ses-reflexions\/\"]}]},{\"@type\":\"ImageObject\",\"inLanguage\":\"fr-FR\",\"@id\":\"https:\/\/www.newyorkhipknee.com\/fr\/remplacement-du-genou-sur-mesure\/obtenir-une-arthroplastie-du-genou-a-letranger-un-medecin-new-yorkais-fait-part-de-ses-reflexions\/#primaryimage\",\"url\":\"https:\/\/newyorkhipknee.com\/wp-content\/uploads\/2021\/11\/Custom-knee-replacement-ready-for-implantation.jpg\",\"contentUrl\":\"https:\/\/newyorkhipknee.com\/wp-content\/uploads\/2021\/11\/Custom-knee-replacement-ready-for-implantation.jpg\"},{\"@type\":\"BreadcrumbList\",\"@id\":\"https:\/\/www.newyorkhipknee.com\/fr\/remplacement-du-genou-sur-mesure\/obtenir-une-arthroplastie-du-genou-a-letranger-un-medecin-new-yorkais-fait-part-de-ses-reflexions\/#breadcrumb\",\"itemListElement\":[{\"@type\":\"ListItem\",\"position\":1,\"name\":\"Home\",\"item\":\"https:\/\/www.newyorkhipknee.com\/fr\/\"},{\"@type\":\"ListItem\",\"position\":2,\"name\":\"Remplacement du genou sur mesure\",\"item\":\"https:\/\/www.newyorkhipknee.com\/fr\/remplacement-du-genou-sur-mesure\/\"},{\"@type\":\"ListItem\",\"position\":3,\"name\":\"Obtenir une arthroplastie du genou \u00e0 l&rsquo;\u00e9tranger : Un m\u00e9decin new-yorkais fait part de ses r\u00e9flexions\"}]},{\"@type\":\"WebSite\",\"@id\":\"https:\/\/www.newyorkhipknee.com\/fr\/#website\",\"url\":\"https:\/\/www.newyorkhipknee.com\/fr\/\",\"name\":\"Best Hip & Knee Surgeon | NY, USA\",\"description\":\"\",\"potentialAction\":[{\"@type\":\"SearchAction\",\"target\":{\"@type\":\"EntryPoint\",\"urlTemplate\":\"https:\/\/www.newyorkhipknee.com\/fr\/?s={search_term_string}\"},\"query-input\":{\"@type\":\"PropertyValueSpecification\",\"valueRequired\":true,\"valueName\":\"search_term_string\"}}],\"inLanguage\":\"fr-FR\"}]}<\/script>\n<!-- \/ Yoast SEO plugin. -->","yoast_head_json":{"title":"NYHK : Se faire op\u00e9rer du genou \u00e0 l'\u00e9tranger | Dr Nakul","description":"L'arthroplastie du genou, plus connue sous le nom de chirurgie de remplacement total du genou, consiste \u00e0 retirer les parties endommag\u00e9es du genou et \u00e0 les remplacer par des pi\u00e8ces artificielles. Ces derni\u00e8res ann\u00e9es, de nombreuses personnes ont d\u00e9cid\u00e9 de subir une chirurgie de remplacement du genou \u00e0 l'\u00e9tranger, notamment aux \u00c9tats-Unis.","robots":{"index":"index","follow":"follow","max-snippet":"max-snippet:-1","max-image-preview":"max-image-preview:large","max-video-preview":"max-video-preview:-1"},"canonical":"https:\/\/www.newyorkhipknee.com\/fr\/remplacement-du-genou-sur-mesure\/obtenir-une-arthroplastie-du-genou-a-letranger-un-medecin-new-yorkais-fait-part-de-ses-reflexions\/","og_locale":"fr_FR","og_type":"article","og_title":"NYHK : Se faire op\u00e9rer du genou \u00e0 l'\u00e9tranger | Dr Nakul","og_description":"L'arthroplastie du genou, plus connue sous le nom de chirurgie de remplacement total du genou, consiste \u00e0 retirer les parties endommag\u00e9es du genou et \u00e0 les remplacer par des pi\u00e8ces artificielles. Ces derni\u00e8res ann\u00e9es, de nombreuses personnes ont d\u00e9cid\u00e9 de subir une chirurgie de remplacement du genou \u00e0 l'\u00e9tranger, notamment aux \u00c9tats-Unis.","og_url":"https:\/\/www.newyorkhipknee.com\/fr\/remplacement-du-genou-sur-mesure\/obtenir-une-arthroplastie-du-genou-a-letranger-un-medecin-new-yorkais-fait-part-de-ses-reflexions\/","og_site_name":"Best Hip &amp; Knee Surgeon | NY, USA","og_image":[{"url":"https:\/\/newyorkhipknee.com\/wp-content\/uploads\/2021\/11\/Custom-knee-replacement-ready-for-implantation.jpg","type":"","width":"","height":""}],"twitter_card":"summary_large_image","twitter_misc":{"Dur\u00e9e de lecture estim\u00e9e":"4 minutes"},"schema":{"@context":"https:\/\/schema.org","@graph":[{"@type":["WebPage","MedicalWebPage"],"@id":"https:\/\/www.newyorkhipknee.com\/fr\/remplacement-du-genou-sur-mesure\/obtenir-une-arthroplastie-du-genou-a-letranger-un-medecin-new-yorkais-fait-part-de-ses-reflexions\/","url":"https:\/\/www.newyorkhipknee.com\/fr\/remplacement-du-genou-sur-mesure\/obtenir-une-arthroplastie-du-genou-a-letranger-un-medecin-new-yorkais-fait-part-de-ses-reflexions\/","name":"NYHK : Se faire op\u00e9rer du genou \u00e0 l'\u00e9tranger | Dr Nakul","isPartOf":{"@id":"https:\/\/www.newyorkhipknee.com\/fr\/#website"},"primaryImageOfPage":{"@id":"https:\/\/www.newyorkhipknee.com\/fr\/remplacement-du-genou-sur-mesure\/obtenir-une-arthroplastie-du-genou-a-letranger-un-medecin-new-yorkais-fait-part-de-ses-reflexions\/#primaryimage"},"image":{"@id":"https:\/\/www.newyorkhipknee.com\/fr\/remplacement-du-genou-sur-mesure\/obtenir-une-arthroplastie-du-genou-a-letranger-un-medecin-new-yorkais-fait-part-de-ses-reflexions\/#primaryimage"},"thumbnailUrl":"https:\/\/newyorkhipknee.com\/wp-content\/uploads\/2021\/11\/Custom-knee-replacement-ready-for-implantation.jpg","datePublished":"2021-10-29T22:47:16+00:00","description":"L'arthroplastie du genou, plus connue sous le nom de chirurgie de remplacement total du genou, consiste \u00e0 retirer les parties endommag\u00e9es du genou et \u00e0 les remplacer par des pi\u00e8ces artificielles. Ces derni\u00e8res ann\u00e9es, de nombreuses personnes ont d\u00e9cid\u00e9 de subir une chirurgie de remplacement du genou \u00e0 l'\u00e9tranger, notamment aux \u00c9tats-Unis.","breadcrumb":{"@id":"https:\/\/www.newyorkhipknee.com\/fr\/remplacement-du-genou-sur-mesure\/obtenir-une-arthroplastie-du-genou-a-letranger-un-medecin-new-yorkais-fait-part-de-ses-reflexions\/#breadcrumb"},"inLanguage":"fr-FR","potentialAction":[{"@type":"ReadAction","target":["https:\/\/www.newyorkhipknee.com\/fr\/remplacement-du-genou-sur-mesure\/obtenir-une-arthroplastie-du-genou-a-letranger-un-medecin-new-yorkais-fait-part-de-ses-reflexions\/"]}]},{"@type":"ImageObject","inLanguage":"fr-FR","@id":"https:\/\/www.newyorkhipknee.com\/fr\/remplacement-du-genou-sur-mesure\/obtenir-une-arthroplastie-du-genou-a-letranger-un-medecin-new-yorkais-fait-part-de-ses-reflexions\/#primaryimage","url":"https:\/\/newyorkhipknee.com\/wp-content\/uploads\/2021\/11\/Custom-knee-replacement-ready-for-implantation.jpg","contentUrl":"https:\/\/newyorkhipknee.com\/wp-content\/uploads\/2021\/11\/Custom-knee-replacement-ready-for-implantation.jpg"},{"@type":"BreadcrumbList","@id":"https:\/\/www.newyorkhipknee.com\/fr\/remplacement-du-genou-sur-mesure\/obtenir-une-arthroplastie-du-genou-a-letranger-un-medecin-new-yorkais-fait-part-de-ses-reflexions\/#breadcrumb","itemListElement":[{"@type":"ListItem","position":1,"name":"Home","item":"https:\/\/www.newyorkhipknee.com\/fr\/"},{"@type":"ListItem","position":2,"name":"Remplacement du genou sur mesure","item":"https:\/\/www.newyorkhipknee.com\/fr\/remplacement-du-genou-sur-mesure\/"},{"@type":"ListItem","position":3,"name":"Obtenir une arthroplastie du genou \u00e0 l&rsquo;\u00e9tranger : Un m\u00e9decin new-yorkais fait part de ses r\u00e9flexions"}]},{"@type":"WebSite","@id":"https:\/\/www.newyorkhipknee.com\/fr\/#website","url":"https:\/\/www.newyorkhipknee.com\/fr\/","name":"Best Hip & Knee Surgeon | NY, USA","description":"","potentialAction":[{"@type":"SearchAction","target":{"@type":"EntryPoint","urlTemplate":"https:\/\/www.newyorkhipknee.com\/fr\/?s={search_term_string}"},"query-input":{"@type":"PropertyValueSpecification","valueRequired":true,"valueName":"search_term_string"}}],"inLanguage":"fr-FR"}]}},"_links":{"self":[{"href":"https:\/\/www.newyorkhipknee.com\/fr\/wp-json\/wp\/v2\/pages\/17620","targetHints":{"allow":["GET"]}}],"collection":[{"href":"https:\/\/www.newyorkhipknee.com\/fr\/wp-json\/wp\/v2\/pages"}],"about":[{"href":"https:\/\/www.newyorkhipknee.com\/fr\/wp-json\/wp\/v2\/types\/page"}],"author":[{"embeddable":true,"href":"https:\/\/www.newyorkhipknee.com\/fr\/wp-json\/wp\/v2\/users\/15"}],"replies":[{"embeddable":true,"href":"https:\/\/www.newyorkhipknee.com\/fr\/wp-json\/wp\/v2\/comments?post=17620"}],"version-history":[{"count":0,"href":"https:\/\/www.newyorkhipknee.com\/fr\/wp-json\/wp\/v2\/pages\/17620\/revisions"}],"up":[{"embeddable":true,"href":"https:\/\/www.newyorkhipknee.com\/fr\/wp-json\/wp\/v2\/pages\/17609"}],"wp:attachment":[{"href":"https:\/\/www.newyorkhipknee.com\/fr\/wp-json\/wp\/v2\/media?parent=17620"}],"curies":[{"name":"wp","href":"https:\/\/api.w.org\/{rel}","templated":true}]}}