{"id":17621,"date":"2014-12-09T05:44:30","date_gmt":"2014-12-09T10:44:30","guid":{"rendered":"https:\/\/newyorkhipknee.com\/remplacement-du-genou-sur-mesure\/resurfacage-partiel-du-genou-makoplasty\/"},"modified":"2014-12-09T05:44:30","modified_gmt":"2014-12-09T10:44:30","slug":"resurfacage-partiel-du-genou-makoplasty","status":"publish","type":"page","link":"https:\/\/www.newyorkhipknee.com\/fr\/remplacement-du-genou-sur-mesure\/resurfacage-partiel-du-genou-makoplasty\/","title":{"rendered":"Resurfa\u00e7age partiel du genou MAKOplasty"},"content":{"rendered":"<p>Pour les personnes souffrant d&rsquo;affections d\u00e9g\u00e9n\u00e9ratives du genou ou d&rsquo;arthrose du genou, le Dr Nakul Karkare propose la proc\u00e9dure de resurfa\u00e7age du genou \u00e0 l&rsquo;aide de la proc\u00e9dure MAKOplasty.<\/p>\n<p>D\u00e9velopp\u00e9e par Mako Surgical Corporation, la MAKOplasty est le premier choix de proc\u00e9dures chirurgicales utilis\u00e9es pour l&rsquo;arthroplastie totale de la hanche ou l&rsquo;arthroplastie partielle du genou et utilise le syst\u00e8me RIO (Robotic Arm Interactive Orthopedic).<\/p>\n<p>Autoris\u00e9e par la FDA, la RIO est la proc\u00e9dure utilis\u00e9e pour les interventions chirurgicales sur la hanche et le genou lorsque la chirurgie st\u00e9r\u00e9otaxique est appropri\u00e9e et que des structures anatomiques osseuses et rigides peuvent \u00eatre identifi\u00e9es \u00e0 l&rsquo;aide de tomodensitogrammes et de mod\u00e8les d&rsquo;anatomie bas\u00e9s sur des tomodensitogrammes.<\/p>\n<p>Contrairement \u00e0 l&rsquo;arthroplastie totale du genou, une proc\u00e9dure plus invasive qui consiste \u00e0 remplacer l&rsquo;ensemble de l&rsquo;articulation du genou, la proc\u00e9dure MAKOplasty est moins invasive et permet au chirurgien et \u00e0 son \u00e9quipe de ne cibler avec pr\u00e9cision que la partie endommag\u00e9e du genou du patient.<\/p>\n<p>Cela n&rsquo;endommage pas les parties saines de l&rsquo;articulation, laissant toutes les parties saines intactes et non affect\u00e9es. Gr\u00e2ce \u00e0 la combinaison d&rsquo;une technologie de bras robotique de pointe et de capacit\u00e9s de mod\u00e9lisation 3D du genou par tomodensitom\u00e9trie, MAKOplasty permet de positionner, d&rsquo;aligner et de fixer l&rsquo;implant de mani\u00e8re optimale dans l&rsquo;articulation. Par cons\u00e9quent, le resurfa\u00e7age du genou du patient durera longtemps, avec une usure r\u00e9duite, et il pourra \u00e0 nouveau se d\u00e9placer librement et en douceur.<\/p>\n<h3>La MAKOplastie est-elle adapt\u00e9e \u00e0 mon cas ?<\/h3>\n<p>Les personnes souffrant d&rsquo;une arthrose pr\u00e9coce ou moyenne dans un ou deux des trois compartiments du genou peuvent b\u00e9n\u00e9ficier du resurfa\u00e7age partiel du genou MAKOplasty. La MAKOplastie est la meilleure alternative, pour de nombreux patients, \u00e0 l&rsquo;arthroplastie totale du genou.<\/p>\n<h3>Quels sont les avantages de la MAKOplastie par rapport \u00e0 l&rsquo;arthroplastie totale ?<\/h3>\n<p>Con\u00e7ue pour soulager la douleur caus\u00e9e par la d\u00e9g\u00e9n\u00e9rescence des articulations, la MAKOplastie offre de nombreux avantages potentiels, notamment<\/p>\n<ul>\n<li>Am\u00e9lioration des r\u00e9sultats chirurgicaux<\/li>\n<li>Moins d&rsquo;usure, de d\u00e9chirure et de descellement de l&rsquo;implant<\/li>\n<li>Resurfa\u00e7age des articulations<\/li>\n<li>\u00c9pargne osseuse<\/li>\n<li>Incision plus petite<\/li>\n<li>Moins de cicatrices<\/li>\n<li>R\u00e9duction de la perte de sang<\/li>\n<li>Hospitalisation minimale<\/li>\n<li>R\u00e9cup\u00e9ration rapide<\/li>\n<\/ul>\n<table style=\"width: 100%;\" border=\"0\" cellspacing=\"0\" cellpadding=\"0\">\n<tbody>\n<tr>\n<td><strong>Chirurgie traditionnelle du genou par rapport \u00e0 MAKOplasty\u00ae.<\/strong><\/td>\n<\/tr>\n<tr>\n<td>\n<table style=\"width: 100%;\" border=\"1\" cellspacing=\"0\" cellpadding=\"0\">\n<tbody>\n<tr>\n<td style=\"width: 33%;\"><\/td>\n<td style=\"width: 33%;\"><strong>Arthroplastie traditionnelle du genou*<\/strong><\/td>\n<td style=\"width: 33%;\"><strong>MAKOplastie\u00ae<\/strong><\/td>\n<\/tr>\n<tr>\n<td style=\"width: 33%;\">Dur\u00e9e moyenne d&rsquo;hospitalisation<\/td>\n<td style=\"width: 33%;\">3 &#8211; 7 jours<\/td>\n<td style=\"width: 33%;\">1 &#8211; 3 jours<\/td>\n<\/tr>\n<tr>\n<td style=\"width: 33%;\">P\u00e9riode de r\u00e9cup\u00e9ration moyenne<\/td>\n<td style=\"width: 33%;\">6 &#8211; 8 semaines<\/td>\n<td style=\"width: 33%;\">Environ 2 semaines<\/td>\n<\/tr>\n<tr>\n<td style=\"width: 33%;\">Longueur moyenne de l&rsquo;incision<\/td>\n<td style=\"width: 33%;\">8 &#8211; 10 pouces<\/td>\n<td style=\"width: 33%;\">2 &#8211; 3 pouces<\/td>\n<\/tr>\n<tr>\n<td style=\"width: 33%;\">R\u00e9sum\u00e9 chirurgical<\/td>\n<td style=\"width: 33%;\">Remplacement total du genou (os\/tissus endommag\u00e9s et sains)<\/td>\n<td style=\"width: 33%;\">Resurfa\u00e7age des os\/tissus endommag\u00e9s uniquement<\/td>\n<\/tr>\n<\/tbody>\n<\/table>\n<\/td>\n<\/tr>\n<\/tbody>\n<\/table>\n<p>Outre ces avantages, il convient \u00e9galement de noter que le taux d&rsquo;\u00e9chec de la MAKOplastie est extr\u00eamement faible. Deux ans apr\u00e8s l&rsquo;op\u00e9ration, le taux d&rsquo;\u00e9chec est de 0,4 %, soit moins de 1 %. Ce chiffre remarquable est neuf fois inf\u00e9rieur \u00e0 celui des PKR (proth\u00e8ses partielles manuelles du genou). Selon les enqu\u00eates de satisfaction, neuf patients sur dix se sont d\u00e9clar\u00e9s \u00ab\u00a0satisfaits\u00a0\u00bb ou \u00ab\u00a0tr\u00e8s satisfaits\u00a0\u00bb deux ans apr\u00e8s l&rsquo;intervention.<\/p>\n<h3>Le processus de la MAKOplastie : Du d\u00e9but \u00e0 la fin<\/h3>\n<p>Si vous souffrez d&rsquo;un gonflement du genou, de douleurs articulaires ou si l&rsquo;on vous a diagnostiqu\u00e9 de l&rsquo;arthrose, vous avez toutes les chances d&rsquo;\u00eatre orient\u00e9 vers un chirurgien orthop\u00e9dique tel que le Dr Nakul Karkare.<\/p>\n<p>Lors de la premi\u00e8re visite et de la premi\u00e8re consultation, le chirurgien orthop\u00e9dique \u00e9valuera votre genou et demandera \u00e9ventuellement une tomodensitom\u00e9trie du genou pour faciliter le diagnostic. Une fois les tomographies termin\u00e9es, la cr\u00e9ation d&rsquo;images num\u00e9riques en 3D du genou sera effectu\u00e9e. Les images permettront \u00e0 votre chirurgien de concevoir et de cr\u00e9er un implant de genou personnalis\u00e9, model\u00e9 exclusivement et uniquement pour votre anatomie.<\/p>\n<p>Au cours de la proc\u00e9dure de resurfa\u00e7age du genou MAKOplasty, le chirurgien utilisera des approches peu invasives pour faciliter l&rsquo;ablation de toutes les parties malades de votre genou.<\/p>\n<p>Une fois que la mati\u00e8re d\u00e9tach\u00e9e, les \u00e9pines osseuses ou le cartilage endommag\u00e9 ont \u00e9t\u00e9 retir\u00e9s, le chirurgien utilise le bras robotis\u00e9 de l&rsquo;outil pour positionner, aligner et fixer l&rsquo;implant unique et sp\u00e9cifique au patient sur l&rsquo;articulation. Quelques heures \u00e0 peine apr\u00e8s l&rsquo;intervention, de nombreux patients sont debout et se d\u00e9placent.<\/p>\n<h3>Combien de temps faut-il pour se remettre de la MAKOplastie ?<\/h3>\n<p>S&rsquo;il est bien connu que de nombreux patients peuvent se r\u00e9tablir rapidement et marcher le jour m\u00eame de l&rsquo;intervention, il est conseill\u00e9 \u00e0 tous les patients d&rsquo;\u00eatre patients pendant le processus de r\u00e9tablissement, car le retour \u00e0 un mode de vie normal peut prendre jusqu&rsquo;\u00e0 quatre semaines.<\/p>\n<p>La gu\u00e9rison d\u00e9pend de chaque patient. Une fois l&rsquo;intervention termin\u00e9e, votre chirurgien pourra \u00e9ventuellement vous adresser \u00e0 un kin\u00e9sith\u00e9rapeute ambulatoire pour faciliter le processus de r\u00e9tablissement et vous aider \u00e0 reprendre le cours de votre vie.<\/p>\n<h3>L&rsquo;assurance couvre-t-elle la MAKOplastie ?<\/h3>\n<p>Les r\u00e9gimes d&rsquo;assurance approuv\u00e9s par Medicare et la plupart des assureurs priv\u00e9s couvrent le resurfa\u00e7age partiel robotis\u00e9 du genou MAKOplasty, car il s&rsquo;agit d&rsquo;une proc\u00e9dure d&rsquo;arthroplastie du genou. Contactez votre assureur pour plus d&rsquo;informations.<\/p>\n<p>Planifier le resurfa\u00e7age robotique partiel du genou d\u00e8s aujourd&rsquo;hui \u00e0 New York<\/p>\n<p>Le Dr Nakul Karkare propose la proc\u00e9dure de resurfa\u00e7age partiel du genou MAKOplasty. Ce cabinet et son personnel seront heureux de vous fournir toutes les informations dont vous avez besoin pour choisir l&rsquo;intervention du genou qui vous convient. Le resurfa\u00e7age partiel du genou est une d\u00e9cision importante et vous m\u00e9ritez d&rsquo;avoir la proc\u00e9dure qui convient \u00e0 votre anatomie et \u00e0 votre mode de vie.<\/p>\n","protected":false},"excerpt":{"rendered":"<p>Pour les personnes souffrant d&rsquo;affections d\u00e9g\u00e9n\u00e9ratives du genou ou d&rsquo;arthrose du genou, le Dr Nakul Karkare propose la proc\u00e9dure de resurfa\u00e7age du genou \u00e0 l&rsquo;aide de la proc\u00e9dure MAKOplasty. D\u00e9velopp\u00e9e par Mako Surgical Corporation, la MAKOplasty est le premier choix de proc\u00e9dures chirurgicales utilis\u00e9es pour l&rsquo;arthroplastie totale de la hanche ou l&rsquo;arthroplastie partielle du genou [&hellip;]<\/p>\n","protected":false},"author":7,"featured_media":0,"parent":17609,"menu_order":0,"comment_status":"open","ping_status":"open","template":"","meta":{"_et_pb_use_builder":"","_et_pb_old_content":"","_et_gb_content_width":"","footnotes":""},"class_list":["post-17621","page","type-page","status-publish","hentry"],"yoast_head":"<!-- This site is optimized with the Yoast SEO plugin v27.2 - https:\/\/yoast.com\/product\/yoast-seo-wordpress\/ -->\n<title>Makoplastie Resurfa\u00e7age partiel du genou New York | Arthrose NY<\/title>\n<meta name=\"description\" content=\"La Makoplastie est une proc\u00e9dure de resurfa\u00e7age partiel du genou assist\u00e9e par un bras robotis\u00e9 et r\u00e9alis\u00e9e \u00e0 New York pour soulager la douleur caus\u00e9e par la d\u00e9g\u00e9n\u00e9rescence des articulations due \u00e0 l&#039;arthrose.\" \/>\n<meta name=\"robots\" content=\"index, follow, max-snippet:-1, max-image-preview:large, max-video-preview:-1\" \/>\n<link rel=\"canonical\" href=\"https:\/\/www.newyorkhipknee.com\/fr\/remplacement-du-genou-sur-mesure\/resurfacage-partiel-du-genou-makoplasty\/\" \/>\n<meta property=\"og:locale\" content=\"fr_FR\" \/>\n<meta property=\"og:type\" content=\"article\" \/>\n<meta property=\"og:title\" content=\"Makoplastie Resurfa\u00e7age partiel du genou New York | Arthrose NY\" \/>\n<meta property=\"og:description\" content=\"La Makoplastie est une proc\u00e9dure de resurfa\u00e7age partiel du genou assist\u00e9e par un bras robotis\u00e9 et r\u00e9alis\u00e9e \u00e0 New York pour soulager la douleur caus\u00e9e par la d\u00e9g\u00e9n\u00e9rescence des articulations due \u00e0 l&#039;arthrose.\" \/>\n<meta property=\"og:url\" content=\"https:\/\/www.newyorkhipknee.com\/fr\/remplacement-du-genou-sur-mesure\/resurfacage-partiel-du-genou-makoplasty\/\" \/>\n<meta property=\"og:site_name\" content=\"Best Hip &amp; Knee Surgeon | NY, USA\" \/>\n<meta name=\"twitter:card\" content=\"summary_large_image\" \/>\n<meta name=\"twitter:label1\" content=\"Dur\u00e9e de lecture estim\u00e9e\" \/>\n\t<meta name=\"twitter:data1\" content=\"5 minutes\" \/>\n<script type=\"application\/ld+json\" class=\"yoast-schema-graph\">{\"@context\":\"https:\/\/schema.org\",\"@graph\":[{\"@type\":[\"WebPage\",\"MedicalWebPage\"],\"@id\":\"https:\/\/www.newyorkhipknee.com\/fr\/remplacement-du-genou-sur-mesure\/resurfacage-partiel-du-genou-makoplasty\/\",\"url\":\"https:\/\/www.newyorkhipknee.com\/fr\/remplacement-du-genou-sur-mesure\/resurfacage-partiel-du-genou-makoplasty\/\",\"name\":\"Makoplastie Resurfa\u00e7age partiel du genou New York | Arthrose NY\",\"isPartOf\":{\"@id\":\"https:\/\/www.newyorkhipknee.com\/fr\/#website\"},\"datePublished\":\"2014-12-09T10:44:30+00:00\",\"description\":\"La Makoplastie est une proc\u00e9dure de resurfa\u00e7age partiel du genou assist\u00e9e par un bras robotis\u00e9 et r\u00e9alis\u00e9e \u00e0 New York pour soulager la douleur caus\u00e9e par la d\u00e9g\u00e9n\u00e9rescence des articulations due \u00e0 l'arthrose.\",\"breadcrumb\":{\"@id\":\"https:\/\/www.newyorkhipknee.com\/fr\/remplacement-du-genou-sur-mesure\/resurfacage-partiel-du-genou-makoplasty\/#breadcrumb\"},\"inLanguage\":\"fr-FR\",\"potentialAction\":[{\"@type\":\"ReadAction\",\"target\":[\"https:\/\/www.newyorkhipknee.com\/fr\/remplacement-du-genou-sur-mesure\/resurfacage-partiel-du-genou-makoplasty\/\"]}]},{\"@type\":\"BreadcrumbList\",\"@id\":\"https:\/\/www.newyorkhipknee.com\/fr\/remplacement-du-genou-sur-mesure\/resurfacage-partiel-du-genou-makoplasty\/#breadcrumb\",\"itemListElement\":[{\"@type\":\"ListItem\",\"position\":1,\"name\":\"Home\",\"item\":\"https:\/\/www.newyorkhipknee.com\/fr\/\"},{\"@type\":\"ListItem\",\"position\":2,\"name\":\"Remplacement du genou sur mesure\",\"item\":\"https:\/\/www.newyorkhipknee.com\/fr\/remplacement-du-genou-sur-mesure\/\"},{\"@type\":\"ListItem\",\"position\":3,\"name\":\"Resurfa\u00e7age partiel du genou MAKOplasty\"}]},{\"@type\":\"WebSite\",\"@id\":\"https:\/\/www.newyorkhipknee.com\/fr\/#website\",\"url\":\"https:\/\/www.newyorkhipknee.com\/fr\/\",\"name\":\"Best Hip & Knee Surgeon | NY, USA\",\"description\":\"\",\"potentialAction\":[{\"@type\":\"SearchAction\",\"target\":{\"@type\":\"EntryPoint\",\"urlTemplate\":\"https:\/\/www.newyorkhipknee.com\/fr\/?s={search_term_string}\"},\"query-input\":{\"@type\":\"PropertyValueSpecification\",\"valueRequired\":true,\"valueName\":\"search_term_string\"}}],\"inLanguage\":\"fr-FR\"}]}<\/script>\n<!-- \/ Yoast SEO plugin. -->","yoast_head_json":{"title":"Makoplastie Resurfa\u00e7age partiel du genou New York | Arthrose NY","description":"La Makoplastie est une proc\u00e9dure de resurfa\u00e7age partiel du genou assist\u00e9e par un bras robotis\u00e9 et r\u00e9alis\u00e9e \u00e0 New York pour soulager la douleur caus\u00e9e par la d\u00e9g\u00e9n\u00e9rescence des articulations due \u00e0 l'arthrose.","robots":{"index":"index","follow":"follow","max-snippet":"max-snippet:-1","max-image-preview":"max-image-preview:large","max-video-preview":"max-video-preview:-1"},"canonical":"https:\/\/www.newyorkhipknee.com\/fr\/remplacement-du-genou-sur-mesure\/resurfacage-partiel-du-genou-makoplasty\/","og_locale":"fr_FR","og_type":"article","og_title":"Makoplastie Resurfa\u00e7age partiel du genou New York | Arthrose NY","og_description":"La Makoplastie est une proc\u00e9dure de resurfa\u00e7age partiel du genou assist\u00e9e par un bras robotis\u00e9 et r\u00e9alis\u00e9e \u00e0 New York pour soulager la douleur caus\u00e9e par la d\u00e9g\u00e9n\u00e9rescence des articulations due \u00e0 l'arthrose.","og_url":"https:\/\/www.newyorkhipknee.com\/fr\/remplacement-du-genou-sur-mesure\/resurfacage-partiel-du-genou-makoplasty\/","og_site_name":"Best Hip &amp; Knee Surgeon | NY, USA","twitter_card":"summary_large_image","twitter_misc":{"Dur\u00e9e de lecture estim\u00e9e":"5 minutes"},"schema":{"@context":"https:\/\/schema.org","@graph":[{"@type":["WebPage","MedicalWebPage"],"@id":"https:\/\/www.newyorkhipknee.com\/fr\/remplacement-du-genou-sur-mesure\/resurfacage-partiel-du-genou-makoplasty\/","url":"https:\/\/www.newyorkhipknee.com\/fr\/remplacement-du-genou-sur-mesure\/resurfacage-partiel-du-genou-makoplasty\/","name":"Makoplastie Resurfa\u00e7age partiel du genou New York | Arthrose NY","isPartOf":{"@id":"https:\/\/www.newyorkhipknee.com\/fr\/#website"},"datePublished":"2014-12-09T10:44:30+00:00","description":"La Makoplastie est une proc\u00e9dure de resurfa\u00e7age partiel du genou assist\u00e9e par un bras robotis\u00e9 et r\u00e9alis\u00e9e \u00e0 New York pour soulager la douleur caus\u00e9e par la d\u00e9g\u00e9n\u00e9rescence des articulations due \u00e0 l'arthrose.","breadcrumb":{"@id":"https:\/\/www.newyorkhipknee.com\/fr\/remplacement-du-genou-sur-mesure\/resurfacage-partiel-du-genou-makoplasty\/#breadcrumb"},"inLanguage":"fr-FR","potentialAction":[{"@type":"ReadAction","target":["https:\/\/www.newyorkhipknee.com\/fr\/remplacement-du-genou-sur-mesure\/resurfacage-partiel-du-genou-makoplasty\/"]}]},{"@type":"BreadcrumbList","@id":"https:\/\/www.newyorkhipknee.com\/fr\/remplacement-du-genou-sur-mesure\/resurfacage-partiel-du-genou-makoplasty\/#breadcrumb","itemListElement":[{"@type":"ListItem","position":1,"name":"Home","item":"https:\/\/www.newyorkhipknee.com\/fr\/"},{"@type":"ListItem","position":2,"name":"Remplacement du genou sur mesure","item":"https:\/\/www.newyorkhipknee.com\/fr\/remplacement-du-genou-sur-mesure\/"},{"@type":"ListItem","position":3,"name":"Resurfa\u00e7age partiel du genou MAKOplasty"}]},{"@type":"WebSite","@id":"https:\/\/www.newyorkhipknee.com\/fr\/#website","url":"https:\/\/www.newyorkhipknee.com\/fr\/","name":"Best Hip & Knee Surgeon | NY, USA","description":"","potentialAction":[{"@type":"SearchAction","target":{"@type":"EntryPoint","urlTemplate":"https:\/\/www.newyorkhipknee.com\/fr\/?s={search_term_string}"},"query-input":{"@type":"PropertyValueSpecification","valueRequired":true,"valueName":"search_term_string"}}],"inLanguage":"fr-FR"}]}},"_links":{"self":[{"href":"https:\/\/www.newyorkhipknee.com\/fr\/wp-json\/wp\/v2\/pages\/17621","targetHints":{"allow":["GET"]}}],"collection":[{"href":"https:\/\/www.newyorkhipknee.com\/fr\/wp-json\/wp\/v2\/pages"}],"about":[{"href":"https:\/\/www.newyorkhipknee.com\/fr\/wp-json\/wp\/v2\/types\/page"}],"author":[{"embeddable":true,"href":"https:\/\/www.newyorkhipknee.com\/fr\/wp-json\/wp\/v2\/users\/7"}],"replies":[{"embeddable":true,"href":"https:\/\/www.newyorkhipknee.com\/fr\/wp-json\/wp\/v2\/comments?post=17621"}],"version-history":[{"count":0,"href":"https:\/\/www.newyorkhipknee.com\/fr\/wp-json\/wp\/v2\/pages\/17621\/revisions"}],"up":[{"embeddable":true,"href":"https:\/\/www.newyorkhipknee.com\/fr\/wp-json\/wp\/v2\/pages\/17609"}],"wp:attachment":[{"href":"https:\/\/www.newyorkhipknee.com\/fr\/wp-json\/wp\/v2\/media?parent=17621"}],"curies":[{"name":"wp","href":"https:\/\/api.w.org\/{rel}","templated":true}]}}