{"id":17622,"date":"2021-10-29T18:58:26","date_gmt":"2021-10-29T22:58:26","guid":{"rendered":"https:\/\/newyorkhipknee.com\/remplacement-du-genou-sur-mesure\/une-nouvelle-approche-de-larthroplastie-totale-du-genou-epargne-les-muscles-et-diminue-la-douleur\/"},"modified":"2023-05-07T15:10:24","modified_gmt":"2023-05-07T19:10:24","slug":"une-nouvelle-approche-de-larthroplastie-totale-du-genou-epargne-les-muscles-et-diminue-la-douleur","status":"publish","type":"page","link":"https:\/\/www.newyorkhipknee.com\/fr\/remplacement-du-genou-sur-mesure\/une-nouvelle-approche-de-larthroplastie-totale-du-genou-epargne-les-muscles-et-diminue-la-douleur\/","title":{"rendered":"Une nouvelle approche de l&rsquo;arthroplastie totale du genou \u00e9pargne les muscles et diminue la douleur"},"content":{"rendered":"<p>[et_pb_section fb_built=\u00a0\u00bb1&Prime; admin_label=\u00a0\u00bbsection\u00a0\u00bb _builder_version=\u00a0\u00bb4.16&Prime; global_colors_info=\u00a0\u00bb{}\u00a0\u00bb][et_pb_row admin_label=\u00a0\u00bbrang\u00e9e\u00a0\u00bb _builder_version=\u00a0\u00bb4.16&Prime; background_size=\u00a0\u00bbinitial\u00a0\u00bb background_position=\u00a0\u00bbtop_left\u00a0\u00bb background_repeat=\u00a0\u00bbrepeat\u00a0\u00bb global_colors_info=\u00a0\u00bb{}\u00a0\u00bb][et_pb_column type=\u00a0\u00bb4_4&Prime; _builder_version=\u00a0\u00bb4.16&Prime; custom_padding=\u00a0\u00bb|||\u00a0\u00bb global_colors_info=\u00a0\u00bb{}\u00a0\u00bb custom_padding__hover=\u00a0\u00bb|||\u00a0\u00bb][et_pb_text _builder_version=\u00a0\u00bb4.19.0&Prime; _module_preset=\u00a0\u00bbdefault\u00a0\u00bb hover_enabled=\u00a0\u00bb0&Prime; sticky_enabled=\u00a0\u00bb0&Prime;]<\/p>\n<h1>Nouvelle approche de l&rsquo;arthroplastie totale du genou<\/h1>\n<p>[\/et_pb_text][et_pb_text admin_label=\u00a0\u00bbText\u00a0\u00bb _builder_version=\u00a0\u00bb4.19.0&Prime; background_size=\u00a0\u00bbinitial\u00a0\u00bb background_position=\u00a0\u00bbtop_left\u00a0\u00bb background_repeat=\u00a0\u00bbrepeat\u00a0\u00bb hover_enabled=\u00a0\u00bb0&Prime; global_colors_info=\u00a0\u00bb{}\u00a0\u00bb sticky_enabled=\u00a0\u00bb0&Prime;]<\/p>\n<p>L&rsquo;<a href=\"https:\/\/newyorkhipknee.com\/ca-en\/total-knee-replacement\/\">arthroplastie<\/a> totale du <a href=\"https:\/\/newyorkhipknee.com\/ca-en\/total-knee-replacement\/\">genou<\/a>, \u00e9galement connue sous le nom de <a href=\"https:\/\/newyorkhipknee.com\/ca-en\/total-knee-replacement\/\">remplacement total du genou<\/a>, est l&rsquo;une des interventions orthop\u00e9diques les plus courantes en Am\u00e9rique. Selon l&rsquo;Acad\u00e9mie am\u00e9ricaine des chirurgiens orthop\u00e9diques, en 2010, plus de 600 000 arthroplasties totales du genou \u00e9taient pratiqu\u00e9es chaque ann\u00e9e aux \u00c9tats-Unis.<\/p>\n<p>Le nombre d&rsquo;arthroplasties totales du genou r\u00e9alis\u00e9es chaque ann\u00e9e aux \u00c9tats-Unis augmente rapidement. Les experts estiment qu&rsquo;elle augmentera de 673 % pour atteindre 3,48 millions de proc\u00e9dures d&rsquo;ici \u00e0 2030.<\/p>\n<p>Pour commencer, un processus rigoureux d&rsquo;optimisation pr\u00e9op\u00e9ratoire est maintenant en place pour aider \u00e0 minimiser le risque de complications apr\u00e8s l&rsquo;op\u00e9ration. Les patients assistent \u00e9galement \u00e0 un cours de formation sur l&rsquo;articulation afin d&rsquo;obtenir des conseils sur ce \u00e0 quoi ils doivent s&rsquo;attendre avant, pendant et apr\u00e8s l&rsquo;op\u00e9ration. Des \u00e9tudes ont montr\u00e9 que ces cours de formation am\u00e9liorent les r\u00e9sultats pour les patients.<\/p>\n<p><span class=\"textMainBold\">Source : The Daily Progress<\/span> <a href=\"https:\/\/www.dailyprogress.com\/\">The Daily Progress<\/a><\/p>\n<h4 class=\"headline\">Signes vitaux : Une nouvelle approche de l&rsquo;arthroplastie totale du genou m\u00e9nage les muscles et diminue la douleur<\/h4>\n<h3>Planifiez votre premi\u00e8re visite<\/h3>\n<div align=\"center\"><a class=\"livesite-schedule\" href=\"https:\/\/live.vcita.com\/site\/nyhipknee\/online-scheduling?staff=sbuvrwlyhlcvxsjv\"><br \/><img decoding=\"async\" title=\"Planifier maintenant\" src=\"\/wp-content\/uploads\/2016\/02\/karkare-calendar.png\" alt=\"Planifier maintenant\" border=\"0\"><\/a><\/div>\n<p>[\/et_pb_text][\/et_pb_column][\/et_pb_row][\/et_pb_section]<\/p>\n","protected":false},"excerpt":{"rendered":"<p>Nouvelle approche de l&rsquo;arthroplastie totale du genouL&rsquo;arthroplastie totale du genou, \u00e9galement connue sous le nom de remplacement total du genou, est l&rsquo;une des interventions orthop\u00e9diques les plus courantes en Am\u00e9rique. Selon l&rsquo;Acad\u00e9mie am\u00e9ricaine des chirurgiens orthop\u00e9diques, en 2010, plus de 600 000 arthroplasties totales du genou \u00e9taient pratiqu\u00e9es chaque ann\u00e9e aux \u00c9tats-Unis. Le nombre d&rsquo;arthroplasties [&hellip;]<\/p>\n","protected":false},"author":15,"featured_media":0,"parent":17609,"menu_order":0,"comment_status":"closed","ping_status":"closed","template":"","meta":{"_et_pb_use_builder":"on","_et_pb_old_content":"","_et_gb_content_width":"","footnotes":""},"class_list":["post-17622","page","type-page","status-publish","hentry"],"yoast_head":"<!-- This site is optimized with the Yoast SEO plugin v27.2 - https:\/\/yoast.com\/product\/yoast-seo-wordpress\/ -->\n<title>L&#039;arthroplastie totale du genou \u00e9pargne les muscles - NYHK<\/title>\n<meta name=\"description\" content=\"L&#039;arthroplastie totale du genou, \u00e9galement connue sous le nom de remplacement total du genou, est l&#039;une des interventions orthop\u00e9diques les plus courantes en Am\u00e9rique.\" \/>\n<meta name=\"robots\" content=\"index, follow, max-snippet:-1, max-image-preview:large, max-video-preview:-1\" \/>\n<link rel=\"canonical\" href=\"https:\/\/www.newyorkhipknee.com\/fr\/remplacement-du-genou-sur-mesure\/une-nouvelle-approche-de-larthroplastie-totale-du-genou-epargne-les-muscles-et-diminue-la-douleur\/\" \/>\n<meta property=\"og:locale\" content=\"fr_FR\" \/>\n<meta property=\"og:type\" content=\"article\" \/>\n<meta property=\"og:title\" content=\"L&#039;arthroplastie totale du genou \u00e9pargne les muscles - NYHK\" \/>\n<meta property=\"og:description\" content=\"L&#039;arthroplastie totale du genou, \u00e9galement connue sous le nom de remplacement total du genou, est l&#039;une des interventions orthop\u00e9diques les plus courantes en Am\u00e9rique.\" \/>\n<meta property=\"og:url\" content=\"https:\/\/www.newyorkhipknee.com\/fr\/remplacement-du-genou-sur-mesure\/une-nouvelle-approche-de-larthroplastie-totale-du-genou-epargne-les-muscles-et-diminue-la-douleur\/\" \/>\n<meta property=\"og:site_name\" content=\"Best Hip &amp; Knee Surgeon | NY, USA\" \/>\n<meta property=\"article:modified_time\" content=\"2023-05-07T19:10:24+00:00\" \/>\n<meta name=\"twitter:card\" content=\"summary_large_image\" \/>\n<meta name=\"twitter:label1\" content=\"Dur\u00e9e de lecture estim\u00e9e\" \/>\n\t<meta name=\"twitter:data1\" content=\"1 minute\" \/>\n<script type=\"application\/ld+json\" class=\"yoast-schema-graph\">{\"@context\":\"https:\/\/schema.org\",\"@graph\":[{\"@type\":[\"WebPage\",\"MedicalWebPage\"],\"@id\":\"https:\/\/www.newyorkhipknee.com\/fr\/remplacement-du-genou-sur-mesure\/une-nouvelle-approche-de-larthroplastie-totale-du-genou-epargne-les-muscles-et-diminue-la-douleur\/\",\"url\":\"https:\/\/www.newyorkhipknee.com\/fr\/remplacement-du-genou-sur-mesure\/une-nouvelle-approche-de-larthroplastie-totale-du-genou-epargne-les-muscles-et-diminue-la-douleur\/\",\"name\":\"L'arthroplastie totale du genou \u00e9pargne les muscles - NYHK\",\"isPartOf\":{\"@id\":\"https:\/\/www.newyorkhipknee.com\/fr\/#website\"},\"datePublished\":\"2021-10-29T22:58:26+00:00\",\"dateModified\":\"2023-05-07T19:10:24+00:00\",\"description\":\"L'arthroplastie totale du genou, \u00e9galement connue sous le nom de remplacement total du genou, est l'une des interventions orthop\u00e9diques les plus courantes en Am\u00e9rique.\",\"breadcrumb\":{\"@id\":\"https:\/\/www.newyorkhipknee.com\/fr\/remplacement-du-genou-sur-mesure\/une-nouvelle-approche-de-larthroplastie-totale-du-genou-epargne-les-muscles-et-diminue-la-douleur\/#breadcrumb\"},\"inLanguage\":\"fr-FR\",\"potentialAction\":[{\"@type\":\"ReadAction\",\"target\":[\"https:\/\/www.newyorkhipknee.com\/fr\/remplacement-du-genou-sur-mesure\/une-nouvelle-approche-de-larthroplastie-totale-du-genou-epargne-les-muscles-et-diminue-la-douleur\/\"]}]},{\"@type\":\"BreadcrumbList\",\"@id\":\"https:\/\/www.newyorkhipknee.com\/fr\/remplacement-du-genou-sur-mesure\/une-nouvelle-approche-de-larthroplastie-totale-du-genou-epargne-les-muscles-et-diminue-la-douleur\/#breadcrumb\",\"itemListElement\":[{\"@type\":\"ListItem\",\"position\":1,\"name\":\"Home\",\"item\":\"https:\/\/www.newyorkhipknee.com\/fr\/\"},{\"@type\":\"ListItem\",\"position\":2,\"name\":\"Remplacement du genou sur mesure\",\"item\":\"https:\/\/www.newyorkhipknee.com\/fr\/remplacement-du-genou-sur-mesure\/\"},{\"@type\":\"ListItem\",\"position\":3,\"name\":\"Une nouvelle approche de l&rsquo;arthroplastie totale du genou \u00e9pargne les muscles et diminue la douleur\"}]},{\"@type\":\"WebSite\",\"@id\":\"https:\/\/www.newyorkhipknee.com\/fr\/#website\",\"url\":\"https:\/\/www.newyorkhipknee.com\/fr\/\",\"name\":\"Best Hip & Knee Surgeon | NY, USA\",\"description\":\"\",\"potentialAction\":[{\"@type\":\"SearchAction\",\"target\":{\"@type\":\"EntryPoint\",\"urlTemplate\":\"https:\/\/www.newyorkhipknee.com\/fr\/?s={search_term_string}\"},\"query-input\":{\"@type\":\"PropertyValueSpecification\",\"valueRequired\":true,\"valueName\":\"search_term_string\"}}],\"inLanguage\":\"fr-FR\"}]}<\/script>\n<!-- \/ Yoast SEO plugin. -->","yoast_head_json":{"title":"L'arthroplastie totale du genou \u00e9pargne les muscles - NYHK","description":"L'arthroplastie totale du genou, \u00e9galement connue sous le nom de remplacement total du genou, est l'une des interventions orthop\u00e9diques les plus courantes en Am\u00e9rique.","robots":{"index":"index","follow":"follow","max-snippet":"max-snippet:-1","max-image-preview":"max-image-preview:large","max-video-preview":"max-video-preview:-1"},"canonical":"https:\/\/www.newyorkhipknee.com\/fr\/remplacement-du-genou-sur-mesure\/une-nouvelle-approche-de-larthroplastie-totale-du-genou-epargne-les-muscles-et-diminue-la-douleur\/","og_locale":"fr_FR","og_type":"article","og_title":"L'arthroplastie totale du genou \u00e9pargne les muscles - NYHK","og_description":"L'arthroplastie totale du genou, \u00e9galement connue sous le nom de remplacement total du genou, est l'une des interventions orthop\u00e9diques les plus courantes en Am\u00e9rique.","og_url":"https:\/\/www.newyorkhipknee.com\/fr\/remplacement-du-genou-sur-mesure\/une-nouvelle-approche-de-larthroplastie-totale-du-genou-epargne-les-muscles-et-diminue-la-douleur\/","og_site_name":"Best Hip &amp; Knee Surgeon | NY, USA","article_modified_time":"2023-05-07T19:10:24+00:00","twitter_card":"summary_large_image","twitter_misc":{"Dur\u00e9e de lecture estim\u00e9e":"1 minute"},"schema":{"@context":"https:\/\/schema.org","@graph":[{"@type":["WebPage","MedicalWebPage"],"@id":"https:\/\/www.newyorkhipknee.com\/fr\/remplacement-du-genou-sur-mesure\/une-nouvelle-approche-de-larthroplastie-totale-du-genou-epargne-les-muscles-et-diminue-la-douleur\/","url":"https:\/\/www.newyorkhipknee.com\/fr\/remplacement-du-genou-sur-mesure\/une-nouvelle-approche-de-larthroplastie-totale-du-genou-epargne-les-muscles-et-diminue-la-douleur\/","name":"L'arthroplastie totale du genou \u00e9pargne les muscles - NYHK","isPartOf":{"@id":"https:\/\/www.newyorkhipknee.com\/fr\/#website"},"datePublished":"2021-10-29T22:58:26+00:00","dateModified":"2023-05-07T19:10:24+00:00","description":"L'arthroplastie totale du genou, \u00e9galement connue sous le nom de remplacement total du genou, est l'une des interventions orthop\u00e9diques les plus courantes en Am\u00e9rique.","breadcrumb":{"@id":"https:\/\/www.newyorkhipknee.com\/fr\/remplacement-du-genou-sur-mesure\/une-nouvelle-approche-de-larthroplastie-totale-du-genou-epargne-les-muscles-et-diminue-la-douleur\/#breadcrumb"},"inLanguage":"fr-FR","potentialAction":[{"@type":"ReadAction","target":["https:\/\/www.newyorkhipknee.com\/fr\/remplacement-du-genou-sur-mesure\/une-nouvelle-approche-de-larthroplastie-totale-du-genou-epargne-les-muscles-et-diminue-la-douleur\/"]}]},{"@type":"BreadcrumbList","@id":"https:\/\/www.newyorkhipknee.com\/fr\/remplacement-du-genou-sur-mesure\/une-nouvelle-approche-de-larthroplastie-totale-du-genou-epargne-les-muscles-et-diminue-la-douleur\/#breadcrumb","itemListElement":[{"@type":"ListItem","position":1,"name":"Home","item":"https:\/\/www.newyorkhipknee.com\/fr\/"},{"@type":"ListItem","position":2,"name":"Remplacement du genou sur mesure","item":"https:\/\/www.newyorkhipknee.com\/fr\/remplacement-du-genou-sur-mesure\/"},{"@type":"ListItem","position":3,"name":"Une nouvelle approche de l&rsquo;arthroplastie totale du genou \u00e9pargne les muscles et diminue la douleur"}]},{"@type":"WebSite","@id":"https:\/\/www.newyorkhipknee.com\/fr\/#website","url":"https:\/\/www.newyorkhipknee.com\/fr\/","name":"Best Hip & Knee Surgeon | NY, USA","description":"","potentialAction":[{"@type":"SearchAction","target":{"@type":"EntryPoint","urlTemplate":"https:\/\/www.newyorkhipknee.com\/fr\/?s={search_term_string}"},"query-input":{"@type":"PropertyValueSpecification","valueRequired":true,"valueName":"search_term_string"}}],"inLanguage":"fr-FR"}]}},"_links":{"self":[{"href":"https:\/\/www.newyorkhipknee.com\/fr\/wp-json\/wp\/v2\/pages\/17622","targetHints":{"allow":["GET"]}}],"collection":[{"href":"https:\/\/www.newyorkhipknee.com\/fr\/wp-json\/wp\/v2\/pages"}],"about":[{"href":"https:\/\/www.newyorkhipknee.com\/fr\/wp-json\/wp\/v2\/types\/page"}],"author":[{"embeddable":true,"href":"https:\/\/www.newyorkhipknee.com\/fr\/wp-json\/wp\/v2\/users\/15"}],"replies":[{"embeddable":true,"href":"https:\/\/www.newyorkhipknee.com\/fr\/wp-json\/wp\/v2\/comments?post=17622"}],"version-history":[{"count":0,"href":"https:\/\/www.newyorkhipknee.com\/fr\/wp-json\/wp\/v2\/pages\/17622\/revisions"}],"up":[{"embeddable":true,"href":"https:\/\/www.newyorkhipknee.com\/fr\/wp-json\/wp\/v2\/pages\/17609"}],"wp:attachment":[{"href":"https:\/\/www.newyorkhipknee.com\/fr\/wp-json\/wp\/v2\/media?parent=17622"}],"curies":[{"name":"wp","href":"https:\/\/api.w.org\/{rel}","templated":true}]}}