{"id":17631,"date":"2021-10-29T19:09:45","date_gmt":"2021-10-29T23:09:45","guid":{"rendered":"https:\/\/newyorkhipknee.com\/remplacement-du-genou-sur-mesure\/limplant-semi-contraint-ameliore-les-resultats-de-larthroplastie-de-revision-du-genou\/"},"modified":"2021-10-29T19:09:45","modified_gmt":"2021-10-29T23:09:45","slug":"limplant-semi-contraint-ameliore-les-resultats-de-larthroplastie-de-revision-du-genou","status":"publish","type":"page","link":"https:\/\/www.newyorkhipknee.com\/fr\/remplacement-du-genou-sur-mesure\/limplant-semi-contraint-ameliore-les-resultats-de-larthroplastie-de-revision-du-genou\/","title":{"rendered":"L&rsquo;implant semi-contraint am\u00e9liore les r\u00e9sultats de l&rsquo;arthroplastie de r\u00e9vision du genou"},"content":{"rendered":"<p>L&rsquo;utilisation d&rsquo;un implant semi-contraint dans le cadre d&rsquo;une arthroplastie de r\u00e9vision du genou a permis d&rsquo;obtenir des r\u00e9sultats acceptables en termes de survie de l&rsquo;implant et de fonctionnement au cours de la p\u00e9riode de suivi \u00e0 long terme, selon les r\u00e9sultats de l&rsquo;\u00e9tude.<\/p>\n<p> <span class=\"textMainBold\"> Source :<\/span> <a href=\"https:\/\/www.orthospinenews.com\/\">OrthoSpineNews<\/a><\/p>\n<p class=\"textMainBold\">\n<h3>Planifiez votre premi\u00e8re visite<\/h3>\n<div align=\"center\"><a class=\"livesite-schedule\" href=\"https:\/\/live.vcita.com\/site\/nyhipknee\/online-scheduling?staff=sbuvrwlyhlcvxsjv\"><br \/>\n<img decoding=\"async\" title=\"Planifier maintenant\" src=\"\/wp-content\/uploads\/2016\/02\/karkare-calendar.png\" alt=\"Planifier maintenant\" border=\"0\"><\/a><\/div>\n","protected":false},"excerpt":{"rendered":"<p>L&rsquo;utilisation d&rsquo;un implant semi-contraint dans le cadre d&rsquo;une arthroplastie de r\u00e9vision du genou a permis d&rsquo;obtenir des r\u00e9sultats acceptables en termes de survie de l&rsquo;implant et de fonctionnement au cours de la p\u00e9riode de suivi \u00e0 long terme, selon les r\u00e9sultats de l&rsquo;\u00e9tude. Source : OrthoSpineNews Planifiez votre premi\u00e8re visite<\/p>\n","protected":false},"author":15,"featured_media":0,"parent":17609,"menu_order":0,"comment_status":"closed","ping_status":"closed","template":"","meta":{"_et_pb_use_builder":"","_et_pb_old_content":"","_et_gb_content_width":"","footnotes":""},"class_list":["post-17631","page","type-page","status-publish","hentry"],"yoast_head":"<!-- This site is optimized with the Yoast SEO plugin v27.2 - https:\/\/yoast.com\/product\/yoast-seo-wordpress\/ -->\n<title>L&#039;implant semi-contraint am\u00e9liore l&#039;arthroplastie de r\u00e9vision du genou<\/title>\n<meta name=\"description\" content=\"L&#039;utilisation d&#039;un implant semi-contraint dans le cadre d&#039;une arthroplastie de r\u00e9vision du genou a permis d&#039;obtenir des r\u00e9sultats acceptables en termes de survie de l&#039;implant et de fonctionnement au cours de la p\u00e9riode de suivi \u00e0 long terme, selon les r\u00e9sultats de l&#039;\u00e9tude.\" \/>\n<meta name=\"robots\" content=\"index, follow, max-snippet:-1, max-image-preview:large, max-video-preview:-1\" \/>\n<link rel=\"canonical\" href=\"https:\/\/www.newyorkhipknee.com\/fr\/remplacement-du-genou-sur-mesure\/limplant-semi-contraint-ameliore-les-resultats-de-larthroplastie-de-revision-du-genou\/\" \/>\n<meta property=\"og:locale\" content=\"fr_FR\" \/>\n<meta property=\"og:type\" content=\"article\" \/>\n<meta property=\"og:title\" content=\"L&#039;implant semi-contraint am\u00e9liore l&#039;arthroplastie de r\u00e9vision du genou\" \/>\n<meta property=\"og:description\" content=\"L&#039;utilisation d&#039;un implant semi-contraint dans le cadre d&#039;une arthroplastie de r\u00e9vision du genou a permis d&#039;obtenir des r\u00e9sultats acceptables en termes de survie de l&#039;implant et de fonctionnement au cours de la p\u00e9riode de suivi \u00e0 long terme, selon les r\u00e9sultats de l&#039;\u00e9tude.\" \/>\n<meta property=\"og:url\" content=\"https:\/\/www.newyorkhipknee.com\/fr\/remplacement-du-genou-sur-mesure\/limplant-semi-contraint-ameliore-les-resultats-de-larthroplastie-de-revision-du-genou\/\" \/>\n<meta property=\"og:site_name\" content=\"Best Hip &amp; Knee Surgeon | NY, USA\" \/>\n<meta name=\"twitter:card\" content=\"summary_large_image\" \/>\n<script type=\"application\/ld+json\" class=\"yoast-schema-graph\">{\"@context\":\"https:\/\/schema.org\",\"@graph\":[{\"@type\":[\"WebPage\",\"MedicalWebPage\"],\"@id\":\"https:\/\/www.newyorkhipknee.com\/fr\/remplacement-du-genou-sur-mesure\/limplant-semi-contraint-ameliore-les-resultats-de-larthroplastie-de-revision-du-genou\/\",\"url\":\"https:\/\/www.newyorkhipknee.com\/fr\/remplacement-du-genou-sur-mesure\/limplant-semi-contraint-ameliore-les-resultats-de-larthroplastie-de-revision-du-genou\/\",\"name\":\"L'implant semi-contraint am\u00e9liore l'arthroplastie de r\u00e9vision du genou\",\"isPartOf\":{\"@id\":\"https:\/\/www.newyorkhipknee.com\/fr\/#website\"},\"datePublished\":\"2021-10-29T23:09:45+00:00\",\"description\":\"L'utilisation d'un implant semi-contraint dans le cadre d'une arthroplastie de r\u00e9vision du genou a permis d'obtenir des r\u00e9sultats acceptables en termes de survie de l'implant et de fonctionnement au cours de la p\u00e9riode de suivi \u00e0 long terme, selon les r\u00e9sultats de l'\u00e9tude.\",\"breadcrumb\":{\"@id\":\"https:\/\/www.newyorkhipknee.com\/fr\/remplacement-du-genou-sur-mesure\/limplant-semi-contraint-ameliore-les-resultats-de-larthroplastie-de-revision-du-genou\/#breadcrumb\"},\"inLanguage\":\"fr-FR\",\"potentialAction\":[{\"@type\":\"ReadAction\",\"target\":[\"https:\/\/www.newyorkhipknee.com\/fr\/remplacement-du-genou-sur-mesure\/limplant-semi-contraint-ameliore-les-resultats-de-larthroplastie-de-revision-du-genou\/\"]}]},{\"@type\":\"BreadcrumbList\",\"@id\":\"https:\/\/www.newyorkhipknee.com\/fr\/remplacement-du-genou-sur-mesure\/limplant-semi-contraint-ameliore-les-resultats-de-larthroplastie-de-revision-du-genou\/#breadcrumb\",\"itemListElement\":[{\"@type\":\"ListItem\",\"position\":1,\"name\":\"Home\",\"item\":\"https:\/\/www.newyorkhipknee.com\/fr\/\"},{\"@type\":\"ListItem\",\"position\":2,\"name\":\"Remplacement du genou sur mesure\",\"item\":\"https:\/\/www.newyorkhipknee.com\/fr\/remplacement-du-genou-sur-mesure\/\"},{\"@type\":\"ListItem\",\"position\":3,\"name\":\"L&rsquo;implant semi-contraint am\u00e9liore les r\u00e9sultats de l&rsquo;arthroplastie de r\u00e9vision du genou\"}]},{\"@type\":\"WebSite\",\"@id\":\"https:\/\/www.newyorkhipknee.com\/fr\/#website\",\"url\":\"https:\/\/www.newyorkhipknee.com\/fr\/\",\"name\":\"Best Hip & Knee Surgeon | NY, USA\",\"description\":\"\",\"potentialAction\":[{\"@type\":\"SearchAction\",\"target\":{\"@type\":\"EntryPoint\",\"urlTemplate\":\"https:\/\/www.newyorkhipknee.com\/fr\/?s={search_term_string}\"},\"query-input\":{\"@type\":\"PropertyValueSpecification\",\"valueRequired\":true,\"valueName\":\"search_term_string\"}}],\"inLanguage\":\"fr-FR\"}]}<\/script>\n<!-- \/ Yoast SEO plugin. -->","yoast_head_json":{"title":"L'implant semi-contraint am\u00e9liore l'arthroplastie de r\u00e9vision du genou","description":"L'utilisation d'un implant semi-contraint dans le cadre d'une arthroplastie de r\u00e9vision du genou a permis d'obtenir des r\u00e9sultats acceptables en termes de survie de l'implant et de fonctionnement au cours de la p\u00e9riode de suivi \u00e0 long terme, selon les r\u00e9sultats de l'\u00e9tude.","robots":{"index":"index","follow":"follow","max-snippet":"max-snippet:-1","max-image-preview":"max-image-preview:large","max-video-preview":"max-video-preview:-1"},"canonical":"https:\/\/www.newyorkhipknee.com\/fr\/remplacement-du-genou-sur-mesure\/limplant-semi-contraint-ameliore-les-resultats-de-larthroplastie-de-revision-du-genou\/","og_locale":"fr_FR","og_type":"article","og_title":"L'implant semi-contraint am\u00e9liore l'arthroplastie de r\u00e9vision du genou","og_description":"L'utilisation d'un implant semi-contraint dans le cadre d'une arthroplastie de r\u00e9vision du genou a permis d'obtenir des r\u00e9sultats acceptables en termes de survie de l'implant et de fonctionnement au cours de la p\u00e9riode de suivi \u00e0 long terme, selon les r\u00e9sultats de l'\u00e9tude.","og_url":"https:\/\/www.newyorkhipknee.com\/fr\/remplacement-du-genou-sur-mesure\/limplant-semi-contraint-ameliore-les-resultats-de-larthroplastie-de-revision-du-genou\/","og_site_name":"Best Hip &amp; Knee Surgeon | NY, USA","twitter_card":"summary_large_image","schema":{"@context":"https:\/\/schema.org","@graph":[{"@type":["WebPage","MedicalWebPage"],"@id":"https:\/\/www.newyorkhipknee.com\/fr\/remplacement-du-genou-sur-mesure\/limplant-semi-contraint-ameliore-les-resultats-de-larthroplastie-de-revision-du-genou\/","url":"https:\/\/www.newyorkhipknee.com\/fr\/remplacement-du-genou-sur-mesure\/limplant-semi-contraint-ameliore-les-resultats-de-larthroplastie-de-revision-du-genou\/","name":"L'implant semi-contraint am\u00e9liore l'arthroplastie de r\u00e9vision du genou","isPartOf":{"@id":"https:\/\/www.newyorkhipknee.com\/fr\/#website"},"datePublished":"2021-10-29T23:09:45+00:00","description":"L'utilisation d'un implant semi-contraint dans le cadre d'une arthroplastie de r\u00e9vision du genou a permis d'obtenir des r\u00e9sultats acceptables en termes de survie de l'implant et de fonctionnement au cours de la p\u00e9riode de suivi \u00e0 long terme, selon les r\u00e9sultats de l'\u00e9tude.","breadcrumb":{"@id":"https:\/\/www.newyorkhipknee.com\/fr\/remplacement-du-genou-sur-mesure\/limplant-semi-contraint-ameliore-les-resultats-de-larthroplastie-de-revision-du-genou\/#breadcrumb"},"inLanguage":"fr-FR","potentialAction":[{"@type":"ReadAction","target":["https:\/\/www.newyorkhipknee.com\/fr\/remplacement-du-genou-sur-mesure\/limplant-semi-contraint-ameliore-les-resultats-de-larthroplastie-de-revision-du-genou\/"]}]},{"@type":"BreadcrumbList","@id":"https:\/\/www.newyorkhipknee.com\/fr\/remplacement-du-genou-sur-mesure\/limplant-semi-contraint-ameliore-les-resultats-de-larthroplastie-de-revision-du-genou\/#breadcrumb","itemListElement":[{"@type":"ListItem","position":1,"name":"Home","item":"https:\/\/www.newyorkhipknee.com\/fr\/"},{"@type":"ListItem","position":2,"name":"Remplacement du genou sur mesure","item":"https:\/\/www.newyorkhipknee.com\/fr\/remplacement-du-genou-sur-mesure\/"},{"@type":"ListItem","position":3,"name":"L&rsquo;implant semi-contraint am\u00e9liore les r\u00e9sultats de l&rsquo;arthroplastie de r\u00e9vision du genou"}]},{"@type":"WebSite","@id":"https:\/\/www.newyorkhipknee.com\/fr\/#website","url":"https:\/\/www.newyorkhipknee.com\/fr\/","name":"Best Hip & Knee Surgeon | NY, USA","description":"","potentialAction":[{"@type":"SearchAction","target":{"@type":"EntryPoint","urlTemplate":"https:\/\/www.newyorkhipknee.com\/fr\/?s={search_term_string}"},"query-input":{"@type":"PropertyValueSpecification","valueRequired":true,"valueName":"search_term_string"}}],"inLanguage":"fr-FR"}]}},"_links":{"self":[{"href":"https:\/\/www.newyorkhipknee.com\/fr\/wp-json\/wp\/v2\/pages\/17631","targetHints":{"allow":["GET"]}}],"collection":[{"href":"https:\/\/www.newyorkhipknee.com\/fr\/wp-json\/wp\/v2\/pages"}],"about":[{"href":"https:\/\/www.newyorkhipknee.com\/fr\/wp-json\/wp\/v2\/types\/page"}],"author":[{"embeddable":true,"href":"https:\/\/www.newyorkhipknee.com\/fr\/wp-json\/wp\/v2\/users\/15"}],"replies":[{"embeddable":true,"href":"https:\/\/www.newyorkhipknee.com\/fr\/wp-json\/wp\/v2\/comments?post=17631"}],"version-history":[{"count":0,"href":"https:\/\/www.newyorkhipknee.com\/fr\/wp-json\/wp\/v2\/pages\/17631\/revisions"}],"up":[{"embeddable":true,"href":"https:\/\/www.newyorkhipknee.com\/fr\/wp-json\/wp\/v2\/pages\/17609"}],"wp:attachment":[{"href":"https:\/\/www.newyorkhipknee.com\/fr\/wp-json\/wp\/v2\/media?parent=17631"}],"curies":[{"name":"wp","href":"https:\/\/api.w.org\/{rel}","templated":true}]}}