{"id":17638,"date":"2021-10-29T18:32:49","date_gmt":"2021-10-29T22:32:49","guid":{"rendered":"https:\/\/newyorkhipknee.com\/remplacement-du-genou-sur-mesure\/se-doucher-apres-une-arthroplastie-du-genou\/"},"modified":"2021-10-29T18:32:49","modified_gmt":"2021-10-29T22:32:49","slug":"se-doucher-apres-une-arthroplastie-du-genou","status":"publish","type":"page","link":"https:\/\/www.newyorkhipknee.com\/fr\/remplacement-du-genou-sur-mesure\/se-doucher-apres-une-arthroplastie-du-genou\/","title":{"rendered":"Se doucher apr\u00e8s une arthroplastie du genou"},"content":{"rendered":"<p>Un mythe tr\u00e8s r\u00e9pandu sur la douche apr\u00e8s une <a href=\"https:\/\/newyorkhipknee.com\/custom-knee-replacement-surgery\/total-knee-replacement\/\">arthroplastie du genou<\/a> est la croyance qu&rsquo;il faut \u00e9viter de prendre un bain \u00e0 court terme apr\u00e8s l&rsquo;arthroplastie.<\/p>\n<p>Pendant des d\u00e9cennies, les patients qui subissaient une arthroplastie du genou avaient l&rsquo;impression qu&rsquo;ils ne pouvaient pas immerger la zone de cicatrisation pendant au moins 14 jours ou au moins jusqu&rsquo;\u00e0 ce que les agrafes cutan\u00e9es soient retir\u00e9es afin d&rsquo;\u00e9viter une perte accidentelle des sutures.<\/p>\n<p>Pour la plupart des patients, cette \u00ab\u00a0r\u00e8gle\u00a0\u00bb \u00e9tait d\u00e9sagr\u00e9able. La majorit\u00e9 des patients souhaitent rentrer chez eux, prendre un bain, se d\u00e9barrasser de toutes les marques de ruban adh\u00e9sif et se sentir propres. Une \u00e9tude vient de montrer que ce conseil traditionnel n&rsquo;est pas n\u00e9cessaire pour la plupart des patients.<\/p>\n<h4>La recherche \u00e0 l&rsquo;\u00e9cole Loyola<\/h4>\n<p>Des chercheurs de la Loyola School of Medicine ont r\u00e9cemment men\u00e9 une \u00e9tude sur la douche apr\u00e8s une op\u00e9ration de remplacement du genou. Cette \u00e9tude a \u00e9t\u00e9 r\u00e9alis\u00e9e en comparant les num\u00e9rations bact\u00e9riennes de la peau des patients qui ont pris une douche 48 heures apr\u00e8s l&rsquo;arthroplastie du genou \u00e0 celles des patients qui ont attendu entre 10 et 14 jours.<\/p>\n<p>Une fois, les chercheurs ont pr\u00e9lev\u00e9 la peau pr\u00e8s de l&rsquo;incision des patients qui venaient de se baigner. Ils ont analys\u00e9 des cellules microscopiques de la peau pour voir s&rsquo;il y avait une diff\u00e9rence dans le nombre de bact\u00e9ries chez les patients qui s&rsquo;\u00e9taient douch\u00e9s 48 heures apr\u00e8s l&rsquo;op\u00e9ration par rapport aux patients qui avaient attendu 10 \u00e0 14 jours avant de se baigner.<\/p>\n<p>Apr\u00e8s avoir examin\u00e9 les donn\u00e9es, ils ont constat\u00e9 qu&rsquo;aucun patient des deux groupes n&rsquo;avait d\u00e9velopp\u00e9 de signes d&rsquo;infection et qu&rsquo;il n&rsquo;y avait donc aucune raison d&rsquo;attendre deux semaines avant de prendre une douche apr\u00e8s une arthroplastie du genou.<\/p>\n<p>En outre, ils ont constat\u00e9 que la plupart des patients de l&rsquo;\u00e9tude pr\u00e9f\u00e9raient se doucher rapidement plut\u00f4t que d&rsquo;attendre 10 \u00e0 14 jours. La majorit\u00e9 des patients ont d\u00e9clar\u00e9 que s&rsquo;ils en avaient la possibilit\u00e9, ils pr\u00e9f\u00e9reraient se doucher plus t\u00f4t que plus tard.<\/p>\n<h4>D&rsquo;o\u00f9 viennent ces id\u00e9es sur la douche apr\u00e8s une arthroplastie du genou ?<\/h4>\n<p>Les chirurgiens orthop\u00e9diques craignent les infections de plaies et ont diff\u00e9rents types de r\u00e9gimes de soins post-op\u00e9ratoires, mais presque tous recommandent de retarder la douche. On ignore quand et comment cette r\u00e8gle des deux semaines a \u00e9t\u00e9 adopt\u00e9e. Mais il n&rsquo;existe aucune \u00e9tude \u00e0 l&rsquo;appui de ce r\u00e9gime.<\/p>\n<p>Chaque <a href=\"https:\/\/newyorkhipknee.com\/hip-replacement-surgery\/\">op\u00e9ration de remplacement de la hanche<\/a> ou du genou est diff\u00e9rente. Il est donc pr\u00e9f\u00e9rable de demander \u00e0 votre chirurgien orthop\u00e9dique ce qu&rsquo;il pense de la douche apr\u00e8s l&rsquo;op\u00e9ration.<\/p>\n<h3>Planifiez votre premi\u00e8re visite<\/h3>\n<div align=\"center\"><a class=\"livesite-schedule\" href=\"https:\/\/live.vcita.com\/site\/nyhipknee\/online-scheduling?staff=sbuvrwlyhlcvxsjv\" target=\"blank\" rel=\"noopener\" data-staff=\"b69585d231f6813d\"><br \/>\n<img decoding=\"async\" title=\"Planifier maintenant\" src=\"\/wp-content\/uploads\/2016\/02\/karkare-calendar.png\" alt=\"Planifier maintenant\" border=\"0\"><\/a><\/div>\n","protected":false},"excerpt":{"rendered":"<p>Un mythe tr\u00e8s r\u00e9pandu sur la douche apr\u00e8s une arthroplastie du genou est la croyance qu&rsquo;il faut \u00e9viter de prendre un bain \u00e0 court terme apr\u00e8s l&rsquo;arthroplastie. Pendant des d\u00e9cennies, les patients qui subissaient une arthroplastie du genou avaient l&rsquo;impression qu&rsquo;ils ne pouvaient pas immerger la zone de cicatrisation pendant au moins 14 jours ou [&hellip;]<\/p>\n","protected":false},"author":15,"featured_media":0,"parent":17609,"menu_order":0,"comment_status":"closed","ping_status":"closed","template":"","meta":{"_et_pb_use_builder":"","_et_pb_old_content":"","_et_gb_content_width":"","footnotes":""},"class_list":["post-17638","page","type-page","status-publish","hentry"],"yoast_head":"<!-- This site is optimized with the Yoast SEO plugin v27.2 - https:\/\/yoast.com\/product\/yoast-seo-wordpress\/ -->\n<title>Se doucher apr\u00e8s une arthroplastie du genou | Best Hip &amp; Knee Surgeon | NY, USA<\/title>\n<meta name=\"description\" content=\"Un mythe tr\u00e8s r\u00e9pandu sur la douche apr\u00e8s une arthroplastie du genou est la croyance qu&#039;il faut \u00e9viter de prendre un bain \u00e0 court terme apr\u00e8s l&#039;arthroplastie.\" \/>\n<meta name=\"robots\" content=\"index, follow, max-snippet:-1, max-image-preview:large, max-video-preview:-1\" \/>\n<link rel=\"canonical\" href=\"https:\/\/www.newyorkhipknee.com\/fr\/remplacement-du-genou-sur-mesure\/se-doucher-apres-une-arthroplastie-du-genou\/\" \/>\n<meta property=\"og:locale\" content=\"fr_FR\" \/>\n<meta property=\"og:type\" content=\"article\" \/>\n<meta property=\"og:title\" content=\"Se doucher apr\u00e8s une arthroplastie du genou | Best Hip &amp; Knee Surgeon | NY, USA\" \/>\n<meta property=\"og:description\" content=\"Un mythe tr\u00e8s r\u00e9pandu sur la douche apr\u00e8s une arthroplastie du genou est la croyance qu&#039;il faut \u00e9viter de prendre un bain \u00e0 court terme apr\u00e8s l&#039;arthroplastie.\" \/>\n<meta property=\"og:url\" content=\"https:\/\/www.newyorkhipknee.com\/fr\/remplacement-du-genou-sur-mesure\/se-doucher-apres-une-arthroplastie-du-genou\/\" \/>\n<meta property=\"og:site_name\" content=\"Best Hip &amp; Knee Surgeon | NY, USA\" \/>\n<meta name=\"twitter:card\" content=\"summary_large_image\" \/>\n<meta name=\"twitter:label1\" content=\"Dur\u00e9e de lecture estim\u00e9e\" \/>\n\t<meta name=\"twitter:data1\" content=\"2 minutes\" \/>\n<script type=\"application\/ld+json\" class=\"yoast-schema-graph\">{\"@context\":\"https:\/\/schema.org\",\"@graph\":[{\"@type\":[\"WebPage\",\"MedicalWebPage\"],\"@id\":\"https:\/\/www.newyorkhipknee.com\/fr\/remplacement-du-genou-sur-mesure\/se-doucher-apres-une-arthroplastie-du-genou\/\",\"url\":\"https:\/\/www.newyorkhipknee.com\/fr\/remplacement-du-genou-sur-mesure\/se-doucher-apres-une-arthroplastie-du-genou\/\",\"name\":\"Se doucher apr\u00e8s une arthroplastie du genou | Best Hip &amp; Knee Surgeon | NY, USA\",\"isPartOf\":{\"@id\":\"https:\/\/www.newyorkhipknee.com\/fr\/#website\"},\"datePublished\":\"2021-10-29T22:32:49+00:00\",\"description\":\"Un mythe tr\u00e8s r\u00e9pandu sur la douche apr\u00e8s une arthroplastie du genou est la croyance qu'il faut \u00e9viter de prendre un bain \u00e0 court terme apr\u00e8s l'arthroplastie.\",\"breadcrumb\":{\"@id\":\"https:\/\/www.newyorkhipknee.com\/fr\/remplacement-du-genou-sur-mesure\/se-doucher-apres-une-arthroplastie-du-genou\/#breadcrumb\"},\"inLanguage\":\"fr-FR\",\"potentialAction\":[{\"@type\":\"ReadAction\",\"target\":[\"https:\/\/www.newyorkhipknee.com\/fr\/remplacement-du-genou-sur-mesure\/se-doucher-apres-une-arthroplastie-du-genou\/\"]}]},{\"@type\":\"BreadcrumbList\",\"@id\":\"https:\/\/www.newyorkhipknee.com\/fr\/remplacement-du-genou-sur-mesure\/se-doucher-apres-une-arthroplastie-du-genou\/#breadcrumb\",\"itemListElement\":[{\"@type\":\"ListItem\",\"position\":1,\"name\":\"Home\",\"item\":\"https:\/\/www.newyorkhipknee.com\/fr\/\"},{\"@type\":\"ListItem\",\"position\":2,\"name\":\"Remplacement du genou sur mesure\",\"item\":\"https:\/\/www.newyorkhipknee.com\/fr\/remplacement-du-genou-sur-mesure\/\"},{\"@type\":\"ListItem\",\"position\":3,\"name\":\"Se doucher apr\u00e8s une arthroplastie du genou\"}]},{\"@type\":\"WebSite\",\"@id\":\"https:\/\/www.newyorkhipknee.com\/fr\/#website\",\"url\":\"https:\/\/www.newyorkhipknee.com\/fr\/\",\"name\":\"Best Hip & Knee Surgeon | NY, USA\",\"description\":\"\",\"potentialAction\":[{\"@type\":\"SearchAction\",\"target\":{\"@type\":\"EntryPoint\",\"urlTemplate\":\"https:\/\/www.newyorkhipknee.com\/fr\/?s={search_term_string}\"},\"query-input\":{\"@type\":\"PropertyValueSpecification\",\"valueRequired\":true,\"valueName\":\"search_term_string\"}}],\"inLanguage\":\"fr-FR\"}]}<\/script>\n<!-- \/ Yoast SEO plugin. -->","yoast_head_json":{"title":"Se doucher apr\u00e8s une arthroplastie du genou | Best Hip &amp; Knee Surgeon | NY, USA","description":"Un mythe tr\u00e8s r\u00e9pandu sur la douche apr\u00e8s une arthroplastie du genou est la croyance qu'il faut \u00e9viter de prendre un bain \u00e0 court terme apr\u00e8s l'arthroplastie.","robots":{"index":"index","follow":"follow","max-snippet":"max-snippet:-1","max-image-preview":"max-image-preview:large","max-video-preview":"max-video-preview:-1"},"canonical":"https:\/\/www.newyorkhipknee.com\/fr\/remplacement-du-genou-sur-mesure\/se-doucher-apres-une-arthroplastie-du-genou\/","og_locale":"fr_FR","og_type":"article","og_title":"Se doucher apr\u00e8s une arthroplastie du genou | Best Hip &amp; Knee Surgeon | NY, USA","og_description":"Un mythe tr\u00e8s r\u00e9pandu sur la douche apr\u00e8s une arthroplastie du genou est la croyance qu'il faut \u00e9viter de prendre un bain \u00e0 court terme apr\u00e8s l'arthroplastie.","og_url":"https:\/\/www.newyorkhipknee.com\/fr\/remplacement-du-genou-sur-mesure\/se-doucher-apres-une-arthroplastie-du-genou\/","og_site_name":"Best Hip &amp; Knee Surgeon | NY, USA","twitter_card":"summary_large_image","twitter_misc":{"Dur\u00e9e de lecture estim\u00e9e":"2 minutes"},"schema":{"@context":"https:\/\/schema.org","@graph":[{"@type":["WebPage","MedicalWebPage"],"@id":"https:\/\/www.newyorkhipknee.com\/fr\/remplacement-du-genou-sur-mesure\/se-doucher-apres-une-arthroplastie-du-genou\/","url":"https:\/\/www.newyorkhipknee.com\/fr\/remplacement-du-genou-sur-mesure\/se-doucher-apres-une-arthroplastie-du-genou\/","name":"Se doucher apr\u00e8s une arthroplastie du genou | Best Hip &amp; Knee Surgeon | NY, USA","isPartOf":{"@id":"https:\/\/www.newyorkhipknee.com\/fr\/#website"},"datePublished":"2021-10-29T22:32:49+00:00","description":"Un mythe tr\u00e8s r\u00e9pandu sur la douche apr\u00e8s une arthroplastie du genou est la croyance qu'il faut \u00e9viter de prendre un bain \u00e0 court terme apr\u00e8s l'arthroplastie.","breadcrumb":{"@id":"https:\/\/www.newyorkhipknee.com\/fr\/remplacement-du-genou-sur-mesure\/se-doucher-apres-une-arthroplastie-du-genou\/#breadcrumb"},"inLanguage":"fr-FR","potentialAction":[{"@type":"ReadAction","target":["https:\/\/www.newyorkhipknee.com\/fr\/remplacement-du-genou-sur-mesure\/se-doucher-apres-une-arthroplastie-du-genou\/"]}]},{"@type":"BreadcrumbList","@id":"https:\/\/www.newyorkhipknee.com\/fr\/remplacement-du-genou-sur-mesure\/se-doucher-apres-une-arthroplastie-du-genou\/#breadcrumb","itemListElement":[{"@type":"ListItem","position":1,"name":"Home","item":"https:\/\/www.newyorkhipknee.com\/fr\/"},{"@type":"ListItem","position":2,"name":"Remplacement du genou sur mesure","item":"https:\/\/www.newyorkhipknee.com\/fr\/remplacement-du-genou-sur-mesure\/"},{"@type":"ListItem","position":3,"name":"Se doucher apr\u00e8s une arthroplastie du genou"}]},{"@type":"WebSite","@id":"https:\/\/www.newyorkhipknee.com\/fr\/#website","url":"https:\/\/www.newyorkhipknee.com\/fr\/","name":"Best Hip & Knee Surgeon | NY, USA","description":"","potentialAction":[{"@type":"SearchAction","target":{"@type":"EntryPoint","urlTemplate":"https:\/\/www.newyorkhipknee.com\/fr\/?s={search_term_string}"},"query-input":{"@type":"PropertyValueSpecification","valueRequired":true,"valueName":"search_term_string"}}],"inLanguage":"fr-FR"}]}},"_links":{"self":[{"href":"https:\/\/www.newyorkhipknee.com\/fr\/wp-json\/wp\/v2\/pages\/17638","targetHints":{"allow":["GET"]}}],"collection":[{"href":"https:\/\/www.newyorkhipknee.com\/fr\/wp-json\/wp\/v2\/pages"}],"about":[{"href":"https:\/\/www.newyorkhipknee.com\/fr\/wp-json\/wp\/v2\/types\/page"}],"author":[{"embeddable":true,"href":"https:\/\/www.newyorkhipknee.com\/fr\/wp-json\/wp\/v2\/users\/15"}],"replies":[{"embeddable":true,"href":"https:\/\/www.newyorkhipknee.com\/fr\/wp-json\/wp\/v2\/comments?post=17638"}],"version-history":[{"count":0,"href":"https:\/\/www.newyorkhipknee.com\/fr\/wp-json\/wp\/v2\/pages\/17638\/revisions"}],"up":[{"embeddable":true,"href":"https:\/\/www.newyorkhipknee.com\/fr\/wp-json\/wp\/v2\/pages\/17609"}],"wp:attachment":[{"href":"https:\/\/www.newyorkhipknee.com\/fr\/wp-json\/wp\/v2\/media?parent=17638"}],"curies":[{"name":"wp","href":"https:\/\/api.w.org\/{rel}","templated":true}]}}