{"id":17640,"date":"2013-01-28T13:07:49","date_gmt":"2013-01-28T18:07:49","guid":{"rendered":"https:\/\/newyorkhipknee.com\/avis-de-non-responsabilite\/"},"modified":"2013-01-28T13:07:49","modified_gmt":"2013-01-28T18:07:49","slug":"avis-de-non-responsabilite","status":"publish","type":"page","link":"https:\/\/www.newyorkhipknee.com\/fr\/avis-de-non-responsabilite\/","title":{"rendered":"Avis de non-responsabilit\u00e9"},"content":{"rendered":"<p class=\"textMainBold\">Nakul V Karkare MD Limb Reconstruction &amp; Joint Replacement Surgery East Setauket NY<\/p>\n<p>N&rsquo;oubliez pas que les informations m\u00e9dicales fournies par Nakul V Karkare MD Limb Reconstruction &amp; Joint Replacement Surgery East Setauket NY et Your Practice Online, en l&rsquo;absence d&rsquo;une visite avec un professionnel de la sant\u00e9, doivent \u00eatre consid\u00e9r\u00e9es comme un service \u00e9ducatif uniquement. Les informations envoy\u00e9es par courrier \u00e9lectronique ne doivent pas \u00eatre consid\u00e9r\u00e9es comme une consultation m\u00e9dicale. Ce m\u00e9canisme n&rsquo;est pas con\u00e7u pour remplacer le jugement ind\u00e9pendant d&rsquo;un m\u00e9decin sur l&rsquo;opportunit\u00e9 ou les risques d&rsquo;une proc\u00e9dure pour un patient donn\u00e9. Nous ferons de notre mieux pour vous fournir des informations qui vous aideront \u00e0 prendre vos propres d\u00e9cisions en mati\u00e8re de soins de sant\u00e9.<\/p>\n<p>De nombreux liens externes ont \u00e9t\u00e9 fournis sur ce site \u00e0 titre de service et de commodit\u00e9 pour nos patients et les autres visiteurs de notre site web. Ces sites externes sont cr\u00e9\u00e9s et g\u00e9r\u00e9s par d&rsquo;autres organisations publiques et priv\u00e9es. Nous ne contr\u00f4lons ni ne garantissons l&rsquo;exactitude, la pertinence, l&rsquo;actualit\u00e9 ou l&rsquo;exhaustivit\u00e9 de ces informations ext\u00e9rieures.<\/p>\n<p>Si vous souhaitez en savoir plus, envoyez-nous un courriel \u00e0 l&rsquo;adresse suivante : <a href=\"mailto:info@yourpracticeonline.net\">info@yourpracticeonline.net<\/a><\/p>\n","protected":false},"excerpt":{"rendered":"<p>Nakul V Karkare MD Limb Reconstruction &amp; Joint Replacement Surgery East Setauket NY N&rsquo;oubliez pas que les informations m\u00e9dicales fournies par Nakul V Karkare MD Limb Reconstruction &amp; Joint Replacement Surgery East Setauket NY et Your Practice Online, en l&rsquo;absence d&rsquo;une visite avec un professionnel de la sant\u00e9, doivent \u00eatre consid\u00e9r\u00e9es comme un service \u00e9ducatif [&hellip;]<\/p>\n","protected":false},"author":7,"featured_media":0,"parent":0,"menu_order":0,"comment_status":"open","ping_status":"open","template":"","meta":{"_et_pb_use_builder":"","_et_pb_old_content":"","_et_gb_content_width":"","footnotes":""},"class_list":["post-17640","page","type-page","status-publish","hentry"],"yoast_head":"<!-- This site is optimized with the Yoast SEO plugin v27.2 - https:\/\/yoast.com\/product\/yoast-seo-wordpress\/ -->\n<title>Disclaimer | Dr Nakul Karkare New York | Reconstruction des membres New York<\/title>\n<meta name=\"description\" content=\"Les informations fournies par le Dr Nakul Karkare, Limb Reconstruction &amp; Joint Replacement Surgery \u00e0 East Setauket, New York, doivent \u00eatre consid\u00e9r\u00e9es comme un service d&#039;\u00e9ducation uniquement.\" \/>\n<meta name=\"robots\" content=\"index, follow, max-snippet:-1, max-image-preview:large, max-video-preview:-1\" \/>\n<link rel=\"canonical\" href=\"https:\/\/www.newyorkhipknee.com\/fr\/avis-de-non-responsabilite\/\" \/>\n<meta property=\"og:locale\" content=\"fr_FR\" \/>\n<meta property=\"og:type\" content=\"article\" \/>\n<meta property=\"og:title\" content=\"Disclaimer | Dr Nakul Karkare New York | Reconstruction des membres New York\" \/>\n<meta property=\"og:description\" content=\"Les informations fournies par le Dr Nakul Karkare, Limb Reconstruction &amp; Joint Replacement Surgery \u00e0 East Setauket, New York, doivent \u00eatre consid\u00e9r\u00e9es comme un service d&#039;\u00e9ducation uniquement.\" \/>\n<meta property=\"og:url\" content=\"https:\/\/www.newyorkhipknee.com\/fr\/avis-de-non-responsabilite\/\" \/>\n<meta property=\"og:site_name\" content=\"Best Hip &amp; Knee Surgeon | NY, USA\" \/>\n<meta name=\"twitter:card\" content=\"summary_large_image\" \/>\n<meta name=\"twitter:label1\" content=\"Dur\u00e9e de lecture estim\u00e9e\" \/>\n\t<meta name=\"twitter:data1\" content=\"1 minute\" \/>\n<script type=\"application\/ld+json\" class=\"yoast-schema-graph\">{\"@context\":\"https:\/\/schema.org\",\"@graph\":[{\"@type\":[\"WebPage\",\"MedicalWebPage\"],\"@id\":\"https:\/\/www.newyorkhipknee.com\/fr\/avis-de-non-responsabilite\/\",\"url\":\"https:\/\/www.newyorkhipknee.com\/fr\/avis-de-non-responsabilite\/\",\"name\":\"Disclaimer | Dr Nakul Karkare New York | Reconstruction des membres New York\",\"isPartOf\":{\"@id\":\"https:\/\/www.newyorkhipknee.com\/fr\/#website\"},\"datePublished\":\"2013-01-28T18:07:49+00:00\",\"description\":\"Les informations fournies par le Dr Nakul Karkare, Limb Reconstruction & Joint Replacement Surgery \u00e0 East Setauket, New York, doivent \u00eatre consid\u00e9r\u00e9es comme un service d'\u00e9ducation uniquement.\",\"breadcrumb\":{\"@id\":\"https:\/\/www.newyorkhipknee.com\/fr\/avis-de-non-responsabilite\/#breadcrumb\"},\"inLanguage\":\"fr-FR\",\"potentialAction\":[{\"@type\":\"ReadAction\",\"target\":[\"https:\/\/www.newyorkhipknee.com\/fr\/avis-de-non-responsabilite\/\"]}]},{\"@type\":\"BreadcrumbList\",\"@id\":\"https:\/\/www.newyorkhipknee.com\/fr\/avis-de-non-responsabilite\/#breadcrumb\",\"itemListElement\":[{\"@type\":\"ListItem\",\"position\":1,\"name\":\"Home\",\"item\":\"https:\/\/www.newyorkhipknee.com\/fr\/\"},{\"@type\":\"ListItem\",\"position\":2,\"name\":\"Avis de non-responsabilit\u00e9\"}]},{\"@type\":\"WebSite\",\"@id\":\"https:\/\/www.newyorkhipknee.com\/fr\/#website\",\"url\":\"https:\/\/www.newyorkhipknee.com\/fr\/\",\"name\":\"Best Hip & Knee Surgeon | NY, USA\",\"description\":\"\",\"potentialAction\":[{\"@type\":\"SearchAction\",\"target\":{\"@type\":\"EntryPoint\",\"urlTemplate\":\"https:\/\/www.newyorkhipknee.com\/fr\/?s={search_term_string}\"},\"query-input\":{\"@type\":\"PropertyValueSpecification\",\"valueRequired\":true,\"valueName\":\"search_term_string\"}}],\"inLanguage\":\"fr-FR\"}]}<\/script>\n<!-- \/ Yoast SEO plugin. -->","yoast_head_json":{"title":"Disclaimer | Dr Nakul Karkare New York | Reconstruction des membres New York","description":"Les informations fournies par le Dr Nakul Karkare, Limb Reconstruction & Joint Replacement Surgery \u00e0 East Setauket, New York, doivent \u00eatre consid\u00e9r\u00e9es comme un service d'\u00e9ducation uniquement.","robots":{"index":"index","follow":"follow","max-snippet":"max-snippet:-1","max-image-preview":"max-image-preview:large","max-video-preview":"max-video-preview:-1"},"canonical":"https:\/\/www.newyorkhipknee.com\/fr\/avis-de-non-responsabilite\/","og_locale":"fr_FR","og_type":"article","og_title":"Disclaimer | Dr Nakul Karkare New York | Reconstruction des membres New York","og_description":"Les informations fournies par le Dr Nakul Karkare, Limb Reconstruction & Joint Replacement Surgery \u00e0 East Setauket, New York, doivent \u00eatre consid\u00e9r\u00e9es comme un service d'\u00e9ducation uniquement.","og_url":"https:\/\/www.newyorkhipknee.com\/fr\/avis-de-non-responsabilite\/","og_site_name":"Best Hip &amp; Knee Surgeon | NY, USA","twitter_card":"summary_large_image","twitter_misc":{"Dur\u00e9e de lecture estim\u00e9e":"1 minute"},"schema":{"@context":"https:\/\/schema.org","@graph":[{"@type":["WebPage","MedicalWebPage"],"@id":"https:\/\/www.newyorkhipknee.com\/fr\/avis-de-non-responsabilite\/","url":"https:\/\/www.newyorkhipknee.com\/fr\/avis-de-non-responsabilite\/","name":"Disclaimer | Dr Nakul Karkare New York | Reconstruction des membres New York","isPartOf":{"@id":"https:\/\/www.newyorkhipknee.com\/fr\/#website"},"datePublished":"2013-01-28T18:07:49+00:00","description":"Les informations fournies par le Dr Nakul Karkare, Limb Reconstruction & Joint Replacement Surgery \u00e0 East Setauket, New York, doivent \u00eatre consid\u00e9r\u00e9es comme un service d'\u00e9ducation uniquement.","breadcrumb":{"@id":"https:\/\/www.newyorkhipknee.com\/fr\/avis-de-non-responsabilite\/#breadcrumb"},"inLanguage":"fr-FR","potentialAction":[{"@type":"ReadAction","target":["https:\/\/www.newyorkhipknee.com\/fr\/avis-de-non-responsabilite\/"]}]},{"@type":"BreadcrumbList","@id":"https:\/\/www.newyorkhipknee.com\/fr\/avis-de-non-responsabilite\/#breadcrumb","itemListElement":[{"@type":"ListItem","position":1,"name":"Home","item":"https:\/\/www.newyorkhipknee.com\/fr\/"},{"@type":"ListItem","position":2,"name":"Avis de non-responsabilit\u00e9"}]},{"@type":"WebSite","@id":"https:\/\/www.newyorkhipknee.com\/fr\/#website","url":"https:\/\/www.newyorkhipknee.com\/fr\/","name":"Best Hip & Knee Surgeon | NY, USA","description":"","potentialAction":[{"@type":"SearchAction","target":{"@type":"EntryPoint","urlTemplate":"https:\/\/www.newyorkhipknee.com\/fr\/?s={search_term_string}"},"query-input":{"@type":"PropertyValueSpecification","valueRequired":true,"valueName":"search_term_string"}}],"inLanguage":"fr-FR"}]}},"_links":{"self":[{"href":"https:\/\/www.newyorkhipknee.com\/fr\/wp-json\/wp\/v2\/pages\/17640","targetHints":{"allow":["GET"]}}],"collection":[{"href":"https:\/\/www.newyorkhipknee.com\/fr\/wp-json\/wp\/v2\/pages"}],"about":[{"href":"https:\/\/www.newyorkhipknee.com\/fr\/wp-json\/wp\/v2\/types\/page"}],"author":[{"embeddable":true,"href":"https:\/\/www.newyorkhipknee.com\/fr\/wp-json\/wp\/v2\/users\/7"}],"replies":[{"embeddable":true,"href":"https:\/\/www.newyorkhipknee.com\/fr\/wp-json\/wp\/v2\/comments?post=17640"}],"version-history":[{"count":0,"href":"https:\/\/www.newyorkhipknee.com\/fr\/wp-json\/wp\/v2\/pages\/17640\/revisions"}],"wp:attachment":[{"href":"https:\/\/www.newyorkhipknee.com\/fr\/wp-json\/wp\/v2\/media?parent=17640"}],"curies":[{"name":"wp","href":"https:\/\/api.w.org\/{rel}","templated":true}]}}