{"id":17718,"date":"2016-11-14T15:28:43","date_gmt":"2016-11-14T20:28:43","guid":{"rendered":"https:\/\/newyorkhipknee.com\/assurance\/"},"modified":"2016-11-14T15:28:43","modified_gmt":"2016-11-14T20:28:43","slug":"assurance","status":"publish","type":"page","link":"https:\/\/www.newyorkhipknee.com\/fr\/assurance\/","title":{"rendered":"Assurance"},"content":{"rendered":"<p>Pour votre commodit\u00e9, nous acceptons la plupart des r\u00e9gimes d&rsquo;assurance qui offrent une couverture \u00e0 la fois en r\u00e9seau et hors r\u00e9seau. Nous avons constat\u00e9 que presque tous les patients ont des options dans leur assurance qui nous permettent de traiter enti\u00e8rement votre maladie, tout en restant dans votre budget. Appelez-nous d\u00e8s maintenant pour prendre rendez-vous.<\/p>\n<p>Le Dr Nakul Karkare est l&rsquo;un des meilleurs prestataires de services de chirurgie mini-invasive de New York. <em>Quelle que soit votre couverture d&rsquo;assurance<\/em>, vous pouvez b\u00e9n\u00e9ficier du type d&rsquo;expertise sp\u00e9cialis\u00e9e que seuls le Dr Karkare et son \u00e9quipe peuvent vous offrir. Pour discuter des options d&rsquo;assurance et m\u00eame de financement, appelez-nous d\u00e8s aujourd&rsquo;hui !<\/p>\n<p>Le docteur Nakul Karkare travaille avec presque toutes les compagnies d&rsquo;assurance par le biais de leurs prestations hors r\u00e9seau \u00e9tendues. Si vous constatez que votre compagnie d&rsquo;assurance ne figure pas dans la liste, il vous suffit de t\u00e9l\u00e9phoner \u00e0 notre bureau. Il y a de fortes chances que nous puissions vous aider !<\/p>\n<p>Fournisseur d&rsquo;assurance chirurgicale<\/p>\n<ul>\n<li>Horizon Blue Cross Blue Shield<\/li>\n<li>Aetna<\/li>\n<li>Cigna<\/li>\n<li>UnitedHealthcare<\/li>\n<li>Oxford (en anglais)<\/li>\n<li>Autres<\/li>\n<\/ul>\n<p>Nous participons \u00e9galement aux r\u00e9gimes d&rsquo;assurance suivants :<\/p>\n<ul>\n<li>Assurance maladie<\/li>\n<li>Sans faute<\/li>\n<li>1199<\/li>\n<li>Indemnisation des travailleurs<\/li>\n<\/ul>\n<p>Outre les proth\u00e8ses de hanche et de genou, nous pouvons \u00e9galement vous aider \u00e0 la suite d&rsquo;un accident de la route ou d&rsquo;une autre blessure personnelle, et nous donnons un deuxi\u00e8me avis et effectuons des examens m\u00e9dicaux ind\u00e9pendants.<\/p>\n<p>Si vous avez des inqui\u00e9tudes concernant votre couverture d&rsquo;assurance ou votre capacit\u00e9 \u00e0 \u00eatre vu par le Dr Karkare, veuillez nous contacter. Avec plusieurs bureaux situ\u00e9s \u00e0 Long Island New York, nous serons heureux de r\u00e9pondre \u00e0 vos questions sur l&rsquo;assurance et la facturation.<\/p>\n","protected":false},"excerpt":{"rendered":"<p>Pour votre commodit\u00e9, nous acceptons la plupart des r\u00e9gimes d&rsquo;assurance qui offrent une couverture \u00e0 la fois en r\u00e9seau et hors r\u00e9seau. Nous avons constat\u00e9 que presque tous les patients ont des options dans leur assurance qui nous permettent de traiter enti\u00e8rement votre maladie, tout en restant dans votre budget. Appelez-nous d\u00e8s maintenant pour prendre [&hellip;]<\/p>\n","protected":false},"author":1,"featured_media":0,"parent":0,"menu_order":0,"comment_status":"closed","ping_status":"closed","template":"","meta":{"_et_pb_use_builder":"","_et_pb_old_content":"","_et_gb_content_width":"","footnotes":""},"class_list":["post-17718","page","type-page","status-publish","hentry"],"yoast_head":"<!-- This site is optimized with the Yoast SEO plugin v27.2 - https:\/\/yoast.com\/product\/yoast-seo-wordpress\/ -->\n<title>Assurance | Best Hip &amp; Knee Surgeon | NY, USA<\/title>\n<meta name=\"description\" content=\"Pour votre commodit\u00e9, nous acceptons la plupart des r\u00e9gimes d&#039;assurance qui offrent une couverture \u00e0 la fois en r\u00e9seau et hors r\u00e9seau. Nous avons constat\u00e9\" \/>\n<meta name=\"robots\" content=\"index, follow, max-snippet:-1, max-image-preview:large, max-video-preview:-1\" \/>\n<link rel=\"canonical\" href=\"https:\/\/www.newyorkhipknee.com\/fr\/assurance\/\" \/>\n<meta property=\"og:locale\" content=\"fr_FR\" \/>\n<meta property=\"og:type\" content=\"article\" \/>\n<meta property=\"og:title\" content=\"Assurance | Best Hip &amp; Knee Surgeon | NY, USA\" \/>\n<meta property=\"og:description\" content=\"Pour votre commodit\u00e9, nous acceptons la plupart des r\u00e9gimes d&#039;assurance qui offrent une couverture \u00e0 la fois en r\u00e9seau et hors r\u00e9seau. Nous avons constat\u00e9\" \/>\n<meta property=\"og:url\" content=\"https:\/\/www.newyorkhipknee.com\/fr\/assurance\/\" \/>\n<meta property=\"og:site_name\" content=\"Best Hip &amp; Knee Surgeon | NY, USA\" \/>\n<meta name=\"twitter:card\" content=\"summary_large_image\" \/>\n<meta name=\"twitter:label1\" content=\"Dur\u00e9e de lecture estim\u00e9e\" \/>\n\t<meta name=\"twitter:data1\" content=\"1 minute\" \/>\n<script type=\"application\/ld+json\" class=\"yoast-schema-graph\">{\"@context\":\"https:\/\/schema.org\",\"@graph\":[{\"@type\":[\"WebPage\",\"MedicalWebPage\"],\"@id\":\"https:\/\/www.newyorkhipknee.com\/fr\/assurance\/\",\"url\":\"https:\/\/www.newyorkhipknee.com\/fr\/assurance\/\",\"name\":\"Assurance | Best Hip &amp; Knee Surgeon | NY, USA\",\"isPartOf\":{\"@id\":\"https:\/\/www.newyorkhipknee.com\/fr\/#website\"},\"datePublished\":\"2016-11-14T20:28:43+00:00\",\"description\":\"Pour votre commodit\u00e9, nous acceptons la plupart des r\u00e9gimes d'assurance qui offrent une couverture \u00e0 la fois en r\u00e9seau et hors r\u00e9seau. Nous avons constat\u00e9\",\"breadcrumb\":{\"@id\":\"https:\/\/www.newyorkhipknee.com\/fr\/assurance\/#breadcrumb\"},\"inLanguage\":\"fr-FR\",\"potentialAction\":[{\"@type\":\"ReadAction\",\"target\":[\"https:\/\/www.newyorkhipknee.com\/fr\/assurance\/\"]}]},{\"@type\":\"BreadcrumbList\",\"@id\":\"https:\/\/www.newyorkhipknee.com\/fr\/assurance\/#breadcrumb\",\"itemListElement\":[{\"@type\":\"ListItem\",\"position\":1,\"name\":\"Home\",\"item\":\"https:\/\/www.newyorkhipknee.com\/fr\/\"},{\"@type\":\"ListItem\",\"position\":2,\"name\":\"Assurance\"}]},{\"@type\":\"WebSite\",\"@id\":\"https:\/\/www.newyorkhipknee.com\/fr\/#website\",\"url\":\"https:\/\/www.newyorkhipknee.com\/fr\/\",\"name\":\"Best Hip & Knee Surgeon | NY, USA\",\"description\":\"\",\"potentialAction\":[{\"@type\":\"SearchAction\",\"target\":{\"@type\":\"EntryPoint\",\"urlTemplate\":\"https:\/\/www.newyorkhipknee.com\/fr\/?s={search_term_string}\"},\"query-input\":{\"@type\":\"PropertyValueSpecification\",\"valueRequired\":true,\"valueName\":\"search_term_string\"}}],\"inLanguage\":\"fr-FR\"}]}<\/script>\n<!-- \/ Yoast SEO plugin. -->","yoast_head_json":{"title":"Assurance | Best Hip &amp; Knee Surgeon | NY, USA","description":"Pour votre commodit\u00e9, nous acceptons la plupart des r\u00e9gimes d'assurance qui offrent une couverture \u00e0 la fois en r\u00e9seau et hors r\u00e9seau. Nous avons constat\u00e9","robots":{"index":"index","follow":"follow","max-snippet":"max-snippet:-1","max-image-preview":"max-image-preview:large","max-video-preview":"max-video-preview:-1"},"canonical":"https:\/\/www.newyorkhipknee.com\/fr\/assurance\/","og_locale":"fr_FR","og_type":"article","og_title":"Assurance | Best Hip &amp; Knee Surgeon | NY, USA","og_description":"Pour votre commodit\u00e9, nous acceptons la plupart des r\u00e9gimes d'assurance qui offrent une couverture \u00e0 la fois en r\u00e9seau et hors r\u00e9seau. Nous avons constat\u00e9","og_url":"https:\/\/www.newyorkhipknee.com\/fr\/assurance\/","og_site_name":"Best Hip &amp; Knee Surgeon | NY, USA","twitter_card":"summary_large_image","twitter_misc":{"Dur\u00e9e de lecture estim\u00e9e":"1 minute"},"schema":{"@context":"https:\/\/schema.org","@graph":[{"@type":["WebPage","MedicalWebPage"],"@id":"https:\/\/www.newyorkhipknee.com\/fr\/assurance\/","url":"https:\/\/www.newyorkhipknee.com\/fr\/assurance\/","name":"Assurance | Best Hip &amp; Knee Surgeon | NY, USA","isPartOf":{"@id":"https:\/\/www.newyorkhipknee.com\/fr\/#website"},"datePublished":"2016-11-14T20:28:43+00:00","description":"Pour votre commodit\u00e9, nous acceptons la plupart des r\u00e9gimes d'assurance qui offrent une couverture \u00e0 la fois en r\u00e9seau et hors r\u00e9seau. Nous avons constat\u00e9","breadcrumb":{"@id":"https:\/\/www.newyorkhipknee.com\/fr\/assurance\/#breadcrumb"},"inLanguage":"fr-FR","potentialAction":[{"@type":"ReadAction","target":["https:\/\/www.newyorkhipknee.com\/fr\/assurance\/"]}]},{"@type":"BreadcrumbList","@id":"https:\/\/www.newyorkhipknee.com\/fr\/assurance\/#breadcrumb","itemListElement":[{"@type":"ListItem","position":1,"name":"Home","item":"https:\/\/www.newyorkhipknee.com\/fr\/"},{"@type":"ListItem","position":2,"name":"Assurance"}]},{"@type":"WebSite","@id":"https:\/\/www.newyorkhipknee.com\/fr\/#website","url":"https:\/\/www.newyorkhipknee.com\/fr\/","name":"Best Hip & Knee Surgeon | NY, USA","description":"","potentialAction":[{"@type":"SearchAction","target":{"@type":"EntryPoint","urlTemplate":"https:\/\/www.newyorkhipknee.com\/fr\/?s={search_term_string}"},"query-input":{"@type":"PropertyValueSpecification","valueRequired":true,"valueName":"search_term_string"}}],"inLanguage":"fr-FR"}]}},"_links":{"self":[{"href":"https:\/\/www.newyorkhipknee.com\/fr\/wp-json\/wp\/v2\/pages\/17718","targetHints":{"allow":["GET"]}}],"collection":[{"href":"https:\/\/www.newyorkhipknee.com\/fr\/wp-json\/wp\/v2\/pages"}],"about":[{"href":"https:\/\/www.newyorkhipknee.com\/fr\/wp-json\/wp\/v2\/types\/page"}],"author":[{"embeddable":true,"href":"https:\/\/www.newyorkhipknee.com\/fr\/wp-json\/wp\/v2\/users\/1"}],"replies":[{"embeddable":true,"href":"https:\/\/www.newyorkhipknee.com\/fr\/wp-json\/wp\/v2\/comments?post=17718"}],"version-history":[{"count":0,"href":"https:\/\/www.newyorkhipknee.com\/fr\/wp-json\/wp\/v2\/pages\/17718\/revisions"}],"wp:attachment":[{"href":"https:\/\/www.newyorkhipknee.com\/fr\/wp-json\/wp\/v2\/media?parent=17718"}],"curies":[{"name":"wp","href":"https:\/\/api.w.org\/{rel}","templated":true}]}}