{"id":17727,"date":"2013-01-28T13:16:08","date_gmt":"2013-01-28T18:16:08","guid":{"rendered":"https:\/\/newyorkhipknee.com\/vie-privee\/"},"modified":"2013-01-28T13:16:08","modified_gmt":"2013-01-28T18:16:08","slug":"vie-privee","status":"publish","type":"page","link":"https:\/\/www.newyorkhipknee.com\/fr\/vie-privee\/","title":{"rendered":"Vie priv\u00e9e"},"content":{"rendered":"<p class=\"textMainBold\">Nakul V Karkare MD Limb Reconstruction &amp; Joint Replacement Surgery East Setauket NY<\/p>\n<p>Your Practice Online et Nakul V Karkare MD Limb Reconstruction &amp; Joint Replacement Surgery East Setauket NY s&rsquo;int\u00e9ressent \u00e0 la confidentialit\u00e9 et \u00e0 la s\u00e9curit\u00e9 de leurs visiteurs. Notre site web contient des formulaires permettant aux utilisateurs de demander des informations ou de nous faire part de leurs commentaires. Dans certains cas, des num\u00e9ros de t\u00e9l\u00e9phone ou des adresses de retour sont n\u00e9cessaires pour que nous puissions vous fournir les informations demand\u00e9es. Nous pouvons \u00e9galement savoir o\u00f9 vous allez ou ce que vous lisez sur notre site web afin de pouvoir vous fournir des informations de suivi efficaces, mais uniquement si vous nous en avez donn\u00e9 l&rsquo;autorisation explicite en remplissant un formulaire qui vous demande si nous pouvons le faire.<\/p>\n<p class=\"textMainBold\">Google Analytics &#8211; Cookies<\/p>\n<p>Ce site utilise Google Analytics, un service d&rsquo;analyse de site internet fourni par Google, Inc. (\u00ab\u00a0Google\u00a0\u00bb). Google Analytics utilise des \u00ab\u00a0cookies\u00a0\u00bb, qui sont des fichiers texte plac\u00e9s sur votre ordinateur, pour aider le site internet \u00e0 analyser l&rsquo;utilisation du site par ses utilisateurs. Les informations g\u00e9n\u00e9r\u00e9es par les cookies concernant votre utilisation du site (y compris votre adresse IP) seront transmises et stock\u00e9es par Google sur des serveurs situ\u00e9s aux Etats-Unis. Google utilisera cette information dans le but d&rsquo;\u00e9valuer votre utilisation du site, de compiler des rapports sur l&rsquo;activit\u00e9 du site \u00e0 destination de son \u00e9diteur et de fournir d&rsquo;autres services relatifs \u00e0 l&rsquo;activit\u00e9 du site et \u00e0 l&rsquo;utilisation d&rsquo;Internet. Google peut \u00e9galement transf\u00e9rer ces informations \u00e0 des tiers lorsque la loi l&rsquo;exige ou lorsque ces tiers traitent les informations pour le compte de Google. Google ne recoupera pas votre adresse IP avec toute autre donn\u00e9e d\u00e9tenue par Google. Vous pouvez refuser l&rsquo;utilisation de cookies en s\u00e9lectionnant les param\u00e8tres appropri\u00e9s de votre navigateur ; nous attirons toutefois votre attention sur le fait que, dans ce cas, vous ne pourrez peut-\u00eatre pas utiliser toutes les fonctionnalit\u00e9s de ce site web. En utilisant ce site, vous consentez express\u00e9ment au traitement de vos donn\u00e9es nominatives par Google dans les conditions et pour les finalit\u00e9s d\u00e9crites ci-dessus.<\/p>\n<p>Si vous avez des questions sur notre politique de confidentialit\u00e9 ou sur l&rsquo;utilisation que nous faisons des informations recueillies sur notre site web, veuillez contacter notre webmestre \u00e0 l&rsquo;adresse <a href=\"mailto:analyticsorthospace@gmail.com\">suivante : analyticsorthospace@gmail.com<\/a>.<\/p>\n","protected":false},"excerpt":{"rendered":"<p>Nakul V Karkare MD Limb Reconstruction &amp; Joint Replacement Surgery East Setauket NY Your Practice Online et Nakul V Karkare MD Limb Reconstruction &amp; Joint Replacement Surgery East Setauket NY s&rsquo;int\u00e9ressent \u00e0 la confidentialit\u00e9 et \u00e0 la s\u00e9curit\u00e9 de leurs visiteurs. Notre site web contient des formulaires permettant aux utilisateurs de demander des informations ou [&hellip;]<\/p>\n","protected":false},"author":7,"featured_media":0,"parent":0,"menu_order":0,"comment_status":"open","ping_status":"open","template":"","meta":{"_et_pb_use_builder":"","_et_pb_old_content":"","_et_gb_content_width":"","footnotes":""},"class_list":["post-17727","page","type-page","status-publish","hentry"],"yoast_head":"<!-- This site is optimized with the Yoast SEO plugin v27.2 - https:\/\/yoast.com\/product\/yoast-seo-wordpress\/ -->\n<title>Vie priv\u00e9e | Dr Nakul Karkare New York | Reconstruction des membres NY<\/title>\n<meta name=\"description\" content=\"Nakul V Karkare MD Limb Reconstruction &amp; Joint Replacement Surgery s&#039;int\u00e9resse \u00e0 la confidentialit\u00e9 et \u00e0 la s\u00e9curit\u00e9 de ses visiteurs.\" \/>\n<meta name=\"robots\" content=\"index, follow, max-snippet:-1, max-image-preview:large, max-video-preview:-1\" \/>\n<link rel=\"canonical\" href=\"https:\/\/www.newyorkhipknee.com\/fr\/vie-privee\/\" \/>\n<meta property=\"og:locale\" content=\"fr_FR\" \/>\n<meta property=\"og:type\" content=\"article\" \/>\n<meta property=\"og:title\" content=\"Vie priv\u00e9e | Dr Nakul Karkare New York | Reconstruction des membres NY\" \/>\n<meta property=\"og:description\" content=\"Nakul V Karkare MD Limb Reconstruction &amp; Joint Replacement Surgery s&#039;int\u00e9resse \u00e0 la confidentialit\u00e9 et \u00e0 la s\u00e9curit\u00e9 de ses visiteurs.\" \/>\n<meta property=\"og:url\" content=\"https:\/\/www.newyorkhipknee.com\/fr\/vie-privee\/\" \/>\n<meta property=\"og:site_name\" content=\"Best Hip &amp; Knee Surgeon | NY, USA\" \/>\n<meta name=\"twitter:card\" content=\"summary_large_image\" \/>\n<meta name=\"twitter:label1\" content=\"Dur\u00e9e de lecture estim\u00e9e\" \/>\n\t<meta name=\"twitter:data1\" content=\"2 minutes\" \/>\n<script type=\"application\/ld+json\" class=\"yoast-schema-graph\">{\"@context\":\"https:\/\/schema.org\",\"@graph\":[{\"@type\":[\"WebPage\",\"MedicalWebPage\"],\"@id\":\"https:\/\/www.newyorkhipknee.com\/fr\/vie-privee\/\",\"url\":\"https:\/\/www.newyorkhipknee.com\/fr\/vie-privee\/\",\"name\":\"Vie priv\u00e9e | Dr Nakul Karkare New York | Reconstruction des membres NY\",\"isPartOf\":{\"@id\":\"https:\/\/www.newyorkhipknee.com\/fr\/#website\"},\"datePublished\":\"2013-01-28T18:16:08+00:00\",\"description\":\"Nakul V Karkare MD Limb Reconstruction & Joint Replacement Surgery s'int\u00e9resse \u00e0 la confidentialit\u00e9 et \u00e0 la s\u00e9curit\u00e9 de ses visiteurs.\",\"breadcrumb\":{\"@id\":\"https:\/\/www.newyorkhipknee.com\/fr\/vie-privee\/#breadcrumb\"},\"inLanguage\":\"fr-FR\",\"potentialAction\":[{\"@type\":\"ReadAction\",\"target\":[\"https:\/\/www.newyorkhipknee.com\/fr\/vie-privee\/\"]}]},{\"@type\":\"BreadcrumbList\",\"@id\":\"https:\/\/www.newyorkhipknee.com\/fr\/vie-privee\/#breadcrumb\",\"itemListElement\":[{\"@type\":\"ListItem\",\"position\":1,\"name\":\"Home\",\"item\":\"https:\/\/www.newyorkhipknee.com\/fr\/\"},{\"@type\":\"ListItem\",\"position\":2,\"name\":\"Vie priv\u00e9e\"}]},{\"@type\":\"WebSite\",\"@id\":\"https:\/\/www.newyorkhipknee.com\/fr\/#website\",\"url\":\"https:\/\/www.newyorkhipknee.com\/fr\/\",\"name\":\"Best Hip & Knee Surgeon | NY, USA\",\"description\":\"\",\"potentialAction\":[{\"@type\":\"SearchAction\",\"target\":{\"@type\":\"EntryPoint\",\"urlTemplate\":\"https:\/\/www.newyorkhipknee.com\/fr\/?s={search_term_string}\"},\"query-input\":{\"@type\":\"PropertyValueSpecification\",\"valueRequired\":true,\"valueName\":\"search_term_string\"}}],\"inLanguage\":\"fr-FR\"}]}<\/script>\n<!-- \/ Yoast SEO plugin. -->","yoast_head_json":{"title":"Vie priv\u00e9e | Dr Nakul Karkare New York | Reconstruction des membres NY","description":"Nakul V Karkare MD Limb Reconstruction & Joint Replacement Surgery s'int\u00e9resse \u00e0 la confidentialit\u00e9 et \u00e0 la s\u00e9curit\u00e9 de ses visiteurs.","robots":{"index":"index","follow":"follow","max-snippet":"max-snippet:-1","max-image-preview":"max-image-preview:large","max-video-preview":"max-video-preview:-1"},"canonical":"https:\/\/www.newyorkhipknee.com\/fr\/vie-privee\/","og_locale":"fr_FR","og_type":"article","og_title":"Vie priv\u00e9e | Dr Nakul Karkare New York | Reconstruction des membres NY","og_description":"Nakul V Karkare MD Limb Reconstruction & Joint Replacement Surgery s'int\u00e9resse \u00e0 la confidentialit\u00e9 et \u00e0 la s\u00e9curit\u00e9 de ses visiteurs.","og_url":"https:\/\/www.newyorkhipknee.com\/fr\/vie-privee\/","og_site_name":"Best Hip &amp; Knee Surgeon | NY, USA","twitter_card":"summary_large_image","twitter_misc":{"Dur\u00e9e de lecture estim\u00e9e":"2 minutes"},"schema":{"@context":"https:\/\/schema.org","@graph":[{"@type":["WebPage","MedicalWebPage"],"@id":"https:\/\/www.newyorkhipknee.com\/fr\/vie-privee\/","url":"https:\/\/www.newyorkhipknee.com\/fr\/vie-privee\/","name":"Vie priv\u00e9e | Dr Nakul Karkare New York | Reconstruction des membres NY","isPartOf":{"@id":"https:\/\/www.newyorkhipknee.com\/fr\/#website"},"datePublished":"2013-01-28T18:16:08+00:00","description":"Nakul V Karkare MD Limb Reconstruction & Joint Replacement Surgery s'int\u00e9resse \u00e0 la confidentialit\u00e9 et \u00e0 la s\u00e9curit\u00e9 de ses visiteurs.","breadcrumb":{"@id":"https:\/\/www.newyorkhipknee.com\/fr\/vie-privee\/#breadcrumb"},"inLanguage":"fr-FR","potentialAction":[{"@type":"ReadAction","target":["https:\/\/www.newyorkhipknee.com\/fr\/vie-privee\/"]}]},{"@type":"BreadcrumbList","@id":"https:\/\/www.newyorkhipknee.com\/fr\/vie-privee\/#breadcrumb","itemListElement":[{"@type":"ListItem","position":1,"name":"Home","item":"https:\/\/www.newyorkhipknee.com\/fr\/"},{"@type":"ListItem","position":2,"name":"Vie priv\u00e9e"}]},{"@type":"WebSite","@id":"https:\/\/www.newyorkhipknee.com\/fr\/#website","url":"https:\/\/www.newyorkhipknee.com\/fr\/","name":"Best Hip & Knee Surgeon | NY, USA","description":"","potentialAction":[{"@type":"SearchAction","target":{"@type":"EntryPoint","urlTemplate":"https:\/\/www.newyorkhipknee.com\/fr\/?s={search_term_string}"},"query-input":{"@type":"PropertyValueSpecification","valueRequired":true,"valueName":"search_term_string"}}],"inLanguage":"fr-FR"}]}},"_links":{"self":[{"href":"https:\/\/www.newyorkhipknee.com\/fr\/wp-json\/wp\/v2\/pages\/17727","targetHints":{"allow":["GET"]}}],"collection":[{"href":"https:\/\/www.newyorkhipknee.com\/fr\/wp-json\/wp\/v2\/pages"}],"about":[{"href":"https:\/\/www.newyorkhipknee.com\/fr\/wp-json\/wp\/v2\/types\/page"}],"author":[{"embeddable":true,"href":"https:\/\/www.newyorkhipknee.com\/fr\/wp-json\/wp\/v2\/users\/7"}],"replies":[{"embeddable":true,"href":"https:\/\/www.newyorkhipknee.com\/fr\/wp-json\/wp\/v2\/comments?post=17727"}],"version-history":[{"count":0,"href":"https:\/\/www.newyorkhipknee.com\/fr\/wp-json\/wp\/v2\/pages\/17727\/revisions"}],"wp:attachment":[{"href":"https:\/\/www.newyorkhipknee.com\/fr\/wp-json\/wp\/v2\/media?parent=17727"}],"curies":[{"name":"wp","href":"https:\/\/api.w.org\/{rel}","templated":true}]}}