{"id":17732,"date":"2013-01-28T04:37:07","date_gmt":"2013-01-28T09:37:07","guid":{"rendered":"https:\/\/newyorkhipknee.com\/services\/"},"modified":"2013-01-28T04:37:07","modified_gmt":"2013-01-28T09:37:07","slug":"services","status":"publish","type":"page","link":"https:\/\/www.newyorkhipknee.com\/fr\/services\/","title":{"rendered":"Services"},"content":{"rendered":"<p>New York Orthopaedics dispose de m\u00e9decins sp\u00e9cialis\u00e9s dans tous les aspects de la reconstruction des membres. L&rsquo;arthroplastie est une intervention chirurgicale visant \u00e0 remplacer l&rsquo;articulation endommag\u00e9e par des implants artificiels. L&rsquo;objectif de l&rsquo;op\u00e9ration est de soulager la douleur et de r\u00e9tablir le fonctionnement normal de l&rsquo;articulation. Le <a href=\"https:\/\/newyorkhipknee.com\/about-dr-karkare\/\">Dr Nakul V Karkare<\/a> est sp\u00e9cialis\u00e9 dans les chirurgies de remplacement, les chirurgies de r\u00e9vision des articulations de la hanche et du genou, et la reconstruction des membres. Il offre le meilleur traitement possible et le plus grand soin \u00e0 chaque individu pour restaurer la libert\u00e9 de mouvement et soulager la douleur des articulations malades et d\u00e9g\u00e9n\u00e9r\u00e9es.<\/p>\n<p>Cliquez sur chacun de ces onglets pour en savoir plus sur les diff\u00e9rents services.<\/p>\n<ul class=\"Servicestext\">\n<li><a style=\"line-height: 32px;\" href=\"https:\/\/newyorkhipknee.com\/hip-replacement-surgery\/\">Arthroplastie totale de la hanche par voie ant\u00e9rieure<\/a><\/li>\n<li><a style=\"line-height: 32px;\" href=\"https:\/\/newyorkhipknee.com\/custom-knee-replacement-surgery\/total-knee-replacement\/\">Remplacement du genou sur mesure<\/a><\/li>\n<li><a style=\"line-height: 32px;\" href=\"https:\/\/newyorkhipknee.com\/services\/complex-revision-hip-and-knee-joint-replacement\/\">R\u00e9vision complexe de l&rsquo;arthroplastie de la hanche et du genou<\/a><\/li>\n<li><a style=\"line-height: 32px;\" href=\"https:\/\/newyorkhipknee.com\/hip-replacement-surgery\/makoplasty-anterior-hip-replacement\/\">Makoplastie de remplacement ant\u00e9rieur de la hanche<\/a><\/li>\n<li><a style=\"line-height: 32px;\" href=\"https:\/\/newyorkhipknee.com\/hip-avascular-necrosis\/\">N\u00e9crose avasculaire<\/a><\/li>\n<li><a style=\"line-height: 32px;\" href=\"https:\/\/newyorkhipknee.com\/faqs\/hip-knee-arthritis\/\">Arthrite rhumato\u00efde<br \/>\n<\/a><\/li>\n<\/ul>\n<p>Si vous souhaitez \u00eatre conseill\u00e9 sur le traitement le plus appropri\u00e9, veuillez appeler pour prendre rendez-vous ou cliquer pour obtenir un <a href=\"?page_id=66\">rendez-vous en ligne<\/a>.<\/p>\n","protected":false},"excerpt":{"rendered":"<p>New York Orthopaedics dispose de m\u00e9decins sp\u00e9cialis\u00e9s dans tous les aspects de la reconstruction des membres. L&rsquo;arthroplastie est une intervention chirurgicale visant \u00e0 remplacer l&rsquo;articulation endommag\u00e9e par des implants artificiels. L&rsquo;objectif de l&rsquo;op\u00e9ration est de soulager la douleur et de r\u00e9tablir le fonctionnement normal de l&rsquo;articulation. Le Dr Nakul V Karkare est sp\u00e9cialis\u00e9 dans les [&hellip;]<\/p>\n","protected":false},"author":7,"featured_media":0,"parent":0,"menu_order":0,"comment_status":"open","ping_status":"closed","template":"","meta":{"_et_pb_use_builder":"off","_et_pb_old_content":"","_et_gb_content_width":"","footnotes":""},"class_list":["post-17732","page","type-page","status-publish","hentry"],"yoast_head":"<!-- This site is optimized with the Yoast SEO plugin v27.2 - https:\/\/yoast.com\/product\/yoast-seo-wordpress\/ -->\n<title>Services de remplacement de la hanche et du genou - Dr. Nakul Karkare - New York<\/title>\n<meta name=\"description\" content=\"Services et proc\u00e9dures de remplacement du genou et de la hanche par le Dr Nakul Karkare, un chirurgien renomm\u00e9 sp\u00e9cialis\u00e9 dans la chirurgie et la reconstruction des membres. Appelez le 516-735-4032.\" \/>\n<meta name=\"robots\" content=\"index, follow, max-snippet:-1, max-image-preview:large, max-video-preview:-1\" \/>\n<link rel=\"canonical\" href=\"https:\/\/www.newyorkhipknee.com\/fr\/services\/\" \/>\n<meta property=\"og:locale\" content=\"fr_FR\" \/>\n<meta property=\"og:type\" content=\"article\" \/>\n<meta property=\"og:title\" content=\"Services de remplacement de la hanche et du genou - Dr. Nakul Karkare - New York\" \/>\n<meta property=\"og:description\" content=\"Services et proc\u00e9dures de remplacement du genou et de la hanche par le Dr Nakul Karkare, un chirurgien renomm\u00e9 sp\u00e9cialis\u00e9 dans la chirurgie et la reconstruction des membres. Appelez le 516-735-4032.\" \/>\n<meta property=\"og:url\" content=\"https:\/\/www.newyorkhipknee.com\/fr\/services\/\" \/>\n<meta property=\"og:site_name\" content=\"Best Hip &amp; Knee Surgeon | NY, USA\" \/>\n<meta name=\"twitter:card\" content=\"summary_large_image\" \/>\n<meta name=\"twitter:label1\" content=\"Dur\u00e9e de lecture estim\u00e9e\" \/>\n\t<meta name=\"twitter:data1\" content=\"1 minute\" \/>\n<script type=\"application\/ld+json\" class=\"yoast-schema-graph\">{\"@context\":\"https:\/\/schema.org\",\"@graph\":[{\"@type\":[\"WebPage\",\"MedicalWebPage\"],\"@id\":\"https:\/\/www.newyorkhipknee.com\/fr\/services\/\",\"url\":\"https:\/\/www.newyorkhipknee.com\/fr\/services\/\",\"name\":\"Services de remplacement de la hanche et du genou - Dr. Nakul Karkare - New York\",\"isPartOf\":{\"@id\":\"https:\/\/www.newyorkhipknee.com\/fr\/#website\"},\"datePublished\":\"2013-01-28T09:37:07+00:00\",\"description\":\"Services et proc\u00e9dures de remplacement du genou et de la hanche par le Dr Nakul Karkare, un chirurgien renomm\u00e9 sp\u00e9cialis\u00e9 dans la chirurgie et la reconstruction des membres. Appelez le 516-735-4032.\",\"breadcrumb\":{\"@id\":\"https:\/\/www.newyorkhipknee.com\/fr\/services\/#breadcrumb\"},\"inLanguage\":\"fr-FR\",\"potentialAction\":[{\"@type\":\"ReadAction\",\"target\":[\"https:\/\/www.newyorkhipknee.com\/fr\/services\/\"]}]},{\"@type\":\"BreadcrumbList\",\"@id\":\"https:\/\/www.newyorkhipknee.com\/fr\/services\/#breadcrumb\",\"itemListElement\":[{\"@type\":\"ListItem\",\"position\":1,\"name\":\"Home\",\"item\":\"https:\/\/www.newyorkhipknee.com\/fr\/\"},{\"@type\":\"ListItem\",\"position\":2,\"name\":\"Services\"}]},{\"@type\":\"WebSite\",\"@id\":\"https:\/\/www.newyorkhipknee.com\/fr\/#website\",\"url\":\"https:\/\/www.newyorkhipknee.com\/fr\/\",\"name\":\"Best Hip & Knee Surgeon | NY, USA\",\"description\":\"\",\"potentialAction\":[{\"@type\":\"SearchAction\",\"target\":{\"@type\":\"EntryPoint\",\"urlTemplate\":\"https:\/\/www.newyorkhipknee.com\/fr\/?s={search_term_string}\"},\"query-input\":{\"@type\":\"PropertyValueSpecification\",\"valueRequired\":true,\"valueName\":\"search_term_string\"}}],\"inLanguage\":\"fr-FR\"}]}<\/script>\n<!-- \/ Yoast SEO plugin. -->","yoast_head_json":{"title":"Services de remplacement de la hanche et du genou - Dr. Nakul Karkare - New York","description":"Services et proc\u00e9dures de remplacement du genou et de la hanche par le Dr Nakul Karkare, un chirurgien renomm\u00e9 sp\u00e9cialis\u00e9 dans la chirurgie et la reconstruction des membres. Appelez le 516-735-4032.","robots":{"index":"index","follow":"follow","max-snippet":"max-snippet:-1","max-image-preview":"max-image-preview:large","max-video-preview":"max-video-preview:-1"},"canonical":"https:\/\/www.newyorkhipknee.com\/fr\/services\/","og_locale":"fr_FR","og_type":"article","og_title":"Services de remplacement de la hanche et du genou - Dr. Nakul Karkare - New York","og_description":"Services et proc\u00e9dures de remplacement du genou et de la hanche par le Dr Nakul Karkare, un chirurgien renomm\u00e9 sp\u00e9cialis\u00e9 dans la chirurgie et la reconstruction des membres. Appelez le 516-735-4032.","og_url":"https:\/\/www.newyorkhipknee.com\/fr\/services\/","og_site_name":"Best Hip &amp; Knee Surgeon | NY, USA","twitter_card":"summary_large_image","twitter_misc":{"Dur\u00e9e de lecture estim\u00e9e":"1 minute"},"schema":{"@context":"https:\/\/schema.org","@graph":[{"@type":["WebPage","MedicalWebPage"],"@id":"https:\/\/www.newyorkhipknee.com\/fr\/services\/","url":"https:\/\/www.newyorkhipknee.com\/fr\/services\/","name":"Services de remplacement de la hanche et du genou - Dr. Nakul Karkare - New York","isPartOf":{"@id":"https:\/\/www.newyorkhipknee.com\/fr\/#website"},"datePublished":"2013-01-28T09:37:07+00:00","description":"Services et proc\u00e9dures de remplacement du genou et de la hanche par le Dr Nakul Karkare, un chirurgien renomm\u00e9 sp\u00e9cialis\u00e9 dans la chirurgie et la reconstruction des membres. Appelez le 516-735-4032.","breadcrumb":{"@id":"https:\/\/www.newyorkhipknee.com\/fr\/services\/#breadcrumb"},"inLanguage":"fr-FR","potentialAction":[{"@type":"ReadAction","target":["https:\/\/www.newyorkhipknee.com\/fr\/services\/"]}]},{"@type":"BreadcrumbList","@id":"https:\/\/www.newyorkhipknee.com\/fr\/services\/#breadcrumb","itemListElement":[{"@type":"ListItem","position":1,"name":"Home","item":"https:\/\/www.newyorkhipknee.com\/fr\/"},{"@type":"ListItem","position":2,"name":"Services"}]},{"@type":"WebSite","@id":"https:\/\/www.newyorkhipknee.com\/fr\/#website","url":"https:\/\/www.newyorkhipknee.com\/fr\/","name":"Best Hip & Knee Surgeon | NY, USA","description":"","potentialAction":[{"@type":"SearchAction","target":{"@type":"EntryPoint","urlTemplate":"https:\/\/www.newyorkhipknee.com\/fr\/?s={search_term_string}"},"query-input":{"@type":"PropertyValueSpecification","valueRequired":true,"valueName":"search_term_string"}}],"inLanguage":"fr-FR"}]}},"_links":{"self":[{"href":"https:\/\/www.newyorkhipknee.com\/fr\/wp-json\/wp\/v2\/pages\/17732","targetHints":{"allow":["GET"]}}],"collection":[{"href":"https:\/\/www.newyorkhipknee.com\/fr\/wp-json\/wp\/v2\/pages"}],"about":[{"href":"https:\/\/www.newyorkhipknee.com\/fr\/wp-json\/wp\/v2\/types\/page"}],"author":[{"embeddable":true,"href":"https:\/\/www.newyorkhipknee.com\/fr\/wp-json\/wp\/v2\/users\/7"}],"replies":[{"embeddable":true,"href":"https:\/\/www.newyorkhipknee.com\/fr\/wp-json\/wp\/v2\/comments?post=17732"}],"version-history":[{"count":0,"href":"https:\/\/www.newyorkhipknee.com\/fr\/wp-json\/wp\/v2\/pages\/17732\/revisions"}],"wp:attachment":[{"href":"https:\/\/www.newyorkhipknee.com\/fr\/wp-json\/wp\/v2\/media?parent=17732"}],"curies":[{"name":"wp","href":"https:\/\/api.w.org\/{rel}","templated":true}]}}