{"id":17739,"date":"2013-01-30T10:39:00","date_gmt":"2013-01-30T15:39:00","guid":{"rendered":"https:\/\/newyorkhipknee.com\/services\/revision-complexe-de-larthroplastie-de-la-hanche-et-du-genou\/"},"modified":"2013-01-30T10:39:00","modified_gmt":"2013-01-30T15:39:00","slug":"revision-complexe-de-larthroplastie-de-la-hanche-et-du-genou","status":"publish","type":"page","link":"https:\/\/www.newyorkhipknee.com\/fr\/services\/revision-complexe-de-larthroplastie-de-la-hanche-et-du-genou\/","title":{"rendered":"R\u00e9vision complexe de l&rsquo;arthroplastie de la hanche et du genou"},"content":{"rendered":"<p>Chaque ann\u00e9e, plus d&rsquo;un million d&rsquo;hommes et de femmes subissent une arthroplastie de la hanche ou du genou afin de soulager la douleur, d&rsquo;assurer une plus grande stabilit\u00e9 et d&rsquo;am\u00e9liorer la force et l&rsquo;amplitude des mouvements des articulations endommag\u00e9es par l&rsquo;arthrite ou d&rsquo;autres maladies ou traumatismes.<\/p>\n<p>Si la plupart des interventions sont simples et donnent d&rsquo;excellents r\u00e9sultats, dans certains cas, des complications peuvent survenir et n\u00e9cessiter une seconde intervention chirurgicale. C&rsquo;est ce qu&rsquo;on appelle la chirurgie de r\u00e9vision, qui n\u00e9cessite une planification et une pr\u00e9paration pr\u00e9-chirurgicales minutieuses afin de s&rsquo;assurer que les complications sont r\u00e9solues et que le r\u00e9sultat est optimis\u00e9 en fonction des besoins du patient.<\/p>\n<h2>Quand la r\u00e9vision est-elle n\u00e9cessaire ?<\/h2>\n<p>La chirurgie de r\u00e9vision est pratiqu\u00e9e lorsque l&rsquo;articulation artificielle pr\u00e9sente une d\u00e9faillance, entra\u00eenant des douleurs, des probl\u00e8mes de mobilit\u00e9 ou d&rsquo;autres probl\u00e8mes n\u00e9cessitant une intervention chirurgicale. Selon le type de d\u00e9faillance, il faudra remplacer soit l&rsquo;ensemble du joint, soit une partie seulement.<\/p>\n<p>Avant de proc\u00e9der \u00e0 la r\u00e9vision chirurgicale, l&rsquo;articulation sera soigneusement \u00e9valu\u00e9e afin de garantir la meilleure approche possible pour r\u00e9soudre les probl\u00e8mes que vous rencontrez. Parmi les raisons les plus courantes d&rsquo;une r\u00e9vision chirurgicale de l&rsquo;articulation, citons l&rsquo;infection, le descellement ou le d\u00e9placement des composants de l&rsquo;articulation artificielle, l&rsquo;usure des composants au fil du temps, l&rsquo;instabilit\u00e9 ou la raideur de l&rsquo;articulation, la douleur persistante dans l&rsquo;articulation ou les fractures de l&rsquo;os entourant les composants de l&rsquo;articulation, g\u00e9n\u00e9ralement \u00e0 la suite d&rsquo;une chute.<\/p>\n<h2>Que se passe-t-il lors d&rsquo;une proc\u00e9dure de r\u00e9vision ?<\/h2>\n<p>Cela d\u00e9pend en partie de la cause de la r\u00e9vision. En g\u00e9n\u00e9ral, l&rsquo;intervention chirurgicale consiste \u00e0 retirer les parties endommag\u00e9es de l&rsquo;articulation artificielle d\u00e9faillante et \u00e0 pr\u00e9parer les os \u00e0 l&rsquo;aide de techniques sp\u00e9ciales pour les renforcer avant d&rsquo;ins\u00e9rer de nouveaux composants dans l&rsquo;espace articulaire.<\/p>\n<p>Lors d&rsquo;une reprise chirurgicale de la hanche, le rev\u00eatement en plastique de la cavit\u00e9 de la hanche, ou ac\u00e9tabulum, est soigneusement retir\u00e9 et un treillis m\u00e9tallique est utilis\u00e9 pour tapisser et renforcer l&rsquo;os avant d&rsquo;ins\u00e9rer un nouveau composant et de le fixer \u00e0 l&rsquo;aide de ciment ou de vis chirurgicales sp\u00e9ciales.<\/p>\n<p>L&rsquo;os de la cuisse, ou f\u00e9mur, est soigneusement incis\u00e9 pour retirer la partie de la tige de l&rsquo;implant qui s&rsquo;enfonce dans l&rsquo;os. Une nouvelle partie de la tige est ins\u00e9r\u00e9e et fix\u00e9e, g\u00e9n\u00e9ralement \u00e0 l&rsquo;aide d&rsquo;un fil chirurgical pour renforcer le f\u00e9mur. L&rsquo;arthroplastie du genou fait \u00e9galement appel \u00e0 des techniques sp\u00e9ciales pour retirer les composants d\u00e9fectueux et les remplacer par de nouveaux composants, en les renfor\u00e7ant si n\u00e9cessaire pour garantir la stabilit\u00e9 et la s\u00e9curit\u00e9 de l&rsquo;articulation.<\/p>\n<h2>Comment se passe le r\u00e9tablissement ?<\/h2>\n<p>En tant que patient ayant subi une r\u00e9vision, vous comprenez les processus de r\u00e9cup\u00e9ration et de r\u00e9\u00e9ducation n\u00e9cessaires pour obtenir un r\u00e9sultat optimal. Avant et apr\u00e8s l&rsquo;op\u00e9ration, vous recevrez des informations compl\u00e8tes sur le programme de r\u00e9\u00e9ducation que vous devrez suivre pour vous adapter \u00e0 votre nouvelle articulation et apprendre des techniques importantes pour garantir que l&rsquo;articulation reste fonctionnelle de mani\u00e8re optimale.<\/p>\n<p>Le respect de votre programme de r\u00e9adaptation est essentiel \u00e0 votre r\u00e9tablissement, et il est \u00e9galement tr\u00e8s important d&rsquo;avoir des rendez-vous de suivi r\u00e9guliers pour \u00e9valuer vos progr\u00e8s. La r\u00e9\u00e9ducation apr\u00e8s une reprise chirurgicale commence souvent imm\u00e9diatement apr\u00e8s l&rsquo;op\u00e9ration et se poursuit pendant environ trois mois chez la plupart des patients.<\/p>\n<h2>Pourquoi choisir le Dr Karkare ?<\/h2>\n<p><img loading=\"lazy\" decoding=\"async\" class=\"alignright wp-image-2027 size-medium\" src=\"\/wp-content\/uploads\/2015\/11\/Dr-K-rectangle-g-225x300.jpg\" alt=\"Dr. Nakul Karkare - Chirurgien orthop\u00e9dique \u00e0 New York\" width=\"225\" height=\"300\" data-id=\"2027\" srcset=\"https:\/\/www.newyorkhipknee.com\/wp-content\/uploads\/2015\/11\/Dr-K-rectangle-g-225x300.jpg 225w, https:\/\/www.newyorkhipknee.com\/wp-content\/uploads\/2015\/11\/Dr-K-rectangle-g-113x150.jpg 113w, https:\/\/www.newyorkhipknee.com\/wp-content\/uploads\/2015\/11\/Dr-K-rectangle-g-15x20.jpg 15w, https:\/\/www.newyorkhipknee.com\/wp-content\/uploads\/2015\/11\/Dr-K-rectangle-g.jpg 300w\" sizes=\"(max-width: 225px) 100vw, 225px\" \/>La chirurgie de r\u00e9vision n\u00e9cessite une expertise particuli\u00e8re et une exp\u00e9rience consid\u00e9rable afin d&rsquo;obtenir les meilleurs r\u00e9sultats possibles. Contrairement \u00e0 la chirurgie de remplacement articulaire initiale, les proc\u00e9dures de r\u00e9vision n\u00e9cessitent des techniques plus complexes et une compr\u00e9hension approfondie des m\u00e9thodes utilis\u00e9es pour renforcer les articulations qui ont \u00e9t\u00e9 compromises par des d\u00e9faillances de l&rsquo;implant.<\/p>\n<p>Le docteur Karkare est l&rsquo;un des plus grands experts de la ville de New York en mati\u00e8re de proc\u00e9dures de r\u00e9vision. Il poss\u00e8de une vaste exp\u00e9rience et des taux \u00e9lev\u00e9s de r\u00e9ussite apr\u00e8s une chirurgie de r\u00e9vision, utilisant les techniques et les technologies les plus avanc\u00e9es pour permettre \u00e0 chaque patient de recevoir les soins personnalis\u00e9s n\u00e9cessaires pour obtenir le meilleur r\u00e9sultat possible. Pour en savoir plus et prendre rendez-vous pour une \u00e9valuation, utilisez notre formulaire de contact en ligne ou appelez-nous d\u00e8s maintenant au (516) 735-4032.<\/p>\n<h3>Planifiez votre visite initiale :<\/h3>\n<div align=\"center\">\n<iframe loading=\"lazy\" src=\"https:\/\/www.vcita.com\/widgets\/scheduler\/50c113345a4dc532?frontage_iframe=true\" width=\"100%\" height=\"508\" frameborder=\"0\" style=\" \"><\/p>\n<p>Utilisez ma page de programmation en ligne par vCita pour prendre rendez-vous avec moi :<\/p>\n<p> <a href=\"https:\/\/www.vcita.com\/v\/50c113345a4dc532\/online_scheduling?frontage_iframe=true&amp;invite=vr_sched_pb-50c113345a4dc532\">Programmation en ligne avec le Dr. Nakul Karkare<\/a><br \/>\n<\/iframe>\n<\/div>\n","protected":false},"excerpt":{"rendered":"<p>Chaque ann\u00e9e, plus d&rsquo;un million d&rsquo;hommes et de femmes subissent une arthroplastie de la hanche ou du genou afin de soulager la douleur, d&rsquo;assurer une plus grande stabilit\u00e9 et d&rsquo;am\u00e9liorer la force et l&rsquo;amplitude des mouvements des articulations endommag\u00e9es par l&rsquo;arthrite ou d&rsquo;autres maladies ou traumatismes. Si la plupart des interventions sont simples et donnent [&hellip;]<\/p>\n","protected":false},"author":7,"featured_media":0,"parent":17732,"menu_order":0,"comment_status":"open","ping_status":"open","template":"","meta":{"_et_pb_use_builder":"","_et_pb_old_content":"","_et_gb_content_width":"","footnotes":""},"class_list":["post-17739","page","type-page","status-publish","hentry"],"yoast_head":"<!-- This site is optimized with the Yoast SEO plugin v27.2 - https:\/\/yoast.com\/product\/yoast-seo-wordpress\/ -->\n<title>Chirurgie de remplacement du genou et de la hanche New York | Remplacement des articulations New York<\/title>\n<meta name=\"description\" content=\"L&#039;arthroplastie du genou ou de la hanche est une chirurgie de remplacement des articulations pratiqu\u00e9e par le Dr Karkare \u00e0 New York. Il propose \u00e9galement des op\u00e9rations de r\u00e9vision des proth\u00e8ses de hanche et de genou.\" \/>\n<meta name=\"robots\" content=\"index, follow, max-snippet:-1, max-image-preview:large, max-video-preview:-1\" \/>\n<link rel=\"canonical\" href=\"https:\/\/www.newyorkhipknee.com\/fr\/services\/revision-complexe-de-larthroplastie-de-la-hanche-et-du-genou\/\" \/>\n<meta property=\"og:locale\" content=\"fr_FR\" \/>\n<meta property=\"og:type\" content=\"article\" \/>\n<meta property=\"og:title\" content=\"Chirurgie de remplacement du genou et de la hanche New York | Remplacement des articulations New York\" \/>\n<meta property=\"og:description\" content=\"L&#039;arthroplastie du genou ou de la hanche est une chirurgie de remplacement des articulations pratiqu\u00e9e par le Dr Karkare \u00e0 New York. Il propose \u00e9galement des op\u00e9rations de r\u00e9vision des proth\u00e8ses de hanche et de genou.\" \/>\n<meta property=\"og:url\" content=\"https:\/\/www.newyorkhipknee.com\/fr\/services\/revision-complexe-de-larthroplastie-de-la-hanche-et-du-genou\/\" \/>\n<meta property=\"og:site_name\" content=\"Best Hip &amp; Knee Surgeon | NY, USA\" \/>\n<meta name=\"twitter:card\" content=\"summary_large_image\" \/>\n<meta name=\"twitter:label1\" content=\"Dur\u00e9e de lecture estim\u00e9e\" \/>\n\t<meta name=\"twitter:data1\" content=\"4 minutes\" \/>\n<script type=\"application\/ld+json\" class=\"yoast-schema-graph\">{\"@context\":\"https:\/\/schema.org\",\"@graph\":[{\"@type\":[\"WebPage\",\"MedicalWebPage\"],\"@id\":\"https:\/\/www.newyorkhipknee.com\/fr\/services\/revision-complexe-de-larthroplastie-de-la-hanche-et-du-genou\/\",\"url\":\"https:\/\/www.newyorkhipknee.com\/fr\/services\/revision-complexe-de-larthroplastie-de-la-hanche-et-du-genou\/\",\"name\":\"Chirurgie de remplacement du genou et de la hanche New York | Remplacement des articulations New York\",\"isPartOf\":{\"@id\":\"https:\/\/www.newyorkhipknee.com\/fr\/#website\"},\"datePublished\":\"2013-01-30T15:39:00+00:00\",\"description\":\"L'arthroplastie du genou ou de la hanche est une chirurgie de remplacement des articulations pratiqu\u00e9e par le Dr Karkare \u00e0 New York. Il propose \u00e9galement des op\u00e9rations de r\u00e9vision des proth\u00e8ses de hanche et de genou.\",\"breadcrumb\":{\"@id\":\"https:\/\/www.newyorkhipknee.com\/fr\/services\/revision-complexe-de-larthroplastie-de-la-hanche-et-du-genou\/#breadcrumb\"},\"inLanguage\":\"fr-FR\",\"potentialAction\":[{\"@type\":\"ReadAction\",\"target\":[\"https:\/\/www.newyorkhipknee.com\/fr\/services\/revision-complexe-de-larthroplastie-de-la-hanche-et-du-genou\/\"]}]},{\"@type\":\"BreadcrumbList\",\"@id\":\"https:\/\/www.newyorkhipknee.com\/fr\/services\/revision-complexe-de-larthroplastie-de-la-hanche-et-du-genou\/#breadcrumb\",\"itemListElement\":[{\"@type\":\"ListItem\",\"position\":1,\"name\":\"Home\",\"item\":\"https:\/\/www.newyorkhipknee.com\/fr\/\"},{\"@type\":\"ListItem\",\"position\":2,\"name\":\"Services\",\"item\":\"https:\/\/www.newyorkhipknee.com\/fr\/services\/\"},{\"@type\":\"ListItem\",\"position\":3,\"name\":\"R\u00e9vision complexe de l&rsquo;arthroplastie de la hanche et du genou\"}]},{\"@type\":\"WebSite\",\"@id\":\"https:\/\/www.newyorkhipknee.com\/fr\/#website\",\"url\":\"https:\/\/www.newyorkhipknee.com\/fr\/\",\"name\":\"Best Hip & Knee Surgeon | NY, USA\",\"description\":\"\",\"potentialAction\":[{\"@type\":\"SearchAction\",\"target\":{\"@type\":\"EntryPoint\",\"urlTemplate\":\"https:\/\/www.newyorkhipknee.com\/fr\/?s={search_term_string}\"},\"query-input\":{\"@type\":\"PropertyValueSpecification\",\"valueRequired\":true,\"valueName\":\"search_term_string\"}}],\"inLanguage\":\"fr-FR\"}]}<\/script>\n<!-- \/ Yoast SEO plugin. -->","yoast_head_json":{"title":"Chirurgie de remplacement du genou et de la hanche New York | Remplacement des articulations New York","description":"L'arthroplastie du genou ou de la hanche est une chirurgie de remplacement des articulations pratiqu\u00e9e par le Dr Karkare \u00e0 New York. Il propose \u00e9galement des op\u00e9rations de r\u00e9vision des proth\u00e8ses de hanche et de genou.","robots":{"index":"index","follow":"follow","max-snippet":"max-snippet:-1","max-image-preview":"max-image-preview:large","max-video-preview":"max-video-preview:-1"},"canonical":"https:\/\/www.newyorkhipknee.com\/fr\/services\/revision-complexe-de-larthroplastie-de-la-hanche-et-du-genou\/","og_locale":"fr_FR","og_type":"article","og_title":"Chirurgie de remplacement du genou et de la hanche New York | Remplacement des articulations New York","og_description":"L'arthroplastie du genou ou de la hanche est une chirurgie de remplacement des articulations pratiqu\u00e9e par le Dr Karkare \u00e0 New York. Il propose \u00e9galement des op\u00e9rations de r\u00e9vision des proth\u00e8ses de hanche et de genou.","og_url":"https:\/\/www.newyorkhipknee.com\/fr\/services\/revision-complexe-de-larthroplastie-de-la-hanche-et-du-genou\/","og_site_name":"Best Hip &amp; Knee Surgeon | NY, USA","twitter_card":"summary_large_image","twitter_misc":{"Dur\u00e9e de lecture estim\u00e9e":"4 minutes"},"schema":{"@context":"https:\/\/schema.org","@graph":[{"@type":["WebPage","MedicalWebPage"],"@id":"https:\/\/www.newyorkhipknee.com\/fr\/services\/revision-complexe-de-larthroplastie-de-la-hanche-et-du-genou\/","url":"https:\/\/www.newyorkhipknee.com\/fr\/services\/revision-complexe-de-larthroplastie-de-la-hanche-et-du-genou\/","name":"Chirurgie de remplacement du genou et de la hanche New York | Remplacement des articulations New York","isPartOf":{"@id":"https:\/\/www.newyorkhipknee.com\/fr\/#website"},"datePublished":"2013-01-30T15:39:00+00:00","description":"L'arthroplastie du genou ou de la hanche est une chirurgie de remplacement des articulations pratiqu\u00e9e par le Dr Karkare \u00e0 New York. Il propose \u00e9galement des op\u00e9rations de r\u00e9vision des proth\u00e8ses de hanche et de genou.","breadcrumb":{"@id":"https:\/\/www.newyorkhipknee.com\/fr\/services\/revision-complexe-de-larthroplastie-de-la-hanche-et-du-genou\/#breadcrumb"},"inLanguage":"fr-FR","potentialAction":[{"@type":"ReadAction","target":["https:\/\/www.newyorkhipknee.com\/fr\/services\/revision-complexe-de-larthroplastie-de-la-hanche-et-du-genou\/"]}]},{"@type":"BreadcrumbList","@id":"https:\/\/www.newyorkhipknee.com\/fr\/services\/revision-complexe-de-larthroplastie-de-la-hanche-et-du-genou\/#breadcrumb","itemListElement":[{"@type":"ListItem","position":1,"name":"Home","item":"https:\/\/www.newyorkhipknee.com\/fr\/"},{"@type":"ListItem","position":2,"name":"Services","item":"https:\/\/www.newyorkhipknee.com\/fr\/services\/"},{"@type":"ListItem","position":3,"name":"R\u00e9vision complexe de l&rsquo;arthroplastie de la hanche et du genou"}]},{"@type":"WebSite","@id":"https:\/\/www.newyorkhipknee.com\/fr\/#website","url":"https:\/\/www.newyorkhipknee.com\/fr\/","name":"Best Hip & Knee Surgeon | NY, USA","description":"","potentialAction":[{"@type":"SearchAction","target":{"@type":"EntryPoint","urlTemplate":"https:\/\/www.newyorkhipknee.com\/fr\/?s={search_term_string}"},"query-input":{"@type":"PropertyValueSpecification","valueRequired":true,"valueName":"search_term_string"}}],"inLanguage":"fr-FR"}]}},"_links":{"self":[{"href":"https:\/\/www.newyorkhipknee.com\/fr\/wp-json\/wp\/v2\/pages\/17739","targetHints":{"allow":["GET"]}}],"collection":[{"href":"https:\/\/www.newyorkhipknee.com\/fr\/wp-json\/wp\/v2\/pages"}],"about":[{"href":"https:\/\/www.newyorkhipknee.com\/fr\/wp-json\/wp\/v2\/types\/page"}],"author":[{"embeddable":true,"href":"https:\/\/www.newyorkhipknee.com\/fr\/wp-json\/wp\/v2\/users\/7"}],"replies":[{"embeddable":true,"href":"https:\/\/www.newyorkhipknee.com\/fr\/wp-json\/wp\/v2\/comments?post=17739"}],"version-history":[{"count":0,"href":"https:\/\/www.newyorkhipknee.com\/fr\/wp-json\/wp\/v2\/pages\/17739\/revisions"}],"up":[{"embeddable":true,"href":"https:\/\/www.newyorkhipknee.com\/fr\/wp-json\/wp\/v2\/pages\/17732"}],"wp:attachment":[{"href":"https:\/\/www.newyorkhipknee.com\/fr\/wp-json\/wp\/v2\/media?parent=17739"}],"curies":[{"name":"wp","href":"https:\/\/api.w.org\/{rel}","templated":true}]}}