{"id":17743,"date":"2014-12-09T09:38:38","date_gmt":"2014-12-09T14:38:38","guid":{"rendered":"https:\/\/newyorkhipknee.com\/services\/makoplastie\/"},"modified":"2014-12-09T09:38:38","modified_gmt":"2014-12-09T14:38:38","slug":"makoplastie","status":"publish","type":"page","link":"https:\/\/www.newyorkhipknee.com\/fr\/services\/makoplastie\/","title":{"rendered":"MAKOplastie"},"content":{"rendered":"<ul class=\"Servicestext\">\n<li><a style=\"line-height: 16px;\" href=\"https:\/\/newyorkhipknee.com\/custom-knee-replacement-surgery\/makoplasty-partial-knee-resurfacing\/\">Resurfa\u00e7age partiel du genou MAKOplasty<\/a><\/li>\n<li><a style=\"line-height: 16px;\" href=\"https:\/\/newyorkhipknee.com\/hip-replacement-surgery\/makoplasty-total-hip-replacement\/\">Proth\u00e8se totale de hanche MAKOplasty<\/a><\/li>\n<\/ul>\n","protected":false},"excerpt":{"rendered":"<p>Resurfa\u00e7age partiel du genou MAKOplasty Proth\u00e8se totale de hanche MAKOplasty<\/p>\n","protected":false},"author":7,"featured_media":0,"parent":17732,"menu_order":0,"comment_status":"open","ping_status":"open","template":"","meta":{"_et_pb_use_builder":"","_et_pb_old_content":"","_et_gb_content_width":"","footnotes":""},"class_list":["post-17743","page","type-page","status-publish","hentry"],"yoast_head":"<!-- This site is optimized with the Yoast SEO plugin v27.2 - https:\/\/yoast.com\/product\/yoast-seo-wordpress\/ -->\n<title>Makoplastie | Remplacement total de la hanche | Resurfa\u00e7age partiel du genou NY<\/title>\n<meta name=\"description\" content=\"Le Dr Karkare propose la proth\u00e8se totale de hanche Makoplasty et le resurfa\u00e7age partiel du genou Makoplasty \u00e0 New York. Pour prendre rendez-vous, veuillez appeler le (631) 981-2663.\" \/>\n<meta name=\"robots\" content=\"index, follow, max-snippet:-1, max-image-preview:large, max-video-preview:-1\" \/>\n<link rel=\"canonical\" href=\"https:\/\/www.newyorkhipknee.com\/fr\/services\/makoplastie\/\" \/>\n<meta property=\"og:locale\" content=\"fr_FR\" \/>\n<meta property=\"og:type\" content=\"article\" \/>\n<meta property=\"og:title\" content=\"Makoplastie | Remplacement total de la hanche | Resurfa\u00e7age partiel du genou NY\" \/>\n<meta property=\"og:description\" content=\"Le Dr Karkare propose la proth\u00e8se totale de hanche Makoplasty et le resurfa\u00e7age partiel du genou Makoplasty \u00e0 New York. Pour prendre rendez-vous, veuillez appeler le (631) 981-2663.\" \/>\n<meta property=\"og:url\" content=\"https:\/\/www.newyorkhipknee.com\/fr\/services\/makoplastie\/\" \/>\n<meta property=\"og:site_name\" content=\"Best Hip &amp; Knee Surgeon | NY, USA\" \/>\n<meta name=\"twitter:card\" content=\"summary_large_image\" \/>\n<script type=\"application\/ld+json\" class=\"yoast-schema-graph\">{\"@context\":\"https:\/\/schema.org\",\"@graph\":[{\"@type\":[\"WebPage\",\"MedicalWebPage\"],\"@id\":\"https:\/\/www.newyorkhipknee.com\/fr\/services\/makoplastie\/\",\"url\":\"https:\/\/www.newyorkhipknee.com\/fr\/services\/makoplastie\/\",\"name\":\"Makoplastie | Remplacement total de la hanche | Resurfa\u00e7age partiel du genou NY\",\"isPartOf\":{\"@id\":\"https:\/\/www.newyorkhipknee.com\/fr\/#website\"},\"datePublished\":\"2014-12-09T14:38:38+00:00\",\"description\":\"Le Dr Karkare propose la proth\u00e8se totale de hanche Makoplasty et le resurfa\u00e7age partiel du genou Makoplasty \u00e0 New York. Pour prendre rendez-vous, veuillez appeler le (631) 981-2663.\",\"breadcrumb\":{\"@id\":\"https:\/\/www.newyorkhipknee.com\/fr\/services\/makoplastie\/#breadcrumb\"},\"inLanguage\":\"fr-FR\",\"potentialAction\":[{\"@type\":\"ReadAction\",\"target\":[\"https:\/\/www.newyorkhipknee.com\/fr\/services\/makoplastie\/\"]}]},{\"@type\":\"BreadcrumbList\",\"@id\":\"https:\/\/www.newyorkhipknee.com\/fr\/services\/makoplastie\/#breadcrumb\",\"itemListElement\":[{\"@type\":\"ListItem\",\"position\":1,\"name\":\"Home\",\"item\":\"https:\/\/www.newyorkhipknee.com\/fr\/\"},{\"@type\":\"ListItem\",\"position\":2,\"name\":\"Services\",\"item\":\"https:\/\/www.newyorkhipknee.com\/fr\/services\/\"},{\"@type\":\"ListItem\",\"position\":3,\"name\":\"MAKOplastie\"}]},{\"@type\":\"WebSite\",\"@id\":\"https:\/\/www.newyorkhipknee.com\/fr\/#website\",\"url\":\"https:\/\/www.newyorkhipknee.com\/fr\/\",\"name\":\"Best Hip & Knee Surgeon | NY, USA\",\"description\":\"\",\"potentialAction\":[{\"@type\":\"SearchAction\",\"target\":{\"@type\":\"EntryPoint\",\"urlTemplate\":\"https:\/\/www.newyorkhipknee.com\/fr\/?s={search_term_string}\"},\"query-input\":{\"@type\":\"PropertyValueSpecification\",\"valueRequired\":true,\"valueName\":\"search_term_string\"}}],\"inLanguage\":\"fr-FR\"}]}<\/script>\n<!-- \/ Yoast SEO plugin. -->","yoast_head_json":{"title":"Makoplastie | Remplacement total de la hanche | Resurfa\u00e7age partiel du genou NY","description":"Le Dr Karkare propose la proth\u00e8se totale de hanche Makoplasty et le resurfa\u00e7age partiel du genou Makoplasty \u00e0 New York. Pour prendre rendez-vous, veuillez appeler le (631) 981-2663.","robots":{"index":"index","follow":"follow","max-snippet":"max-snippet:-1","max-image-preview":"max-image-preview:large","max-video-preview":"max-video-preview:-1"},"canonical":"https:\/\/www.newyorkhipknee.com\/fr\/services\/makoplastie\/","og_locale":"fr_FR","og_type":"article","og_title":"Makoplastie | Remplacement total de la hanche | Resurfa\u00e7age partiel du genou NY","og_description":"Le Dr Karkare propose la proth\u00e8se totale de hanche Makoplasty et le resurfa\u00e7age partiel du genou Makoplasty \u00e0 New York. Pour prendre rendez-vous, veuillez appeler le (631) 981-2663.","og_url":"https:\/\/www.newyorkhipknee.com\/fr\/services\/makoplastie\/","og_site_name":"Best Hip &amp; Knee Surgeon | NY, USA","twitter_card":"summary_large_image","schema":{"@context":"https:\/\/schema.org","@graph":[{"@type":["WebPage","MedicalWebPage"],"@id":"https:\/\/www.newyorkhipknee.com\/fr\/services\/makoplastie\/","url":"https:\/\/www.newyorkhipknee.com\/fr\/services\/makoplastie\/","name":"Makoplastie | Remplacement total de la hanche | Resurfa\u00e7age partiel du genou NY","isPartOf":{"@id":"https:\/\/www.newyorkhipknee.com\/fr\/#website"},"datePublished":"2014-12-09T14:38:38+00:00","description":"Le Dr Karkare propose la proth\u00e8se totale de hanche Makoplasty et le resurfa\u00e7age partiel du genou Makoplasty \u00e0 New York. Pour prendre rendez-vous, veuillez appeler le (631) 981-2663.","breadcrumb":{"@id":"https:\/\/www.newyorkhipknee.com\/fr\/services\/makoplastie\/#breadcrumb"},"inLanguage":"fr-FR","potentialAction":[{"@type":"ReadAction","target":["https:\/\/www.newyorkhipknee.com\/fr\/services\/makoplastie\/"]}]},{"@type":"BreadcrumbList","@id":"https:\/\/www.newyorkhipknee.com\/fr\/services\/makoplastie\/#breadcrumb","itemListElement":[{"@type":"ListItem","position":1,"name":"Home","item":"https:\/\/www.newyorkhipknee.com\/fr\/"},{"@type":"ListItem","position":2,"name":"Services","item":"https:\/\/www.newyorkhipknee.com\/fr\/services\/"},{"@type":"ListItem","position":3,"name":"MAKOplastie"}]},{"@type":"WebSite","@id":"https:\/\/www.newyorkhipknee.com\/fr\/#website","url":"https:\/\/www.newyorkhipknee.com\/fr\/","name":"Best Hip & Knee Surgeon | NY, USA","description":"","potentialAction":[{"@type":"SearchAction","target":{"@type":"EntryPoint","urlTemplate":"https:\/\/www.newyorkhipknee.com\/fr\/?s={search_term_string}"},"query-input":{"@type":"PropertyValueSpecification","valueRequired":true,"valueName":"search_term_string"}}],"inLanguage":"fr-FR"}]}},"_links":{"self":[{"href":"https:\/\/www.newyorkhipknee.com\/fr\/wp-json\/wp\/v2\/pages\/17743","targetHints":{"allow":["GET"]}}],"collection":[{"href":"https:\/\/www.newyorkhipknee.com\/fr\/wp-json\/wp\/v2\/pages"}],"about":[{"href":"https:\/\/www.newyorkhipknee.com\/fr\/wp-json\/wp\/v2\/types\/page"}],"author":[{"embeddable":true,"href":"https:\/\/www.newyorkhipknee.com\/fr\/wp-json\/wp\/v2\/users\/7"}],"replies":[{"embeddable":true,"href":"https:\/\/www.newyorkhipknee.com\/fr\/wp-json\/wp\/v2\/comments?post=17743"}],"version-history":[{"count":0,"href":"https:\/\/www.newyorkhipknee.com\/fr\/wp-json\/wp\/v2\/pages\/17743\/revisions"}],"up":[{"embeddable":true,"href":"https:\/\/www.newyorkhipknee.com\/fr\/wp-json\/wp\/v2\/pages\/17732"}],"wp:attachment":[{"href":"https:\/\/www.newyorkhipknee.com\/fr\/wp-json\/wp\/v2\/media?parent=17743"}],"curies":[{"name":"wp","href":"https:\/\/api.w.org\/{rel}","templated":true}]}}