{"id":17754,"date":"2021-10-29T19:15:58","date_gmt":"2021-10-29T23:15:58","guid":{"rendered":"https:\/\/newyorkhipknee.com\/remplacement-total-de-la-hanche\/linfection-par-lhepatite-c-naffecte-pas-les-resultats-apres-larthroplastie-totale-de-la-hanche\/"},"modified":"2021-10-29T19:15:58","modified_gmt":"2021-10-29T23:15:58","slug":"linfection-par-lhepatite-c-naffecte-pas-les-resultats-apres-larthroplastie-totale-de-la-hanche","status":"publish","type":"page","link":"https:\/\/www.newyorkhipknee.com\/fr\/remplacement-total-de-la-hanche\/linfection-par-lhepatite-c-naffecte-pas-les-resultats-apres-larthroplastie-totale-de-la-hanche\/","title":{"rendered":"L&rsquo;infection par l&rsquo;h\u00e9patite C n&rsquo;affecte pas les r\u00e9sultats apr\u00e8s l&rsquo;arthroplastie totale de la hanche"},"content":{"rendered":"<p>Les r\u00e9sultats cliniques et les r\u00e9sultats rapport\u00e9s par les patients apr\u00e8s une <a href=\"https:\/\/newyorkhipknee.com\/ca-en\/total-hip-replacement\/\">arthroplastie totale de la hanche<\/a> chez les patients atteints d&rsquo;h\u00e9patite C chronique \u00e9taient comparables \u00e0 ceux des patients non infect\u00e9s lors d&rsquo;un suivi moyen de 6 ans. C&rsquo;est ce qui ressort d&rsquo;une pr\u00e9sentation faite lors de la r\u00e9union annuelle de l&rsquo;Acad\u00e9mie am\u00e9ricaine des chirurgiens orthop\u00e9diques.<\/p>\n<p>\u00ab\u00a0L&rsquo;h\u00e9patite C peut toucher environ 3 % des patients orthop\u00e9diques. Beaucoup d&rsquo;entre eux subissent une arthroplastie totale\u00a0\u00bb, a d\u00e9clar\u00e9 Samik Banerjee, MBBS, MS, MRCS, (Glasg), du d\u00e9partement de chirurgie orthop\u00e9dique et du centre de pr\u00e9servation et de remplacement des articulations du Rubin Institute for Advanced Orthopedics et de l&rsquo;h\u00f4pital Sinai de Baltimore. Cependant, peu de rapports ont \u00e9t\u00e9 publi\u00e9s sur les r\u00e9sultats de l&rsquo;arthroplastie totale de la hanche chez les patients atteints d&rsquo;h\u00e9patite C.<\/p>\n<h3>Survivance d&rsquo;implants similaires<\/h3>\n<p>Banerjee et ses coll\u00e8gues ont compar\u00e9 les r\u00e9sultats cliniques et les r\u00e9sultats rapport\u00e9s par les patients de 49 patients (54 hanches) ayant subi une arthroplastie totale de la hanche (ATH) primaire \u00e0 une cohorte appari\u00e9e de 148 ATH chez des patients ne souffrant pas d&rsquo;h\u00e9patite C. Tous les patients ont subi une ATH entre 2002 et 2011.<\/p>\n<p>Les patients atteints d&rsquo;h\u00e9patite C comprenaient 10 femmes et 39 hommes dont l&rsquo;\u00e2ge moyen \u00e9tait de 57 ans. Le suivi moyen \u00e9tait de 6 ans, et la cause sous-jacente de la maladie de la hanche \u00e9tait l&rsquo;arthrose au stade terminal dans 49 hanches et la n\u00e9crose avasculaire dans cinq. Les patients ont \u00e9t\u00e9 appari\u00e9s en fonction de l&rsquo;\u00e2ge, du sexe, de l&rsquo;indice de masse corporelle, de la cause de la maladie de la hanche et de la dur\u00e9e moyenne du suivi.<\/p>\n<p>La survie globale des implants \u00e9tait statistiquement similaire entre les groupes : 98% chez les patients atteints d&rsquo;h\u00e9patite C et 98,5% dans le groupe t\u00e9moin appari\u00e9. \u00ab\u00a0Le groupe atteint d&rsquo;h\u00e9patite C a subi une r\u00e9vision aseptique, tandis que la cohorte appari\u00e9e a subi deux r\u00e9visions au cours de cette p\u00e9riode\u00a0\u00bb, a d\u00e9clar\u00e9 Banerjee au cours de sa pr\u00e9sentation.<\/p>\n<p>Les chercheurs n&rsquo;ont pas non plus constat\u00e9 de diff\u00e9rence entre les groupes en ce qui concerne le score postop\u00e9ratoire de Harris pour la hanche, avec une am\u00e9lioration de 89 points en moyenne chez les patients atteints d&rsquo;h\u00e9patite C et une am\u00e9lioration de 90 points en moyenne dans le groupe t\u00e9moin.<\/p>\n<h3>Infection superficielle, h\u00e9matome<\/h3>\n<p>Banerjee et ses coll\u00e8gues n&rsquo;ont pas non plus rapport\u00e9 de diff\u00e9rences significatives dans le taux de complications entre les groupes, mais dans le groupe de l&rsquo;h\u00e9patite C, ils ont trouv\u00e9 une infection superficielle et deux cas d&rsquo;h\u00e9matome de la plaie. En outre, ils n&rsquo;ont trouv\u00e9 aucune diff\u00e9rence dans les scores des composantes physiques et mentales du SF-36 ou dans les scores d&rsquo;activit\u00e9 de l&rsquo;UCLA.<\/p>\n<p>L&rsquo;\u00e9valuation radiographique postop\u00e9ratoire n&rsquo;a r\u00e9v\u00e9l\u00e9 aucun d\u00e9faut d&rsquo;alignement du composant, aucune radioclart\u00e9 progressive symptomatique, aucun changement de position du composant ni aucun affaissement de l&rsquo;implant.<\/p>\n<p>\u00ab\u00a0Notre \u00e9tude nous permet de conclure que  [with previously published data]  qu&rsquo;il n&rsquo;y a pas de diff\u00e9rence dans la survie des implants aseptiques, les niveaux d&rsquo;activit\u00e9 ou les r\u00e9sultats fonctionnels apr\u00e8s l&rsquo;arthroplastie\u00a0\u00bb. Banerjee a d\u00e9clar\u00e9 : \u00ab\u00a0Nous pensons que des ant\u00e9c\u00e9dents d&rsquo;h\u00e9patite C chronique ne permettent pas \u00e0 eux seuls de pr\u00e9dire des r\u00e9sultats cliniques inf\u00e9rieurs. Nous pensons \u00e9galement que d&rsquo;autres \u00e9tudes prospectives sont n\u00e9cessaires pour mieux \u00e9valuer ces r\u00e9sultats\u00a0\u00bb.<\/p>\n<p><span class=\"textMainBold\">Source :<\/span> <a href=\"https:\/\/www.healio.com\/\"> Healio<\/a><\/p>\n<p class=\"textMainBold\">\n<h3>Planifiez votre premi\u00e8re visite<\/h3>\n<div align=\"center\"><a class=\"livesite-schedule\" href=\"https:\/\/live.vcita.com\/site\/nyhipknee\/online-scheduling?staff=sbuvrwlyhlcvxsjv\" target=\"blank\" rel=\"noopener\" data-staff=\"b69585d231f6813d\"><br \/>\n<img decoding=\"async\" title=\"Planifier maintenant\" src=\"\/wp-content\/uploads\/2016\/02\/karkare-calendar.png\" alt=\"Planifier maintenant\" border=\"0\"><\/a><\/div>\n","protected":false},"excerpt":{"rendered":"<p>Les r\u00e9sultats cliniques et les r\u00e9sultats rapport\u00e9s par les patients apr\u00e8s une arthroplastie totale de la hanche chez les patients atteints d&rsquo;h\u00e9patite C chronique \u00e9taient comparables \u00e0 ceux des patients non infect\u00e9s lors d&rsquo;un suivi moyen de 6 ans. C&rsquo;est ce qui ressort d&rsquo;une pr\u00e9sentation faite lors de la r\u00e9union annuelle de l&rsquo;Acad\u00e9mie am\u00e9ricaine des [&hellip;]<\/p>\n","protected":false},"author":15,"featured_media":0,"parent":17744,"menu_order":0,"comment_status":"closed","ping_status":"closed","template":"","meta":{"_et_pb_use_builder":"","_et_pb_old_content":"","_et_gb_content_width":"","footnotes":""},"class_list":["post-17754","page","type-page","status-publish","hentry"],"yoast_head":"<!-- This site is optimized with the Yoast SEO plugin v27.2 - https:\/\/yoast.com\/product\/yoast-seo-wordpress\/ -->\n<title>Dr. Nakul Karkare | NY, USA : Infection par l&#039;h\u00e9patite C<\/title>\n<meta name=\"description\" content=\"Les r\u00e9sultats cliniques et les r\u00e9sultats rapport\u00e9s par les patients apr\u00e8s une arthroplastie totale de la hanche chez les patients atteints d&#039;h\u00e9patite C chronique \u00e9taient comparables \u00e0 ceux des patients non infect\u00e9s lors d&#039;un suivi moyen de 6 ans.\" \/>\n<meta name=\"robots\" content=\"index, follow, max-snippet:-1, max-image-preview:large, max-video-preview:-1\" \/>\n<link rel=\"canonical\" href=\"https:\/\/www.newyorkhipknee.com\/fr\/remplacement-total-de-la-hanche\/linfection-par-lhepatite-c-naffecte-pas-les-resultats-apres-larthroplastie-totale-de-la-hanche\/\" \/>\n<meta property=\"og:locale\" content=\"fr_FR\" \/>\n<meta property=\"og:type\" content=\"article\" \/>\n<meta property=\"og:title\" content=\"Dr. Nakul Karkare | NY, USA : Infection par l&#039;h\u00e9patite C\" \/>\n<meta property=\"og:description\" content=\"Les r\u00e9sultats cliniques et les r\u00e9sultats rapport\u00e9s par les patients apr\u00e8s une arthroplastie totale de la hanche chez les patients atteints d&#039;h\u00e9patite C chronique \u00e9taient comparables \u00e0 ceux des patients non infect\u00e9s lors d&#039;un suivi moyen de 6 ans.\" \/>\n<meta property=\"og:url\" content=\"https:\/\/www.newyorkhipknee.com\/fr\/remplacement-total-de-la-hanche\/linfection-par-lhepatite-c-naffecte-pas-les-resultats-apres-larthroplastie-totale-de-la-hanche\/\" \/>\n<meta property=\"og:site_name\" content=\"Best Hip &amp; Knee Surgeon | NY, USA\" \/>\n<meta name=\"twitter:card\" content=\"summary_large_image\" \/>\n<meta name=\"twitter:label1\" content=\"Dur\u00e9e de lecture estim\u00e9e\" \/>\n\t<meta name=\"twitter:data1\" content=\"3 minutes\" \/>\n<script type=\"application\/ld+json\" class=\"yoast-schema-graph\">{\"@context\":\"https:\/\/schema.org\",\"@graph\":[{\"@type\":[\"WebPage\",\"MedicalWebPage\"],\"@id\":\"https:\/\/www.newyorkhipknee.com\/fr\/remplacement-total-de-la-hanche\/linfection-par-lhepatite-c-naffecte-pas-les-resultats-apres-larthroplastie-totale-de-la-hanche\/\",\"url\":\"https:\/\/www.newyorkhipknee.com\/fr\/remplacement-total-de-la-hanche\/linfection-par-lhepatite-c-naffecte-pas-les-resultats-apres-larthroplastie-totale-de-la-hanche\/\",\"name\":\"Dr. Nakul Karkare | NY, USA : Infection par l'h\u00e9patite C\",\"isPartOf\":{\"@id\":\"https:\/\/www.newyorkhipknee.com\/fr\/#website\"},\"datePublished\":\"2021-10-29T23:15:58+00:00\",\"description\":\"Les r\u00e9sultats cliniques et les r\u00e9sultats rapport\u00e9s par les patients apr\u00e8s une arthroplastie totale de la hanche chez les patients atteints d'h\u00e9patite C chronique \u00e9taient comparables \u00e0 ceux des patients non infect\u00e9s lors d'un suivi moyen de 6 ans.\",\"breadcrumb\":{\"@id\":\"https:\/\/www.newyorkhipknee.com\/fr\/remplacement-total-de-la-hanche\/linfection-par-lhepatite-c-naffecte-pas-les-resultats-apres-larthroplastie-totale-de-la-hanche\/#breadcrumb\"},\"inLanguage\":\"fr-FR\",\"potentialAction\":[{\"@type\":\"ReadAction\",\"target\":[\"https:\/\/www.newyorkhipknee.com\/fr\/remplacement-total-de-la-hanche\/linfection-par-lhepatite-c-naffecte-pas-les-resultats-apres-larthroplastie-totale-de-la-hanche\/\"]}]},{\"@type\":\"BreadcrumbList\",\"@id\":\"https:\/\/www.newyorkhipknee.com\/fr\/remplacement-total-de-la-hanche\/linfection-par-lhepatite-c-naffecte-pas-les-resultats-apres-larthroplastie-totale-de-la-hanche\/#breadcrumb\",\"itemListElement\":[{\"@type\":\"ListItem\",\"position\":1,\"name\":\"Home\",\"item\":\"https:\/\/www.newyorkhipknee.com\/fr\/\"},{\"@type\":\"ListItem\",\"position\":2,\"name\":\"Remplacement total de la hanche\",\"item\":\"https:\/\/www.newyorkhipknee.com\/fr\/remplacement-total-de-la-hanche\/\"},{\"@type\":\"ListItem\",\"position\":3,\"name\":\"L&rsquo;infection par l&rsquo;h\u00e9patite C n&rsquo;affecte pas les r\u00e9sultats apr\u00e8s l&rsquo;arthroplastie totale de la hanche\"}]},{\"@type\":\"WebSite\",\"@id\":\"https:\/\/www.newyorkhipknee.com\/fr\/#website\",\"url\":\"https:\/\/www.newyorkhipknee.com\/fr\/\",\"name\":\"Best Hip & Knee Surgeon | NY, USA\",\"description\":\"\",\"potentialAction\":[{\"@type\":\"SearchAction\",\"target\":{\"@type\":\"EntryPoint\",\"urlTemplate\":\"https:\/\/www.newyorkhipknee.com\/fr\/?s={search_term_string}\"},\"query-input\":{\"@type\":\"PropertyValueSpecification\",\"valueRequired\":true,\"valueName\":\"search_term_string\"}}],\"inLanguage\":\"fr-FR\"}]}<\/script>\n<!-- \/ Yoast SEO plugin. -->","yoast_head_json":{"title":"Dr. Nakul Karkare | NY, USA : Infection par l'h\u00e9patite C","description":"Les r\u00e9sultats cliniques et les r\u00e9sultats rapport\u00e9s par les patients apr\u00e8s une arthroplastie totale de la hanche chez les patients atteints d'h\u00e9patite C chronique \u00e9taient comparables \u00e0 ceux des patients non infect\u00e9s lors d'un suivi moyen de 6 ans.","robots":{"index":"index","follow":"follow","max-snippet":"max-snippet:-1","max-image-preview":"max-image-preview:large","max-video-preview":"max-video-preview:-1"},"canonical":"https:\/\/www.newyorkhipknee.com\/fr\/remplacement-total-de-la-hanche\/linfection-par-lhepatite-c-naffecte-pas-les-resultats-apres-larthroplastie-totale-de-la-hanche\/","og_locale":"fr_FR","og_type":"article","og_title":"Dr. Nakul Karkare | NY, USA : Infection par l'h\u00e9patite C","og_description":"Les r\u00e9sultats cliniques et les r\u00e9sultats rapport\u00e9s par les patients apr\u00e8s une arthroplastie totale de la hanche chez les patients atteints d'h\u00e9patite C chronique \u00e9taient comparables \u00e0 ceux des patients non infect\u00e9s lors d'un suivi moyen de 6 ans.","og_url":"https:\/\/www.newyorkhipknee.com\/fr\/remplacement-total-de-la-hanche\/linfection-par-lhepatite-c-naffecte-pas-les-resultats-apres-larthroplastie-totale-de-la-hanche\/","og_site_name":"Best Hip &amp; Knee Surgeon | NY, USA","twitter_card":"summary_large_image","twitter_misc":{"Dur\u00e9e de lecture estim\u00e9e":"3 minutes"},"schema":{"@context":"https:\/\/schema.org","@graph":[{"@type":["WebPage","MedicalWebPage"],"@id":"https:\/\/www.newyorkhipknee.com\/fr\/remplacement-total-de-la-hanche\/linfection-par-lhepatite-c-naffecte-pas-les-resultats-apres-larthroplastie-totale-de-la-hanche\/","url":"https:\/\/www.newyorkhipknee.com\/fr\/remplacement-total-de-la-hanche\/linfection-par-lhepatite-c-naffecte-pas-les-resultats-apres-larthroplastie-totale-de-la-hanche\/","name":"Dr. Nakul Karkare | NY, USA : Infection par l'h\u00e9patite C","isPartOf":{"@id":"https:\/\/www.newyorkhipknee.com\/fr\/#website"},"datePublished":"2021-10-29T23:15:58+00:00","description":"Les r\u00e9sultats cliniques et les r\u00e9sultats rapport\u00e9s par les patients apr\u00e8s une arthroplastie totale de la hanche chez les patients atteints d'h\u00e9patite C chronique \u00e9taient comparables \u00e0 ceux des patients non infect\u00e9s lors d'un suivi moyen de 6 ans.","breadcrumb":{"@id":"https:\/\/www.newyorkhipknee.com\/fr\/remplacement-total-de-la-hanche\/linfection-par-lhepatite-c-naffecte-pas-les-resultats-apres-larthroplastie-totale-de-la-hanche\/#breadcrumb"},"inLanguage":"fr-FR","potentialAction":[{"@type":"ReadAction","target":["https:\/\/www.newyorkhipknee.com\/fr\/remplacement-total-de-la-hanche\/linfection-par-lhepatite-c-naffecte-pas-les-resultats-apres-larthroplastie-totale-de-la-hanche\/"]}]},{"@type":"BreadcrumbList","@id":"https:\/\/www.newyorkhipknee.com\/fr\/remplacement-total-de-la-hanche\/linfection-par-lhepatite-c-naffecte-pas-les-resultats-apres-larthroplastie-totale-de-la-hanche\/#breadcrumb","itemListElement":[{"@type":"ListItem","position":1,"name":"Home","item":"https:\/\/www.newyorkhipknee.com\/fr\/"},{"@type":"ListItem","position":2,"name":"Remplacement total de la hanche","item":"https:\/\/www.newyorkhipknee.com\/fr\/remplacement-total-de-la-hanche\/"},{"@type":"ListItem","position":3,"name":"L&rsquo;infection par l&rsquo;h\u00e9patite C n&rsquo;affecte pas les r\u00e9sultats apr\u00e8s l&rsquo;arthroplastie totale de la hanche"}]},{"@type":"WebSite","@id":"https:\/\/www.newyorkhipknee.com\/fr\/#website","url":"https:\/\/www.newyorkhipknee.com\/fr\/","name":"Best Hip & Knee Surgeon | NY, USA","description":"","potentialAction":[{"@type":"SearchAction","target":{"@type":"EntryPoint","urlTemplate":"https:\/\/www.newyorkhipknee.com\/fr\/?s={search_term_string}"},"query-input":{"@type":"PropertyValueSpecification","valueRequired":true,"valueName":"search_term_string"}}],"inLanguage":"fr-FR"}]}},"_links":{"self":[{"href":"https:\/\/www.newyorkhipknee.com\/fr\/wp-json\/wp\/v2\/pages\/17754","targetHints":{"allow":["GET"]}}],"collection":[{"href":"https:\/\/www.newyorkhipknee.com\/fr\/wp-json\/wp\/v2\/pages"}],"about":[{"href":"https:\/\/www.newyorkhipknee.com\/fr\/wp-json\/wp\/v2\/types\/page"}],"author":[{"embeddable":true,"href":"https:\/\/www.newyorkhipknee.com\/fr\/wp-json\/wp\/v2\/users\/15"}],"replies":[{"embeddable":true,"href":"https:\/\/www.newyorkhipknee.com\/fr\/wp-json\/wp\/v2\/comments?post=17754"}],"version-history":[{"count":0,"href":"https:\/\/www.newyorkhipknee.com\/fr\/wp-json\/wp\/v2\/pages\/17754\/revisions"}],"up":[{"embeddable":true,"href":"https:\/\/www.newyorkhipknee.com\/fr\/wp-json\/wp\/v2\/pages\/17744"}],"wp:attachment":[{"href":"https:\/\/www.newyorkhipknee.com\/fr\/wp-json\/wp\/v2\/media?parent=17754"}],"curies":[{"name":"wp","href":"https:\/\/api.w.org\/{rel}","templated":true}]}}