{"id":17758,"date":"2014-05-06T14:11:02","date_gmt":"2014-05-06T18:11:02","guid":{"rendered":"https:\/\/newyorkhipknee.com\/remplacement-total-de-la-hanche\/dysplasie-de-la-hanche\/"},"modified":"2014-05-06T14:11:02","modified_gmt":"2014-05-06T18:11:02","slug":"dysplasie-de-la-hanche","status":"publish","type":"page","link":"https:\/\/www.newyorkhipknee.com\/fr\/remplacement-total-de-la-hanche\/dysplasie-de-la-hanche\/","title":{"rendered":"Dysplasie de la hanche"},"content":{"rendered":"<p>La dysplasie de la hanche est une affection qui se traduit par un d\u00e9salignement ou une d\u00e9formation de l&rsquo;articulation de la hanche.<\/p>\n<p>La dysplasie survient le plus souvent chez les nourrissons et les tr\u00e8s jeunes enfants, mais elle peut \u00e9galement survenir chez les adolescents et les jeunes filles en raison du mode de croissance de la hanche. Les adultes peuvent \u00e9galement souffrir de dysplasie de la hanche, en particulier s&rsquo;ils ont subi plusieurs op\u00e9rations chirurgicales lorsqu&rsquo;ils \u00e9taient plus jeunes.<\/p>\n<h2>Quelles sont les causes de la dysplasie de la hanche ?<\/h2>\n<p>On parle de dysplasie de la hanche lorsque l&rsquo;articulation de la hanche se d\u00e9veloppe de mani\u00e8re anormale, ce qui peut entra\u00eener des luxations fr\u00e9quentes et d&rsquo;autres probl\u00e8mes de fonctionnement de l&rsquo;articulation.<\/p>\n<p>Dans une articulation de la hanche qui se d\u00e9veloppe normalement, la partie sup\u00e9rieure de l&rsquo;os de la cuisse (le f\u00e9mur) repose \u00e0 l&rsquo;int\u00e9rieur de la partie en forme de coupe de l&rsquo;articulation de la hanche, appel\u00e9e ac\u00e9tabulum.<\/p>\n<p>La cause sous-jacente de la dysplasie de la hanche n&rsquo;a pas \u00e9t\u00e9 identifi\u00e9e, mais il semble que des facteurs g\u00e9n\u00e9tiques puissent \u00eatre \u00e0 l&rsquo;origine de l&rsquo;anomalie cong\u00e9nitale (pr\u00e9sente \u00e0 la naissance) qui entra\u00eene la dysplasie de la hanche.<\/p>\n<p>Certaines \u00e9tudes ont \u00e9galement mis en \u00e9vidence les techniques d&#8217;emmaillotage inappropri\u00e9es utilis\u00e9es pendant la petite enfance, qui exercent des pressions anormales et excessives sur l&rsquo;articulation au cours de la phase critique de croissance et de d\u00e9veloppement.<\/p>\n<p>Les personnes atteintes de dysplasie de la hanche pr\u00e9sentent g\u00e9n\u00e9ralement des signes tels qu&rsquo;une rotation vers l&rsquo;ext\u00e9rieur ou un autre positionnement anormal de la hanche touch\u00e9e et une diminution de l&rsquo;amplitude des mouvements de la hanche touch\u00e9e, ainsi que des probl\u00e8mes tels qu&rsquo;une diff\u00e9rence de longueur des jambes et des plis cutan\u00e9s in\u00e9gaux dans la cuisse ou la fesse associ\u00e9e \u00e0 la hanche touch\u00e9e.<\/p>\n<p>Cette adaptation permet \u00e0 l&rsquo;articulation de bouger normalement, de b\u00e9n\u00e9ficier d&rsquo;une amplitude de mouvement libre et compl\u00e8te, sans douleur ni frottement, et sans se disloquer. Dans le cas de la dysplasie de la hanche, les structures articulaires sont malform\u00e9es et ce \u00ab\u00a0bon ajustement\u00a0\u00bb n&rsquo;est pas obtenu.<\/p>\n<p>Par cons\u00e9quent, la t\u00eate du f\u00e9mur peut facilement \u00ab\u00a0sortir\u00a0\u00bb de l&rsquo;ac\u00e9tabulum, ce qui entra\u00eene des luxations douloureuses et des probl\u00e8mes de mobilit\u00e9.<\/p>\n<p>Les patients atteints de dysplasie de la hanche sont plus susceptibles de d\u00e9velopper une arthrite de la hanche en vieillissant, en particulier si des interventions chirurgicales correctives fr\u00e9quentes entra\u00eenent des modifications marqu\u00e9es du squelette et une cicatrisation des tissus mous qui peuvent restreindre le mouvement normal de l&rsquo;articulation.<\/p>\n<h2>Comment la dysplasie de la hanche est-elle trait\u00e9e ?<\/h2>\n<p>Si la dysplasie de la hanche diagnostiqu\u00e9e pr\u00e9cocement chez les jeunes enfants ou les nourrissons peut parfois \u00eatre trait\u00e9e par des approches orthop\u00e9diques sp\u00e9ciales, lorsque l&rsquo;affection persiste ou lorsque les adultes pr\u00e9sentent des sympt\u00f4mes r\u00e9sultant de l&rsquo;affection ou d&rsquo;op\u00e9rations ant\u00e9rieures, la chirurgie de remplacement de la hanche est l&rsquo;option la plus courante et la plus efficace pour soulager la douleur et restaurer la fonction et la stabilit\u00e9 de l&rsquo;articulation.<\/p>\n<p>Lors d&rsquo;une arthroplastie de la hanche, la partie sup\u00e9rieure du f\u00e9mur est retir\u00e9e et remplac\u00e9e par une proth\u00e8se solide qui pr\u00e9sente une extr\u00e9mit\u00e9 en forme de boule. Le cotyle est \u00e9galement restaur\u00e9 et, dans certains cas, une greffe osseuse est r\u00e9alis\u00e9e pour \u00ab\u00a0reconstruire\u00a0\u00bb la partie sup\u00e9rieure de la cavit\u00e9.<\/p>\n<h2>Pourquoi choisir le Dr Karkare pour une arthroplastie de la hanche ?<\/h2>\n<p>Le Dr Karkare est un chirurgien orthop\u00e9dique de premier plan \u00e0 New York et dans toute l&rsquo;\u00eele de Long Island, avec des bureaux \u00e0 Manhattan, Bayside, Lindenhurst, Centereach, Riverhead et Patchogue.<\/p>\n<p>Fort d&rsquo;une grande exp\u00e9rience dans les techniques traditionnelles et nouvelles de remplacement des articulations, le docteur Karkare fournit des soins de la plus haute qualit\u00e9 en fonction des besoins uniques de chaque patient, pour des r\u00e9sultats optimaux apr\u00e8s l&rsquo;op\u00e9ration.<\/p>\n<p>Si vous rencontrez des probl\u00e8mes li\u00e9s \u00e0 la dysplasie de la hanche ou si vous avez d&rsquo;autres probl\u00e8mes li\u00e9s aux articulations, appelez le 516-735-4032 et prenez rendez-vous pour une \u00e9valuation d\u00e8s aujourd&rsquo;hui.<\/p>\n<p>&nbsp;<\/p>\n<p>&nbsp;<\/p>\n","protected":false},"excerpt":{"rendered":"<p>La dysplasie de la hanche est une affection qui se traduit par un d\u00e9salignement ou une d\u00e9formation de l&rsquo;articulation de la hanche. La dysplasie survient le plus souvent chez les nourrissons et les tr\u00e8s jeunes enfants, mais elle peut \u00e9galement survenir chez les adolescents et les jeunes filles en raison du mode de croissance de [&hellip;]<\/p>\n","protected":false},"author":7,"featured_media":0,"parent":17744,"menu_order":0,"comment_status":"open","ping_status":"open","template":"","meta":{"_et_pb_use_builder":"","_et_pb_old_content":"","_et_gb_content_width":"","footnotes":""},"class_list":["post-17758","page","type-page","status-publish","hentry"],"yoast_head":"<!-- This site is optimized with the Yoast SEO plugin v27.2 - https:\/\/yoast.com\/product\/yoast-seo-wordpress\/ -->\n<title>Traitement de la dysplasie de la hanche \u00e0 New York - Dr Nakul Karkare<\/title>\n<meta name=\"description\" content=\"La dysplasie de la hanche est fr\u00e9quente chez les nouveau-n\u00e9s et les jeunes enfants ayant des ant\u00e9c\u00e9dents g\u00e9n\u00e9tiques de luxation ou de troubles de la hanche. Elle peut \u00eatre trait\u00e9e par le Dr Karkare \u00e0 New York.\" \/>\n<meta name=\"robots\" content=\"index, follow, max-snippet:-1, max-image-preview:large, max-video-preview:-1\" \/>\n<link rel=\"canonical\" href=\"https:\/\/www.newyorkhipknee.com\/fr\/remplacement-total-de-la-hanche\/dysplasie-de-la-hanche\/\" \/>\n<meta property=\"og:locale\" content=\"fr_FR\" \/>\n<meta property=\"og:type\" content=\"article\" \/>\n<meta property=\"og:title\" content=\"Traitement de la dysplasie de la hanche \u00e0 New York - Dr Nakul Karkare\" \/>\n<meta property=\"og:description\" content=\"La dysplasie de la hanche est fr\u00e9quente chez les nouveau-n\u00e9s et les jeunes enfants ayant des ant\u00e9c\u00e9dents g\u00e9n\u00e9tiques de luxation ou de troubles de la hanche. Elle peut \u00eatre trait\u00e9e par le Dr Karkare \u00e0 New York.\" \/>\n<meta property=\"og:url\" content=\"https:\/\/www.newyorkhipknee.com\/fr\/remplacement-total-de-la-hanche\/dysplasie-de-la-hanche\/\" \/>\n<meta property=\"og:site_name\" content=\"Best Hip &amp; Knee Surgeon | NY, USA\" \/>\n<meta name=\"twitter:card\" content=\"summary_large_image\" \/>\n<meta name=\"twitter:label1\" content=\"Dur\u00e9e de lecture estim\u00e9e\" \/>\n\t<meta name=\"twitter:data1\" content=\"4 minutes\" \/>\n<script type=\"application\/ld+json\" class=\"yoast-schema-graph\">{\"@context\":\"https:\/\/schema.org\",\"@graph\":[{\"@type\":[\"WebPage\",\"MedicalWebPage\"],\"@id\":\"https:\/\/www.newyorkhipknee.com\/fr\/remplacement-total-de-la-hanche\/dysplasie-de-la-hanche\/\",\"url\":\"https:\/\/www.newyorkhipknee.com\/fr\/remplacement-total-de-la-hanche\/dysplasie-de-la-hanche\/\",\"name\":\"Traitement de la dysplasie de la hanche \u00e0 New York - Dr Nakul Karkare\",\"isPartOf\":{\"@id\":\"https:\/\/www.newyorkhipknee.com\/fr\/#website\"},\"datePublished\":\"2014-05-06T18:11:02+00:00\",\"description\":\"La dysplasie de la hanche est fr\u00e9quente chez les nouveau-n\u00e9s et les jeunes enfants ayant des ant\u00e9c\u00e9dents g\u00e9n\u00e9tiques de luxation ou de troubles de la hanche. Elle peut \u00eatre trait\u00e9e par le Dr Karkare \u00e0 New York.\",\"breadcrumb\":{\"@id\":\"https:\/\/www.newyorkhipknee.com\/fr\/remplacement-total-de-la-hanche\/dysplasie-de-la-hanche\/#breadcrumb\"},\"inLanguage\":\"fr-FR\",\"potentialAction\":[{\"@type\":\"ReadAction\",\"target\":[\"https:\/\/www.newyorkhipknee.com\/fr\/remplacement-total-de-la-hanche\/dysplasie-de-la-hanche\/\"]}]},{\"@type\":\"BreadcrumbList\",\"@id\":\"https:\/\/www.newyorkhipknee.com\/fr\/remplacement-total-de-la-hanche\/dysplasie-de-la-hanche\/#breadcrumb\",\"itemListElement\":[{\"@type\":\"ListItem\",\"position\":1,\"name\":\"Home\",\"item\":\"https:\/\/www.newyorkhipknee.com\/fr\/\"},{\"@type\":\"ListItem\",\"position\":2,\"name\":\"Remplacement total de la hanche\",\"item\":\"https:\/\/www.newyorkhipknee.com\/fr\/remplacement-total-de-la-hanche\/\"},{\"@type\":\"ListItem\",\"position\":3,\"name\":\"Dysplasie de la hanche\"}]},{\"@type\":\"WebSite\",\"@id\":\"https:\/\/www.newyorkhipknee.com\/fr\/#website\",\"url\":\"https:\/\/www.newyorkhipknee.com\/fr\/\",\"name\":\"Best Hip & Knee Surgeon | NY, USA\",\"description\":\"\",\"potentialAction\":[{\"@type\":\"SearchAction\",\"target\":{\"@type\":\"EntryPoint\",\"urlTemplate\":\"https:\/\/www.newyorkhipknee.com\/fr\/?s={search_term_string}\"},\"query-input\":{\"@type\":\"PropertyValueSpecification\",\"valueRequired\":true,\"valueName\":\"search_term_string\"}}],\"inLanguage\":\"fr-FR\"}]}<\/script>\n<!-- \/ Yoast SEO plugin. -->","yoast_head_json":{"title":"Traitement de la dysplasie de la hanche \u00e0 New York - Dr Nakul Karkare","description":"La dysplasie de la hanche est fr\u00e9quente chez les nouveau-n\u00e9s et les jeunes enfants ayant des ant\u00e9c\u00e9dents g\u00e9n\u00e9tiques de luxation ou de troubles de la hanche. Elle peut \u00eatre trait\u00e9e par le Dr Karkare \u00e0 New York.","robots":{"index":"index","follow":"follow","max-snippet":"max-snippet:-1","max-image-preview":"max-image-preview:large","max-video-preview":"max-video-preview:-1"},"canonical":"https:\/\/www.newyorkhipknee.com\/fr\/remplacement-total-de-la-hanche\/dysplasie-de-la-hanche\/","og_locale":"fr_FR","og_type":"article","og_title":"Traitement de la dysplasie de la hanche \u00e0 New York - Dr Nakul Karkare","og_description":"La dysplasie de la hanche est fr\u00e9quente chez les nouveau-n\u00e9s et les jeunes enfants ayant des ant\u00e9c\u00e9dents g\u00e9n\u00e9tiques de luxation ou de troubles de la hanche. Elle peut \u00eatre trait\u00e9e par le Dr Karkare \u00e0 New York.","og_url":"https:\/\/www.newyorkhipknee.com\/fr\/remplacement-total-de-la-hanche\/dysplasie-de-la-hanche\/","og_site_name":"Best Hip &amp; Knee Surgeon | NY, USA","twitter_card":"summary_large_image","twitter_misc":{"Dur\u00e9e de lecture estim\u00e9e":"4 minutes"},"schema":{"@context":"https:\/\/schema.org","@graph":[{"@type":["WebPage","MedicalWebPage"],"@id":"https:\/\/www.newyorkhipknee.com\/fr\/remplacement-total-de-la-hanche\/dysplasie-de-la-hanche\/","url":"https:\/\/www.newyorkhipknee.com\/fr\/remplacement-total-de-la-hanche\/dysplasie-de-la-hanche\/","name":"Traitement de la dysplasie de la hanche \u00e0 New York - Dr Nakul Karkare","isPartOf":{"@id":"https:\/\/www.newyorkhipknee.com\/fr\/#website"},"datePublished":"2014-05-06T18:11:02+00:00","description":"La dysplasie de la hanche est fr\u00e9quente chez les nouveau-n\u00e9s et les jeunes enfants ayant des ant\u00e9c\u00e9dents g\u00e9n\u00e9tiques de luxation ou de troubles de la hanche. Elle peut \u00eatre trait\u00e9e par le Dr Karkare \u00e0 New York.","breadcrumb":{"@id":"https:\/\/www.newyorkhipknee.com\/fr\/remplacement-total-de-la-hanche\/dysplasie-de-la-hanche\/#breadcrumb"},"inLanguage":"fr-FR","potentialAction":[{"@type":"ReadAction","target":["https:\/\/www.newyorkhipknee.com\/fr\/remplacement-total-de-la-hanche\/dysplasie-de-la-hanche\/"]}]},{"@type":"BreadcrumbList","@id":"https:\/\/www.newyorkhipknee.com\/fr\/remplacement-total-de-la-hanche\/dysplasie-de-la-hanche\/#breadcrumb","itemListElement":[{"@type":"ListItem","position":1,"name":"Home","item":"https:\/\/www.newyorkhipknee.com\/fr\/"},{"@type":"ListItem","position":2,"name":"Remplacement total de la hanche","item":"https:\/\/www.newyorkhipknee.com\/fr\/remplacement-total-de-la-hanche\/"},{"@type":"ListItem","position":3,"name":"Dysplasie de la hanche"}]},{"@type":"WebSite","@id":"https:\/\/www.newyorkhipknee.com\/fr\/#website","url":"https:\/\/www.newyorkhipknee.com\/fr\/","name":"Best Hip & Knee Surgeon | NY, USA","description":"","potentialAction":[{"@type":"SearchAction","target":{"@type":"EntryPoint","urlTemplate":"https:\/\/www.newyorkhipknee.com\/fr\/?s={search_term_string}"},"query-input":{"@type":"PropertyValueSpecification","valueRequired":true,"valueName":"search_term_string"}}],"inLanguage":"fr-FR"}]}},"_links":{"self":[{"href":"https:\/\/www.newyorkhipknee.com\/fr\/wp-json\/wp\/v2\/pages\/17758","targetHints":{"allow":["GET"]}}],"collection":[{"href":"https:\/\/www.newyorkhipknee.com\/fr\/wp-json\/wp\/v2\/pages"}],"about":[{"href":"https:\/\/www.newyorkhipknee.com\/fr\/wp-json\/wp\/v2\/types\/page"}],"author":[{"embeddable":true,"href":"https:\/\/www.newyorkhipknee.com\/fr\/wp-json\/wp\/v2\/users\/7"}],"replies":[{"embeddable":true,"href":"https:\/\/www.newyorkhipknee.com\/fr\/wp-json\/wp\/v2\/comments?post=17758"}],"version-history":[{"count":0,"href":"https:\/\/www.newyorkhipknee.com\/fr\/wp-json\/wp\/v2\/pages\/17758\/revisions"}],"up":[{"embeddable":true,"href":"https:\/\/www.newyorkhipknee.com\/fr\/wp-json\/wp\/v2\/pages\/17744"}],"wp:attachment":[{"href":"https:\/\/www.newyorkhipknee.com\/fr\/wp-json\/wp\/v2\/media?parent=17758"}],"curies":[{"name":"wp","href":"https:\/\/api.w.org\/{rel}","templated":true}]}}