{"id":17759,"date":"2021-10-29T18:23:15","date_gmt":"2021-10-29T22:23:15","guid":{"rendered":"https:\/\/newyorkhipknee.com\/remplacement-total-de-la-hanche\/douleur-a-la-hanche-et-traitement-partie-1-de-4\/"},"modified":"2021-10-29T18:23:15","modified_gmt":"2021-10-29T22:23:15","slug":"douleur-a-la-hanche-et-traitement-partie-1-de-4","status":"publish","type":"page","link":"https:\/\/www.newyorkhipknee.com\/fr\/remplacement-total-de-la-hanche\/douleur-a-la-hanche-et-traitement-partie-1-de-4\/","title":{"rendered":"Douleur \u00e0 la hanche et traitement &#8211; Partie 1 de 4"},"content":{"rendered":"<p>Souffrez-vous de douleurs \u00e0 la hanche ? Vous n&rsquo;\u00eates pas seul. Selon l&rsquo;<a href=\"https:\/\/www.painmed.org\/patientcenter\/facts_on_pain.aspx#refer3\" target=\"_blank\" rel=\"noopener\">American Academy of Pain Medicine<\/a>, plus de 7 % des adultes aux \u00c9tats-Unis souffrent de douleurs chroniques \u00e0 la hanche (le double chez les <a href=\"https:\/\/www.ncbi.nlm.nih.gov\/pubmed\/11978258\" target=\"_blank\" rel=\"noopener\">patients \u00e2g\u00e9s de plus de 60<\/a> ans).<\/p>\n<p>Une <a href=\"https:\/\/www.cdc.gov\/nchs\/data\/hus\/hus10.pdf\" target=\"_blank\" rel=\"noopener\">\u00e9tude des Centres de contr\u00f4le et de pr\u00e9vention des maladies<\/a> (CDC) montre que le nombre d&rsquo;interventions chirurgicales sur la hanche a \u00e9galement augment\u00e9 ces derni\u00e8res ann\u00e9es, et pas seulement pour les patients \u00e2g\u00e9s :<\/p>\n<p>Depuis la fin des ann\u00e9es 1990, le nombre d&rsquo;arthroplasties totales de la hanche chez les patients \u00e2g\u00e9s de 45 \u00e0 64 ans a \u00e9t\u00e9 multipli\u00e9 par sept. Les arthroplasties totales de la hanche ont presque doubl\u00e9 pour le m\u00eame groupe d&rsquo;\u00e2ge. Chez les personnes \u00e2g\u00e9es de 65 ans et plus, les arthroplasties partielles de la hanche ont augment\u00e9 de 27 % et les arthroplasties totales de la hanche d&rsquo;environ 17 %.<\/p>\n<h2>Pourquoi cette augmentation ?<\/h2>\n<p>Les raisons de l&rsquo;augmentation des <a href=\"https:\/\/newyorkhipknee.com\/ca-en\/total-hip-replacement\/\">proth\u00e8ses de hanche<\/a> partielles et <a href=\"https:\/\/newyorkhipknee.com\/ca-en\/total-hip-replacement\/\">totales<\/a> sont probablement dues \u00e0 deux facteurs principaux. Premi\u00e8rement, la population dans son ensemble vieillit. En d&rsquo;autres termes, de plus en plus de personnes souffrent de douleurs \u00e0 la hanche et d&rsquo;autres sympt\u00f4mes n\u00e9cessitant une intervention chirurgicale.<\/p>\n<p>Deuxi\u00e8mement, l&rsquo;am\u00e9lioration des techniques chirurgicales et de la technologie a permis de mettre au point des approches plus s\u00fbres et plus simples qui, \u00e0 leur tour, ont donn\u00e9 de meilleurs r\u00e9sultats. La chirurgie devient ainsi une solution plus attrayante et plus appropri\u00e9e pour un plus grand nombre de personnes.<\/p>\n<p>Bien entendu, toutes les personnes souffrant de douleurs ou de raideurs \u00e0 la hanche n&rsquo;ont pas besoin d&rsquo;une intervention chirurgicale. Parfois, des solutions non chirurgicales telles que les m\u00e9dicaments et la kin\u00e9sith\u00e9rapie peuvent aider les hommes et les femmes \u00e0 \u00e9viter &#8211; au moins temporairement &#8211; une intervention chirurgicale.<\/p>\n<p>Le type de traitement ne d\u00e9pend pas seulement de l&rsquo;\u00e9tendue de la blessure ou de la l\u00e9sion de l&rsquo;articulation. Parfois, le type de dommage pr\u00e9sent et la fa\u00e7on dont ce dommage ou cette blessure affecte la fonction normale de l&rsquo;articulation elle-m\u00eame.<\/p>\n<p>Pour comprendre pourquoi les hanches d\u00e9veloppent des sympt\u00f4mes douloureux, soudainement ou au fil du temps, il est important de comprendre un peu l&rsquo;anatomie de l&rsquo;articulation.<\/p>\n<h2>Anatomie de la hanche 101<\/h2>\n<p>La hanche est une articulation dite \u00ab\u00a0\u00e0 rotule\u00a0\u00bb, en raison des deux principaux \u00e9l\u00e9ments qui la composent. L&rsquo;extr\u00e9mit\u00e9 arrondie ou en forme de boule de l&rsquo;os sup\u00e9rieur de la cuisse ou f\u00e9mur (appel\u00e9e t\u00eate f\u00e9morale), et la cavit\u00e9 (\u00e9galement appel\u00e9e ac\u00e9tabulum) qui abrite la boule et lui permet de se d\u00e9placer librement et, esp\u00e9rons-le, sans douleur ni frottement.<\/p>\n<p>Comme l&rsquo;\u00e9paule &#8211; une autre articulation \u00e0 rotule &#8211; la cavit\u00e9 de la hanche est entour\u00e9e d&rsquo;un anneau de cartilage solide appel\u00e9 labrum. Cela permet de soutenir la t\u00eate f\u00e9morale et de la maintenir en place dans la cavit\u00e9. Plusieurs ligaments contribuent \u00e9galement \u00e0 maintenir l&rsquo;articulation dans sa position correcte et \u00e0 faciliter une amplitude de mouvement normale et sans douleur.<\/p>\n<p>La t\u00eate f\u00e9morale et la surface int\u00e9rieure de l&rsquo;ac\u00e9tabulum sont toutes deux recouvertes d&rsquo;une \u00e9paisse couche de cartilage, qui agit comme une surface glissante et lisse permettant d&rsquo;\u00e9viter les frottements lorsque vous bougez l&rsquo;articulation. Et bien s\u00fbr, la hanche est \u00e9galement desservie par des vaisseaux sanguins, des nerfs et des tissus musculaires, qui jouent un r\u00f4le dans le mouvement de l&rsquo;articulation ainsi que dans sa stabilit\u00e9.<\/p>\n<h3>A suivre : Diagnostic et \u00e9valuation<\/h3>\n<p>Les articulations sont des structures complexes qui d\u00e9pendent de la sant\u00e9 et du fonctionnement de toutes leurs parties pour assurer un mouvement normal. Lorsqu&rsquo;une articulation de la hanche pr\u00e9sente une douleur ou d&rsquo;autres sympt\u00f4mes, la premi\u00e8re \u00e9tape du traitement consiste \u00e0 \u00e9valuer l&rsquo;articulation.<\/p>\n<p>Identifier les structures concern\u00e9es et la mani\u00e8re dont elles sont endommag\u00e9es. Dans la deuxi\u00e8me partie de cette s\u00e9rie de quatre articles, nous examinerons certaines des techniques utilis\u00e9es par les chirurgiens pour \u00e9valuer les hanches afin de d\u00e9terminer le meilleur traitement possible.<\/p>\n<h3>Planifiez votre premi\u00e8re visite<\/h3>\n<div align=\"center\"><a class=\"livesite-schedule\" href=\"https:\/\/live.vcita.com\/site\/nyhipknee\/online-scheduling?staff=sbuvrwlyhlcvxsjv\" target=\"blank\" rel=\"noopener\" data-staff=\"b69585d231f6813d\"><br \/>\n<img decoding=\"async\" title=\"Planifier maintenant\" src=\"\/wp-content\/uploads\/2016\/02\/karkare-calendar.png\" alt=\"Planifier maintenant\" border=\"0\"><\/a><\/div>\n","protected":false},"excerpt":{"rendered":"<p>Souffrez-vous de douleurs \u00e0 la hanche ? Vous n&rsquo;\u00eates pas seul. Selon l&rsquo;American Academy of Pain Medicine, plus de 7 % des adultes aux \u00c9tats-Unis souffrent de douleurs chroniques \u00e0 la hanche (le double chez les patients \u00e2g\u00e9s de plus de 60 ans). Une \u00e9tude des Centres de contr\u00f4le et de pr\u00e9vention des maladies (CDC) [&hellip;]<\/p>\n","protected":false},"author":15,"featured_media":0,"parent":17744,"menu_order":0,"comment_status":"closed","ping_status":"closed","template":"","meta":{"_et_pb_use_builder":"","_et_pb_old_content":"","_et_gb_content_width":"","footnotes":""},"class_list":["post-17759","page","type-page","status-publish","hentry"],"yoast_head":"<!-- This site is optimized with the Yoast SEO plugin v27.2 - https:\/\/yoast.com\/product\/yoast-seo-wordpress\/ -->\n<title>Douleur \u00e0 la hanche et traitement - Partie 1 de 4 | Best Hip &amp; Knee Surgeon | NY, USA<\/title>\n<meta name=\"description\" content=\"Une \u00e9tude des Centres de contr\u00f4le et de pr\u00e9vention des maladies (CDC) montre que le nombre d&#039;interventions chirurgicales sur la hanche a \u00e9galement augment\u00e9 ces derni\u00e8res ann\u00e9es, et pas seulement pour les patients \u00e2g\u00e9s :\" \/>\n<meta name=\"robots\" content=\"index, follow, max-snippet:-1, max-image-preview:large, max-video-preview:-1\" \/>\n<link rel=\"canonical\" href=\"https:\/\/www.newyorkhipknee.com\/fr\/remplacement-total-de-la-hanche\/douleur-a-la-hanche-et-traitement-partie-1-de-4\/\" \/>\n<meta property=\"og:locale\" content=\"fr_FR\" \/>\n<meta property=\"og:type\" content=\"article\" \/>\n<meta property=\"og:title\" content=\"Douleur \u00e0 la hanche et traitement - Partie 1 de 4 | Best Hip &amp; Knee Surgeon | NY, USA\" \/>\n<meta property=\"og:description\" content=\"Une \u00e9tude des Centres de contr\u00f4le et de pr\u00e9vention des maladies (CDC) montre que le nombre d&#039;interventions chirurgicales sur la hanche a \u00e9galement augment\u00e9 ces derni\u00e8res ann\u00e9es, et pas seulement pour les patients \u00e2g\u00e9s :\" \/>\n<meta property=\"og:url\" content=\"https:\/\/www.newyorkhipknee.com\/fr\/remplacement-total-de-la-hanche\/douleur-a-la-hanche-et-traitement-partie-1-de-4\/\" \/>\n<meta property=\"og:site_name\" content=\"Best Hip &amp; Knee Surgeon | NY, USA\" \/>\n<meta name=\"twitter:card\" content=\"summary_large_image\" \/>\n<meta name=\"twitter:label1\" content=\"Dur\u00e9e de lecture estim\u00e9e\" \/>\n\t<meta name=\"twitter:data1\" content=\"3 minutes\" \/>\n<script type=\"application\/ld+json\" class=\"yoast-schema-graph\">{\"@context\":\"https:\/\/schema.org\",\"@graph\":[{\"@type\":[\"WebPage\",\"MedicalWebPage\"],\"@id\":\"https:\/\/www.newyorkhipknee.com\/fr\/remplacement-total-de-la-hanche\/douleur-a-la-hanche-et-traitement-partie-1-de-4\/\",\"url\":\"https:\/\/www.newyorkhipknee.com\/fr\/remplacement-total-de-la-hanche\/douleur-a-la-hanche-et-traitement-partie-1-de-4\/\",\"name\":\"Douleur \u00e0 la hanche et traitement - Partie 1 de 4 | Best Hip &amp; Knee Surgeon | NY, USA\",\"isPartOf\":{\"@id\":\"https:\/\/www.newyorkhipknee.com\/fr\/#website\"},\"datePublished\":\"2021-10-29T22:23:15+00:00\",\"description\":\"Une \u00e9tude des Centres de contr\u00f4le et de pr\u00e9vention des maladies (CDC) montre que le nombre d'interventions chirurgicales sur la hanche a \u00e9galement augment\u00e9 ces derni\u00e8res ann\u00e9es, et pas seulement pour les patients \u00e2g\u00e9s :\",\"breadcrumb\":{\"@id\":\"https:\/\/www.newyorkhipknee.com\/fr\/remplacement-total-de-la-hanche\/douleur-a-la-hanche-et-traitement-partie-1-de-4\/#breadcrumb\"},\"inLanguage\":\"fr-FR\",\"potentialAction\":[{\"@type\":\"ReadAction\",\"target\":[\"https:\/\/www.newyorkhipknee.com\/fr\/remplacement-total-de-la-hanche\/douleur-a-la-hanche-et-traitement-partie-1-de-4\/\"]}]},{\"@type\":\"BreadcrumbList\",\"@id\":\"https:\/\/www.newyorkhipknee.com\/fr\/remplacement-total-de-la-hanche\/douleur-a-la-hanche-et-traitement-partie-1-de-4\/#breadcrumb\",\"itemListElement\":[{\"@type\":\"ListItem\",\"position\":1,\"name\":\"Home\",\"item\":\"https:\/\/www.newyorkhipknee.com\/fr\/\"},{\"@type\":\"ListItem\",\"position\":2,\"name\":\"Remplacement total de la hanche\",\"item\":\"https:\/\/www.newyorkhipknee.com\/fr\/remplacement-total-de-la-hanche\/\"},{\"@type\":\"ListItem\",\"position\":3,\"name\":\"Douleur \u00e0 la hanche et traitement &#8211; Partie 1 de 4\"}]},{\"@type\":\"WebSite\",\"@id\":\"https:\/\/www.newyorkhipknee.com\/fr\/#website\",\"url\":\"https:\/\/www.newyorkhipknee.com\/fr\/\",\"name\":\"Best Hip & Knee Surgeon | NY, USA\",\"description\":\"\",\"potentialAction\":[{\"@type\":\"SearchAction\",\"target\":{\"@type\":\"EntryPoint\",\"urlTemplate\":\"https:\/\/www.newyorkhipknee.com\/fr\/?s={search_term_string}\"},\"query-input\":{\"@type\":\"PropertyValueSpecification\",\"valueRequired\":true,\"valueName\":\"search_term_string\"}}],\"inLanguage\":\"fr-FR\"}]}<\/script>\n<!-- \/ Yoast SEO plugin. -->","yoast_head_json":{"title":"Douleur \u00e0 la hanche et traitement - Partie 1 de 4 | Best Hip &amp; Knee Surgeon | NY, USA","description":"Une \u00e9tude des Centres de contr\u00f4le et de pr\u00e9vention des maladies (CDC) montre que le nombre d'interventions chirurgicales sur la hanche a \u00e9galement augment\u00e9 ces derni\u00e8res ann\u00e9es, et pas seulement pour les patients \u00e2g\u00e9s :","robots":{"index":"index","follow":"follow","max-snippet":"max-snippet:-1","max-image-preview":"max-image-preview:large","max-video-preview":"max-video-preview:-1"},"canonical":"https:\/\/www.newyorkhipknee.com\/fr\/remplacement-total-de-la-hanche\/douleur-a-la-hanche-et-traitement-partie-1-de-4\/","og_locale":"fr_FR","og_type":"article","og_title":"Douleur \u00e0 la hanche et traitement - Partie 1 de 4 | Best Hip &amp; Knee Surgeon | NY, USA","og_description":"Une \u00e9tude des Centres de contr\u00f4le et de pr\u00e9vention des maladies (CDC) montre que le nombre d'interventions chirurgicales sur la hanche a \u00e9galement augment\u00e9 ces derni\u00e8res ann\u00e9es, et pas seulement pour les patients \u00e2g\u00e9s :","og_url":"https:\/\/www.newyorkhipknee.com\/fr\/remplacement-total-de-la-hanche\/douleur-a-la-hanche-et-traitement-partie-1-de-4\/","og_site_name":"Best Hip &amp; Knee Surgeon | NY, USA","twitter_card":"summary_large_image","twitter_misc":{"Dur\u00e9e de lecture estim\u00e9e":"3 minutes"},"schema":{"@context":"https:\/\/schema.org","@graph":[{"@type":["WebPage","MedicalWebPage"],"@id":"https:\/\/www.newyorkhipknee.com\/fr\/remplacement-total-de-la-hanche\/douleur-a-la-hanche-et-traitement-partie-1-de-4\/","url":"https:\/\/www.newyorkhipknee.com\/fr\/remplacement-total-de-la-hanche\/douleur-a-la-hanche-et-traitement-partie-1-de-4\/","name":"Douleur \u00e0 la hanche et traitement - Partie 1 de 4 | Best Hip &amp; Knee Surgeon | NY, USA","isPartOf":{"@id":"https:\/\/www.newyorkhipknee.com\/fr\/#website"},"datePublished":"2021-10-29T22:23:15+00:00","description":"Une \u00e9tude des Centres de contr\u00f4le et de pr\u00e9vention des maladies (CDC) montre que le nombre d'interventions chirurgicales sur la hanche a \u00e9galement augment\u00e9 ces derni\u00e8res ann\u00e9es, et pas seulement pour les patients \u00e2g\u00e9s :","breadcrumb":{"@id":"https:\/\/www.newyorkhipknee.com\/fr\/remplacement-total-de-la-hanche\/douleur-a-la-hanche-et-traitement-partie-1-de-4\/#breadcrumb"},"inLanguage":"fr-FR","potentialAction":[{"@type":"ReadAction","target":["https:\/\/www.newyorkhipknee.com\/fr\/remplacement-total-de-la-hanche\/douleur-a-la-hanche-et-traitement-partie-1-de-4\/"]}]},{"@type":"BreadcrumbList","@id":"https:\/\/www.newyorkhipknee.com\/fr\/remplacement-total-de-la-hanche\/douleur-a-la-hanche-et-traitement-partie-1-de-4\/#breadcrumb","itemListElement":[{"@type":"ListItem","position":1,"name":"Home","item":"https:\/\/www.newyorkhipknee.com\/fr\/"},{"@type":"ListItem","position":2,"name":"Remplacement total de la hanche","item":"https:\/\/www.newyorkhipknee.com\/fr\/remplacement-total-de-la-hanche\/"},{"@type":"ListItem","position":3,"name":"Douleur \u00e0 la hanche et traitement &#8211; Partie 1 de 4"}]},{"@type":"WebSite","@id":"https:\/\/www.newyorkhipknee.com\/fr\/#website","url":"https:\/\/www.newyorkhipknee.com\/fr\/","name":"Best Hip & Knee Surgeon | NY, USA","description":"","potentialAction":[{"@type":"SearchAction","target":{"@type":"EntryPoint","urlTemplate":"https:\/\/www.newyorkhipknee.com\/fr\/?s={search_term_string}"},"query-input":{"@type":"PropertyValueSpecification","valueRequired":true,"valueName":"search_term_string"}}],"inLanguage":"fr-FR"}]}},"_links":{"self":[{"href":"https:\/\/www.newyorkhipknee.com\/fr\/wp-json\/wp\/v2\/pages\/17759","targetHints":{"allow":["GET"]}}],"collection":[{"href":"https:\/\/www.newyorkhipknee.com\/fr\/wp-json\/wp\/v2\/pages"}],"about":[{"href":"https:\/\/www.newyorkhipknee.com\/fr\/wp-json\/wp\/v2\/types\/page"}],"author":[{"embeddable":true,"href":"https:\/\/www.newyorkhipknee.com\/fr\/wp-json\/wp\/v2\/users\/15"}],"replies":[{"embeddable":true,"href":"https:\/\/www.newyorkhipknee.com\/fr\/wp-json\/wp\/v2\/comments?post=17759"}],"version-history":[{"count":0,"href":"https:\/\/www.newyorkhipknee.com\/fr\/wp-json\/wp\/v2\/pages\/17759\/revisions"}],"up":[{"embeddable":true,"href":"https:\/\/www.newyorkhipknee.com\/fr\/wp-json\/wp\/v2\/pages\/17744"}],"wp:attachment":[{"href":"https:\/\/www.newyorkhipknee.com\/fr\/wp-json\/wp\/v2\/media?parent=17759"}],"curies":[{"name":"wp","href":"https:\/\/api.w.org\/{rel}","templated":true}]}}