{"id":17760,"date":"2021-10-29T18:17:38","date_gmt":"2021-10-29T22:17:38","guid":{"rendered":"https:\/\/newyorkhipknee.com\/remplacement-total-de-la-hanche\/douleur-a-la-hanche-et-traitement-partie-2-de-4\/"},"modified":"2021-10-29T18:17:38","modified_gmt":"2021-10-29T22:17:38","slug":"douleur-a-la-hanche-et-traitement-partie-2-de-4","status":"publish","type":"page","link":"https:\/\/www.newyorkhipknee.com\/fr\/remplacement-total-de-la-hanche\/douleur-a-la-hanche-et-traitement-partie-2-de-4\/","title":{"rendered":"Douleur \u00e0 la hanche et traitement &#8211; Partie 2 de 4"},"content":{"rendered":"<p>Maintenant que vous en savez un peu plus sur l&rsquo;anatomie de la hanche<a href=\"https:\/\/newyorkhipknee.com2016\/08\/01\/hip-pain-treatment-part-1-4\/\">(voir la premi\u00e8re partie<\/a>), il vous sera plus facile de comprendre pourquoi la douleur de la hanche et d&rsquo;autres sympt\u00f4mes surviennent et quels changements ils peuvent provoquer dans l&rsquo;articulation et les structures qui la soutiennent.<\/p>\n<p>Une \u00e9valuation minutieuse de l&rsquo;articulation et un examen approfondi des sympt\u00f4mes sont les premi\u00e8res \u00e9tapes essentielles pour aider \u00e0 d\u00e9terminer le meilleur traitement pour soulager les sympt\u00f4mes et, avec un peu de chance, restaurer la fonction normale de l&rsquo;articulation.<\/p>\n<h2>Diagnostiquer la cause de la douleur \u00e0 la hanche<\/h2>\n<p>Tout comme les techniques chirurgicales se sont consid\u00e9rablement am\u00e9lior\u00e9es au cours de la derni\u00e8re d\u00e9cennie, les techniques utilis\u00e9es pour \u00e9valuer et diagnostiquer les causes de la douleur de la hanche ont \u00e9galement \u00e9volu\u00e9.<\/p>\n<p>Aujourd&rsquo;hui, l&rsquo;articulation peut \u00eatre soigneusement examin\u00e9e gr\u00e2ce \u00e0 l&rsquo;imagerie diagnostique non invasive comme la radiographie, la tomodensitom\u00e9trie et l&rsquo;IRM, ainsi qu&rsquo;\u00e0 des m\u00e9thodes d&rsquo;arthroscopie peu invasives qui utilisent des instruments sp\u00e9ciaux pour voir \u00e0 l&rsquo;int\u00e9rieur de l&rsquo;articulation.<\/p>\n<p>En fait, l&rsquo;arthroscopie permet non seulement de localiser et d&rsquo;affiner la compr\u00e9hension de la cause de ses sympt\u00f4mes, mais aussi de fournir des informations essentielles pour planifier l&rsquo;intervention chirurgicale afin que les patients obtiennent les meilleurs r\u00e9sultats possibles.<\/p>\n<p>Au cours d&rsquo;une proc\u00e9dure de diagnostic arthroscopique, le chirurgien ins\u00e8re un instrument tr\u00e8s fin dans l&rsquo;articulation par une tr\u00e8s petite incision et le guide dans l&rsquo;espace articulaire \u00e0 l&rsquo;aide d&rsquo;une technique d&rsquo;imagerie telle qu&rsquo;une radiographie. Quelques pompes de liquide dans l&rsquo;articulation afin d&rsquo;ouvrir doucement l&rsquo;espace articulaire pour une meilleure visualisation.<\/p>\n<p>L&rsquo;extr\u00e9mit\u00e9 de l&rsquo;arthroscope est \u00e9quip\u00e9e d&rsquo;une minuscule cam\u00e9ra qui peut prendre des images claires de l&rsquo;int\u00e9rieur de l&rsquo;articulation et les transmettre \u00e0 un ordinateur et \u00e0 un moniteur afin qu&rsquo;elles puissent \u00eatre visualis\u00e9es pendant l&rsquo;intervention et apr\u00e8s celle-ci pour aider \u00e0 planifier le traitement.<\/p>\n<p>Parce qu&rsquo;elle utilise une incision minuscule, l&rsquo;arthroscopie se pratique sans anesth\u00e9sie g\u00e9n\u00e9rale, soit en position allong\u00e9e sur le dos, soit sur le c\u00f4t\u00e9, selon l&rsquo;angle n\u00e9cessaire pour obtenir les images les plus pr\u00e9cises.<\/p>\n<p>Outre le diagnostic des probl\u00e8mes de hanche, l&rsquo;arthroscopie permet \u00e9galement d&rsquo;effectuer certains types de r\u00e9parations chirurgicales. (Nous aborderons ces questions dans les troisi\u00e8me et quatri\u00e8me parties de la s\u00e9rie).<\/p>\n<h2>Causes courantes de la douleur \u00e0 la hanche<\/h2>\n<p>L&rsquo;une des causes les plus courantes de douleur \u00e0 la hanche est l&rsquo;arthrose (et, plus rarement, la polyarthrite rhumato\u00efde). L&rsquo;arthrite provoque une destruction des surfaces articulaires, brisant la couche protectrice de cartilage, ce qui augmente la friction entre la t\u00eate f\u00e9morale et l&rsquo;ac\u00e9tabulum (la partie de la cavit\u00e9).<\/p>\n<p>Au fur et \u00e0 mesure que l&rsquo;arthrite progresse, les os peuvent m\u00eame s&rsquo;user et s&rsquo;ab\u00eemer, et la douleur tend \u00e0 augmenter consid\u00e9rablement, de m\u00eame que la raideur et la diminution de l&rsquo;amplitude des mouvements.<\/p>\n<p>L&rsquo;arthrite peut toucher des patients de tout \u00e2ge, mais elle est plus fr\u00e9quente chez les hommes et les femmes \u00e2g\u00e9s et chez les sportifs qui sollicitent beaucoup l&rsquo;articulation. La polyarthrite rhumato\u00efde est une maladie \u00e0 m\u00e9diation immunitaire qui se d\u00e9veloppe lorsque le syst\u00e8me immunitaire attaque des tissus articulaires sains.<\/p>\n<p>Bien entendu, les fractures et les luxations peuvent \u00e9galement provoquer des douleurs consid\u00e9rables, en particulier lorsqu&rsquo;un poids quelconque est appliqu\u00e9 sur l&rsquo;articulation. La plupart des fractures et des luxations font l&rsquo;objet d&rsquo;un diagnostic par imagerie.<\/p>\n<p>Les l\u00e9sions des tissus mous, comme les d\u00e9chirures des ligaments ou les d\u00e9chirures du labrum, l&rsquo;anneau de cartilage qui entoure la cavit\u00e9, sont souvent diagnostiqu\u00e9es par tomodensitom\u00e9trie, mais l&rsquo;arthroscopie permet parfois d&rsquo;obtenir des informations plus approfondies, voire d&rsquo;administrer un traitement.<\/p>\n<p>Plus rarement, des maladies et des affections telles que le rachitisme, l&rsquo;ost\u00e9oporose (os \u00ab\u00a0fragiles\u00a0\u00bb), l&rsquo;ost\u00e9on\u00e9crose (mort du tissu osseux) ou l&rsquo;ost\u00e9omy\u00e9lite (infection profonde) peuvent provoquer des douleurs et des courbatures dans et autour de l&rsquo;articulation.<\/p>\n<p>Enfin, certaines douleurs de hanche peuvent ne pas \u00eatre directement li\u00e9es \u00e0 l&rsquo;articulation de la hanche, mais \u00eatre dues \u00e0 une hernie discale ou \u00e0 d&rsquo;autres probl\u00e8mes de dos ou de genoux.<\/p>\n<h3>Obtenir le meilleur traitement<\/h3>\n<p>Oui, cela fait beaucoup de causes. C&rsquo;est pourquoi une \u00e9valuation approfondie par un orthop\u00e9diste est si importante pour garantir le traitement le plus appropri\u00e9. Dans les troisi\u00e8me et quatri\u00e8me parties, nous examinerons certains des traitements &#8211; chirurgicaux et non chirurgicaux &#8211; utilis\u00e9s pour soulager la douleur de la hanche et am\u00e9liorer la fonction et la mobilit\u00e9 de l&rsquo;articulation.<\/p>\n<h3>Planifiez votre premi\u00e8re visite<\/h3>\n<div align=\"center\"><a class=\"livesite-schedule\" href=\"https:\/\/live.vcita.com\/site\/nyhipknee\/online-scheduling?staff=sbuvrwlyhlcvxsjv\" target=\"blank\" rel=\"noopener\" data-staff=\"b69585d231f6813d\"><br \/>\n<img decoding=\"async\" title=\"Planifier maintenant\" src=\"\/wp-content\/uploads\/2016\/02\/karkare-calendar.png\" alt=\"Planifier maintenant\" border=\"0\"><\/a><\/div>\n","protected":false},"excerpt":{"rendered":"<p>Maintenant que vous en savez un peu plus sur l&rsquo;anatomie de la hanche(voir la premi\u00e8re partie), il vous sera plus facile de comprendre pourquoi la douleur de la hanche et d&rsquo;autres sympt\u00f4mes surviennent et quels changements ils peuvent provoquer dans l&rsquo;articulation et les structures qui la soutiennent. Une \u00e9valuation minutieuse de l&rsquo;articulation et un examen [&hellip;]<\/p>\n","protected":false},"author":15,"featured_media":0,"parent":17744,"menu_order":0,"comment_status":"closed","ping_status":"closed","template":"","meta":{"_et_pb_use_builder":"","_et_pb_old_content":"","_et_gb_content_width":"","footnotes":""},"class_list":["post-17760","page","type-page","status-publish","hentry"],"yoast_head":"<!-- This site is optimized with the Yoast SEO plugin v27.2 - https:\/\/yoast.com\/product\/yoast-seo-wordpress\/ -->\n<title>Douleur \u00e0 la hanche et traitement - Partie 2 de 4 | Best Hip &amp; Knee Surgeon | NY, USA<\/title>\n<meta name=\"description\" content=\"Une \u00e9valuation minutieuse de l&#039;articulation et un examen approfondi des sympt\u00f4mes sont les premi\u00e8res \u00e9tapes essentielles pour aider \u00e0 d\u00e9terminer le meilleur traitement pour soulager les sympt\u00f4mes et, avec un peu de chance, restaurer la fonction normale de l&#039;articulation.\" \/>\n<meta name=\"robots\" content=\"index, follow, max-snippet:-1, max-image-preview:large, max-video-preview:-1\" \/>\n<link rel=\"canonical\" href=\"https:\/\/www.newyorkhipknee.com\/fr\/remplacement-total-de-la-hanche\/douleur-a-la-hanche-et-traitement-partie-2-de-4\/\" \/>\n<meta property=\"og:locale\" content=\"fr_FR\" \/>\n<meta property=\"og:type\" content=\"article\" \/>\n<meta property=\"og:title\" content=\"Douleur \u00e0 la hanche et traitement - Partie 2 de 4 | Best Hip &amp; Knee Surgeon | NY, USA\" \/>\n<meta property=\"og:description\" content=\"Une \u00e9valuation minutieuse de l&#039;articulation et un examen approfondi des sympt\u00f4mes sont les premi\u00e8res \u00e9tapes essentielles pour aider \u00e0 d\u00e9terminer le meilleur traitement pour soulager les sympt\u00f4mes et, avec un peu de chance, restaurer la fonction normale de l&#039;articulation.\" \/>\n<meta property=\"og:url\" content=\"https:\/\/www.newyorkhipknee.com\/fr\/remplacement-total-de-la-hanche\/douleur-a-la-hanche-et-traitement-partie-2-de-4\/\" \/>\n<meta property=\"og:site_name\" content=\"Best Hip &amp; Knee Surgeon | NY, USA\" \/>\n<meta name=\"twitter:card\" content=\"summary_large_image\" \/>\n<meta name=\"twitter:label1\" content=\"Dur\u00e9e de lecture estim\u00e9e\" \/>\n\t<meta name=\"twitter:data1\" content=\"4 minutes\" \/>\n<script type=\"application\/ld+json\" class=\"yoast-schema-graph\">{\"@context\":\"https:\/\/schema.org\",\"@graph\":[{\"@type\":[\"WebPage\",\"MedicalWebPage\"],\"@id\":\"https:\/\/www.newyorkhipknee.com\/fr\/remplacement-total-de-la-hanche\/douleur-a-la-hanche-et-traitement-partie-2-de-4\/\",\"url\":\"https:\/\/www.newyorkhipknee.com\/fr\/remplacement-total-de-la-hanche\/douleur-a-la-hanche-et-traitement-partie-2-de-4\/\",\"name\":\"Douleur \u00e0 la hanche et traitement - Partie 2 de 4 | Best Hip &amp; Knee Surgeon | NY, USA\",\"isPartOf\":{\"@id\":\"https:\/\/www.newyorkhipknee.com\/fr\/#website\"},\"datePublished\":\"2021-10-29T22:17:38+00:00\",\"description\":\"Une \u00e9valuation minutieuse de l'articulation et un examen approfondi des sympt\u00f4mes sont les premi\u00e8res \u00e9tapes essentielles pour aider \u00e0 d\u00e9terminer le meilleur traitement pour soulager les sympt\u00f4mes et, avec un peu de chance, restaurer la fonction normale de l'articulation.\",\"breadcrumb\":{\"@id\":\"https:\/\/www.newyorkhipknee.com\/fr\/remplacement-total-de-la-hanche\/douleur-a-la-hanche-et-traitement-partie-2-de-4\/#breadcrumb\"},\"inLanguage\":\"fr-FR\",\"potentialAction\":[{\"@type\":\"ReadAction\",\"target\":[\"https:\/\/www.newyorkhipknee.com\/fr\/remplacement-total-de-la-hanche\/douleur-a-la-hanche-et-traitement-partie-2-de-4\/\"]}]},{\"@type\":\"BreadcrumbList\",\"@id\":\"https:\/\/www.newyorkhipknee.com\/fr\/remplacement-total-de-la-hanche\/douleur-a-la-hanche-et-traitement-partie-2-de-4\/#breadcrumb\",\"itemListElement\":[{\"@type\":\"ListItem\",\"position\":1,\"name\":\"Home\",\"item\":\"https:\/\/www.newyorkhipknee.com\/fr\/\"},{\"@type\":\"ListItem\",\"position\":2,\"name\":\"Remplacement total de la hanche\",\"item\":\"https:\/\/www.newyorkhipknee.com\/fr\/remplacement-total-de-la-hanche\/\"},{\"@type\":\"ListItem\",\"position\":3,\"name\":\"Douleur \u00e0 la hanche et traitement &#8211; Partie 2 de 4\"}]},{\"@type\":\"WebSite\",\"@id\":\"https:\/\/www.newyorkhipknee.com\/fr\/#website\",\"url\":\"https:\/\/www.newyorkhipknee.com\/fr\/\",\"name\":\"Best Hip & Knee Surgeon | NY, USA\",\"description\":\"\",\"potentialAction\":[{\"@type\":\"SearchAction\",\"target\":{\"@type\":\"EntryPoint\",\"urlTemplate\":\"https:\/\/www.newyorkhipknee.com\/fr\/?s={search_term_string}\"},\"query-input\":{\"@type\":\"PropertyValueSpecification\",\"valueRequired\":true,\"valueName\":\"search_term_string\"}}],\"inLanguage\":\"fr-FR\"}]}<\/script>\n<!-- \/ Yoast SEO plugin. -->","yoast_head_json":{"title":"Douleur \u00e0 la hanche et traitement - Partie 2 de 4 | Best Hip &amp; Knee Surgeon | NY, USA","description":"Une \u00e9valuation minutieuse de l'articulation et un examen approfondi des sympt\u00f4mes sont les premi\u00e8res \u00e9tapes essentielles pour aider \u00e0 d\u00e9terminer le meilleur traitement pour soulager les sympt\u00f4mes et, avec un peu de chance, restaurer la fonction normale de l'articulation.","robots":{"index":"index","follow":"follow","max-snippet":"max-snippet:-1","max-image-preview":"max-image-preview:large","max-video-preview":"max-video-preview:-1"},"canonical":"https:\/\/www.newyorkhipknee.com\/fr\/remplacement-total-de-la-hanche\/douleur-a-la-hanche-et-traitement-partie-2-de-4\/","og_locale":"fr_FR","og_type":"article","og_title":"Douleur \u00e0 la hanche et traitement - Partie 2 de 4 | Best Hip &amp; Knee Surgeon | NY, USA","og_description":"Une \u00e9valuation minutieuse de l'articulation et un examen approfondi des sympt\u00f4mes sont les premi\u00e8res \u00e9tapes essentielles pour aider \u00e0 d\u00e9terminer le meilleur traitement pour soulager les sympt\u00f4mes et, avec un peu de chance, restaurer la fonction normale de l'articulation.","og_url":"https:\/\/www.newyorkhipknee.com\/fr\/remplacement-total-de-la-hanche\/douleur-a-la-hanche-et-traitement-partie-2-de-4\/","og_site_name":"Best Hip &amp; Knee Surgeon | NY, USA","twitter_card":"summary_large_image","twitter_misc":{"Dur\u00e9e de lecture estim\u00e9e":"4 minutes"},"schema":{"@context":"https:\/\/schema.org","@graph":[{"@type":["WebPage","MedicalWebPage"],"@id":"https:\/\/www.newyorkhipknee.com\/fr\/remplacement-total-de-la-hanche\/douleur-a-la-hanche-et-traitement-partie-2-de-4\/","url":"https:\/\/www.newyorkhipknee.com\/fr\/remplacement-total-de-la-hanche\/douleur-a-la-hanche-et-traitement-partie-2-de-4\/","name":"Douleur \u00e0 la hanche et traitement - Partie 2 de 4 | Best Hip &amp; Knee Surgeon | NY, USA","isPartOf":{"@id":"https:\/\/www.newyorkhipknee.com\/fr\/#website"},"datePublished":"2021-10-29T22:17:38+00:00","description":"Une \u00e9valuation minutieuse de l'articulation et un examen approfondi des sympt\u00f4mes sont les premi\u00e8res \u00e9tapes essentielles pour aider \u00e0 d\u00e9terminer le meilleur traitement pour soulager les sympt\u00f4mes et, avec un peu de chance, restaurer la fonction normale de l'articulation.","breadcrumb":{"@id":"https:\/\/www.newyorkhipknee.com\/fr\/remplacement-total-de-la-hanche\/douleur-a-la-hanche-et-traitement-partie-2-de-4\/#breadcrumb"},"inLanguage":"fr-FR","potentialAction":[{"@type":"ReadAction","target":["https:\/\/www.newyorkhipknee.com\/fr\/remplacement-total-de-la-hanche\/douleur-a-la-hanche-et-traitement-partie-2-de-4\/"]}]},{"@type":"BreadcrumbList","@id":"https:\/\/www.newyorkhipknee.com\/fr\/remplacement-total-de-la-hanche\/douleur-a-la-hanche-et-traitement-partie-2-de-4\/#breadcrumb","itemListElement":[{"@type":"ListItem","position":1,"name":"Home","item":"https:\/\/www.newyorkhipknee.com\/fr\/"},{"@type":"ListItem","position":2,"name":"Remplacement total de la hanche","item":"https:\/\/www.newyorkhipknee.com\/fr\/remplacement-total-de-la-hanche\/"},{"@type":"ListItem","position":3,"name":"Douleur \u00e0 la hanche et traitement &#8211; Partie 2 de 4"}]},{"@type":"WebSite","@id":"https:\/\/www.newyorkhipknee.com\/fr\/#website","url":"https:\/\/www.newyorkhipknee.com\/fr\/","name":"Best Hip & Knee Surgeon | NY, USA","description":"","potentialAction":[{"@type":"SearchAction","target":{"@type":"EntryPoint","urlTemplate":"https:\/\/www.newyorkhipknee.com\/fr\/?s={search_term_string}"},"query-input":{"@type":"PropertyValueSpecification","valueRequired":true,"valueName":"search_term_string"}}],"inLanguage":"fr-FR"}]}},"_links":{"self":[{"href":"https:\/\/www.newyorkhipknee.com\/fr\/wp-json\/wp\/v2\/pages\/17760","targetHints":{"allow":["GET"]}}],"collection":[{"href":"https:\/\/www.newyorkhipknee.com\/fr\/wp-json\/wp\/v2\/pages"}],"about":[{"href":"https:\/\/www.newyorkhipknee.com\/fr\/wp-json\/wp\/v2\/types\/page"}],"author":[{"embeddable":true,"href":"https:\/\/www.newyorkhipknee.com\/fr\/wp-json\/wp\/v2\/users\/15"}],"replies":[{"embeddable":true,"href":"https:\/\/www.newyorkhipknee.com\/fr\/wp-json\/wp\/v2\/comments?post=17760"}],"version-history":[{"count":0,"href":"https:\/\/www.newyorkhipknee.com\/fr\/wp-json\/wp\/v2\/pages\/17760\/revisions"}],"up":[{"embeddable":true,"href":"https:\/\/www.newyorkhipknee.com\/fr\/wp-json\/wp\/v2\/pages\/17744"}],"wp:attachment":[{"href":"https:\/\/www.newyorkhipknee.com\/fr\/wp-json\/wp\/v2\/media?parent=17760"}],"curies":[{"name":"wp","href":"https:\/\/api.w.org\/{rel}","templated":true}]}}