{"id":17761,"date":"2021-10-28T05:15:38","date_gmt":"2021-10-28T09:15:38","guid":{"rendered":"https:\/\/newyorkhipknee.com\/remplacement-total-de-la-hanche\/douleur-a-la-hanche-et-traitement-partie-3-de-4\/"},"modified":"2021-10-28T05:15:38","modified_gmt":"2021-10-28T09:15:38","slug":"douleur-a-la-hanche-et-traitement-partie-3-de-4","status":"publish","type":"page","link":"https:\/\/www.newyorkhipknee.com\/fr\/remplacement-total-de-la-hanche\/douleur-a-la-hanche-et-traitement-partie-3-de-4\/","title":{"rendered":"Douleur \u00e0 la hanche et traitement &#8211; Partie 3 de 4"},"content":{"rendered":"<p>Des millions de personnes aux \u00c9tats-Unis <a href=\"https:\/\/www.painmed.org\/patientcenter\/facts_on_pain.aspx#refer3\" target=\"_blank\" rel=\"noopener\">souffrent d&rsquo;une douleur chronique et continue \u00e0 la hanche<\/a> qui est souvent suffisamment importante pour interf\u00e9rer avec les activit\u00e9s r\u00e9guli\u00e8res de la vie quotidienne, sans parler de la limitation des possibilit\u00e9s de loisirs comme la randonn\u00e9e, le v\u00e9lo et m\u00eame les promenades sur la plage.<\/p>\n<p>Des activit\u00e9s simples comme faire ses courses, s&rsquo;habiller et m\u00eame s&rsquo;asseoir \u00e0 un bureau peuvent \u00eatre affect\u00e9es de mani\u00e8re significative lorsque les articulations de la hanche sont malades ou endommag\u00e9es \u00e0 la suite de l\u00e9sions traumatiques.<\/p>\n<p>Mais la bonne nouvelle, c&rsquo;est qu&rsquo;il existe aujourd&rsquo;hui de nombreuses options pour aider \u00e0 soulager la douleur de la hanche et les sympt\u00f4mes qui y sont li\u00e9s. Dans la troisi\u00e8me partie, nous examinerons quelques options non invasives qui peuvent apporter un soulagement lorsque la douleur \u00e0 la hanche est l\u00e9g\u00e8re ou que l&rsquo;affection \u00e0 l&rsquo;origine de la douleur est relativement mineure.<\/p>\n<h2>Les changements de mode de vie ouvrent la voie<\/h2>\n<p>Lorsqu&rsquo;il s&rsquo;agit de g\u00e9rer une douleur \u00e0 la hanche sans intervention chirurgicale, le mode de vie est l&rsquo;une des choses les plus importantes que vous puissiez faire. Et de tous les changements que vous pouvez apporter, la perte d&rsquo;un exc\u00e8s de poids est l&rsquo;un des plus importants.<\/p>\n<p>Tout comme vos genoux, vos hanches sont charg\u00e9es de supporter tout ce poids suppl\u00e9mentaire tout au long de la journ\u00e9e. Au fil du temps, la charge suppl\u00e9mentaire peut endommager les articulations, en particulier les surfaces articulaires.<\/p>\n<p>Les personnes en surpoids sont beaucoup plus susceptibles de d\u00e9velopper de l&rsquo;arthrite en raison de l&rsquo;usure des surfaces articulaires. Elles sont \u00e9galement plus susceptibles d&rsquo;avoir des probl\u00e8mes de dos, qui peuvent \u00e9galement entra\u00eener des douleurs dans les hanches.<\/p>\n<p>Outre la perte de l&rsquo;exc\u00e8s de poids, il est \u00e9galement important d&rsquo;\u00eatre plus actif physiquement, m\u00eame pour les personnes qui ne sont pas en surpoids. Aujourd&rsquo;hui, de nombreuses personnes passent d&rsquo;innombrables heures devant un \u00e9cran d&rsquo;ordinateur, ce qui signifie que l&rsquo;articulation de la hanche n&rsquo;est pas beaucoup sollicit\u00e9e.<\/p>\n<p>En cons\u00e9quence, les tissus mous entourant l&rsquo;articulation peuvent devenir rigides, ce qui entra\u00eene des douleurs et une diminution de l&rsquo;amplitude des mouvements.<\/p>\n<p>Le fait d&rsquo;\u00eatre plus actif permet de maintenir l&rsquo;articulation bien lubrifi\u00e9e et souple, et peut \u00e9galement am\u00e9liorer la circulation dans la hanche, ce qui est essentiel pour la sant\u00e9 de l&rsquo;articulation.<\/p>\n<h2>Le r\u00f4le de la kin\u00e9sith\u00e9rapie<\/h2>\n<p>Bien entendu, si vous souffrez de douleurs \u00e0 la hanche, vous devez imp\u00e9rativement faire l&rsquo;objet d&rsquo;un examen m\u00e9dical avant d&rsquo;entreprendre un programme d&rsquo;exercices. Parfois, l&rsquo;augmentation de l&rsquo;activit\u00e9 physique permet d&rsquo;\u00e9viter d&rsquo;endommager davantage l&rsquo;articulation.<\/p>\n<p>Pour de nombreux hommes et femmes, la collaboration avec un kin\u00e9sith\u00e9rapeute peut constituer la combinaison parfaite d&rsquo;une activit\u00e9 physique accrue et d&rsquo;un suivi m\u00e9dical n\u00e9cessaire \u00e0 l&rsquo;am\u00e9lioration de la fonction articulaire et au soulagement des sympt\u00f4mes.<\/p>\n<p>La kin\u00e9sith\u00e9rapie commence par une \u00e9valuation de l&rsquo;articulation, suivie d&rsquo;un plan d&rsquo;action personnalis\u00e9 qui tient compte de votre \u00e9tat de sant\u00e9 g\u00e9n\u00e9ral ainsi que de l&rsquo;\u00e9tat de sant\u00e9 de votre articulation et de vos sympt\u00f4mes, et s&rsquo;appuie sur des \u00e9valuations continues pour s&rsquo;assurer que votre traitement est en bonne voie. Des m\u00e9dicaments sont prescrits pendant la th\u00e9rapie afin de rendre la participation plus confortable et de soulager la douleur et l&rsquo;inflammation.<\/p>\n<h3>Que faire si une intervention non chirurgicale n&rsquo;est pas suffisante ?<\/h3>\n<p>Parfois, les options non chirurgicales ne suffisent pas \u00e0 soulager les sympt\u00f4mes. Parfois, ils ne sont pas adapt\u00e9s \u00e0 la cause sous-jacente de votre douleur. Dans ces cas, l&rsquo;intervention chirurgicale peut \u00eatre la meilleure option pour soulager la douleur et la raideur et aider \u00e0 restaurer la fonction de l&rsquo;articulation. Dans la quatri\u00e8me partie, nous examinerons quelques-unes des options chirurgicales de pointe utilis\u00e9es aujourd&rsquo;hui par les chirurgiens.<\/p>\n<p>(Voir <a href=\"https:\/\/newyorkhipknee.com\/hip-replacement-surgery\/hip-pain-treatment-part-1-of-4\/\">partie 1<\/a> et <a href=\"https:\/\/newyorkhipknee.com\/hip-replacement-surgery\/hip-pain-treatment-part-2-of-4\/\">partie 2<\/a>)<\/p>\n<h3>Planifiez votre premi\u00e8re visite<\/h3>\n<div align=\"center\"><a class=\"livesite-schedule\" href=\"https:\/\/live.vcita.com\/site\/nyhipknee\/online-scheduling?staff=sbuvrwlyhlcvxsjv\" target=\"blank\" rel=\"noopener\" data-staff=\"b69585d231f6813d\"><br \/>\n<img decoding=\"async\" title=\"Planifier maintenant\" src=\"\/wp-content\/uploads\/2016\/02\/karkare-calendar.png\" alt=\"Planifier maintenant\" border=\"0\"><\/a><\/div>\n","protected":false},"excerpt":{"rendered":"<p>Des millions de personnes aux \u00c9tats-Unis souffrent d&rsquo;une douleur chronique et continue \u00e0 la hanche qui est souvent suffisamment importante pour interf\u00e9rer avec les activit\u00e9s r\u00e9guli\u00e8res de la vie quotidienne, sans parler de la limitation des possibilit\u00e9s de loisirs comme la randonn\u00e9e, le v\u00e9lo et m\u00eame les promenades sur la plage. Des activit\u00e9s simples comme [&hellip;]<\/p>\n","protected":false},"author":15,"featured_media":0,"parent":17744,"menu_order":0,"comment_status":"closed","ping_status":"closed","template":"","meta":{"_et_pb_use_builder":"","_et_pb_old_content":"","_et_gb_content_width":"","footnotes":""},"class_list":["post-17761","page","type-page","status-publish","hentry"],"yoast_head":"<!-- This site is optimized with the Yoast SEO plugin v27.2 - https:\/\/yoast.com\/product\/yoast-seo-wordpress\/ -->\n<title>Douleur \u00e0 la hanche et traitement - Partie 3 de 4 | Best Hip &amp; Knee Surgeon | NY, USA<\/title>\n<meta name=\"description\" content=\"Des millions de personnes aux \u00c9tats-Unis souffrent d&#039;une douleur chronique et continue \u00e0 la hanche qui est souvent suffisamment importante pour interf\u00e9rer avec les activit\u00e9s r\u00e9guli\u00e8res de la vie quotidienne, sans parler de la limitation des possibilit\u00e9s de loisirs comme la randonn\u00e9e, le v\u00e9lo et m\u00eame les promenades sur la plage.\" \/>\n<meta name=\"robots\" content=\"index, follow, max-snippet:-1, max-image-preview:large, max-video-preview:-1\" \/>\n<link rel=\"canonical\" href=\"https:\/\/www.newyorkhipknee.com\/fr\/remplacement-total-de-la-hanche\/douleur-a-la-hanche-et-traitement-partie-3-de-4\/\" \/>\n<meta property=\"og:locale\" content=\"fr_FR\" \/>\n<meta property=\"og:type\" content=\"article\" \/>\n<meta property=\"og:title\" content=\"Douleur \u00e0 la hanche et traitement - Partie 3 de 4 | Best Hip &amp; Knee Surgeon | NY, USA\" \/>\n<meta property=\"og:description\" content=\"Des millions de personnes aux \u00c9tats-Unis souffrent d&#039;une douleur chronique et continue \u00e0 la hanche qui est souvent suffisamment importante pour interf\u00e9rer avec les activit\u00e9s r\u00e9guli\u00e8res de la vie quotidienne, sans parler de la limitation des possibilit\u00e9s de loisirs comme la randonn\u00e9e, le v\u00e9lo et m\u00eame les promenades sur la plage.\" \/>\n<meta property=\"og:url\" content=\"https:\/\/www.newyorkhipknee.com\/fr\/remplacement-total-de-la-hanche\/douleur-a-la-hanche-et-traitement-partie-3-de-4\/\" \/>\n<meta property=\"og:site_name\" content=\"Best Hip &amp; Knee Surgeon | NY, USA\" \/>\n<meta name=\"twitter:card\" content=\"summary_large_image\" \/>\n<meta name=\"twitter:label1\" content=\"Dur\u00e9e de lecture estim\u00e9e\" \/>\n\t<meta name=\"twitter:data1\" content=\"3 minutes\" \/>\n<script type=\"application\/ld+json\" class=\"yoast-schema-graph\">{\"@context\":\"https:\/\/schema.org\",\"@graph\":[{\"@type\":[\"WebPage\",\"MedicalWebPage\"],\"@id\":\"https:\/\/www.newyorkhipknee.com\/fr\/remplacement-total-de-la-hanche\/douleur-a-la-hanche-et-traitement-partie-3-de-4\/\",\"url\":\"https:\/\/www.newyorkhipknee.com\/fr\/remplacement-total-de-la-hanche\/douleur-a-la-hanche-et-traitement-partie-3-de-4\/\",\"name\":\"Douleur \u00e0 la hanche et traitement - Partie 3 de 4 | Best Hip &amp; Knee Surgeon | NY, USA\",\"isPartOf\":{\"@id\":\"https:\/\/www.newyorkhipknee.com\/fr\/#website\"},\"datePublished\":\"2021-10-28T09:15:38+00:00\",\"description\":\"Des millions de personnes aux \u00c9tats-Unis souffrent d'une douleur chronique et continue \u00e0 la hanche qui est souvent suffisamment importante pour interf\u00e9rer avec les activit\u00e9s r\u00e9guli\u00e8res de la vie quotidienne, sans parler de la limitation des possibilit\u00e9s de loisirs comme la randonn\u00e9e, le v\u00e9lo et m\u00eame les promenades sur la plage.\",\"breadcrumb\":{\"@id\":\"https:\/\/www.newyorkhipknee.com\/fr\/remplacement-total-de-la-hanche\/douleur-a-la-hanche-et-traitement-partie-3-de-4\/#breadcrumb\"},\"inLanguage\":\"fr-FR\",\"potentialAction\":[{\"@type\":\"ReadAction\",\"target\":[\"https:\/\/www.newyorkhipknee.com\/fr\/remplacement-total-de-la-hanche\/douleur-a-la-hanche-et-traitement-partie-3-de-4\/\"]}]},{\"@type\":\"BreadcrumbList\",\"@id\":\"https:\/\/www.newyorkhipknee.com\/fr\/remplacement-total-de-la-hanche\/douleur-a-la-hanche-et-traitement-partie-3-de-4\/#breadcrumb\",\"itemListElement\":[{\"@type\":\"ListItem\",\"position\":1,\"name\":\"Home\",\"item\":\"https:\/\/www.newyorkhipknee.com\/fr\/\"},{\"@type\":\"ListItem\",\"position\":2,\"name\":\"Remplacement total de la hanche\",\"item\":\"https:\/\/www.newyorkhipknee.com\/fr\/remplacement-total-de-la-hanche\/\"},{\"@type\":\"ListItem\",\"position\":3,\"name\":\"Douleur \u00e0 la hanche et traitement &#8211; Partie 3 de 4\"}]},{\"@type\":\"WebSite\",\"@id\":\"https:\/\/www.newyorkhipknee.com\/fr\/#website\",\"url\":\"https:\/\/www.newyorkhipknee.com\/fr\/\",\"name\":\"Best Hip & Knee Surgeon | NY, USA\",\"description\":\"\",\"potentialAction\":[{\"@type\":\"SearchAction\",\"target\":{\"@type\":\"EntryPoint\",\"urlTemplate\":\"https:\/\/www.newyorkhipknee.com\/fr\/?s={search_term_string}\"},\"query-input\":{\"@type\":\"PropertyValueSpecification\",\"valueRequired\":true,\"valueName\":\"search_term_string\"}}],\"inLanguage\":\"fr-FR\"}]}<\/script>\n<!-- \/ Yoast SEO plugin. -->","yoast_head_json":{"title":"Douleur \u00e0 la hanche et traitement - Partie 3 de 4 | Best Hip &amp; Knee Surgeon | NY, USA","description":"Des millions de personnes aux \u00c9tats-Unis souffrent d'une douleur chronique et continue \u00e0 la hanche qui est souvent suffisamment importante pour interf\u00e9rer avec les activit\u00e9s r\u00e9guli\u00e8res de la vie quotidienne, sans parler de la limitation des possibilit\u00e9s de loisirs comme la randonn\u00e9e, le v\u00e9lo et m\u00eame les promenades sur la plage.","robots":{"index":"index","follow":"follow","max-snippet":"max-snippet:-1","max-image-preview":"max-image-preview:large","max-video-preview":"max-video-preview:-1"},"canonical":"https:\/\/www.newyorkhipknee.com\/fr\/remplacement-total-de-la-hanche\/douleur-a-la-hanche-et-traitement-partie-3-de-4\/","og_locale":"fr_FR","og_type":"article","og_title":"Douleur \u00e0 la hanche et traitement - Partie 3 de 4 | Best Hip &amp; Knee Surgeon | NY, USA","og_description":"Des millions de personnes aux \u00c9tats-Unis souffrent d'une douleur chronique et continue \u00e0 la hanche qui est souvent suffisamment importante pour interf\u00e9rer avec les activit\u00e9s r\u00e9guli\u00e8res de la vie quotidienne, sans parler de la limitation des possibilit\u00e9s de loisirs comme la randonn\u00e9e, le v\u00e9lo et m\u00eame les promenades sur la plage.","og_url":"https:\/\/www.newyorkhipknee.com\/fr\/remplacement-total-de-la-hanche\/douleur-a-la-hanche-et-traitement-partie-3-de-4\/","og_site_name":"Best Hip &amp; Knee Surgeon | NY, USA","twitter_card":"summary_large_image","twitter_misc":{"Dur\u00e9e de lecture estim\u00e9e":"3 minutes"},"schema":{"@context":"https:\/\/schema.org","@graph":[{"@type":["WebPage","MedicalWebPage"],"@id":"https:\/\/www.newyorkhipknee.com\/fr\/remplacement-total-de-la-hanche\/douleur-a-la-hanche-et-traitement-partie-3-de-4\/","url":"https:\/\/www.newyorkhipknee.com\/fr\/remplacement-total-de-la-hanche\/douleur-a-la-hanche-et-traitement-partie-3-de-4\/","name":"Douleur \u00e0 la hanche et traitement - Partie 3 de 4 | Best Hip &amp; Knee Surgeon | NY, USA","isPartOf":{"@id":"https:\/\/www.newyorkhipknee.com\/fr\/#website"},"datePublished":"2021-10-28T09:15:38+00:00","description":"Des millions de personnes aux \u00c9tats-Unis souffrent d'une douleur chronique et continue \u00e0 la hanche qui est souvent suffisamment importante pour interf\u00e9rer avec les activit\u00e9s r\u00e9guli\u00e8res de la vie quotidienne, sans parler de la limitation des possibilit\u00e9s de loisirs comme la randonn\u00e9e, le v\u00e9lo et m\u00eame les promenades sur la plage.","breadcrumb":{"@id":"https:\/\/www.newyorkhipknee.com\/fr\/remplacement-total-de-la-hanche\/douleur-a-la-hanche-et-traitement-partie-3-de-4\/#breadcrumb"},"inLanguage":"fr-FR","potentialAction":[{"@type":"ReadAction","target":["https:\/\/www.newyorkhipknee.com\/fr\/remplacement-total-de-la-hanche\/douleur-a-la-hanche-et-traitement-partie-3-de-4\/"]}]},{"@type":"BreadcrumbList","@id":"https:\/\/www.newyorkhipknee.com\/fr\/remplacement-total-de-la-hanche\/douleur-a-la-hanche-et-traitement-partie-3-de-4\/#breadcrumb","itemListElement":[{"@type":"ListItem","position":1,"name":"Home","item":"https:\/\/www.newyorkhipknee.com\/fr\/"},{"@type":"ListItem","position":2,"name":"Remplacement total de la hanche","item":"https:\/\/www.newyorkhipknee.com\/fr\/remplacement-total-de-la-hanche\/"},{"@type":"ListItem","position":3,"name":"Douleur \u00e0 la hanche et traitement &#8211; Partie 3 de 4"}]},{"@type":"WebSite","@id":"https:\/\/www.newyorkhipknee.com\/fr\/#website","url":"https:\/\/www.newyorkhipknee.com\/fr\/","name":"Best Hip & Knee Surgeon | NY, USA","description":"","potentialAction":[{"@type":"SearchAction","target":{"@type":"EntryPoint","urlTemplate":"https:\/\/www.newyorkhipknee.com\/fr\/?s={search_term_string}"},"query-input":{"@type":"PropertyValueSpecification","valueRequired":true,"valueName":"search_term_string"}}],"inLanguage":"fr-FR"}]}},"_links":{"self":[{"href":"https:\/\/www.newyorkhipknee.com\/fr\/wp-json\/wp\/v2\/pages\/17761","targetHints":{"allow":["GET"]}}],"collection":[{"href":"https:\/\/www.newyorkhipknee.com\/fr\/wp-json\/wp\/v2\/pages"}],"about":[{"href":"https:\/\/www.newyorkhipknee.com\/fr\/wp-json\/wp\/v2\/types\/page"}],"author":[{"embeddable":true,"href":"https:\/\/www.newyorkhipknee.com\/fr\/wp-json\/wp\/v2\/users\/15"}],"replies":[{"embeddable":true,"href":"https:\/\/www.newyorkhipknee.com\/fr\/wp-json\/wp\/v2\/comments?post=17761"}],"version-history":[{"count":0,"href":"https:\/\/www.newyorkhipknee.com\/fr\/wp-json\/wp\/v2\/pages\/17761\/revisions"}],"up":[{"embeddable":true,"href":"https:\/\/www.newyorkhipknee.com\/fr\/wp-json\/wp\/v2\/pages\/17744"}],"wp:attachment":[{"href":"https:\/\/www.newyorkhipknee.com\/fr\/wp-json\/wp\/v2\/media?parent=17761"}],"curies":[{"name":"wp","href":"https:\/\/api.w.org\/{rel}","templated":true}]}}