{"id":17763,"date":"2021-10-28T05:08:38","date_gmt":"2021-10-28T09:08:38","guid":{"rendered":"https:\/\/newyorkhipknee.com\/remplacement-total-de-la-hanche\/douleur-a-la-hanche-et-traitement-partie-4-de-4\/"},"modified":"2021-10-28T05:08:38","modified_gmt":"2021-10-28T09:08:38","slug":"douleur-a-la-hanche-et-traitement-partie-4-de-4","status":"publish","type":"page","link":"https:\/\/www.newyorkhipknee.com\/fr\/remplacement-total-de-la-hanche\/douleur-a-la-hanche-et-traitement-partie-4-de-4\/","title":{"rendered":"Douleur \u00e0 la hanche et traitement &#8211; Partie 4 de 4"},"content":{"rendered":"<p>Comme d&rsquo;autres types de chirurgie orthop\u00e9dique, la chirurgie de la hanche a progress\u00e9 \u00e0 pas de g\u00e9ant au cours de la derni\u00e8re d\u00e9cennie, les am\u00e9liorations techniques et technologiques ayant permis de r\u00e9aliser des interventions chirurgicales moins invasives, moins inconfortables et plus rapides.<\/p>\n<p>C&rsquo;est une bonne nouvelle pour les patients, qui profitent des r\u00e9sultats sup\u00e9rieurs obtenus gr\u00e2ce \u00e0 ces techniques. Dans cette derni\u00e8re partie de notre s\u00e9rie de quatre articles sur les probl\u00e8mes de hanche, nous allons passer en revue quelques-unes des options chirurgicales les plus modernes pour soulager la douleur de la hanche et restaurer la fonction de l&rsquo;articulation.<\/p>\n<h2>Tout d&rsquo;abord, l&rsquo;arthroscopie : L&rsquo;approche mini-invasive<\/h2>\n<p>Bien qu&rsquo;elle ait \u00e9t\u00e9 utilis\u00e9e pour la premi\u00e8re fois au d\u00e9but du<sup>XXe<\/sup> si\u00e8cle pour \u00ab\u00a0voir\u00a0\u00bb \u00e0 l&rsquo;int\u00e9rieur d&rsquo;une articulation, l&rsquo;arthroscopie s&rsquo;est vraiment impos\u00e9e ces derni\u00e8res ann\u00e9es comme une technique polyvalente.<\/p>\n<p>Il est utilis\u00e9 non seulement pour diagnostiquer les probl\u00e8mes articulaires, mais aussi pour traiter de nombreux types de l\u00e9sions articulaires, notamment les d\u00e9chirures labrales, le conflit f\u00e9moro-ac\u00e9tabulaire (FAI), les infections articulaires, les fragments osseux et la dysplasie (malformation ou d\u00e9salignement de la partie femelle de l&rsquo;articulation).<\/p>\n<div id=\"attachment_9721\" style=\"width: 510px\" class=\"wp-caption aligncenter\"><img loading=\"lazy\" decoding=\"async\" aria-describedby=\"caption-attachment-9721\" class=\"wp-image-9721\" title=\"T\u00eate f\u00e9morale respect\u00e9e 2\" src=\"https:\/\/newyorkhipknee.com\/wp-content\/uploads\/2021\/11\/Respected-femoral-head-2.jpg\" alt=\"T\u00eate f\u00e9morale respect\u00e9e 2\" width=\"500\" height=\"667\" srcset=\"https:\/\/newyorkhipknee.com\/wp-content\/uploads\/2021\/11\/Respected-femoral-head-2.jpg 500w, https:\/\/newyorkhipknee.com\/wp-content\/uploads\/2021\/11\/Respected-femoral-head-2-480x640.jpg 480w\" sizes=\"(min-width: 0px) and (max-width: 480px) 480px, (min-width: 481px) 500px, 100vw\" \/><p id=\"caption-attachment-9721\" class=\"wp-caption-text\">T\u00eate f\u00e9morale respect\u00e9e 2<\/p><\/div>\n<p>L&rsquo;arthroscopie est pratiqu\u00e9e sous anesth\u00e9sie g\u00e9n\u00e9rale en utilisant la traction pour s\u00e9parer d\u00e9licatement les composants de l&rsquo;articulation afin que des instruments sp\u00e9ciaux puissent \u00eatre ins\u00e9r\u00e9s dans l&rsquo;articulation par de tr\u00e8s petites incisions pour effectuer des r\u00e9parations.<\/p>\n<p>L&rsquo;arthroscope est \u00e9quip\u00e9 d&rsquo;une cam\u00e9ra qui lui permet de transmettre des images en temps r\u00e9el \u00e0 un moniteur. Parce qu&rsquo;elle utilise de tr\u00e8s petites incisions, la chirurgie arthroscopique est associ\u00e9e \u00e0 tr\u00e8s peu de complications et \u00e0 des temps de r\u00e9tablissement plus rapides que les proc\u00e9dures utilisant de grandes incisions.<\/p>\n<h2>Proth\u00e8se de hanche ant\u00e9rieure : R\u00e9cup\u00e9ration plus rapide, moins d&rsquo;inconfort<\/h2>\n<p>L&rsquo;une des plus grandes avanc\u00e9es dans le domaine de la <a href=\"https:\/\/newyorkhipknee.com\/faqs\/joint-replacement-faqs\/\">chirurgie de remplacement des articulations<\/a> est connue sous le nom d&rsquo;approche ant\u00e9rieure de la chirurgie de remplacement de la hanche. Dans cette technique, l&rsquo;acc\u00e8s \u00e0 l&rsquo;articulation de la hanche se fait par l&rsquo;avant et non par l&rsquo;arri\u00e8re, ou post\u00e9rieur.<\/p>\n<div id=\"attachment_9724\" style=\"width: 510px\" class=\"wp-caption aligncenter\"><img loading=\"lazy\" decoding=\"async\" aria-describedby=\"caption-attachment-9724\" class=\"wp-image-9724\" title=\"Remplacement de la hanche par une cupule\" src=\"https:\/\/newyorkhipknee.com\/wp-content\/uploads\/2021\/11\/Cup-hip-replacement-1.jpg\" alt=\"Remplacement de la hanche par une cupule  \" width=\"500\" height=\"375\" srcset=\"https:\/\/newyorkhipknee.com\/wp-content\/uploads\/2021\/11\/Cup-hip-replacement-1.jpg 500w, https:\/\/newyorkhipknee.com\/wp-content\/uploads\/2021\/11\/Cup-hip-replacement-1-480x360.jpg 480w\" sizes=\"(min-width: 0px) and (max-width: 480px) 480px, (min-width: 481px) 500px, 100vw\" \/><p id=\"caption-attachment-9724\" class=\"wp-caption-text\">Remplacement de la hanche par une cupule<\/p><\/div>\n<p>L&rsquo;approche frontale permet au chirurgien de d\u00e9placer les muscles sus-jacents d&rsquo;un c\u00f4t\u00e9 afin d&rsquo;acc\u00e9der \u00e0 l&rsquo;articulation et de la remplacer, plut\u00f4t que de couper \u00e0 travers le tissu musculaire.<\/p>\n<p>Il en r\u00e9sulte moins d&rsquo;inconfort pendant la convalescence et un processus de gu\u00e9rison beaucoup plus rapide. L&rsquo;approche ant\u00e9rieure peut s&rsquo;appliquer dans de nombreux cas o\u00f9 l&rsquo;approche post\u00e9rieure \u00e9tait auparavant la seule option.<\/p>\n<h2>Chirurgie assist\u00e9e par robot<\/h2>\n<p>Cela peut sembler relever de la science-fiction. Mais avant d&rsquo;imaginer Robbie le robot en blouse chirurgicale, il faut savoir que l'\u00a0\u00bb<a href=\"https:\/\/newyorkhipknee.com\/hip-replacement-surgery\/makoplasty-anterior-hip-replacement\/\">assistance<\/a>\u00a0\u00bb est un \u00e9l\u00e9ment important de cette technique. En fait, le chirurgien effectue toujours la proc\u00e9dure chirurgicale, mais la technologie robotique am\u00e9liore la pr\u00e9cision.<\/p>\n<p>L&rsquo;utilisation de la technologie robotique permet \u00e0 votre chirurgien de planifier votre op\u00e9ration avec beaucoup plus de pr\u00e9cision et d&rsquo;exactitude. Il en r\u00e9sulte moins de complications, un r\u00e9tablissement plus rapide et moins d&rsquo;inconfort pour de nombreux patients.<\/p>\n<div id=\"attachment_9723\" style=\"width: 510px\" class=\"wp-caption aligncenter\"><img loading=\"lazy\" decoding=\"async\" aria-describedby=\"caption-attachment-9723\" class=\"wp-image-9723\" title=\"Remplacement de la hanche par une cupule\" src=\"https:\/\/newyorkhipknee.com\/wp-content\/uploads\/2021\/11\/Cup-hip-replacement-2.jpg\" alt=\"Remplacement de la hanche par une cupule  \" width=\"500\" height=\"375\" srcset=\"https:\/\/newyorkhipknee.com\/wp-content\/uploads\/2021\/11\/Cup-hip-replacement-2.jpg 500w, https:\/\/newyorkhipknee.com\/wp-content\/uploads\/2021\/11\/Cup-hip-replacement-2-480x360.jpg 480w\" sizes=\"(min-width: 0px) and (max-width: 480px) 480px, (min-width: 481px) 500px, 100vw\" \/><p id=\"caption-attachment-9723\" class=\"wp-caption-text\">Remplacement de la hanche par une cupule<\/p><\/div>\n<h2>Am\u00e9lioration des approches traditionnelles<\/h2>\n<p>&nbsp;<\/p>\n<p>Ces trois avanc\u00e9es ont consid\u00e9rablement am\u00e9lior\u00e9 les r\u00e9sultats pour les patients, tout en r\u00e9duisant les taux de complication et en raccourcissant les d\u00e9lais de r\u00e9tablissement ; mais qu&rsquo;en est-il si votre probl\u00e8me de hanche n\u00e9cessite une approche chirurgicale traditionnelle ? Pas d&rsquo;inqui\u00e9tude : m\u00eame les chirurgies traditionnelles de la hanche b\u00e9n\u00e9ficient des progr\u00e8s techniques.<\/p>\n<div id=\"attachment_9716\" style=\"width: 510px\" class=\"wp-caption aligncenter\"><img loading=\"lazy\" decoding=\"async\" aria-describedby=\"caption-attachment-9716\" class=\"wp-image-9716\" title=\"Proth\u00e8se de hanche \u00e0 double mobilit\u00e9\" src=\"https:\/\/newyorkhipknee.com\/wp-content\/uploads\/2021\/11\/Dual-mobility-hip-replacement-1.jpg\" alt=\"Proth\u00e8se de hanche \u00e0 double mobilit\u00e9\" width=\"500\" height=\"667\" srcset=\"https:\/\/newyorkhipknee.com\/wp-content\/uploads\/2021\/11\/Dual-mobility-hip-replacement-1.jpg 500w, https:\/\/newyorkhipknee.com\/wp-content\/uploads\/2021\/11\/Dual-mobility-hip-replacement-1-480x640.jpg 480w\" sizes=\"(min-width: 0px) and (max-width: 480px) 480px, (min-width: 481px) 500px, 100vw\" \/><p id=\"caption-attachment-9716\" class=\"wp-caption-text\">Proth\u00e8se de hanche \u00e0 double mobilit\u00e9<\/p><\/div>\n<p>Elle b\u00e9n\u00e9ficie \u00e9galement de l&rsquo;am\u00e9lioration des composants articulaires et des techniques de r\u00e9\u00e9ducation post-chirurgicale. Cela signifie que vous pouvez toujours b\u00e9n\u00e9ficier de meilleurs r\u00e9sultats et d&rsquo;un r\u00e9tablissement plus rapide et plus confortable.<\/p>\n<p>Dans notre cabinet, nous n&rsquo;utilisons que les approches chirurgicales de pointe les plus s\u00fbres, les plus efficaces et les plus appropri\u00e9es. Elle repose sur une \u00e9valuation compl\u00e8te et approfondie de l&rsquo;articulation afin de garantir \u00e0 chaque patient les meilleurs soins.<\/p>\n<div class=\"mceTemp\"><\/div>\n<div id=\"attachment_9717\" style=\"width: 510px\" class=\"wp-caption aligncenter\"><img loading=\"lazy\" decoding=\"async\" aria-describedby=\"caption-attachment-9717\" class=\"wp-image-9717\" title=\"Proth\u00e8se de hanche \u00e0 double mobilit\u00e9 1\" src=\"https:\/\/newyorkhipknee.com\/wp-content\/uploads\/2021\/11\/Dual-mobility-hip-replacement-3.jpg\" alt=\"Proth\u00e8se de hanche \u00e0 double mobilit\u00e9  \" width=\"500\" height=\"667\" srcset=\"https:\/\/newyorkhipknee.com\/wp-content\/uploads\/2021\/11\/Dual-mobility-hip-replacement-3.jpg 500w, https:\/\/newyorkhipknee.com\/wp-content\/uploads\/2021\/11\/Dual-mobility-hip-replacement-3-480x640.jpg 480w\" sizes=\"(min-width: 0px) and (max-width: 480px) 480px, (min-width: 481px) 500px, 100vw\" \/><p id=\"caption-attachment-9717\" class=\"wp-caption-text\">Proth\u00e8se de hanche \u00e0 double mobilit\u00e9<\/p><\/div>\n<p>&nbsp;<\/p>\n<p>Merci d&rsquo;avoir lu notre s\u00e9rie de quatre articles sur les probl\u00e8mes de hanche. Pour en savoir plus sur les probl\u00e8mes de hanche ou de genou, les proc\u00e9dures de remplacement des articulations ou d&rsquo;autres questions orthop\u00e9diques, abonnez-vous \u00e0 notre blog.<\/p>\n<p>Si vous souffrez de douleurs \u00e0 la hanche, appelez notre cabinet d\u00e8s aujourd&rsquo;hui au (516) 735-4032 et prenez rendez-vous pour une \u00e9valuation. D\u00e9couvrez toutes les possibilit\u00e9s qui s&rsquo;offrent \u00e0 vous pour mener une vie plus confortable, plus mobile et plus agr\u00e9able.<\/p>\n<p>(Voir <a href=\"https:\/\/newyorkhipknee.com\/hip-replacement-surgery\/hip-pain-treatment-part-1-of-4\/\">partie 1<\/a>, <a href=\"https:\/\/newyorkhipknee.com\/hip-replacement-surgery\/hip-pain-treatment-part-2-of-4\/\">partie 2<\/a> et <a href=\"https:\/\/newyorkhipknee.com\/hip-replacement-surgery\/hip-pain-treatment-part-3-of-4\/\">partie 3<\/a>)<\/p>\n<h3>Planifiez votre premi\u00e8re visite<\/h3>\n<div align=\"center\"><a class=\"livesite-schedule\" href=\"https:\/\/live.vcita.com\/site\/nyhipknee\/online-scheduling?staff=sbuvrwlyhlcvxsjv\" target=\"blank\" rel=\"noopener\" data-staff=\"b69585d231f6813d\"><br \/>\n<img decoding=\"async\" title=\"Planifier maintenant\" src=\"\/wp-content\/uploads\/2016\/02\/karkare-calendar.png\" alt=\"Planifier maintenant\" border=\"0\"><\/a><\/div>\n","protected":false},"excerpt":{"rendered":"<p>Comme d&rsquo;autres types de chirurgie orthop\u00e9dique, la chirurgie de la hanche a progress\u00e9 \u00e0 pas de g\u00e9ant au cours de la derni\u00e8re d\u00e9cennie, les am\u00e9liorations techniques et technologiques ayant permis de r\u00e9aliser des interventions chirurgicales moins invasives, moins inconfortables et plus rapides. C&rsquo;est une bonne nouvelle pour les patients, qui profitent des r\u00e9sultats sup\u00e9rieurs obtenus [&hellip;]<\/p>\n","protected":false},"author":15,"featured_media":0,"parent":17744,"menu_order":0,"comment_status":"closed","ping_status":"closed","template":"","meta":{"_et_pb_use_builder":"","_et_pb_old_content":"","_et_gb_content_width":"","footnotes":""},"class_list":["post-17763","page","type-page","status-publish","hentry"],"yoast_head":"<!-- This site is optimized with the Yoast SEO plugin v27.2 - https:\/\/yoast.com\/product\/yoast-seo-wordpress\/ -->\n<title>Douleur \u00e0 la hanche et traitement - Partie 4 de 4 | Best Hip &amp; Knee Surgeon | NY, USA<\/title>\n<meta name=\"description\" content=\"Comme d&#039;autres types de chirurgie orthop\u00e9dique, la chirurgie de la hanche a progress\u00e9 \u00e0 pas de g\u00e9ant au cours de la derni\u00e8re d\u00e9cennie, les am\u00e9liorations techniques et technologiques ayant permis de r\u00e9aliser des interventions chirurgicales moins invasives, moins inconfortables et plus rapides.\" \/>\n<meta name=\"robots\" content=\"index, follow, max-snippet:-1, max-image-preview:large, max-video-preview:-1\" \/>\n<link rel=\"canonical\" href=\"https:\/\/www.newyorkhipknee.com\/fr\/remplacement-total-de-la-hanche\/douleur-a-la-hanche-et-traitement-partie-4-de-4\/\" \/>\n<meta property=\"og:locale\" content=\"fr_FR\" \/>\n<meta property=\"og:type\" content=\"article\" \/>\n<meta property=\"og:title\" content=\"Douleur \u00e0 la hanche et traitement - Partie 4 de 4 | Best Hip &amp; Knee Surgeon | NY, USA\" \/>\n<meta property=\"og:description\" content=\"Comme d&#039;autres types de chirurgie orthop\u00e9dique, la chirurgie de la hanche a progress\u00e9 \u00e0 pas de g\u00e9ant au cours de la derni\u00e8re d\u00e9cennie, les am\u00e9liorations techniques et technologiques ayant permis de r\u00e9aliser des interventions chirurgicales moins invasives, moins inconfortables et plus rapides.\" \/>\n<meta property=\"og:url\" content=\"https:\/\/www.newyorkhipknee.com\/fr\/remplacement-total-de-la-hanche\/douleur-a-la-hanche-et-traitement-partie-4-de-4\/\" \/>\n<meta property=\"og:site_name\" content=\"Best Hip &amp; Knee Surgeon | NY, USA\" \/>\n<meta property=\"og:image\" content=\"https:\/\/newyorkhipknee.com\/wp-content\/uploads\/2021\/11\/Respected-femoral-head-2.jpg\" \/>\n<meta name=\"twitter:card\" content=\"summary_large_image\" \/>\n<meta name=\"twitter:label1\" content=\"Dur\u00e9e de lecture estim\u00e9e\" \/>\n\t<meta name=\"twitter:data1\" content=\"4 minutes\" \/>\n<script type=\"application\/ld+json\" class=\"yoast-schema-graph\">{\"@context\":\"https:\/\/schema.org\",\"@graph\":[{\"@type\":[\"WebPage\",\"MedicalWebPage\"],\"@id\":\"https:\/\/www.newyorkhipknee.com\/fr\/remplacement-total-de-la-hanche\/douleur-a-la-hanche-et-traitement-partie-4-de-4\/\",\"url\":\"https:\/\/www.newyorkhipknee.com\/fr\/remplacement-total-de-la-hanche\/douleur-a-la-hanche-et-traitement-partie-4-de-4\/\",\"name\":\"Douleur \u00e0 la hanche et traitement - Partie 4 de 4 | Best Hip &amp; Knee Surgeon | NY, USA\",\"isPartOf\":{\"@id\":\"https:\/\/www.newyorkhipknee.com\/fr\/#website\"},\"primaryImageOfPage\":{\"@id\":\"https:\/\/www.newyorkhipknee.com\/fr\/remplacement-total-de-la-hanche\/douleur-a-la-hanche-et-traitement-partie-4-de-4\/#primaryimage\"},\"image\":{\"@id\":\"https:\/\/www.newyorkhipknee.com\/fr\/remplacement-total-de-la-hanche\/douleur-a-la-hanche-et-traitement-partie-4-de-4\/#primaryimage\"},\"thumbnailUrl\":\"https:\/\/newyorkhipknee.com\/wp-content\/uploads\/2021\/11\/Respected-femoral-head-2.jpg\",\"datePublished\":\"2021-10-28T09:08:38+00:00\",\"description\":\"Comme d'autres types de chirurgie orthop\u00e9dique, la chirurgie de la hanche a progress\u00e9 \u00e0 pas de g\u00e9ant au cours de la derni\u00e8re d\u00e9cennie, les am\u00e9liorations techniques et technologiques ayant permis de r\u00e9aliser des interventions chirurgicales moins invasives, moins inconfortables et plus rapides.\",\"breadcrumb\":{\"@id\":\"https:\/\/www.newyorkhipknee.com\/fr\/remplacement-total-de-la-hanche\/douleur-a-la-hanche-et-traitement-partie-4-de-4\/#breadcrumb\"},\"inLanguage\":\"fr-FR\",\"potentialAction\":[{\"@type\":\"ReadAction\",\"target\":[\"https:\/\/www.newyorkhipknee.com\/fr\/remplacement-total-de-la-hanche\/douleur-a-la-hanche-et-traitement-partie-4-de-4\/\"]}]},{\"@type\":\"ImageObject\",\"inLanguage\":\"fr-FR\",\"@id\":\"https:\/\/www.newyorkhipknee.com\/fr\/remplacement-total-de-la-hanche\/douleur-a-la-hanche-et-traitement-partie-4-de-4\/#primaryimage\",\"url\":\"https:\/\/newyorkhipknee.com\/wp-content\/uploads\/2021\/11\/Respected-femoral-head-2.jpg\",\"contentUrl\":\"https:\/\/newyorkhipknee.com\/wp-content\/uploads\/2021\/11\/Respected-femoral-head-2.jpg\"},{\"@type\":\"BreadcrumbList\",\"@id\":\"https:\/\/www.newyorkhipknee.com\/fr\/remplacement-total-de-la-hanche\/douleur-a-la-hanche-et-traitement-partie-4-de-4\/#breadcrumb\",\"itemListElement\":[{\"@type\":\"ListItem\",\"position\":1,\"name\":\"Home\",\"item\":\"https:\/\/www.newyorkhipknee.com\/fr\/\"},{\"@type\":\"ListItem\",\"position\":2,\"name\":\"Remplacement total de la hanche\",\"item\":\"https:\/\/www.newyorkhipknee.com\/fr\/remplacement-total-de-la-hanche\/\"},{\"@type\":\"ListItem\",\"position\":3,\"name\":\"Douleur \u00e0 la hanche et traitement &#8211; Partie 4 de 4\"}]},{\"@type\":\"WebSite\",\"@id\":\"https:\/\/www.newyorkhipknee.com\/fr\/#website\",\"url\":\"https:\/\/www.newyorkhipknee.com\/fr\/\",\"name\":\"Best Hip & Knee Surgeon | NY, USA\",\"description\":\"\",\"potentialAction\":[{\"@type\":\"SearchAction\",\"target\":{\"@type\":\"EntryPoint\",\"urlTemplate\":\"https:\/\/www.newyorkhipknee.com\/fr\/?s={search_term_string}\"},\"query-input\":{\"@type\":\"PropertyValueSpecification\",\"valueRequired\":true,\"valueName\":\"search_term_string\"}}],\"inLanguage\":\"fr-FR\"}]}<\/script>\n<!-- \/ Yoast SEO plugin. -->","yoast_head_json":{"title":"Douleur \u00e0 la hanche et traitement - Partie 4 de 4 | Best Hip &amp; Knee Surgeon | NY, USA","description":"Comme d'autres types de chirurgie orthop\u00e9dique, la chirurgie de la hanche a progress\u00e9 \u00e0 pas de g\u00e9ant au cours de la derni\u00e8re d\u00e9cennie, les am\u00e9liorations techniques et technologiques ayant permis de r\u00e9aliser des interventions chirurgicales moins invasives, moins inconfortables et plus rapides.","robots":{"index":"index","follow":"follow","max-snippet":"max-snippet:-1","max-image-preview":"max-image-preview:large","max-video-preview":"max-video-preview:-1"},"canonical":"https:\/\/www.newyorkhipknee.com\/fr\/remplacement-total-de-la-hanche\/douleur-a-la-hanche-et-traitement-partie-4-de-4\/","og_locale":"fr_FR","og_type":"article","og_title":"Douleur \u00e0 la hanche et traitement - Partie 4 de 4 | Best Hip &amp; Knee Surgeon | NY, USA","og_description":"Comme d'autres types de chirurgie orthop\u00e9dique, la chirurgie de la hanche a progress\u00e9 \u00e0 pas de g\u00e9ant au cours de la derni\u00e8re d\u00e9cennie, les am\u00e9liorations techniques et technologiques ayant permis de r\u00e9aliser des interventions chirurgicales moins invasives, moins inconfortables et plus rapides.","og_url":"https:\/\/www.newyorkhipknee.com\/fr\/remplacement-total-de-la-hanche\/douleur-a-la-hanche-et-traitement-partie-4-de-4\/","og_site_name":"Best Hip &amp; Knee Surgeon | NY, USA","og_image":[{"url":"https:\/\/newyorkhipknee.com\/wp-content\/uploads\/2021\/11\/Respected-femoral-head-2.jpg","type":"","width":"","height":""}],"twitter_card":"summary_large_image","twitter_misc":{"Dur\u00e9e de lecture estim\u00e9e":"4 minutes"},"schema":{"@context":"https:\/\/schema.org","@graph":[{"@type":["WebPage","MedicalWebPage"],"@id":"https:\/\/www.newyorkhipknee.com\/fr\/remplacement-total-de-la-hanche\/douleur-a-la-hanche-et-traitement-partie-4-de-4\/","url":"https:\/\/www.newyorkhipknee.com\/fr\/remplacement-total-de-la-hanche\/douleur-a-la-hanche-et-traitement-partie-4-de-4\/","name":"Douleur \u00e0 la hanche et traitement - Partie 4 de 4 | Best Hip &amp; Knee Surgeon | NY, USA","isPartOf":{"@id":"https:\/\/www.newyorkhipknee.com\/fr\/#website"},"primaryImageOfPage":{"@id":"https:\/\/www.newyorkhipknee.com\/fr\/remplacement-total-de-la-hanche\/douleur-a-la-hanche-et-traitement-partie-4-de-4\/#primaryimage"},"image":{"@id":"https:\/\/www.newyorkhipknee.com\/fr\/remplacement-total-de-la-hanche\/douleur-a-la-hanche-et-traitement-partie-4-de-4\/#primaryimage"},"thumbnailUrl":"https:\/\/newyorkhipknee.com\/wp-content\/uploads\/2021\/11\/Respected-femoral-head-2.jpg","datePublished":"2021-10-28T09:08:38+00:00","description":"Comme d'autres types de chirurgie orthop\u00e9dique, la chirurgie de la hanche a progress\u00e9 \u00e0 pas de g\u00e9ant au cours de la derni\u00e8re d\u00e9cennie, les am\u00e9liorations techniques et technologiques ayant permis de r\u00e9aliser des interventions chirurgicales moins invasives, moins inconfortables et plus rapides.","breadcrumb":{"@id":"https:\/\/www.newyorkhipknee.com\/fr\/remplacement-total-de-la-hanche\/douleur-a-la-hanche-et-traitement-partie-4-de-4\/#breadcrumb"},"inLanguage":"fr-FR","potentialAction":[{"@type":"ReadAction","target":["https:\/\/www.newyorkhipknee.com\/fr\/remplacement-total-de-la-hanche\/douleur-a-la-hanche-et-traitement-partie-4-de-4\/"]}]},{"@type":"ImageObject","inLanguage":"fr-FR","@id":"https:\/\/www.newyorkhipknee.com\/fr\/remplacement-total-de-la-hanche\/douleur-a-la-hanche-et-traitement-partie-4-de-4\/#primaryimage","url":"https:\/\/newyorkhipknee.com\/wp-content\/uploads\/2021\/11\/Respected-femoral-head-2.jpg","contentUrl":"https:\/\/newyorkhipknee.com\/wp-content\/uploads\/2021\/11\/Respected-femoral-head-2.jpg"},{"@type":"BreadcrumbList","@id":"https:\/\/www.newyorkhipknee.com\/fr\/remplacement-total-de-la-hanche\/douleur-a-la-hanche-et-traitement-partie-4-de-4\/#breadcrumb","itemListElement":[{"@type":"ListItem","position":1,"name":"Home","item":"https:\/\/www.newyorkhipknee.com\/fr\/"},{"@type":"ListItem","position":2,"name":"Remplacement total de la hanche","item":"https:\/\/www.newyorkhipknee.com\/fr\/remplacement-total-de-la-hanche\/"},{"@type":"ListItem","position":3,"name":"Douleur \u00e0 la hanche et traitement &#8211; Partie 4 de 4"}]},{"@type":"WebSite","@id":"https:\/\/www.newyorkhipknee.com\/fr\/#website","url":"https:\/\/www.newyorkhipknee.com\/fr\/","name":"Best Hip & Knee Surgeon | NY, USA","description":"","potentialAction":[{"@type":"SearchAction","target":{"@type":"EntryPoint","urlTemplate":"https:\/\/www.newyorkhipknee.com\/fr\/?s={search_term_string}"},"query-input":{"@type":"PropertyValueSpecification","valueRequired":true,"valueName":"search_term_string"}}],"inLanguage":"fr-FR"}]}},"_links":{"self":[{"href":"https:\/\/www.newyorkhipknee.com\/fr\/wp-json\/wp\/v2\/pages\/17763","targetHints":{"allow":["GET"]}}],"collection":[{"href":"https:\/\/www.newyorkhipknee.com\/fr\/wp-json\/wp\/v2\/pages"}],"about":[{"href":"https:\/\/www.newyorkhipknee.com\/fr\/wp-json\/wp\/v2\/types\/page"}],"author":[{"embeddable":true,"href":"https:\/\/www.newyorkhipknee.com\/fr\/wp-json\/wp\/v2\/users\/15"}],"replies":[{"embeddable":true,"href":"https:\/\/www.newyorkhipknee.com\/fr\/wp-json\/wp\/v2\/comments?post=17763"}],"version-history":[{"count":0,"href":"https:\/\/www.newyorkhipknee.com\/fr\/wp-json\/wp\/v2\/pages\/17763\/revisions"}],"up":[{"embeddable":true,"href":"https:\/\/www.newyorkhipknee.com\/fr\/wp-json\/wp\/v2\/pages\/17744"}],"wp:attachment":[{"href":"https:\/\/www.newyorkhipknee.com\/fr\/wp-json\/wp\/v2\/media?parent=17763"}],"curies":[{"name":"wp","href":"https:\/\/api.w.org\/{rel}","templated":true}]}}