{"id":17771,"date":"2021-10-28T04:55:52","date_gmt":"2021-10-28T08:55:52","guid":{"rendered":"https:\/\/newyorkhipknee.com\/remplacement-total-de-la-hanche\/larthroplastie-traditionnelle-de-la-hanche-reste-t-elle-la-solution-de-reference\/"},"modified":"2021-10-28T04:55:52","modified_gmt":"2021-10-28T08:55:52","slug":"larthroplastie-traditionnelle-de-la-hanche-reste-t-elle-la-solution-de-reference","status":"publish","type":"page","link":"https:\/\/www.newyorkhipknee.com\/fr\/remplacement-total-de-la-hanche\/larthroplastie-traditionnelle-de-la-hanche-reste-t-elle-la-solution-de-reference\/","title":{"rendered":"L&rsquo;arthroplastie traditionnelle de la hanche reste-t-elle la solution de r\u00e9f\u00e9rence ?"},"content":{"rendered":"<p>Au cours de la derni\u00e8re d\u00e9cennie, de nombreux chirurgiens orthop\u00e9diques ont propos\u00e9 une <a href=\"https:\/\/newyorkhipknee.com\/hip-replacement-surgery\/minimally-invasive-joint-replacement\/\">chirurgie mini-invasive<\/a> aux personnes souffrant de troubles de la hanche. Gr\u00e2ce \u00e0 une petite cam\u00e9ra rigide, l&rsquo;arthroscopie de la hanche permet au chirurgien de voir \u00e0 l&rsquo;int\u00e9rieur de l&rsquo;articulation et de proc\u00e9der \u00e0 un nettoyage et \u00e0 une r\u00e9paration, mais la <a href=\"https:\/\/newyorkhipknee.com\/faqs\/total-hip-replacement-faqs\/\">chirurgie<\/a> traditionnelle <a href=\"https:\/\/newyorkhipknee.com\/faqs\/total-hip-replacement-faqs\/\">de remplacement de la hanche<\/a> est-elle toujours la solution ?<\/p>\n<p>L&rsquo;utilisation de l&rsquo;arthroscopie de la hanche a explos\u00e9 au cours des derni\u00e8res d\u00e9cennies en raison de la facilit\u00e9 technique d&rsquo;ex\u00e9cution et de visualisation de l&rsquo;articulation de la hanche.<\/p>\n<p>Une chirurgie mini-invasive avec de petites incisions cutan\u00e9es permet un s\u00e9jour plus court \u00e0 l&rsquo;h\u00f4pital. Cela est associ\u00e9 \u00e0 une douleur moindre et permet une r\u00e9cup\u00e9ration plus rapide.<\/p>\n<p>L&rsquo;arthroscopie de la hanche est largement utilis\u00e9e pour traiter un certain nombre de troubles douloureux de la hanche. Elle est souvent utilis\u00e9e pour r\u00e9parer ou retirer un fragment osseux suppl\u00e9mentaire qui se d\u00e9veloppe au d\u00e9but de l&rsquo;arthrose. Cette technique a aid\u00e9 de nombreux patients souffrant de troubles de la hanche, mais n&rsquo;est pas une panac\u00e9e pour tous les troubles de la hanche.<\/p>\n<h4>L&rsquo;arthroscopie de la hanche est-elle une proc\u00e9dure durable ?<\/h4>\n<p>Malheureusement, les donn\u00e9es de la recherche confirment que la chirurgie mini-invasive sous forme d&rsquo;arthroscopie n&rsquo;est peut-\u00eatre pas la meilleure option pour les personnes souffrant de douleurs continues \u00e0 la hanche. Dans cette derni\u00e8re \u00e9tude, les chercheurs ont not\u00e9 que plus de 33 % des personnes \u00e2g\u00e9es de plus de 60 ans ont besoin d&rsquo;une proth\u00e8se de hanche traditionnelle dans les 24 mois.<\/p>\n<p>Le Hospital for Special Surgery de New York a examin\u00e9 la base de donn\u00e9es chirurgicales de patients de Floride et de Californie. Les chercheurs ont examin\u00e9 les donn\u00e9es de 7 300 patients ayant d\u00e9j\u00e0 subi une arthroscopie de la hanche. Pr\u00e8s de 2\/3 des patients \u00e9taient des femmes et l&rsquo;\u00e2ge moyen \u00e9tait de 44 ans.<\/p>\n<p>Ils ont observ\u00e9 que pr\u00e8s de 12 % de ces patients ont d\u00fb subir une arthroplastie de la hanche dans les 24 mois. Globalement, un patient \u00e2g\u00e9 de plus de 60 ans n\u00e9cessite au moins un tiers des proth\u00e8ses de hanche.<\/p>\n<p>Par ailleurs, les personnes ayant subi une arthroscopie de la hanche dans des h\u00f4pitaux pratiquant un grand nombre de ces interventions \u00e9taient moins susceptibles d&rsquo;avoir besoin d&rsquo;une proth\u00e8se de la hanche dans les 24 mois. Le taux de remplacement de la hanche \u00e9tait le plus bas chez les personnes \u00e2g\u00e9es de moins de 40 ans.<\/p>\n<p>Les facteurs de risque qui augmentent la n\u00e9cessit\u00e9 d&rsquo;un remplacement de la hanche sont l&rsquo;\u00e2ge sup\u00e9rieur \u00e0 60 ans, l&rsquo;arthrite et l&rsquo;ob\u00e9sit\u00e9.<\/p>\n<h2>Conclusion<\/h2>\n<p>Recherchez un chirurgien qui pratique un grand nombre d&rsquo;arthroplasties traditionnelles de la hanche pour les patients souffrant de troubles douloureux de la hanche. L&rsquo;arthroscopie de la hanche pr\u00e9sente de nombreux avantages, mais ce qui compte, c&rsquo;est le co\u00fbt de l&rsquo;op\u00e9ration. Le co\u00fbt est doubl\u00e9 si le remplacement de la hanche a lieu dans les 24 mois. Demandez toujours un deuxi\u00e8me avis si vous devez subir une arthroscopie de la hanche.<\/p>\n<h3>Planifiez votre premi\u00e8re visite<\/h3>\n<div align=\"center\"><a class=\"livesite-schedule\" href=\"https:\/\/live.vcita.com\/site\/nyhipknee\/online-scheduling?staff=sbuvrwlyhlcvxsjv\" target=\"blank\" rel=\"noopener\" data-staff=\"b69585d231f6813d\"><br \/>\n<img decoding=\"async\" title=\"Planifier maintenant\" src=\"\/wp-content\/uploads\/2016\/02\/karkare-calendar.png\" alt=\"Planifier maintenant\" border=\"0\"><\/a><\/div>\n","protected":false},"excerpt":{"rendered":"<p>Au cours de la derni\u00e8re d\u00e9cennie, de nombreux chirurgiens orthop\u00e9diques ont propos\u00e9 une chirurgie mini-invasive aux personnes souffrant de troubles de la hanche. Gr\u00e2ce \u00e0 une petite cam\u00e9ra rigide, l&rsquo;arthroscopie de la hanche permet au chirurgien de voir \u00e0 l&rsquo;int\u00e9rieur de l&rsquo;articulation et de proc\u00e9der \u00e0 un nettoyage et \u00e0 une r\u00e9paration, mais la chirurgie [&hellip;]<\/p>\n","protected":false},"author":15,"featured_media":0,"parent":17744,"menu_order":0,"comment_status":"closed","ping_status":"closed","template":"","meta":{"_et_pb_use_builder":"","_et_pb_old_content":"","_et_gb_content_width":"","footnotes":""},"class_list":["post-17771","page","type-page","status-publish","hentry"],"yoast_head":"<!-- This site is optimized with the Yoast SEO plugin v27.2 - https:\/\/yoast.com\/product\/yoast-seo-wordpress\/ -->\n<title>L&#039;arthroplastie traditionnelle de la hanche est-elle encore la norme ?<\/title>\n<meta name=\"description\" content=\"Au cours de la derni\u00e8re d\u00e9cennie, de nombreux chirurgiens orthop\u00e9diques ont propos\u00e9 une chirurgie mini-invasive aux personnes souffrant de troubles de la hanche.\" \/>\n<meta name=\"robots\" content=\"index, follow, max-snippet:-1, max-image-preview:large, max-video-preview:-1\" \/>\n<link rel=\"canonical\" href=\"https:\/\/www.newyorkhipknee.com\/fr\/remplacement-total-de-la-hanche\/larthroplastie-traditionnelle-de-la-hanche-reste-t-elle-la-solution-de-reference\/\" \/>\n<meta property=\"og:locale\" content=\"fr_FR\" \/>\n<meta property=\"og:type\" content=\"article\" \/>\n<meta property=\"og:title\" content=\"L&#039;arthroplastie traditionnelle de la hanche est-elle encore la norme ?\" \/>\n<meta property=\"og:description\" content=\"Au cours de la derni\u00e8re d\u00e9cennie, de nombreux chirurgiens orthop\u00e9diques ont propos\u00e9 une chirurgie mini-invasive aux personnes souffrant de troubles de la hanche.\" \/>\n<meta property=\"og:url\" content=\"https:\/\/www.newyorkhipknee.com\/fr\/remplacement-total-de-la-hanche\/larthroplastie-traditionnelle-de-la-hanche-reste-t-elle-la-solution-de-reference\/\" \/>\n<meta property=\"og:site_name\" content=\"Best Hip &amp; Knee Surgeon | NY, USA\" \/>\n<meta name=\"twitter:card\" content=\"summary_large_image\" \/>\n<meta name=\"twitter:label1\" content=\"Dur\u00e9e de lecture estim\u00e9e\" \/>\n\t<meta name=\"twitter:data1\" content=\"3 minutes\" \/>\n<script type=\"application\/ld+json\" class=\"yoast-schema-graph\">{\"@context\":\"https:\/\/schema.org\",\"@graph\":[{\"@type\":[\"WebPage\",\"MedicalWebPage\"],\"@id\":\"https:\/\/www.newyorkhipknee.com\/fr\/remplacement-total-de-la-hanche\/larthroplastie-traditionnelle-de-la-hanche-reste-t-elle-la-solution-de-reference\/\",\"url\":\"https:\/\/www.newyorkhipknee.com\/fr\/remplacement-total-de-la-hanche\/larthroplastie-traditionnelle-de-la-hanche-reste-t-elle-la-solution-de-reference\/\",\"name\":\"L'arthroplastie traditionnelle de la hanche est-elle encore la norme ?\",\"isPartOf\":{\"@id\":\"https:\/\/www.newyorkhipknee.com\/fr\/#website\"},\"datePublished\":\"2021-10-28T08:55:52+00:00\",\"description\":\"Au cours de la derni\u00e8re d\u00e9cennie, de nombreux chirurgiens orthop\u00e9diques ont propos\u00e9 une chirurgie mini-invasive aux personnes souffrant de troubles de la hanche.\",\"breadcrumb\":{\"@id\":\"https:\/\/www.newyorkhipknee.com\/fr\/remplacement-total-de-la-hanche\/larthroplastie-traditionnelle-de-la-hanche-reste-t-elle-la-solution-de-reference\/#breadcrumb\"},\"inLanguage\":\"fr-FR\",\"potentialAction\":[{\"@type\":\"ReadAction\",\"target\":[\"https:\/\/www.newyorkhipknee.com\/fr\/remplacement-total-de-la-hanche\/larthroplastie-traditionnelle-de-la-hanche-reste-t-elle-la-solution-de-reference\/\"]}]},{\"@type\":\"BreadcrumbList\",\"@id\":\"https:\/\/www.newyorkhipknee.com\/fr\/remplacement-total-de-la-hanche\/larthroplastie-traditionnelle-de-la-hanche-reste-t-elle-la-solution-de-reference\/#breadcrumb\",\"itemListElement\":[{\"@type\":\"ListItem\",\"position\":1,\"name\":\"Home\",\"item\":\"https:\/\/www.newyorkhipknee.com\/fr\/\"},{\"@type\":\"ListItem\",\"position\":2,\"name\":\"Remplacement total de la hanche\",\"item\":\"https:\/\/www.newyorkhipknee.com\/fr\/remplacement-total-de-la-hanche\/\"},{\"@type\":\"ListItem\",\"position\":3,\"name\":\"L&rsquo;arthroplastie traditionnelle de la hanche reste-t-elle la solution de r\u00e9f\u00e9rence ?\"}]},{\"@type\":\"WebSite\",\"@id\":\"https:\/\/www.newyorkhipknee.com\/fr\/#website\",\"url\":\"https:\/\/www.newyorkhipknee.com\/fr\/\",\"name\":\"Best Hip & Knee Surgeon | NY, USA\",\"description\":\"\",\"potentialAction\":[{\"@type\":\"SearchAction\",\"target\":{\"@type\":\"EntryPoint\",\"urlTemplate\":\"https:\/\/www.newyorkhipknee.com\/fr\/?s={search_term_string}\"},\"query-input\":{\"@type\":\"PropertyValueSpecification\",\"valueRequired\":true,\"valueName\":\"search_term_string\"}}],\"inLanguage\":\"fr-FR\"}]}<\/script>\n<!-- \/ Yoast SEO plugin. -->","yoast_head_json":{"title":"L'arthroplastie traditionnelle de la hanche est-elle encore la norme ?","description":"Au cours de la derni\u00e8re d\u00e9cennie, de nombreux chirurgiens orthop\u00e9diques ont propos\u00e9 une chirurgie mini-invasive aux personnes souffrant de troubles de la hanche.","robots":{"index":"index","follow":"follow","max-snippet":"max-snippet:-1","max-image-preview":"max-image-preview:large","max-video-preview":"max-video-preview:-1"},"canonical":"https:\/\/www.newyorkhipknee.com\/fr\/remplacement-total-de-la-hanche\/larthroplastie-traditionnelle-de-la-hanche-reste-t-elle-la-solution-de-reference\/","og_locale":"fr_FR","og_type":"article","og_title":"L'arthroplastie traditionnelle de la hanche est-elle encore la norme ?","og_description":"Au cours de la derni\u00e8re d\u00e9cennie, de nombreux chirurgiens orthop\u00e9diques ont propos\u00e9 une chirurgie mini-invasive aux personnes souffrant de troubles de la hanche.","og_url":"https:\/\/www.newyorkhipknee.com\/fr\/remplacement-total-de-la-hanche\/larthroplastie-traditionnelle-de-la-hanche-reste-t-elle-la-solution-de-reference\/","og_site_name":"Best Hip &amp; Knee Surgeon | NY, USA","twitter_card":"summary_large_image","twitter_misc":{"Dur\u00e9e de lecture estim\u00e9e":"3 minutes"},"schema":{"@context":"https:\/\/schema.org","@graph":[{"@type":["WebPage","MedicalWebPage"],"@id":"https:\/\/www.newyorkhipknee.com\/fr\/remplacement-total-de-la-hanche\/larthroplastie-traditionnelle-de-la-hanche-reste-t-elle-la-solution-de-reference\/","url":"https:\/\/www.newyorkhipknee.com\/fr\/remplacement-total-de-la-hanche\/larthroplastie-traditionnelle-de-la-hanche-reste-t-elle-la-solution-de-reference\/","name":"L'arthroplastie traditionnelle de la hanche est-elle encore la norme ?","isPartOf":{"@id":"https:\/\/www.newyorkhipknee.com\/fr\/#website"},"datePublished":"2021-10-28T08:55:52+00:00","description":"Au cours de la derni\u00e8re d\u00e9cennie, de nombreux chirurgiens orthop\u00e9diques ont propos\u00e9 une chirurgie mini-invasive aux personnes souffrant de troubles de la hanche.","breadcrumb":{"@id":"https:\/\/www.newyorkhipknee.com\/fr\/remplacement-total-de-la-hanche\/larthroplastie-traditionnelle-de-la-hanche-reste-t-elle-la-solution-de-reference\/#breadcrumb"},"inLanguage":"fr-FR","potentialAction":[{"@type":"ReadAction","target":["https:\/\/www.newyorkhipknee.com\/fr\/remplacement-total-de-la-hanche\/larthroplastie-traditionnelle-de-la-hanche-reste-t-elle-la-solution-de-reference\/"]}]},{"@type":"BreadcrumbList","@id":"https:\/\/www.newyorkhipknee.com\/fr\/remplacement-total-de-la-hanche\/larthroplastie-traditionnelle-de-la-hanche-reste-t-elle-la-solution-de-reference\/#breadcrumb","itemListElement":[{"@type":"ListItem","position":1,"name":"Home","item":"https:\/\/www.newyorkhipknee.com\/fr\/"},{"@type":"ListItem","position":2,"name":"Remplacement total de la hanche","item":"https:\/\/www.newyorkhipknee.com\/fr\/remplacement-total-de-la-hanche\/"},{"@type":"ListItem","position":3,"name":"L&rsquo;arthroplastie traditionnelle de la hanche reste-t-elle la solution de r\u00e9f\u00e9rence ?"}]},{"@type":"WebSite","@id":"https:\/\/www.newyorkhipknee.com\/fr\/#website","url":"https:\/\/www.newyorkhipknee.com\/fr\/","name":"Best Hip & Knee Surgeon | NY, USA","description":"","potentialAction":[{"@type":"SearchAction","target":{"@type":"EntryPoint","urlTemplate":"https:\/\/www.newyorkhipknee.com\/fr\/?s={search_term_string}"},"query-input":{"@type":"PropertyValueSpecification","valueRequired":true,"valueName":"search_term_string"}}],"inLanguage":"fr-FR"}]}},"_links":{"self":[{"href":"https:\/\/www.newyorkhipknee.com\/fr\/wp-json\/wp\/v2\/pages\/17771","targetHints":{"allow":["GET"]}}],"collection":[{"href":"https:\/\/www.newyorkhipknee.com\/fr\/wp-json\/wp\/v2\/pages"}],"about":[{"href":"https:\/\/www.newyorkhipknee.com\/fr\/wp-json\/wp\/v2\/types\/page"}],"author":[{"embeddable":true,"href":"https:\/\/www.newyorkhipknee.com\/fr\/wp-json\/wp\/v2\/users\/15"}],"replies":[{"embeddable":true,"href":"https:\/\/www.newyorkhipknee.com\/fr\/wp-json\/wp\/v2\/comments?post=17771"}],"version-history":[{"count":0,"href":"https:\/\/www.newyorkhipknee.com\/fr\/wp-json\/wp\/v2\/pages\/17771\/revisions"}],"up":[{"embeddable":true,"href":"https:\/\/www.newyorkhipknee.com\/fr\/wp-json\/wp\/v2\/pages\/17744"}],"wp:attachment":[{"href":"https:\/\/www.newyorkhipknee.com\/fr\/wp-json\/wp\/v2\/media?parent=17771"}],"curies":[{"name":"wp","href":"https:\/\/api.w.org\/{rel}","templated":true}]}}