{"id":17772,"date":"2014-11-12T12:46:17","date_gmt":"2014-11-12T17:46:17","guid":{"rendered":"https:\/\/newyorkhipknee.com\/remplacement-total-de-la-hanche\/prothese-de-hanche-assistee-par-robot-makoplasty\/"},"modified":"2014-11-12T12:46:17","modified_gmt":"2014-11-12T17:46:17","slug":"prothese-de-hanche-assistee-par-robot-makoplasty","status":"publish","type":"page","link":"https:\/\/www.newyorkhipknee.com\/fr\/remplacement-total-de-la-hanche\/prothese-de-hanche-assistee-par-robot-makoplasty\/","title":{"rendered":"Proth\u00e8se de hanche assist\u00e9e par robot MAKOplasty"},"content":{"rendered":"<p>Environ sept pour cent des Am\u00e9ricains souffrent de douleurs \u00e0 la hanche. Rien qu&rsquo;\u00e0 New York, cela pourrait repr\u00e9senter jusqu&rsquo;\u00e0 600 000 personnes. La maladie devenant de plus en plus fr\u00e9quente avec l&rsquo;\u00e2ge, elle peut toucher environ un quart des hommes et des femmes lorsqu&rsquo;ils atteignent l&rsquo;\u00e2ge de 85 ans, ce qui signifie que de nombreuses personnes auront besoin d&rsquo;une proth\u00e8se de hanche robotis\u00e9e ou d&rsquo;une autre forme d&rsquo;op\u00e9ration de la hanche.<\/p>\n<p>Bien qu&rsquo;une blessure traumatique puisse \u00eatre \u00e0 l&rsquo;origine de certains types de douleurs \u00e0 la hanche, de nombreux cas sont dus \u00e0 une maladie d\u00e9g\u00e9n\u00e9rative de l&rsquo;articulation (DJD), une affection progressive qui entra\u00eene une d\u00e9gradation de la structure de l&rsquo;articulation au fil du temps.<\/p>\n<div align=\"center\"><a class=\"popup-youtube\" href=\"https:\/\/www.youtube.com\/watch?v=FWUn0TNx5DA\"><img decoding=\"async\" src=\"\/wp-content\/uploads\/2016\/11\/robotichipreplacement.jpg\" alt=\"\"><\/a><\/div>\n<p>Les causes courantes de la DJD sont l&rsquo;arthrose, la polyarthrite rhumato\u00efde, la n\u00e9crose avasculaire (perte de la circulation sanguine dans les tissus articulaires) et la dysplasie de la hanche (une condition dans laquelle les structures articulaires ne s&#8217;embo\u00eetent pas correctement).<\/p>\n<p>Les personnes souffrant d&rsquo;une douleur chronique \u00e0 la hanche souffrent souvent d&rsquo;une douleur et d&rsquo;un handicap importants qui peuvent interf\u00e9rer avec les activit\u00e9s courantes de la vie quotidienne. Si les m\u00e9dicaments et la kin\u00e9sith\u00e9rapie peuvent aider dans certains cas l\u00e9gers de douleur \u00e0 la hanche, les cas mod\u00e9r\u00e9s \u00e0 graves n\u00e9cessitent g\u00e9n\u00e9ralement une arthroplastie pour soulager la douleur et am\u00e9liorer la mobilit\u00e9 et la fonction de l&rsquo;articulation.<\/p>\n<h2>Les avantages de la proth\u00e8se de hanche MAKOplasty<\/h2>\n<p>La proth\u00e8se de hanche robotis\u00e9e, \u00e9galement appel\u00e9e proth\u00e8se de hanche assist\u00e9e par robot, est une technique de pointe pour le remplacement des articulations qui utilise une technologie de pr\u00e9cision pour am\u00e9liorer la pr\u00e9cision et les r\u00e9sultats chez les patients ayant besoin d&rsquo;une articulation artificielle de la hanche.<\/p>\n<p>Bien que le nom puisse faire penser \u00e0 de la science-fiction, les chirurgies assist\u00e9es par robot sont assez courantes et peuvent fournir de bien meilleurs r\u00e9sultats et des traitements plus pr\u00e9cis que les techniques traditionnelles.<\/p>\n<p>Une proc\u00e9dure assist\u00e9e par robot repose toujours sur les comp\u00e9tences et l&rsquo;exp\u00e9rience du m\u00e9decin pour l&rsquo;aider \u00e0 contr\u00f4ler le robot et \u00e0 r\u00e9aliser les \u00e9tapes essentielles de l&rsquo;intervention de remplacement de l&rsquo;articulation.<\/p>\n<p>Le docteur Karkare utilise le syst\u00e8me MAKOplasty\u00ae assist\u00e9 par robot, qui s&rsquo;appuie sur un bras robotis\u00e9 pour la mise en place et l&rsquo;alignement pr\u00e9cis de l&rsquo;articulation artificielle. Les proc\u00e9dures de remplacement de l&rsquo;articulation sont r\u00e9alis\u00e9es par voie ant\u00e9rieure, en passant par l&rsquo;avant et le c\u00f4t\u00e9 de la hanche, afin d&rsquo;\u00e9pargner les principaux muscles et de permettre une r\u00e9cup\u00e9ration plus rapide et moins douloureuse.<\/p>\n<h2>Comment l&rsquo;arthroplastie de la hanche MAKOplasty est-elle pratiqu\u00e9e ?<\/h2>\n<p>Avant l&rsquo;op\u00e9ration, un mod\u00e8le virtuel tridimensionnel de votre hanche est cr\u00e9\u00e9 pour aider \u00e0 planifier l&rsquo;op\u00e9ration afin d&rsquo;obtenir le placement le plus pr\u00e9cis et le plus exact possible et des r\u00e9sultats optimaux. L&rsquo;intervention elle-m\u00eame est r\u00e9alis\u00e9e sous anesth\u00e9sie g\u00e9n\u00e9rale. Une fois l&rsquo;incision pratiqu\u00e9e pour acc\u00e9der \u00e0 l&rsquo;articulation de la hanche, les muscles sont soigneusement \u00e9cart\u00e9s pour \u00e9viter tout dommage.<\/p>\n<h2>Une vid\u00e9o d\u00e9taill\u00e9e : Makoplastie<\/h2>\n<p><a class=\"popup-youtube\" href=\"https:\/\/www.youtube.com\/watch?v=E51uWDjSHGo\"><img decoding=\"async\" src=\"\/wp-content\/uploads\/2016\/11\/robotichipanimation.jpg\" alt=\"\"><\/a><\/p>\n<p>La cavit\u00e9 de la hanche est nettoy\u00e9e et pr\u00e9par\u00e9e, et la partie femelle de l&rsquo;articulation est soigneusement fix\u00e9e. Ensuite, l&rsquo;extr\u00e9mit\u00e9 du f\u00e9mur (l&rsquo;os long de la jambe) est enlev\u00e9e pour permettre la fixation de la partie sph\u00e9rique de l&rsquo;articulation.<\/p>\n<p>Pendant l&rsquo;intervention, le syst\u00e8me informatis\u00e9 et le bras robotis\u00e9 fournissent des informations visuelles et tactiles qui peuvent aider \u00e0 placer les composants de l&rsquo;articulation artificielle. Ainsi, chaque intervention chirurgicale peut \u00eatre v\u00e9ritablement personnalis\u00e9e en fonction de l&rsquo;anatomie et des besoins m\u00e9dicaux uniques de chaque patient, ce qui r\u00e9duit le risque de disparit\u00e9 dans la longueur des jambes tout en diminuant le risque de friction anormale entre l&rsquo;implant et l&rsquo;os naturel.<\/p>\n<h2>Pourquoi choisir le Dr Karkare ?<\/h2>\n<p>Le Dr Karkare est l&rsquo;un des principaux sp\u00e9cialistes du remplacement des articulations \u00e0 New York. Il poss\u00e8de une grande exp\u00e9rience des techniques de chirurgie assist\u00e9e par robot, qui lui permettent d&rsquo;obtenir des r\u00e9sultats sup\u00e9rieurs chez ses patients. Si vous souffrez de douleurs \u00e0 la hanche, une \u00e9valuation est la premi\u00e8re \u00e9tape pour d\u00e9terminer si une intervention chirurgicale ou une approche plus conservatrice est le meilleur choix pour vos besoins. Il est \u00e9galement l&rsquo;un des premiers <a href=\"https:\/\/newyorkhipknee.com\/custom-knee-replacement-surgery\/robotic-knee-surgery\/\">m\u00e9decins de New York \u00e0 proposer une chirurgie du genou assist\u00e9e par robot<\/a>. Appelez le bureau au 516-735-4032 ou prenez rendez-vous pour une \u00e9valuation d\u00e8s aujourd&rsquo;hui.<\/p>\n<h3>Planifiez votre premi\u00e8re visite<\/h3>\n<div align=\"center\"><a class=\"livesite-schedule\" href=\"https:\/\/live.vcita.com\/site\/nyhipknee\/online-scheduling?staff=sbuvrwlyhlcvxsjv\" target=\"blank\" data-staff=\"b69585d231f6813d\" rel=\"noopener noreferrer\"><br \/>\n<img decoding=\"async\" title=\"Planifier maintenant\" src=\"\/wp-content\/uploads\/2016\/02\/karkare-calendar.png\" alt=\"Planifier maintenant\" border=\"0\"><\/a><\/div>\n","protected":false},"excerpt":{"rendered":"<p>Environ sept pour cent des Am\u00e9ricains souffrent de douleurs \u00e0 la hanche. Rien qu&rsquo;\u00e0 New York, cela pourrait repr\u00e9senter jusqu&rsquo;\u00e0 600 000 personnes. La maladie devenant de plus en plus fr\u00e9quente avec l&rsquo;\u00e2ge, elle peut toucher environ un quart des hommes et des femmes lorsqu&rsquo;ils atteignent l&rsquo;\u00e2ge de 85 ans, ce qui signifie que de [&hellip;]<\/p>\n","protected":false},"author":7,"featured_media":0,"parent":17744,"menu_order":0,"comment_status":"open","ping_status":"open","template":"","meta":{"_et_pb_use_builder":"","_et_pb_old_content":"","_et_gb_content_width":"","footnotes":""},"class_list":["post-17772","page","type-page","status-publish","hentry"],"yoast_head":"<!-- This site is optimized with the Yoast SEO plugin v27.2 - https:\/\/yoast.com\/product\/yoast-seo-wordpress\/ -->\n<title>Proth\u00e8se de hanche assist\u00e9e par robot MAKOplasty - Dr. Nakul Karkare NY USA<\/title>\n<meta name=\"description\" content=\"Le remplacement ant\u00e9rieur de la hanche par Makoplasty est une alternative chirurgicale pour les patients souffrant d&#039;une maladie d\u00e9g\u00e9n\u00e9rative de l&#039;articulation (DJD). Plusieurs sites \u00e0 New York.\" \/>\n<meta name=\"robots\" content=\"index, follow, max-snippet:-1, max-image-preview:large, max-video-preview:-1\" \/>\n<link rel=\"canonical\" href=\"https:\/\/www.newyorkhipknee.com\/fr\/remplacement-total-de-la-hanche\/prothese-de-hanche-assistee-par-robot-makoplasty\/\" \/>\n<meta property=\"og:locale\" content=\"fr_FR\" \/>\n<meta property=\"og:type\" content=\"article\" \/>\n<meta property=\"og:title\" content=\"Proth\u00e8se de hanche assist\u00e9e par robot MAKOplasty - Dr. Nakul Karkare NY USA\" \/>\n<meta property=\"og:description\" content=\"Le remplacement ant\u00e9rieur de la hanche par Makoplasty est une alternative chirurgicale pour les patients souffrant d&#039;une maladie d\u00e9g\u00e9n\u00e9rative de l&#039;articulation (DJD). Plusieurs sites \u00e0 New York.\" \/>\n<meta property=\"og:url\" content=\"https:\/\/www.newyorkhipknee.com\/fr\/remplacement-total-de-la-hanche\/prothese-de-hanche-assistee-par-robot-makoplasty\/\" \/>\n<meta property=\"og:site_name\" content=\"Best Hip &amp; Knee Surgeon | NY, USA\" \/>\n<meta name=\"twitter:card\" content=\"summary_large_image\" \/>\n<meta name=\"twitter:label1\" content=\"Dur\u00e9e de lecture estim\u00e9e\" \/>\n\t<meta name=\"twitter:data1\" content=\"4 minutes\" \/>\n<script type=\"application\/ld+json\" class=\"yoast-schema-graph\">{\"@context\":\"https:\/\/schema.org\",\"@graph\":[{\"@type\":[\"WebPage\",\"MedicalWebPage\"],\"@id\":\"https:\/\/www.newyorkhipknee.com\/fr\/remplacement-total-de-la-hanche\/prothese-de-hanche-assistee-par-robot-makoplasty\/\",\"url\":\"https:\/\/www.newyorkhipknee.com\/fr\/remplacement-total-de-la-hanche\/prothese-de-hanche-assistee-par-robot-makoplasty\/\",\"name\":\"Proth\u00e8se de hanche assist\u00e9e par robot MAKOplasty - Dr. Nakul Karkare NY USA\",\"isPartOf\":{\"@id\":\"https:\/\/www.newyorkhipknee.com\/fr\/#website\"},\"datePublished\":\"2014-11-12T17:46:17+00:00\",\"description\":\"Le remplacement ant\u00e9rieur de la hanche par Makoplasty est une alternative chirurgicale pour les patients souffrant d'une maladie d\u00e9g\u00e9n\u00e9rative de l'articulation (DJD). Plusieurs sites \u00e0 New York.\",\"breadcrumb\":{\"@id\":\"https:\/\/www.newyorkhipknee.com\/fr\/remplacement-total-de-la-hanche\/prothese-de-hanche-assistee-par-robot-makoplasty\/#breadcrumb\"},\"inLanguage\":\"fr-FR\",\"potentialAction\":[{\"@type\":\"ReadAction\",\"target\":[\"https:\/\/www.newyorkhipknee.com\/fr\/remplacement-total-de-la-hanche\/prothese-de-hanche-assistee-par-robot-makoplasty\/\"]}]},{\"@type\":\"BreadcrumbList\",\"@id\":\"https:\/\/www.newyorkhipknee.com\/fr\/remplacement-total-de-la-hanche\/prothese-de-hanche-assistee-par-robot-makoplasty\/#breadcrumb\",\"itemListElement\":[{\"@type\":\"ListItem\",\"position\":1,\"name\":\"Home\",\"item\":\"https:\/\/www.newyorkhipknee.com\/fr\/\"},{\"@type\":\"ListItem\",\"position\":2,\"name\":\"Remplacement total de la hanche\",\"item\":\"https:\/\/www.newyorkhipknee.com\/fr\/remplacement-total-de-la-hanche\/\"},{\"@type\":\"ListItem\",\"position\":3,\"name\":\"Proth\u00e8se de hanche assist\u00e9e par robot MAKOplasty\"}]},{\"@type\":\"WebSite\",\"@id\":\"https:\/\/www.newyorkhipknee.com\/fr\/#website\",\"url\":\"https:\/\/www.newyorkhipknee.com\/fr\/\",\"name\":\"Best Hip & Knee Surgeon | NY, USA\",\"description\":\"\",\"potentialAction\":[{\"@type\":\"SearchAction\",\"target\":{\"@type\":\"EntryPoint\",\"urlTemplate\":\"https:\/\/www.newyorkhipknee.com\/fr\/?s={search_term_string}\"},\"query-input\":{\"@type\":\"PropertyValueSpecification\",\"valueRequired\":true,\"valueName\":\"search_term_string\"}}],\"inLanguage\":\"fr-FR\"}]}<\/script>\n<!-- \/ Yoast SEO plugin. -->","yoast_head_json":{"title":"Proth\u00e8se de hanche assist\u00e9e par robot MAKOplasty - Dr. Nakul Karkare NY USA","description":"Le remplacement ant\u00e9rieur de la hanche par Makoplasty est une alternative chirurgicale pour les patients souffrant d'une maladie d\u00e9g\u00e9n\u00e9rative de l'articulation (DJD). Plusieurs sites \u00e0 New York.","robots":{"index":"index","follow":"follow","max-snippet":"max-snippet:-1","max-image-preview":"max-image-preview:large","max-video-preview":"max-video-preview:-1"},"canonical":"https:\/\/www.newyorkhipknee.com\/fr\/remplacement-total-de-la-hanche\/prothese-de-hanche-assistee-par-robot-makoplasty\/","og_locale":"fr_FR","og_type":"article","og_title":"Proth\u00e8se de hanche assist\u00e9e par robot MAKOplasty - Dr. Nakul Karkare NY USA","og_description":"Le remplacement ant\u00e9rieur de la hanche par Makoplasty est une alternative chirurgicale pour les patients souffrant d'une maladie d\u00e9g\u00e9n\u00e9rative de l'articulation (DJD). Plusieurs sites \u00e0 New York.","og_url":"https:\/\/www.newyorkhipknee.com\/fr\/remplacement-total-de-la-hanche\/prothese-de-hanche-assistee-par-robot-makoplasty\/","og_site_name":"Best Hip &amp; Knee Surgeon | NY, USA","twitter_card":"summary_large_image","twitter_misc":{"Dur\u00e9e de lecture estim\u00e9e":"4 minutes"},"schema":{"@context":"https:\/\/schema.org","@graph":[{"@type":["WebPage","MedicalWebPage"],"@id":"https:\/\/www.newyorkhipknee.com\/fr\/remplacement-total-de-la-hanche\/prothese-de-hanche-assistee-par-robot-makoplasty\/","url":"https:\/\/www.newyorkhipknee.com\/fr\/remplacement-total-de-la-hanche\/prothese-de-hanche-assistee-par-robot-makoplasty\/","name":"Proth\u00e8se de hanche assist\u00e9e par robot MAKOplasty - Dr. Nakul Karkare NY USA","isPartOf":{"@id":"https:\/\/www.newyorkhipknee.com\/fr\/#website"},"datePublished":"2014-11-12T17:46:17+00:00","description":"Le remplacement ant\u00e9rieur de la hanche par Makoplasty est une alternative chirurgicale pour les patients souffrant d'une maladie d\u00e9g\u00e9n\u00e9rative de l'articulation (DJD). Plusieurs sites \u00e0 New York.","breadcrumb":{"@id":"https:\/\/www.newyorkhipknee.com\/fr\/remplacement-total-de-la-hanche\/prothese-de-hanche-assistee-par-robot-makoplasty\/#breadcrumb"},"inLanguage":"fr-FR","potentialAction":[{"@type":"ReadAction","target":["https:\/\/www.newyorkhipknee.com\/fr\/remplacement-total-de-la-hanche\/prothese-de-hanche-assistee-par-robot-makoplasty\/"]}]},{"@type":"BreadcrumbList","@id":"https:\/\/www.newyorkhipknee.com\/fr\/remplacement-total-de-la-hanche\/prothese-de-hanche-assistee-par-robot-makoplasty\/#breadcrumb","itemListElement":[{"@type":"ListItem","position":1,"name":"Home","item":"https:\/\/www.newyorkhipknee.com\/fr\/"},{"@type":"ListItem","position":2,"name":"Remplacement total de la hanche","item":"https:\/\/www.newyorkhipknee.com\/fr\/remplacement-total-de-la-hanche\/"},{"@type":"ListItem","position":3,"name":"Proth\u00e8se de hanche assist\u00e9e par robot MAKOplasty"}]},{"@type":"WebSite","@id":"https:\/\/www.newyorkhipknee.com\/fr\/#website","url":"https:\/\/www.newyorkhipknee.com\/fr\/","name":"Best Hip & Knee Surgeon | NY, USA","description":"","potentialAction":[{"@type":"SearchAction","target":{"@type":"EntryPoint","urlTemplate":"https:\/\/www.newyorkhipknee.com\/fr\/?s={search_term_string}"},"query-input":{"@type":"PropertyValueSpecification","valueRequired":true,"valueName":"search_term_string"}}],"inLanguage":"fr-FR"}]}},"_links":{"self":[{"href":"https:\/\/www.newyorkhipknee.com\/fr\/wp-json\/wp\/v2\/pages\/17772","targetHints":{"allow":["GET"]}}],"collection":[{"href":"https:\/\/www.newyorkhipknee.com\/fr\/wp-json\/wp\/v2\/pages"}],"about":[{"href":"https:\/\/www.newyorkhipknee.com\/fr\/wp-json\/wp\/v2\/types\/page"}],"author":[{"embeddable":true,"href":"https:\/\/www.newyorkhipknee.com\/fr\/wp-json\/wp\/v2\/users\/7"}],"replies":[{"embeddable":true,"href":"https:\/\/www.newyorkhipknee.com\/fr\/wp-json\/wp\/v2\/comments?post=17772"}],"version-history":[{"count":0,"href":"https:\/\/www.newyorkhipknee.com\/fr\/wp-json\/wp\/v2\/pages\/17772\/revisions"}],"up":[{"embeddable":true,"href":"https:\/\/www.newyorkhipknee.com\/fr\/wp-json\/wp\/v2\/pages\/17744"}],"wp:attachment":[{"href":"https:\/\/www.newyorkhipknee.com\/fr\/wp-json\/wp\/v2\/media?parent=17772"}],"curies":[{"name":"wp","href":"https:\/\/api.w.org\/{rel}","templated":true}]}}